{"id":2186,"date":"2024-10-15T22:17:01","date_gmt":"2024-10-15T15:17:01","guid":{"rendered":"https:\/\/omanivietnam.com\/?post_type=product&#038;p=2186"},"modified":"2024-10-15T22:22:24","modified_gmt":"2024-10-15T15:22:24","slug":"a-ryung-amgp-01sf","status":"publish","type":"product","link":"https:\/\/omanivietnam.com\/index.php\/san-pham\/a-ryung-amgp-01sf\/","title":{"rendered":"A-RYUNG AMGP-01SF"},"content":{"rendered":"<p>A-RYUNG AMGP-01SF AC200\/220V<\/p>\n<p>A-RYUNG AMGP-01S AC200\/220V<\/p>\n<div class=\"nmkjtqt mgz-element mgz-child mgz-element-text\">\n<div class=\"mgz-element-inner nmkjtqt-s\">\n<p><strong>Product Description<\/strong><\/p>\n<\/div>\n<\/div>\n<div class=\"svkelra mgz-element mgz-element-row full_width_row\">\n<div class=\"mgz-element-inner svkelra-s\">\n<div class=\"inner-content mgz-container\">\n<div class=\"rm1ra0u mgz-element mgz-element-column mgz-col-md-12\">\n<div class=\"mgz-element-inner rm1ra0u-s\">\n<div class=\"wb3wby8 mgz-element mgz-element-row full_width_row\">\n<div class=\"mgz-element-inner wb3wby8-s\">\n<div class=\"inner-content mgz-container\">\n<div class=\"ifdgsgp mgz-element mgz-element-column mgz-col-md-12\">\n<div class=\"mgz-element-inner ifdgsgp-s\">\n<div class=\"mo8mjrm mgz-element mgz-child mgz-element-text\">\n<div class=\"mgz-element-inner mo8mjrm-s\">\n<p>\u2022 The Lubrication Pump AMGP-01AFS is an intermittent pump containing a digital timer inside to control the discharge volume.<\/p>\n<p>There are two types, one is for use with resistive distributors (DB type), the other is for use with measuring distributors (ARD-340, 350, PVO type).<\/p>\n<p>\u2022 The digital controller in the pump is to check the pump operation with indication of letters and numbers on the controller.<\/p>\n<p>\u2022 It is easy to program the pump with precise interval and discharge times.<\/p>\n<p>\u2022 This pump has a terminal box to alarm if there is an oil shortage. (Option)<\/p>\n<p>\u2022 A feed button switch installed inside of pump makes it is easy to remove air and to manually operate the pump if needed.<\/p>\n<p>\u2022 This pump is mainly used for machine tools, printing, foods, fabrics, injection machines and various industrial machines.<\/p>\n<\/div>\n<p><strong>Product Specifications<\/strong><\/p>\n<table class=\"table table-bordered\" border=\"1\">\n<thead>\n<tr>\n<th colspan=\"2\"><strong>Specifications<\/strong><\/th>\n<\/tr>\n<\/thead>\n<tbody>\n<tr>\n<td>Discharge Volume<\/td>\n<td>100 cc\/min<\/td>\n<\/tr>\n<tr>\n<td>Working Pressure<\/td>\n<td>0.8 Mpa<\/td>\n<\/tr>\n<tr>\n<td>Pressure Range<\/td>\n<td>0,2~1.7 Mpa<\/td>\n<\/tr>\n<tr>\n<td>Reservoir Capacity<\/td>\n<td>1.8 L<\/td>\n<\/tr>\n<tr>\n<td>Viscosity<\/td>\n<td>30~5,000 cSt<\/td>\n<\/tr>\n<tr>\n<td>Outlet<\/td>\n<td>1\/8&#8243; (\u00d84) PT<\/td>\n<\/tr>\n<tr>\n<td>Net Weight<\/td>\n<td>2.8 kg<\/td>\n<\/tr>\n<tr>\n<td>Motor Output<\/td>\n<td>15 W<\/td>\n<\/tr>\n<tr>\n<td>Phase Poles<\/td>\n<td>1\u00d8\/2P<\/td>\n<\/tr>\n<tr>\n<td>Frequency<\/td>\n<td>50\/60 Hz<\/td>\n<\/tr>\n<tr>\n<td>Rated Voltage<\/td>\n<td>220 V<\/td>\n<\/tr>\n<tr>\n<td>Current<\/td>\n<td>1.2\/0.6 A<\/td>\n<\/tr>\n<\/tbody>\n<\/table>\n<\/div>\n<\/div>\n<\/div>\n<\/div>\n<\/div>\n<\/div>\n<\/div>\n<\/div>\n<\/div>\n<\/div>\n<\/div>\n<p><em>Sau \u0111\u00e2y l\u00e0 list s\u1ea3n ph\u1ea9m :<\/em><\/p>\n<p><b>M\u00e3 s\u1ea3n ph\u1ea9m:\u00a0<\/b>AMGP-013, AMGP-025NS, AMGP-025N-ST, AMGP-200NS-T03, AMGP-015F<\/p>\n<table>\n<tbody>\n<tr>\n<td>AMGP-01A<\/td>\n<td>AMGP-01N-T06<\/td>\n<\/tr>\n<tr>\n<td>AMGP-01AF<\/td>\n<td>AMGP-01N-T12<\/td>\n<\/tr>\n<tr>\n<td>AMGP-01AF-T<\/td>\n<td>AMGP-01N-T20<\/td>\n<\/tr>\n<tr>\n<td>AMGP-01AF-T03<\/td>\n<td>AMGP-02N-T03<\/td>\n<\/tr>\n<tr>\n<td>AMGP-01AF-T03-T<\/td>\n<td>AMGP-02N-T06<\/td>\n<\/tr>\n<tr>\n<td>AMGP-01S<\/td>\n<td>AMGP-02N-T12<\/td>\n<\/tr>\n<tr>\n<td>AMGP-01SF<\/td>\n<td>AMGP-02N-T20<\/td>\n<\/tr>\n<tr>\n<td>AMGP-013<\/td>\n<td>AMGP-03-T03<\/td>\n<\/tr>\n<tr>\n<td>AMGP-013F<\/td>\n<td>AMGP-03-T06<\/td>\n<\/tr>\n<tr>\n<td>AMGP-015<\/td>\n<td>AMGP-03-T12<\/td>\n<\/tr>\n<tr>\n<td>AMGP-015F<\/td>\n<td>AMGP-03-T20<\/td>\n<\/tr>\n<tr>\n<td>AMGP-025N<\/td>\n<td>AMGP-05-T03<\/td>\n<\/tr>\n<tr>\n<td>AMGP-025N-ST<\/td>\n<td>AMGP-05-T06<\/td>\n<\/tr>\n<tr>\n<td>AMGP-01NS<\/td>\n<td>AMGP-05-T12<\/td>\n<\/tr>\n<tr>\n<td>AMGP-015NS<\/td>\n<td>AMGP-05-T20<\/td>\n<\/tr>\n<tr>\n<td>AMGP-01NS-T03<\/td>\n<td>AMGP-03C-T06<\/td>\n<\/tr>\n<tr>\n<td>AMGP-025NS<\/td>\n<td>AMGP-03C-T12<\/td>\n<\/tr>\n<tr>\n<td>AMGP-200NS-T03<\/td>\n<td>AMGP-03C-T20<\/td>\n<\/tr>\n<tr>\n<td>AMGP-200NS-T06<\/td>\n<td>AMGP-05C-T06<\/td>\n<\/tr>\n<tr>\n<td>AMGP-01N-T03<\/td>\n<td>AMGP-05C-T12<\/td>\n<\/tr>\n<tr>\n<td>ALP-8LF<\/td>\n<td>AMGP-05C-T20<\/td>\n<\/tr>\n<tr>\n<td>ALP-7LF<\/td>\n<td>AR-B1<\/td>\n<\/tr>\n<tr>\n<td>DB-3M<\/td>\n<td>AR-B2<\/td>\n<\/tr>\n<tr>\n<td>DB-4M<\/td>\n<td>AR-B3<\/td>\n<\/tr>\n<tr>\n<td>DB-5M<\/td>\n<td>AR-B4<\/td>\n<\/tr>\n<tr>\n<td>DB-6M<\/td>\n<td>AR-B5<\/td>\n<\/tr>\n<tr>\n<td>DB-7M<\/td>\n<td>AR-B6<\/td>\n<\/tr>\n<tr>\n<td>DB-8M<\/td>\n<td>AR-B7<\/td>\n<\/tr>\n<tr>\n<td>DB-10M<\/td>\n<td>AR-B8<\/td>\n<\/tr>\n<tr>\n<td>DB-3PT<\/td>\n<td>AR-B9<\/td>\n<\/tr>\n<tr>\n<td>DB-4PT<\/td>\n<td>AR-B10<\/td>\n<\/tr>\n<tr>\n<td>DB-5PT<\/td>\n<td>ARD-342<\/td>\n<\/tr>\n<tr>\n<td>DB-6PT<\/td>\n<td>ARD-343<\/td>\n<\/tr>\n<tr>\n<td>DB-7PT<\/td>\n<td>ARD-345<\/td>\n<\/tr>\n<tr>\n<td>DB-8PT<\/td>\n<td>ARD-352<\/td>\n<\/tr>\n<tr>\n<td>PVO-3<\/td>\n<td>ARD-353<\/td>\n<\/tr>\n<tr>\n<td>PVO-5<\/td>\n<td>ARD-355<\/td>\n<\/tr>\n<tr>\n<td>PVO-10<\/td>\n<td>AJB-03<\/td>\n<\/tr>\n<tr>\n<td>PVO-20<\/td>\n<td>AJB-02<\/td>\n<\/tr>\n<tr>\n<td>PVO-30<\/td>\n<td>AJB-0<\/td>\n<\/tr>\n<tr>\n<td>PVO-40<\/td>\n<td>AJB-1<\/td>\n<\/tr>\n<tr>\n<td>PVO-50<\/td>\n<td>AJB-2<\/td>\n<\/tr>\n<tr>\n<td>AOML-3000<\/td>\n<td>AJB-3<\/td>\n<\/tr>\n<tr>\n<td>AOML-3000C<\/td>\n<td>AJB-4<\/td>\n<\/tr>\n<tr>\n<td>AOL 4<\/td>\n<td>AJB-5<\/td>\n<\/tr>\n<tr>\n<td>ARD-442<\/td>\n<td>AJB-ASA-03<\/td>\n<\/tr>\n<tr>\n<td>ARD-443<\/td>\n<td>AJB-ASA-02<\/td>\n<\/tr>\n<tr>\n<td>ARD-444<\/td>\n<td>AJB-ASA-0<\/td>\n<\/tr>\n<tr>\n<td>ARD-445<\/td>\n<td>AJB-ASA-1<\/td>\n<\/tr>\n<tr>\n<td>ARD-446<\/td>\n<td>AJB-ASA-2<\/td>\n<\/tr>\n<tr>\n<td>AGP-15M<\/td>\n<td>AJB-ASA-3<\/td>\n<\/tr>\n<tr>\n<td>AGP-15C<\/td>\n<td>AJB-ASA-4<\/td>\n<\/tr>\n<tr>\n<td>AGP-15M-CT<\/td>\n<td>AJB-ASA-5<\/td>\n<\/tr>\n<tr>\n<td>AGP-15C-CT<\/td>\n<td>AHGP-700<\/td>\n<\/tr>\n<tr>\n<td>AGP-720<\/td>\n<td>AGP-720F<\/td>\n<\/tr>\n<tr>\n<td>AGP-720F<\/td>\n<td>AGP-720-CT<\/td>\n<\/tr>\n<\/tbody>\n<\/table>\n<p><strong>C\u00f4ng ty Omani<\/strong>\u00a0l\u00e0 nh\u00e0 ph\u00e2n ph\u1ed1i c\u1ee7a h\u00e3ng &#8211; A-RYUNG MACHINERY c\u1ee7a H\u00e0n Qu\u1ed1c v\u1edbi m\u1ee9c gi\u00e1 t\u1ed1t nh\u1ea5t t\u1ea1i th\u1ecb tr\u01b0\u1eddng Vi\u1ec7t Nam cho nh\u1eefng d\u00f2ng s\u1ea3n ph\u1ea9m : Oil Lubrication Pump<\/p>\n<p>\u0110\u1ea1i l\u00fd A-RYUNG vietnam, A-RYUNG viet nam, A-RYUNG vietnam distributor, Ph\u00e2n ph\u1ed1i A-RYUNG t\u1ea1i vi\u1ec7t nam<\/p>\n<p>\u0110\u1ea1i l\u00fd A-RYUNG vietnam, A-RYUNG viet nam, A-RYUNG vietnam distributor, Ph\u00e2n ph\u1ed1i A-RYUNG t\u1ea1i vi\u1ec7t nam<\/p>\n<p>\u0110\u1ea1i l\u00fd A-RYUNG vietnam, A-RYUNG viet nam, A-RYUNG vietnam distributor, Ph\u00e2n ph\u1ed1i A-RYUNG t\u1ea1i vi\u1ec7t nam<\/p>\n<p>\u0110\u1ea1i l\u00fd A-RYUNG vietnam, A-RYUNG viet nam, A-RYUNG vietnam distributor, Ph\u00e2n ph\u1ed1i A-RYUNG t\u1ea1i vi\u1ec7t nam<\/p>\n<p>\u0110\u1ea1i l\u00fd A-RYUNG vietnam, A-RYUNG viet nam, A-RYUNG vietnam distributor, Ph\u00e2n ph\u1ed1i A-RYUNG t\u1ea1i vi\u1ec7t nam<\/p>\n","protected":false},"excerpt":{"rendered":"<p>A-RYUNG AMGP-01SF AC200\/220V A-RYUNG AMGP-01S AC200\/220V Product Description \u2022 The Lubrication Pump AMGP-01AFS is an intermittent pump containing a digital timer inside to control the discharge volume. There are two types, one is for use with resistive distributors (DB type), the other is for use with measuring distributors (ARD-340, 350,&hellip; <\/p>\n","protected":false},"featured_media":2187,"comment_status":"open","ping_status":"closed","template":"","meta":[],"product_cat":[529],"product_tag":[530,533,531,532],"class_list":{"0":"post-2186","1":"product","2":"type-product","3":"status-publish","4":"has-post-thumbnail","6":"product_cat-a-ryung","7":"product_tag-a-ryung-viet-nam","8":"product_tag-bom","9":"product_tag-dai-ly-a-ryung-viet-nam","10":"product_tag-oil-lubrication-pump","12":"first","13":"instock","14":"shipping-taxable","15":"product-type-simple"},"yoast_head":"<!-- This site is optimized with the Yoast SEO plugin v22.8 - https:\/\/yoast.com\/wordpress\/plugins\/seo\/ -->\n<title>A-RYUNG AMGP-01SF - OMANI VI\u1ec6T NAM<\/title>\n<meta name=\"robots\" content=\"index, follow, max-snippet:-1, max-image-preview:large, max-video-preview:-1\" \/>\n<link rel=\"canonical\" href=\"https:\/\/omanivietnam.com\/index.php\/san-pham\/a-ryung-amgp-01sf\/\" \/>\n<meta property=\"og:locale\" content=\"vi_VN\" \/>\n<meta property=\"og:type\" content=\"article\" \/>\n<meta property=\"og:title\" content=\"A-RYUNG AMGP-01SF - OMANI VI\u1ec6T NAM\" \/>\n<meta property=\"og:description\" content=\"A-RYUNG AMGP-01SF AC200\/220V A-RYUNG AMGP-01S AC200\/220V Product Description \u2022 The Lubrication Pump AMGP-01AFS is an intermittent pump containing a digital timer inside to control the discharge volume. There are two types, one is for use with resistive distributors (DB type), the other is for use with measuring distributors (ARD-340, 350,&hellip;\" \/>\n<meta property=\"og:url\" content=\"https:\/\/omanivietnam.com\/index.php\/san-pham\/a-ryung-amgp-01sf\/\" \/>\n<meta property=\"og:site_name\" content=\"OMANI VI\u1ec6T NAM\" \/>\n<meta property=\"article:modified_time\" content=\"2024-10-15T15:22:24+00:00\" \/>\n<meta property=\"og:image\" content=\"https:\/\/omanivietnam.com\/wp-content\/uploads\/2024\/10\/AMGP-01SF.png\" \/>\n\t<meta property=\"og:image:width\" content=\"787\" \/>\n\t<meta property=\"og:image:height\" content=\"797\" \/>\n\t<meta property=\"og:image:type\" content=\"image\/png\" \/>\n<meta name=\"twitter:card\" content=\"summary_large_image\" \/>\n<meta name=\"twitter:label1\" content=\"\u01af\u1edbc t\u00ednh th\u1eddi gian \u0111\u1ecdc\" \/>\n\t<meta name=\"twitter:data1\" content=\"3 ph\u00fat\" \/>\n<script type=\"application\/ld+json\" class=\"yoast-schema-graph\">{\"@context\":\"https:\/\/schema.org\",\"@graph\":[{\"@type\":\"WebPage\",\"@id\":\"https:\/\/omanivietnam.com\/index.php\/san-pham\/a-ryung-amgp-01sf\/\",\"url\":\"https:\/\/omanivietnam.com\/index.php\/san-pham\/a-ryung-amgp-01sf\/\",\"name\":\"A-RYUNG AMGP-01SF - OMANI VI\u1ec6T NAM\",\"isPartOf\":{\"@id\":\"https:\/\/omanivietnam.com\/#website\"},\"primaryImageOfPage\":{\"@id\":\"https:\/\/omanivietnam.com\/index.php\/san-pham\/a-ryung-amgp-01sf\/#primaryimage\"},\"image\":{\"@id\":\"https:\/\/omanivietnam.com\/index.php\/san-pham\/a-ryung-amgp-01sf\/#primaryimage\"},\"thumbnailUrl\":\"https:\/\/omanivietnam.com\/wp-content\/uploads\/2024\/10\/AMGP-01SF.png\",\"datePublished\":\"2024-10-15T15:17:01+00:00\",\"dateModified\":\"2024-10-15T15:22:24+00:00\",\"breadcrumb\":{\"@id\":\"https:\/\/omanivietnam.com\/index.php\/san-pham\/a-ryung-amgp-01sf\/#breadcrumb\"},\"inLanguage\":\"vi\",\"potentialAction\":[{\"@type\":\"ReadAction\",\"target\":[\"https:\/\/omanivietnam.com\/index.php\/san-pham\/a-ryung-amgp-01sf\/\"]}]},{\"@type\":\"ImageObject\",\"inLanguage\":\"vi\",\"@id\":\"https:\/\/omanivietnam.com\/index.php\/san-pham\/a-ryung-amgp-01sf\/#primaryimage\",\"url\":\"https:\/\/omanivietnam.com\/wp-content\/uploads\/2024\/10\/AMGP-01SF.png\",\"contentUrl\":\"https:\/\/omanivietnam.com\/wp-content\/uploads\/2024\/10\/AMGP-01SF.png\",\"width\":787,\"height\":797},{\"@type\":\"BreadcrumbList\",\"@id\":\"https:\/\/omanivietnam.com\/index.php\/san-pham\/a-ryung-amgp-01sf\/#breadcrumb\",\"itemListElement\":[{\"@type\":\"ListItem\",\"position\":1,\"name\":\"Home\",\"item\":\"https:\/\/omanivietnam.com\/\"},{\"@type\":\"ListItem\",\"position\":2,\"name\":\"S\u1ea2N PH\u1ea8M\",\"item\":\"https:\/\/omanivietnam.com\/index.php\/cua-hang\/\"},{\"@type\":\"ListItem\",\"position\":3,\"name\":\"A-RYUNG AMGP-01SF\"}]},{\"@type\":\"WebSite\",\"@id\":\"https:\/\/omanivietnam.com\/#website\",\"url\":\"https:\/\/omanivietnam.com\/\",\"name\":\"OMANI VI\u1ec6T NAM\",\"description\":\"Nh\u00e0 ph\u00e2n ph\u1ed1i thi\u1ebft b\u1ecb kh\u00ed n\u00e9n v\u00e0 thi\u1ebft b\u1ecb t\u1ef1 \u0111\u1ed9ng h\u00f3a trong c\u00f4ng nghi\u1ec7p\",\"publisher\":{\"@id\":\"https:\/\/omanivietnam.com\/#\/schema\/person\/0ad398a980dc3fd696111c2c5c8fa897\"},\"potentialAction\":[{\"@type\":\"SearchAction\",\"target\":{\"@type\":\"EntryPoint\",\"urlTemplate\":\"https:\/\/omanivietnam.com\/?s={search_term_string}\"},\"query-input\":\"required name=search_term_string\"}],\"inLanguage\":\"vi\"},{\"@type\":[\"Person\",\"Organization\"],\"@id\":\"https:\/\/omanivietnam.com\/#\/schema\/person\/0ad398a980dc3fd696111c2c5c8fa897\",\"name\":\"Nguy\u1ec5n V\u0103n Kh\u00e1nh\",\"image\":{\"@type\":\"ImageObject\",\"inLanguage\":\"vi\",\"@id\":\"https:\/\/omanivietnam.com\/#\/schema\/person\/image\/\",\"url\":\"https:\/\/omanivietnam.com\/wp-content\/uploads\/2024\/06\/logo-1024x1024.png\",\"contentUrl\":\"https:\/\/omanivietnam.com\/wp-content\/uploads\/2024\/06\/logo-1024x1024.png\",\"width\":1024,\"height\":1024,\"caption\":\"Nguy\u1ec5n V\u0103n Kh\u00e1nh\"},\"logo\":{\"@id\":\"https:\/\/omanivietnam.com\/#\/schema\/person\/image\/\"},\"sameAs\":[\"https:\/\/omanivietnam.com\"]}]}<\/script>\n<!-- \/ Yoast SEO plugin. -->","yoast_head_json":{"title":"A-RYUNG AMGP-01SF - OMANI VI\u1ec6T NAM","robots":{"index":"index","follow":"follow","max-snippet":"max-snippet:-1","max-image-preview":"max-image-preview:large","max-video-preview":"max-video-preview:-1"},"canonical":"https:\/\/omanivietnam.com\/index.php\/san-pham\/a-ryung-amgp-01sf\/","og_locale":"vi_VN","og_type":"article","og_title":"A-RYUNG AMGP-01SF - OMANI VI\u1ec6T NAM","og_description":"A-RYUNG AMGP-01SF AC200\/220V A-RYUNG AMGP-01S AC200\/220V Product Description \u2022 The Lubrication Pump AMGP-01AFS is an intermittent pump containing a digital timer inside to control the discharge volume. There are two types, one is for use with resistive distributors (DB type), the other is for use with measuring distributors (ARD-340, 350,&hellip;","og_url":"https:\/\/omanivietnam.com\/index.php\/san-pham\/a-ryung-amgp-01sf\/","og_site_name":"OMANI VI\u1ec6T NAM","article_modified_time":"2024-10-15T15:22:24+00:00","og_image":[{"width":787,"height":797,"url":"https:\/\/omanivietnam.com\/wp-content\/uploads\/2024\/10\/AMGP-01SF.png","type":"image\/png"}],"twitter_card":"summary_large_image","twitter_misc":{"\u01af\u1edbc t\u00ednh th\u1eddi gian \u0111\u1ecdc":"3 ph\u00fat"},"schema":{"@context":"https:\/\/schema.org","@graph":[{"@type":"WebPage","@id":"https:\/\/omanivietnam.com\/index.php\/san-pham\/a-ryung-amgp-01sf\/","url":"https:\/\/omanivietnam.com\/index.php\/san-pham\/a-ryung-amgp-01sf\/","name":"A-RYUNG AMGP-01SF - OMANI VI\u1ec6T NAM","isPartOf":{"@id":"https:\/\/omanivietnam.com\/#website"},"primaryImageOfPage":{"@id":"https:\/\/omanivietnam.com\/index.php\/san-pham\/a-ryung-amgp-01sf\/#primaryimage"},"image":{"@id":"https:\/\/omanivietnam.com\/index.php\/san-pham\/a-ryung-amgp-01sf\/#primaryimage"},"thumbnailUrl":"https:\/\/omanivietnam.com\/wp-content\/uploads\/2024\/10\/AMGP-01SF.png","datePublished":"2024-10-15T15:17:01+00:00","dateModified":"2024-10-15T15:22:24+00:00","breadcrumb":{"@id":"https:\/\/omanivietnam.com\/index.php\/san-pham\/a-ryung-amgp-01sf\/#breadcrumb"},"inLanguage":"vi","potentialAction":[{"@type":"ReadAction","target":["https:\/\/omanivietnam.com\/index.php\/san-pham\/a-ryung-amgp-01sf\/"]}]},{"@type":"ImageObject","inLanguage":"vi","@id":"https:\/\/omanivietnam.com\/index.php\/san-pham\/a-ryung-amgp-01sf\/#primaryimage","url":"https:\/\/omanivietnam.com\/wp-content\/uploads\/2024\/10\/AMGP-01SF.png","contentUrl":"https:\/\/omanivietnam.com\/wp-content\/uploads\/2024\/10\/AMGP-01SF.png","width":787,"height":797},{"@type":"BreadcrumbList","@id":"https:\/\/omanivietnam.com\/index.php\/san-pham\/a-ryung-amgp-01sf\/#breadcrumb","itemListElement":[{"@type":"ListItem","position":1,"name":"Home","item":"https:\/\/omanivietnam.com\/"},{"@type":"ListItem","position":2,"name":"S\u1ea2N PH\u1ea8M","item":"https:\/\/omanivietnam.com\/index.php\/cua-hang\/"},{"@type":"ListItem","position":3,"name":"A-RYUNG AMGP-01SF"}]},{"@type":"WebSite","@id":"https:\/\/omanivietnam.com\/#website","url":"https:\/\/omanivietnam.com\/","name":"OMANI VI\u1ec6T NAM","description":"Nh\u00e0 ph\u00e2n ph\u1ed1i thi\u1ebft b\u1ecb kh\u00ed n\u00e9n v\u00e0 thi\u1ebft b\u1ecb t\u1ef1 \u0111\u1ed9ng h\u00f3a trong c\u00f4ng nghi\u1ec7p","publisher":{"@id":"https:\/\/omanivietnam.com\/#\/schema\/person\/0ad398a980dc3fd696111c2c5c8fa897"},"potentialAction":[{"@type":"SearchAction","target":{"@type":"EntryPoint","urlTemplate":"https:\/\/omanivietnam.com\/?s={search_term_string}"},"query-input":"required name=search_term_string"}],"inLanguage":"vi"},{"@type":["Person","Organization"],"@id":"https:\/\/omanivietnam.com\/#\/schema\/person\/0ad398a980dc3fd696111c2c5c8fa897","name":"Nguy\u1ec5n V\u0103n Kh\u00e1nh","image":{"@type":"ImageObject","inLanguage":"vi","@id":"https:\/\/omanivietnam.com\/#\/schema\/person\/image\/","url":"https:\/\/omanivietnam.com\/wp-content\/uploads\/2024\/06\/logo-1024x1024.png","contentUrl":"https:\/\/omanivietnam.com\/wp-content\/uploads\/2024\/06\/logo-1024x1024.png","width":1024,"height":1024,"caption":"Nguy\u1ec5n V\u0103n Kh\u00e1nh"},"logo":{"@id":"https:\/\/omanivietnam.com\/#\/schema\/person\/image\/"},"sameAs":["https:\/\/omanivietnam.com"]}]}},"_links":{"self":[{"href":"https:\/\/omanivietnam.com\/index.php\/wp-json\/wp\/v2\/product\/2186","targetHints":{"allow":["GET"]}}],"collection":[{"href":"https:\/\/omanivietnam.com\/index.php\/wp-json\/wp\/v2\/product"}],"about":[{"href":"https:\/\/omanivietnam.com\/index.php\/wp-json\/wp\/v2\/types\/product"}],"replies":[{"embeddable":true,"href":"https:\/\/omanivietnam.com\/index.php\/wp-json\/wp\/v2\/comments?post=2186"}],"wp:featuredmedia":[{"embeddable":true,"href":"https:\/\/omanivietnam.com\/index.php\/wp-json\/wp\/v2\/media\/2187"}],"wp:attachment":[{"href":"https:\/\/omanivietnam.com\/index.php\/wp-json\/wp\/v2\/media?parent=2186"}],"wp:term":[{"taxonomy":"product_cat","embeddable":true,"href":"https:\/\/omanivietnam.com\/index.php\/wp-json\/wp\/v2\/product_cat?post=2186"},{"taxonomy":"product_tag","embeddable":true,"href":"https:\/\/omanivietnam.com\/index.php\/wp-json\/wp\/v2\/product_tag?post=2186"}],"curies":[{"name":"wp","href":"https:\/\/api.w.org\/{rel}","templated":true}]}}