{"id":2194,"date":"2024-10-16T21:29:37","date_gmt":"2024-10-16T14:29:37","guid":{"rendered":"https:\/\/omanivietnam.com\/?post_type=product&#038;p=2194"},"modified":"2024-10-16T21:29:37","modified_gmt":"2024-10-16T14:29:37","slug":"allen-bradley-1606-xle240e","status":"publish","type":"product","link":"https:\/\/omanivietnam.com\/index.php\/san-pham\/allen-bradley-1606-xle240e\/","title":{"rendered":"ALLEN BRADLEY 1606-XLE240E"},"content":{"rendered":"<p>ALLEN BRADLEY 1606-XLE240E<\/p>\n<p>B\u1ed9 c\u1ea5p ngu\u1ed3n 240W, model 1606-XLE240E<\/p>\n<table class=\"table\">\n<tbody>\n<tr>\n<td><\/td>\n<td><strong>Allen Bradley<\/strong><\/td>\n<td><strong>1606XLE240E<\/strong><\/td>\n<\/tr>\n<tr>\n<td><em>Product type\u00a0<\/em><strong>Essential Power Supply<\/strong><\/td>\n<td><em>Series\u00a0<\/em><strong>1606XLE<\/strong><\/td>\n<td><em>Input voltage\u00a0<\/em><strong>120 V ac;240 V ac<\/strong><\/td>\n<\/tr>\n<tr>\n<td><em>Output voltage\u00a0<\/em><strong>24 to 28 V dc<\/strong><\/td>\n<td><em>Output current\u00a0<\/em><strong>10 A<\/strong><\/td>\n<td><em>Output power\u00a0<\/em><strong>240 W<\/strong><\/td>\n<\/tr>\n<tr>\n<td><em>Frequency rating\u00a0<\/em><strong>47 to 63 Hz<\/strong><\/td>\n<td><em>Minimum operating temperature\u00a0<\/em><strong>-25 \u00b0C<\/strong><\/td>\n<td><em>Maximum operating temperature\u00a0<\/em><strong>70 \u00b0C<\/strong><\/td>\n<\/tr>\n<tr>\n<td><em>Mounting type\u00a0<\/em><strong>DIN Rail Mount<\/strong><\/td>\n<td><em>Length\u00a0<\/em><strong>117 mm<\/strong><\/td>\n<td><em>Width\u00a0<\/em><strong>60 mm<\/strong><\/td>\n<\/tr>\n<tr>\n<td><em>Depth\u00a0<\/em><strong>124 mm<\/strong><\/td>\n<td><em>Weight\u00a0<\/em><strong>700 g<\/strong><\/td>\n<\/tr>\n<\/tbody>\n<\/table>\n<p><strong>B\u1ed9 ngu\u1ed3n Allen Bradley 1606-XLE120E 1606-XLE240E 1606-XLE480EP<\/strong><\/p>\n<p><strong>M\u1ed9t s\u1ed1 model s\u1ea3n ph\u1ea9m kh\u00e1c :<\/strong><\/p>\n<ul>\n<li class=\"tb-txt\" data-value=\"1627207:279782478\"><a>1606-XLS240E,<\/a><\/li>\n<li class=\"tb-txt\" data-value=\"1627207:1825448176\"><a>1606-XLS240E-D,<\/a><\/li>\n<li class=\"tb-txt\" data-value=\"1627207:784960905\"><a>1606-XLS240EA,<\/a><\/li>\n<li class=\"tb-txt\" data-value=\"1627207:601464523\"><a>1606-XLS240EC,<\/a><\/li>\n<li class=\"tb-txt\" data-value=\"1627207:785002527\"><a>1606-XL240E-3C,<\/a><\/li>\n<li class=\"tb-txt\" data-value=\"1627207:279790528\"><a>1606-XLE240E,<\/a><\/li>\n<li class=\"tb-txt\" data-value=\"1627207:601464529\"><a>1606-XLE240E-3,<\/a><\/li>\n<li class=\"tb-txt\" data-value=\"1627207:445880817\"><a>1606-XLE240EE,<\/a><\/li>\n<li class=\"tb-txt\" data-value=\"1627207:98277187\"><a>1606-XLE240EN,<\/a><\/li>\n<li class=\"tb-txt\" data-value=\"1627207:476626156\"><a>1606-XLE240EP,<\/a><\/li>\n<li class=\"tb-txt\" data-value=\"1627207:915657697\"><a>1606-XLB240E,<\/a><\/li>\n<li data-value=\"1627207:915657697\">\n<p class=\"ItemHeader--mainTitle--3CIjqW5\" data-spm-anchor-id=\"pc_detail.27183998\/evo365560b447259evo385485b518001.202204.i0.597a7dd6yWRgip\">1606-XLS240E,<\/p>\n<\/li>\n<li data-value=\"1627207:915657697\">\n<p class=\"ItemHeader--mainTitle--3CIjqW5\" data-spm-anchor-id=\"pc_detail.27183998\/evo365560b447259evo385485b518001.202204.i0.597a7dd6yWRgip\">SLS480E,<\/p>\n<\/li>\n<li data-value=\"1627207:915657697\">\n<p class=\"ItemHeader--mainTitle--3CIjqW5\" data-spm-anchor-id=\"pc_detail.27183998\/evo365560b447259evo385485b518001.202204.i0.597a7dd6yWRgip\">SLS480EE,<\/p>\n<\/li>\n<li data-value=\"1627207:915657697\">\n<p class=\"ItemHeader--mainTitle--3CIjqW5\" data-spm-anchor-id=\"pc_detail.27183998\/evo365560b447259evo385485b518001.202204.i0.597a7dd6yWRgip\">XLS80E,<\/p>\n<\/li>\n<li data-value=\"1627207:915657697\">\n<p class=\"ItemHeader--mainTitle--3CIjqW5\" data-spm-anchor-id=\"pc_detail.27183998\/evo365560b447259evo385485b518001.202204.i0.597a7dd6yWRgip\">XLE240EP,<\/p>\n<\/li>\n<li data-value=\"1627207:915657697\">\n<p class=\"ItemHeader--mainTitle--3CIjqW5\" data-spm-anchor-id=\"pc_detail.27183998\/evo365560b447259evo385485b518001.202204.i0.597a7dd6yWRgip\">XLB480E,<\/p>\n<\/li>\n<li data-value=\"1627207:915657697\">\n<p class=\"ItemHeader--mainTitle--3CIjqW5\" data-spm-anchor-id=\"pc_detail.27183998\/evo365560b447259evo385485b518001.202204.i0.597a7dd6yWRgip\">XL,<\/p>\n<\/li>\n<li class=\"tb-txt\" data-value=\"1627207:13516248279\"><a>1606-XLB120E\/5 A 24 VDC,<\/a><\/li>\n<li class=\"tb-txt\" data-value=\"1627207:13516248280\"><a>1606-XLB240E \/10 A 24 VDC,<\/a><\/li>\n<li class=\"tb-txt\" data-value=\"1627207:13516248281\"><a>1606-XLE80E \/3.3 A 24 VDC,<\/a><\/li>\n<li class=\"tb-txt\" data-value=\"1627207:13516248282\"><a>1606-XLE120E\/5 A 24 VDC,<\/a><\/li>\n<li class=\"tb-txt\" data-value=\"1627207:13516248283\"><a>1606-XLE240E \/5 A 24 VDC,<\/a><\/li>\n<li class=\"tb-txt\" data-value=\"1627207:13516248284\"><a>1606-XLE240EE \/10 A 24 VDC,<\/a><\/li>\n<li class=\"tb-txt\" data-value=\"1627207:13516248286\"><a>1606-XLP15A \/10 A 24 VDC,<\/a><\/li>\n<\/ul>\n","protected":false},"excerpt":{"rendered":"<p>ALLEN BRADLEY 1606-XLE240E B\u1ed9 c\u1ea5p ngu\u1ed3n 240W, model 1606-XLE240E Allen Bradley 1606XLE240E Product type\u00a0Essential Power Supply Series\u00a01606XLE Input voltage\u00a0120 V ac;240 V ac Output voltage\u00a024 to 28 V dc Output current\u00a010 A Output power\u00a0240 W Frequency rating\u00a047 to 63 Hz Minimum operating temperature\u00a0-25 \u00b0C Maximum operating temperature\u00a070 \u00b0C Mounting type\u00a0DIN&hellip; <\/p>\n","protected":false},"featured_media":2195,"comment_status":"open","ping_status":"closed","template":"","meta":[],"product_cat":[295],"product_tag":[178,221,179],"class_list":{"0":"post-2194","1":"product","2":"type-product","3":"status-publish","4":"has-post-thumbnail","6":"product_cat-allen-bradley","7":"product_tag-allen-bradley-viet-nam","8":"product_tag-bo-nguon","9":"product_tag-dai-ly-allen-bradley-viet-nam","11":"first","12":"instock","13":"shipping-taxable","14":"product-type-simple"},"yoast_head":"<!-- This site is optimized with the Yoast SEO plugin v22.8 - https:\/\/yoast.com\/wordpress\/plugins\/seo\/ -->\n<title>ALLEN BRADLEY 1606-XLE240E - OMANI VI\u1ec6T NAM<\/title>\n<meta name=\"robots\" content=\"index, follow, max-snippet:-1, max-image-preview:large, max-video-preview:-1\" \/>\n<link rel=\"canonical\" href=\"https:\/\/omanivietnam.com\/index.php\/san-pham\/allen-bradley-1606-xle240e\/\" \/>\n<meta property=\"og:locale\" content=\"vi_VN\" \/>\n<meta property=\"og:type\" content=\"article\" \/>\n<meta property=\"og:title\" content=\"ALLEN BRADLEY 1606-XLE240E - OMANI VI\u1ec6T NAM\" \/>\n<meta property=\"og:description\" content=\"ALLEN BRADLEY 1606-XLE240E B\u1ed9 c\u1ea5p ngu\u1ed3n 240W, model 1606-XLE240E Allen Bradley 1606XLE240E Product type\u00a0Essential Power Supply Series\u00a01606XLE Input voltage\u00a0120 V ac;240 V ac Output voltage\u00a024 to 28 V dc Output current\u00a010 A Output power\u00a0240 W Frequency rating\u00a047 to 63 Hz Minimum operating temperature\u00a0-25 \u00b0C Maximum operating temperature\u00a070 \u00b0C Mounting type\u00a0DIN&hellip;\" \/>\n<meta property=\"og:url\" content=\"https:\/\/omanivietnam.com\/index.php\/san-pham\/allen-bradley-1606-xle240e\/\" \/>\n<meta property=\"og:site_name\" content=\"OMANI VI\u1ec6T NAM\" \/>\n<meta property=\"og:image\" content=\"https:\/\/omanivietnam.com\/wp-content\/uploads\/2024\/10\/1606-XLE240E.png\" \/>\n\t<meta property=\"og:image:width\" content=\"568\" \/>\n\t<meta property=\"og:image:height\" content=\"804\" \/>\n\t<meta property=\"og:image:type\" content=\"image\/png\" \/>\n<meta name=\"twitter:card\" content=\"summary_large_image\" \/>\n<meta name=\"twitter:label1\" content=\"\u01af\u1edbc t\u00ednh th\u1eddi gian \u0111\u1ecdc\" \/>\n\t<meta name=\"twitter:data1\" content=\"1 ph\u00fat\" \/>\n<script type=\"application\/ld+json\" class=\"yoast-schema-graph\">{\"@context\":\"https:\/\/schema.org\",\"@graph\":[{\"@type\":\"WebPage\",\"@id\":\"https:\/\/omanivietnam.com\/index.php\/san-pham\/allen-bradley-1606-xle240e\/\",\"url\":\"https:\/\/omanivietnam.com\/index.php\/san-pham\/allen-bradley-1606-xle240e\/\",\"name\":\"ALLEN BRADLEY 1606-XLE240E - OMANI VI\u1ec6T NAM\",\"isPartOf\":{\"@id\":\"https:\/\/omanivietnam.com\/#website\"},\"primaryImageOfPage\":{\"@id\":\"https:\/\/omanivietnam.com\/index.php\/san-pham\/allen-bradley-1606-xle240e\/#primaryimage\"},\"image\":{\"@id\":\"https:\/\/omanivietnam.com\/index.php\/san-pham\/allen-bradley-1606-xle240e\/#primaryimage\"},\"thumbnailUrl\":\"https:\/\/omanivietnam.com\/wp-content\/uploads\/2024\/10\/1606-XLE240E.png\",\"datePublished\":\"2024-10-16T14:29:37+00:00\",\"dateModified\":\"2024-10-16T14:29:37+00:00\",\"breadcrumb\":{\"@id\":\"https:\/\/omanivietnam.com\/index.php\/san-pham\/allen-bradley-1606-xle240e\/#breadcrumb\"},\"inLanguage\":\"vi\",\"potentialAction\":[{\"@type\":\"ReadAction\",\"target\":[\"https:\/\/omanivietnam.com\/index.php\/san-pham\/allen-bradley-1606-xle240e\/\"]}]},{\"@type\":\"ImageObject\",\"inLanguage\":\"vi\",\"@id\":\"https:\/\/omanivietnam.com\/index.php\/san-pham\/allen-bradley-1606-xle240e\/#primaryimage\",\"url\":\"https:\/\/omanivietnam.com\/wp-content\/uploads\/2024\/10\/1606-XLE240E.png\",\"contentUrl\":\"https:\/\/omanivietnam.com\/wp-content\/uploads\/2024\/10\/1606-XLE240E.png\",\"width\":568,\"height\":804},{\"@type\":\"BreadcrumbList\",\"@id\":\"https:\/\/omanivietnam.com\/index.php\/san-pham\/allen-bradley-1606-xle240e\/#breadcrumb\",\"itemListElement\":[{\"@type\":\"ListItem\",\"position\":1,\"name\":\"Home\",\"item\":\"https:\/\/omanivietnam.com\/\"},{\"@type\":\"ListItem\",\"position\":2,\"name\":\"S\u1ea2N PH\u1ea8M\",\"item\":\"https:\/\/omanivietnam.com\/index.php\/cua-hang\/\"},{\"@type\":\"ListItem\",\"position\":3,\"name\":\"ALLEN BRADLEY 1606-XLE240E\"}]},{\"@type\":\"WebSite\",\"@id\":\"https:\/\/omanivietnam.com\/#website\",\"url\":\"https:\/\/omanivietnam.com\/\",\"name\":\"OMANI VI\u1ec6T NAM\",\"description\":\"Nh\u00e0 ph\u00e2n ph\u1ed1i thi\u1ebft b\u1ecb kh\u00ed n\u00e9n v\u00e0 thi\u1ebft b\u1ecb t\u1ef1 \u0111\u1ed9ng h\u00f3a trong c\u00f4ng nghi\u1ec7p\",\"publisher\":{\"@id\":\"https:\/\/omanivietnam.com\/#\/schema\/person\/0ad398a980dc3fd696111c2c5c8fa897\"},\"potentialAction\":[{\"@type\":\"SearchAction\",\"target\":{\"@type\":\"EntryPoint\",\"urlTemplate\":\"https:\/\/omanivietnam.com\/?s={search_term_string}\"},\"query-input\":\"required name=search_term_string\"}],\"inLanguage\":\"vi\"},{\"@type\":[\"Person\",\"Organization\"],\"@id\":\"https:\/\/omanivietnam.com\/#\/schema\/person\/0ad398a980dc3fd696111c2c5c8fa897\",\"name\":\"Nguy\u1ec5n V\u0103n Kh\u00e1nh\",\"image\":{\"@type\":\"ImageObject\",\"inLanguage\":\"vi\",\"@id\":\"https:\/\/omanivietnam.com\/#\/schema\/person\/image\/\",\"url\":\"https:\/\/omanivietnam.com\/wp-content\/uploads\/2024\/06\/logo-1024x1024.png\",\"contentUrl\":\"https:\/\/omanivietnam.com\/wp-content\/uploads\/2024\/06\/logo-1024x1024.png\",\"width\":1024,\"height\":1024,\"caption\":\"Nguy\u1ec5n V\u0103n Kh\u00e1nh\"},\"logo\":{\"@id\":\"https:\/\/omanivietnam.com\/#\/schema\/person\/image\/\"},\"sameAs\":[\"https:\/\/omanivietnam.com\"]}]}<\/script>\n<!-- \/ Yoast SEO plugin. -->","yoast_head_json":{"title":"ALLEN BRADLEY 1606-XLE240E - OMANI VI\u1ec6T NAM","robots":{"index":"index","follow":"follow","max-snippet":"max-snippet:-1","max-image-preview":"max-image-preview:large","max-video-preview":"max-video-preview:-1"},"canonical":"https:\/\/omanivietnam.com\/index.php\/san-pham\/allen-bradley-1606-xle240e\/","og_locale":"vi_VN","og_type":"article","og_title":"ALLEN BRADLEY 1606-XLE240E - OMANI VI\u1ec6T NAM","og_description":"ALLEN BRADLEY 1606-XLE240E B\u1ed9 c\u1ea5p ngu\u1ed3n 240W, model 1606-XLE240E Allen Bradley 1606XLE240E Product type\u00a0Essential Power Supply Series\u00a01606XLE Input voltage\u00a0120 V ac;240 V ac Output voltage\u00a024 to 28 V dc Output current\u00a010 A Output power\u00a0240 W Frequency rating\u00a047 to 63 Hz Minimum operating temperature\u00a0-25 \u00b0C Maximum operating temperature\u00a070 \u00b0C Mounting type\u00a0DIN&hellip;","og_url":"https:\/\/omanivietnam.com\/index.php\/san-pham\/allen-bradley-1606-xle240e\/","og_site_name":"OMANI VI\u1ec6T NAM","og_image":[{"width":568,"height":804,"url":"https:\/\/omanivietnam.com\/wp-content\/uploads\/2024\/10\/1606-XLE240E.png","type":"image\/png"}],"twitter_card":"summary_large_image","twitter_misc":{"\u01af\u1edbc t\u00ednh th\u1eddi gian \u0111\u1ecdc":"1 ph\u00fat"},"schema":{"@context":"https:\/\/schema.org","@graph":[{"@type":"WebPage","@id":"https:\/\/omanivietnam.com\/index.php\/san-pham\/allen-bradley-1606-xle240e\/","url":"https:\/\/omanivietnam.com\/index.php\/san-pham\/allen-bradley-1606-xle240e\/","name":"ALLEN BRADLEY 1606-XLE240E - OMANI VI\u1ec6T NAM","isPartOf":{"@id":"https:\/\/omanivietnam.com\/#website"},"primaryImageOfPage":{"@id":"https:\/\/omanivietnam.com\/index.php\/san-pham\/allen-bradley-1606-xle240e\/#primaryimage"},"image":{"@id":"https:\/\/omanivietnam.com\/index.php\/san-pham\/allen-bradley-1606-xle240e\/#primaryimage"},"thumbnailUrl":"https:\/\/omanivietnam.com\/wp-content\/uploads\/2024\/10\/1606-XLE240E.png","datePublished":"2024-10-16T14:29:37+00:00","dateModified":"2024-10-16T14:29:37+00:00","breadcrumb":{"@id":"https:\/\/omanivietnam.com\/index.php\/san-pham\/allen-bradley-1606-xle240e\/#breadcrumb"},"inLanguage":"vi","potentialAction":[{"@type":"ReadAction","target":["https:\/\/omanivietnam.com\/index.php\/san-pham\/allen-bradley-1606-xle240e\/"]}]},{"@type":"ImageObject","inLanguage":"vi","@id":"https:\/\/omanivietnam.com\/index.php\/san-pham\/allen-bradley-1606-xle240e\/#primaryimage","url":"https:\/\/omanivietnam.com\/wp-content\/uploads\/2024\/10\/1606-XLE240E.png","contentUrl":"https:\/\/omanivietnam.com\/wp-content\/uploads\/2024\/10\/1606-XLE240E.png","width":568,"height":804},{"@type":"BreadcrumbList","@id":"https:\/\/omanivietnam.com\/index.php\/san-pham\/allen-bradley-1606-xle240e\/#breadcrumb","itemListElement":[{"@type":"ListItem","position":1,"name":"Home","item":"https:\/\/omanivietnam.com\/"},{"@type":"ListItem","position":2,"name":"S\u1ea2N PH\u1ea8M","item":"https:\/\/omanivietnam.com\/index.php\/cua-hang\/"},{"@type":"ListItem","position":3,"name":"ALLEN BRADLEY 1606-XLE240E"}]},{"@type":"WebSite","@id":"https:\/\/omanivietnam.com\/#website","url":"https:\/\/omanivietnam.com\/","name":"OMANI VI\u1ec6T NAM","description":"Nh\u00e0 ph\u00e2n ph\u1ed1i thi\u1ebft b\u1ecb kh\u00ed n\u00e9n v\u00e0 thi\u1ebft b\u1ecb t\u1ef1 \u0111\u1ed9ng h\u00f3a trong c\u00f4ng nghi\u1ec7p","publisher":{"@id":"https:\/\/omanivietnam.com\/#\/schema\/person\/0ad398a980dc3fd696111c2c5c8fa897"},"potentialAction":[{"@type":"SearchAction","target":{"@type":"EntryPoint","urlTemplate":"https:\/\/omanivietnam.com\/?s={search_term_string}"},"query-input":"required name=search_term_string"}],"inLanguage":"vi"},{"@type":["Person","Organization"],"@id":"https:\/\/omanivietnam.com\/#\/schema\/person\/0ad398a980dc3fd696111c2c5c8fa897","name":"Nguy\u1ec5n V\u0103n Kh\u00e1nh","image":{"@type":"ImageObject","inLanguage":"vi","@id":"https:\/\/omanivietnam.com\/#\/schema\/person\/image\/","url":"https:\/\/omanivietnam.com\/wp-content\/uploads\/2024\/06\/logo-1024x1024.png","contentUrl":"https:\/\/omanivietnam.com\/wp-content\/uploads\/2024\/06\/logo-1024x1024.png","width":1024,"height":1024,"caption":"Nguy\u1ec5n V\u0103n Kh\u00e1nh"},"logo":{"@id":"https:\/\/omanivietnam.com\/#\/schema\/person\/image\/"},"sameAs":["https:\/\/omanivietnam.com"]}]}},"_links":{"self":[{"href":"https:\/\/omanivietnam.com\/index.php\/wp-json\/wp\/v2\/product\/2194","targetHints":{"allow":["GET"]}}],"collection":[{"href":"https:\/\/omanivietnam.com\/index.php\/wp-json\/wp\/v2\/product"}],"about":[{"href":"https:\/\/omanivietnam.com\/index.php\/wp-json\/wp\/v2\/types\/product"}],"replies":[{"embeddable":true,"href":"https:\/\/omanivietnam.com\/index.php\/wp-json\/wp\/v2\/comments?post=2194"}],"wp:featuredmedia":[{"embeddable":true,"href":"https:\/\/omanivietnam.com\/index.php\/wp-json\/wp\/v2\/media\/2195"}],"wp:attachment":[{"href":"https:\/\/omanivietnam.com\/index.php\/wp-json\/wp\/v2\/media?parent=2194"}],"wp:term":[{"taxonomy":"product_cat","embeddable":true,"href":"https:\/\/omanivietnam.com\/index.php\/wp-json\/wp\/v2\/product_cat?post=2194"},{"taxonomy":"product_tag","embeddable":true,"href":"https:\/\/omanivietnam.com\/index.php\/wp-json\/wp\/v2\/product_tag?post=2194"}],"curies":[{"name":"wp","href":"https:\/\/api.w.org\/{rel}","templated":true}]}}