{"id":2200,"date":"2024-10-16T21:44:11","date_gmt":"2024-10-16T14:44:11","guid":{"rendered":"https:\/\/omanivietnam.com\/?post_type=product&#038;p=2200"},"modified":"2024-10-16T21:58:19","modified_gmt":"2024-10-16T14:58:19","slug":"allen-bradley-1769-l30er","status":"publish","type":"product","link":"https:\/\/omanivietnam.com\/index.php\/san-pham\/allen-bradley-1769-l30er\/","title":{"rendered":"ALLEN BRADLEY 1769-L30ER"},"content":{"rendered":"<p>ALLEN BRADLEY 1769-L30ER<\/p>\n<p>CompactLogix 5370 L3 Controllers, Dual Ethernet w\/DLR capability, 1MB Memory, 8 I\/O Expansion, 16 Ethernet IP Nodes. Controllers are shipped with 1GB SD card and can support up to 2GB SD card.<\/p>\n<p class=\"title-product item_name\">Module truy\u1ec1n th\u00f4ng Allen-Bradley 1769-L30ER<\/p>\n<p>1. Module truy\u1ec1n th\u00f4ng\u00a01769-L30ER:<\/p>\n<div>\n<div>Chi\u1ec1u s\u00e2u 105 mm<\/div>\n<div>C\u00f3 th\u1ec3 c\u00e0i \u0111\u1eb7t ph\u00eda tr\u01b0\u1edbc V\u00e2ng<\/div>\n<div>Chi\u1ec1u cao 118 mm<\/div>\n<div>K\u00edch th\u01b0\u1edbc b\u1ed9 nh\u1edb 1024 kByte<\/div>\n<div>Ng\u01b0\u1eddi m\u1eabu g\u1ecdn nh\u1eb9<\/div>\n<div>S\u1ed1 giao di\u1ec7n HW Ethernet c\u00f4ng nghi\u1ec7p 2<\/div>\n<div>S\u1ed1 l\u01b0\u1ee3ng giao di\u1ec7n HW RS-232 0<\/div>\n<div>S\u1ed1 l\u01b0\u1ee3ng giao di\u1ec7n HW USB 1<\/div>\n<div>S\u1ed1 l\u01b0\u1ee3ng \u0111\u1ea7u ra r\u01a1le 0<\/div>\n<div>C\u1ea5p \u0111\u1ed9 hi\u1ec7u su\u1ea5t acc. theo EN ISO 13849-1 C\u1ea5p \u0111\u1ed9 e<\/div>\n<div>C\u00f3 th\u1ec3 l\u1eafp r\u00e1p gi\u00e1 \u0111\u1ee1 kh\u00f4ng<\/div>\n<div>C\u00f3 th\u1ec3 g\u1eafn ray V\u00e2ng<\/div>\n<div>SIL theo IEC 61508 3<\/div>\n<div>Giao th\u1ee9c h\u1ed7 tr\u1ee3 cho Data-Highway kh\u00f4ng<\/div>\n<div>Giao th\u1ee9c h\u1ed7 tr\u1ee3 cho EtherNet \/ IP V\u00e2ng<\/div>\n<div>Giao th\u1ee9c h\u1ed7 tr\u1ee3 cho MODBUS kh\u00f4ng<\/div>\n<div>Giao th\u1ee9c h\u1ed7 tr\u1ee3 cho SERCOS kh\u00f4ng<\/div>\n<div>Giao th\u1ee9c h\u1ed7 tr\u1ee3 cho TCP \/ IP V\u00e2ng<\/div>\n<div>G\u1eafn t\u01b0\u1eddng \/ g\u1eafn tr\u1ef1c ti\u1ebfp kh\u00f4ng<\/div>\n<div>B\u1ec1 r\u1ed9ng 55 mm<\/div>\n<div>C\u00f3 m\u00e0n h\u00ecnh V\u00e2ng<\/div>\n<p>2. C\u00e1c m\u00e3 h\u00e0ng t\u01b0\u01a1ng \u0111\u01b0\u01a1ng Module truy\u1ec1n th\u00f4ng 1769-L30ER:<\/p>\n<p>1769-ECR<br \/>\n1769-HSC<br \/>\n1769-IF8<br \/>\n1769-IQ16<br \/>\n1769-IQ32<br \/>\n1769-L19ER-BB1B<br \/>\n1769-L30ER<br \/>\n1769-L33ER<br \/>\n1769-OB8<br \/>\n1769-OB16<br \/>\n1769-OB16P<br \/>\n1769-OB32<br \/>\n1769-OB32T<br \/>\n1769-OF2<br \/>\n1769-OW16<br \/>\n1769-PA2<br \/>\n1769-PA4<\/p>\n<\/div>\n<div id=\"product-details-information-tab-0\" class=\"product-details-information-tab-content-panel active\" role=\"tabpanel\" data-action=\"pushable\" data-id=\"product-details-information-0\" data-pusher=\"sc-pushable-xs\"><\/div>\n<div id=\"product-details-information-tab-1\" class=\"product-details-information-tab-content-panel \" role=\"tabpanel\" data-action=\"pushable\" data-id=\"product-details-information-1\" data-pusher=\"sc-pushable-xs\">\n<div id=\"product-details-information-tab-content-container-1\" class=\"product-details-information-tab-content-container\" data-type=\"information-content-text\"><\/div>\n<\/div>\n","protected":false},"excerpt":{"rendered":"<p>ALLEN BRADLEY 1769-L30ER CompactLogix 5370 L3 Controllers, Dual Ethernet w\/DLR capability, 1MB Memory, 8 I\/O Expansion, 16 Ethernet IP Nodes. Controllers are shipped with 1GB SD card and can support up to 2GB SD card. Module truy\u1ec1n th\u00f4ng Allen-Bradley 1769-L30ER 1. Module truy\u1ec1n th\u00f4ng\u00a01769-L30ER: Chi\u1ec1u s\u00e2u 105 mm C\u00f3 th\u1ec3&hellip; <\/p>\n","protected":false},"featured_media":2201,"comment_status":"open","ping_status":"closed","template":"","meta":[],"product_cat":[295],"product_tag":[178,179,159],"class_list":{"0":"post-2200","1":"product","2":"type-product","3":"status-publish","4":"has-post-thumbnail","6":"product_cat-allen-bradley","7":"product_tag-allen-bradley-viet-nam","8":"product_tag-dai-ly-allen-bradley-viet-nam","9":"product_tag-mo-dun","11":"first","12":"instock","13":"shipping-taxable","14":"product-type-simple"},"yoast_head":"<!-- This site is optimized with the Yoast SEO plugin v22.8 - https:\/\/yoast.com\/wordpress\/plugins\/seo\/ -->\n<title>ALLEN BRADLEY 1769-L30ER - OMANI VI\u1ec6T NAM<\/title>\n<meta name=\"robots\" content=\"index, follow, max-snippet:-1, max-image-preview:large, max-video-preview:-1\" \/>\n<link rel=\"canonical\" href=\"https:\/\/omanivietnam.com\/index.php\/san-pham\/allen-bradley-1769-l30er\/\" \/>\n<meta property=\"og:locale\" content=\"vi_VN\" \/>\n<meta property=\"og:type\" content=\"article\" \/>\n<meta property=\"og:title\" content=\"ALLEN BRADLEY 1769-L30ER - OMANI VI\u1ec6T NAM\" \/>\n<meta property=\"og:description\" content=\"ALLEN BRADLEY 1769-L30ER CompactLogix 5370 L3 Controllers, Dual Ethernet w\/DLR capability, 1MB Memory, 8 I\/O Expansion, 16 Ethernet IP Nodes. Controllers are shipped with 1GB SD card and can support up to 2GB SD card. Module truy\u1ec1n th\u00f4ng Allen-Bradley 1769-L30ER 1. Module truy\u1ec1n th\u00f4ng\u00a01769-L30ER: Chi\u1ec1u s\u00e2u 105 mm C\u00f3 th\u1ec3&hellip;\" \/>\n<meta property=\"og:url\" content=\"https:\/\/omanivietnam.com\/index.php\/san-pham\/allen-bradley-1769-l30er\/\" \/>\n<meta property=\"og:site_name\" content=\"OMANI VI\u1ec6T NAM\" \/>\n<meta property=\"article:modified_time\" content=\"2024-10-16T14:58:19+00:00\" \/>\n<meta property=\"og:image\" content=\"https:\/\/omanivietnam.com\/wp-content\/uploads\/2024\/10\/1769-L30ER.png\" \/>\n\t<meta property=\"og:image:width\" content=\"688\" \/>\n\t<meta property=\"og:image:height\" content=\"452\" \/>\n\t<meta property=\"og:image:type\" content=\"image\/png\" \/>\n<meta name=\"twitter:card\" content=\"summary_large_image\" \/>\n<meta name=\"twitter:label1\" content=\"\u01af\u1edbc t\u00ednh th\u1eddi gian \u0111\u1ecdc\" \/>\n\t<meta name=\"twitter:data1\" content=\"2 ph\u00fat\" \/>\n<script type=\"application\/ld+json\" class=\"yoast-schema-graph\">{\"@context\":\"https:\/\/schema.org\",\"@graph\":[{\"@type\":\"WebPage\",\"@id\":\"https:\/\/omanivietnam.com\/index.php\/san-pham\/allen-bradley-1769-l30er\/\",\"url\":\"https:\/\/omanivietnam.com\/index.php\/san-pham\/allen-bradley-1769-l30er\/\",\"name\":\"ALLEN BRADLEY 1769-L30ER - OMANI VI\u1ec6T NAM\",\"isPartOf\":{\"@id\":\"https:\/\/omanivietnam.com\/#website\"},\"primaryImageOfPage\":{\"@id\":\"https:\/\/omanivietnam.com\/index.php\/san-pham\/allen-bradley-1769-l30er\/#primaryimage\"},\"image\":{\"@id\":\"https:\/\/omanivietnam.com\/index.php\/san-pham\/allen-bradley-1769-l30er\/#primaryimage\"},\"thumbnailUrl\":\"https:\/\/omanivietnam.com\/wp-content\/uploads\/2024\/10\/1769-L30ER.png\",\"datePublished\":\"2024-10-16T14:44:11+00:00\",\"dateModified\":\"2024-10-16T14:58:19+00:00\",\"breadcrumb\":{\"@id\":\"https:\/\/omanivietnam.com\/index.php\/san-pham\/allen-bradley-1769-l30er\/#breadcrumb\"},\"inLanguage\":\"vi\",\"potentialAction\":[{\"@type\":\"ReadAction\",\"target\":[\"https:\/\/omanivietnam.com\/index.php\/san-pham\/allen-bradley-1769-l30er\/\"]}]},{\"@type\":\"ImageObject\",\"inLanguage\":\"vi\",\"@id\":\"https:\/\/omanivietnam.com\/index.php\/san-pham\/allen-bradley-1769-l30er\/#primaryimage\",\"url\":\"https:\/\/omanivietnam.com\/wp-content\/uploads\/2024\/10\/1769-L30ER.png\",\"contentUrl\":\"https:\/\/omanivietnam.com\/wp-content\/uploads\/2024\/10\/1769-L30ER.png\",\"width\":688,\"height\":452},{\"@type\":\"BreadcrumbList\",\"@id\":\"https:\/\/omanivietnam.com\/index.php\/san-pham\/allen-bradley-1769-l30er\/#breadcrumb\",\"itemListElement\":[{\"@type\":\"ListItem\",\"position\":1,\"name\":\"Home\",\"item\":\"https:\/\/omanivietnam.com\/\"},{\"@type\":\"ListItem\",\"position\":2,\"name\":\"S\u1ea2N PH\u1ea8M\",\"item\":\"https:\/\/omanivietnam.com\/index.php\/cua-hang\/\"},{\"@type\":\"ListItem\",\"position\":3,\"name\":\"ALLEN BRADLEY 1769-L30ER\"}]},{\"@type\":\"WebSite\",\"@id\":\"https:\/\/omanivietnam.com\/#website\",\"url\":\"https:\/\/omanivietnam.com\/\",\"name\":\"OMANI VI\u1ec6T NAM\",\"description\":\"Nh\u00e0 ph\u00e2n ph\u1ed1i thi\u1ebft b\u1ecb kh\u00ed n\u00e9n v\u00e0 thi\u1ebft b\u1ecb t\u1ef1 \u0111\u1ed9ng h\u00f3a trong c\u00f4ng nghi\u1ec7p\",\"publisher\":{\"@id\":\"https:\/\/omanivietnam.com\/#\/schema\/person\/0ad398a980dc3fd696111c2c5c8fa897\"},\"potentialAction\":[{\"@type\":\"SearchAction\",\"target\":{\"@type\":\"EntryPoint\",\"urlTemplate\":\"https:\/\/omanivietnam.com\/?s={search_term_string}\"},\"query-input\":\"required name=search_term_string\"}],\"inLanguage\":\"vi\"},{\"@type\":[\"Person\",\"Organization\"],\"@id\":\"https:\/\/omanivietnam.com\/#\/schema\/person\/0ad398a980dc3fd696111c2c5c8fa897\",\"name\":\"Nguy\u1ec5n V\u0103n Kh\u00e1nh\",\"image\":{\"@type\":\"ImageObject\",\"inLanguage\":\"vi\",\"@id\":\"https:\/\/omanivietnam.com\/#\/schema\/person\/image\/\",\"url\":\"https:\/\/omanivietnam.com\/wp-content\/uploads\/2024\/06\/logo-1024x1024.png\",\"contentUrl\":\"https:\/\/omanivietnam.com\/wp-content\/uploads\/2024\/06\/logo-1024x1024.png\",\"width\":1024,\"height\":1024,\"caption\":\"Nguy\u1ec5n V\u0103n Kh\u00e1nh\"},\"logo\":{\"@id\":\"https:\/\/omanivietnam.com\/#\/schema\/person\/image\/\"},\"sameAs\":[\"https:\/\/omanivietnam.com\"]}]}<\/script>\n<!-- \/ Yoast SEO plugin. -->","yoast_head_json":{"title":"ALLEN BRADLEY 1769-L30ER - OMANI VI\u1ec6T NAM","robots":{"index":"index","follow":"follow","max-snippet":"max-snippet:-1","max-image-preview":"max-image-preview:large","max-video-preview":"max-video-preview:-1"},"canonical":"https:\/\/omanivietnam.com\/index.php\/san-pham\/allen-bradley-1769-l30er\/","og_locale":"vi_VN","og_type":"article","og_title":"ALLEN BRADLEY 1769-L30ER - OMANI VI\u1ec6T NAM","og_description":"ALLEN BRADLEY 1769-L30ER CompactLogix 5370 L3 Controllers, Dual Ethernet w\/DLR capability, 1MB Memory, 8 I\/O Expansion, 16 Ethernet IP Nodes. Controllers are shipped with 1GB SD card and can support up to 2GB SD card. Module truy\u1ec1n th\u00f4ng Allen-Bradley 1769-L30ER 1. Module truy\u1ec1n th\u00f4ng\u00a01769-L30ER: Chi\u1ec1u s\u00e2u 105 mm C\u00f3 th\u1ec3&hellip;","og_url":"https:\/\/omanivietnam.com\/index.php\/san-pham\/allen-bradley-1769-l30er\/","og_site_name":"OMANI VI\u1ec6T NAM","article_modified_time":"2024-10-16T14:58:19+00:00","og_image":[{"width":688,"height":452,"url":"https:\/\/omanivietnam.com\/wp-content\/uploads\/2024\/10\/1769-L30ER.png","type":"image\/png"}],"twitter_card":"summary_large_image","twitter_misc":{"\u01af\u1edbc t\u00ednh th\u1eddi gian \u0111\u1ecdc":"2 ph\u00fat"},"schema":{"@context":"https:\/\/schema.org","@graph":[{"@type":"WebPage","@id":"https:\/\/omanivietnam.com\/index.php\/san-pham\/allen-bradley-1769-l30er\/","url":"https:\/\/omanivietnam.com\/index.php\/san-pham\/allen-bradley-1769-l30er\/","name":"ALLEN BRADLEY 1769-L30ER - OMANI VI\u1ec6T NAM","isPartOf":{"@id":"https:\/\/omanivietnam.com\/#website"},"primaryImageOfPage":{"@id":"https:\/\/omanivietnam.com\/index.php\/san-pham\/allen-bradley-1769-l30er\/#primaryimage"},"image":{"@id":"https:\/\/omanivietnam.com\/index.php\/san-pham\/allen-bradley-1769-l30er\/#primaryimage"},"thumbnailUrl":"https:\/\/omanivietnam.com\/wp-content\/uploads\/2024\/10\/1769-L30ER.png","datePublished":"2024-10-16T14:44:11+00:00","dateModified":"2024-10-16T14:58:19+00:00","breadcrumb":{"@id":"https:\/\/omanivietnam.com\/index.php\/san-pham\/allen-bradley-1769-l30er\/#breadcrumb"},"inLanguage":"vi","potentialAction":[{"@type":"ReadAction","target":["https:\/\/omanivietnam.com\/index.php\/san-pham\/allen-bradley-1769-l30er\/"]}]},{"@type":"ImageObject","inLanguage":"vi","@id":"https:\/\/omanivietnam.com\/index.php\/san-pham\/allen-bradley-1769-l30er\/#primaryimage","url":"https:\/\/omanivietnam.com\/wp-content\/uploads\/2024\/10\/1769-L30ER.png","contentUrl":"https:\/\/omanivietnam.com\/wp-content\/uploads\/2024\/10\/1769-L30ER.png","width":688,"height":452},{"@type":"BreadcrumbList","@id":"https:\/\/omanivietnam.com\/index.php\/san-pham\/allen-bradley-1769-l30er\/#breadcrumb","itemListElement":[{"@type":"ListItem","position":1,"name":"Home","item":"https:\/\/omanivietnam.com\/"},{"@type":"ListItem","position":2,"name":"S\u1ea2N PH\u1ea8M","item":"https:\/\/omanivietnam.com\/index.php\/cua-hang\/"},{"@type":"ListItem","position":3,"name":"ALLEN BRADLEY 1769-L30ER"}]},{"@type":"WebSite","@id":"https:\/\/omanivietnam.com\/#website","url":"https:\/\/omanivietnam.com\/","name":"OMANI VI\u1ec6T NAM","description":"Nh\u00e0 ph\u00e2n ph\u1ed1i thi\u1ebft b\u1ecb kh\u00ed n\u00e9n v\u00e0 thi\u1ebft b\u1ecb t\u1ef1 \u0111\u1ed9ng h\u00f3a trong c\u00f4ng nghi\u1ec7p","publisher":{"@id":"https:\/\/omanivietnam.com\/#\/schema\/person\/0ad398a980dc3fd696111c2c5c8fa897"},"potentialAction":[{"@type":"SearchAction","target":{"@type":"EntryPoint","urlTemplate":"https:\/\/omanivietnam.com\/?s={search_term_string}"},"query-input":"required name=search_term_string"}],"inLanguage":"vi"},{"@type":["Person","Organization"],"@id":"https:\/\/omanivietnam.com\/#\/schema\/person\/0ad398a980dc3fd696111c2c5c8fa897","name":"Nguy\u1ec5n V\u0103n Kh\u00e1nh","image":{"@type":"ImageObject","inLanguage":"vi","@id":"https:\/\/omanivietnam.com\/#\/schema\/person\/image\/","url":"https:\/\/omanivietnam.com\/wp-content\/uploads\/2024\/06\/logo-1024x1024.png","contentUrl":"https:\/\/omanivietnam.com\/wp-content\/uploads\/2024\/06\/logo-1024x1024.png","width":1024,"height":1024,"caption":"Nguy\u1ec5n V\u0103n Kh\u00e1nh"},"logo":{"@id":"https:\/\/omanivietnam.com\/#\/schema\/person\/image\/"},"sameAs":["https:\/\/omanivietnam.com"]}]}},"_links":{"self":[{"href":"https:\/\/omanivietnam.com\/index.php\/wp-json\/wp\/v2\/product\/2200","targetHints":{"allow":["GET"]}}],"collection":[{"href":"https:\/\/omanivietnam.com\/index.php\/wp-json\/wp\/v2\/product"}],"about":[{"href":"https:\/\/omanivietnam.com\/index.php\/wp-json\/wp\/v2\/types\/product"}],"replies":[{"embeddable":true,"href":"https:\/\/omanivietnam.com\/index.php\/wp-json\/wp\/v2\/comments?post=2200"}],"wp:featuredmedia":[{"embeddable":true,"href":"https:\/\/omanivietnam.com\/index.php\/wp-json\/wp\/v2\/media\/2201"}],"wp:attachment":[{"href":"https:\/\/omanivietnam.com\/index.php\/wp-json\/wp\/v2\/media?parent=2200"}],"wp:term":[{"taxonomy":"product_cat","embeddable":true,"href":"https:\/\/omanivietnam.com\/index.php\/wp-json\/wp\/v2\/product_cat?post=2200"},{"taxonomy":"product_tag","embeddable":true,"href":"https:\/\/omanivietnam.com\/index.php\/wp-json\/wp\/v2\/product_tag?post=2200"}],"curies":[{"name":"wp","href":"https:\/\/api.w.org\/{rel}","templated":true}]}}