{"id":2203,"date":"2024-10-16T22:04:44","date_gmt":"2024-10-16T15:04:44","guid":{"rendered":"https:\/\/omanivietnam.com\/?post_type=product&#038;p=2203"},"modified":"2024-10-16T22:04:44","modified_gmt":"2024-10-16T15:04:44","slug":"apex-paii-142-010-s2","status":"publish","type":"product","link":"https:\/\/omanivietnam.com\/index.php\/san-pham\/apex-paii-142-010-s2\/","title":{"rendered":"APEX PAII 142-010-S2"},"content":{"rendered":"<p>Gearbox<br \/>\nModel: PAII 142-010-S2<br \/>\nRatio: 010: 1<br \/>\nS\/N: 0907159336 (C3=32)<br \/>\nSIEMENS 1FK7080-2AF71<br \/>\nBrand: Apex<\/p>\n<p>APEX PAII 142-S2<\/p>\n<div class=\"page-title-wrapper product\"><\/div>\n<div class=\"product attribute overview\">\n<div class=\"value\">The PAII series is an economy flanged output precision planetary gearbox with accuracy down to less than 6 arc minutes. The PII series features lower inertia, lower size and weight, quieter operation, reduced backlash, increased efficiency and greater mounting versatility.<\/div>\n<\/div>\n<div><\/div>\n<div>\n<ul>\n<li>Output torque<br \/>\nT2N : 4.3 Nm \u2013 178 Nm<\/li>\n<li>Ratios<br \/>\n1-stage :\u00a0 3\/4\/5\/7\/9\/10<br \/>\n2-stage :\u00a0 15\/16\/20\/25\/30\/35\/40\/50\/70\/81\/100<\/li>\n<li>Low backlash<br \/>\n1-stage : \u22646,7 or 8 arcmin<br \/>\n2-stage : \u22648,9 or 10 arcmin<\/li>\n<li>high efficiency<br \/>\n1-stage : \u2267 97%<br \/>\n2-stage : \u2267 94%<\/li>\n<li>Easy mount<\/li>\n<li>Low Noise<\/li>\n<li>Compact structure<\/li>\n<\/ul>\n<\/div>\n<div class=\"over_block\">\n<p class=\"title\">OVERVIEW<\/p>\n<p><strong>Output torque<\/strong><br \/>\nT2N :8 Nm \u2013 459 Nm<br \/>\n<strong>Ratios:<\/strong><br \/>\n1-stage :3 \/ 4 \/ 5 \/ 7 \/ 9 \/ 10<br \/>\n2-stage : 15 \/ 16 \/ 20 \/ 25 \/ 30 \/ 35 \/ 40 \/ 50 \/ 70 \/ 81 \/ 100<br \/>\n<strong>Low backlash<\/strong><br \/>\n1-stage :\u2264\u00a06 ~ 8 arcmin<br \/>\n2-stage :\u2264\u00a08 ~ 10 arcmin<br \/>\n<strong>High efficiency<\/strong><br \/>\n1-stage :\u2267 97%<br \/>\n2-stage :\u2267 94%<br \/>\n<strong>Easy mount<\/strong><br \/>\n<strong>Low noise<\/strong><br \/>\n<strong>Compact structure<\/strong><\/p>\n<\/div>\n<div class=\"over_block\">\n<p class=\"title\">SIZE<\/p>\n<p><strong>PAII 042 \/ PAII 060 \/ PAII 090 \/ PAII 115 \/ PAII 142<\/strong><\/p>\n<ul>\n<li>Black coated steel housing, aluminum output and motor adapter flange<\/li>\n<li>Steel output shaft with or without key<\/li>\n<li>Spur gear design<\/li>\n<li>Nominal torques:\n<ul>\n<li>T<sub>2N<\/sub>\u00a0:\u00a08 Nm \u2013\u00a0459 Nm<\/li>\n<\/ul>\n<\/li>\n<li>Ratios\n<ul>\n<li>1-stage : 3 \/ 4 \/ 5 \/\u00a07\u00a0\/\u00a09 \/ 10<\/li>\n<li>2-stage : 12 \/ 15 \/ 16 \/ 20 \/ 25 \/ 30 \/ 35 \/ 40 \/ 50 \/ 70 \/ 81 \/ 100<\/li>\n<\/ul>\n<\/li>\n<li>Low backlash\n<ul>\n<li>1-stage : \u2264 6 arcmin<\/li>\n<li>2-stage : \u2264 10 arcmin<\/li>\n<\/ul>\n<\/li>\n<li>High efficiency\n<ul>\n<li>1-stage : \u2265 97%<\/li>\n<li>2-stage : \u2265 94%<\/li>\n<\/ul>\n<\/li>\n<li>Easy mount<\/li>\n<li>Compact structure<\/li>\n<li>Sizes available: PAII\u00a0042 \/ PAII\u00a0060 \/ PAII\u00a0090 \/ PAII\u00a0115 \/ PAII\u00a0142<\/li>\n<li>Also available with an input shaft, please contact Apex Dynamics for more information<\/li>\n<\/ul>\n<p>\u0110\u1ea1i l\u00fd APEX vietnam, APEX viet nam, APEX vietnam distributor, Ph\u00e2n ph\u1ed1i APEX t\u1ea1i vi\u1ec7t nam<\/p>\n<p>\u0110\u1ea1i l\u00fd APEX vietnam, APEX viet nam, APEX vietnam distributor, Ph\u00e2n ph\u1ed1i APEX t\u1ea1i vi\u1ec7t nam<\/p>\n<p>\u0110\u1ea1i l\u00fd APEX vietnam, APEX viet nam, APEX vietnam distributor, Ph\u00e2n ph\u1ed1i APEX t\u1ea1i vi\u1ec7t nam<\/p>\n<p>\u0110\u1ea1i l\u00fd APEX vietnam, APEX viet nam, APEX vietnam distributor, Ph\u00e2n ph\u1ed1i APEX t\u1ea1i vi\u1ec7t nam<\/p>\n<p>\u0110\u1ea1i l\u00fd APEX vietnam, APEX viet nam, APEX vietnam distributor, Ph\u00e2n ph\u1ed1i APEX t\u1ea1i vi\u1ec7t nam<\/p>\n<\/div>\n","protected":false},"excerpt":{"rendered":"<p>Gearbox Model: PAII 142-010-S2 Ratio: 010: 1 S\/N: 0907159336 (C3=32) SIEMENS 1FK7080-2AF71 Brand: Apex APEX PAII 142-S2 The PAII series is an economy flanged output precision planetary gearbox with accuracy down to less than 6 arc minutes. The PII series features lower inertia, lower size and weight, quieter operation, reduced&hellip; <\/p>\n","protected":false},"featured_media":2204,"comment_status":"open","ping_status":"closed","template":"","meta":[],"product_cat":[344],"product_tag":[127,128,129],"class_list":{"0":"post-2203","1":"product","2":"type-product","3":"status-publish","4":"has-post-thumbnail","6":"product_cat-apex","7":"product_tag-apex-viet-nam","8":"product_tag-dai-ly-apex-viet-nam","9":"product_tag-hop-so","11":"first","12":"instock","13":"shipping-taxable","14":"product-type-simple"},"yoast_head":"<!-- This site is optimized with the Yoast SEO plugin v22.8 - https:\/\/yoast.com\/wordpress\/plugins\/seo\/ -->\n<title>APEX PAII 142-010-S2 - OMANI VI\u1ec6T NAM<\/title>\n<meta name=\"robots\" content=\"index, follow, max-snippet:-1, max-image-preview:large, max-video-preview:-1\" \/>\n<link rel=\"canonical\" href=\"https:\/\/omanivietnam.com\/index.php\/san-pham\/apex-paii-142-010-s2\/\" \/>\n<meta property=\"og:locale\" content=\"vi_VN\" \/>\n<meta property=\"og:type\" content=\"article\" \/>\n<meta property=\"og:title\" content=\"APEX PAII 142-010-S2 - OMANI VI\u1ec6T NAM\" \/>\n<meta property=\"og:description\" content=\"Gearbox Model: PAII 142-010-S2 Ratio: 010: 1 S\/N: 0907159336 (C3=32) SIEMENS 1FK7080-2AF71 Brand: Apex APEX PAII 142-S2 The PAII series is an economy flanged output precision planetary gearbox with accuracy down to less than 6 arc minutes. The PII series features lower inertia, lower size and weight, quieter operation, reduced&hellip;\" \/>\n<meta property=\"og:url\" content=\"https:\/\/omanivietnam.com\/index.php\/san-pham\/apex-paii-142-010-s2\/\" \/>\n<meta property=\"og:site_name\" content=\"OMANI VI\u1ec6T NAM\" \/>\n<meta property=\"og:image\" content=\"https:\/\/omanivietnam.com\/wp-content\/uploads\/2024\/10\/PAII-142-010-S2.png\" \/>\n\t<meta property=\"og:image:width\" content=\"333\" \/>\n\t<meta property=\"og:image:height\" content=\"483\" \/>\n\t<meta property=\"og:image:type\" content=\"image\/png\" \/>\n<meta name=\"twitter:card\" content=\"summary_large_image\" \/>\n<meta name=\"twitter:label1\" content=\"\u01af\u1edbc t\u00ednh th\u1eddi gian \u0111\u1ecdc\" \/>\n\t<meta name=\"twitter:data1\" content=\"3 ph\u00fat\" \/>\n<script type=\"application\/ld+json\" class=\"yoast-schema-graph\">{\"@context\":\"https:\/\/schema.org\",\"@graph\":[{\"@type\":\"WebPage\",\"@id\":\"https:\/\/omanivietnam.com\/index.php\/san-pham\/apex-paii-142-010-s2\/\",\"url\":\"https:\/\/omanivietnam.com\/index.php\/san-pham\/apex-paii-142-010-s2\/\",\"name\":\"APEX PAII 142-010-S2 - OMANI VI\u1ec6T NAM\",\"isPartOf\":{\"@id\":\"https:\/\/omanivietnam.com\/#website\"},\"primaryImageOfPage\":{\"@id\":\"https:\/\/omanivietnam.com\/index.php\/san-pham\/apex-paii-142-010-s2\/#primaryimage\"},\"image\":{\"@id\":\"https:\/\/omanivietnam.com\/index.php\/san-pham\/apex-paii-142-010-s2\/#primaryimage\"},\"thumbnailUrl\":\"https:\/\/omanivietnam.com\/wp-content\/uploads\/2024\/10\/PAII-142-010-S2.png\",\"datePublished\":\"2024-10-16T15:04:44+00:00\",\"dateModified\":\"2024-10-16T15:04:44+00:00\",\"breadcrumb\":{\"@id\":\"https:\/\/omanivietnam.com\/index.php\/san-pham\/apex-paii-142-010-s2\/#breadcrumb\"},\"inLanguage\":\"vi\",\"potentialAction\":[{\"@type\":\"ReadAction\",\"target\":[\"https:\/\/omanivietnam.com\/index.php\/san-pham\/apex-paii-142-010-s2\/\"]}]},{\"@type\":\"ImageObject\",\"inLanguage\":\"vi\",\"@id\":\"https:\/\/omanivietnam.com\/index.php\/san-pham\/apex-paii-142-010-s2\/#primaryimage\",\"url\":\"https:\/\/omanivietnam.com\/wp-content\/uploads\/2024\/10\/PAII-142-010-S2.png\",\"contentUrl\":\"https:\/\/omanivietnam.com\/wp-content\/uploads\/2024\/10\/PAII-142-010-S2.png\",\"width\":333,\"height\":483},{\"@type\":\"BreadcrumbList\",\"@id\":\"https:\/\/omanivietnam.com\/index.php\/san-pham\/apex-paii-142-010-s2\/#breadcrumb\",\"itemListElement\":[{\"@type\":\"ListItem\",\"position\":1,\"name\":\"Home\",\"item\":\"https:\/\/omanivietnam.com\/\"},{\"@type\":\"ListItem\",\"position\":2,\"name\":\"S\u1ea2N PH\u1ea8M\",\"item\":\"https:\/\/omanivietnam.com\/index.php\/cua-hang\/\"},{\"@type\":\"ListItem\",\"position\":3,\"name\":\"APEX PAII 142-010-S2\"}]},{\"@type\":\"WebSite\",\"@id\":\"https:\/\/omanivietnam.com\/#website\",\"url\":\"https:\/\/omanivietnam.com\/\",\"name\":\"OMANI VI\u1ec6T NAM\",\"description\":\"Nh\u00e0 ph\u00e2n ph\u1ed1i thi\u1ebft b\u1ecb kh\u00ed n\u00e9n v\u00e0 thi\u1ebft b\u1ecb t\u1ef1 \u0111\u1ed9ng h\u00f3a trong c\u00f4ng nghi\u1ec7p\",\"publisher\":{\"@id\":\"https:\/\/omanivietnam.com\/#\/schema\/person\/0ad398a980dc3fd696111c2c5c8fa897\"},\"potentialAction\":[{\"@type\":\"SearchAction\",\"target\":{\"@type\":\"EntryPoint\",\"urlTemplate\":\"https:\/\/omanivietnam.com\/?s={search_term_string}\"},\"query-input\":\"required name=search_term_string\"}],\"inLanguage\":\"vi\"},{\"@type\":[\"Person\",\"Organization\"],\"@id\":\"https:\/\/omanivietnam.com\/#\/schema\/person\/0ad398a980dc3fd696111c2c5c8fa897\",\"name\":\"Nguy\u1ec5n V\u0103n Kh\u00e1nh\",\"image\":{\"@type\":\"ImageObject\",\"inLanguage\":\"vi\",\"@id\":\"https:\/\/omanivietnam.com\/#\/schema\/person\/image\/\",\"url\":\"https:\/\/omanivietnam.com\/wp-content\/uploads\/2024\/06\/logo-1024x1024.png\",\"contentUrl\":\"https:\/\/omanivietnam.com\/wp-content\/uploads\/2024\/06\/logo-1024x1024.png\",\"width\":1024,\"height\":1024,\"caption\":\"Nguy\u1ec5n V\u0103n Kh\u00e1nh\"},\"logo\":{\"@id\":\"https:\/\/omanivietnam.com\/#\/schema\/person\/image\/\"},\"sameAs\":[\"https:\/\/omanivietnam.com\"]}]}<\/script>\n<!-- \/ Yoast SEO plugin. -->","yoast_head_json":{"title":"APEX PAII 142-010-S2 - OMANI VI\u1ec6T NAM","robots":{"index":"index","follow":"follow","max-snippet":"max-snippet:-1","max-image-preview":"max-image-preview:large","max-video-preview":"max-video-preview:-1"},"canonical":"https:\/\/omanivietnam.com\/index.php\/san-pham\/apex-paii-142-010-s2\/","og_locale":"vi_VN","og_type":"article","og_title":"APEX PAII 142-010-S2 - OMANI VI\u1ec6T NAM","og_description":"Gearbox Model: PAII 142-010-S2 Ratio: 010: 1 S\/N: 0907159336 (C3=32) SIEMENS 1FK7080-2AF71 Brand: Apex APEX PAII 142-S2 The PAII series is an economy flanged output precision planetary gearbox with accuracy down to less than 6 arc minutes. The PII series features lower inertia, lower size and weight, quieter operation, reduced&hellip;","og_url":"https:\/\/omanivietnam.com\/index.php\/san-pham\/apex-paii-142-010-s2\/","og_site_name":"OMANI VI\u1ec6T NAM","og_image":[{"width":333,"height":483,"url":"https:\/\/omanivietnam.com\/wp-content\/uploads\/2024\/10\/PAII-142-010-S2.png","type":"image\/png"}],"twitter_card":"summary_large_image","twitter_misc":{"\u01af\u1edbc t\u00ednh th\u1eddi gian \u0111\u1ecdc":"3 ph\u00fat"},"schema":{"@context":"https:\/\/schema.org","@graph":[{"@type":"WebPage","@id":"https:\/\/omanivietnam.com\/index.php\/san-pham\/apex-paii-142-010-s2\/","url":"https:\/\/omanivietnam.com\/index.php\/san-pham\/apex-paii-142-010-s2\/","name":"APEX PAII 142-010-S2 - OMANI VI\u1ec6T NAM","isPartOf":{"@id":"https:\/\/omanivietnam.com\/#website"},"primaryImageOfPage":{"@id":"https:\/\/omanivietnam.com\/index.php\/san-pham\/apex-paii-142-010-s2\/#primaryimage"},"image":{"@id":"https:\/\/omanivietnam.com\/index.php\/san-pham\/apex-paii-142-010-s2\/#primaryimage"},"thumbnailUrl":"https:\/\/omanivietnam.com\/wp-content\/uploads\/2024\/10\/PAII-142-010-S2.png","datePublished":"2024-10-16T15:04:44+00:00","dateModified":"2024-10-16T15:04:44+00:00","breadcrumb":{"@id":"https:\/\/omanivietnam.com\/index.php\/san-pham\/apex-paii-142-010-s2\/#breadcrumb"},"inLanguage":"vi","potentialAction":[{"@type":"ReadAction","target":["https:\/\/omanivietnam.com\/index.php\/san-pham\/apex-paii-142-010-s2\/"]}]},{"@type":"ImageObject","inLanguage":"vi","@id":"https:\/\/omanivietnam.com\/index.php\/san-pham\/apex-paii-142-010-s2\/#primaryimage","url":"https:\/\/omanivietnam.com\/wp-content\/uploads\/2024\/10\/PAII-142-010-S2.png","contentUrl":"https:\/\/omanivietnam.com\/wp-content\/uploads\/2024\/10\/PAII-142-010-S2.png","width":333,"height":483},{"@type":"BreadcrumbList","@id":"https:\/\/omanivietnam.com\/index.php\/san-pham\/apex-paii-142-010-s2\/#breadcrumb","itemListElement":[{"@type":"ListItem","position":1,"name":"Home","item":"https:\/\/omanivietnam.com\/"},{"@type":"ListItem","position":2,"name":"S\u1ea2N PH\u1ea8M","item":"https:\/\/omanivietnam.com\/index.php\/cua-hang\/"},{"@type":"ListItem","position":3,"name":"APEX PAII 142-010-S2"}]},{"@type":"WebSite","@id":"https:\/\/omanivietnam.com\/#website","url":"https:\/\/omanivietnam.com\/","name":"OMANI VI\u1ec6T NAM","description":"Nh\u00e0 ph\u00e2n ph\u1ed1i thi\u1ebft b\u1ecb kh\u00ed n\u00e9n v\u00e0 thi\u1ebft b\u1ecb t\u1ef1 \u0111\u1ed9ng h\u00f3a trong c\u00f4ng nghi\u1ec7p","publisher":{"@id":"https:\/\/omanivietnam.com\/#\/schema\/person\/0ad398a980dc3fd696111c2c5c8fa897"},"potentialAction":[{"@type":"SearchAction","target":{"@type":"EntryPoint","urlTemplate":"https:\/\/omanivietnam.com\/?s={search_term_string}"},"query-input":"required name=search_term_string"}],"inLanguage":"vi"},{"@type":["Person","Organization"],"@id":"https:\/\/omanivietnam.com\/#\/schema\/person\/0ad398a980dc3fd696111c2c5c8fa897","name":"Nguy\u1ec5n V\u0103n Kh\u00e1nh","image":{"@type":"ImageObject","inLanguage":"vi","@id":"https:\/\/omanivietnam.com\/#\/schema\/person\/image\/","url":"https:\/\/omanivietnam.com\/wp-content\/uploads\/2024\/06\/logo-1024x1024.png","contentUrl":"https:\/\/omanivietnam.com\/wp-content\/uploads\/2024\/06\/logo-1024x1024.png","width":1024,"height":1024,"caption":"Nguy\u1ec5n V\u0103n Kh\u00e1nh"},"logo":{"@id":"https:\/\/omanivietnam.com\/#\/schema\/person\/image\/"},"sameAs":["https:\/\/omanivietnam.com"]}]}},"_links":{"self":[{"href":"https:\/\/omanivietnam.com\/index.php\/wp-json\/wp\/v2\/product\/2203","targetHints":{"allow":["GET"]}}],"collection":[{"href":"https:\/\/omanivietnam.com\/index.php\/wp-json\/wp\/v2\/product"}],"about":[{"href":"https:\/\/omanivietnam.com\/index.php\/wp-json\/wp\/v2\/types\/product"}],"replies":[{"embeddable":true,"href":"https:\/\/omanivietnam.com\/index.php\/wp-json\/wp\/v2\/comments?post=2203"}],"wp:featuredmedia":[{"embeddable":true,"href":"https:\/\/omanivietnam.com\/index.php\/wp-json\/wp\/v2\/media\/2204"}],"wp:attachment":[{"href":"https:\/\/omanivietnam.com\/index.php\/wp-json\/wp\/v2\/media?parent=2203"}],"wp:term":[{"taxonomy":"product_cat","embeddable":true,"href":"https:\/\/omanivietnam.com\/index.php\/wp-json\/wp\/v2\/product_cat?post=2203"},{"taxonomy":"product_tag","embeddable":true,"href":"https:\/\/omanivietnam.com\/index.php\/wp-json\/wp\/v2\/product_tag?post=2203"}],"curies":[{"name":"wp","href":"https:\/\/api.w.org\/{rel}","templated":true}]}}