{"id":2205,"date":"2024-10-16T22:13:01","date_gmt":"2024-10-16T15:13:01","guid":{"rendered":"https:\/\/omanivietnam.com\/?post_type=product&#038;p=2205"},"modified":"2024-10-16T22:13:01","modified_gmt":"2024-10-16T15:13:01","slug":"apex-paii-115-007-s2","status":"publish","type":"product","link":"https:\/\/omanivietnam.com\/index.php\/san-pham\/apex-paii-115-007-s2\/","title":{"rendered":"APEX PAII 115-007-S2"},"content":{"rendered":"<p>APEX PAII 115-007-S2<\/p>\n<p>APEX PAII 115-100-S2 100:1<\/p>\n<div class=\"over_block\">\n<p class=\"title\">OVERVIEW<\/p>\n<p><strong>Output torque<\/strong><br \/>\nT2N :8 Nm &#8211; 459 Nm<br \/>\n<strong>Ratios:<\/strong><br \/>\n1-stage :3 \/ 4 \/ 5 \/ 7 \/ 9 \/ 10<br \/>\n2-stage : 15 \/ 16 \/ 20 \/ 25 \/ 30 \/ 35 \/ 40 \/ 50 \/ 70 \/ 81 \/ 100<br \/>\n<strong>Low backlash<\/strong><br \/>\n1-stage :\u2264\u00a06 ~ 8 arcmin<br \/>\n2-stage :\u2264\u00a08 ~ 10 arcmin<br \/>\n<strong>High efficiency<\/strong><br \/>\n1-stage :\u2267 97%<br \/>\n2-stage :\u2267 94%<br \/>\n<strong>Easy mount<\/strong><br \/>\n<strong>Low noise<\/strong><br \/>\n<strong>Compact structure<\/strong><\/p>\n<\/div>\n<div class=\"over_block\">\n<p class=\"title\">SIZE<\/p>\n<p><strong>PAII 042 \/ PAII 060 \/ PAII 090 \/ PAII 115 \/ PAII 142<\/strong><\/p>\n<\/div>\n<p>Gearbox<br \/>\nModel: PAII 115-007-S2<br \/>\nRatio: 007:1<br \/>\nSN: 3006159870 (C3=24)<br \/>\nSIEMENS 1FK7062-2AF71<br \/>\nBrand: Apex<\/p>\n<p>APEX PAII 115-S2 (RATIO 005: 1)<\/p>\n<p><strong>PAII 115-S2 H\u1ed9p s\u00f4 Apex dynamic\u00a0<\/strong><\/p>\n<h4><strong>Gi\u1edbi thi\u1ec7u<\/strong><\/h4>\n<p>PAII 115-S2 H\u1ed9p s\u00f4 Apex dynamic . Hi\u1ec7n \u0111ang \u0111\u01b0\u1ee3c Vi\u1ec7t Khang Th\u1ecbnh ph\u00e2n ph\u1ed1i r\u1ed9ng r\u00e3i t\u1ea1i th\u1ecb tr\u01b0\u1eddng Vi\u1ec7t Nam.<\/p>\n<p>Thi\u1ebft b\u1ecb hi\u1ec7n \u0111ang \u0111\u01b0\u1ee3c s\u1eed d\u1ee5ng trong c\u00e1c l\u0129nh v\u1ef1c: Th\u1ef1c ph\u1ea9m, \u0110i\u1ec7n l\u1ef1c, D\u1ea7u Kh\u00ed, N\u0103ng l\u01b0\u1ee3ng m\u1eb7t tr\u1eddi, D\u1ec7t May, C\u00f4ng nghi\u1ec7p 4.0, C\u00f4ng nghi\u1ec7p t\u1ef1 \u0111\u1ed9ng h\u00f3a.<\/p>\n<div class=\"flex flex-col w-full pt-2 md:flex-row\">\n<div class=\"datatablerow clearfix datatablerow-2\">\n<h4><strong>T\u00ednh n\u0103ng<\/strong><\/h4>\n<div class=\"a-row\">\n<div class=\"a-column a-span12 a-span-last\">\n<div class=\"a-expander-collapsed-height a-row a-expander-container a-expander-partial-collapse-container\" data-a-expander-name=\"psw_table_expander\" data-a-expander-collapsed-height=\"300\">\n<div class=\"a-expander-content a-expander-partial-collapse-content\">\n<div class=\"card\">\n<div id=\"YMugOYHZPfCollapse\" class=\"show\" aria-labelledby=\"YMugOYHZPfHeading\">\n<div class=\"card-body\">\n<div id=\"accordion-level-mzOsIVwfat\" class=\"accordion\">\n<div class=\"card\">\n<div id=\"qFMKQvZkGNCollapse\" class=\"show\" aria-labelledby=\"qFMKQvZkGNHeading\">\n<ul>\n<li>Black coated steel housing, aluminum output and motor adapter flange<\/li>\n<li>Steel output shaft with or without key<\/li>\n<li>Spur gear design<\/li>\n<li>Nominal torques:\n<ul>\n<li>T<sub>2N<\/sub>\u00a0:\u00a08 Nm \u2013\u00a0459 Nm<\/li>\n<\/ul>\n<\/li>\n<li>Ratios\n<ul>\n<li>1-stage : 3 \/ 4 \/ 5 \/\u00a07\u00a0\/\u00a09 \/ 10<\/li>\n<li>2-stage : 15 \/ 16 \/ 20 \/ 25 \/ 30 \/ 35 \/ 40 \/\u00a050 \/\u00a070\u00a0\/ 81 \/ 100<\/li>\n<\/ul>\n<\/li>\n<li>Low backlash\n<ul>\n<li>1-stage : \u2264 6 arcmin<\/li>\n<li>2-stage : \u2264 10 arcmin<\/li>\n<\/ul>\n<\/li>\n<li>High efficiency\n<ul>\n<li>1-stage : \u2265 97%<\/li>\n<li>2-stage : \u2265 94%<\/li>\n<\/ul>\n<\/li>\n<li>Easy mount<\/li>\n<li>Compact structure<\/li>\n<li>Sizes available: PAII\u00a0042 \/ PAII\u00a0060 \/ PAII\u00a0090 \/ PAII\u00a0115 \/ PAII\u00a0142<\/li>\n<\/ul>\n<\/div>\n<\/div>\n<\/div>\n<\/div>\n<\/div>\n<\/div>\n<\/div>\n<\/div>\n<\/div>\n<\/div>\n<\/div>\n<\/div>\n<p>&nbsp;<\/p>\n","protected":false},"excerpt":{"rendered":"<p>APEX PAII 115-007-S2 APEX PAII 115-100-S2 100:1 OVERVIEW Output torque T2N :8 Nm &#8211; 459 Nm Ratios: 1-stage :3 \/ 4 \/ 5 \/ 7 \/ 9 \/ 10 2-stage : 15 \/ 16 \/ 20 \/ 25 \/ 30 \/ 35 \/ 40 \/ 50 \/ 70 \/ 81&hellip; <\/p>\n","protected":false},"featured_media":2206,"comment_status":"open","ping_status":"closed","template":"","meta":[],"product_cat":[344],"product_tag":[127,128,129],"class_list":{"0":"post-2205","1":"product","2":"type-product","3":"status-publish","4":"has-post-thumbnail","6":"product_cat-apex","7":"product_tag-apex-viet-nam","8":"product_tag-dai-ly-apex-viet-nam","9":"product_tag-hop-so","11":"first","12":"instock","13":"shipping-taxable","14":"product-type-simple"},"yoast_head":"<!-- This site is optimized with the Yoast SEO plugin v22.8 - https:\/\/yoast.com\/wordpress\/plugins\/seo\/ -->\n<title>APEX PAII 115-007-S2 - OMANI VI\u1ec6T NAM<\/title>\n<meta name=\"robots\" content=\"index, follow, max-snippet:-1, max-image-preview:large, max-video-preview:-1\" \/>\n<link rel=\"canonical\" href=\"https:\/\/omanivietnam.com\/index.php\/san-pham\/apex-paii-115-007-s2\/\" \/>\n<meta property=\"og:locale\" content=\"vi_VN\" \/>\n<meta property=\"og:type\" content=\"article\" \/>\n<meta property=\"og:title\" content=\"APEX PAII 115-007-S2 - OMANI VI\u1ec6T NAM\" \/>\n<meta property=\"og:description\" content=\"APEX PAII 115-007-S2 APEX PAII 115-100-S2 100:1 OVERVIEW Output torque T2N :8 Nm &#8211; 459 Nm Ratios: 1-stage :3 \/ 4 \/ 5 \/ 7 \/ 9 \/ 10 2-stage : 15 \/ 16 \/ 20 \/ 25 \/ 30 \/ 35 \/ 40 \/ 50 \/ 70 \/ 81&hellip;\" \/>\n<meta property=\"og:url\" content=\"https:\/\/omanivietnam.com\/index.php\/san-pham\/apex-paii-115-007-s2\/\" \/>\n<meta property=\"og:site_name\" content=\"OMANI VI\u1ec6T NAM\" \/>\n<meta property=\"og:image\" content=\"https:\/\/omanivietnam.com\/wp-content\/uploads\/2024\/10\/PAII-115-007-S2.png\" \/>\n\t<meta property=\"og:image:width\" content=\"442\" \/>\n\t<meta property=\"og:image:height\" content=\"557\" \/>\n\t<meta property=\"og:image:type\" content=\"image\/png\" \/>\n<meta name=\"twitter:card\" content=\"summary_large_image\" \/>\n<meta name=\"twitter:label1\" content=\"\u01af\u1edbc t\u00ednh th\u1eddi gian \u0111\u1ecdc\" \/>\n\t<meta name=\"twitter:data1\" content=\"2 ph\u00fat\" \/>\n<script type=\"application\/ld+json\" class=\"yoast-schema-graph\">{\"@context\":\"https:\/\/schema.org\",\"@graph\":[{\"@type\":\"WebPage\",\"@id\":\"https:\/\/omanivietnam.com\/index.php\/san-pham\/apex-paii-115-007-s2\/\",\"url\":\"https:\/\/omanivietnam.com\/index.php\/san-pham\/apex-paii-115-007-s2\/\",\"name\":\"APEX PAII 115-007-S2 - OMANI VI\u1ec6T NAM\",\"isPartOf\":{\"@id\":\"https:\/\/omanivietnam.com\/#website\"},\"primaryImageOfPage\":{\"@id\":\"https:\/\/omanivietnam.com\/index.php\/san-pham\/apex-paii-115-007-s2\/#primaryimage\"},\"image\":{\"@id\":\"https:\/\/omanivietnam.com\/index.php\/san-pham\/apex-paii-115-007-s2\/#primaryimage\"},\"thumbnailUrl\":\"https:\/\/omanivietnam.com\/wp-content\/uploads\/2024\/10\/PAII-115-007-S2.png\",\"datePublished\":\"2024-10-16T15:13:01+00:00\",\"dateModified\":\"2024-10-16T15:13:01+00:00\",\"breadcrumb\":{\"@id\":\"https:\/\/omanivietnam.com\/index.php\/san-pham\/apex-paii-115-007-s2\/#breadcrumb\"},\"inLanguage\":\"vi\",\"potentialAction\":[{\"@type\":\"ReadAction\",\"target\":[\"https:\/\/omanivietnam.com\/index.php\/san-pham\/apex-paii-115-007-s2\/\"]}]},{\"@type\":\"ImageObject\",\"inLanguage\":\"vi\",\"@id\":\"https:\/\/omanivietnam.com\/index.php\/san-pham\/apex-paii-115-007-s2\/#primaryimage\",\"url\":\"https:\/\/omanivietnam.com\/wp-content\/uploads\/2024\/10\/PAII-115-007-S2.png\",\"contentUrl\":\"https:\/\/omanivietnam.com\/wp-content\/uploads\/2024\/10\/PAII-115-007-S2.png\",\"width\":442,\"height\":557},{\"@type\":\"BreadcrumbList\",\"@id\":\"https:\/\/omanivietnam.com\/index.php\/san-pham\/apex-paii-115-007-s2\/#breadcrumb\",\"itemListElement\":[{\"@type\":\"ListItem\",\"position\":1,\"name\":\"Home\",\"item\":\"https:\/\/omanivietnam.com\/\"},{\"@type\":\"ListItem\",\"position\":2,\"name\":\"S\u1ea2N PH\u1ea8M\",\"item\":\"https:\/\/omanivietnam.com\/index.php\/cua-hang\/\"},{\"@type\":\"ListItem\",\"position\":3,\"name\":\"APEX PAII 115-007-S2\"}]},{\"@type\":\"WebSite\",\"@id\":\"https:\/\/omanivietnam.com\/#website\",\"url\":\"https:\/\/omanivietnam.com\/\",\"name\":\"OMANI VI\u1ec6T NAM\",\"description\":\"Nh\u00e0 ph\u00e2n ph\u1ed1i thi\u1ebft b\u1ecb kh\u00ed n\u00e9n v\u00e0 thi\u1ebft b\u1ecb t\u1ef1 \u0111\u1ed9ng h\u00f3a trong c\u00f4ng nghi\u1ec7p\",\"publisher\":{\"@id\":\"https:\/\/omanivietnam.com\/#\/schema\/person\/0ad398a980dc3fd696111c2c5c8fa897\"},\"potentialAction\":[{\"@type\":\"SearchAction\",\"target\":{\"@type\":\"EntryPoint\",\"urlTemplate\":\"https:\/\/omanivietnam.com\/?s={search_term_string}\"},\"query-input\":\"required name=search_term_string\"}],\"inLanguage\":\"vi\"},{\"@type\":[\"Person\",\"Organization\"],\"@id\":\"https:\/\/omanivietnam.com\/#\/schema\/person\/0ad398a980dc3fd696111c2c5c8fa897\",\"name\":\"Nguy\u1ec5n V\u0103n Kh\u00e1nh\",\"image\":{\"@type\":\"ImageObject\",\"inLanguage\":\"vi\",\"@id\":\"https:\/\/omanivietnam.com\/#\/schema\/person\/image\/\",\"url\":\"https:\/\/omanivietnam.com\/wp-content\/uploads\/2024\/06\/logo-1024x1024.png\",\"contentUrl\":\"https:\/\/omanivietnam.com\/wp-content\/uploads\/2024\/06\/logo-1024x1024.png\",\"width\":1024,\"height\":1024,\"caption\":\"Nguy\u1ec5n V\u0103n Kh\u00e1nh\"},\"logo\":{\"@id\":\"https:\/\/omanivietnam.com\/#\/schema\/person\/image\/\"},\"sameAs\":[\"https:\/\/omanivietnam.com\"]}]}<\/script>\n<!-- \/ Yoast SEO plugin. -->","yoast_head_json":{"title":"APEX PAII 115-007-S2 - OMANI VI\u1ec6T NAM","robots":{"index":"index","follow":"follow","max-snippet":"max-snippet:-1","max-image-preview":"max-image-preview:large","max-video-preview":"max-video-preview:-1"},"canonical":"https:\/\/omanivietnam.com\/index.php\/san-pham\/apex-paii-115-007-s2\/","og_locale":"vi_VN","og_type":"article","og_title":"APEX PAII 115-007-S2 - OMANI VI\u1ec6T NAM","og_description":"APEX PAII 115-007-S2 APEX PAII 115-100-S2 100:1 OVERVIEW Output torque T2N :8 Nm &#8211; 459 Nm Ratios: 1-stage :3 \/ 4 \/ 5 \/ 7 \/ 9 \/ 10 2-stage : 15 \/ 16 \/ 20 \/ 25 \/ 30 \/ 35 \/ 40 \/ 50 \/ 70 \/ 81&hellip;","og_url":"https:\/\/omanivietnam.com\/index.php\/san-pham\/apex-paii-115-007-s2\/","og_site_name":"OMANI VI\u1ec6T NAM","og_image":[{"width":442,"height":557,"url":"https:\/\/omanivietnam.com\/wp-content\/uploads\/2024\/10\/PAII-115-007-S2.png","type":"image\/png"}],"twitter_card":"summary_large_image","twitter_misc":{"\u01af\u1edbc t\u00ednh th\u1eddi gian \u0111\u1ecdc":"2 ph\u00fat"},"schema":{"@context":"https:\/\/schema.org","@graph":[{"@type":"WebPage","@id":"https:\/\/omanivietnam.com\/index.php\/san-pham\/apex-paii-115-007-s2\/","url":"https:\/\/omanivietnam.com\/index.php\/san-pham\/apex-paii-115-007-s2\/","name":"APEX PAII 115-007-S2 - OMANI VI\u1ec6T NAM","isPartOf":{"@id":"https:\/\/omanivietnam.com\/#website"},"primaryImageOfPage":{"@id":"https:\/\/omanivietnam.com\/index.php\/san-pham\/apex-paii-115-007-s2\/#primaryimage"},"image":{"@id":"https:\/\/omanivietnam.com\/index.php\/san-pham\/apex-paii-115-007-s2\/#primaryimage"},"thumbnailUrl":"https:\/\/omanivietnam.com\/wp-content\/uploads\/2024\/10\/PAII-115-007-S2.png","datePublished":"2024-10-16T15:13:01+00:00","dateModified":"2024-10-16T15:13:01+00:00","breadcrumb":{"@id":"https:\/\/omanivietnam.com\/index.php\/san-pham\/apex-paii-115-007-s2\/#breadcrumb"},"inLanguage":"vi","potentialAction":[{"@type":"ReadAction","target":["https:\/\/omanivietnam.com\/index.php\/san-pham\/apex-paii-115-007-s2\/"]}]},{"@type":"ImageObject","inLanguage":"vi","@id":"https:\/\/omanivietnam.com\/index.php\/san-pham\/apex-paii-115-007-s2\/#primaryimage","url":"https:\/\/omanivietnam.com\/wp-content\/uploads\/2024\/10\/PAII-115-007-S2.png","contentUrl":"https:\/\/omanivietnam.com\/wp-content\/uploads\/2024\/10\/PAII-115-007-S2.png","width":442,"height":557},{"@type":"BreadcrumbList","@id":"https:\/\/omanivietnam.com\/index.php\/san-pham\/apex-paii-115-007-s2\/#breadcrumb","itemListElement":[{"@type":"ListItem","position":1,"name":"Home","item":"https:\/\/omanivietnam.com\/"},{"@type":"ListItem","position":2,"name":"S\u1ea2N PH\u1ea8M","item":"https:\/\/omanivietnam.com\/index.php\/cua-hang\/"},{"@type":"ListItem","position":3,"name":"APEX PAII 115-007-S2"}]},{"@type":"WebSite","@id":"https:\/\/omanivietnam.com\/#website","url":"https:\/\/omanivietnam.com\/","name":"OMANI VI\u1ec6T NAM","description":"Nh\u00e0 ph\u00e2n ph\u1ed1i thi\u1ebft b\u1ecb kh\u00ed n\u00e9n v\u00e0 thi\u1ebft b\u1ecb t\u1ef1 \u0111\u1ed9ng h\u00f3a trong c\u00f4ng nghi\u1ec7p","publisher":{"@id":"https:\/\/omanivietnam.com\/#\/schema\/person\/0ad398a980dc3fd696111c2c5c8fa897"},"potentialAction":[{"@type":"SearchAction","target":{"@type":"EntryPoint","urlTemplate":"https:\/\/omanivietnam.com\/?s={search_term_string}"},"query-input":"required name=search_term_string"}],"inLanguage":"vi"},{"@type":["Person","Organization"],"@id":"https:\/\/omanivietnam.com\/#\/schema\/person\/0ad398a980dc3fd696111c2c5c8fa897","name":"Nguy\u1ec5n V\u0103n Kh\u00e1nh","image":{"@type":"ImageObject","inLanguage":"vi","@id":"https:\/\/omanivietnam.com\/#\/schema\/person\/image\/","url":"https:\/\/omanivietnam.com\/wp-content\/uploads\/2024\/06\/logo-1024x1024.png","contentUrl":"https:\/\/omanivietnam.com\/wp-content\/uploads\/2024\/06\/logo-1024x1024.png","width":1024,"height":1024,"caption":"Nguy\u1ec5n V\u0103n Kh\u00e1nh"},"logo":{"@id":"https:\/\/omanivietnam.com\/#\/schema\/person\/image\/"},"sameAs":["https:\/\/omanivietnam.com"]}]}},"_links":{"self":[{"href":"https:\/\/omanivietnam.com\/index.php\/wp-json\/wp\/v2\/product\/2205","targetHints":{"allow":["GET"]}}],"collection":[{"href":"https:\/\/omanivietnam.com\/index.php\/wp-json\/wp\/v2\/product"}],"about":[{"href":"https:\/\/omanivietnam.com\/index.php\/wp-json\/wp\/v2\/types\/product"}],"replies":[{"embeddable":true,"href":"https:\/\/omanivietnam.com\/index.php\/wp-json\/wp\/v2\/comments?post=2205"}],"wp:featuredmedia":[{"embeddable":true,"href":"https:\/\/omanivietnam.com\/index.php\/wp-json\/wp\/v2\/media\/2206"}],"wp:attachment":[{"href":"https:\/\/omanivietnam.com\/index.php\/wp-json\/wp\/v2\/media?parent=2205"}],"wp:term":[{"taxonomy":"product_cat","embeddable":true,"href":"https:\/\/omanivietnam.com\/index.php\/wp-json\/wp\/v2\/product_cat?post=2205"},{"taxonomy":"product_tag","embeddable":true,"href":"https:\/\/omanivietnam.com\/index.php\/wp-json\/wp\/v2\/product_tag?post=2205"}],"curies":[{"name":"wp","href":"https:\/\/api.w.org\/{rel}","templated":true}]}}