{"id":2207,"date":"2024-10-16T22:20:47","date_gmt":"2024-10-16T15:20:47","guid":{"rendered":"https:\/\/omanivietnam.com\/?post_type=product&#038;p=2207"},"modified":"2024-10-20T10:25:30","modified_gmt":"2024-10-20T03:25:30","slug":"apex-ab142-010-s2-p2","status":"publish","type":"product","link":"https:\/\/omanivietnam.com\/index.php\/san-pham\/apex-ab142-010-s2-p2\/","title":{"rendered":"APEX AB142-010-S2-P2"},"content":{"rendered":"<p>APEX AB142-010-S2-P2<\/p>\n<p class=\"m-h1\">AB-Series High Precision Planetary Gearboxes (AB142-010-S2-P2)<\/p>\n<p>AB142-010-S2-P2\/ALLEN BRADLEY VPL-B1303F<\/p>\n<p class=\"m-h2\">Product Description<\/p>\n<p>Powerful, precise, robust, quiet and fast, suitable for all servo applications. The Apex AB series is the Next generation in planetary technology. Highest Precision, Highest Torque and Quiet Operation are provided by 100% optimized Helical Gearing. Straddle Mounted High Precision Bearings Allow for High Radial and Axial Loads.<\/p>\n<p>&nbsp;<\/p>\n<p class=\"m-h3\">Configured Specifications<\/p>\n<table class=\"m-listTable\" summary=\"Price, Spec., etc.\">\n<colgroup>\n<col width=\"20%\" \/>\n<col width=\"30%\" \/>\n<col width=\"20%\" \/>\n<col width=\"30%\" \/><\/colgroup>\n<tbody>\n<tr>\n<th>Nominal Output Torque(Nm)<\/th>\n<td>450<\/td>\n<th>Emergency Stop Torque(Nm)<\/th>\n<td>3 times of Nominal Output Torque<\/td>\n<\/tr>\n<tr>\n<th>Nominal Input Speed(rpm)<\/th>\n<td>3,000<\/td>\n<th>Max. Input Speed(rpm)<\/th>\n<td>6,000<\/td>\n<\/tr>\n<tr>\n<th>Standard Backlash(arcmin)<\/th>\n<td>\u22645<\/td>\n<th>Torsional Rigidity(Nm\/arcmin)<\/th>\n<td>50<\/td>\n<\/tr>\n<tr>\n<th>Max. Radial Load(N)<\/th>\n<td>9,400<\/td>\n<th>Max. Axial Load(N)<\/th>\n<td>4,700<\/td>\n<\/tr>\n<tr>\n<th>Service Life(hr)<\/th>\n<td>20,000<\/td>\n<th>Efficiency(%)<\/th>\n<td>\u226597%<\/td>\n<\/tr>\n<tr>\n<th>Weight(kg)<\/th>\n<td>14.5<\/td>\n<th>Operating Temperature(\u00b0C)<\/th>\n<td>-10~+90<\/td>\n<\/tr>\n<tr class=\"VN_table-row\">\n<th>Lubrication<\/th>\n<td>Synthetic lubrication oils<\/td>\n<th>Degree of Gearbox Protection<\/th>\n<td>IP65<\/td>\n<\/tr>\n<tr class=\"VN_table-row\">\n<th>Mounting Position<\/th>\n<td>all directions<\/td>\n<th>Noise Level (n =3000rpm, No Load)(dB(A))<\/th>\n<td>\u226465<\/td>\n<\/tr>\n<tr class=\"VN_table-row\">\n<th>Mass Moments of Inertia(kg\u2027cm2)<\/th>\n<td>7.03<\/td>\n<th>Shaft Option<\/th>\n<td>Output Shaft with Key<\/td>\n<\/tr>\n<\/tbody>\n<\/table>\n<p>H\u1ed9p gi\u1ea3m t\u1ed1c<br \/>\nModel: AB142-010-S2-P2<br \/>\nBrand: Apex<\/p>\n<p>\u0110\u1ed9ng c\u01a1 HG-SR352B<\/p>\n<table>\n<tbody>\n<tr>\n<td>Apex Dynamics Vietnam<\/td>\n<td>Model:\u00a0<strong>AB142-010-S2-P2 \/ MITSUBISHI HG-JR353<\/strong><\/td>\n<\/tr>\n<tr>\n<td><\/td>\n<td>Gear Box ; Drawing no<a href=\"https:\/\/sites.google.com\/site\/sparepartworldans\/home\" target=\"_blank\" rel=\"noopener\">.<\/a>\u00a0AB1421-P0403500101<\/td>\n<\/tr>\n<tr>\n<td><\/td>\n<td>Note: B\u00e1o gi\u00e1 theo b\u1ea3ng v\u1ebd<\/td>\n<\/tr>\n<tr>\n<td>Apex Dynamics Vietnam<\/td>\n<td>Model:\u00a0<strong>ATB280H(Low friction)-002-S2 \/ MITSUBISHI HA-LP22K2B<\/strong><\/td>\n<\/tr>\n<tr>\n<td><\/td>\n<td>Gear Box ; Drawing no . ATB280H1<\/td>\n<\/tr>\n<tr>\n<td><\/td>\n<td>Note: B\u00e1o gi\u00e1 theo b\u1ea3ng v\u1ebd<\/td>\n<\/tr>\n<\/tbody>\n<\/table>\n<table>\n<tbody>\n<tr>\n<td>APEX DYNAMICS Vietnam<\/td>\n<td>Model:\u00a0<strong>AB142-010-S2-P2 \/ MITSUBISHI HG-JR353<\/strong><\/td>\n<\/tr>\n<tr>\n<td><\/td>\n<td>Gear Box ; Drawing no<a href=\"http:\/\/www.thegioicongnghiepvietnam.wordpress.com\/\" target=\"_blank\" rel=\"noopener\">.<\/a>\u00a0AB1421-P0403500101<\/td>\n<\/tr>\n<tr>\n<td><\/td>\n<td>Note: B\u00e1o gi\u00e1 theo b\u1ea3ng v\u1ebd<\/td>\n<\/tr>\n<\/tbody>\n<\/table>\n","protected":false},"excerpt":{"rendered":"<p>APEX AB142-010-S2-P2 AB-Series High Precision Planetary Gearboxes (AB142-010-S2-P2) AB142-010-S2-P2\/ALLEN BRADLEY VPL-B1303F Product Description Powerful, precise, robust, quiet and fast, suitable for all servo applications. The Apex AB series is the Next generation in planetary technology. Highest Precision, Highest Torque and Quiet Operation are provided by 100% optimized Helical Gearing. Straddle&hellip; <\/p>\n","protected":false},"featured_media":2208,"comment_status":"open","ping_status":"closed","template":"","meta":[],"product_cat":[344],"product_tag":[127,128,129],"class_list":{"0":"post-2207","1":"product","2":"type-product","3":"status-publish","4":"has-post-thumbnail","6":"product_cat-apex","7":"product_tag-apex-viet-nam","8":"product_tag-dai-ly-apex-viet-nam","9":"product_tag-hop-so","11":"first","12":"instock","13":"shipping-taxable","14":"product-type-simple"},"yoast_head":"<!-- This site is optimized with the Yoast SEO plugin v22.8 - https:\/\/yoast.com\/wordpress\/plugins\/seo\/ -->\n<title>APEX AB142-010-S2-P2 - OMANI VI\u1ec6T NAM<\/title>\n<meta name=\"robots\" content=\"index, follow, max-snippet:-1, max-image-preview:large, max-video-preview:-1\" \/>\n<link rel=\"canonical\" href=\"https:\/\/omanivietnam.com\/index.php\/san-pham\/apex-ab142-010-s2-p2\/\" \/>\n<meta property=\"og:locale\" content=\"vi_VN\" \/>\n<meta property=\"og:type\" content=\"article\" \/>\n<meta property=\"og:title\" content=\"APEX AB142-010-S2-P2 - OMANI VI\u1ec6T NAM\" \/>\n<meta property=\"og:description\" content=\"APEX AB142-010-S2-P2 AB-Series High Precision Planetary Gearboxes (AB142-010-S2-P2) AB142-010-S2-P2\/ALLEN BRADLEY VPL-B1303F Product Description Powerful, precise, robust, quiet and fast, suitable for all servo applications. The Apex AB series is the Next generation in planetary technology. Highest Precision, Highest Torque and Quiet Operation are provided by 100% optimized Helical Gearing. Straddle&hellip;\" \/>\n<meta property=\"og:url\" content=\"https:\/\/omanivietnam.com\/index.php\/san-pham\/apex-ab142-010-s2-p2\/\" \/>\n<meta property=\"og:site_name\" content=\"OMANI VI\u1ec6T NAM\" \/>\n<meta property=\"article:modified_time\" content=\"2024-10-20T03:25:30+00:00\" \/>\n<meta property=\"og:image\" content=\"https:\/\/omanivietnam.com\/wp-content\/uploads\/2024\/10\/APEX-AB142-010-S2-P2.png\" \/>\n\t<meta property=\"og:image:width\" content=\"382\" \/>\n\t<meta property=\"og:image:height\" content=\"365\" \/>\n\t<meta property=\"og:image:type\" content=\"image\/png\" \/>\n<meta name=\"twitter:card\" content=\"summary_large_image\" \/>\n<meta name=\"twitter:label1\" content=\"\u01af\u1edbc t\u00ednh th\u1eddi gian \u0111\u1ecdc\" \/>\n\t<meta name=\"twitter:data1\" content=\"2 ph\u00fat\" \/>\n<script type=\"application\/ld+json\" class=\"yoast-schema-graph\">{\"@context\":\"https:\/\/schema.org\",\"@graph\":[{\"@type\":\"WebPage\",\"@id\":\"https:\/\/omanivietnam.com\/index.php\/san-pham\/apex-ab142-010-s2-p2\/\",\"url\":\"https:\/\/omanivietnam.com\/index.php\/san-pham\/apex-ab142-010-s2-p2\/\",\"name\":\"APEX AB142-010-S2-P2 - OMANI VI\u1ec6T NAM\",\"isPartOf\":{\"@id\":\"https:\/\/omanivietnam.com\/#website\"},\"primaryImageOfPage\":{\"@id\":\"https:\/\/omanivietnam.com\/index.php\/san-pham\/apex-ab142-010-s2-p2\/#primaryimage\"},\"image\":{\"@id\":\"https:\/\/omanivietnam.com\/index.php\/san-pham\/apex-ab142-010-s2-p2\/#primaryimage\"},\"thumbnailUrl\":\"https:\/\/omanivietnam.com\/wp-content\/uploads\/2024\/10\/APEX-AB142-010-S2-P2.png\",\"datePublished\":\"2024-10-16T15:20:47+00:00\",\"dateModified\":\"2024-10-20T03:25:30+00:00\",\"breadcrumb\":{\"@id\":\"https:\/\/omanivietnam.com\/index.php\/san-pham\/apex-ab142-010-s2-p2\/#breadcrumb\"},\"inLanguage\":\"vi\",\"potentialAction\":[{\"@type\":\"ReadAction\",\"target\":[\"https:\/\/omanivietnam.com\/index.php\/san-pham\/apex-ab142-010-s2-p2\/\"]}]},{\"@type\":\"ImageObject\",\"inLanguage\":\"vi\",\"@id\":\"https:\/\/omanivietnam.com\/index.php\/san-pham\/apex-ab142-010-s2-p2\/#primaryimage\",\"url\":\"https:\/\/omanivietnam.com\/wp-content\/uploads\/2024\/10\/APEX-AB142-010-S2-P2.png\",\"contentUrl\":\"https:\/\/omanivietnam.com\/wp-content\/uploads\/2024\/10\/APEX-AB142-010-S2-P2.png\",\"width\":382,\"height\":365},{\"@type\":\"BreadcrumbList\",\"@id\":\"https:\/\/omanivietnam.com\/index.php\/san-pham\/apex-ab142-010-s2-p2\/#breadcrumb\",\"itemListElement\":[{\"@type\":\"ListItem\",\"position\":1,\"name\":\"Home\",\"item\":\"https:\/\/omanivietnam.com\/\"},{\"@type\":\"ListItem\",\"position\":2,\"name\":\"S\u1ea2N PH\u1ea8M\",\"item\":\"https:\/\/omanivietnam.com\/index.php\/cua-hang\/\"},{\"@type\":\"ListItem\",\"position\":3,\"name\":\"APEX AB142-010-S2-P2\"}]},{\"@type\":\"WebSite\",\"@id\":\"https:\/\/omanivietnam.com\/#website\",\"url\":\"https:\/\/omanivietnam.com\/\",\"name\":\"OMANI VI\u1ec6T NAM\",\"description\":\"Nh\u00e0 ph\u00e2n ph\u1ed1i thi\u1ebft b\u1ecb kh\u00ed n\u00e9n v\u00e0 thi\u1ebft b\u1ecb t\u1ef1 \u0111\u1ed9ng h\u00f3a trong c\u00f4ng nghi\u1ec7p\",\"publisher\":{\"@id\":\"https:\/\/omanivietnam.com\/#\/schema\/person\/0ad398a980dc3fd696111c2c5c8fa897\"},\"potentialAction\":[{\"@type\":\"SearchAction\",\"target\":{\"@type\":\"EntryPoint\",\"urlTemplate\":\"https:\/\/omanivietnam.com\/?s={search_term_string}\"},\"query-input\":\"required name=search_term_string\"}],\"inLanguage\":\"vi\"},{\"@type\":[\"Person\",\"Organization\"],\"@id\":\"https:\/\/omanivietnam.com\/#\/schema\/person\/0ad398a980dc3fd696111c2c5c8fa897\",\"name\":\"Nguy\u1ec5n V\u0103n Kh\u00e1nh\",\"image\":{\"@type\":\"ImageObject\",\"inLanguage\":\"vi\",\"@id\":\"https:\/\/omanivietnam.com\/#\/schema\/person\/image\/\",\"url\":\"https:\/\/omanivietnam.com\/wp-content\/uploads\/2024\/06\/logo-1024x1024.png\",\"contentUrl\":\"https:\/\/omanivietnam.com\/wp-content\/uploads\/2024\/06\/logo-1024x1024.png\",\"width\":1024,\"height\":1024,\"caption\":\"Nguy\u1ec5n V\u0103n Kh\u00e1nh\"},\"logo\":{\"@id\":\"https:\/\/omanivietnam.com\/#\/schema\/person\/image\/\"},\"sameAs\":[\"https:\/\/omanivietnam.com\"]}]}<\/script>\n<!-- \/ Yoast SEO plugin. -->","yoast_head_json":{"title":"APEX AB142-010-S2-P2 - OMANI VI\u1ec6T NAM","robots":{"index":"index","follow":"follow","max-snippet":"max-snippet:-1","max-image-preview":"max-image-preview:large","max-video-preview":"max-video-preview:-1"},"canonical":"https:\/\/omanivietnam.com\/index.php\/san-pham\/apex-ab142-010-s2-p2\/","og_locale":"vi_VN","og_type":"article","og_title":"APEX AB142-010-S2-P2 - OMANI VI\u1ec6T NAM","og_description":"APEX AB142-010-S2-P2 AB-Series High Precision Planetary Gearboxes (AB142-010-S2-P2) AB142-010-S2-P2\/ALLEN BRADLEY VPL-B1303F Product Description Powerful, precise, robust, quiet and fast, suitable for all servo applications. The Apex AB series is the Next generation in planetary technology. Highest Precision, Highest Torque and Quiet Operation are provided by 100% optimized Helical Gearing. Straddle&hellip;","og_url":"https:\/\/omanivietnam.com\/index.php\/san-pham\/apex-ab142-010-s2-p2\/","og_site_name":"OMANI VI\u1ec6T NAM","article_modified_time":"2024-10-20T03:25:30+00:00","og_image":[{"width":382,"height":365,"url":"https:\/\/omanivietnam.com\/wp-content\/uploads\/2024\/10\/APEX-AB142-010-S2-P2.png","type":"image\/png"}],"twitter_card":"summary_large_image","twitter_misc":{"\u01af\u1edbc t\u00ednh th\u1eddi gian \u0111\u1ecdc":"2 ph\u00fat"},"schema":{"@context":"https:\/\/schema.org","@graph":[{"@type":"WebPage","@id":"https:\/\/omanivietnam.com\/index.php\/san-pham\/apex-ab142-010-s2-p2\/","url":"https:\/\/omanivietnam.com\/index.php\/san-pham\/apex-ab142-010-s2-p2\/","name":"APEX AB142-010-S2-P2 - OMANI VI\u1ec6T NAM","isPartOf":{"@id":"https:\/\/omanivietnam.com\/#website"},"primaryImageOfPage":{"@id":"https:\/\/omanivietnam.com\/index.php\/san-pham\/apex-ab142-010-s2-p2\/#primaryimage"},"image":{"@id":"https:\/\/omanivietnam.com\/index.php\/san-pham\/apex-ab142-010-s2-p2\/#primaryimage"},"thumbnailUrl":"https:\/\/omanivietnam.com\/wp-content\/uploads\/2024\/10\/APEX-AB142-010-S2-P2.png","datePublished":"2024-10-16T15:20:47+00:00","dateModified":"2024-10-20T03:25:30+00:00","breadcrumb":{"@id":"https:\/\/omanivietnam.com\/index.php\/san-pham\/apex-ab142-010-s2-p2\/#breadcrumb"},"inLanguage":"vi","potentialAction":[{"@type":"ReadAction","target":["https:\/\/omanivietnam.com\/index.php\/san-pham\/apex-ab142-010-s2-p2\/"]}]},{"@type":"ImageObject","inLanguage":"vi","@id":"https:\/\/omanivietnam.com\/index.php\/san-pham\/apex-ab142-010-s2-p2\/#primaryimage","url":"https:\/\/omanivietnam.com\/wp-content\/uploads\/2024\/10\/APEX-AB142-010-S2-P2.png","contentUrl":"https:\/\/omanivietnam.com\/wp-content\/uploads\/2024\/10\/APEX-AB142-010-S2-P2.png","width":382,"height":365},{"@type":"BreadcrumbList","@id":"https:\/\/omanivietnam.com\/index.php\/san-pham\/apex-ab142-010-s2-p2\/#breadcrumb","itemListElement":[{"@type":"ListItem","position":1,"name":"Home","item":"https:\/\/omanivietnam.com\/"},{"@type":"ListItem","position":2,"name":"S\u1ea2N PH\u1ea8M","item":"https:\/\/omanivietnam.com\/index.php\/cua-hang\/"},{"@type":"ListItem","position":3,"name":"APEX AB142-010-S2-P2"}]},{"@type":"WebSite","@id":"https:\/\/omanivietnam.com\/#website","url":"https:\/\/omanivietnam.com\/","name":"OMANI VI\u1ec6T NAM","description":"Nh\u00e0 ph\u00e2n ph\u1ed1i thi\u1ebft b\u1ecb kh\u00ed n\u00e9n v\u00e0 thi\u1ebft b\u1ecb t\u1ef1 \u0111\u1ed9ng h\u00f3a trong c\u00f4ng nghi\u1ec7p","publisher":{"@id":"https:\/\/omanivietnam.com\/#\/schema\/person\/0ad398a980dc3fd696111c2c5c8fa897"},"potentialAction":[{"@type":"SearchAction","target":{"@type":"EntryPoint","urlTemplate":"https:\/\/omanivietnam.com\/?s={search_term_string}"},"query-input":"required name=search_term_string"}],"inLanguage":"vi"},{"@type":["Person","Organization"],"@id":"https:\/\/omanivietnam.com\/#\/schema\/person\/0ad398a980dc3fd696111c2c5c8fa897","name":"Nguy\u1ec5n V\u0103n Kh\u00e1nh","image":{"@type":"ImageObject","inLanguage":"vi","@id":"https:\/\/omanivietnam.com\/#\/schema\/person\/image\/","url":"https:\/\/omanivietnam.com\/wp-content\/uploads\/2024\/06\/logo-1024x1024.png","contentUrl":"https:\/\/omanivietnam.com\/wp-content\/uploads\/2024\/06\/logo-1024x1024.png","width":1024,"height":1024,"caption":"Nguy\u1ec5n V\u0103n Kh\u00e1nh"},"logo":{"@id":"https:\/\/omanivietnam.com\/#\/schema\/person\/image\/"},"sameAs":["https:\/\/omanivietnam.com"]}]}},"_links":{"self":[{"href":"https:\/\/omanivietnam.com\/index.php\/wp-json\/wp\/v2\/product\/2207","targetHints":{"allow":["GET"]}}],"collection":[{"href":"https:\/\/omanivietnam.com\/index.php\/wp-json\/wp\/v2\/product"}],"about":[{"href":"https:\/\/omanivietnam.com\/index.php\/wp-json\/wp\/v2\/types\/product"}],"replies":[{"embeddable":true,"href":"https:\/\/omanivietnam.com\/index.php\/wp-json\/wp\/v2\/comments?post=2207"}],"wp:featuredmedia":[{"embeddable":true,"href":"https:\/\/omanivietnam.com\/index.php\/wp-json\/wp\/v2\/media\/2208"}],"wp:attachment":[{"href":"https:\/\/omanivietnam.com\/index.php\/wp-json\/wp\/v2\/media?parent=2207"}],"wp:term":[{"taxonomy":"product_cat","embeddable":true,"href":"https:\/\/omanivietnam.com\/index.php\/wp-json\/wp\/v2\/product_cat?post=2207"},{"taxonomy":"product_tag","embeddable":true,"href":"https:\/\/omanivietnam.com\/index.php\/wp-json\/wp\/v2\/product_tag?post=2207"}],"curies":[{"name":"wp","href":"https:\/\/api.w.org\/{rel}","templated":true}]}}