{"id":2239,"date":"2024-10-19T15:12:19","date_gmt":"2024-10-19T08:12:19","guid":{"rendered":"https:\/\/omanivietnam.com\/?post_type=product&#038;p=2239"},"modified":"2024-10-19T15:13:28","modified_gmt":"2024-10-19T08:13:28","slug":"smc-itv2030-012l","status":"publish","type":"product","link":"https:\/\/omanivietnam.com\/index.php\/san-pham\/smc-itv2030-012l\/","title":{"rendered":"SMC ITV2030-012L"},"content":{"rendered":"<p>SMC ITV2030-012L<\/p>\n<p>SMC ITV2030-312L5<\/p>\n<p class=\"m-h1\">Electro-Pneumatic Regulator ITV1000\/2000\/3000 Series (ITV2030-312L5)<\/p>\n<p class=\"m-h2\">Product Description<\/p>\n<p>Electro-Pneumatic Regulator ITV1000\/2000\/3000 Series with 2 possible directions of cable entry.<br \/>\n[Features]<br \/>\n\u00b7 Stepless control of air pressure in proportion to an electric signal.<br \/>\n\u00b7 Sensitivity: 0.2\u00a0kPa (100\u00a0kPa specification).<br \/>\n\u00b7 Linearity: within \u00b11% (F.S.)<br \/>\n\u00b7 Hysteresis: within 0.5% (F.S.)<br \/>\n\u00b7 Protective structure: IP65.<br \/>\n\u00b7 2 possible directions of cable entry.<br \/>\n\u00b7 Grease-free specification (ITV1000 Series).<\/p>\n<p class=\"m-h3\"><span data-lang=\"ENG\">Configured Specifications<\/span><\/p>\n<table class=\"m-listTable\" summary=\"Price, Spec., etc.\">\n<colgroup>\n<col width=\"20%\" \/>\n<col width=\"30%\" \/>\n<col width=\"20%\" \/>\n<col width=\"30%\" \/><\/colgroup>\n<tbody>\n<tr>\n<th>Regulator, Pressure Boosting Valve<\/th>\n<td>Regulator<\/td>\n<th>Regulator Type<\/th>\n<td>Electropneumatic<\/td>\n<\/tr>\n<tr>\n<th>Applicable Fluid<\/th>\n<td>Air<\/td>\n<th>Shape<\/th>\n<td>Standard<\/td>\n<\/tr>\n<tr>\n<th>Operating Environment<\/th>\n<td>Standard<\/td>\n<th>Exhaust Mechanism<\/th>\n<td>[Not Provided] No<\/td>\n<\/tr>\n<tr>\n<th>Adverse Current Function<\/th>\n<td>No<\/td>\n<th>Supply Side, Connection Type<\/th>\n<td>Rc<\/td>\n<\/tr>\n<tr>\n<th>Supply Side, Connection Dia.<\/th>\n<td>1\/4<\/td>\n<th>Control Side, Connection Type<\/th>\n<td>Rc<\/td>\n<\/tr>\n<tr>\n<th>Control Side, Connection Dia.<\/th>\n<td>1\/4<\/td>\n<th>Pressure Gauge<\/th>\n<td>[Not Provided] No<\/td>\n<\/tr>\n<tr class=\"VN_table-row\">\n<th>Input Signal \/ Communication Signal<\/th>\n<td>[DC0-10V] Voltage Source Type DC 0~10V<\/td>\n<th>Accessory<\/th>\n<td>None<\/td>\n<\/tr>\n<tr class=\"VN_table-row\">\n<th>Pressure Unit<\/th>\n<td>kPa<\/td>\n<th>Custom-made Specifications<\/th>\n<td>None<\/td>\n<\/tr>\n<tr class=\"VN_table-row\">\n<th>Specifications<\/th>\n<td>2000 Type<\/td>\n<th>Power Supply Voltage<\/th>\n<td>24\u00a0V\u00a0DC<\/td>\n<\/tr>\n<tr class=\"VN_table-row\">\n<th>Monitor Output<\/th>\n<td>Analog output 1 to 5\u00a0V\u00a0DC<\/td>\n<th>Cable Connector Type<\/th>\n<td>Right-angle type 2\u00a0m<\/td>\n<\/tr>\n<tr class=\"VN_table-row\">\n<th>Pressure Range<\/th>\n<td>0.5\u00a0MPa<\/td>\n<th>RoHS<\/th>\n<td>&#8211;<\/td>\n<\/tr>\n<\/tbody>\n<\/table>\n<p>C\u00e1c s\u1ea3n ph\u1ea9m t\u01b0\u01a1ng t\u1ef1<\/p>\n<p>Van \u0111i\u1ec1u \u00e1p SMC ITV2030-312L<\/p>\n<p>Van \u0111i\u1ec1u \u00e1p SMC ITV2030-312L3<\/p>\n<p>Van \u0111i\u1ec1u \u00e1p ITV2030-312BL2<\/p>\n<p>&nbsp;<\/p>\n<p>ITV2030-312CL<br \/>\nITV2030-312CL2<br \/>\nITV2030-312CL3<br \/>\nITV2030-312CS<br \/>\nITV2030-312CS2<br \/>\nITV2030-312L<br \/>\nITV2030-312L3<br \/>\nITV2030-312L3-Q<br \/>\nITV2030-312L4-Q<br \/>\nITV2030-312L5<br \/>\nITV2030-312L5-Q<br \/>\nITV2030-312N<br \/>\nITV2030-312N3-Q<br \/>\nITV2030-312N5<br \/>\nITV2030-312S<br \/>\nITV2030-312S5<br \/>\nITV2030-312U1M01<\/p>\n<p>&nbsp;<\/p>\n<p>\u0110\u1ea1i l\u00fd SMC vietnam, SMC viet nam, SMC vietnam distributor, Ph\u00e2n ph\u1ed1i SMC t\u1ea1i vi\u1ec7t nam<\/p>\n<p>\u0110\u1ea1i l\u00fd SMC vietnam, SMC viet nam, SMC vietnam distributor, Ph\u00e2n ph\u1ed1i SMC t\u1ea1i vi\u1ec7t nam<\/p>\n<p>\u0110\u1ea1i l\u00fd SMC vietnam, SMC viet nam, SMC vietnam distributor, Ph\u00e2n ph\u1ed1i SMC t\u1ea1i vi\u1ec7t nam<\/p>\n<p>\u0110\u1ea1i l\u00fd SMC vietnam, SMC viet nam, SMC vietnam distributor, Ph\u00e2n ph\u1ed1i SMC t\u1ea1i vi\u1ec7t nam<\/p>\n<p>\u0110\u1ea1i l\u00fd SMC vietnam, SMC viet nam, SMC vietnam distributor, Ph\u00e2n ph\u1ed1i SMC t\u1ea1i vi\u1ec7t nam<\/p>\n","protected":false},"excerpt":{"rendered":"<p>SMC ITV2030-012L SMC ITV2030-312L5 Electro-Pneumatic Regulator ITV1000\/2000\/3000 Series (ITV2030-312L5) Product Description Electro-Pneumatic Regulator ITV1000\/2000\/3000 Series with 2 possible directions of cable entry. [Features] \u00b7 Stepless control of air pressure in proportion to an electric signal. \u00b7 Sensitivity: 0.2\u00a0kPa (100\u00a0kPa specification). \u00b7 Linearity: within \u00b11% (F.S.) \u00b7 Hysteresis: within 0.5% (F.S.)&hellip; <\/p>\n","protected":false},"featured_media":2240,"comment_status":"open","ping_status":"closed","template":"","meta":[],"product_cat":[283],"product_tag":[93,92,198],"class_list":{"0":"post-2239","1":"product","2":"type-product","3":"status-publish","4":"has-post-thumbnail","6":"product_cat-smc","7":"product_tag-dai-ly-smc-viet-nam","8":"product_tag-smc-viet-nam","9":"product_tag-van-dieu-ap","11":"first","12":"instock","13":"shipping-taxable","14":"product-type-simple"},"yoast_head":"<!-- This site is optimized with the Yoast SEO plugin v22.8 - https:\/\/yoast.com\/wordpress\/plugins\/seo\/ -->\n<title>SMC ITV2030-012L - OMANI VI\u1ec6T NAM<\/title>\n<meta name=\"robots\" content=\"index, follow, max-snippet:-1, max-image-preview:large, max-video-preview:-1\" \/>\n<link rel=\"canonical\" href=\"https:\/\/omanivietnam.com\/index.php\/san-pham\/smc-itv2030-012l\/\" \/>\n<meta property=\"og:locale\" content=\"vi_VN\" \/>\n<meta property=\"og:type\" content=\"article\" \/>\n<meta property=\"og:title\" content=\"SMC ITV2030-012L - OMANI VI\u1ec6T NAM\" \/>\n<meta property=\"og:description\" content=\"SMC ITV2030-012L SMC ITV2030-312L5 Electro-Pneumatic Regulator ITV1000\/2000\/3000 Series (ITV2030-312L5) Product Description Electro-Pneumatic Regulator ITV1000\/2000\/3000 Series with 2 possible directions of cable entry. [Features] \u00b7 Stepless control of air pressure in proportion to an electric signal. \u00b7 Sensitivity: 0.2\u00a0kPa (100\u00a0kPa specification). \u00b7 Linearity: within \u00b11% (F.S.) \u00b7 Hysteresis: within 0.5% (F.S.)&hellip;\" \/>\n<meta property=\"og:url\" content=\"https:\/\/omanivietnam.com\/index.php\/san-pham\/smc-itv2030-012l\/\" \/>\n<meta property=\"og:site_name\" content=\"OMANI VI\u1ec6T NAM\" \/>\n<meta property=\"article:modified_time\" content=\"2024-10-19T08:13:28+00:00\" \/>\n<meta property=\"og:image\" content=\"https:\/\/omanivietnam.com\/wp-content\/uploads\/2024\/10\/ITV2030-012L.png\" \/>\n\t<meta property=\"og:image:width\" content=\"609\" \/>\n\t<meta property=\"og:image:height\" content=\"612\" \/>\n\t<meta property=\"og:image:type\" content=\"image\/png\" \/>\n<meta name=\"twitter:card\" content=\"summary_large_image\" \/>\n<meta name=\"twitter:label1\" content=\"\u01af\u1edbc t\u00ednh th\u1eddi gian \u0111\u1ecdc\" \/>\n\t<meta name=\"twitter:data1\" content=\"2 ph\u00fat\" \/>\n<script type=\"application\/ld+json\" class=\"yoast-schema-graph\">{\"@context\":\"https:\/\/schema.org\",\"@graph\":[{\"@type\":\"WebPage\",\"@id\":\"https:\/\/omanivietnam.com\/index.php\/san-pham\/smc-itv2030-012l\/\",\"url\":\"https:\/\/omanivietnam.com\/index.php\/san-pham\/smc-itv2030-012l\/\",\"name\":\"SMC ITV2030-012L - OMANI VI\u1ec6T NAM\",\"isPartOf\":{\"@id\":\"https:\/\/omanivietnam.com\/#website\"},\"primaryImageOfPage\":{\"@id\":\"https:\/\/omanivietnam.com\/index.php\/san-pham\/smc-itv2030-012l\/#primaryimage\"},\"image\":{\"@id\":\"https:\/\/omanivietnam.com\/index.php\/san-pham\/smc-itv2030-012l\/#primaryimage\"},\"thumbnailUrl\":\"https:\/\/omanivietnam.com\/wp-content\/uploads\/2024\/10\/ITV2030-012L.png\",\"datePublished\":\"2024-10-19T08:12:19+00:00\",\"dateModified\":\"2024-10-19T08:13:28+00:00\",\"breadcrumb\":{\"@id\":\"https:\/\/omanivietnam.com\/index.php\/san-pham\/smc-itv2030-012l\/#breadcrumb\"},\"inLanguage\":\"vi\",\"potentialAction\":[{\"@type\":\"ReadAction\",\"target\":[\"https:\/\/omanivietnam.com\/index.php\/san-pham\/smc-itv2030-012l\/\"]}]},{\"@type\":\"ImageObject\",\"inLanguage\":\"vi\",\"@id\":\"https:\/\/omanivietnam.com\/index.php\/san-pham\/smc-itv2030-012l\/#primaryimage\",\"url\":\"https:\/\/omanivietnam.com\/wp-content\/uploads\/2024\/10\/ITV2030-012L.png\",\"contentUrl\":\"https:\/\/omanivietnam.com\/wp-content\/uploads\/2024\/10\/ITV2030-012L.png\",\"width\":609,\"height\":612},{\"@type\":\"BreadcrumbList\",\"@id\":\"https:\/\/omanivietnam.com\/index.php\/san-pham\/smc-itv2030-012l\/#breadcrumb\",\"itemListElement\":[{\"@type\":\"ListItem\",\"position\":1,\"name\":\"Home\",\"item\":\"https:\/\/omanivietnam.com\/\"},{\"@type\":\"ListItem\",\"position\":2,\"name\":\"S\u1ea2N PH\u1ea8M\",\"item\":\"https:\/\/omanivietnam.com\/index.php\/cua-hang\/\"},{\"@type\":\"ListItem\",\"position\":3,\"name\":\"SMC ITV2030-012L\"}]},{\"@type\":\"WebSite\",\"@id\":\"https:\/\/omanivietnam.com\/#website\",\"url\":\"https:\/\/omanivietnam.com\/\",\"name\":\"OMANI VI\u1ec6T NAM\",\"description\":\"Nh\u00e0 ph\u00e2n ph\u1ed1i thi\u1ebft b\u1ecb kh\u00ed n\u00e9n v\u00e0 thi\u1ebft b\u1ecb t\u1ef1 \u0111\u1ed9ng h\u00f3a trong c\u00f4ng nghi\u1ec7p\",\"publisher\":{\"@id\":\"https:\/\/omanivietnam.com\/#\/schema\/person\/0ad398a980dc3fd696111c2c5c8fa897\"},\"potentialAction\":[{\"@type\":\"SearchAction\",\"target\":{\"@type\":\"EntryPoint\",\"urlTemplate\":\"https:\/\/omanivietnam.com\/?s={search_term_string}\"},\"query-input\":\"required name=search_term_string\"}],\"inLanguage\":\"vi\"},{\"@type\":[\"Person\",\"Organization\"],\"@id\":\"https:\/\/omanivietnam.com\/#\/schema\/person\/0ad398a980dc3fd696111c2c5c8fa897\",\"name\":\"Nguy\u1ec5n V\u0103n Kh\u00e1nh\",\"image\":{\"@type\":\"ImageObject\",\"inLanguage\":\"vi\",\"@id\":\"https:\/\/omanivietnam.com\/#\/schema\/person\/image\/\",\"url\":\"https:\/\/omanivietnam.com\/wp-content\/uploads\/2024\/06\/logo-1024x1024.png\",\"contentUrl\":\"https:\/\/omanivietnam.com\/wp-content\/uploads\/2024\/06\/logo-1024x1024.png\",\"width\":1024,\"height\":1024,\"caption\":\"Nguy\u1ec5n V\u0103n Kh\u00e1nh\"},\"logo\":{\"@id\":\"https:\/\/omanivietnam.com\/#\/schema\/person\/image\/\"},\"sameAs\":[\"https:\/\/omanivietnam.com\"]}]}<\/script>\n<!-- \/ Yoast SEO plugin. -->","yoast_head_json":{"title":"SMC ITV2030-012L - OMANI VI\u1ec6T NAM","robots":{"index":"index","follow":"follow","max-snippet":"max-snippet:-1","max-image-preview":"max-image-preview:large","max-video-preview":"max-video-preview:-1"},"canonical":"https:\/\/omanivietnam.com\/index.php\/san-pham\/smc-itv2030-012l\/","og_locale":"vi_VN","og_type":"article","og_title":"SMC ITV2030-012L - OMANI VI\u1ec6T NAM","og_description":"SMC ITV2030-012L SMC ITV2030-312L5 Electro-Pneumatic Regulator ITV1000\/2000\/3000 Series (ITV2030-312L5) Product Description Electro-Pneumatic Regulator ITV1000\/2000\/3000 Series with 2 possible directions of cable entry. [Features] \u00b7 Stepless control of air pressure in proportion to an electric signal. \u00b7 Sensitivity: 0.2\u00a0kPa (100\u00a0kPa specification). \u00b7 Linearity: within \u00b11% (F.S.) \u00b7 Hysteresis: within 0.5% (F.S.)&hellip;","og_url":"https:\/\/omanivietnam.com\/index.php\/san-pham\/smc-itv2030-012l\/","og_site_name":"OMANI VI\u1ec6T NAM","article_modified_time":"2024-10-19T08:13:28+00:00","og_image":[{"width":609,"height":612,"url":"https:\/\/omanivietnam.com\/wp-content\/uploads\/2024\/10\/ITV2030-012L.png","type":"image\/png"}],"twitter_card":"summary_large_image","twitter_misc":{"\u01af\u1edbc t\u00ednh th\u1eddi gian \u0111\u1ecdc":"2 ph\u00fat"},"schema":{"@context":"https:\/\/schema.org","@graph":[{"@type":"WebPage","@id":"https:\/\/omanivietnam.com\/index.php\/san-pham\/smc-itv2030-012l\/","url":"https:\/\/omanivietnam.com\/index.php\/san-pham\/smc-itv2030-012l\/","name":"SMC ITV2030-012L - OMANI VI\u1ec6T NAM","isPartOf":{"@id":"https:\/\/omanivietnam.com\/#website"},"primaryImageOfPage":{"@id":"https:\/\/omanivietnam.com\/index.php\/san-pham\/smc-itv2030-012l\/#primaryimage"},"image":{"@id":"https:\/\/omanivietnam.com\/index.php\/san-pham\/smc-itv2030-012l\/#primaryimage"},"thumbnailUrl":"https:\/\/omanivietnam.com\/wp-content\/uploads\/2024\/10\/ITV2030-012L.png","datePublished":"2024-10-19T08:12:19+00:00","dateModified":"2024-10-19T08:13:28+00:00","breadcrumb":{"@id":"https:\/\/omanivietnam.com\/index.php\/san-pham\/smc-itv2030-012l\/#breadcrumb"},"inLanguage":"vi","potentialAction":[{"@type":"ReadAction","target":["https:\/\/omanivietnam.com\/index.php\/san-pham\/smc-itv2030-012l\/"]}]},{"@type":"ImageObject","inLanguage":"vi","@id":"https:\/\/omanivietnam.com\/index.php\/san-pham\/smc-itv2030-012l\/#primaryimage","url":"https:\/\/omanivietnam.com\/wp-content\/uploads\/2024\/10\/ITV2030-012L.png","contentUrl":"https:\/\/omanivietnam.com\/wp-content\/uploads\/2024\/10\/ITV2030-012L.png","width":609,"height":612},{"@type":"BreadcrumbList","@id":"https:\/\/omanivietnam.com\/index.php\/san-pham\/smc-itv2030-012l\/#breadcrumb","itemListElement":[{"@type":"ListItem","position":1,"name":"Home","item":"https:\/\/omanivietnam.com\/"},{"@type":"ListItem","position":2,"name":"S\u1ea2N PH\u1ea8M","item":"https:\/\/omanivietnam.com\/index.php\/cua-hang\/"},{"@type":"ListItem","position":3,"name":"SMC ITV2030-012L"}]},{"@type":"WebSite","@id":"https:\/\/omanivietnam.com\/#website","url":"https:\/\/omanivietnam.com\/","name":"OMANI VI\u1ec6T NAM","description":"Nh\u00e0 ph\u00e2n ph\u1ed1i thi\u1ebft b\u1ecb kh\u00ed n\u00e9n v\u00e0 thi\u1ebft b\u1ecb t\u1ef1 \u0111\u1ed9ng h\u00f3a trong c\u00f4ng nghi\u1ec7p","publisher":{"@id":"https:\/\/omanivietnam.com\/#\/schema\/person\/0ad398a980dc3fd696111c2c5c8fa897"},"potentialAction":[{"@type":"SearchAction","target":{"@type":"EntryPoint","urlTemplate":"https:\/\/omanivietnam.com\/?s={search_term_string}"},"query-input":"required name=search_term_string"}],"inLanguage":"vi"},{"@type":["Person","Organization"],"@id":"https:\/\/omanivietnam.com\/#\/schema\/person\/0ad398a980dc3fd696111c2c5c8fa897","name":"Nguy\u1ec5n V\u0103n Kh\u00e1nh","image":{"@type":"ImageObject","inLanguage":"vi","@id":"https:\/\/omanivietnam.com\/#\/schema\/person\/image\/","url":"https:\/\/omanivietnam.com\/wp-content\/uploads\/2024\/06\/logo-1024x1024.png","contentUrl":"https:\/\/omanivietnam.com\/wp-content\/uploads\/2024\/06\/logo-1024x1024.png","width":1024,"height":1024,"caption":"Nguy\u1ec5n V\u0103n Kh\u00e1nh"},"logo":{"@id":"https:\/\/omanivietnam.com\/#\/schema\/person\/image\/"},"sameAs":["https:\/\/omanivietnam.com"]}]}},"_links":{"self":[{"href":"https:\/\/omanivietnam.com\/index.php\/wp-json\/wp\/v2\/product\/2239","targetHints":{"allow":["GET"]}}],"collection":[{"href":"https:\/\/omanivietnam.com\/index.php\/wp-json\/wp\/v2\/product"}],"about":[{"href":"https:\/\/omanivietnam.com\/index.php\/wp-json\/wp\/v2\/types\/product"}],"replies":[{"embeddable":true,"href":"https:\/\/omanivietnam.com\/index.php\/wp-json\/wp\/v2\/comments?post=2239"}],"wp:featuredmedia":[{"embeddable":true,"href":"https:\/\/omanivietnam.com\/index.php\/wp-json\/wp\/v2\/media\/2240"}],"wp:attachment":[{"href":"https:\/\/omanivietnam.com\/index.php\/wp-json\/wp\/v2\/media?parent=2239"}],"wp:term":[{"taxonomy":"product_cat","embeddable":true,"href":"https:\/\/omanivietnam.com\/index.php\/wp-json\/wp\/v2\/product_cat?post=2239"},{"taxonomy":"product_tag","embeddable":true,"href":"https:\/\/omanivietnam.com\/index.php\/wp-json\/wp\/v2\/product_tag?post=2239"}],"curies":[{"name":"wp","href":"https:\/\/api.w.org\/{rel}","templated":true}]}}