{"id":2308,"date":"2024-10-22T05:52:34","date_gmt":"2024-10-21T22:52:34","guid":{"rendered":"https:\/\/omanivietnam.com\/?post_type=product&#038;p=2308"},"modified":"2024-10-22T05:53:26","modified_gmt":"2024-10-21T22:53:26","slug":"ifm-ac1401","status":"publish","type":"product","link":"https:\/\/omanivietnam.com\/index.php\/san-pham\/ifm-ac1401\/","title":{"rendered":"IFM AC1401"},"content":{"rendered":"<p>IFM AC1401<\/p>\n<div class=\"product-header product-header--desktop\">\n<p class=\"product-header__category\">AS-Interface PROFINET gateway<\/p>\n<div class=\"product-header__wrapper\">\n<p class=\"product-header__article\">AC1401<\/p>\n<p class=\"product-header__typekey\">AS-i Gateway 1Master PN<\/p>\n<\/div>\n<\/div>\n<div class=\"bulletpoint-list\">\n<ul class=\"bulletpoint-list__entries\">\n<li>With integrated fieldbus interface<\/li>\n<li>Reliable and fast data exchange with the sensor actuator level<\/li>\n<li>Colour display for indicating the status of all AS-i slaves<\/li>\n<li>User-friendly and simple configuration, set-up and diagnosis<\/li>\n<li>Quick-setup menu with intuitive operation<\/li>\n<\/ul>\n<div class=\"datasheet-section\">\n<div class=\"datasheet-section__headline heading-lined\">Application<\/div>\n<table class=\"datasheet-section__table datasheet-table\" aria-label=\"datasheet section table\">\n<tbody>\n<tr class=\"datasheet-table__row\">\n<th class=\"datasheet-table__label\">Application<\/th>\n<td class=\"datasheet-table__value\">PROFINET gateway<\/td>\n<\/tr>\n<\/tbody>\n<\/table>\n<\/div>\n<div class=\"datasheet-section\">\n<div class=\"datasheet-section__headline heading-lined\">Electrical data<\/div>\n<table class=\"datasheet-section__table datasheet-table\" aria-label=\"datasheet section table\">\n<tbody>\n<tr class=\"datasheet-table__row\">\n<th class=\"datasheet-table__label\">Operating voltage [V]<\/th>\n<td class=\"datasheet-table__value\">18&#8230;32 DC; (AUX; AS-i: 21&#8230;31,6 V DC)<\/td>\n<\/tr>\n<tr class=\"datasheet-table__row\">\n<th class=\"datasheet-table__label\">Current consumption [mA]<\/th>\n<td class=\"datasheet-table__value\">&lt; 500; (AUX \/ AS-i 1)<\/td>\n<\/tr>\n<tr class=\"datasheet-table__row\">\n<th class=\"datasheet-table__label\">Max. current consumption from AS-i [mA]<\/th>\n<td class=\"datasheet-table__value\">500; (with external supply: 10 mA)<\/td>\n<\/tr>\n<tr class=\"datasheet-table__row\">\n<th class=\"datasheet-table__label\">Number of AS-i masters<\/th>\n<td class=\"datasheet-table__value\">1<\/td>\n<\/tr>\n<tr class=\"datasheet-table__row\">\n<th class=\"datasheet-table__label\">Electrical separation<\/th>\n<td class=\"datasheet-table__value\">yes<\/td>\n<\/tr>\n<\/tbody>\n<\/table>\n<\/div>\n<div class=\"datasheet-section\">\n<div class=\"datasheet-section__headline heading-lined\">Outputs<\/div>\n<table class=\"datasheet-section__table datasheet-table\" aria-label=\"datasheet section table\">\n<tbody>\n<tr class=\"datasheet-table__row\">\n<th class=\"datasheet-table__label\">Voltage range DC [V]<\/th>\n<td class=\"datasheet-table__value\">to PELV<\/td>\n<\/tr>\n<\/tbody>\n<\/table>\n<\/div>\n<div class=\"datasheet-section\">\n<div class=\"datasheet-section__headline heading-lined\">Interfaces<\/div>\n<table class=\"datasheet-section__table datasheet-table\" aria-label=\"datasheet section table\">\n<tbody>\n<tr class=\"datasheet-table__row\">\n<th class=\"datasheet-table__label\">Communication interface<\/th>\n<td class=\"datasheet-table__value\">Ethernet<\/td>\n<\/tr>\n<\/tbody>\n<\/table>\n<div class=\"datasheet-section__sub-headline\">Ethernet &#8211; Modbus TCP<\/div>\n<table class=\"datasheet-section__table datasheet-table\" aria-label=\"datasheet section table\">\n<tbody>\n<tr class=\"datasheet-table__row\">\n<th class=\"datasheet-table__label\">Transmission rate<\/th>\n<td class=\"datasheet-table__value\">10 MBaud; 100 MBaud<\/td>\n<\/tr>\n<tr class=\"datasheet-table__row\">\n<th class=\"datasheet-table__label\">Connector type<\/th>\n<td class=\"datasheet-table__value\">RJ45<\/td>\n<\/tr>\n<tr class=\"datasheet-table__row\">\n<th class=\"datasheet-table__label\">Protocol<\/th>\n<td class=\"datasheet-table__value\">Modbus TCP<\/td>\n<\/tr>\n<tr class=\"datasheet-table__row\">\n<th class=\"datasheet-table__label\">Usage type<\/th>\n<td class=\"datasheet-table__value\">programming<\/td>\n<\/tr>\n<\/tbody>\n<\/table>\n<div class=\"datasheet-section__sub-headline\">Ethernet &#8211; PROFINET<\/div>\n<table class=\"datasheet-section__table datasheet-table\" aria-label=\"datasheet section table\">\n<tbody>\n<tr class=\"datasheet-table__row\">\n<th class=\"datasheet-table__label\">Transmission rate<\/th>\n<td class=\"datasheet-table__value\">100 MBaud<\/td>\n<\/tr>\n<tr class=\"datasheet-table__row\">\n<th class=\"datasheet-table__label\">Connector type<\/th>\n<td class=\"datasheet-table__value\">RJ45<\/td>\n<\/tr>\n<tr class=\"datasheet-table__row\">\n<th class=\"datasheet-table__label\">Protocol<\/th>\n<td class=\"datasheet-table__value\">PROFINET<\/td>\n<\/tr>\n<tr class=\"datasheet-table__row\">\n<th class=\"datasheet-table__label\">Usage type<\/th>\n<td class=\"datasheet-table__value\">data transmission<\/td>\n<\/tr>\n<tr class=\"datasheet-table__row\">\n<th class=\"datasheet-table__label\">Note on interfaces<\/th>\n<td class=\"datasheet-table__value\">\n<table>\n<colgroup class=\"pd-table-cols-1\">\n<col class=\"pd-table-col-1\" \/><\/colgroup>\n<tbody class=\"datasheet-sub-table\">\n<tr class=\"datasheet-sub-table__row\">\n<td class=\"datasheet-sub-table__value\">Device Class B<\/td>\n<\/tr>\n<\/tbody>\n<\/table>\n<\/td>\n<\/tr>\n<\/tbody>\n<\/table>\n<div class=\"datasheet-section__sub-headline\">Ethernet &#8211; TCP\/IP<\/div>\n<table class=\"datasheet-section__table datasheet-table\" aria-label=\"datasheet section table\">\n<tbody>\n<tr class=\"datasheet-table__row\">\n<th class=\"datasheet-table__label\">Transmission rate<\/th>\n<td class=\"datasheet-table__value\">10 MBaud; 100 MBaud<\/td>\n<\/tr>\n<tr class=\"datasheet-table__row\">\n<th class=\"datasheet-table__label\">Connector type<\/th>\n<td class=\"datasheet-table__value\">RJ45<\/td>\n<\/tr>\n<tr class=\"datasheet-table__row\">\n<th class=\"datasheet-table__label\">Protocol<\/th>\n<td class=\"datasheet-table__value\">TCP\/IP<\/td>\n<\/tr>\n<tr class=\"datasheet-table__row\">\n<th class=\"datasheet-table__label\">Usage type<\/th>\n<td class=\"datasheet-table__value\">programming<\/td>\n<\/tr>\n<\/tbody>\n<\/table>\n<div class=\"datasheet-section__sub-headline\">Ethernet &#8211; UDP\/IP<\/div>\n<table class=\"datasheet-section__table datasheet-table\" aria-label=\"datasheet section table\">\n<tbody>\n<tr class=\"datasheet-table__row\">\n<th class=\"datasheet-table__label\">Transmission rate<\/th>\n<td class=\"datasheet-table__value\">10 MBaud; 100 MBaud<\/td>\n<\/tr>\n<tr class=\"datasheet-table__row\">\n<th class=\"datasheet-table__label\">Connector type<\/th>\n<td class=\"datasheet-table__value\">RJ45<\/td>\n<\/tr>\n<tr class=\"datasheet-table__row\">\n<th class=\"datasheet-table__label\">Protocol<\/th>\n<td class=\"datasheet-table__value\">UDP\/IP<\/td>\n<\/tr>\n<tr class=\"datasheet-table__row\">\n<th class=\"datasheet-table__label\">Usage type<\/th>\n<td class=\"datasheet-table__value\">programming<\/td>\n<\/tr>\n<\/tbody>\n<\/table>\n<\/div>\n<div class=\"datasheet-section\">\n<div class=\"datasheet-section__headline heading-lined\">Operating conditions<\/div>\n<table class=\"datasheet-section__table datasheet-table\" aria-label=\"datasheet section table\">\n<tbody>\n<tr class=\"datasheet-table__row\">\n<th class=\"datasheet-table__label\">Ambient temperature [\u00b0C]<\/th>\n<td class=\"datasheet-table__value\">0&#8230;60<\/td>\n<\/tr>\n<tr class=\"datasheet-table__row\">\n<th class=\"datasheet-table__label\">Storage temperature [\u00b0C]<\/th>\n<td class=\"datasheet-table__value\">-20&#8230;70<\/td>\n<\/tr>\n<tr class=\"datasheet-table__row\">\n<th class=\"datasheet-table__label\">Protection<\/th>\n<td class=\"datasheet-table__value\">IP 20<\/td>\n<\/tr>\n<\/tbody>\n<\/table>\n<\/div>\n<div class=\"datasheet-section\">\n<div class=\"datasheet-section__headline heading-lined\">Tests \/ approvals<\/div>\n<table class=\"datasheet-section__table datasheet-table\" aria-label=\"datasheet section table\">\n<tbody>\n<tr class=\"datasheet-table__row\">\n<th class=\"datasheet-table__label\">MTTF [years]<\/th>\n<td class=\"datasheet-table__value\">46<\/td>\n<\/tr>\n<\/tbody>\n<\/table>\n<\/div>\n<div class=\"datasheet-section\">\n<div class=\"datasheet-section__headline heading-lined\">AS-i classification<\/div>\n<table class=\"datasheet-section__table datasheet-table\" aria-label=\"datasheet section table\">\n<tbody>\n<tr class=\"datasheet-table__row\">\n<th class=\"datasheet-table__label\">AS-i version<\/th>\n<td class=\"datasheet-table__value\">3.0<\/td>\n<\/tr>\n<tr class=\"datasheet-table__row\">\n<th class=\"datasheet-table__label\">AS-i master profile<\/th>\n<td class=\"datasheet-table__value\">M4<\/td>\n<\/tr>\n<tr class=\"datasheet-table__row\">\n<th class=\"datasheet-table__label\">AS-i certificate<\/th>\n<td class=\"datasheet-table__value\">97301<\/td>\n<\/tr>\n<\/tbody>\n<\/table>\n<\/div>\n<div class=\"datasheet-section\">\n<div class=\"datasheet-section__headline heading-lined\">Mechanical data<\/div>\n<table class=\"datasheet-section__table datasheet-table\" aria-label=\"datasheet section table\">\n<tbody>\n<tr class=\"datasheet-table__row\">\n<th class=\"datasheet-table__label\">Weight [g]<\/th>\n<td class=\"datasheet-table__value\">711<\/td>\n<\/tr>\n<tr class=\"datasheet-table__row\">\n<th class=\"datasheet-table__label\">Housing<\/th>\n<td class=\"datasheet-table__value\">housing for DIN rail mounting<\/td>\n<\/tr>\n<tr class=\"datasheet-table__row\">\n<th class=\"datasheet-table__label\">Materials<\/th>\n<td class=\"datasheet-table__value\">aluminium powder-coated; steel sheet galvanised; PC<\/td>\n<\/tr>\n<\/tbody>\n<\/table>\n<\/div>\n<div class=\"datasheet-section\">\n<div class=\"datasheet-section__headline heading-lined\">Displays \/ operating elements<\/div>\n<table class=\"datasheet-section__table datasheet-table\" aria-label=\"datasheet section table\">\n<tbody>\n<tr class=\"datasheet-table__row\">\n<th class=\"datasheet-table__label\">Display<\/th>\n<td class=\"datasheet-table__value\">\n<table>\n<colgroup class=\"pd-table-cols-2\">\n<col class=\"pd-table-col-1\" \/>\n<col class=\"pd-table-col-2\" \/><\/colgroup>\n<tbody class=\"datasheet-sub-table\">\n<tr class=\"datasheet-sub-table__row\">\n<td class=\"datasheet-sub-table__value\">function<\/td>\n<td class=\"datasheet-sub-table__value\">1 x LED, red\/green<\/td>\n<\/tr>\n<tr class=\"datasheet-sub-table__row\">\n<td class=\"datasheet-sub-table__value\"><\/td>\n<td class=\"datasheet-sub-table__value\">full graphic LCD display<\/td>\n<\/tr>\n<\/tbody>\n<\/table>\n<\/td>\n<\/tr>\n<\/tbody>\n<\/table>\n<\/div>\n<div class=\"datasheet-section\">\n<div class=\"datasheet-section__headline heading-lined\">Accessories<\/div>\n<table class=\"datasheet-section__table datasheet-table\" aria-label=\"datasheet section table\">\n<tbody>\n<tr class=\"datasheet-table__row\">\n<th class=\"datasheet-table__label\">Items supplied<\/th>\n<td class=\"datasheet-table__value\">\n<table>\n<colgroup class=\"pd-table-cols-1\">\n<col class=\"pd-table-col-1\" \/><\/colgroup>\n<tbody class=\"datasheet-sub-table\">\n<tr class=\"datasheet-sub-table__row\">\n<td class=\"datasheet-sub-table__value\">terminals<\/td>\n<\/tr>\n<\/tbody>\n<\/table>\n<\/td>\n<\/tr>\n<tr class=\"datasheet-table__row\">\n<th class=\"datasheet-table__label\">Accessories (optional)<\/th>\n<td class=\"datasheet-table__value\">\n<table>\n<colgroup class=\"pd-table-cols-1\">\n<col class=\"pd-table-col-1\" \/><\/colgroup>\n<tbody class=\"datasheet-sub-table\">\n<tr class=\"datasheet-sub-table__row\">\n<td class=\"datasheet-sub-table__value\">licence: &#8220;CODESYS V3&#8221;, E71400<\/td>\n<\/tr>\n<\/tbody>\n<\/table>\n<\/td>\n<\/tr>\n<\/tbody>\n<\/table>\n<\/div>\n<div class=\"datasheet-section\">\n<div class=\"datasheet-section__headline heading-lined\">Remarks<\/div>\n<table class=\"datasheet-section__table datasheet-table\" aria-label=\"datasheet section table\">\n<tbody>\n<tr class=\"datasheet-table__row\">\n<th class=\"datasheet-table__label\">Pack quantity<\/th>\n<td class=\"datasheet-table__value\">1 pcs.<\/td>\n<\/tr>\n<\/tbody>\n<\/table>\n<\/div>\n<div class=\"datasheet-section\">\n<div class=\"datasheet-section__headline heading-lined\">Electrical connection<\/div>\n<table class=\"datasheet-section__table datasheet-table\" aria-label=\"datasheet section table\">\n<tbody>\n<tr class=\"datasheet-table__row\">\n<th class=\"datasheet-table__label\">Connection<\/th>\n<td class=\"datasheet-table__value\">terminals: &#8230;2.5 mm\u00b2<\/td>\n<\/tr>\n<\/tbody>\n<\/table>\n<div class=\"bulletpoint-list\">\n<p>C\u00e1c m\u00e3 h\u00e0ng t\u01b0\u01a1ng t\u1ef1:<\/p>\n<\/div>\n<p>IFM IGS232<br \/>\nIFM AC1401<br \/>\nIFM IFT200<br \/>\nIFM IM5115<\/p>\n<\/div>\n<\/div>\n<p>\u0110\u1ea1i l\u00fd IFM vietnam, IFM viet nam, IFM vietnam distributor, Ph\u00e2n ph\u1ed1i IFM t\u1ea1i vi\u1ec7t nam<\/p>\n<p>\u0110\u1ea1i l\u00fd IFM vietnam, IFM viet nam, IFM vietnam distributor, Ph\u00e2n ph\u1ed1i IFM t\u1ea1i vi\u1ec7t nam<\/p>\n<p>\u0110\u1ea1i l\u00fd IFM vietnam, IFM viet nam, IFM vietnam distributor, Ph\u00e2n ph\u1ed1i IFM t\u1ea1i vi\u1ec7t nam<\/p>\n<p>\u0110\u1ea1i l\u00fd IFM vietnam, IFM viet nam, IFM vietnam distributor, Ph\u00e2n ph\u1ed1i IFM t\u1ea1i vi\u1ec7t nam<\/p>\n<p>\u0110\u1ea1i l\u00fd IFM vietnam, IFM viet nam, IFM vietnam distributor, Ph\u00e2n ph\u1ed1i IFM t\u1ea1i vi\u1ec7t nam<\/p>\n","protected":false},"excerpt":{"rendered":"<p>IFM AC1401 AS-Interface PROFINET gateway AC1401 AS-i Gateway 1Master PN With integrated fieldbus interface Reliable and fast data exchange with the sensor actuator level Colour display for indicating the status of all AS-i slaves User-friendly and simple configuration, set-up and diagnosis Quick-setup menu with intuitive operation Application Application PROFINET gateway&hellip; <\/p>\n","protected":false},"featured_media":2309,"comment_status":"open","ping_status":"closed","template":"","meta":[],"product_cat":[300],"product_tag":[167,166,165],"class_list":{"0":"post-2308","1":"product","2":"type-product","3":"status-publish","4":"has-post-thumbnail","6":"product_cat-ifm","7":"product_tag-bo-dieu-khien","8":"product_tag-dai-ly-ifm-viet-nam","9":"product_tag-ifm-viet-nam","11":"first","12":"instock","13":"shipping-taxable","14":"product-type-simple"},"yoast_head":"<!-- This site is optimized with the Yoast SEO plugin v22.8 - https:\/\/yoast.com\/wordpress\/plugins\/seo\/ -->\n<title>IFM AC1401 - OMANI VI\u1ec6T NAM<\/title>\n<meta name=\"robots\" content=\"index, follow, max-snippet:-1, max-image-preview:large, max-video-preview:-1\" \/>\n<link rel=\"canonical\" href=\"https:\/\/omanivietnam.com\/index.php\/san-pham\/ifm-ac1401\/\" \/>\n<meta property=\"og:locale\" content=\"vi_VN\" \/>\n<meta property=\"og:type\" content=\"article\" \/>\n<meta property=\"og:title\" content=\"IFM AC1401 - OMANI VI\u1ec6T NAM\" \/>\n<meta property=\"og:description\" content=\"IFM AC1401 AS-Interface PROFINET gateway AC1401 AS-i Gateway 1Master PN With integrated fieldbus interface Reliable and fast data exchange with the sensor actuator level Colour display for indicating the status of all AS-i slaves User-friendly and simple configuration, set-up and diagnosis Quick-setup menu with intuitive operation Application Application PROFINET gateway&hellip;\" \/>\n<meta property=\"og:url\" content=\"https:\/\/omanivietnam.com\/index.php\/san-pham\/ifm-ac1401\/\" \/>\n<meta property=\"og:site_name\" content=\"OMANI VI\u1ec6T NAM\" \/>\n<meta property=\"article:modified_time\" content=\"2024-10-21T22:53:26+00:00\" \/>\n<meta property=\"og:image\" content=\"https:\/\/omanivietnam.com\/wp-content\/uploads\/2024\/10\/IFM-AC1401.png\" \/>\n\t<meta property=\"og:image:width\" content=\"464\" \/>\n\t<meta property=\"og:image:height\" content=\"621\" \/>\n\t<meta property=\"og:image:type\" content=\"image\/png\" \/>\n<meta name=\"twitter:card\" content=\"summary_large_image\" \/>\n<meta name=\"twitter:label1\" content=\"\u01af\u1edbc t\u00ednh th\u1eddi gian \u0111\u1ecdc\" \/>\n\t<meta name=\"twitter:data1\" content=\"3 ph\u00fat\" \/>\n<script type=\"application\/ld+json\" class=\"yoast-schema-graph\">{\"@context\":\"https:\/\/schema.org\",\"@graph\":[{\"@type\":\"WebPage\",\"@id\":\"https:\/\/omanivietnam.com\/index.php\/san-pham\/ifm-ac1401\/\",\"url\":\"https:\/\/omanivietnam.com\/index.php\/san-pham\/ifm-ac1401\/\",\"name\":\"IFM AC1401 - OMANI VI\u1ec6T NAM\",\"isPartOf\":{\"@id\":\"https:\/\/omanivietnam.com\/#website\"},\"primaryImageOfPage\":{\"@id\":\"https:\/\/omanivietnam.com\/index.php\/san-pham\/ifm-ac1401\/#primaryimage\"},\"image\":{\"@id\":\"https:\/\/omanivietnam.com\/index.php\/san-pham\/ifm-ac1401\/#primaryimage\"},\"thumbnailUrl\":\"https:\/\/omanivietnam.com\/wp-content\/uploads\/2024\/10\/IFM-AC1401.png\",\"datePublished\":\"2024-10-21T22:52:34+00:00\",\"dateModified\":\"2024-10-21T22:53:26+00:00\",\"breadcrumb\":{\"@id\":\"https:\/\/omanivietnam.com\/index.php\/san-pham\/ifm-ac1401\/#breadcrumb\"},\"inLanguage\":\"vi\",\"potentialAction\":[{\"@type\":\"ReadAction\",\"target\":[\"https:\/\/omanivietnam.com\/index.php\/san-pham\/ifm-ac1401\/\"]}]},{\"@type\":\"ImageObject\",\"inLanguage\":\"vi\",\"@id\":\"https:\/\/omanivietnam.com\/index.php\/san-pham\/ifm-ac1401\/#primaryimage\",\"url\":\"https:\/\/omanivietnam.com\/wp-content\/uploads\/2024\/10\/IFM-AC1401.png\",\"contentUrl\":\"https:\/\/omanivietnam.com\/wp-content\/uploads\/2024\/10\/IFM-AC1401.png\",\"width\":464,\"height\":621},{\"@type\":\"BreadcrumbList\",\"@id\":\"https:\/\/omanivietnam.com\/index.php\/san-pham\/ifm-ac1401\/#breadcrumb\",\"itemListElement\":[{\"@type\":\"ListItem\",\"position\":1,\"name\":\"Home\",\"item\":\"https:\/\/omanivietnam.com\/\"},{\"@type\":\"ListItem\",\"position\":2,\"name\":\"S\u1ea2N PH\u1ea8M\",\"item\":\"https:\/\/omanivietnam.com\/index.php\/cua-hang\/\"},{\"@type\":\"ListItem\",\"position\":3,\"name\":\"IFM AC1401\"}]},{\"@type\":\"WebSite\",\"@id\":\"https:\/\/omanivietnam.com\/#website\",\"url\":\"https:\/\/omanivietnam.com\/\",\"name\":\"OMANI VI\u1ec6T NAM\",\"description\":\"Nh\u00e0 ph\u00e2n ph\u1ed1i thi\u1ebft b\u1ecb kh\u00ed n\u00e9n v\u00e0 thi\u1ebft b\u1ecb t\u1ef1 \u0111\u1ed9ng h\u00f3a trong c\u00f4ng nghi\u1ec7p\",\"publisher\":{\"@id\":\"https:\/\/omanivietnam.com\/#\/schema\/person\/0ad398a980dc3fd696111c2c5c8fa897\"},\"potentialAction\":[{\"@type\":\"SearchAction\",\"target\":{\"@type\":\"EntryPoint\",\"urlTemplate\":\"https:\/\/omanivietnam.com\/?s={search_term_string}\"},\"query-input\":\"required name=search_term_string\"}],\"inLanguage\":\"vi\"},{\"@type\":[\"Person\",\"Organization\"],\"@id\":\"https:\/\/omanivietnam.com\/#\/schema\/person\/0ad398a980dc3fd696111c2c5c8fa897\",\"name\":\"Nguy\u1ec5n V\u0103n Kh\u00e1nh\",\"image\":{\"@type\":\"ImageObject\",\"inLanguage\":\"vi\",\"@id\":\"https:\/\/omanivietnam.com\/#\/schema\/person\/image\/\",\"url\":\"https:\/\/omanivietnam.com\/wp-content\/uploads\/2024\/06\/logo-1024x1024.png\",\"contentUrl\":\"https:\/\/omanivietnam.com\/wp-content\/uploads\/2024\/06\/logo-1024x1024.png\",\"width\":1024,\"height\":1024,\"caption\":\"Nguy\u1ec5n V\u0103n Kh\u00e1nh\"},\"logo\":{\"@id\":\"https:\/\/omanivietnam.com\/#\/schema\/person\/image\/\"},\"sameAs\":[\"https:\/\/omanivietnam.com\"]}]}<\/script>\n<!-- \/ Yoast SEO plugin. -->","yoast_head_json":{"title":"IFM AC1401 - OMANI VI\u1ec6T NAM","robots":{"index":"index","follow":"follow","max-snippet":"max-snippet:-1","max-image-preview":"max-image-preview:large","max-video-preview":"max-video-preview:-1"},"canonical":"https:\/\/omanivietnam.com\/index.php\/san-pham\/ifm-ac1401\/","og_locale":"vi_VN","og_type":"article","og_title":"IFM AC1401 - OMANI VI\u1ec6T NAM","og_description":"IFM AC1401 AS-Interface PROFINET gateway AC1401 AS-i Gateway 1Master PN With integrated fieldbus interface Reliable and fast data exchange with the sensor actuator level Colour display for indicating the status of all AS-i slaves User-friendly and simple configuration, set-up and diagnosis Quick-setup menu with intuitive operation Application Application PROFINET gateway&hellip;","og_url":"https:\/\/omanivietnam.com\/index.php\/san-pham\/ifm-ac1401\/","og_site_name":"OMANI VI\u1ec6T NAM","article_modified_time":"2024-10-21T22:53:26+00:00","og_image":[{"width":464,"height":621,"url":"https:\/\/omanivietnam.com\/wp-content\/uploads\/2024\/10\/IFM-AC1401.png","type":"image\/png"}],"twitter_card":"summary_large_image","twitter_misc":{"\u01af\u1edbc t\u00ednh th\u1eddi gian \u0111\u1ecdc":"3 ph\u00fat"},"schema":{"@context":"https:\/\/schema.org","@graph":[{"@type":"WebPage","@id":"https:\/\/omanivietnam.com\/index.php\/san-pham\/ifm-ac1401\/","url":"https:\/\/omanivietnam.com\/index.php\/san-pham\/ifm-ac1401\/","name":"IFM AC1401 - OMANI VI\u1ec6T NAM","isPartOf":{"@id":"https:\/\/omanivietnam.com\/#website"},"primaryImageOfPage":{"@id":"https:\/\/omanivietnam.com\/index.php\/san-pham\/ifm-ac1401\/#primaryimage"},"image":{"@id":"https:\/\/omanivietnam.com\/index.php\/san-pham\/ifm-ac1401\/#primaryimage"},"thumbnailUrl":"https:\/\/omanivietnam.com\/wp-content\/uploads\/2024\/10\/IFM-AC1401.png","datePublished":"2024-10-21T22:52:34+00:00","dateModified":"2024-10-21T22:53:26+00:00","breadcrumb":{"@id":"https:\/\/omanivietnam.com\/index.php\/san-pham\/ifm-ac1401\/#breadcrumb"},"inLanguage":"vi","potentialAction":[{"@type":"ReadAction","target":["https:\/\/omanivietnam.com\/index.php\/san-pham\/ifm-ac1401\/"]}]},{"@type":"ImageObject","inLanguage":"vi","@id":"https:\/\/omanivietnam.com\/index.php\/san-pham\/ifm-ac1401\/#primaryimage","url":"https:\/\/omanivietnam.com\/wp-content\/uploads\/2024\/10\/IFM-AC1401.png","contentUrl":"https:\/\/omanivietnam.com\/wp-content\/uploads\/2024\/10\/IFM-AC1401.png","width":464,"height":621},{"@type":"BreadcrumbList","@id":"https:\/\/omanivietnam.com\/index.php\/san-pham\/ifm-ac1401\/#breadcrumb","itemListElement":[{"@type":"ListItem","position":1,"name":"Home","item":"https:\/\/omanivietnam.com\/"},{"@type":"ListItem","position":2,"name":"S\u1ea2N PH\u1ea8M","item":"https:\/\/omanivietnam.com\/index.php\/cua-hang\/"},{"@type":"ListItem","position":3,"name":"IFM AC1401"}]},{"@type":"WebSite","@id":"https:\/\/omanivietnam.com\/#website","url":"https:\/\/omanivietnam.com\/","name":"OMANI VI\u1ec6T NAM","description":"Nh\u00e0 ph\u00e2n ph\u1ed1i thi\u1ebft b\u1ecb kh\u00ed n\u00e9n v\u00e0 thi\u1ebft b\u1ecb t\u1ef1 \u0111\u1ed9ng h\u00f3a trong c\u00f4ng nghi\u1ec7p","publisher":{"@id":"https:\/\/omanivietnam.com\/#\/schema\/person\/0ad398a980dc3fd696111c2c5c8fa897"},"potentialAction":[{"@type":"SearchAction","target":{"@type":"EntryPoint","urlTemplate":"https:\/\/omanivietnam.com\/?s={search_term_string}"},"query-input":"required name=search_term_string"}],"inLanguage":"vi"},{"@type":["Person","Organization"],"@id":"https:\/\/omanivietnam.com\/#\/schema\/person\/0ad398a980dc3fd696111c2c5c8fa897","name":"Nguy\u1ec5n V\u0103n Kh\u00e1nh","image":{"@type":"ImageObject","inLanguage":"vi","@id":"https:\/\/omanivietnam.com\/#\/schema\/person\/image\/","url":"https:\/\/omanivietnam.com\/wp-content\/uploads\/2024\/06\/logo-1024x1024.png","contentUrl":"https:\/\/omanivietnam.com\/wp-content\/uploads\/2024\/06\/logo-1024x1024.png","width":1024,"height":1024,"caption":"Nguy\u1ec5n V\u0103n Kh\u00e1nh"},"logo":{"@id":"https:\/\/omanivietnam.com\/#\/schema\/person\/image\/"},"sameAs":["https:\/\/omanivietnam.com"]}]}},"_links":{"self":[{"href":"https:\/\/omanivietnam.com\/index.php\/wp-json\/wp\/v2\/product\/2308","targetHints":{"allow":["GET"]}}],"collection":[{"href":"https:\/\/omanivietnam.com\/index.php\/wp-json\/wp\/v2\/product"}],"about":[{"href":"https:\/\/omanivietnam.com\/index.php\/wp-json\/wp\/v2\/types\/product"}],"replies":[{"embeddable":true,"href":"https:\/\/omanivietnam.com\/index.php\/wp-json\/wp\/v2\/comments?post=2308"}],"wp:featuredmedia":[{"embeddable":true,"href":"https:\/\/omanivietnam.com\/index.php\/wp-json\/wp\/v2\/media\/2309"}],"wp:attachment":[{"href":"https:\/\/omanivietnam.com\/index.php\/wp-json\/wp\/v2\/media?parent=2308"}],"wp:term":[{"taxonomy":"product_cat","embeddable":true,"href":"https:\/\/omanivietnam.com\/index.php\/wp-json\/wp\/v2\/product_cat?post=2308"},{"taxonomy":"product_tag","embeddable":true,"href":"https:\/\/omanivietnam.com\/index.php\/wp-json\/wp\/v2\/product_tag?post=2308"}],"curies":[{"name":"wp","href":"https:\/\/api.w.org\/{rel}","templated":true}]}}