{"id":2314,"date":"2024-10-22T06:13:55","date_gmt":"2024-10-21T23:13:55","guid":{"rendered":"https:\/\/omanivietnam.com\/?post_type=product&#038;p=2314"},"modified":"2024-10-22T06:16:59","modified_gmt":"2024-10-21T23:16:59","slug":"ifm-ifs200","status":"publish","type":"product","link":"https:\/\/omanivietnam.com\/index.php\/san-pham\/ifm-ifs200\/","title":{"rendered":"IFM IFS200"},"content":{"rendered":"<p>IFM IFS200<\/p>\n<p>Ph\u1ea1m vi c\u1ea3m bi\u1ebfn: 4 mm flush mountable<br \/>\nT\u1ea7n s\u1ed1: 700 Hz<br \/>\nCh\u1ebf \u0111\u1ed9 ho\u1ea1t \u0111\u1ed9ng: th\u01b0\u1eddng m\u1edf<br \/>\nNg\u00f5 ra: DC PNP\/NPN<br \/>\nK\u00edch th\u01b0\u1edbc: M12 x 1 \/ L = 45 mm<br \/>\nPh\u1ea1m vi nhi\u1ec7t \u0111\u1ed9 ho\u1ea1t \u0111\u1ed9ng r\u1ed9ng<br \/>\n\u0110\u00e1nh gi\u00e1 b\u1ea3o v\u1ec7 cao cho c\u00e1c y\u00eau c\u1ea7u c\u1ee7a m\u00f4i tr\u01b0\u1eddng c\u00f4ng nghi\u1ec7p kh\u1eafc nghi\u1ec7t<br \/>\nPh\u00e1t hi\u1ec7n \u0111\u00e1ng tin c\u1eady do dung sai c\u1ea3m bi\u1ebfn th\u1ea5p<br \/>\nGi\u1ea3m dung l\u01b0\u1ee3ng do c\u00f3 nhi\u1ec1u \u1ee9ng d\u1ee5ng<\/p>\n<div class=\"ifm-product-detail-head__top-wrapper\">\n<div class=\"ifm-product-detail-head__product-info\">\n<p class=\"ifm-product-detail-head__category normalize\" data-test=\"product-category\">Inductive sensor<\/p>\n<div class=\"ifm-product-detail-head__product-info-wrapper\">\n<p class=\"ifm-product-detail-head__product-id h2 normalize\" data-test=\"product-id\">IFS200<\/p>\n<p class=\"ifm-product-detail-head__type normalize\" data-test=\"product-type\">IFB2004BARKG\/M\/US-104-DRS<\/p>\n<\/div>\n<\/div>\n<\/div>\n<div class=\"ifm-product-detail-head__detail-wrapper\" data-test=\"product-details\">\n<ul class=\"ifm-product-detail-head__list\" data-test=\"product-bullet-points\">\n<li class=\"ifm-product-detail-head__list-item\">Particularly short housing for use where space is restricted<\/li>\n<li class=\"ifm-product-detail-head__list-item\">Robust metal housing for use in harsh industrial environments<\/li>\n<li class=\"ifm-product-detail-head__list-item\">Clearly visible indication of the switching status<\/li>\n<li class=\"ifm-product-detail-head__list-item\">Two-wire technology<\/li>\n<li class=\"ifm-product-detail-head__list-item\">Long sensing range for high uptime<\/li>\n<\/ul>\n<\/div>\n<table class=\"woocommerce-product-attributes shop_attributes\">\n<tbody>\n<tr>\n<th class=\"pd-table-h1\" colspan=\"2\">Product characteristics<\/th>\n<\/tr>\n<tr>\n<td>Electrical design<\/td>\n<td>PNP\/NPN<\/td>\n<\/tr>\n<tr>\n<td>Output function<\/td>\n<td>normally open<\/td>\n<\/tr>\n<tr>\n<td>Sensing range [mm]<\/td>\n<td>4<\/td>\n<\/tr>\n<tr>\n<td>Housing<\/td>\n<td>threaded type<\/td>\n<\/tr>\n<tr>\n<td>Dimensions [mm]<\/td>\n<td>M12 x 1 \/ L = 45<\/td>\n<\/tr>\n<tr>\n<th class=\"pd-table-h1\" colspan=\"2\">Application<\/th>\n<\/tr>\n<tr>\n<td>Special feature<\/td>\n<td>Gold-plated contacts; Increased sensing range<\/td>\n<\/tr>\n<tr>\n<td>Application<\/td>\n<td>Industrial applications \/ factory automation<\/td>\n<\/tr>\n<tr>\n<th class=\"pd-table-h1\" colspan=\"2\">Electrical data<\/th>\n<\/tr>\n<tr>\n<td>Operating voltage [V]<\/td>\n<td>10\u202630 DC<\/td>\n<\/tr>\n<tr>\n<td>Protection class<\/td>\n<td>II<\/td>\n<\/tr>\n<tr>\n<td>Reverse polarity protection<\/td>\n<td>yes<\/td>\n<\/tr>\n<tr>\n<th class=\"pd-table-h1\" colspan=\"2\">Outputs<\/th>\n<\/tr>\n<tr>\n<td>Electrical design<\/td>\n<td>PNP\/NPN<\/td>\n<\/tr>\n<tr>\n<td>Output function<\/td>\n<td>normally open<\/td>\n<\/tr>\n<tr>\n<td>Max. voltage drop switching output DC [V]<\/td>\n<td>2.5<\/td>\n<\/tr>\n<tr>\n<td>Minimum load current [mA]<\/td>\n<td>2<\/td>\n<\/tr>\n<tr>\n<td>Max. leakage current [mA]<\/td>\n<td>0.5<\/td>\n<\/tr>\n<tr>\n<td>Permanent current rating of switching output DC [mA]<\/td>\n<td>100<\/td>\n<\/tr>\n<tr>\n<td>Switching frequency DC [Hz]<\/td>\n<td>700<\/td>\n<\/tr>\n<tr>\n<td>Short-circuit protection<\/td>\n<td>yes<\/td>\n<\/tr>\n<tr>\n<td>Type of short-circuit protection<\/td>\n<td>pulsed<\/td>\n<\/tr>\n<tr>\n<td>Overload protection<\/td>\n<td>yes<\/td>\n<\/tr>\n<tr>\n<th class=\"pd-table-h1\" colspan=\"2\">Detection zone<\/th>\n<\/tr>\n<tr>\n<td>Sensing range [mm]<\/td>\n<td>4<\/td>\n<\/tr>\n<tr>\n<td>Real sensing range Sr [mm]<\/td>\n<td>4 \u00b1 10 %<\/td>\n<\/tr>\n<tr>\n<td>Operating distance [mm]<\/td>\n<td>0\u20263.25<\/td>\n<\/tr>\n<tr>\n<td>Increased sensing range<\/td>\n<td>yes<\/td>\n<\/tr>\n<tr>\n<th class=\"pd-table-h1\" colspan=\"2\">Accuracy \/ deviations<\/th>\n<\/tr>\n<tr>\n<td>Correction factor<\/td>\n<td>steel: 1 \/ stainless steel: 0.7 \/ brass: 0.5 \/ aluminium: 0.4 \/ copper: 0.3<\/td>\n<\/tr>\n<tr>\n<td>Hysteresis [% of Sr]<\/td>\n<td>3\u202615<\/td>\n<\/tr>\n<tr>\n<td>Switch point drift [% of Sr]<\/td>\n<td>-10\u202610<\/td>\n<\/tr>\n<tr>\n<th class=\"pd-table-h1\" colspan=\"2\">Operating conditions<\/th>\n<\/tr>\n<tr>\n<td>Ambient temperature [\u00b0C]<\/td>\n<td>-25\u202670<\/td>\n<\/tr>\n<tr>\n<td>Protection<\/td>\n<td>IP 67<\/td>\n<\/tr>\n<tr>\n<th class=\"pd-table-h1\" colspan=\"2\">Mechanical data<\/th>\n<\/tr>\n<tr>\n<td>Weight [K40]<\/td>\n<td>25.2<\/td>\n<\/tr>\n<tr>\n<td>Housing<\/td>\n<td>threaded type<\/td>\n<\/tr>\n<tr>\n<td>Mounting<\/td>\n<td>flush mountable<\/td>\n<\/tr>\n<tr>\n<td>Dimensions [mm]<\/td>\n<td>M12 x 1 \/ L = 45<\/td>\n<\/tr>\n<tr>\n<td>Thread designation<\/td>\n<td>M12 x 1<\/td>\n<\/tr>\n<tr>\n<td>Materials<\/td>\n<td>brass white bronze coated; sensing face: PBT<\/td>\n<\/tr>\n<tr>\n<th class=\"pd-table-h1\" colspan=\"2\">Displays \/ operating elements<\/th>\n<\/tr>\n<tr>\n<td>Display<\/td>\n<td>\n<table>\n<caption>\u00a0<\/caption>\n<colgroup class=\"pd-table-cols-2\">\n<col class=\"pd-table-col-1\" \/>\n<col class=\"pd-table-col-2\" \/><\/colgroup>\n<tbody>\n<tr>\n<td>switching status<\/td>\n<td>4 x 90\u00b0 LED, yellow<\/td>\n<\/tr>\n<\/tbody>\n<\/table>\n<\/td>\n<\/tr>\n<tr>\n<th class=\"pd-table-h1\" colspan=\"2\">Accessories<\/th>\n<\/tr>\n<tr>\n<td>Accessories (supplied)<\/td>\n<td>\n<table>\n<caption>\u00a0<\/caption>\n<colgroup class=\"pd-table-cols-1\">\n<col class=\"pd-table-col-1\" \/><\/colgroup>\n<tbody>\n<tr>\n<td>lock nuts: 2<\/td>\n<\/tr>\n<\/tbody>\n<\/table>\n<\/td>\n<\/tr>\n<tr>\n<th class=\"pd-table-h1\" colspan=\"2\">Remarks<\/th>\n<\/tr>\n<tr>\n<td>Pack quantity<\/td>\n<td>1 pcs.<\/td>\n<\/tr>\n<tr>\n<th class=\"pd-table-h1\" colspan=\"2\">Electrical connection \u2013 plug<\/th>\n<\/tr>\n<tr>\n<td>Connection<\/td>\n<td>Connector: 1 x M12; Contacts: gold-plated<\/td>\n<\/tr>\n<\/tbody>\n<\/table>\n<p>&nbsp;<\/p>\n<p>\u0110\u1ea1i l\u00fd IFM vietnam, IFM viet nam, IFM vietnam distributor, Ph\u00e2n ph\u1ed1i IFM t\u1ea1i vi\u1ec7t nam<\/p>\n<p>\u0110\u1ea1i l\u00fd IFM vietnam, IFM viet nam, IFM vietnam distributor, Ph\u00e2n ph\u1ed1i IFM t\u1ea1i vi\u1ec7t nam<\/p>\n<p>\u0110\u1ea1i l\u00fd IFM vietnam, IFM viet nam, IFM vietnam distributor, Ph\u00e2n ph\u1ed1i IFM t\u1ea1i vi\u1ec7t nam<\/p>\n<p>\u0110\u1ea1i l\u00fd IFM vietnam, IFM viet nam, IFM vietnam distributor, Ph\u00e2n ph\u1ed1i IFM t\u1ea1i vi\u1ec7t nam<\/p>\n<p>\u0110\u1ea1i l\u00fd IFM vietnam, IFM viet nam, IFM vietnam distributor, Ph\u00e2n ph\u1ed1i IFM t\u1ea1i vi\u1ec7t nam<\/p>\n","protected":false},"excerpt":{"rendered":"<p>IFM IFS200 Ph\u1ea1m vi c\u1ea3m bi\u1ebfn: 4 mm flush mountable T\u1ea7n s\u1ed1: 700 Hz Ch\u1ebf \u0111\u1ed9 ho\u1ea1t \u0111\u1ed9ng: th\u01b0\u1eddng m\u1edf Ng\u00f5 ra: DC PNP\/NPN K\u00edch th\u01b0\u1edbc: M12 x 1 \/ L = 45 mm Ph\u1ea1m vi nhi\u1ec7t \u0111\u1ed9 ho\u1ea1t \u0111\u1ed9ng r\u1ed9ng \u0110\u00e1nh gi\u00e1 b\u1ea3o v\u1ec7 cao cho c\u00e1c y\u00eau c\u1ea7u&hellip; <\/p>\n","protected":false},"featured_media":2315,"comment_status":"open","ping_status":"closed","template":"","meta":[],"product_cat":[300],"product_tag":[88,166,165],"class_list":{"0":"post-2314","1":"product","2":"type-product","3":"status-publish","4":"has-post-thumbnail","6":"product_cat-ifm","7":"product_tag-cam-bien","8":"product_tag-dai-ly-ifm-viet-nam","9":"product_tag-ifm-viet-nam","11":"first","12":"instock","13":"shipping-taxable","14":"product-type-simple"},"yoast_head":"<!-- This site is optimized with the Yoast SEO plugin v22.8 - https:\/\/yoast.com\/wordpress\/plugins\/seo\/ -->\n<title>IFM IFS200 - OMANI VI\u1ec6T NAM<\/title>\n<meta name=\"robots\" content=\"index, follow, max-snippet:-1, max-image-preview:large, max-video-preview:-1\" \/>\n<link rel=\"canonical\" href=\"https:\/\/omanivietnam.com\/index.php\/san-pham\/ifm-ifs200\/\" \/>\n<meta property=\"og:locale\" content=\"vi_VN\" \/>\n<meta property=\"og:type\" content=\"article\" \/>\n<meta property=\"og:title\" content=\"IFM IFS200 - OMANI VI\u1ec6T NAM\" \/>\n<meta property=\"og:description\" content=\"IFM IFS200 Ph\u1ea1m vi c\u1ea3m bi\u1ebfn: 4 mm flush mountable T\u1ea7n s\u1ed1: 700 Hz Ch\u1ebf \u0111\u1ed9 ho\u1ea1t \u0111\u1ed9ng: th\u01b0\u1eddng m\u1edf Ng\u00f5 ra: DC PNP\/NPN K\u00edch th\u01b0\u1edbc: M12 x 1 \/ L = 45 mm Ph\u1ea1m vi nhi\u1ec7t \u0111\u1ed9 ho\u1ea1t \u0111\u1ed9ng r\u1ed9ng \u0110\u00e1nh gi\u00e1 b\u1ea3o v\u1ec7 cao cho c\u00e1c y\u00eau c\u1ea7u&hellip;\" \/>\n<meta property=\"og:url\" content=\"https:\/\/omanivietnam.com\/index.php\/san-pham\/ifm-ifs200\/\" \/>\n<meta property=\"og:site_name\" content=\"OMANI VI\u1ec6T NAM\" \/>\n<meta property=\"article:modified_time\" content=\"2024-10-21T23:16:59+00:00\" \/>\n<meta property=\"og:image\" content=\"https:\/\/omanivietnam.com\/wp-content\/uploads\/2024\/10\/IFM-IFS200.png\" \/>\n\t<meta property=\"og:image:width\" content=\"500\" \/>\n\t<meta property=\"og:image:height\" content=\"458\" \/>\n\t<meta property=\"og:image:type\" content=\"image\/png\" \/>\n<meta name=\"twitter:card\" content=\"summary_large_image\" \/>\n<meta name=\"twitter:label1\" content=\"\u01af\u1edbc t\u00ednh th\u1eddi gian \u0111\u1ecdc\" \/>\n\t<meta name=\"twitter:data1\" content=\"3 ph\u00fat\" \/>\n<script type=\"application\/ld+json\" class=\"yoast-schema-graph\">{\"@context\":\"https:\/\/schema.org\",\"@graph\":[{\"@type\":\"WebPage\",\"@id\":\"https:\/\/omanivietnam.com\/index.php\/san-pham\/ifm-ifs200\/\",\"url\":\"https:\/\/omanivietnam.com\/index.php\/san-pham\/ifm-ifs200\/\",\"name\":\"IFM IFS200 - OMANI VI\u1ec6T NAM\",\"isPartOf\":{\"@id\":\"https:\/\/omanivietnam.com\/#website\"},\"primaryImageOfPage\":{\"@id\":\"https:\/\/omanivietnam.com\/index.php\/san-pham\/ifm-ifs200\/#primaryimage\"},\"image\":{\"@id\":\"https:\/\/omanivietnam.com\/index.php\/san-pham\/ifm-ifs200\/#primaryimage\"},\"thumbnailUrl\":\"https:\/\/omanivietnam.com\/wp-content\/uploads\/2024\/10\/IFM-IFS200.png\",\"datePublished\":\"2024-10-21T23:13:55+00:00\",\"dateModified\":\"2024-10-21T23:16:59+00:00\",\"breadcrumb\":{\"@id\":\"https:\/\/omanivietnam.com\/index.php\/san-pham\/ifm-ifs200\/#breadcrumb\"},\"inLanguage\":\"vi\",\"potentialAction\":[{\"@type\":\"ReadAction\",\"target\":[\"https:\/\/omanivietnam.com\/index.php\/san-pham\/ifm-ifs200\/\"]}]},{\"@type\":\"ImageObject\",\"inLanguage\":\"vi\",\"@id\":\"https:\/\/omanivietnam.com\/index.php\/san-pham\/ifm-ifs200\/#primaryimage\",\"url\":\"https:\/\/omanivietnam.com\/wp-content\/uploads\/2024\/10\/IFM-IFS200.png\",\"contentUrl\":\"https:\/\/omanivietnam.com\/wp-content\/uploads\/2024\/10\/IFM-IFS200.png\",\"width\":500,\"height\":458},{\"@type\":\"BreadcrumbList\",\"@id\":\"https:\/\/omanivietnam.com\/index.php\/san-pham\/ifm-ifs200\/#breadcrumb\",\"itemListElement\":[{\"@type\":\"ListItem\",\"position\":1,\"name\":\"Home\",\"item\":\"https:\/\/omanivietnam.com\/\"},{\"@type\":\"ListItem\",\"position\":2,\"name\":\"S\u1ea2N PH\u1ea8M\",\"item\":\"https:\/\/omanivietnam.com\/index.php\/cua-hang\/\"},{\"@type\":\"ListItem\",\"position\":3,\"name\":\"IFM IFS200\"}]},{\"@type\":\"WebSite\",\"@id\":\"https:\/\/omanivietnam.com\/#website\",\"url\":\"https:\/\/omanivietnam.com\/\",\"name\":\"OMANI VI\u1ec6T NAM\",\"description\":\"Nh\u00e0 ph\u00e2n ph\u1ed1i thi\u1ebft b\u1ecb kh\u00ed n\u00e9n v\u00e0 thi\u1ebft b\u1ecb t\u1ef1 \u0111\u1ed9ng h\u00f3a trong c\u00f4ng nghi\u1ec7p\",\"publisher\":{\"@id\":\"https:\/\/omanivietnam.com\/#\/schema\/person\/0ad398a980dc3fd696111c2c5c8fa897\"},\"potentialAction\":[{\"@type\":\"SearchAction\",\"target\":{\"@type\":\"EntryPoint\",\"urlTemplate\":\"https:\/\/omanivietnam.com\/?s={search_term_string}\"},\"query-input\":\"required name=search_term_string\"}],\"inLanguage\":\"vi\"},{\"@type\":[\"Person\",\"Organization\"],\"@id\":\"https:\/\/omanivietnam.com\/#\/schema\/person\/0ad398a980dc3fd696111c2c5c8fa897\",\"name\":\"Nguy\u1ec5n V\u0103n Kh\u00e1nh\",\"image\":{\"@type\":\"ImageObject\",\"inLanguage\":\"vi\",\"@id\":\"https:\/\/omanivietnam.com\/#\/schema\/person\/image\/\",\"url\":\"https:\/\/omanivietnam.com\/wp-content\/uploads\/2024\/06\/logo-1024x1024.png\",\"contentUrl\":\"https:\/\/omanivietnam.com\/wp-content\/uploads\/2024\/06\/logo-1024x1024.png\",\"width\":1024,\"height\":1024,\"caption\":\"Nguy\u1ec5n V\u0103n Kh\u00e1nh\"},\"logo\":{\"@id\":\"https:\/\/omanivietnam.com\/#\/schema\/person\/image\/\"},\"sameAs\":[\"https:\/\/omanivietnam.com\"]}]}<\/script>\n<!-- \/ Yoast SEO plugin. -->","yoast_head_json":{"title":"IFM IFS200 - OMANI VI\u1ec6T NAM","robots":{"index":"index","follow":"follow","max-snippet":"max-snippet:-1","max-image-preview":"max-image-preview:large","max-video-preview":"max-video-preview:-1"},"canonical":"https:\/\/omanivietnam.com\/index.php\/san-pham\/ifm-ifs200\/","og_locale":"vi_VN","og_type":"article","og_title":"IFM IFS200 - OMANI VI\u1ec6T NAM","og_description":"IFM IFS200 Ph\u1ea1m vi c\u1ea3m bi\u1ebfn: 4 mm flush mountable T\u1ea7n s\u1ed1: 700 Hz Ch\u1ebf \u0111\u1ed9 ho\u1ea1t \u0111\u1ed9ng: th\u01b0\u1eddng m\u1edf Ng\u00f5 ra: DC PNP\/NPN K\u00edch th\u01b0\u1edbc: M12 x 1 \/ L = 45 mm Ph\u1ea1m vi nhi\u1ec7t \u0111\u1ed9 ho\u1ea1t \u0111\u1ed9ng r\u1ed9ng \u0110\u00e1nh gi\u00e1 b\u1ea3o v\u1ec7 cao cho c\u00e1c y\u00eau c\u1ea7u&hellip;","og_url":"https:\/\/omanivietnam.com\/index.php\/san-pham\/ifm-ifs200\/","og_site_name":"OMANI VI\u1ec6T NAM","article_modified_time":"2024-10-21T23:16:59+00:00","og_image":[{"width":500,"height":458,"url":"https:\/\/omanivietnam.com\/wp-content\/uploads\/2024\/10\/IFM-IFS200.png","type":"image\/png"}],"twitter_card":"summary_large_image","twitter_misc":{"\u01af\u1edbc t\u00ednh th\u1eddi gian \u0111\u1ecdc":"3 ph\u00fat"},"schema":{"@context":"https:\/\/schema.org","@graph":[{"@type":"WebPage","@id":"https:\/\/omanivietnam.com\/index.php\/san-pham\/ifm-ifs200\/","url":"https:\/\/omanivietnam.com\/index.php\/san-pham\/ifm-ifs200\/","name":"IFM IFS200 - OMANI VI\u1ec6T NAM","isPartOf":{"@id":"https:\/\/omanivietnam.com\/#website"},"primaryImageOfPage":{"@id":"https:\/\/omanivietnam.com\/index.php\/san-pham\/ifm-ifs200\/#primaryimage"},"image":{"@id":"https:\/\/omanivietnam.com\/index.php\/san-pham\/ifm-ifs200\/#primaryimage"},"thumbnailUrl":"https:\/\/omanivietnam.com\/wp-content\/uploads\/2024\/10\/IFM-IFS200.png","datePublished":"2024-10-21T23:13:55+00:00","dateModified":"2024-10-21T23:16:59+00:00","breadcrumb":{"@id":"https:\/\/omanivietnam.com\/index.php\/san-pham\/ifm-ifs200\/#breadcrumb"},"inLanguage":"vi","potentialAction":[{"@type":"ReadAction","target":["https:\/\/omanivietnam.com\/index.php\/san-pham\/ifm-ifs200\/"]}]},{"@type":"ImageObject","inLanguage":"vi","@id":"https:\/\/omanivietnam.com\/index.php\/san-pham\/ifm-ifs200\/#primaryimage","url":"https:\/\/omanivietnam.com\/wp-content\/uploads\/2024\/10\/IFM-IFS200.png","contentUrl":"https:\/\/omanivietnam.com\/wp-content\/uploads\/2024\/10\/IFM-IFS200.png","width":500,"height":458},{"@type":"BreadcrumbList","@id":"https:\/\/omanivietnam.com\/index.php\/san-pham\/ifm-ifs200\/#breadcrumb","itemListElement":[{"@type":"ListItem","position":1,"name":"Home","item":"https:\/\/omanivietnam.com\/"},{"@type":"ListItem","position":2,"name":"S\u1ea2N PH\u1ea8M","item":"https:\/\/omanivietnam.com\/index.php\/cua-hang\/"},{"@type":"ListItem","position":3,"name":"IFM IFS200"}]},{"@type":"WebSite","@id":"https:\/\/omanivietnam.com\/#website","url":"https:\/\/omanivietnam.com\/","name":"OMANI VI\u1ec6T NAM","description":"Nh\u00e0 ph\u00e2n ph\u1ed1i thi\u1ebft b\u1ecb kh\u00ed n\u00e9n v\u00e0 thi\u1ebft b\u1ecb t\u1ef1 \u0111\u1ed9ng h\u00f3a trong c\u00f4ng nghi\u1ec7p","publisher":{"@id":"https:\/\/omanivietnam.com\/#\/schema\/person\/0ad398a980dc3fd696111c2c5c8fa897"},"potentialAction":[{"@type":"SearchAction","target":{"@type":"EntryPoint","urlTemplate":"https:\/\/omanivietnam.com\/?s={search_term_string}"},"query-input":"required name=search_term_string"}],"inLanguage":"vi"},{"@type":["Person","Organization"],"@id":"https:\/\/omanivietnam.com\/#\/schema\/person\/0ad398a980dc3fd696111c2c5c8fa897","name":"Nguy\u1ec5n V\u0103n Kh\u00e1nh","image":{"@type":"ImageObject","inLanguage":"vi","@id":"https:\/\/omanivietnam.com\/#\/schema\/person\/image\/","url":"https:\/\/omanivietnam.com\/wp-content\/uploads\/2024\/06\/logo-1024x1024.png","contentUrl":"https:\/\/omanivietnam.com\/wp-content\/uploads\/2024\/06\/logo-1024x1024.png","width":1024,"height":1024,"caption":"Nguy\u1ec5n V\u0103n Kh\u00e1nh"},"logo":{"@id":"https:\/\/omanivietnam.com\/#\/schema\/person\/image\/"},"sameAs":["https:\/\/omanivietnam.com"]}]}},"_links":{"self":[{"href":"https:\/\/omanivietnam.com\/index.php\/wp-json\/wp\/v2\/product\/2314","targetHints":{"allow":["GET"]}}],"collection":[{"href":"https:\/\/omanivietnam.com\/index.php\/wp-json\/wp\/v2\/product"}],"about":[{"href":"https:\/\/omanivietnam.com\/index.php\/wp-json\/wp\/v2\/types\/product"}],"replies":[{"embeddable":true,"href":"https:\/\/omanivietnam.com\/index.php\/wp-json\/wp\/v2\/comments?post=2314"}],"wp:featuredmedia":[{"embeddable":true,"href":"https:\/\/omanivietnam.com\/index.php\/wp-json\/wp\/v2\/media\/2315"}],"wp:attachment":[{"href":"https:\/\/omanivietnam.com\/index.php\/wp-json\/wp\/v2\/media?parent=2314"}],"wp:term":[{"taxonomy":"product_cat","embeddable":true,"href":"https:\/\/omanivietnam.com\/index.php\/wp-json\/wp\/v2\/product_cat?post=2314"},{"taxonomy":"product_tag","embeddable":true,"href":"https:\/\/omanivietnam.com\/index.php\/wp-json\/wp\/v2\/product_tag?post=2314"}],"curies":[{"name":"wp","href":"https:\/\/api.w.org\/{rel}","templated":true}]}}