{"id":2369,"date":"2024-10-25T06:09:06","date_gmt":"2024-10-24T23:09:06","guid":{"rendered":"https:\/\/omanivietnam.com\/?post_type=product&#038;p=2369"},"modified":"2024-10-25T06:10:32","modified_gmt":"2024-10-24T23:10:32","slug":"apex-af075m1-007-s1-p1","status":"publish","type":"product","link":"https:\/\/omanivietnam.com\/index.php\/san-pham\/apex-af075m1-007-s1-p1\/","title":{"rendered":"APEX AF075M1-007-S1-P1"},"content":{"rendered":"<p>APEX AF075M1-007-S1-P1<\/p>\n<p>Gear box<br \/>\nModel: AF075M1-007-S1-P1<br \/>\n( Using for motor YASKAWA SGMGH-13D )<\/p>\n<p><strong>Output torque<\/strong><br \/>\nT2N : 14 Nm \u2013 2000 Nm<br \/>\n<strong>Ratios:<\/strong><br \/>\n1-stage : 3 \/ 4 \/ 5 \/ 6 \/ 7 \/ 8 \/ 9 \/ 10<br \/>\n2-stage : 12 \/ 15 \/ 16 \/ 20 \/ 25 \/ 28 \/ 30 \/ 32 \/ 35 \/ 40 \/ 45 \/ 50 \/ 60 \/ 70 \/ 80 \/ 90 \/ 100<br \/>\n<strong>Low backlash<\/strong><br \/>\n1 -stage :<br \/>\nP0 : \u22641 arcmin<br \/>\nP1 : \u22643 arcmin<br \/>\nP2 : \u22645 arcmin<br \/>\n2 -stage :<br \/>\nP0 : \u22643 arcmin<br \/>\nP1 : \u22645 arcmin<br \/>\nP2 : \u22647 arcmin<br \/>\n<strong>High efficiency<\/strong><br \/>\n1-stage : \u2267 97%<br \/>\n2-stage : \u2267 94%<br \/>\n<strong>Output Interface<\/strong><br \/>\nS1 : Smooth Output Shaft<br \/>\nS2 : Output Shaft with Key<br \/>\nS3 : DIN5480 Output Shaft<\/p>\n<p>&nbsp;<\/p>\n<p>\u0110\u1ea1i l\u00fd APEX vietnam, APEX viet nam, APEX vietnam distributor, Ph\u00e2n ph\u1ed1i APEX t\u1ea1i vi\u1ec7t nam<\/p>\n<p>\u0110\u1ea1i l\u00fd APEX vietnam, APEX viet nam, APEX vietnam distributor, Ph\u00e2n ph\u1ed1i APEX t\u1ea1i vi\u1ec7t nam<\/p>\n<p>\u0110\u1ea1i l\u00fd APEX vietnam, APEX viet nam, APEX vietnam distributor, Ph\u00e2n ph\u1ed1i APEX t\u1ea1i vi\u1ec7t nam<\/p>\n<p>\u0110\u1ea1i l\u00fd APEX vietnam, APEX viet nam, APEX vietnam distributor, Ph\u00e2n ph\u1ed1i APEX t\u1ea1i vi\u1ec7t nam<\/p>\n<p>\u0110\u1ea1i l\u00fd APEX vietnam, APEX viet nam, APEX vietnam distributor, Ph\u00e2n ph\u1ed1i APEX t\u1ea1i vi\u1ec7t nam<\/p>\n","protected":false},"excerpt":{"rendered":"<p>APEX AF075M1-007-S1-P1 Gear box Model: AF075M1-007-S1-P1 ( Using for motor YASKAWA SGMGH-13D ) Output torque T2N : 14 Nm \u2013 2000 Nm Ratios: 1-stage : 3 \/ 4 \/ 5 \/ 6 \/ 7 \/ 8 \/ 9 \/ 10 2-stage : 12 \/ 15 \/ 16 \/ 20 \/&hellip; <\/p>\n","protected":false},"featured_media":2368,"comment_status":"open","ping_status":"closed","template":"","meta":[],"product_cat":[344],"product_tag":[127,128,129],"class_list":{"0":"post-2369","1":"product","2":"type-product","3":"status-publish","4":"has-post-thumbnail","6":"product_cat-apex","7":"product_tag-apex-viet-nam","8":"product_tag-dai-ly-apex-viet-nam","9":"product_tag-hop-so","11":"first","12":"instock","13":"shipping-taxable","14":"product-type-simple"},"yoast_head":"<!-- This site is optimized with the Yoast SEO plugin v22.8 - https:\/\/yoast.com\/wordpress\/plugins\/seo\/ -->\n<title>APEX AF075M1-007-S1-P1 - OMANI VI\u1ec6T NAM<\/title>\n<meta name=\"robots\" content=\"index, follow, max-snippet:-1, max-image-preview:large, max-video-preview:-1\" \/>\n<link rel=\"canonical\" href=\"https:\/\/omanivietnam.com\/index.php\/san-pham\/apex-af075m1-007-s1-p1\/\" \/>\n<meta property=\"og:locale\" content=\"vi_VN\" \/>\n<meta property=\"og:type\" content=\"article\" \/>\n<meta property=\"og:title\" content=\"APEX AF075M1-007-S1-P1 - OMANI VI\u1ec6T NAM\" \/>\n<meta property=\"og:description\" content=\"APEX AF075M1-007-S1-P1 Gear box Model: AF075M1-007-S1-P1 ( Using for motor YASKAWA SGMGH-13D ) Output torque T2N : 14 Nm \u2013 2000 Nm Ratios: 1-stage : 3 \/ 4 \/ 5 \/ 6 \/ 7 \/ 8 \/ 9 \/ 10 2-stage : 12 \/ 15 \/ 16 \/ 20 \/&hellip;\" \/>\n<meta property=\"og:url\" content=\"https:\/\/omanivietnam.com\/index.php\/san-pham\/apex-af075m1-007-s1-p1\/\" \/>\n<meta property=\"og:site_name\" content=\"OMANI VI\u1ec6T NAM\" \/>\n<meta property=\"article:modified_time\" content=\"2024-10-24T23:10:32+00:00\" \/>\n<meta property=\"og:image\" content=\"https:\/\/omanivietnam.com\/wp-content\/uploads\/2024\/10\/APEX-AF075M1-S1-P1.png\" \/>\n\t<meta property=\"og:image:width\" content=\"730\" \/>\n\t<meta property=\"og:image:height\" content=\"394\" \/>\n\t<meta property=\"og:image:type\" content=\"image\/png\" \/>\n<meta name=\"twitter:card\" content=\"summary_large_image\" \/>\n<meta name=\"twitter:label1\" content=\"\u01af\u1edbc t\u00ednh th\u1eddi gian \u0111\u1ecdc\" \/>\n\t<meta name=\"twitter:data1\" content=\"2 ph\u00fat\" \/>\n<script type=\"application\/ld+json\" class=\"yoast-schema-graph\">{\"@context\":\"https:\/\/schema.org\",\"@graph\":[{\"@type\":\"WebPage\",\"@id\":\"https:\/\/omanivietnam.com\/index.php\/san-pham\/apex-af075m1-007-s1-p1\/\",\"url\":\"https:\/\/omanivietnam.com\/index.php\/san-pham\/apex-af075m1-007-s1-p1\/\",\"name\":\"APEX AF075M1-007-S1-P1 - OMANI VI\u1ec6T NAM\",\"isPartOf\":{\"@id\":\"https:\/\/omanivietnam.com\/#website\"},\"primaryImageOfPage\":{\"@id\":\"https:\/\/omanivietnam.com\/index.php\/san-pham\/apex-af075m1-007-s1-p1\/#primaryimage\"},\"image\":{\"@id\":\"https:\/\/omanivietnam.com\/index.php\/san-pham\/apex-af075m1-007-s1-p1\/#primaryimage\"},\"thumbnailUrl\":\"https:\/\/omanivietnam.com\/wp-content\/uploads\/2024\/10\/APEX-AF075M1-S1-P1.png\",\"datePublished\":\"2024-10-24T23:09:06+00:00\",\"dateModified\":\"2024-10-24T23:10:32+00:00\",\"breadcrumb\":{\"@id\":\"https:\/\/omanivietnam.com\/index.php\/san-pham\/apex-af075m1-007-s1-p1\/#breadcrumb\"},\"inLanguage\":\"vi\",\"potentialAction\":[{\"@type\":\"ReadAction\",\"target\":[\"https:\/\/omanivietnam.com\/index.php\/san-pham\/apex-af075m1-007-s1-p1\/\"]}]},{\"@type\":\"ImageObject\",\"inLanguage\":\"vi\",\"@id\":\"https:\/\/omanivietnam.com\/index.php\/san-pham\/apex-af075m1-007-s1-p1\/#primaryimage\",\"url\":\"https:\/\/omanivietnam.com\/wp-content\/uploads\/2024\/10\/APEX-AF075M1-S1-P1.png\",\"contentUrl\":\"https:\/\/omanivietnam.com\/wp-content\/uploads\/2024\/10\/APEX-AF075M1-S1-P1.png\",\"width\":730,\"height\":394},{\"@type\":\"BreadcrumbList\",\"@id\":\"https:\/\/omanivietnam.com\/index.php\/san-pham\/apex-af075m1-007-s1-p1\/#breadcrumb\",\"itemListElement\":[{\"@type\":\"ListItem\",\"position\":1,\"name\":\"Home\",\"item\":\"https:\/\/omanivietnam.com\/\"},{\"@type\":\"ListItem\",\"position\":2,\"name\":\"S\u1ea2N PH\u1ea8M\",\"item\":\"https:\/\/omanivietnam.com\/index.php\/cua-hang\/\"},{\"@type\":\"ListItem\",\"position\":3,\"name\":\"APEX AF075M1-007-S1-P1\"}]},{\"@type\":\"WebSite\",\"@id\":\"https:\/\/omanivietnam.com\/#website\",\"url\":\"https:\/\/omanivietnam.com\/\",\"name\":\"OMANI VI\u1ec6T NAM\",\"description\":\"Nh\u00e0 ph\u00e2n ph\u1ed1i thi\u1ebft b\u1ecb kh\u00ed n\u00e9n v\u00e0 thi\u1ebft b\u1ecb t\u1ef1 \u0111\u1ed9ng h\u00f3a trong c\u00f4ng nghi\u1ec7p\",\"publisher\":{\"@id\":\"https:\/\/omanivietnam.com\/#\/schema\/person\/0ad398a980dc3fd696111c2c5c8fa897\"},\"potentialAction\":[{\"@type\":\"SearchAction\",\"target\":{\"@type\":\"EntryPoint\",\"urlTemplate\":\"https:\/\/omanivietnam.com\/?s={search_term_string}\"},\"query-input\":\"required name=search_term_string\"}],\"inLanguage\":\"vi\"},{\"@type\":[\"Person\",\"Organization\"],\"@id\":\"https:\/\/omanivietnam.com\/#\/schema\/person\/0ad398a980dc3fd696111c2c5c8fa897\",\"name\":\"Nguy\u1ec5n V\u0103n Kh\u00e1nh\",\"image\":{\"@type\":\"ImageObject\",\"inLanguage\":\"vi\",\"@id\":\"https:\/\/omanivietnam.com\/#\/schema\/person\/image\/\",\"url\":\"https:\/\/omanivietnam.com\/wp-content\/uploads\/2024\/06\/logo-1024x1024.png\",\"contentUrl\":\"https:\/\/omanivietnam.com\/wp-content\/uploads\/2024\/06\/logo-1024x1024.png\",\"width\":1024,\"height\":1024,\"caption\":\"Nguy\u1ec5n V\u0103n Kh\u00e1nh\"},\"logo\":{\"@id\":\"https:\/\/omanivietnam.com\/#\/schema\/person\/image\/\"},\"sameAs\":[\"https:\/\/omanivietnam.com\"]}]}<\/script>\n<!-- \/ Yoast SEO plugin. -->","yoast_head_json":{"title":"APEX AF075M1-007-S1-P1 - OMANI VI\u1ec6T NAM","robots":{"index":"index","follow":"follow","max-snippet":"max-snippet:-1","max-image-preview":"max-image-preview:large","max-video-preview":"max-video-preview:-1"},"canonical":"https:\/\/omanivietnam.com\/index.php\/san-pham\/apex-af075m1-007-s1-p1\/","og_locale":"vi_VN","og_type":"article","og_title":"APEX AF075M1-007-S1-P1 - OMANI VI\u1ec6T NAM","og_description":"APEX AF075M1-007-S1-P1 Gear box Model: AF075M1-007-S1-P1 ( Using for motor YASKAWA SGMGH-13D ) Output torque T2N : 14 Nm \u2013 2000 Nm Ratios: 1-stage : 3 \/ 4 \/ 5 \/ 6 \/ 7 \/ 8 \/ 9 \/ 10 2-stage : 12 \/ 15 \/ 16 \/ 20 \/&hellip;","og_url":"https:\/\/omanivietnam.com\/index.php\/san-pham\/apex-af075m1-007-s1-p1\/","og_site_name":"OMANI VI\u1ec6T NAM","article_modified_time":"2024-10-24T23:10:32+00:00","og_image":[{"width":730,"height":394,"url":"https:\/\/omanivietnam.com\/wp-content\/uploads\/2024\/10\/APEX-AF075M1-S1-P1.png","type":"image\/png"}],"twitter_card":"summary_large_image","twitter_misc":{"\u01af\u1edbc t\u00ednh th\u1eddi gian \u0111\u1ecdc":"2 ph\u00fat"},"schema":{"@context":"https:\/\/schema.org","@graph":[{"@type":"WebPage","@id":"https:\/\/omanivietnam.com\/index.php\/san-pham\/apex-af075m1-007-s1-p1\/","url":"https:\/\/omanivietnam.com\/index.php\/san-pham\/apex-af075m1-007-s1-p1\/","name":"APEX AF075M1-007-S1-P1 - OMANI VI\u1ec6T NAM","isPartOf":{"@id":"https:\/\/omanivietnam.com\/#website"},"primaryImageOfPage":{"@id":"https:\/\/omanivietnam.com\/index.php\/san-pham\/apex-af075m1-007-s1-p1\/#primaryimage"},"image":{"@id":"https:\/\/omanivietnam.com\/index.php\/san-pham\/apex-af075m1-007-s1-p1\/#primaryimage"},"thumbnailUrl":"https:\/\/omanivietnam.com\/wp-content\/uploads\/2024\/10\/APEX-AF075M1-S1-P1.png","datePublished":"2024-10-24T23:09:06+00:00","dateModified":"2024-10-24T23:10:32+00:00","breadcrumb":{"@id":"https:\/\/omanivietnam.com\/index.php\/san-pham\/apex-af075m1-007-s1-p1\/#breadcrumb"},"inLanguage":"vi","potentialAction":[{"@type":"ReadAction","target":["https:\/\/omanivietnam.com\/index.php\/san-pham\/apex-af075m1-007-s1-p1\/"]}]},{"@type":"ImageObject","inLanguage":"vi","@id":"https:\/\/omanivietnam.com\/index.php\/san-pham\/apex-af075m1-007-s1-p1\/#primaryimage","url":"https:\/\/omanivietnam.com\/wp-content\/uploads\/2024\/10\/APEX-AF075M1-S1-P1.png","contentUrl":"https:\/\/omanivietnam.com\/wp-content\/uploads\/2024\/10\/APEX-AF075M1-S1-P1.png","width":730,"height":394},{"@type":"BreadcrumbList","@id":"https:\/\/omanivietnam.com\/index.php\/san-pham\/apex-af075m1-007-s1-p1\/#breadcrumb","itemListElement":[{"@type":"ListItem","position":1,"name":"Home","item":"https:\/\/omanivietnam.com\/"},{"@type":"ListItem","position":2,"name":"S\u1ea2N PH\u1ea8M","item":"https:\/\/omanivietnam.com\/index.php\/cua-hang\/"},{"@type":"ListItem","position":3,"name":"APEX AF075M1-007-S1-P1"}]},{"@type":"WebSite","@id":"https:\/\/omanivietnam.com\/#website","url":"https:\/\/omanivietnam.com\/","name":"OMANI VI\u1ec6T NAM","description":"Nh\u00e0 ph\u00e2n ph\u1ed1i thi\u1ebft b\u1ecb kh\u00ed n\u00e9n v\u00e0 thi\u1ebft b\u1ecb t\u1ef1 \u0111\u1ed9ng h\u00f3a trong c\u00f4ng nghi\u1ec7p","publisher":{"@id":"https:\/\/omanivietnam.com\/#\/schema\/person\/0ad398a980dc3fd696111c2c5c8fa897"},"potentialAction":[{"@type":"SearchAction","target":{"@type":"EntryPoint","urlTemplate":"https:\/\/omanivietnam.com\/?s={search_term_string}"},"query-input":"required name=search_term_string"}],"inLanguage":"vi"},{"@type":["Person","Organization"],"@id":"https:\/\/omanivietnam.com\/#\/schema\/person\/0ad398a980dc3fd696111c2c5c8fa897","name":"Nguy\u1ec5n V\u0103n Kh\u00e1nh","image":{"@type":"ImageObject","inLanguage":"vi","@id":"https:\/\/omanivietnam.com\/#\/schema\/person\/image\/","url":"https:\/\/omanivietnam.com\/wp-content\/uploads\/2024\/06\/logo-1024x1024.png","contentUrl":"https:\/\/omanivietnam.com\/wp-content\/uploads\/2024\/06\/logo-1024x1024.png","width":1024,"height":1024,"caption":"Nguy\u1ec5n V\u0103n Kh\u00e1nh"},"logo":{"@id":"https:\/\/omanivietnam.com\/#\/schema\/person\/image\/"},"sameAs":["https:\/\/omanivietnam.com"]}]}},"_links":{"self":[{"href":"https:\/\/omanivietnam.com\/index.php\/wp-json\/wp\/v2\/product\/2369","targetHints":{"allow":["GET"]}}],"collection":[{"href":"https:\/\/omanivietnam.com\/index.php\/wp-json\/wp\/v2\/product"}],"about":[{"href":"https:\/\/omanivietnam.com\/index.php\/wp-json\/wp\/v2\/types\/product"}],"replies":[{"embeddable":true,"href":"https:\/\/omanivietnam.com\/index.php\/wp-json\/wp\/v2\/comments?post=2369"}],"wp:featuredmedia":[{"embeddable":true,"href":"https:\/\/omanivietnam.com\/index.php\/wp-json\/wp\/v2\/media\/2368"}],"wp:attachment":[{"href":"https:\/\/omanivietnam.com\/index.php\/wp-json\/wp\/v2\/media?parent=2369"}],"wp:term":[{"taxonomy":"product_cat","embeddable":true,"href":"https:\/\/omanivietnam.com\/index.php\/wp-json\/wp\/v2\/product_cat?post=2369"},{"taxonomy":"product_tag","embeddable":true,"href":"https:\/\/omanivietnam.com\/index.php\/wp-json\/wp\/v2\/product_tag?post=2369"}],"curies":[{"name":"wp","href":"https:\/\/api.w.org\/{rel}","templated":true}]}}