{"id":2447,"date":"2024-10-27T21:45:48","date_gmt":"2024-10-27T14:45:48","guid":{"rendered":"https:\/\/omanivietnam.com\/?post_type=product&#038;p=2447"},"modified":"2025-01-24T10:35:06","modified_gmt":"2025-01-24T03:35:06","slug":"festo-dsbf-c-50-125-ppva-n3-r","status":"publish","type":"product","link":"https:\/\/omanivietnam.com\/index.php\/san-pham\/festo-dsbf-c-50-125-ppva-n3-r\/","title":{"rendered":"FESTO DSBF-C-50-125-PPVA-N3-R"},"content":{"rendered":"<p>FESTO DSBF-C-50-125-PPVA-N3-R 570079<\/p>\n<p>FESTO DSBF-C-32-80-PPVA-N3-R 570077<\/p>\n<p>FESTO DSBF-C-32-25-PPVA-N3-R 1773752<\/p>\n<p class=\"page-title\"><span class=\"base\" data-ui-id=\"page-title-wrapper\">Festo DSBF-C-50-125-PPVA-N3-R (570079) Standards-Based Cylinder<\/span><\/p>\n<table>\n<tbody>\n<tr>\n<td><span style=\"font-family: Arial, Times New Roman, Bitstream Charter, Times, serif\"><span style=\"font-size: 15px\">Stroke [mm]<\/span><\/span><\/td>\n<td><span style=\"font-family: Arial, Times New Roman, Bitstream Charter, Times, serif\"><span style=\"font-size: 15px\">125<\/span><\/span><\/td>\n<\/tr>\n<tr>\n<td><span style=\"font-family: Arial, Times New Roman, Bitstream Charter, Times, serif\"><span style=\"font-size: 15px\">Piston diameter<\/span><\/span><\/td>\n<td><span style=\"font-family: Arial, Times New Roman, Bitstream Charter, Times, serif\"><span style=\"font-size: 15px\">50 mm<\/span><\/span><\/td>\n<\/tr>\n<tr>\n<td><span style=\"font-family: Arial, Times New Roman, Bitstream Charter, Times, serif\"><span style=\"font-size: 15px\">Piston rod thread<\/span><\/span><\/td>\n<td><span style=\"font-family: Arial, Times New Roman, Bitstream Charter, Times, serif\"><span style=\"font-size: 15px\">M16x1,5<\/span><\/span><\/td>\n<\/tr>\n<tr>\n<td><span style=\"font-family: Arial, Times New Roman, Bitstream Charter, Times, serif\"><span style=\"font-size: 15px\">Dampening<\/span><\/span><\/td>\n<td><span style=\"font-family: Arial, Times New Roman, Bitstream Charter, Times, serif\"><span style=\"font-size: 15px\">PPV: Pneumatic dampening both sides adjustable<\/span><\/span><\/td>\n<\/tr>\n<tr>\n<td><span style=\"font-family: Arial, Times New Roman, Bitstream Charter, Times, serif\"><span style=\"font-size: 15px\">installation position<\/span><\/span><\/td>\n<td><span style=\"font-family: Arial, Times New Roman, Bitstream Charter, Times, serif\"><span style=\"font-size: 15px\">arbitrary<\/span><\/span><\/td>\n<\/tr>\n<tr>\n<td><span style=\"font-family: Arial, Times New Roman, Bitstream Charter, Times, serif\"><span style=\"font-size: 15px\">Complies to standard<\/span><\/span><\/td>\n<td><span style=\"font-family: Arial, Times New Roman, Bitstream Charter, Times, serif\"><span style=\"font-size: 15px\">ISO 15552<\/span><\/span><\/td>\n<\/tr>\n<tr>\n<td><span style=\"font-family: Arial, Times New Roman, Bitstream Charter, Times, serif\"><span style=\"font-size: 15px\">Piston rod end<\/span><\/span><\/td>\n<td><span style=\"font-family: Arial, Times New Roman, Bitstream Charter, Times, serif\"><span style=\"font-size: 15px\">Male thread<\/span><\/span><\/td>\n<\/tr>\n<tr>\n<td><span style=\"font-family: Arial, Times New Roman, Bitstream Charter, Times, serif\"><span style=\"font-size: 15px\">Construction set up<\/span><\/span><\/td>\n<td><span style=\"font-family: Arial, Times New Roman, Bitstream Charter, Times, serif\"><span style=\"font-size: 15px\">Piston<br \/>\npiston rod<br \/>\nprofile tube<\/span><\/span><\/td>\n<\/tr>\n<tr>\n<td><span style=\"font-family: Arial, Times New Roman, Bitstream Charter, Times, serif\"><span style=\"font-size: 15px\">Position detection<\/span><\/span><\/td>\n<td><span style=\"font-family: Arial, Times New Roman, Bitstream Charter, Times, serif\"><span style=\"font-size: 15px\">For proximity switch<\/span><\/span><\/td>\n<\/tr>\n<tr>\n<td><span style=\"font-family: Arial, Times New Roman, Bitstream Charter, Times, serif\"><span style=\"font-size: 15px\">Operating pressure [bar]<\/span><\/span><\/td>\n<td><span style=\"font-family: Arial, Times New Roman, Bitstream Charter, Times, serif\"><span style=\"font-size: 15px\">0.4 to 12<\/span><\/span><\/td>\n<\/tr>\n<tr>\n<td><span style=\"font-family: Arial, Times New Roman, Bitstream Charter, Times, serif\"><span style=\"font-size: 15px\">Principle of operation<\/span><\/span><\/td>\n<td><span style=\"font-family: Arial, Times New Roman, Bitstream Charter, Times, serif\"><span style=\"font-size: 15px\">double acting<\/span><\/span><\/td>\n<\/tr>\n<tr>\n<td><span style=\"font-family: Arial, Times New Roman, Bitstream Charter, Times, serif\"><span style=\"font-size: 15px\">Operating medium<\/span><\/span><\/td>\n<td><span style=\"font-family: Arial, Times New Roman, Bitstream Charter, Times, serif\"><span style=\"font-size: 15px\">Compressed air to ISO 8573-1:2010 [7:4:4]<\/span><\/span><\/td>\n<\/tr>\n<tr>\n<td><span style=\"font-family: Arial, Times New Roman, Bitstream Charter, Times, serif\"><span style=\"font-size: 15px\">Information about operating and control medium<\/span><\/span><\/td>\n<td><span style=\"font-family: Arial, Times New Roman, Bitstream Charter, Times, serif\"><span style=\"font-size: 15px\">Oiled operation possible (required in further operations)<\/span><\/span><\/td>\n<\/tr>\n<tr>\n<td><span style=\"font-family: Arial, Times New Roman, Bitstream Charter, Times, serif\"><span style=\"font-size: 15px\">Corrosion resistant class KBK<\/span><\/span><\/td>\n<td><span style=\"font-family: Arial, Times New Roman, Bitstream Charter, Times, serif\"><span style=\"font-size: 15px\">3 &#8211; severe corrosion stress<\/span><\/span><\/td>\n<\/tr>\n<tr>\n<td><span style=\"font-family: Arial, Times New Roman, Bitstream Charter, Times, serif\"><span style=\"font-size: 15px\">ambient temperature [\u00b0C]<\/span><\/span><\/td>\n<td><span style=\"font-family: Arial, Times New Roman, Bitstream Charter, Times, serif\"><span style=\"font-size: 15px\">-20 to 80<\/span><\/span><\/td>\n<\/tr>\n<tr>\n<td><span style=\"font-family: Arial, Times New Roman, Bitstream Charter, Times, serif\"><span style=\"font-size: 15px\">Impact energy at the end positions [J]<\/span><\/span><\/td>\n<td><span style=\"font-family: Arial, Times New Roman, Bitstream Charter, Times, serif\"><span style=\"font-size: 15px\">1,0<\/span><\/span><\/td>\n<\/tr>\n<tr>\n<td><span style=\"font-family: Arial, Times New Roman, Bitstream Charter, Times, serif\"><span style=\"font-size: 15px\">Dampening length [mm]<\/span><\/span><\/td>\n<td><span style=\"font-family: Arial, Times New Roman, Bitstream Charter, Times, serif\"><span style=\"font-size: 15px\">22<\/span><\/span><\/td>\n<\/tr>\n<tr>\n<td><span style=\"font-family: Arial, Times New Roman, Bitstream Charter, Times, serif\"><span style=\"font-size: 15px\">Theoretical force at 6 bar, Return flow [N]<\/span><\/span><\/td>\n<td><span style=\"font-family: Arial, Times New Roman, Bitstream Charter, Times, serif\"><span style=\"font-size: 15px\">990<\/span><\/span><\/td>\n<\/tr>\n<tr>\n<td><span style=\"font-family: Arial, Times New Roman, Bitstream Charter, Times, serif\"><span style=\"font-size: 15px\">Theoretical force at 6 bar, flow [N]<\/span><\/span><\/td>\n<td><span style=\"font-family: Arial, Times New Roman, Bitstream Charter, Times, serif\"><span style=\"font-size: 15px\">1.178<\/span><\/span><\/td>\n<\/tr>\n<tr>\n<td><span style=\"font-family: Arial, Times New Roman, Bitstream Charter, Times, serif\"><span style=\"font-size: 15px\">Moving mass at 0 mm stroke [g]<\/span><\/span><\/td>\n<td><span style=\"font-family: Arial, Times New Roman, Bitstream Charter, Times, serif\"><span style=\"font-size: 15px\">363<\/span><\/span><\/td>\n<\/tr>\n<tr>\n<td><span style=\"font-family: Arial, Times New Roman, Bitstream Charter, Times, serif\"><span style=\"font-size: 15px\">Weight supplement per 10 mm stroke [g]<\/span><\/span><\/td>\n<td><span style=\"font-family: Arial, Times New Roman, Bitstream Charter, Times, serif\"><span style=\"font-size: 15px\">58<\/span><\/span><\/td>\n<\/tr>\n<tr>\n<td><span style=\"font-family: Arial, Times New Roman, Bitstream Charter, Times, serif\"><span style=\"font-size: 15px\">Base weight at 0 mm stroke [g]<\/span><\/span><\/td>\n<td><span style=\"font-family: Arial, Times New Roman, Bitstream Charter, Times, serif\"><span style=\"font-size: 15px\">1.241<\/span><\/span><\/td>\n<\/tr>\n<tr>\n<td><span style=\"font-family: Arial, Times New Roman, Bitstream Charter, Times, serif\"><span style=\"font-size: 15px\">Supplement moved mass per 10 mm stroke [g]<\/span><\/span><\/td>\n<td><span style=\"font-family: Arial, Times New Roman, Bitstream Charter, Times, serif\"><span style=\"font-size: 15px\">25<\/span><\/span><\/td>\n<\/tr>\n<tr>\n<td><span style=\"font-family: Arial, Times New Roman, Bitstream Charter, Times, serif\"><span style=\"font-size: 15px\">Fastening type<\/span><\/span><\/td>\n<td><span style=\"font-family: Arial, Times New Roman, Bitstream Charter, Times, serif\"><span style=\"font-size: 15px\">With female thread<br \/>\nWith Accessories<br \/>\nSelectively:<\/span><\/span><\/td>\n<\/tr>\n<tr>\n<td><span style=\"font-family: Arial, Times New Roman, Bitstream Charter, Times, serif\"><span style=\"font-size: 15px\">Pneumatic connection<\/span><\/span><\/td>\n<td><span style=\"font-family: Arial, Times New Roman, Bitstream Charter, Times, serif\"><span style=\"font-size: 15px\">G1\/4<\/span><\/span><\/td>\n<\/tr>\n<tr>\n<td><span style=\"font-family: Arial, Times New Roman, Bitstream Charter, Times, serif\"><span style=\"font-size: 15px\">Material information<\/span><\/span><\/td>\n<td><span style=\"font-family: Arial, Times New Roman, Bitstream Charter, Times, serif\"><span style=\"font-size: 15px\">RoHs compliant<\/span><\/span><\/td>\n<\/tr>\n<tr>\n<td><span style=\"font-family: Arial, Times New Roman, Bitstream Charter, Times, serif\"><span style=\"font-size: 15px\">Cover material<\/span><\/span><\/td>\n<td><span style=\"font-family: Arial, Times New Roman, Bitstream Charter, Times, serif\"><span style=\"font-size: 15px\">Alu-Druckguss, beschichtet<\/span><\/span><\/td>\n<\/tr>\n<tr>\n<td><span style=\"font-family: Arial, Times New Roman, Bitstream Charter, Times, serif\"><span style=\"font-size: 15px\">Werkstoff Kolbendichtung<\/span><\/span><\/td>\n<td><span style=\"font-family: Arial, Times New Roman, Bitstream Charter, Times, serif\"><span style=\"font-size: 15px\">TPE-U(PU)<\/span><\/span><\/td>\n<\/tr>\n<tr>\n<td><span style=\"font-family: Arial, Times New Roman, Bitstream Charter, Times, serif\"><span style=\"font-size: 15px\">Piston material<\/span><\/span><\/td>\n<td><span style=\"font-family: Arial, Times New Roman, Bitstream Charter, Times, serif\"><span style=\"font-size: 15px\">Aluminium wrought alloy<\/span><\/span><\/td>\n<\/tr>\n<tr>\n<td><span style=\"font-family: Arial, Times New Roman, Bitstream Charter, Times, serif\"><span style=\"font-size: 15px\">Piston rod material<\/span><\/span><\/td>\n<td><span style=\"font-family: Arial, Times New Roman, Bitstream Charter, Times, serif\"><span style=\"font-size: 15px\">High-alloyed stainless steels<\/span><\/span><\/td>\n<\/tr>\n<tr>\n<td><span style=\"font-family: Arial, Times New Roman, Bitstream Charter, Times, serif\"><span style=\"font-size: 15px\">Werkstoff Kolbenstangen-Dichtabstreifer<\/span><\/span><\/td>\n<td><span style=\"font-family: Arial, Times New Roman, Bitstream Charter, Times, serif\"><span style=\"font-size: 15px\">TPE-U(PU)<\/span><\/span><\/td>\n<\/tr>\n<tr>\n<td><span style=\"font-family: Arial, Times New Roman, Bitstream Charter, Times, serif\"><span style=\"font-size: 15px\">Werkstoff Pufferdichtung<\/span><\/span><\/td>\n<td><span style=\"font-family: Arial, Times New Roman, Bitstream Charter, Times, serif\"><span style=\"font-size: 15px\">TPE-U(PU)<\/span><\/span><\/td>\n<\/tr>\n<tr>\n<td><span style=\"font-family: Arial, Times New Roman, Bitstream Charter, Times, serif\"><span style=\"font-size: 15px\">Werkstoff Pufferkolben<\/span><\/span><\/td>\n<td><span style=\"font-family: Arial, Times New Roman, Bitstream Charter, Times, serif\"><span style=\"font-size: 15px\">POM<\/span><\/span><\/td>\n<\/tr>\n<tr>\n<td><span style=\"font-family: Arial, Times New Roman, Bitstream Charter, Times, serif\"><span style=\"font-size: 15px\">Cylinder tube material<\/span><\/span><\/td>\n<td><span style=\"font-family: Arial, Times New Roman, Bitstream Charter, Times, serif\"><span style=\"font-size: 15px\">Aluminium wrought alloy, anodised<\/span><\/span><\/td>\n<\/tr>\n<tr>\n<td><span style=\"font-family: Arial, Times New Roman, Bitstream Charter, Times, serif\"><span style=\"font-size: 15px\">Nut material<\/span><\/span><\/td>\n<td><span style=\"font-family: Arial, Times New Roman, Bitstream Charter, Times, serif\"><span style=\"font-size: 15px\">High-alloyed stainless steels<\/span><\/span><\/td>\n<\/tr>\n<tr>\n<td><span style=\"font-family: Arial, Times New Roman, Bitstream Charter, Times, serif\"><span style=\"font-size: 15px\">Bearing material<\/span><\/span><\/td>\n<td><span style=\"font-family: Arial, Times New Roman, Bitstream Charter, Times, serif\"><span style=\"font-size: 15px\">POM<\/span><\/span><\/td>\n<\/tr>\n<tr>\n<td><span style=\"font-family: Arial, Times New Roman, Bitstream Charter, Times, serif\"><span style=\"font-size: 15px\">Flush screw material<\/span><\/span><\/td>\n<td><span style=\"font-family: Arial, Times New Roman, Bitstream Charter, Times, serif\"><span style=\"font-size: 15px\">Zinc plated steel<\/span><\/span><\/td>\n<\/tr>\n<\/tbody>\n<\/table>\n<p>&nbsp;<\/p>\n<p>\u0110\u1ea1i l\u00fd FESTO vietnam, FESTO viet nam, FESTO vietnam distributor, Ph\u00e2n ph\u1ed1i FESTO t\u1ea1i vi\u1ec7t nam<\/p>\n<p>\u0110\u1ea1i l\u00fd FESTO vietnam, FESTO viet nam, FESTO vietnam distributor, Ph\u00e2n ph\u1ed1i FESTO t\u1ea1i vi\u1ec7t nam<\/p>\n<p>\u0110\u1ea1i l\u00fd FESTO vietnam, FESTO viet nam, FESTO vietnam distributor, Ph\u00e2n ph\u1ed1i FESTO t\u1ea1i vi\u1ec7t nam<\/p>\n<p>\u0110\u1ea1i l\u00fd FESTO vietnam, FESTO viet nam, FESTO vietnam distributor, Ph\u00e2n ph\u1ed1i FESTO t\u1ea1i vi\u1ec7t nam<\/p>\n<p>\u0110\u1ea1i l\u00fd FESTO vietnam, FESTO viet nam, FESTO vietnam distributor, Ph\u00e2n ph\u1ed1i FESTO t\u1ea1i vi\u1ec7t<\/p>\n","protected":false},"excerpt":{"rendered":"<p>FESTO DSBF-C-50-125-PPVA-N3-R 570079 FESTO DSBF-C-32-80-PPVA-N3-R 570077 FESTO DSBF-C-32-25-PPVA-N3-R 1773752 Festo DSBF-C-50-125-PPVA-N3-R (570079) Standards-Based Cylinder Stroke [mm] 125 Piston diameter 50 mm Piston rod thread M16x1,5 Dampening PPV: Pneumatic dampening both sides adjustable installation position arbitrary Complies to standard ISO 15552 Piston rod end Male thread Construction set up Piston piston&hellip; <\/p>\n","protected":false},"featured_media":2446,"comment_status":"open","ping_status":"closed","template":"","meta":[],"product_cat":[284],"product_tag":[364,363,98],"class_list":{"0":"post-2447","1":"product","2":"type-product","3":"status-publish","4":"has-post-thumbnail","6":"product_cat-festo","7":"product_tag-dai-ly-festo-viet-nam","8":"product_tag-festo-viet-nam","9":"product_tag-xy-lanh-khi","11":"first","12":"instock","13":"shipping-taxable","14":"product-type-simple"},"yoast_head":"<!-- This site is optimized with the Yoast SEO plugin v22.8 - https:\/\/yoast.com\/wordpress\/plugins\/seo\/ -->\n<title>FESTO DSBF-C-50-125-PPVA-N3-R - OMANI VI\u1ec6T NAM<\/title>\n<meta name=\"description\" content=\"DSBF-C-32-80-PPVA-N3-R | Festo Pneumatic Piston Rod\" \/>\n<meta name=\"robots\" content=\"index, follow, max-snippet:-1, max-image-preview:large, max-video-preview:-1\" \/>\n<link rel=\"canonical\" href=\"https:\/\/omanivietnam.com\/index.php\/san-pham\/festo-dsbf-c-50-125-ppva-n3-r\/\" \/>\n<meta property=\"og:locale\" content=\"vi_VN\" \/>\n<meta property=\"og:type\" content=\"article\" \/>\n<meta property=\"og:title\" content=\"FESTO DSBF-C-50-125-PPVA-N3-R - OMANI VI\u1ec6T NAM\" \/>\n<meta property=\"og:description\" content=\"DSBF-C-32-80-PPVA-N3-R | Festo Pneumatic Piston Rod\" \/>\n<meta property=\"og:url\" content=\"https:\/\/omanivietnam.com\/index.php\/san-pham\/festo-dsbf-c-50-125-ppva-n3-r\/\" \/>\n<meta property=\"og:site_name\" content=\"OMANI VI\u1ec6T NAM\" \/>\n<meta property=\"article:modified_time\" content=\"2025-01-24T03:35:06+00:00\" \/>\n<meta property=\"og:image\" content=\"https:\/\/omanivietnam.com\/wp-content\/uploads\/2024\/10\/DSBF-C-32-25-PPVA-N3-R.png\" \/>\n\t<meta property=\"og:image:width\" content=\"614\" \/>\n\t<meta property=\"og:image:height\" content=\"589\" \/>\n\t<meta property=\"og:image:type\" content=\"image\/png\" \/>\n<meta name=\"twitter:card\" content=\"summary_large_image\" \/>\n<meta name=\"twitter:label1\" content=\"\u01af\u1edbc t\u00ednh th\u1eddi gian \u0111\u1ecdc\" \/>\n\t<meta name=\"twitter:data1\" content=\"2 ph\u00fat\" \/>\n<script type=\"application\/ld+json\" class=\"yoast-schema-graph\">{\"@context\":\"https:\/\/schema.org\",\"@graph\":[{\"@type\":\"WebPage\",\"@id\":\"https:\/\/omanivietnam.com\/index.php\/san-pham\/festo-dsbf-c-50-125-ppva-n3-r\/\",\"url\":\"https:\/\/omanivietnam.com\/index.php\/san-pham\/festo-dsbf-c-50-125-ppva-n3-r\/\",\"name\":\"FESTO DSBF-C-50-125-PPVA-N3-R - OMANI VI\u1ec6T NAM\",\"isPartOf\":{\"@id\":\"https:\/\/omanivietnam.com\/#website\"},\"primaryImageOfPage\":{\"@id\":\"https:\/\/omanivietnam.com\/index.php\/san-pham\/festo-dsbf-c-50-125-ppva-n3-r\/#primaryimage\"},\"image\":{\"@id\":\"https:\/\/omanivietnam.com\/index.php\/san-pham\/festo-dsbf-c-50-125-ppva-n3-r\/#primaryimage\"},\"thumbnailUrl\":\"https:\/\/omanivietnam.com\/wp-content\/uploads\/2024\/10\/DSBF-C-32-25-PPVA-N3-R.png\",\"datePublished\":\"2024-10-27T14:45:48+00:00\",\"dateModified\":\"2025-01-24T03:35:06+00:00\",\"description\":\"DSBF-C-32-80-PPVA-N3-R | Festo Pneumatic Piston Rod\",\"breadcrumb\":{\"@id\":\"https:\/\/omanivietnam.com\/index.php\/san-pham\/festo-dsbf-c-50-125-ppva-n3-r\/#breadcrumb\"},\"inLanguage\":\"vi\",\"potentialAction\":[{\"@type\":\"ReadAction\",\"target\":[\"https:\/\/omanivietnam.com\/index.php\/san-pham\/festo-dsbf-c-50-125-ppva-n3-r\/\"]}]},{\"@type\":\"ImageObject\",\"inLanguage\":\"vi\",\"@id\":\"https:\/\/omanivietnam.com\/index.php\/san-pham\/festo-dsbf-c-50-125-ppva-n3-r\/#primaryimage\",\"url\":\"https:\/\/omanivietnam.com\/wp-content\/uploads\/2024\/10\/DSBF-C-32-25-PPVA-N3-R.png\",\"contentUrl\":\"https:\/\/omanivietnam.com\/wp-content\/uploads\/2024\/10\/DSBF-C-32-25-PPVA-N3-R.png\",\"width\":614,\"height\":589},{\"@type\":\"BreadcrumbList\",\"@id\":\"https:\/\/omanivietnam.com\/index.php\/san-pham\/festo-dsbf-c-50-125-ppva-n3-r\/#breadcrumb\",\"itemListElement\":[{\"@type\":\"ListItem\",\"position\":1,\"name\":\"Home\",\"item\":\"https:\/\/omanivietnam.com\/\"},{\"@type\":\"ListItem\",\"position\":2,\"name\":\"S\u1ea2N PH\u1ea8M\",\"item\":\"https:\/\/omanivietnam.com\/index.php\/cua-hang\/\"},{\"@type\":\"ListItem\",\"position\":3,\"name\":\"FESTO DSBF-C-50-125-PPVA-N3-R\"}]},{\"@type\":\"WebSite\",\"@id\":\"https:\/\/omanivietnam.com\/#website\",\"url\":\"https:\/\/omanivietnam.com\/\",\"name\":\"OMANI VI\u1ec6T NAM\",\"description\":\"Nh\u00e0 ph\u00e2n ph\u1ed1i thi\u1ebft b\u1ecb kh\u00ed n\u00e9n v\u00e0 thi\u1ebft b\u1ecb t\u1ef1 \u0111\u1ed9ng h\u00f3a trong c\u00f4ng nghi\u1ec7p\",\"publisher\":{\"@id\":\"https:\/\/omanivietnam.com\/#\/schema\/person\/0ad398a980dc3fd696111c2c5c8fa897\"},\"potentialAction\":[{\"@type\":\"SearchAction\",\"target\":{\"@type\":\"EntryPoint\",\"urlTemplate\":\"https:\/\/omanivietnam.com\/?s={search_term_string}\"},\"query-input\":\"required name=search_term_string\"}],\"inLanguage\":\"vi\"},{\"@type\":[\"Person\",\"Organization\"],\"@id\":\"https:\/\/omanivietnam.com\/#\/schema\/person\/0ad398a980dc3fd696111c2c5c8fa897\",\"name\":\"Nguy\u1ec5n V\u0103n Kh\u00e1nh\",\"image\":{\"@type\":\"ImageObject\",\"inLanguage\":\"vi\",\"@id\":\"https:\/\/omanivietnam.com\/#\/schema\/person\/image\/\",\"url\":\"https:\/\/omanivietnam.com\/wp-content\/uploads\/2024\/06\/logo-1024x1024.png\",\"contentUrl\":\"https:\/\/omanivietnam.com\/wp-content\/uploads\/2024\/06\/logo-1024x1024.png\",\"width\":1024,\"height\":1024,\"caption\":\"Nguy\u1ec5n V\u0103n Kh\u00e1nh\"},\"logo\":{\"@id\":\"https:\/\/omanivietnam.com\/#\/schema\/person\/image\/\"},\"sameAs\":[\"https:\/\/omanivietnam.com\"]}]}<\/script>\n<!-- \/ Yoast SEO plugin. -->","yoast_head_json":{"title":"FESTO DSBF-C-50-125-PPVA-N3-R - OMANI VI\u1ec6T NAM","description":"DSBF-C-32-80-PPVA-N3-R | Festo Pneumatic Piston Rod","robots":{"index":"index","follow":"follow","max-snippet":"max-snippet:-1","max-image-preview":"max-image-preview:large","max-video-preview":"max-video-preview:-1"},"canonical":"https:\/\/omanivietnam.com\/index.php\/san-pham\/festo-dsbf-c-50-125-ppva-n3-r\/","og_locale":"vi_VN","og_type":"article","og_title":"FESTO DSBF-C-50-125-PPVA-N3-R - OMANI VI\u1ec6T NAM","og_description":"DSBF-C-32-80-PPVA-N3-R | Festo Pneumatic Piston Rod","og_url":"https:\/\/omanivietnam.com\/index.php\/san-pham\/festo-dsbf-c-50-125-ppva-n3-r\/","og_site_name":"OMANI VI\u1ec6T NAM","article_modified_time":"2025-01-24T03:35:06+00:00","og_image":[{"width":614,"height":589,"url":"https:\/\/omanivietnam.com\/wp-content\/uploads\/2024\/10\/DSBF-C-32-25-PPVA-N3-R.png","type":"image\/png"}],"twitter_card":"summary_large_image","twitter_misc":{"\u01af\u1edbc t\u00ednh th\u1eddi gian \u0111\u1ecdc":"2 ph\u00fat"},"schema":{"@context":"https:\/\/schema.org","@graph":[{"@type":"WebPage","@id":"https:\/\/omanivietnam.com\/index.php\/san-pham\/festo-dsbf-c-50-125-ppva-n3-r\/","url":"https:\/\/omanivietnam.com\/index.php\/san-pham\/festo-dsbf-c-50-125-ppva-n3-r\/","name":"FESTO DSBF-C-50-125-PPVA-N3-R - OMANI VI\u1ec6T NAM","isPartOf":{"@id":"https:\/\/omanivietnam.com\/#website"},"primaryImageOfPage":{"@id":"https:\/\/omanivietnam.com\/index.php\/san-pham\/festo-dsbf-c-50-125-ppva-n3-r\/#primaryimage"},"image":{"@id":"https:\/\/omanivietnam.com\/index.php\/san-pham\/festo-dsbf-c-50-125-ppva-n3-r\/#primaryimage"},"thumbnailUrl":"https:\/\/omanivietnam.com\/wp-content\/uploads\/2024\/10\/DSBF-C-32-25-PPVA-N3-R.png","datePublished":"2024-10-27T14:45:48+00:00","dateModified":"2025-01-24T03:35:06+00:00","description":"DSBF-C-32-80-PPVA-N3-R | Festo Pneumatic Piston Rod","breadcrumb":{"@id":"https:\/\/omanivietnam.com\/index.php\/san-pham\/festo-dsbf-c-50-125-ppva-n3-r\/#breadcrumb"},"inLanguage":"vi","potentialAction":[{"@type":"ReadAction","target":["https:\/\/omanivietnam.com\/index.php\/san-pham\/festo-dsbf-c-50-125-ppva-n3-r\/"]}]},{"@type":"ImageObject","inLanguage":"vi","@id":"https:\/\/omanivietnam.com\/index.php\/san-pham\/festo-dsbf-c-50-125-ppva-n3-r\/#primaryimage","url":"https:\/\/omanivietnam.com\/wp-content\/uploads\/2024\/10\/DSBF-C-32-25-PPVA-N3-R.png","contentUrl":"https:\/\/omanivietnam.com\/wp-content\/uploads\/2024\/10\/DSBF-C-32-25-PPVA-N3-R.png","width":614,"height":589},{"@type":"BreadcrumbList","@id":"https:\/\/omanivietnam.com\/index.php\/san-pham\/festo-dsbf-c-50-125-ppva-n3-r\/#breadcrumb","itemListElement":[{"@type":"ListItem","position":1,"name":"Home","item":"https:\/\/omanivietnam.com\/"},{"@type":"ListItem","position":2,"name":"S\u1ea2N PH\u1ea8M","item":"https:\/\/omanivietnam.com\/index.php\/cua-hang\/"},{"@type":"ListItem","position":3,"name":"FESTO DSBF-C-50-125-PPVA-N3-R"}]},{"@type":"WebSite","@id":"https:\/\/omanivietnam.com\/#website","url":"https:\/\/omanivietnam.com\/","name":"OMANI VI\u1ec6T NAM","description":"Nh\u00e0 ph\u00e2n ph\u1ed1i thi\u1ebft b\u1ecb kh\u00ed n\u00e9n v\u00e0 thi\u1ebft b\u1ecb t\u1ef1 \u0111\u1ed9ng h\u00f3a trong c\u00f4ng nghi\u1ec7p","publisher":{"@id":"https:\/\/omanivietnam.com\/#\/schema\/person\/0ad398a980dc3fd696111c2c5c8fa897"},"potentialAction":[{"@type":"SearchAction","target":{"@type":"EntryPoint","urlTemplate":"https:\/\/omanivietnam.com\/?s={search_term_string}"},"query-input":"required name=search_term_string"}],"inLanguage":"vi"},{"@type":["Person","Organization"],"@id":"https:\/\/omanivietnam.com\/#\/schema\/person\/0ad398a980dc3fd696111c2c5c8fa897","name":"Nguy\u1ec5n V\u0103n Kh\u00e1nh","image":{"@type":"ImageObject","inLanguage":"vi","@id":"https:\/\/omanivietnam.com\/#\/schema\/person\/image\/","url":"https:\/\/omanivietnam.com\/wp-content\/uploads\/2024\/06\/logo-1024x1024.png","contentUrl":"https:\/\/omanivietnam.com\/wp-content\/uploads\/2024\/06\/logo-1024x1024.png","width":1024,"height":1024,"caption":"Nguy\u1ec5n V\u0103n Kh\u00e1nh"},"logo":{"@id":"https:\/\/omanivietnam.com\/#\/schema\/person\/image\/"},"sameAs":["https:\/\/omanivietnam.com"]}]}},"_links":{"self":[{"href":"https:\/\/omanivietnam.com\/index.php\/wp-json\/wp\/v2\/product\/2447","targetHints":{"allow":["GET"]}}],"collection":[{"href":"https:\/\/omanivietnam.com\/index.php\/wp-json\/wp\/v2\/product"}],"about":[{"href":"https:\/\/omanivietnam.com\/index.php\/wp-json\/wp\/v2\/types\/product"}],"replies":[{"embeddable":true,"href":"https:\/\/omanivietnam.com\/index.php\/wp-json\/wp\/v2\/comments?post=2447"}],"wp:featuredmedia":[{"embeddable":true,"href":"https:\/\/omanivietnam.com\/index.php\/wp-json\/wp\/v2\/media\/2446"}],"wp:attachment":[{"href":"https:\/\/omanivietnam.com\/index.php\/wp-json\/wp\/v2\/media?parent=2447"}],"wp:term":[{"taxonomy":"product_cat","embeddable":true,"href":"https:\/\/omanivietnam.com\/index.php\/wp-json\/wp\/v2\/product_cat?post=2447"},{"taxonomy":"product_tag","embeddable":true,"href":"https:\/\/omanivietnam.com\/index.php\/wp-json\/wp\/v2\/product_tag?post=2447"}],"curies":[{"name":"wp","href":"https:\/\/api.w.org\/{rel}","templated":true}]}}