{"id":2591,"date":"2024-11-06T12:59:12","date_gmt":"2024-11-06T05:59:12","guid":{"rendered":"https:\/\/omanivietnam.com\/?post_type=product&#038;p=2591"},"modified":"2024-11-06T13:00:44","modified_gmt":"2024-11-06T06:00:44","slug":"sipin-w5-sp4v300-24j","status":"publish","type":"product","link":"https:\/\/omanivietnam.com\/index.php\/san-pham\/sipin-w5-sp4v300-24j\/","title":{"rendered":"SIPIN W5-SP4V300-24J"},"content":{"rendered":"<p>SIPIN W5-SP4V300-24J<\/p>\n<p class=\"item_title\">Detail Information<\/p>\n<div class=\"item_content\">\n<p class=\"sub_title\"><i class=\"fa fa-crosshairs\"><\/i>\u00a0Description :<\/p>\n<p>1. The SCR unit attached with high-speed fuse in order to prevent the damage of SCR due to the shortage current (di\/dt).<br \/>\n2. The unit is packaged construction with less dimension, easy for installation and wiring.<br \/>\n3. The causes of malfunction can be indicated by individual LED lamp, easy for troubleshooting.<br \/>\n4. Less non-linearity output provides accurate control of temperature.<br \/>\n5. High quality and high technical productions with no electrical interference.<\/p>\n<p class=\"sub_title\"><i class=\"fa fa-crosshairs\"><\/i>\u00a0Specification :<\/p>\n<div>Power Regulator ( SCR)<\/div>\n<div>Item no. : W5-SP4V300-24J<\/div>\n<div>Single phase angle control<\/div>\n<div>Main power voltage: 1\u03c8 200-480VAC<\/div>\n<div>Rated current: 300A<\/div>\n<div>Auxiliary power source: 1\u03c8 220VAC<\/div>\n<div>Input signal: 4~20 mA<\/div>\n<div>Buffering time: Adjustable buffering time, 1~22 seconds<\/div>\n<div>*CE Certification<\/div>\n<div><\/div>\n<\/div>\n<table class=\"table table-bordered table-sm\">\n<tbody>\n<tr>\n<th scope=\"row\">Manufacturer<\/th>\n<td>Sipin<\/td>\n<\/tr>\n<tr>\n<th scope=\"row\">Part Number<\/th>\n<td>W5-SP4V300-24J<\/td>\n<\/tr>\n<tr>\n<th scope=\"row\">Inner Code<\/th>\n<td>\/<\/td>\n<\/tr>\n<tr>\n<th scope=\"row\">Technical specification<\/th>\n<td>POWER REGULATOR Control mode : 1\u03c6phase angle control Main source : 1\u03c6 200-480VAC Current rating : 300A Aux. source : 1\u03c6220VAC Input signal : 4~20mA Soft start code :J, soft start for 1~22 second. Constant voltage type : 220VAC<\/td>\n<\/tr>\n<\/tbody>\n<\/table>\n<ol>\n<li><strong> Thyristor Power Regulator W5-SP series SIPIN<\/strong><\/li>\n<\/ol>\n<p>W5-SP4V030-24J<\/p>\n<p>W5-SP4V045-24J<\/p>\n<p>W5-SP4V060-24J<\/p>\n<p>W5-SP4V080-24J<\/p>\n<p>W5-SP4V100-24J<\/p>\n<p>W5-SP4V125-24J<\/p>\n<p>W5-SP4V150-24J<\/p>\n<p>W5-SP4V180-24J<\/p>\n<p>W5-SP4V230-24J<\/p>\n<p>W5-SP4V300-24J<\/p>\n<p>W5-SP4V380-24J<\/p>\n<p>W5-SP4V450-24J<\/p>\n<p>W5-SP4V580-24J<\/p>\n<p>W5-SP4V720-24J<\/p>\n<p>&nbsp;<\/p>\n<ol start=\"2\">\n<li><strong> Thyristor Power Regulator W5-SZ series SIPIN<\/strong><\/li>\n<\/ol>\n<p>W5-SZ4V030-24J<\/p>\n<p>W5-SZ4V045-24J<\/p>\n<p>W5-SZ4V060-24J<\/p>\n<p>W5-SZ4V080-24J<\/p>\n<p>W5-SZ4V100-24J<\/p>\n<p>W5-SZ4V125-24J<\/p>\n<p>W5-SZ4V150-24J<\/p>\n<p>W5-SZ4V180-24J<\/p>\n<p>W5-SZ4V230-24J<\/p>\n<p>W5-SZ4V300-24J<\/p>\n<p>W5-SZ4V380-24J<\/p>\n<p>W5-SZ4V450-24J<\/p>\n<p>W5-SZ4V580-24J<\/p>\n<p>W5-SZ4V720-24J<\/p>\n<p><strong>\u00a0<\/strong><\/p>\n<ol start=\"3\">\n<li><strong> Thyristor Power Regulator W5-TP series SIPIN<\/strong><\/li>\n<\/ol>\n<p>W5-TP4V030-24J<\/p>\n<p>W5-TP4V045-24J<\/p>\n<p>W5-TP4V060-24J<\/p>\n<p>W5-TP4V080-24J<\/p>\n<p>W5-TP4V100-24J<\/p>\n<p>W5-TP4V125-24J<\/p>\n<p>W5-TP4V150-24J<\/p>\n<p>W5-TP4V180-24J<\/p>\n<p>W5-TP4V230-24J<\/p>\n<p>W5-TP4V300-24J<\/p>\n<p>W5-TP4V380-24J<\/p>\n<p>W5-TP4V450-24J<\/p>\n<p>W5-TP4V580-24J<\/p>\n<p>W5-TP4V720-24J<\/p>\n<p><strong>\u00a0<\/strong><\/p>\n<ol start=\"4\">\n<li><strong> Thyristor Power Regulator W5-TN series SIPIN<\/strong><\/li>\n<\/ol>\n<p>W5-TN4V030-24J<\/p>\n<p>W5-TN4V045-24J<\/p>\n<p>W5-TN4V060-24J<\/p>\n<p>W5-TN4V080-24J<\/p>\n<p>W5-TN4V100-24J<\/p>\n<p>W5-TN4V125-24J<\/p>\n<p>W5-TN4V150-24J<\/p>\n<p>W5-TN4V180-24J<\/p>\n<p>W5-TN4V230-24J<\/p>\n<p>W5-TN4V300-24J<\/p>\n<p>W5-TN4V380-24J<\/p>\n<p>W5-TN4V450-24J<\/p>\n<p>W5-TN4V580-24J<\/p>\n<p>W5-TN4V720-24J<\/p>\n<p>&nbsp;<\/p>\n<ol start=\"5\">\n<li><strong> Thyristor Power Regulator W5-TZ series SIPIN<\/strong><\/li>\n<\/ol>\n<p>W5-TZ4V030-24J<\/p>\n<p>W5-TZ4V045-24J<\/p>\n<p>W5-TZ4V060-24J<\/p>\n<p>W5-TZ4V080-24J<\/p>\n<p>W5-TZ4V100-24J<\/p>\n<p>W5-TZ4V125-24J<\/p>\n<p>W5-TZ4V150-24J<\/p>\n<p>W5-TZ4V180-24J<\/p>\n<p>W5-TZ4V230-24J<\/p>\n<p>W5-TZ4V300-24J<\/p>\n<p>W5-TZ4V380-24J<\/p>\n<p>W5-TZ4V450-24J<\/p>\n<p>W5-TZ4V580-24J<\/p>\n<p>W5-TZ4V720-24J<\/p>\n<p>&nbsp;<\/p>\n<ol start=\"6\">\n<li><strong> Thyristor Power Regulator W5-ZZ series SIPIN<\/strong><\/li>\n<\/ol>\n<p>W5-ZZ4V030-24J<\/p>\n<p>W5-ZZ4V045-24J<\/p>\n<p>W5-ZZ4V060-24J<\/p>\n<p>W5-ZZ4V080-24J<\/p>\n<p>W5-ZZ4V100-24J<\/p>\n<p>W5-ZZ4V125-24J<\/p>\n<p>W5-ZZ4V150-24J<\/p>\n<p>W5-ZZ4V180-24J<\/p>\n<p>W5-ZZ4V230-24J<\/p>\n<p>W5-ZZ4V300-24J<\/p>\n<p>W5-ZZ4V380-24J<\/p>\n<p>W5-ZZ4V450-24J<\/p>\n<p>W5-ZZ4V580-24J<\/p>\n<p>W5-ZZ4V720-24J<\/p>\n<p><strong>M\u1ed9t s\u1ed1 model s\u1ea3n ph\u1ea9m kh\u00e1c :<\/strong><\/p>\n<p>W5SP4V030-24J,<\/p>\n<p>W5SP4V045-24J,<\/p>\n<p>W5SP4V060-24J,<\/p>\n<p>W5SP4V080-24J,<\/p>\n<p>W5SP4V100-24J,<\/p>\n<p>W5SP4V125-24J,<\/p>\n<p>W5SP4V150-24J,<\/p>\n<p>W5SP4V180-24J,<\/p>\n<p>W5SP4V230-24J,<\/p>\n<p>W5SP4V300-24J,<\/p>\n<p>W5SP4V380-24J,<\/p>\n<p>W5SP4V450-24J,<\/p>\n<p>W5SP4V580-24J,<\/p>\n<p>W5SP4V720-24J,<\/p>\n<p>W5SZ4V030-24C,<\/p>\n<p>W5SZ4V045-24C,<\/p>\n<p>W5SZ4V060-24C,<\/p>\n<p>W5SZ4V080-24C,<\/p>\n<p>W5SZ4V100-24C,<\/p>\n<p>W5SZ4V125-24C,<\/p>\n<p>W5SZ4V150-24C,<\/p>\n<p>W5SZ4V180-24C,<\/p>\n<p>W5SZ4V230-24C,<\/p>\n<p>W5SZ4V300-24C,<\/p>\n<p>W5SZ4V380-24C,<\/p>\n<p>W5SZ4V450-24C,<\/p>\n<p>W5SZ4V580-24C,<\/p>\n<p>W5SZ4V720-24C,<\/p>\n<p>W5TP4V030-24J,<\/p>\n<p>W5TP4V045-24J,<\/p>\n<p>W5TP4V060-24J,<\/p>\n<p>W5TP4V080-24J,<\/p>\n<p>W5TP4V100-24J,<\/p>\n<p>W5TP4V125-24J,<\/p>\n<p>W5TP4V150-24J,<\/p>\n<p>W5TP4V180-24J,<\/p>\n<p>W5TP4V230-24J,<\/p>\n<p>W5TP4V300-24J,<\/p>\n<p>W5TP4V380-24J,<\/p>\n<p>W5TP4V450-24J,<\/p>\n<p>W5TP4V580-24J,<\/p>\n<p>W5TP4V720-24J ,<\/p>\n<p>W5TZ4V030-24C,<\/p>\n<p>W5TZ4V045-24C,<\/p>\n<p>W5TZ4V060-24C,<\/p>\n<p>W5TZ4V080-24C,<\/p>\n<p>W5TZ4V100-24C,<\/p>\n<p>W5TZ4V125-24C,<\/p>\n<p>W5TZ4V150-24C,<\/p>\n<p>W5TZ4V180-24C,<\/p>\n<p>W5TZ4V230-24C,<\/p>\n<p>W5TZ4V300-24C,<\/p>\n<p>W5TZ4V380-24C,<\/p>\n<p>W5TZ4V450-24C,<\/p>\n<p>W5TZ4V580-24C,<\/p>\n<p>W5TZ4V720-24C,<\/p>\n<p>W5ZZ4V030-24C,<\/p>\n<p>W5ZZ4V045-24C,<\/p>\n<p>W5ZZ4V060-24C,<\/p>\n<p>W5ZZ4V080-24C,<\/p>\n<p>W5ZZ4V100-24C,<\/p>\n<p>W5ZZ4V125-24C,<\/p>\n<p>W5ZZ4V150-24C,<\/p>\n<p>W5ZZ4V180-24C,<\/p>\n<p>W5ZZ4V230-24C,<\/p>\n<p>W5ZZ4V300-24C,<\/p>\n<p>W5ZZ4V380-24C,<\/p>\n<p>W5ZZ4V450-24C,<\/p>\n<p>W5ZZ4V580-24C,<\/p>\n<p>W5ZZ4V720-24C,<\/p>\n<p>W5TN4V030-24J,<\/p>\n<p>W5TN4V045-24J,<\/p>\n<p>W5TN4V060-24J,<\/p>\n<p>W5TN4V080-24J,<\/p>\n<p>W5TN4V100-24J,<\/p>\n<p>W5TN4V125-24J,<\/p>\n<p>W5TN4V150-24J,<\/p>\n<p>W5TN4V180-24J,<\/p>\n<p>W5TN4V230-24J,<\/p>\n<p>W5TN4V300-24J,<\/p>\n<p>W5TN4V380-24J,<\/p>\n<p>W5TN4V450-24J,<\/p>\n<p>W5TN4V580-24J,<\/p>\n<p>W5TN4V720-24J,<\/p>\n<p>&nbsp;<\/p>\n<p>\u0110\u1ea1i l\u00fd SIPIN vietnam, SIPIN viet nam, SIPIN vietnam distributor, Ph\u00e2n ph\u1ed1i SIPIN t\u1ea1i vi\u1ec7t nam<\/p>\n<p>\u0110\u1ea1i l\u00fd SIPIN vietnam, SIPIN viet nam, SIPIN vietnam distributor, Ph\u00e2n ph\u1ed1i SIPIN t\u1ea1i vi\u1ec7t nam<\/p>\n<p>\u0110\u1ea1i l\u00fd SIPIN vietnam, SIPIN viet nam, SIPIN vietnam distributor, Ph\u00e2n ph\u1ed1i SIPIN t\u1ea1i vi\u1ec7t nam<\/p>\n<p>\u0110\u1ea1i l\u00fd SIPIN vietnam, SIPIN viet nam, SIPIN vietnam distributor, Ph\u00e2n ph\u1ed1i SIPIN t\u1ea1i vi\u1ec7t nam<\/p>\n<p>\u0110\u1ea1i l\u00fd SIPIN vietnam, SIPIN viet nam, SIPIN vietnam distributor, Ph\u00e2n ph\u1ed1i SIPIN t\u1ea1i vi\u1ec7t nam<\/p>\n","protected":false},"excerpt":{"rendered":"<p>SIPIN W5-SP4V300-24J Detail Information \u00a0Description : 1. The SCR unit attached with high-speed fuse in order to prevent the damage of SCR due to the shortage current (di\/dt). 2. The unit is packaged construction with less dimension, easy for installation and wiring. 3. The causes of malfunction can be indicated&hellip; <\/p>\n","protected":false},"featured_media":2498,"comment_status":"open","ping_status":"closed","template":"","meta":[],"product_cat":[281],"product_tag":[261,543,260],"class_list":{"0":"post-2591","1":"product","2":"type-product","3":"status-publish","4":"has-post-thumbnail","6":"product_cat-sipin","7":"product_tag-dai-ly-sipin-viet-nam","8":"product_tag-power-regulator","9":"product_tag-sipin-viet-nam","11":"first","12":"instock","13":"shipping-taxable","14":"product-type-simple"},"yoast_head":"<!-- This site is optimized with the Yoast SEO plugin v22.8 - https:\/\/yoast.com\/wordpress\/plugins\/seo\/ -->\n<title>SIPIN W5-SP4V300-24J - OMANI VI\u1ec6T NAM<\/title>\n<meta name=\"robots\" content=\"index, follow, max-snippet:-1, max-image-preview:large, max-video-preview:-1\" \/>\n<link rel=\"canonical\" href=\"https:\/\/omanivietnam.com\/index.php\/san-pham\/sipin-w5-sp4v300-24j\/\" \/>\n<meta property=\"og:locale\" content=\"vi_VN\" \/>\n<meta property=\"og:type\" content=\"article\" \/>\n<meta property=\"og:title\" content=\"SIPIN W5-SP4V300-24J - OMANI VI\u1ec6T NAM\" \/>\n<meta property=\"og:description\" content=\"SIPIN W5-SP4V300-24J Detail Information \u00a0Description : 1. The SCR unit attached with high-speed fuse in order to prevent the damage of SCR due to the shortage current (di\/dt). 2. The unit is packaged construction with less dimension, easy for installation and wiring. 3. The causes of malfunction can be indicated&hellip;\" \/>\n<meta property=\"og:url\" content=\"https:\/\/omanivietnam.com\/index.php\/san-pham\/sipin-w5-sp4v300-24j\/\" \/>\n<meta property=\"og:site_name\" content=\"OMANI VI\u1ec6T NAM\" \/>\n<meta property=\"article:modified_time\" content=\"2024-11-06T06:00:44+00:00\" \/>\n<meta property=\"og:image\" content=\"https:\/\/omanivietnam.com\/wp-content\/uploads\/2024\/11\/W5-TP4V580-24J.png\" \/>\n\t<meta property=\"og:image:width\" content=\"495\" \/>\n\t<meta property=\"og:image:height\" content=\"573\" \/>\n\t<meta property=\"og:image:type\" content=\"image\/png\" \/>\n<meta name=\"twitter:card\" content=\"summary_large_image\" \/>\n<meta name=\"twitter:label1\" content=\"\u01af\u1edbc t\u00ednh th\u1eddi gian \u0111\u1ecdc\" \/>\n\t<meta name=\"twitter:data1\" content=\"3 ph\u00fat\" \/>\n<script type=\"application\/ld+json\" class=\"yoast-schema-graph\">{\"@context\":\"https:\/\/schema.org\",\"@graph\":[{\"@type\":\"WebPage\",\"@id\":\"https:\/\/omanivietnam.com\/index.php\/san-pham\/sipin-w5-sp4v300-24j\/\",\"url\":\"https:\/\/omanivietnam.com\/index.php\/san-pham\/sipin-w5-sp4v300-24j\/\",\"name\":\"SIPIN W5-SP4V300-24J - OMANI VI\u1ec6T NAM\",\"isPartOf\":{\"@id\":\"https:\/\/omanivietnam.com\/#website\"},\"primaryImageOfPage\":{\"@id\":\"https:\/\/omanivietnam.com\/index.php\/san-pham\/sipin-w5-sp4v300-24j\/#primaryimage\"},\"image\":{\"@id\":\"https:\/\/omanivietnam.com\/index.php\/san-pham\/sipin-w5-sp4v300-24j\/#primaryimage\"},\"thumbnailUrl\":\"https:\/\/omanivietnam.com\/wp-content\/uploads\/2024\/11\/W5-TP4V580-24J.png\",\"datePublished\":\"2024-11-06T05:59:12+00:00\",\"dateModified\":\"2024-11-06T06:00:44+00:00\",\"breadcrumb\":{\"@id\":\"https:\/\/omanivietnam.com\/index.php\/san-pham\/sipin-w5-sp4v300-24j\/#breadcrumb\"},\"inLanguage\":\"vi\",\"potentialAction\":[{\"@type\":\"ReadAction\",\"target\":[\"https:\/\/omanivietnam.com\/index.php\/san-pham\/sipin-w5-sp4v300-24j\/\"]}]},{\"@type\":\"ImageObject\",\"inLanguage\":\"vi\",\"@id\":\"https:\/\/omanivietnam.com\/index.php\/san-pham\/sipin-w5-sp4v300-24j\/#primaryimage\",\"url\":\"https:\/\/omanivietnam.com\/wp-content\/uploads\/2024\/11\/W5-TP4V580-24J.png\",\"contentUrl\":\"https:\/\/omanivietnam.com\/wp-content\/uploads\/2024\/11\/W5-TP4V580-24J.png\",\"width\":495,\"height\":573},{\"@type\":\"BreadcrumbList\",\"@id\":\"https:\/\/omanivietnam.com\/index.php\/san-pham\/sipin-w5-sp4v300-24j\/#breadcrumb\",\"itemListElement\":[{\"@type\":\"ListItem\",\"position\":1,\"name\":\"Home\",\"item\":\"https:\/\/omanivietnam.com\/\"},{\"@type\":\"ListItem\",\"position\":2,\"name\":\"S\u1ea2N PH\u1ea8M\",\"item\":\"https:\/\/omanivietnam.com\/index.php\/cua-hang\/\"},{\"@type\":\"ListItem\",\"position\":3,\"name\":\"SIPIN W5-SP4V300-24J\"}]},{\"@type\":\"WebSite\",\"@id\":\"https:\/\/omanivietnam.com\/#website\",\"url\":\"https:\/\/omanivietnam.com\/\",\"name\":\"OMANI VI\u1ec6T NAM\",\"description\":\"Nh\u00e0 ph\u00e2n ph\u1ed1i thi\u1ebft b\u1ecb kh\u00ed n\u00e9n v\u00e0 thi\u1ebft b\u1ecb t\u1ef1 \u0111\u1ed9ng h\u00f3a trong c\u00f4ng nghi\u1ec7p\",\"publisher\":{\"@id\":\"https:\/\/omanivietnam.com\/#\/schema\/person\/0ad398a980dc3fd696111c2c5c8fa897\"},\"potentialAction\":[{\"@type\":\"SearchAction\",\"target\":{\"@type\":\"EntryPoint\",\"urlTemplate\":\"https:\/\/omanivietnam.com\/?s={search_term_string}\"},\"query-input\":\"required name=search_term_string\"}],\"inLanguage\":\"vi\"},{\"@type\":[\"Person\",\"Organization\"],\"@id\":\"https:\/\/omanivietnam.com\/#\/schema\/person\/0ad398a980dc3fd696111c2c5c8fa897\",\"name\":\"Nguy\u1ec5n V\u0103n Kh\u00e1nh\",\"image\":{\"@type\":\"ImageObject\",\"inLanguage\":\"vi\",\"@id\":\"https:\/\/omanivietnam.com\/#\/schema\/person\/image\/\",\"url\":\"https:\/\/omanivietnam.com\/wp-content\/uploads\/2024\/06\/logo-1024x1024.png\",\"contentUrl\":\"https:\/\/omanivietnam.com\/wp-content\/uploads\/2024\/06\/logo-1024x1024.png\",\"width\":1024,\"height\":1024,\"caption\":\"Nguy\u1ec5n V\u0103n Kh\u00e1nh\"},\"logo\":{\"@id\":\"https:\/\/omanivietnam.com\/#\/schema\/person\/image\/\"},\"sameAs\":[\"https:\/\/omanivietnam.com\"]}]}<\/script>\n<!-- \/ Yoast SEO plugin. -->","yoast_head_json":{"title":"SIPIN W5-SP4V300-24J - OMANI VI\u1ec6T NAM","robots":{"index":"index","follow":"follow","max-snippet":"max-snippet:-1","max-image-preview":"max-image-preview:large","max-video-preview":"max-video-preview:-1"},"canonical":"https:\/\/omanivietnam.com\/index.php\/san-pham\/sipin-w5-sp4v300-24j\/","og_locale":"vi_VN","og_type":"article","og_title":"SIPIN W5-SP4V300-24J - OMANI VI\u1ec6T NAM","og_description":"SIPIN W5-SP4V300-24J Detail Information \u00a0Description : 1. The SCR unit attached with high-speed fuse in order to prevent the damage of SCR due to the shortage current (di\/dt). 2. The unit is packaged construction with less dimension, easy for installation and wiring. 3. The causes of malfunction can be indicated&hellip;","og_url":"https:\/\/omanivietnam.com\/index.php\/san-pham\/sipin-w5-sp4v300-24j\/","og_site_name":"OMANI VI\u1ec6T NAM","article_modified_time":"2024-11-06T06:00:44+00:00","og_image":[{"width":495,"height":573,"url":"https:\/\/omanivietnam.com\/wp-content\/uploads\/2024\/11\/W5-TP4V580-24J.png","type":"image\/png"}],"twitter_card":"summary_large_image","twitter_misc":{"\u01af\u1edbc t\u00ednh th\u1eddi gian \u0111\u1ecdc":"3 ph\u00fat"},"schema":{"@context":"https:\/\/schema.org","@graph":[{"@type":"WebPage","@id":"https:\/\/omanivietnam.com\/index.php\/san-pham\/sipin-w5-sp4v300-24j\/","url":"https:\/\/omanivietnam.com\/index.php\/san-pham\/sipin-w5-sp4v300-24j\/","name":"SIPIN W5-SP4V300-24J - OMANI VI\u1ec6T NAM","isPartOf":{"@id":"https:\/\/omanivietnam.com\/#website"},"primaryImageOfPage":{"@id":"https:\/\/omanivietnam.com\/index.php\/san-pham\/sipin-w5-sp4v300-24j\/#primaryimage"},"image":{"@id":"https:\/\/omanivietnam.com\/index.php\/san-pham\/sipin-w5-sp4v300-24j\/#primaryimage"},"thumbnailUrl":"https:\/\/omanivietnam.com\/wp-content\/uploads\/2024\/11\/W5-TP4V580-24J.png","datePublished":"2024-11-06T05:59:12+00:00","dateModified":"2024-11-06T06:00:44+00:00","breadcrumb":{"@id":"https:\/\/omanivietnam.com\/index.php\/san-pham\/sipin-w5-sp4v300-24j\/#breadcrumb"},"inLanguage":"vi","potentialAction":[{"@type":"ReadAction","target":["https:\/\/omanivietnam.com\/index.php\/san-pham\/sipin-w5-sp4v300-24j\/"]}]},{"@type":"ImageObject","inLanguage":"vi","@id":"https:\/\/omanivietnam.com\/index.php\/san-pham\/sipin-w5-sp4v300-24j\/#primaryimage","url":"https:\/\/omanivietnam.com\/wp-content\/uploads\/2024\/11\/W5-TP4V580-24J.png","contentUrl":"https:\/\/omanivietnam.com\/wp-content\/uploads\/2024\/11\/W5-TP4V580-24J.png","width":495,"height":573},{"@type":"BreadcrumbList","@id":"https:\/\/omanivietnam.com\/index.php\/san-pham\/sipin-w5-sp4v300-24j\/#breadcrumb","itemListElement":[{"@type":"ListItem","position":1,"name":"Home","item":"https:\/\/omanivietnam.com\/"},{"@type":"ListItem","position":2,"name":"S\u1ea2N PH\u1ea8M","item":"https:\/\/omanivietnam.com\/index.php\/cua-hang\/"},{"@type":"ListItem","position":3,"name":"SIPIN W5-SP4V300-24J"}]},{"@type":"WebSite","@id":"https:\/\/omanivietnam.com\/#website","url":"https:\/\/omanivietnam.com\/","name":"OMANI VI\u1ec6T NAM","description":"Nh\u00e0 ph\u00e2n ph\u1ed1i thi\u1ebft b\u1ecb kh\u00ed n\u00e9n v\u00e0 thi\u1ebft b\u1ecb t\u1ef1 \u0111\u1ed9ng h\u00f3a trong c\u00f4ng nghi\u1ec7p","publisher":{"@id":"https:\/\/omanivietnam.com\/#\/schema\/person\/0ad398a980dc3fd696111c2c5c8fa897"},"potentialAction":[{"@type":"SearchAction","target":{"@type":"EntryPoint","urlTemplate":"https:\/\/omanivietnam.com\/?s={search_term_string}"},"query-input":"required name=search_term_string"}],"inLanguage":"vi"},{"@type":["Person","Organization"],"@id":"https:\/\/omanivietnam.com\/#\/schema\/person\/0ad398a980dc3fd696111c2c5c8fa897","name":"Nguy\u1ec5n V\u0103n Kh\u00e1nh","image":{"@type":"ImageObject","inLanguage":"vi","@id":"https:\/\/omanivietnam.com\/#\/schema\/person\/image\/","url":"https:\/\/omanivietnam.com\/wp-content\/uploads\/2024\/06\/logo-1024x1024.png","contentUrl":"https:\/\/omanivietnam.com\/wp-content\/uploads\/2024\/06\/logo-1024x1024.png","width":1024,"height":1024,"caption":"Nguy\u1ec5n V\u0103n Kh\u00e1nh"},"logo":{"@id":"https:\/\/omanivietnam.com\/#\/schema\/person\/image\/"},"sameAs":["https:\/\/omanivietnam.com"]}]}},"_links":{"self":[{"href":"https:\/\/omanivietnam.com\/index.php\/wp-json\/wp\/v2\/product\/2591","targetHints":{"allow":["GET"]}}],"collection":[{"href":"https:\/\/omanivietnam.com\/index.php\/wp-json\/wp\/v2\/product"}],"about":[{"href":"https:\/\/omanivietnam.com\/index.php\/wp-json\/wp\/v2\/types\/product"}],"replies":[{"embeddable":true,"href":"https:\/\/omanivietnam.com\/index.php\/wp-json\/wp\/v2\/comments?post=2591"}],"wp:featuredmedia":[{"embeddable":true,"href":"https:\/\/omanivietnam.com\/index.php\/wp-json\/wp\/v2\/media\/2498"}],"wp:attachment":[{"href":"https:\/\/omanivietnam.com\/index.php\/wp-json\/wp\/v2\/media?parent=2591"}],"wp:term":[{"taxonomy":"product_cat","embeddable":true,"href":"https:\/\/omanivietnam.com\/index.php\/wp-json\/wp\/v2\/product_cat?post=2591"},{"taxonomy":"product_tag","embeddable":true,"href":"https:\/\/omanivietnam.com\/index.php\/wp-json\/wp\/v2\/product_tag?post=2591"}],"curies":[{"name":"wp","href":"https:\/\/api.w.org\/{rel}","templated":true}]}}