{"id":2603,"date":"2024-11-06T22:59:05","date_gmt":"2024-11-06T15:59:05","guid":{"rendered":"https:\/\/omanivietnam.com\/?post_type=product&#038;p=2603"},"modified":"2024-11-06T23:00:31","modified_gmt":"2024-11-06T16:00:31","slug":"apex-abr115a-s2-p2","status":"publish","type":"product","link":"https:\/\/omanivietnam.com\/index.php\/san-pham\/apex-abr115a-s2-p2\/","title":{"rendered":"APEX ABR115A-S2-P2"},"content":{"rendered":"<p>APEX ABR115A-S2-P2<\/p>\n<h1 class=\"h4 product_title entry-title\">ABR-Series<\/h1>\n<div class=\"woocommerce-product-details__short-description\">\n<div class=\"woocommerce-description\">\n<p><strong>Output torque<\/strong><br \/>\nT<sub>2N<\/sub>\u00a0: 9 Nm \u2013 2000 Nm<br \/>\n<strong>Ratios:<\/strong><br \/>\n1-stage :3 \/ 4 \/ 5 \/ 6 \/ 7 \/ 8 \/ 9 \/ 10 \/ 12 \/ 14 \/ 16 \/ 20<br \/>\n2-stage :12 \/ 16 \/\u00a015 \/ 20\u00a0\/ 25 \/ 28 \/ 30 \/ 32 \/ 35 \/ 40 \/ 45 \/ 48 \/ 50 \/ 60 \/ 64 \/ 70 \/ 80 \/ 90 \/ 100 \/ 120 \/ 140 \/ 160 \/ 180 \/ 200<br \/>\n*Only ABR042 2-stage offers 15,20 option<br \/>\n<strong>Low backlash<\/strong><br \/>\n1-stage : \u22662arcmin \/ \u22664arcmin \/ \u22666arcmin<br \/>\n2-stage : \u22664arcmin \/ \u22667arcmin \/ \u22669arcmin<br \/>\n<strong>High efficiency<\/strong><br \/>\n1-stage : \u2267 95%<br \/>\n2-stage : \u2267 92%<br \/>\n<strong>Easy mount<\/strong><br \/>\n<strong>Low noise<\/strong><\/p>\n<\/div>\n<\/div>\n<p><strong>Gearbox_Apex_ABR series<\/strong><\/p>\n<p><strong>ABR115A Gearbox size:<\/strong><\/p>\n<p><strong>Ratio 3:1<\/strong><\/p>\n<p>ABR115A-003-S1-P1<\/p>\n<p>ABR115A-003-S1-P2<\/p>\n<p>ABR115A-003-S2-P2<\/p>\n<p>ABR115A-003-S2-P1<\/p>\n<p><strong>Ratio 4:1<\/strong><\/p>\n<p>ABR115A-004-S1-P1<\/p>\n<p>ABR115A-004-S1-P2<\/p>\n<p>ABR115A-004-S2-P2<\/p>\n<p>ABR115A-004-S2-P1<\/p>\n<p><strong>Ratio 5:1<\/strong><\/p>\n<p>ABR115A-005-S1-P1<\/p>\n<p>ABR115A-005-S1-P2<\/p>\n<p>ABR115A-005-S2-P2<\/p>\n<p>ABR115A-005-S2-P1<\/p>\n<p><strong>Ratio 6:1<\/strong><\/p>\n<p>ABR115A-006-S1-P1<\/p>\n<p>ABR115A-006-S1-P2<\/p>\n<p>ABR115A-006-S2-P2<\/p>\n<p>ABR115A-006-S2-P1<\/p>\n<p><strong>Ratio 7:1<\/strong><\/p>\n<p>ABR115A-007-S1-P1<\/p>\n<p>ABR115A-007-S1-P2<\/p>\n<p>ABR115A-007-S2-P2<\/p>\n<p>ABR115A-007-S2-P1<\/p>\n<p><strong>Ratio 8:1<\/strong><\/p>\n<p>ABR115A-008-S1-P1<\/p>\n<p>ABR115A-008-S1-P2<\/p>\n<p>ABR115A-008-S2-P2<\/p>\n<p>ABR115A-008-S2-P1<\/p>\n<p><strong>Ratio 9:1<\/strong><\/p>\n<p>ABR115A-009-S1-P1<\/p>\n<p>ABR115A-009-S1-P2<\/p>\n<p>ABR115A-009-S2-P2<\/p>\n<p>ABR115A-009-S2-P1<\/p>\n<p><strong>Ratio 10:1<\/strong><\/p>\n<p>ABR115A-010-S1-P1<\/p>\n<p>ABR115A-010-S1-P2<\/p>\n<p>ABR115A-010-S2-P2<\/p>\n<p>ABR115A-010-S2-P1<\/p>\n<p><strong>Ratio 12:1<\/strong><\/p>\n<p>ABR115A-012-S1-P1<\/p>\n<p>ABR115A-012-S1-P2<\/p>\n<p>ABR115A-012-S2-P2<\/p>\n<p>ABR115A-012-S2-P1<\/p>\n<p><strong>Ratio 14:1<\/strong><\/p>\n<p>ABR115A-014-S1-P1<\/p>\n<p>ABR115A-014-S1-P2<\/p>\n<p>ABR115A-014-S2-P2<\/p>\n<p>ABR115A-014-S2-P1<\/p>\n<p><strong>Ratio 15:1<\/strong><\/p>\n<p>ABR115A-015-S1-P1<\/p>\n<p>ABR115A-015-S1-P2<\/p>\n<p>ABR115A-015-S2-P2<\/p>\n<p>ABR115A-015-S2-P1<\/p>\n<p><strong>Ratio 16:1<\/strong><\/p>\n<p>ABR115A-016-S1-P1<\/p>\n<p>ABR115A-016-S1-P2<\/p>\n<p>ABR115A-016-S2-P2<\/p>\n<p>ABR115A-016-S2-P1<\/p>\n<p><strong>Ratio 20:1<\/strong><\/p>\n<p>ABR115A-020-S1-P1<\/p>\n<p>ABR115A-020-S1-P2<\/p>\n<p>ABR115A-020-S2-P2<\/p>\n<p>ABR115A-020-S2-P1<\/p>\n<p><strong>Ratio 25:1<\/strong><\/p>\n<p>ABR115A-025-S1-P1<\/p>\n<p>ABR115A-025-S1-P2<\/p>\n<p>ABR115A-025-S2-P2<\/p>\n<p>ABR115A-025-S2-P1<\/p>\n<p><strong>Ratio 28:1<\/strong><\/p>\n<p>ABR115A-028-S1-P1<\/p>\n<p>ABR115A-028-S1-P2<\/p>\n<p>ABR115A-028-S2-P2<\/p>\n<p>ABR115A-028-S2-P1<\/p>\n<p><strong>Ratio 30:1<\/strong><\/p>\n<p>ABR115A-030-S1-P1<\/p>\n<p>ABR115A-030-S1-P2<\/p>\n<p>ABR115A-030-S2-P2<\/p>\n<p>ABR115A-030-S2-P1<\/p>\n<p><strong>Ratio 32:1<\/strong><\/p>\n<p>ABR115A-032-S1-P1<\/p>\n<p>ABR115A-032-S1-P2<\/p>\n<p>ABR115A-032-S2-P2<\/p>\n<p>ABR115A-032-S2-P1<\/p>\n<p><strong>Ratio 35:1<\/strong><\/p>\n<p>ABR115A-035-S1-P1<\/p>\n<p>ABR115A-035-S1-P2<\/p>\n<p>ABR115A-035-S2-P2<\/p>\n<p>ABR115A-035-S2-P1<\/p>\n<p><strong>Ratio 40:1<\/strong><\/p>\n<p>ABR115A-040-S1-P1<\/p>\n<p>ABR115A-040-S1-P2<\/p>\n<p>ABR115A-040-S2-P2<\/p>\n<p>ABR115A-040-S2-P1<\/p>\n<p><strong>Ratio 45:1<\/strong><\/p>\n<p>ABR115A-045-S1-P1<\/p>\n<p>ABR115A-045-S1-P2<\/p>\n<p>ABR115A-045-S2-P2<\/p>\n<p>ABR115A-045-S2-P1<\/p>\n<p><strong>Ratio 48:1<\/strong><\/p>\n<p>ABR115A-048-S1-P1<\/p>\n<p>ABR115A-048-S1-P2<\/p>\n<p>ABR115A-048-S2-P2<\/p>\n<p>ABR115A-048-S2-P1<\/p>\n<p><strong>Ratio 50:1<\/strong><\/p>\n<p>ABR115A-050-S1-P1<\/p>\n<p>ABR115A-050-S1-P2<\/p>\n<p>ABR115A-050-S2-P2<\/p>\n<p>ABR115A-050-S2-P1<\/p>\n<p><strong>Ratio 60:1<\/strong><\/p>\n<p>ABR115A-060-S1-P1<\/p>\n<p>ABR115A-060-S1-P2<\/p>\n<p>ABR115A-060-S2-P2<\/p>\n<p>ABR115A-060-S2-P1<\/p>\n<p><strong>Ratio 64:1<\/strong><\/p>\n<p>ABR115A-064-S1-P1<\/p>\n<p>ABR115A-064-S1-P2<\/p>\n<p>ABR115A-064-S2-P2<\/p>\n<p>ABR115A-064-S2-P1<\/p>\n<p><strong>Ratio 70:1<\/strong><\/p>\n<p>ABR115A-070-S1-P1<\/p>\n<p>ABR115A-070-S1-P2<\/p>\n<p>ABR115A-070-S2-P2<\/p>\n<p>ABR115A-070-S2-P1<\/p>\n<p><strong>Ratio 80:1<\/strong><\/p>\n<p>ABR115A-080-S1-P1<\/p>\n<p>ABR115A-080-S1-P2<\/p>\n<p>ABR115A-080-S2-P2<\/p>\n<p>ABR115A-080-S2-P1<\/p>\n<p><strong>Ratio 90:1<\/strong><\/p>\n<p>ABR115A-090-S1-P1<\/p>\n<p>ABR115A-090-S1-P2<\/p>\n<p>ABR115A-090-S2-P2<\/p>\n<p>ABR115A-090-S2-P1<\/p>\n<p><strong>Ratio 100:1<\/strong><\/p>\n<p>ABR115A-100-S1-P1<\/p>\n<p>ABR115A-100-S1-P2<\/p>\n<p>ABR115A-100-S2-P2<\/p>\n<p>ABR115A-100-S2-P1<\/p>\n<p><strong>Ratio 120:1<\/strong><\/p>\n<p>ABR115A-120-S1-P1<\/p>\n<p>ABR115A-120-S1-P2<\/p>\n<p>ABR115A-120-S2-P2<\/p>\n<p>ABR115A-120-S2-P1<\/p>\n<p><strong>Ratio 140:1<\/strong><\/p>\n<p>ABR115A-140-S1-P1<\/p>\n<p>ABR115A-140-S1-P2<\/p>\n<p>ABR115A-140-S2-P2<\/p>\n<p>ABR115A-140-S2-P1<\/p>\n<p><strong>Ratio 160:1<\/strong><\/p>\n<p>ABR115A-160-S1-P1<\/p>\n<p>ABR115A-160-S1-P2<\/p>\n<p>ABR115A-160-S2-P2<\/p>\n<p>ABR115A-160-S2-P1<\/p>\n<p><strong>Ratio 180:1<\/strong><\/p>\n<p>ABR115A-180-S1-P1<\/p>\n<p>ABR115A-180-S1-P2<\/p>\n<p>ABR115A-180-S2-P2<\/p>\n<p>ABR115A-180-S2-P1<\/p>\n<p><strong>Ratio 200:1<\/strong><\/p>\n<p>ABR115A-200-S1-P1<\/p>\n<p>ABR115A-200-S1-P2<\/p>\n<p>ABR115A-200-S2-P2<\/p>\n<p>ABR115A-200-S2-P1<\/p>\n<h1 class=\"h4 product_title entry-title\">ABR-Series<\/h1>\n<div class=\"woocommerce-product-details__short-description\">\n<div class=\"woocommerce-description\">\n<p><strong>Output torque<\/strong><br \/>\nT<sub>2N<\/sub>\u00a0: 9 Nm \u2013 2000 Nm<br \/>\n<strong>Ratios:<\/strong><br \/>\n1-stage :3 \/ 4 \/ 5 \/ 6 \/ 7 \/ 8 \/ 9 \/ 10 \/ 12 \/ 14 \/ 16 \/ 20<br \/>\n2-stage :12 \/ 16 \/\u00a015 \/ 20\u00a0\/ 25 \/ 28 \/ 30 \/ 32 \/ 35 \/ 40 \/ 45 \/ 48 \/ 50 \/ 60 \/ 64 \/ 70 \/ 80 \/ 90 \/ 100 \/ 120 \/ 140 \/ 160 \/ 180 \/ 200<br \/>\n*Only ABR042 2-stage offers 15,20 option<br \/>\n<strong>Low backlash<\/strong><br \/>\n1-stage : \u22662arcmin \/ \u22664arcmin \/ \u22666arcmin<br \/>\n2-stage : \u22664arcmin \/ \u22667arcmin \/ \u22669arcmin<br \/>\n<strong>High efficiency<\/strong><br \/>\n1-stage : \u2267 95%<br \/>\n2-stage : \u2267 92%<br \/>\n<strong>Easy mount<\/strong><br \/>\n<strong>Low noise<\/strong><\/p>\n<\/div>\n<p>\u0110\u1ea1i l\u00fd APEX vietnam, APEX viet nam, APEX vietnam distributor, Ph\u00e2n ph\u1ed1i APEX t\u1ea1i vi\u1ec7t nam<\/p>\n<p>\u0110\u1ea1i l\u00fd APEX vietnam, APEX viet nam, APEX vietnam distributor, Ph\u00e2n ph\u1ed1i APEX t\u1ea1i vi\u1ec7t nam<\/p>\n<p>\u0110\u1ea1i l\u00fd APEX vietnam, APEX viet nam, APEX vietnam distributor, Ph\u00e2n ph\u1ed1i APEX t\u1ea1i vi\u1ec7t nam<\/p>\n<p>\u0110\u1ea1i l\u00fd APEX vietnam, APEX viet nam, APEX vietnam distributor, Ph\u00e2n ph\u1ed1i APEX t\u1ea1i vi\u1ec7t nam<\/p>\n<p>\u0110\u1ea1i l\u00fd APEX vietnam, APEX viet nam, APEX vietnam distributor, Ph\u00e2n ph\u1ed1i APEX t\u1ea1i vi\u1ec7t nam<\/p>\n<\/div>\n","protected":false},"excerpt":{"rendered":"<p>APEX ABR115A-S2-P2 ABR-Series Output torque T2N\u00a0: 9 Nm \u2013 2000 Nm Ratios: 1-stage :3 \/ 4 \/ 5 \/ 6 \/ 7 \/ 8 \/ 9 \/ 10 \/ 12 \/ 14 \/ 16 \/ 20 2-stage :12 \/ 16 \/\u00a015 \/ 20\u00a0\/ 25 \/ 28 \/ 30 \/ 32&hellip; <\/p>\n","protected":false},"featured_media":2606,"comment_status":"open","ping_status":"closed","template":"","meta":[],"product_cat":[344],"product_tag":[127,128,129],"class_list":{"0":"post-2603","1":"product","2":"type-product","3":"status-publish","4":"has-post-thumbnail","6":"product_cat-apex","7":"product_tag-apex-viet-nam","8":"product_tag-dai-ly-apex-viet-nam","9":"product_tag-hop-so","11":"first","12":"instock","13":"shipping-taxable","14":"product-type-simple"},"yoast_head":"<!-- This site is optimized with the Yoast SEO plugin v22.8 - https:\/\/yoast.com\/wordpress\/plugins\/seo\/ -->\n<title>APEX ABR115A-S2-P2 - OMANI VI\u1ec6T NAM<\/title>\n<meta name=\"robots\" content=\"index, follow, max-snippet:-1, max-image-preview:large, max-video-preview:-1\" \/>\n<link rel=\"canonical\" href=\"https:\/\/omanivietnam.com\/index.php\/san-pham\/apex-abr115a-s2-p2\/\" \/>\n<meta property=\"og:locale\" content=\"vi_VN\" \/>\n<meta property=\"og:type\" content=\"article\" \/>\n<meta property=\"og:title\" content=\"APEX ABR115A-S2-P2 - OMANI VI\u1ec6T NAM\" \/>\n<meta property=\"og:description\" content=\"APEX ABR115A-S2-P2 ABR-Series Output torque T2N\u00a0: 9 Nm \u2013 2000 Nm Ratios: 1-stage :3 \/ 4 \/ 5 \/ 6 \/ 7 \/ 8 \/ 9 \/ 10 \/ 12 \/ 14 \/ 16 \/ 20 2-stage :12 \/ 16 \/\u00a015 \/ 20\u00a0\/ 25 \/ 28 \/ 30 \/ 32&hellip;\" \/>\n<meta property=\"og:url\" content=\"https:\/\/omanivietnam.com\/index.php\/san-pham\/apex-abr115a-s2-p2\/\" \/>\n<meta property=\"og:site_name\" content=\"OMANI VI\u1ec6T NAM\" \/>\n<meta property=\"article:modified_time\" content=\"2024-11-06T16:00:31+00:00\" \/>\n<meta property=\"og:image\" content=\"https:\/\/omanivietnam.com\/wp-content\/uploads\/2024\/11\/ABR115A-S2-P2.png\" \/>\n\t<meta property=\"og:image:width\" content=\"890\" \/>\n\t<meta property=\"og:image:height\" content=\"625\" \/>\n\t<meta property=\"og:image:type\" content=\"image\/png\" \/>\n<meta name=\"twitter:card\" content=\"summary_large_image\" \/>\n<meta name=\"twitter:label1\" content=\"\u01af\u1edbc t\u00ednh th\u1eddi gian \u0111\u1ecdc\" \/>\n\t<meta name=\"twitter:data1\" content=\"3 ph\u00fat\" \/>\n<script type=\"application\/ld+json\" class=\"yoast-schema-graph\">{\"@context\":\"https:\/\/schema.org\",\"@graph\":[{\"@type\":\"WebPage\",\"@id\":\"https:\/\/omanivietnam.com\/index.php\/san-pham\/apex-abr115a-s2-p2\/\",\"url\":\"https:\/\/omanivietnam.com\/index.php\/san-pham\/apex-abr115a-s2-p2\/\",\"name\":\"APEX ABR115A-S2-P2 - OMANI VI\u1ec6T NAM\",\"isPartOf\":{\"@id\":\"https:\/\/omanivietnam.com\/#website\"},\"primaryImageOfPage\":{\"@id\":\"https:\/\/omanivietnam.com\/index.php\/san-pham\/apex-abr115a-s2-p2\/#primaryimage\"},\"image\":{\"@id\":\"https:\/\/omanivietnam.com\/index.php\/san-pham\/apex-abr115a-s2-p2\/#primaryimage\"},\"thumbnailUrl\":\"https:\/\/omanivietnam.com\/wp-content\/uploads\/2024\/11\/ABR115A-S2-P2.png\",\"datePublished\":\"2024-11-06T15:59:05+00:00\",\"dateModified\":\"2024-11-06T16:00:31+00:00\",\"breadcrumb\":{\"@id\":\"https:\/\/omanivietnam.com\/index.php\/san-pham\/apex-abr115a-s2-p2\/#breadcrumb\"},\"inLanguage\":\"vi\",\"potentialAction\":[{\"@type\":\"ReadAction\",\"target\":[\"https:\/\/omanivietnam.com\/index.php\/san-pham\/apex-abr115a-s2-p2\/\"]}]},{\"@type\":\"ImageObject\",\"inLanguage\":\"vi\",\"@id\":\"https:\/\/omanivietnam.com\/index.php\/san-pham\/apex-abr115a-s2-p2\/#primaryimage\",\"url\":\"https:\/\/omanivietnam.com\/wp-content\/uploads\/2024\/11\/ABR115A-S2-P2.png\",\"contentUrl\":\"https:\/\/omanivietnam.com\/wp-content\/uploads\/2024\/11\/ABR115A-S2-P2.png\",\"width\":890,\"height\":625},{\"@type\":\"BreadcrumbList\",\"@id\":\"https:\/\/omanivietnam.com\/index.php\/san-pham\/apex-abr115a-s2-p2\/#breadcrumb\",\"itemListElement\":[{\"@type\":\"ListItem\",\"position\":1,\"name\":\"Home\",\"item\":\"https:\/\/omanivietnam.com\/\"},{\"@type\":\"ListItem\",\"position\":2,\"name\":\"S\u1ea2N PH\u1ea8M\",\"item\":\"https:\/\/omanivietnam.com\/index.php\/cua-hang\/\"},{\"@type\":\"ListItem\",\"position\":3,\"name\":\"APEX ABR115A-S2-P2\"}]},{\"@type\":\"WebSite\",\"@id\":\"https:\/\/omanivietnam.com\/#website\",\"url\":\"https:\/\/omanivietnam.com\/\",\"name\":\"OMANI VI\u1ec6T NAM\",\"description\":\"Nh\u00e0 ph\u00e2n ph\u1ed1i thi\u1ebft b\u1ecb kh\u00ed n\u00e9n v\u00e0 thi\u1ebft b\u1ecb t\u1ef1 \u0111\u1ed9ng h\u00f3a trong c\u00f4ng nghi\u1ec7p\",\"publisher\":{\"@id\":\"https:\/\/omanivietnam.com\/#\/schema\/person\/0ad398a980dc3fd696111c2c5c8fa897\"},\"potentialAction\":[{\"@type\":\"SearchAction\",\"target\":{\"@type\":\"EntryPoint\",\"urlTemplate\":\"https:\/\/omanivietnam.com\/?s={search_term_string}\"},\"query-input\":\"required name=search_term_string\"}],\"inLanguage\":\"vi\"},{\"@type\":[\"Person\",\"Organization\"],\"@id\":\"https:\/\/omanivietnam.com\/#\/schema\/person\/0ad398a980dc3fd696111c2c5c8fa897\",\"name\":\"Nguy\u1ec5n V\u0103n Kh\u00e1nh\",\"image\":{\"@type\":\"ImageObject\",\"inLanguage\":\"vi\",\"@id\":\"https:\/\/omanivietnam.com\/#\/schema\/person\/image\/\",\"url\":\"https:\/\/omanivietnam.com\/wp-content\/uploads\/2024\/06\/logo-1024x1024.png\",\"contentUrl\":\"https:\/\/omanivietnam.com\/wp-content\/uploads\/2024\/06\/logo-1024x1024.png\",\"width\":1024,\"height\":1024,\"caption\":\"Nguy\u1ec5n V\u0103n Kh\u00e1nh\"},\"logo\":{\"@id\":\"https:\/\/omanivietnam.com\/#\/schema\/person\/image\/\"},\"sameAs\":[\"https:\/\/omanivietnam.com\"]}]}<\/script>\n<!-- \/ Yoast SEO plugin. -->","yoast_head_json":{"title":"APEX ABR115A-S2-P2 - OMANI VI\u1ec6T NAM","robots":{"index":"index","follow":"follow","max-snippet":"max-snippet:-1","max-image-preview":"max-image-preview:large","max-video-preview":"max-video-preview:-1"},"canonical":"https:\/\/omanivietnam.com\/index.php\/san-pham\/apex-abr115a-s2-p2\/","og_locale":"vi_VN","og_type":"article","og_title":"APEX ABR115A-S2-P2 - OMANI VI\u1ec6T NAM","og_description":"APEX ABR115A-S2-P2 ABR-Series Output torque T2N\u00a0: 9 Nm \u2013 2000 Nm Ratios: 1-stage :3 \/ 4 \/ 5 \/ 6 \/ 7 \/ 8 \/ 9 \/ 10 \/ 12 \/ 14 \/ 16 \/ 20 2-stage :12 \/ 16 \/\u00a015 \/ 20\u00a0\/ 25 \/ 28 \/ 30 \/ 32&hellip;","og_url":"https:\/\/omanivietnam.com\/index.php\/san-pham\/apex-abr115a-s2-p2\/","og_site_name":"OMANI VI\u1ec6T NAM","article_modified_time":"2024-11-06T16:00:31+00:00","og_image":[{"width":890,"height":625,"url":"https:\/\/omanivietnam.com\/wp-content\/uploads\/2024\/11\/ABR115A-S2-P2.png","type":"image\/png"}],"twitter_card":"summary_large_image","twitter_misc":{"\u01af\u1edbc t\u00ednh th\u1eddi gian \u0111\u1ecdc":"3 ph\u00fat"},"schema":{"@context":"https:\/\/schema.org","@graph":[{"@type":"WebPage","@id":"https:\/\/omanivietnam.com\/index.php\/san-pham\/apex-abr115a-s2-p2\/","url":"https:\/\/omanivietnam.com\/index.php\/san-pham\/apex-abr115a-s2-p2\/","name":"APEX ABR115A-S2-P2 - OMANI VI\u1ec6T NAM","isPartOf":{"@id":"https:\/\/omanivietnam.com\/#website"},"primaryImageOfPage":{"@id":"https:\/\/omanivietnam.com\/index.php\/san-pham\/apex-abr115a-s2-p2\/#primaryimage"},"image":{"@id":"https:\/\/omanivietnam.com\/index.php\/san-pham\/apex-abr115a-s2-p2\/#primaryimage"},"thumbnailUrl":"https:\/\/omanivietnam.com\/wp-content\/uploads\/2024\/11\/ABR115A-S2-P2.png","datePublished":"2024-11-06T15:59:05+00:00","dateModified":"2024-11-06T16:00:31+00:00","breadcrumb":{"@id":"https:\/\/omanivietnam.com\/index.php\/san-pham\/apex-abr115a-s2-p2\/#breadcrumb"},"inLanguage":"vi","potentialAction":[{"@type":"ReadAction","target":["https:\/\/omanivietnam.com\/index.php\/san-pham\/apex-abr115a-s2-p2\/"]}]},{"@type":"ImageObject","inLanguage":"vi","@id":"https:\/\/omanivietnam.com\/index.php\/san-pham\/apex-abr115a-s2-p2\/#primaryimage","url":"https:\/\/omanivietnam.com\/wp-content\/uploads\/2024\/11\/ABR115A-S2-P2.png","contentUrl":"https:\/\/omanivietnam.com\/wp-content\/uploads\/2024\/11\/ABR115A-S2-P2.png","width":890,"height":625},{"@type":"BreadcrumbList","@id":"https:\/\/omanivietnam.com\/index.php\/san-pham\/apex-abr115a-s2-p2\/#breadcrumb","itemListElement":[{"@type":"ListItem","position":1,"name":"Home","item":"https:\/\/omanivietnam.com\/"},{"@type":"ListItem","position":2,"name":"S\u1ea2N PH\u1ea8M","item":"https:\/\/omanivietnam.com\/index.php\/cua-hang\/"},{"@type":"ListItem","position":3,"name":"APEX ABR115A-S2-P2"}]},{"@type":"WebSite","@id":"https:\/\/omanivietnam.com\/#website","url":"https:\/\/omanivietnam.com\/","name":"OMANI VI\u1ec6T NAM","description":"Nh\u00e0 ph\u00e2n ph\u1ed1i thi\u1ebft b\u1ecb kh\u00ed n\u00e9n v\u00e0 thi\u1ebft b\u1ecb t\u1ef1 \u0111\u1ed9ng h\u00f3a trong c\u00f4ng nghi\u1ec7p","publisher":{"@id":"https:\/\/omanivietnam.com\/#\/schema\/person\/0ad398a980dc3fd696111c2c5c8fa897"},"potentialAction":[{"@type":"SearchAction","target":{"@type":"EntryPoint","urlTemplate":"https:\/\/omanivietnam.com\/?s={search_term_string}"},"query-input":"required name=search_term_string"}],"inLanguage":"vi"},{"@type":["Person","Organization"],"@id":"https:\/\/omanivietnam.com\/#\/schema\/person\/0ad398a980dc3fd696111c2c5c8fa897","name":"Nguy\u1ec5n V\u0103n Kh\u00e1nh","image":{"@type":"ImageObject","inLanguage":"vi","@id":"https:\/\/omanivietnam.com\/#\/schema\/person\/image\/","url":"https:\/\/omanivietnam.com\/wp-content\/uploads\/2024\/06\/logo-1024x1024.png","contentUrl":"https:\/\/omanivietnam.com\/wp-content\/uploads\/2024\/06\/logo-1024x1024.png","width":1024,"height":1024,"caption":"Nguy\u1ec5n V\u0103n Kh\u00e1nh"},"logo":{"@id":"https:\/\/omanivietnam.com\/#\/schema\/person\/image\/"},"sameAs":["https:\/\/omanivietnam.com"]}]}},"_links":{"self":[{"href":"https:\/\/omanivietnam.com\/index.php\/wp-json\/wp\/v2\/product\/2603","targetHints":{"allow":["GET"]}}],"collection":[{"href":"https:\/\/omanivietnam.com\/index.php\/wp-json\/wp\/v2\/product"}],"about":[{"href":"https:\/\/omanivietnam.com\/index.php\/wp-json\/wp\/v2\/types\/product"}],"replies":[{"embeddable":true,"href":"https:\/\/omanivietnam.com\/index.php\/wp-json\/wp\/v2\/comments?post=2603"}],"wp:featuredmedia":[{"embeddable":true,"href":"https:\/\/omanivietnam.com\/index.php\/wp-json\/wp\/v2\/media\/2606"}],"wp:attachment":[{"href":"https:\/\/omanivietnam.com\/index.php\/wp-json\/wp\/v2\/media?parent=2603"}],"wp:term":[{"taxonomy":"product_cat","embeddable":true,"href":"https:\/\/omanivietnam.com\/index.php\/wp-json\/wp\/v2\/product_cat?post=2603"},{"taxonomy":"product_tag","embeddable":true,"href":"https:\/\/omanivietnam.com\/index.php\/wp-json\/wp\/v2\/product_tag?post=2603"}],"curies":[{"name":"wp","href":"https:\/\/api.w.org\/{rel}","templated":true}]}}