{"id":2613,"date":"2024-11-07T05:35:18","date_gmt":"2024-11-06T22:35:18","guid":{"rendered":"https:\/\/omanivietnam.com\/?post_type=product&#038;p=2613"},"modified":"2025-06-12T22:08:05","modified_gmt":"2025-06-12T15:08:05","slug":"panasonic-akl1000","status":"publish","type":"product","link":"https:\/\/omanivietnam.com\/index.php\/san-pham\/panasonic-akl1000\/","title":{"rendered":"PANASONIC AKL1000"},"content":{"rendered":"<p>PANASONIC AKL1000<\/p>\n<p id=\"spec\">Spec Detail<\/p>\n<div class=\"bl_parts_change_notion\"><\/div>\n<div class=\"bl_table_wrapper scroll-hint\">\n<table class=\"el_parts_table el_parts_table-column2\">\n<thead>\n<tr>\n<th>Item<\/th>\n<th>Specifications<\/th>\n<\/tr>\n<\/thead>\n<tbody>\n<tr>\n<th>Product Number<\/th>\n<td>AKL1000<\/td>\n<\/tr>\n<tr>\n<th>Part Number<\/th>\n<td>AKL1000<\/td>\n<\/tr>\n<tr>\n<th>Products Name<\/th>\n<td>Data Logger Light<\/td>\n<\/tr>\n<tr>\n<th>The price of the product<\/th>\n<td>Please contact our office<\/td>\n<\/tr>\n<\/tbody>\n<\/table>\n<div class=\"bl_table_wrapper scroll-hint\">\n<table class=\"el_parts_table el_parts_table-column2\">\n<thead>\n<tr>\n<th>Item<\/th>\n<th>Specifications<\/th>\n<\/tr>\n<\/thead>\n<tbody>\n<tr>\n<th>Rated operating voltage<\/th>\n<td>100 to 240 V AC<\/td>\n<\/tr>\n<tr>\n<th>Allowable operating voltage range<\/th>\n<td>85 to 264 V AC (85 to 110 % of rated operating voltage)<\/td>\n<\/tr>\n<tr>\n<th>Rated frequency<\/th>\n<td>50 \/ 60 Hz<\/td>\n<\/tr>\n<tr>\n<th>Allowable momentary power-off time<\/th>\n<td>Max. 10 ms<\/td>\n<\/tr>\n<tr>\n<th>Rated output voltage<\/th>\n<td>24 V DC<\/td>\n<\/tr>\n<tr>\n<th>Output voltage range<\/th>\n<td>21.6 V to 26.4 V DC<\/td>\n<\/tr>\n<tr>\n<th>Rated output current<\/th>\n<td>0.2 A<br \/>\n(Note) If a current load over the specified level is continuously applied, the unit may break down. When a short circuit is detected, the whole power supply of Data Logger Light will be shut down.<\/td>\n<\/tr>\n<tr>\n<th>Ambient temperature<\/th>\n<td>-10 to +55 \u2103\u00a0<span class=\"inch\">+14 to +131 \u2109<\/span><\/td>\n<\/tr>\n<tr>\n<th>Storage temperature<\/th>\n<td>-25 to +70 \u2103\u00a0<span class=\"inch\">-13 to +158 \u2109<\/span><\/td>\n<\/tr>\n<tr>\n<th>Current consumption<\/th>\n<td>Max. 230 mA (at 100 V AC)<\/td>\n<\/tr>\n<tr>\n<th>Weight<\/th>\n<td>Approx. 200 g (without battery)<\/td>\n<\/tr>\n<\/tbody>\n<\/table>\n<div class=\"scroll-hint-icon-wrap\" data-target=\"scrollable-icon\">\n<div class=\"scroll-hint-text\">scroll<\/div>\n<\/div>\n<div class=\"scroll-hint-icon-wrap\" data-target=\"scrollable-icon\">\n<div class=\"scroll-hint-text\">scroll<\/div>\n<\/div>\n<div class=\"scroll-hint-icon-wrap\" data-target=\"scrollable-icon\">\n<div class=\"scroll-hint-text\">scroll<\/div>\n<\/div>\n<\/div>\n<h3 id=\"8953a67f13eff636d79a6ce0efd62fd4\">Performance specifications<\/h3>\n<div class=\"bl_table_wrapper scroll-hint\">\n<table class=\"el_parts_table el_parts_table-column2\">\n<thead>\n<tr>\n<th>Item<\/th>\n<th>Specifications<\/th>\n<\/tr>\n<\/thead>\n<tbody>\n<tr>\n<th>Data Accumulation:Logged Data:Description<\/th>\n<td>Instantaneous, difference, average, minimum, and maximum values<\/td>\n<\/tr>\n<tr>\n<th>Data Accumulation:Logged Data:Data format(Valid for the register system)<\/th>\n<td>16-bit integers (signed \/ unsigned), 32-bit integers (signed \/ unsigned), HEX (4-digit \/ 8-digit), Real number<\/td>\n<\/tr>\n<tr>\n<th>Data Accumulation:Logged Data:Number of registrable files<\/th>\n<td>16<\/td>\n<\/tr>\n<tr>\n<th>Data Accumulation:Logged Data:Number of registrable devices<\/th>\n<td>300 points \/ 1 file<br \/>\n(Note) The maximum total number of points for registrable devices is always 300, for either 1 file or 16 files.<\/td>\n<\/tr>\n<tr>\n<th>Data Accumulation:Data stored:Stored to<\/th>\n<td>Internal memory (SRAM): 1 MB<br \/>\nSD \/ SDHC memory cards: 2 to 32 GB<br \/>\n(Note) The internal memory can store data using the backup battery. Please note that data stored in the internal memory may be lost when the battery has been depleted.<\/td>\n<\/tr>\n<tr>\n<th>Data Accumulation:Data stored:File system<\/th>\n<td>VFAT \/ FAT \/ FAT32<\/td>\n<\/tr>\n<tr>\n<th>Data Accumulation:Data stored:Saving format<\/th>\n<td>CSV file type<\/td>\n<\/tr>\n<tr>\n<th>Data Accumulation:Data stored:Number of storable files<\/th>\n<td>100<\/td>\n<\/tr>\n<tr>\n<th>Data Accumulation:Trigger:Trigger type<\/th>\n<td>&#8211; Constant cycle (user-selectable from 1 second to 24 hours)<br \/>\n&#8211; Contact status (rising edge, falling edge, both edges, accumulation ON time, number of accumulation open\/close operations, ON status, and OFF status)<br \/>\n&#8211; Specified time (every minute, every hour, every day, every week, every month, every year, and specified time)<br \/>\n&#8211; Register (=, &gt;, &lt;, Not =)<br \/>\n&#8211; Trigger combinations (AND, OR)<\/td>\n<\/tr>\n<tr>\n<th>Data Accumulation:Trigger:Number of registrable<\/th>\n<td>128<\/td>\n<\/tr>\n<tr>\n<th>E-mail sending function:Transmission network<\/th>\n<td>LAN<\/td>\n<\/tr>\n<tr>\n<th>E-mail sending function:E-mail content<\/th>\n<td>Title: Within 16 one-byte or 8 two-byte characters<br \/>\nBody: Within 256 one-byte or 128 two-byte characters<\/td>\n<\/tr>\n<tr>\n<th>E-mail sending function:Number of registrable<\/th>\n<td>64 (with no files attached)<\/td>\n<\/tr>\n<tr>\n<th>Network function:Communication protocol<\/th>\n<td>TCP \/ IP, UDP \/ IP<\/td>\n<\/tr>\n<tr>\n<th>Network function:Application protocol<\/th>\n<td>SMTP (Capable of POP \/ APOP authentication), FTP (client \/ server), SNTP, DHCP, DNS<\/td>\n<\/tr>\n<\/tbody>\n<\/table>\n<div class=\"scroll-hint-icon-wrap\" data-target=\"scrollable-icon\">\n<div class=\"scroll-hint-text\">scroll<\/div>\n<\/div>\n<div class=\"scroll-hint-icon-wrap\" data-target=\"scrollable-icon\">\n<div class=\"scroll-hint-text\">scroll<\/div>\n<\/div>\n<div class=\"scroll-hint-icon-wrap\" data-target=\"scrollable-icon\">\n<div class=\"scroll-hint-text\">scroll<\/div>\n<\/div>\n<\/div>\n<h3 id=\"c29b7f9a823692047315e1409f9b6768\">Communication specifications<\/h3>\n<div class=\"bl_table_wrapper scroll-hint\">\n<table class=\"el_parts_table el_parts_table-column2\">\n<thead>\n<tr>\n<th>Item<\/th>\n<th>Specifications<\/th>\n<\/tr>\n<\/thead>\n<tbody>\n<tr>\n<th>Ethernet<\/th>\n<td>Interface: IEEE802.3U, 10BASE-T \/ 100BASE-TX<br \/>\nConnector type: RJ45<br \/>\nTransmission specifications (Transmission speed): 10 Mbps \/ 100 Mbps<br \/>\nTransmission specifications (Transmission method): Base band<br \/>\nTransmission specifications (Max. segment length): 100m\u00a0<span class=\"inch\">328ft<\/span><br \/>\nCommunication cable: UTP (category 5)<br \/>\nFunctions: Auto-negotiation function, MDI \/ MDI-X auto-crossover function<\/td>\n<\/tr>\n<tr>\n<th>RS232C<\/th>\n<td>Interface: RS-232C (Not isolated from the internal circuit)<br \/>\nCommunication form: 1: 1 communication<br \/>\nNumber of connected units: 1 unit<br \/>\nCommunication method: Half-duplex<br \/>\nSynchronous system: Synchronous communication method<br \/>\nTransmission distance: 15m\u00a0<span class=\"inch\">49 ft<\/span><br \/>\nTransmission speed: 4,800 \/ 9,600 \/ 19,200 \/ 38,400 \/ 57,600 \/ 115,200 bps<br \/>\nTransmission format (Stop bit): 1-bits \/ 2-bits<br \/>\nTransmission format (Parity): Odd number \/ Even number \/ Not available<br \/>\nTransmission format (Data length): 7-bits \/ 8-bits(Note)With MODBUS (RTU) protocol, it works only with 8-bit.<br \/>\nProtocol: MEWTOCOL \/ Modbus RTU<\/td>\n<\/tr>\n<tr>\n<th>RS485<\/th>\n<td>Interface: RS-485 (Isolated from the internal circuit)<br \/>\nCommunication form: 1: N communication<br \/>\nNumber of connected units: 99 units (Note 1)(Note 2)<br \/>\nCommunication method: Half-duplex<br \/>\nSynchronous system: Synchronous communication method<br \/>\nTransmission distance: Max. 1200 m\u00a0<span class=\"inch\">3,937 ft<\/span>\u00a0(Note 3)<br \/>\nTransmission speed: 4,800 \/ 9,600 \/ 19,200 \/ 38,400 \/ 57,600 \/ 115,200 bps<br \/>\nTransmission format (Stop bit): 1-bits \/ 2-bits<br \/>\nTransmission format (Parity): Odd number \/ Even number \/ Not available<br \/>\nTransmission format (Data length): 7-bits \/ 8-bits (Note 4)<br \/>\nProtocol: MEWTOCOL \/ Modbus RTU<br \/>\n(Note 1) When using a PC as a slave station, you are recommended to use SI-35 or SI-35USB of LlNEEYE Co., Ltd. as an RS485 interface.<br \/>\n(Note 2) When using SI-35,SI-35USB, our Eco-POWER METER or our PLC (which can be connected up to 99 units), up to 99 units can be connected. In case using this system with the other devices, up to 31 units can be connected.<br \/>\n(Note 3) The transmission distance is limited by the transmission speed and the number of units connected. When the speed is 38,400 bps or lower, the maximum transmission distance is 1,200 m\u00a0<span class=\"inch\">3,937 ft<\/span>, and the number of units is 99.<br \/>\n(Note 4) With Modbus RTU protocol, it works only with 8-bit.<\/td>\n<\/tr>\n<\/tbody>\n<\/table>\n<div class=\"scroll-hint-icon-wrap\" data-target=\"scrollable-icon\"><\/div>\n<div class=\"scroll-hint-icon-wrap\" data-target=\"scrollable-icon\">\n<div class=\"scroll-hint-text\"><\/div>\n<\/div>\n<div class=\"scroll-hint-icon-wrap\" data-target=\"scrollable-icon\">\n<div class=\"scroll-hint-text\"><\/div>\n<\/div>\n<\/div>\n<h3 id=\"2302368b28d574f30c1983b5f0884a70\">External memory specifications(SD memory card slot)<\/h3>\n<div class=\"bl_table_wrapper scroll-hint\">\n<table class=\"el_parts_table el_parts_table-column2\">\n<thead>\n<tr>\n<th>Item<\/th>\n<th>Specifications<\/th>\n<\/tr>\n<\/thead>\n<tbody>\n<tr>\n<th>Support media<\/th>\n<td>SD \/ SDHC memory card (Note) Panasonic business-use SD memory card is recommended.<\/td>\n<\/tr>\n<tr>\n<th>Supported format standards<\/th>\n<td>SD \/ SDHC standard conformance<br \/>\n(Note) UHS standard SDHC memory cards are not supported. Log data may not be written to the SD memory card if an SD memory card without operational confirmation is used.<\/td>\n<\/tr>\n<tr>\n<th>Memory capacity<\/th>\n<td>2 to 32 GB<\/td>\n<\/tr>\n<tr>\n<th>Speed class<\/th>\n<td>Class 2 to Class 10<\/td>\n<\/tr>\n<\/tbody>\n<\/table>\n<\/div>\n<p>\u0110\u1ea1i l\u00fd PANASONIC vietnam, PANASONIC viet nam, PANASONIC vietnam distributor, Ph\u00e2n ph\u1ed1i PANASONIC t\u1ea1i vi\u1ec7t nam<\/p>\n<p>\u0110\u1ea1i l\u00fd PANASONIC vietnam, PANASONIC viet nam, PANASONIC vietnam distributor, Ph\u00e2n ph\u1ed1i PANASONIC t\u1ea1i vi\u1ec7t nam<\/p>\n<p>\u0110\u1ea1i l\u00fd PANASONIC vietnam, PANASONIC viet nam, PANASONIC vietnam distributor, Ph\u00e2n ph\u1ed1i PANASONIC t\u1ea1i vi\u1ec7t nam<\/p>\n<p>&nbsp;<\/p>\n<\/div>\n","protected":false},"excerpt":{"rendered":"<p>PANASONIC AKL1000 Spec Detail Item Specifications Product Number AKL1000 Part Number AKL1000 Products Name Data Logger Light The price of the product Please contact our office Item Specifications Rated operating voltage 100 to 240 V AC Allowable operating voltage range 85 to 264 V AC (85 to 110 % of&hellip; <\/p>\n","protected":false},"featured_media":2614,"comment_status":"open","ping_status":"closed","template":"","meta":[],"product_cat":[298],"product_tag":[167,86,87],"class_list":{"0":"post-2613","1":"product","2":"type-product","3":"status-publish","4":"has-post-thumbnail","6":"product_cat-panasonic","7":"product_tag-bo-dieu-khien","8":"product_tag-dai-ly-panasonic-viet-nam","9":"product_tag-panasonic-viet-nam","11":"first","12":"instock","13":"shipping-taxable","14":"product-type-simple"},"yoast_head":"<!-- This site is optimized with the Yoast SEO plugin v22.8 - https:\/\/yoast.com\/wordpress\/plugins\/seo\/ -->\n<title>PANASONIC AKL1000 - OMANI VI\u1ec6T NAM<\/title>\n<meta name=\"description\" content=\"PANASONIC AKL1000 Data Logger Light (DLL)\" \/>\n<meta name=\"robots\" content=\"index, follow, max-snippet:-1, max-image-preview:large, max-video-preview:-1\" \/>\n<link rel=\"canonical\" href=\"https:\/\/omanivietnam.com\/index.php\/san-pham\/panasonic-akl1000\/\" \/>\n<meta property=\"og:locale\" content=\"vi_VN\" \/>\n<meta property=\"og:type\" content=\"article\" \/>\n<meta property=\"og:title\" content=\"PANASONIC AKL1000 - OMANI VI\u1ec6T NAM\" \/>\n<meta property=\"og:description\" content=\"PANASONIC AKL1000 Data Logger Light (DLL)\" \/>\n<meta property=\"og:url\" content=\"https:\/\/omanivietnam.com\/index.php\/san-pham\/panasonic-akl1000\/\" \/>\n<meta property=\"og:site_name\" content=\"OMANI VI\u1ec6T NAM\" \/>\n<meta property=\"article:modified_time\" content=\"2025-06-12T15:08:05+00:00\" \/>\n<meta property=\"og:image\" content=\"https:\/\/omanivietnam.com\/wp-content\/uploads\/2024\/11\/AKL1000.png\" \/>\n\t<meta property=\"og:image:width\" content=\"513\" \/>\n\t<meta property=\"og:image:height\" content=\"483\" \/>\n\t<meta property=\"og:image:type\" content=\"image\/png\" \/>\n<meta name=\"twitter:card\" content=\"summary_large_image\" \/>\n<meta name=\"twitter:label1\" content=\"\u01af\u1edbc t\u00ednh th\u1eddi gian \u0111\u1ecdc\" \/>\n\t<meta name=\"twitter:data1\" content=\"6 ph\u00fat\" \/>\n<script type=\"application\/ld+json\" class=\"yoast-schema-graph\">{\"@context\":\"https:\/\/schema.org\",\"@graph\":[{\"@type\":\"WebPage\",\"@id\":\"https:\/\/omanivietnam.com\/index.php\/san-pham\/panasonic-akl1000\/\",\"url\":\"https:\/\/omanivietnam.com\/index.php\/san-pham\/panasonic-akl1000\/\",\"name\":\"PANASONIC AKL1000 - OMANI VI\u1ec6T NAM\",\"isPartOf\":{\"@id\":\"https:\/\/omanivietnam.com\/#website\"},\"primaryImageOfPage\":{\"@id\":\"https:\/\/omanivietnam.com\/index.php\/san-pham\/panasonic-akl1000\/#primaryimage\"},\"image\":{\"@id\":\"https:\/\/omanivietnam.com\/index.php\/san-pham\/panasonic-akl1000\/#primaryimage\"},\"thumbnailUrl\":\"https:\/\/omanivietnam.com\/wp-content\/uploads\/2024\/11\/AKL1000.png\",\"datePublished\":\"2024-11-06T22:35:18+00:00\",\"dateModified\":\"2025-06-12T15:08:05+00:00\",\"description\":\"PANASONIC AKL1000 Data Logger Light (DLL)\",\"breadcrumb\":{\"@id\":\"https:\/\/omanivietnam.com\/index.php\/san-pham\/panasonic-akl1000\/#breadcrumb\"},\"inLanguage\":\"vi\",\"potentialAction\":[{\"@type\":\"ReadAction\",\"target\":[\"https:\/\/omanivietnam.com\/index.php\/san-pham\/panasonic-akl1000\/\"]}]},{\"@type\":\"ImageObject\",\"inLanguage\":\"vi\",\"@id\":\"https:\/\/omanivietnam.com\/index.php\/san-pham\/panasonic-akl1000\/#primaryimage\",\"url\":\"https:\/\/omanivietnam.com\/wp-content\/uploads\/2024\/11\/AKL1000.png\",\"contentUrl\":\"https:\/\/omanivietnam.com\/wp-content\/uploads\/2024\/11\/AKL1000.png\",\"width\":513,\"height\":483},{\"@type\":\"BreadcrumbList\",\"@id\":\"https:\/\/omanivietnam.com\/index.php\/san-pham\/panasonic-akl1000\/#breadcrumb\",\"itemListElement\":[{\"@type\":\"ListItem\",\"position\":1,\"name\":\"Home\",\"item\":\"https:\/\/omanivietnam.com\/\"},{\"@type\":\"ListItem\",\"position\":2,\"name\":\"S\u1ea2N PH\u1ea8M\",\"item\":\"https:\/\/omanivietnam.com\/index.php\/cua-hang\/\"},{\"@type\":\"ListItem\",\"position\":3,\"name\":\"PANASONIC AKL1000\"}]},{\"@type\":\"WebSite\",\"@id\":\"https:\/\/omanivietnam.com\/#website\",\"url\":\"https:\/\/omanivietnam.com\/\",\"name\":\"OMANI VI\u1ec6T NAM\",\"description\":\"Nh\u00e0 ph\u00e2n ph\u1ed1i thi\u1ebft b\u1ecb kh\u00ed n\u00e9n v\u00e0 thi\u1ebft b\u1ecb t\u1ef1 \u0111\u1ed9ng h\u00f3a trong c\u00f4ng nghi\u1ec7p\",\"publisher\":{\"@id\":\"https:\/\/omanivietnam.com\/#\/schema\/person\/0ad398a980dc3fd696111c2c5c8fa897\"},\"potentialAction\":[{\"@type\":\"SearchAction\",\"target\":{\"@type\":\"EntryPoint\",\"urlTemplate\":\"https:\/\/omanivietnam.com\/?s={search_term_string}\"},\"query-input\":\"required name=search_term_string\"}],\"inLanguage\":\"vi\"},{\"@type\":[\"Person\",\"Organization\"],\"@id\":\"https:\/\/omanivietnam.com\/#\/schema\/person\/0ad398a980dc3fd696111c2c5c8fa897\",\"name\":\"Nguy\u1ec5n V\u0103n Kh\u00e1nh\",\"image\":{\"@type\":\"ImageObject\",\"inLanguage\":\"vi\",\"@id\":\"https:\/\/omanivietnam.com\/#\/schema\/person\/image\/\",\"url\":\"https:\/\/omanivietnam.com\/wp-content\/uploads\/2024\/06\/logo-1024x1024.png\",\"contentUrl\":\"https:\/\/omanivietnam.com\/wp-content\/uploads\/2024\/06\/logo-1024x1024.png\",\"width\":1024,\"height\":1024,\"caption\":\"Nguy\u1ec5n V\u0103n Kh\u00e1nh\"},\"logo\":{\"@id\":\"https:\/\/omanivietnam.com\/#\/schema\/person\/image\/\"},\"sameAs\":[\"https:\/\/omanivietnam.com\"]}]}<\/script>\n<!-- \/ Yoast SEO plugin. -->","yoast_head_json":{"title":"PANASONIC AKL1000 - OMANI VI\u1ec6T NAM","description":"PANASONIC AKL1000 Data Logger Light (DLL)","robots":{"index":"index","follow":"follow","max-snippet":"max-snippet:-1","max-image-preview":"max-image-preview:large","max-video-preview":"max-video-preview:-1"},"canonical":"https:\/\/omanivietnam.com\/index.php\/san-pham\/panasonic-akl1000\/","og_locale":"vi_VN","og_type":"article","og_title":"PANASONIC AKL1000 - OMANI VI\u1ec6T NAM","og_description":"PANASONIC AKL1000 Data Logger Light (DLL)","og_url":"https:\/\/omanivietnam.com\/index.php\/san-pham\/panasonic-akl1000\/","og_site_name":"OMANI VI\u1ec6T NAM","article_modified_time":"2025-06-12T15:08:05+00:00","og_image":[{"width":513,"height":483,"url":"https:\/\/omanivietnam.com\/wp-content\/uploads\/2024\/11\/AKL1000.png","type":"image\/png"}],"twitter_card":"summary_large_image","twitter_misc":{"\u01af\u1edbc t\u00ednh th\u1eddi gian \u0111\u1ecdc":"6 ph\u00fat"},"schema":{"@context":"https:\/\/schema.org","@graph":[{"@type":"WebPage","@id":"https:\/\/omanivietnam.com\/index.php\/san-pham\/panasonic-akl1000\/","url":"https:\/\/omanivietnam.com\/index.php\/san-pham\/panasonic-akl1000\/","name":"PANASONIC AKL1000 - OMANI VI\u1ec6T NAM","isPartOf":{"@id":"https:\/\/omanivietnam.com\/#website"},"primaryImageOfPage":{"@id":"https:\/\/omanivietnam.com\/index.php\/san-pham\/panasonic-akl1000\/#primaryimage"},"image":{"@id":"https:\/\/omanivietnam.com\/index.php\/san-pham\/panasonic-akl1000\/#primaryimage"},"thumbnailUrl":"https:\/\/omanivietnam.com\/wp-content\/uploads\/2024\/11\/AKL1000.png","datePublished":"2024-11-06T22:35:18+00:00","dateModified":"2025-06-12T15:08:05+00:00","description":"PANASONIC AKL1000 Data Logger Light (DLL)","breadcrumb":{"@id":"https:\/\/omanivietnam.com\/index.php\/san-pham\/panasonic-akl1000\/#breadcrumb"},"inLanguage":"vi","potentialAction":[{"@type":"ReadAction","target":["https:\/\/omanivietnam.com\/index.php\/san-pham\/panasonic-akl1000\/"]}]},{"@type":"ImageObject","inLanguage":"vi","@id":"https:\/\/omanivietnam.com\/index.php\/san-pham\/panasonic-akl1000\/#primaryimage","url":"https:\/\/omanivietnam.com\/wp-content\/uploads\/2024\/11\/AKL1000.png","contentUrl":"https:\/\/omanivietnam.com\/wp-content\/uploads\/2024\/11\/AKL1000.png","width":513,"height":483},{"@type":"BreadcrumbList","@id":"https:\/\/omanivietnam.com\/index.php\/san-pham\/panasonic-akl1000\/#breadcrumb","itemListElement":[{"@type":"ListItem","position":1,"name":"Home","item":"https:\/\/omanivietnam.com\/"},{"@type":"ListItem","position":2,"name":"S\u1ea2N PH\u1ea8M","item":"https:\/\/omanivietnam.com\/index.php\/cua-hang\/"},{"@type":"ListItem","position":3,"name":"PANASONIC AKL1000"}]},{"@type":"WebSite","@id":"https:\/\/omanivietnam.com\/#website","url":"https:\/\/omanivietnam.com\/","name":"OMANI VI\u1ec6T NAM","description":"Nh\u00e0 ph\u00e2n ph\u1ed1i thi\u1ebft b\u1ecb kh\u00ed n\u00e9n v\u00e0 thi\u1ebft b\u1ecb t\u1ef1 \u0111\u1ed9ng h\u00f3a trong c\u00f4ng nghi\u1ec7p","publisher":{"@id":"https:\/\/omanivietnam.com\/#\/schema\/person\/0ad398a980dc3fd696111c2c5c8fa897"},"potentialAction":[{"@type":"SearchAction","target":{"@type":"EntryPoint","urlTemplate":"https:\/\/omanivietnam.com\/?s={search_term_string}"},"query-input":"required name=search_term_string"}],"inLanguage":"vi"},{"@type":["Person","Organization"],"@id":"https:\/\/omanivietnam.com\/#\/schema\/person\/0ad398a980dc3fd696111c2c5c8fa897","name":"Nguy\u1ec5n V\u0103n Kh\u00e1nh","image":{"@type":"ImageObject","inLanguage":"vi","@id":"https:\/\/omanivietnam.com\/#\/schema\/person\/image\/","url":"https:\/\/omanivietnam.com\/wp-content\/uploads\/2024\/06\/logo-1024x1024.png","contentUrl":"https:\/\/omanivietnam.com\/wp-content\/uploads\/2024\/06\/logo-1024x1024.png","width":1024,"height":1024,"caption":"Nguy\u1ec5n V\u0103n Kh\u00e1nh"},"logo":{"@id":"https:\/\/omanivietnam.com\/#\/schema\/person\/image\/"},"sameAs":["https:\/\/omanivietnam.com"]}]}},"_links":{"self":[{"href":"https:\/\/omanivietnam.com\/index.php\/wp-json\/wp\/v2\/product\/2613","targetHints":{"allow":["GET"]}}],"collection":[{"href":"https:\/\/omanivietnam.com\/index.php\/wp-json\/wp\/v2\/product"}],"about":[{"href":"https:\/\/omanivietnam.com\/index.php\/wp-json\/wp\/v2\/types\/product"}],"replies":[{"embeddable":true,"href":"https:\/\/omanivietnam.com\/index.php\/wp-json\/wp\/v2\/comments?post=2613"}],"wp:featuredmedia":[{"embeddable":true,"href":"https:\/\/omanivietnam.com\/index.php\/wp-json\/wp\/v2\/media\/2614"}],"wp:attachment":[{"href":"https:\/\/omanivietnam.com\/index.php\/wp-json\/wp\/v2\/media?parent=2613"}],"wp:term":[{"taxonomy":"product_cat","embeddable":true,"href":"https:\/\/omanivietnam.com\/index.php\/wp-json\/wp\/v2\/product_cat?post=2613"},{"taxonomy":"product_tag","embeddable":true,"href":"https:\/\/omanivietnam.com\/index.php\/wp-json\/wp\/v2\/product_tag?post=2613"}],"curies":[{"name":"wp","href":"https:\/\/api.w.org\/{rel}","templated":true}]}}