{"id":2635,"date":"2024-11-09T05:56:23","date_gmt":"2024-11-08T22:56:23","guid":{"rendered":"https:\/\/omanivietnam.com\/?post_type=product&#038;p=2635"},"modified":"2024-11-09T15:20:35","modified_gmt":"2024-11-09T08:20:35","slug":"yaskawa-sgm7j-04afa61","status":"publish","type":"product","link":"https:\/\/omanivietnam.com\/index.php\/san-pham\/yaskawa-sgm7j-04afa61\/","title":{"rendered":"YASKAWA SGM7J-04AFA61"},"content":{"rendered":"<p>YASKAWA SGM7J-04AFA61<\/p>\n<p>M\u00c3 h\u00e0ng SGM7J \u2013 04AFA61<br \/>\n\u0110\u1ea7u ra \u0111\u1ecbnh m\u1ee9c (W) 400<br \/>\nM\u00f4-men xo\u1eafn \u0111\u1ecbnh m\u1ee9c (Nm) 1,27<br \/>\nGi\u00e1 th\u1ea7u t\u1ed1i \u0111a t\u1ee9c th\u00ec M\u00f4-men xo\u1eafn (Nm) 4,46<br \/>\n\u0110i\u1ec7n \u00e1p cung c\u1ea5p \u0111i\u1ec7n (VAC) 200<br \/>\nB\u1ed9 m\u00e3 h\u00f3a n\u1ed1i ti\u1ebfp 24-bit t\u0103ng d\u1ea7n<br \/>\nTh\u1ee9 t\u1ef1 s\u1eeda \u0111\u1ed5i thi\u1ebft k\u1ebf Ti\u00eau chu\u1ea9n<br \/>\nShift End Th\u1eb3ng b\u1eb1ng ph\u00edm v\u00e0 ch\u1ea1m<\/p>\n<h3><strong>Motor servo SGM7J-04AFA61<br \/>\n<\/strong><\/h3>\n<p>SGM7J-04AFA61 d\u00f9ng cho d\u00f2ng Servo Sigma 7 ph\u00e1t huy t\u1ed1i \u0111a ti\u1ec1m n\u0103ng v\u00e0 hi\u1ec7u su\u1ea5t m\u00e1y c\u1ee7a m\u00e1y v\u1edbi kh\u1ea3 n\u0103ng \u0111\u1ecbnh v\u1ecb t\u1ed1c \u0111\u1ed9 cao, v\u1edbi \u0111\u1ed9 ch\u00ednh x\u00e1c cao nh\u1ea5t,\u00a0 \u0111\u1ea7u v\u00e0o analog \u0111i\u1ec7n \u00e1p\/xung, ho\u1eb7c giao ti\u1ebfp MECHATROLINK-II, III, b\u0103ng th\u00f4ng l\u00e0m vi\u1ec7c t\u1ed1c \u0111\u1ed9 cao l\u00ean \u0111\u1ebfn 3.1kHz<\/p>\n<h3><strong>Th\u00f4ng s\u1ed1 k\u1ef9 thu\u1eadt c\u01a1 b\u1ea3n motor servo SGM7J-04AFA61<\/strong><\/h3>\n<ul>\n<li>Model: SGM7J-04AFA61<\/li>\n<li>C\u00f4ng su\u1ea5t: 0.4kW<\/li>\n<li>Ngu\u1ed3n c\u1ea5p: 220V<\/li>\n<li>Nhi\u1ec7t \u0111\u1ed9 v\u1eadn h\u00e0nh\/nhi\u1ec7t \u0111\u1ed9 l\u01b0u kho: 0 to 55\u00b0C \/ -20 to 85\u00b0C<\/li>\n<li>\u0110\u1ed9 \u1ea9m ho\u1ea1t \u0111\u1ed9ng: th\u1ea5p h\u01a1n 90%<\/li>\n<li>\u0110\u1ed9 ph\u00e2n gi\u1ea3i encoder t\u1ed1i \u0111a \u0111\u1ebfn 24-bit<\/li>\n<li>Kh\u1ea3 n\u0103ng ch\u1ecbu qu\u00e1 t\u1ea3i l\u00ean \u0111\u1ebfn 350% trong t\u1eeb 3 -5s<\/li>\n<li>Moment xo\u00e1n c\u1ef1c \u0111\u1ea1i cao<\/li>\n<li>Kh\u1ea3 n\u0103ng x\u1eed l\u00fd nhanh h\u01a1n, gi\u00fap gi\u1ea3m th\u1eddi gian ph\u1ea3n h\u1ed3i, t\u0103ng t\u1ed1c nhanh h\u01a1n<\/li>\n<li>T\u1ea7n s\u1ed1 t\u1ed1i \u0111a: 3.1kHz<\/li>\n<\/ul>\n<p><img decoding=\"async\" src=\"https:\/\/sp-ao.shortpixel.ai\/client\/to_webp,q_lossy,ret_img,w_966,h_375\/https:\/\/phucthinhautomation.vn\/wp-content\/uploads\/2023\/04\/huong-dan-chon-motor-SGM7j.jpg\" alt=\"h\u01b0\u1edbng d\u1eabn ch\u1ecdn motor SGM7j\" \/><\/p>\n<p>&nbsp;<\/p>\n<h3><strong>\u0110\u1eb7c \u0111i\u1ec3m chung v\u1ec1 d\u00f2ng Sigma 7<\/strong><\/h3>\n<ul>\n<li>D\u00e3i c\u00f4ng su\u1ea5t t\u1eeb 0.05 \u0111\u1ebfn 15kw<\/li>\n<li>Truy\u1ec1n th\u00f4ng th\u1eddi gian th\u1ef1c MECHATROLINK-II v\u00e0 III<\/li>\n<li>Ti\u1ebft ki\u1ec7m v\u1edbi kh\u1ea3 n\u0103ng \u0111i\u1ec1u khi\u1ec3n, v\u00e0 \u0111\u00e1p \u1ee9ng nhanh h\u01a1n<\/li>\n<li>Ch\u1ee9c n\u0103ng chu\u1ea9n \u0111o\u00e1n v\u00e0 c\u1ea3nh b\u00e1o l\u1ed7i<\/li>\n<li>Nhi\u1ec1u lo\u1ea1i \u0111\u1ed9ng c\u01a1 ph\u00f9 h\u1ee3p v\u1edbi b\u1ea5t k\u1ef3 y\u00eau c\u1ea7u ch\u1ebf t\u1ea1o m\u00e1y n\u00e0o<\/li>\n<li>\u0110i\u1ec1u khi\u1ec3n chuy\u1ec3n \u0111\u1ed9ng \u0111\u1ed9 ch\u00ednh x\u00e1c cao<\/li>\n<li>\u0110\u00e1p \u1ee9ng b\u0103ng th\u00f4ng cao h\u01a1n ( \u0111\u00e1p \u1ee9ng t\u1ea7n s\u1ed1 v\u00f2ng l\u1eb7p l\u00ean \u0111\u1ebfn 3.1kHz )<\/li>\n<li>Kh\u1ea3 n\u0103ng \u0111i\u1ec1u khi\u1ec3n m\u01b0\u1ee3t \u1edf v\u00f2ng tua m\u00e1y th\u1ea5p, nh\u1edd \u0111\u1ed9 ph\u00e2n gi\u1ea3i encoder cao h\u01a1n<\/li>\n<li>N\u00e2ng c\u1ea5p m\u1edbi tri\u1ec7t ti\u00eau rung \u0111\u1ed9ng v\u00e0 t\u1ed1i \u01b0u h\u00f3a hi\u1ec7u su\u1ea5t m\u00e1y<\/li>\n<li>C\u00e0i \u0111\u1eb7t nhanh ch\u00f3ng h\u01a1n<\/li>\n<li>Ho\u1ea1t \u0111\u1ed9ng tr\u01a1n tru \u1edf t\u1ed1c \u0111\u1ed9 cao, v\u1edbi \u0111\u1ed9 rung t\u1ed1i thi\u1ec3u<\/li>\n<li>Giao ti\u1ebfp truy\u1ec1n th\u00f4ng: (Devicenet , Profibus , v.v.)<\/li>\n<li>Ph\u1ea3n h\u1ed3i v\u00f2ng k\u00edn ho\u00e0n to\u00e0n<\/li>\n<li>Ti\u00eau chu\u1ea9n qu\u1ed1c t\u1ebf \u0111\u01b0\u1ee3c ch\u1ee9ng nh\u1eadn UL, cUL, tu\u00e2n th\u1ee7 CE<\/li>\n<li>Ch\u1ee9c n\u0103ng b\u1ea3o v\u1ec7: Qu\u00e1 d\u00f2ng, qu\u00e1 t\u1ea3i, l\u1ed7i \u0111i\u1ec7n \u00e1p m\u1ea1ch ch\u00ednh, t\u1ea3n nhi\u1ec7t qu\u00e1 n\u00f3ng, m\u1ea5t pha, qu\u00e1 t\u1ed1c \u0111\u1ed9, l\u1ed7i encoder, m\u1ea5t k\u1ebft n\u1ed1i encoder, l\u1ed7i CPU, l\u1ed7i th\u00f4ng s\u1ed1,\u2026<\/li>\n<li>C\u00e1c d\u00f2ng Servo motor 220V: SGMMV, SGM7A, SGM7J, SGM7G,\u2026<\/li>\n<\/ul>\n<p><img decoding=\"async\" src=\"https:\/\/sp-ao.shortpixel.ai\/client\/to_webp,q_lossy,ret_img,w_1135,h_1354\/https:\/\/phucthinhautomation.vn\/wp-content\/uploads\/2023\/02\/Bang-thong-so-ky-thuat-servo-sigma-7-yaskawa.jpg\" alt=\"B\u1ea3ng th\u00f4ng s\u1ed7 k\u1ef9 thu\u1eadt servo sigma 7 yaskawa\" \/><\/p>\n<p>&nbsp;<\/p>\n<h4><strong>D\u00e3i c\u00f4ng su\u1ea5t v\u00e0 \u0111i\u1ec7n \u00e1p:<\/strong><\/h4>\n<ul>\n<li>C\u00f4ng su\u1ea5t t\u1eeb 0.05kW \u2013 15kW : \u0110i\u1ec7n \u00e1p 220V, 380V<\/li>\n<\/ul>\n<h3><strong>\u1ee8ng d\u1ee5ng c\u00e1c s\u1ea3n ph\u1ea9m<\/strong><\/h3>\n<p>Motor SGM7J-04AFA61 n\u1ed5i ti\u1ebfng b\u1edfi ch\u1ea5t l\u01b0\u1ee3ng cao, ho\u1ea1t \u0111\u1ed9ng m\u01b0\u1ee3t m\u00e0 v\u00e0 \u1ed5n \u0111\u1ecbnh, \u0111\u1ed9 b\u1ec1n cao, mang l\u1ea1i s\u1ef1 y\u00ean t\u00e2m v\u00e0 l\u1ee3i \u00edch l\u1edbn kho kh\u00e1ch h\u00e0ng s\u1eed d\u1ee5ng s\u1ea3n ph\u1ea9m. T\u0103ng t\u00ednh hi\u1ec7u qu\u1ea3 kinh t\u1ebf c\u1ee7a s\u1ea3n ph\u1ea9m<\/p>\n<h2 id=\"overview\" data-content-navigation-headline=\"\">Overview<\/h2>\n<ul>\n<li>24-bit high-resolution encoder installed<\/li>\n<li>High efficiency, low heat generation<\/li>\n<li>Downsizing by up to 20%<\/li>\n<li>Flange compatible with Sigma-5<\/li>\n<li>Medium inertia, high speed<\/li>\n<\/ul>\n<h2 id=\"technicalDetails\" data-content-navigation-headline=\"\">Technical Details<\/h2>\n<div class=\"row table\">\n<ul class=\"col-12 col-md-3 mb-3\">\n<li>Input power supply<\/li>\n<li>200 V<\/li>\n<\/ul>\n<ul class=\"col-12 col-md-3 mb-3\">\n<li>Rated output<\/li>\n<li>0.4 kW<\/li>\n<\/ul>\n<ul class=\"col-12 col-md-3 mb-3\">\n<li>Shaft end<\/li>\n<li>Straight with key and tap<\/li>\n<\/ul>\n<ul class=\"col-12 col-md-3 mb-3\">\n<li>Encoder resolution<\/li>\n<li>24 bit<\/li>\n<\/ul>\n<ul class=\"col-12 col-md-3 mb-3\">\n<li>Encoder type<\/li>\n<li>Incremental<\/li>\n<\/ul>\n<ul class=\"col-12 col-md-3 mb-3\">\n<li>Options<\/li>\n<li>Without options<\/li>\n<\/ul>\n<ul class=\"col-12 col-md-3 mb-3\">\n<li>Height<\/li>\n<li>74.7 mm<\/li>\n<\/ul>\n<ul class=\"col-12 col-md-3 mb-3\">\n<li>Width<\/li>\n<li>60 mm<\/li>\n<\/ul>\n<ul class=\"col-12 col-md-3 mb-3\">\n<li>Depth<\/li>\n<li>115.5 mm<\/li>\n<\/ul>\n<ul class=\"col-12 col-md-3 mb-3\">\n<li>Weight<\/li>\n<li>1.1 kg<\/li>\n<\/ul>\n<ul class=\"col-12 col-md-3 mb-3\">\n<li>Allowable Load Moment of Inertia<\/li>\n<li>10 Times<\/li>\n<\/ul>\n<ul class=\"col-12 col-md-3 mb-3\">\n<li>Rated torque<\/li>\n<li>1.27 Nm<\/li>\n<\/ul>\n<ul class=\"col-12 col-md-3 mb-3\">\n<li>Instantaneous maximum torque<\/li>\n<li>4.46 Nm<\/li>\n<\/ul>\n<ul class=\"col-12 col-md-3 mb-3\">\n<li>Rated Motor Speed<\/li>\n<li>3000 1\/min<\/li>\n<\/ul>\n<ul class=\"col-12 col-md-3 mb-3\">\n<li>Maximum motor speed<\/li>\n<li>6000 1\/min<\/li>\n<\/ul>\n<ul class=\"col-12 col-md-3 mb-3\">\n<li>Motor Moment of Inertia<\/li>\n<li>0.486 x10\u207b\u2074 kg\u00b7m\u00b2<\/li>\n<\/ul>\n<ul class=\"col-12 col-md-3 mb-3\">\n<li>Flange Dimension (LC)<\/li>\n<li>60 mm<\/li>\n<\/ul>\n<ul class=\"col-12 col-md-3 mb-3\">\n<li>Flange Diameter (LA)<\/li>\n<li>70 mm<\/li>\n<\/ul>\n<ul class=\"col-12 col-md-3 mb-3\">\n<li>Shaft End Diameter (S)<\/li>\n<li>14 mm<\/li>\n<\/ul>\n<ul class=\"col-12 col-md-3 mb-3\">\n<li>Shaft End Length (Q)<\/li>\n<li>30 mm<\/li>\n<\/ul>\n<div><strong>SGMGV type motor<\/strong><\/div>\n<div>SGMGV-30ADC61<\/div>\n<div>SGMGV-20ADC61<\/div>\n<div>SGMGV-13ADC61<\/div>\n<div>SGMGV-09ADC61<\/div>\n<div>SGMGV-05ADC61<\/div>\n<div>SGMGV-44ADC61<\/div>\n<div>SGMGV-55ADC61<\/div>\n<div>SGMGV-75ADC61<\/div>\n<div>SGMGV-1AADC61<\/div>\n<div>SGMGV-1EADC61<\/div>\n<div><\/div>\n<div><strong>\u00a0SGMPS type motor<\/strong><\/div>\n<div>SGMPS-08ACE2SE<\/div>\n<div>SGMPS-04ACE2SE<\/div>\n<div>SGMPS-02ACE2SE<\/div>\n<div>SGMPS-01ACE2SE<\/div>\n<div>SGMPS-15ACE2EE<\/div>\n<div>SGMPS-15ACE2SE<\/div>\n<div>SGMPS-01ACE61E<\/div>\n<div>SGMPS-02ACE61E<\/div>\n<div>SGMPS-04ACE61E<\/div>\n<div>SGMPS-08ACE61E<\/div>\n<div><\/div>\n<div><\/div>\n<div><strong>SGMAV type motor<\/strong><\/div>\n<div>SGMAV-01ADAB1<\/div>\n<div>SGMAV-A5ADAB1<\/div>\n<div>SGMAV-10ADA6S<\/div>\n<div>SGMAV-08ADA6S<\/div>\n<div>SGMAV-06ADA6S<\/div>\n<div>SGMAV-C2ADAB1<\/div>\n<div>SGMAV-02ADAB1<\/div>\n<div>SGMAV-04ADAB1<\/div>\n<div>SGMAV-06ADAB1<\/div>\n<div>SGMAV-08ADAB1<\/div>\n<div><\/div>\n<div><strong>\u00a0SGMJV type motor<\/strong><\/div>\n<div>SGMJV-01ADABC<\/div>\n<div>SGMJV-A5ADABC<\/div>\n<div>SGMJV-08ADAB1<\/div>\n<div>SGMJV-06ADAB1<\/div>\n<div>SGMJV-04ADAB1<\/div>\n<div>SGMJV-C2ADABC<\/div>\n<div>SGMJV-02ADABC<\/div>\n<div>SGMJV-04ADABC<\/div>\n<div>SGMJV-06ADABC<\/div>\n<div>SGMJV-08ADABC<\/div>\n<div>\u00a0SGMAV type motor<\/div>\n<div><\/div>\n<div>V\u00e0 r\u1ea5t nhi\u1ec1u m\u00e3 \u0111\u1ed9ng c\u01a1 kh\u00e1c<\/div>\n<div><\/div>\n<div>\n<p>\u0110\u1ea1i l\u00fd YASKAWA vietnam, YASKAWA viet nam, YASKAWA vietnam distributor, Ph\u00e2n ph\u1ed1i YASKAWA t\u1ea1i vi\u1ec7t nam<\/p>\n<p>\u0110\u1ea1i l\u00fd YASKAWA vietnam, YASKAWA viet nam, YASKAWA vietnam distributor, Ph\u00e2n ph\u1ed1i YASKAWA t\u1ea1i vi\u1ec7t nam<\/p>\n<p>\u0110\u1ea1i l\u00fd YASKAWA vietnam, YASKAWA viet nam, YASKAWA vietnam distributor, Ph\u00e2n ph\u1ed1i YASKAWA t\u1ea1i vi\u1ec7t nam<\/p>\n<p>\u0110\u1ea1i l\u00fd YASKAWA vietnam, YASKAWA viet nam, YASKAWA vietnam distributor, Ph\u00e2n ph\u1ed1i YASKAWA t\u1ea1i vi\u1ec7t nam<\/p>\n<p>\u0110\u1ea1i l\u00fd YASKAWA vietnam, YASKAWA viet nam, YASKAWA vietnam distributor, Ph\u00e2n ph\u1ed1i YASKAWA t\u1ea1i vi\u1ec7t nam<\/p>\n<\/div>\n<\/div>\n","protected":false},"excerpt":{"rendered":"<p>YASKAWA SGM7J-04AFA61 M\u00c3 h\u00e0ng SGM7J \u2013 04AFA61 \u0110\u1ea7u ra \u0111\u1ecbnh m\u1ee9c (W) 400 M\u00f4-men xo\u1eafn \u0111\u1ecbnh m\u1ee9c (Nm) 1,27 Gi\u00e1 th\u1ea7u t\u1ed1i \u0111a t\u1ee9c th\u00ec M\u00f4-men xo\u1eafn (Nm) 4,46 \u0110i\u1ec7n \u00e1p cung c\u1ea5p \u0111i\u1ec7n (VAC) 200 B\u1ed9 m\u00e3 h\u00f3a n\u1ed1i ti\u1ebfp 24-bit t\u0103ng d\u1ea7n Th\u1ee9 t\u1ef1 s\u1eeda \u0111\u1ed5i thi\u1ebft k\u1ebf&hellip; <\/p>\n","protected":false},"featured_media":2636,"comment_status":"open","ping_status":"closed","template":"","meta":[],"product_cat":[423],"product_tag":[202,120,557,201],"class_list":{"0":"post-2635","1":"product","2":"type-product","3":"status-publish","4":"has-post-thumbnail","6":"product_cat-yaskawa","7":"product_tag-dai-ly-yaskawa-viet-nam","8":"product_tag-dong-co","9":"product_tag-motor-servo","10":"product_tag-yaskawa-viet-nam","12":"first","13":"instock","14":"shipping-taxable","15":"product-type-simple"},"yoast_head":"<!-- This site is optimized with the Yoast SEO plugin v22.8 - https:\/\/yoast.com\/wordpress\/plugins\/seo\/ -->\n<title>YASKAWA SGM7J-04AFA61 - OMANI VI\u1ec6T NAM<\/title>\n<meta name=\"robots\" content=\"index, follow, max-snippet:-1, max-image-preview:large, max-video-preview:-1\" \/>\n<link rel=\"canonical\" href=\"https:\/\/omanivietnam.com\/index.php\/san-pham\/yaskawa-sgm7j-04afa61\/\" \/>\n<meta property=\"og:locale\" content=\"vi_VN\" \/>\n<meta property=\"og:type\" content=\"article\" \/>\n<meta property=\"og:title\" content=\"YASKAWA SGM7J-04AFA61 - OMANI VI\u1ec6T NAM\" \/>\n<meta property=\"og:description\" content=\"YASKAWA SGM7J-04AFA61 M\u00c3 h\u00e0ng SGM7J \u2013 04AFA61 \u0110\u1ea7u ra \u0111\u1ecbnh m\u1ee9c (W) 400 M\u00f4-men xo\u1eafn \u0111\u1ecbnh m\u1ee9c (Nm) 1,27 Gi\u00e1 th\u1ea7u t\u1ed1i \u0111a t\u1ee9c th\u00ec M\u00f4-men xo\u1eafn (Nm) 4,46 \u0110i\u1ec7n \u00e1p cung c\u1ea5p \u0111i\u1ec7n (VAC) 200 B\u1ed9 m\u00e3 h\u00f3a n\u1ed1i ti\u1ebfp 24-bit t\u0103ng d\u1ea7n Th\u1ee9 t\u1ef1 s\u1eeda \u0111\u1ed5i thi\u1ebft k\u1ebf&hellip;\" \/>\n<meta property=\"og:url\" content=\"https:\/\/omanivietnam.com\/index.php\/san-pham\/yaskawa-sgm7j-04afa61\/\" \/>\n<meta property=\"og:site_name\" content=\"OMANI VI\u1ec6T NAM\" \/>\n<meta property=\"article:modified_time\" content=\"2024-11-09T08:20:35+00:00\" \/>\n<meta property=\"og:image\" content=\"https:\/\/omanivietnam.com\/wp-content\/uploads\/2024\/11\/SGM7J-04AFA61.png\" \/>\n\t<meta property=\"og:image:width\" content=\"1171\" \/>\n\t<meta property=\"og:image:height\" content=\"879\" \/>\n\t<meta property=\"og:image:type\" content=\"image\/png\" \/>\n<meta name=\"twitter:card\" content=\"summary_large_image\" \/>\n<meta name=\"twitter:label1\" content=\"\u01af\u1edbc t\u00ednh th\u1eddi gian \u0111\u1ecdc\" \/>\n\t<meta name=\"twitter:data1\" content=\"5 ph\u00fat\" \/>\n<script type=\"application\/ld+json\" class=\"yoast-schema-graph\">{\"@context\":\"https:\/\/schema.org\",\"@graph\":[{\"@type\":\"WebPage\",\"@id\":\"https:\/\/omanivietnam.com\/index.php\/san-pham\/yaskawa-sgm7j-04afa61\/\",\"url\":\"https:\/\/omanivietnam.com\/index.php\/san-pham\/yaskawa-sgm7j-04afa61\/\",\"name\":\"YASKAWA SGM7J-04AFA61 - OMANI VI\u1ec6T NAM\",\"isPartOf\":{\"@id\":\"https:\/\/omanivietnam.com\/#website\"},\"primaryImageOfPage\":{\"@id\":\"https:\/\/omanivietnam.com\/index.php\/san-pham\/yaskawa-sgm7j-04afa61\/#primaryimage\"},\"image\":{\"@id\":\"https:\/\/omanivietnam.com\/index.php\/san-pham\/yaskawa-sgm7j-04afa61\/#primaryimage\"},\"thumbnailUrl\":\"https:\/\/omanivietnam.com\/wp-content\/uploads\/2024\/11\/SGM7J-04AFA61.png\",\"datePublished\":\"2024-11-08T22:56:23+00:00\",\"dateModified\":\"2024-11-09T08:20:35+00:00\",\"breadcrumb\":{\"@id\":\"https:\/\/omanivietnam.com\/index.php\/san-pham\/yaskawa-sgm7j-04afa61\/#breadcrumb\"},\"inLanguage\":\"vi\",\"potentialAction\":[{\"@type\":\"ReadAction\",\"target\":[\"https:\/\/omanivietnam.com\/index.php\/san-pham\/yaskawa-sgm7j-04afa61\/\"]}]},{\"@type\":\"ImageObject\",\"inLanguage\":\"vi\",\"@id\":\"https:\/\/omanivietnam.com\/index.php\/san-pham\/yaskawa-sgm7j-04afa61\/#primaryimage\",\"url\":\"https:\/\/omanivietnam.com\/wp-content\/uploads\/2024\/11\/SGM7J-04AFA61.png\",\"contentUrl\":\"https:\/\/omanivietnam.com\/wp-content\/uploads\/2024\/11\/SGM7J-04AFA61.png\",\"width\":1171,\"height\":879},{\"@type\":\"BreadcrumbList\",\"@id\":\"https:\/\/omanivietnam.com\/index.php\/san-pham\/yaskawa-sgm7j-04afa61\/#breadcrumb\",\"itemListElement\":[{\"@type\":\"ListItem\",\"position\":1,\"name\":\"Home\",\"item\":\"https:\/\/omanivietnam.com\/\"},{\"@type\":\"ListItem\",\"position\":2,\"name\":\"S\u1ea2N PH\u1ea8M\",\"item\":\"https:\/\/omanivietnam.com\/index.php\/cua-hang\/\"},{\"@type\":\"ListItem\",\"position\":3,\"name\":\"YASKAWA SGM7J-04AFA61\"}]},{\"@type\":\"WebSite\",\"@id\":\"https:\/\/omanivietnam.com\/#website\",\"url\":\"https:\/\/omanivietnam.com\/\",\"name\":\"OMANI VI\u1ec6T NAM\",\"description\":\"Nh\u00e0 ph\u00e2n ph\u1ed1i thi\u1ebft b\u1ecb kh\u00ed n\u00e9n v\u00e0 thi\u1ebft b\u1ecb t\u1ef1 \u0111\u1ed9ng h\u00f3a trong c\u00f4ng nghi\u1ec7p\",\"publisher\":{\"@id\":\"https:\/\/omanivietnam.com\/#\/schema\/person\/0ad398a980dc3fd696111c2c5c8fa897\"},\"potentialAction\":[{\"@type\":\"SearchAction\",\"target\":{\"@type\":\"EntryPoint\",\"urlTemplate\":\"https:\/\/omanivietnam.com\/?s={search_term_string}\"},\"query-input\":\"required name=search_term_string\"}],\"inLanguage\":\"vi\"},{\"@type\":[\"Person\",\"Organization\"],\"@id\":\"https:\/\/omanivietnam.com\/#\/schema\/person\/0ad398a980dc3fd696111c2c5c8fa897\",\"name\":\"Nguy\u1ec5n V\u0103n Kh\u00e1nh\",\"image\":{\"@type\":\"ImageObject\",\"inLanguage\":\"vi\",\"@id\":\"https:\/\/omanivietnam.com\/#\/schema\/person\/image\/\",\"url\":\"https:\/\/omanivietnam.com\/wp-content\/uploads\/2024\/06\/logo-1024x1024.png\",\"contentUrl\":\"https:\/\/omanivietnam.com\/wp-content\/uploads\/2024\/06\/logo-1024x1024.png\",\"width\":1024,\"height\":1024,\"caption\":\"Nguy\u1ec5n V\u0103n Kh\u00e1nh\"},\"logo\":{\"@id\":\"https:\/\/omanivietnam.com\/#\/schema\/person\/image\/\"},\"sameAs\":[\"https:\/\/omanivietnam.com\"]}]}<\/script>\n<!-- \/ Yoast SEO plugin. -->","yoast_head_json":{"title":"YASKAWA SGM7J-04AFA61 - OMANI VI\u1ec6T NAM","robots":{"index":"index","follow":"follow","max-snippet":"max-snippet:-1","max-image-preview":"max-image-preview:large","max-video-preview":"max-video-preview:-1"},"canonical":"https:\/\/omanivietnam.com\/index.php\/san-pham\/yaskawa-sgm7j-04afa61\/","og_locale":"vi_VN","og_type":"article","og_title":"YASKAWA SGM7J-04AFA61 - OMANI VI\u1ec6T NAM","og_description":"YASKAWA SGM7J-04AFA61 M\u00c3 h\u00e0ng SGM7J \u2013 04AFA61 \u0110\u1ea7u ra \u0111\u1ecbnh m\u1ee9c (W) 400 M\u00f4-men xo\u1eafn \u0111\u1ecbnh m\u1ee9c (Nm) 1,27 Gi\u00e1 th\u1ea7u t\u1ed1i \u0111a t\u1ee9c th\u00ec M\u00f4-men xo\u1eafn (Nm) 4,46 \u0110i\u1ec7n \u00e1p cung c\u1ea5p \u0111i\u1ec7n (VAC) 200 B\u1ed9 m\u00e3 h\u00f3a n\u1ed1i ti\u1ebfp 24-bit t\u0103ng d\u1ea7n Th\u1ee9 t\u1ef1 s\u1eeda \u0111\u1ed5i thi\u1ebft k\u1ebf&hellip;","og_url":"https:\/\/omanivietnam.com\/index.php\/san-pham\/yaskawa-sgm7j-04afa61\/","og_site_name":"OMANI VI\u1ec6T NAM","article_modified_time":"2024-11-09T08:20:35+00:00","og_image":[{"width":1171,"height":879,"url":"https:\/\/omanivietnam.com\/wp-content\/uploads\/2024\/11\/SGM7J-04AFA61.png","type":"image\/png"}],"twitter_card":"summary_large_image","twitter_misc":{"\u01af\u1edbc t\u00ednh th\u1eddi gian \u0111\u1ecdc":"5 ph\u00fat"},"schema":{"@context":"https:\/\/schema.org","@graph":[{"@type":"WebPage","@id":"https:\/\/omanivietnam.com\/index.php\/san-pham\/yaskawa-sgm7j-04afa61\/","url":"https:\/\/omanivietnam.com\/index.php\/san-pham\/yaskawa-sgm7j-04afa61\/","name":"YASKAWA SGM7J-04AFA61 - OMANI VI\u1ec6T NAM","isPartOf":{"@id":"https:\/\/omanivietnam.com\/#website"},"primaryImageOfPage":{"@id":"https:\/\/omanivietnam.com\/index.php\/san-pham\/yaskawa-sgm7j-04afa61\/#primaryimage"},"image":{"@id":"https:\/\/omanivietnam.com\/index.php\/san-pham\/yaskawa-sgm7j-04afa61\/#primaryimage"},"thumbnailUrl":"https:\/\/omanivietnam.com\/wp-content\/uploads\/2024\/11\/SGM7J-04AFA61.png","datePublished":"2024-11-08T22:56:23+00:00","dateModified":"2024-11-09T08:20:35+00:00","breadcrumb":{"@id":"https:\/\/omanivietnam.com\/index.php\/san-pham\/yaskawa-sgm7j-04afa61\/#breadcrumb"},"inLanguage":"vi","potentialAction":[{"@type":"ReadAction","target":["https:\/\/omanivietnam.com\/index.php\/san-pham\/yaskawa-sgm7j-04afa61\/"]}]},{"@type":"ImageObject","inLanguage":"vi","@id":"https:\/\/omanivietnam.com\/index.php\/san-pham\/yaskawa-sgm7j-04afa61\/#primaryimage","url":"https:\/\/omanivietnam.com\/wp-content\/uploads\/2024\/11\/SGM7J-04AFA61.png","contentUrl":"https:\/\/omanivietnam.com\/wp-content\/uploads\/2024\/11\/SGM7J-04AFA61.png","width":1171,"height":879},{"@type":"BreadcrumbList","@id":"https:\/\/omanivietnam.com\/index.php\/san-pham\/yaskawa-sgm7j-04afa61\/#breadcrumb","itemListElement":[{"@type":"ListItem","position":1,"name":"Home","item":"https:\/\/omanivietnam.com\/"},{"@type":"ListItem","position":2,"name":"S\u1ea2N PH\u1ea8M","item":"https:\/\/omanivietnam.com\/index.php\/cua-hang\/"},{"@type":"ListItem","position":3,"name":"YASKAWA SGM7J-04AFA61"}]},{"@type":"WebSite","@id":"https:\/\/omanivietnam.com\/#website","url":"https:\/\/omanivietnam.com\/","name":"OMANI VI\u1ec6T NAM","description":"Nh\u00e0 ph\u00e2n ph\u1ed1i thi\u1ebft b\u1ecb kh\u00ed n\u00e9n v\u00e0 thi\u1ebft b\u1ecb t\u1ef1 \u0111\u1ed9ng h\u00f3a trong c\u00f4ng nghi\u1ec7p","publisher":{"@id":"https:\/\/omanivietnam.com\/#\/schema\/person\/0ad398a980dc3fd696111c2c5c8fa897"},"potentialAction":[{"@type":"SearchAction","target":{"@type":"EntryPoint","urlTemplate":"https:\/\/omanivietnam.com\/?s={search_term_string}"},"query-input":"required name=search_term_string"}],"inLanguage":"vi"},{"@type":["Person","Organization"],"@id":"https:\/\/omanivietnam.com\/#\/schema\/person\/0ad398a980dc3fd696111c2c5c8fa897","name":"Nguy\u1ec5n V\u0103n Kh\u00e1nh","image":{"@type":"ImageObject","inLanguage":"vi","@id":"https:\/\/omanivietnam.com\/#\/schema\/person\/image\/","url":"https:\/\/omanivietnam.com\/wp-content\/uploads\/2024\/06\/logo-1024x1024.png","contentUrl":"https:\/\/omanivietnam.com\/wp-content\/uploads\/2024\/06\/logo-1024x1024.png","width":1024,"height":1024,"caption":"Nguy\u1ec5n V\u0103n Kh\u00e1nh"},"logo":{"@id":"https:\/\/omanivietnam.com\/#\/schema\/person\/image\/"},"sameAs":["https:\/\/omanivietnam.com"]}]}},"_links":{"self":[{"href":"https:\/\/omanivietnam.com\/index.php\/wp-json\/wp\/v2\/product\/2635","targetHints":{"allow":["GET"]}}],"collection":[{"href":"https:\/\/omanivietnam.com\/index.php\/wp-json\/wp\/v2\/product"}],"about":[{"href":"https:\/\/omanivietnam.com\/index.php\/wp-json\/wp\/v2\/types\/product"}],"replies":[{"embeddable":true,"href":"https:\/\/omanivietnam.com\/index.php\/wp-json\/wp\/v2\/comments?post=2635"}],"wp:featuredmedia":[{"embeddable":true,"href":"https:\/\/omanivietnam.com\/index.php\/wp-json\/wp\/v2\/media\/2636"}],"wp:attachment":[{"href":"https:\/\/omanivietnam.com\/index.php\/wp-json\/wp\/v2\/media?parent=2635"}],"wp:term":[{"taxonomy":"product_cat","embeddable":true,"href":"https:\/\/omanivietnam.com\/index.php\/wp-json\/wp\/v2\/product_cat?post=2635"},{"taxonomy":"product_tag","embeddable":true,"href":"https:\/\/omanivietnam.com\/index.php\/wp-json\/wp\/v2\/product_tag?post=2635"}],"curies":[{"name":"wp","href":"https:\/\/api.w.org\/{rel}","templated":true}]}}