{"id":2639,"date":"2024-11-09T15:29:08","date_gmt":"2024-11-09T08:29:08","guid":{"rendered":"https:\/\/omanivietnam.com\/?post_type=product&#038;p=2639"},"modified":"2024-11-09T15:29:53","modified_gmt":"2024-11-09T08:29:53","slug":"yaskawa-sgdm-20ada","status":"publish","type":"product","link":"https:\/\/omanivietnam.com\/index.php\/san-pham\/yaskawa-sgdm-20ada\/","title":{"rendered":"YASKAWA SGDM-20ADA"},"content":{"rendered":"<p>YASKAWA SGDM-20ADA<\/p>\n<h4>Driver servo Yaskawa SGDM-20ADA<\/h4>\n<p>\u25ba\u00a0Model: SGDM-20ADA<br \/>\n\u25ba\u00a0H\u00e3ng s\u1ea3n xu\u1ea5t: Yaskawa<br \/>\n\u25ba\u00a0Xu\u1ea5t x\u1ee9: Nh\u1eadt B\u1ea3n<br \/>\n\u25ba\u00a0Seri: Sigma II series<br \/>\n\u25ba\u00a0C\u00f4ng su\u1ea5t: 2kW<br \/>\n\u25ba\u00a0\u0110i\u1ec7n \u00e1p v\u00e0o: 1\/3PH 220VAC, \u0111i\u1ec7n \u00e1p ra: 0~230VAC<br \/>\n\u25ba\u00a0Ch\u1ebf \u0111\u1ed9 \u0111i\u1ec1u khi\u1ec3n: V\u1ecb tr\u00ed (Ph\u00e1t xung), T\u1ed1c \u0111\u1ed9, Momen<br \/>\n\u25ba\u00a0\u1ee8ng d\u1ee5ng: M\u00e1y c\u00f4ng c\u1ee5, M\u00e1y c\u1eaft bao b\u00ec, M\u00e1y CNC, B\u0103ng truy\u1ec1n &#8230;<\/p>\n<p><u><strong>SGDM-20ADA<\/strong><\/u>\u00a0l\u00e0 b\u1ed9 driver h\u00e3ng Yaskawa c\u00f4ng su\u1ea5t 2kW thu\u1ed9c series Sigma II. \u0110i\u1ec7n \u00e1p \u0111\u1ea7u v\u00e0o 1\/3 phase 220VAC, \u0111i\u1ec7n \u00e1p \u0111\u1ea7u ra 3phase 0~230VAC. Servo Yaskaw sigma II thu\u1ed9c d\u00f2ng s\u1ea3n xu\u1ea5t \u0111\u1eddi \u0111\u1ea7u, ho\u1ea1t \u0111\u1ed9ng b\u1ec1n b\u1ec9, \u1ed5n \u0111\u1ecbnh v\u00e0 \u0111\u01b0\u1ee3c \u0111\u00e1nh gi\u00e1 l\u00e0 m\u1ed9t trong nh\u1eefng s\u1ea3n ph\u1ea9m c\u00f3 \u0111\u1ed9 b\u1ec1n cao nh\u1ea5t c\u1ee7a h\u00e3ng Yaskawa. Driver t\u00edch h\u1ee3p c\u00e1c ch\u1ebf \u0111\u1ed9 \u0111i\u1ec1u khi\u1ec3n:\u00a0V\u1ecb tr\u00ed (Ph\u00e1t xung), T\u1ed1c \u0111\u1ed9 (Analog), Momen (Analog).<br \/>\n&#8211; C\u00e1c d\u00f2ng \u0111\u1ed9ng c\u01a1 s\u1eed d\u1ee5ng c\u00f9ng b\u1ed9 driver\u00a0<u><strong>SGDM<\/strong><\/u>\u00a0series bao g\u1ed3m:\u00a0SGMAH series, SGMPH series, SGMGH series, SGMSH series, SGMDH series, SGMCS series.<\/p>\n<p><strong>* TH\u00d4NG TIN CHUNG C\u1ea6N BI\u1ebeT V\u1ec0 DRIVER YASKAWA SGDM SERIES<br \/>\n1. D\u1ea3i c\u00f4ng su\u1ea5t:<\/strong><br \/>\n&#8211; D\u00f2ng c\u00f4ng su\u1ea5t t\u1eeb 30W \u0111\u1ebfn 5kW<br \/>\n&#8211; D\u00f2ng c\u00f4ng su\u1ea5t t\u1eeb 6kW \u0111\u1ebfn 15kW<\/p>\n<p><img decoding=\"async\" src=\"https:\/\/phanphoibientan.com\/upload\/images\/Huong%20dan%20doc%20ma%20SGDM%20series.JPG\" \/><\/p>\n<p>&nbsp;<\/p>\n<p>C\u00e1c m\u00e3 h\u00e0ng t\u01b0\u01a1ng t\u1ef1:<\/p>\n<ul>\n<li>B\u1ed9 Sigma II 100W :\u00a0\u00a0SGDM-01ADA<\/li>\n<li>B\u1ed9 Sigma II 200W : SGDM-02ADA<\/li>\n<li>B\u1ed9 Sigma II 400W : SGDM-04ADA<\/li>\n<li>B\u1ed9 Sigma II 750W : SGDM-08ADA<\/li>\n<li>B\u1ed9 Sigma II 1KW : SGDM-10ADA<\/li>\n<li>B\u1ed9 Sigma II 1.5KW : SGDM-15ADA<\/li>\n<li>B\u1ed9 Sigma II 5.0KW : SGDM-50ADA<\/li>\n<li>SGMAH-01AAA41 + SGDM-01ADA<\/li>\n<li>SGMAH-02AAA41 + SGDM-02ADA<\/li>\n<li>SGMAH-04AAA4C + SGDM-04ADA<\/li>\n<li>SGMAH-08AAA41 + SGDM-08 ADA<\/li>\n<li>SGMAH-08AAA4C + SGDM-08ADA<\/li>\n<li>SGMGH-09ACA61\u00a0 + SGDM-10ADA<\/li>\n<li>SGMGH-09ACA6C + SG DM-10ADA<\/li>\n<li>SGMGH-13ACA61 + SGDM-15ADA<\/li>\n<li>SGMGH-13ACA6C + SGDM-15ADA<\/li>\n<li>SGMGH-20ACA6 1 + SGDM-20ADA<\/li>\n<li>SGMGH-20ACA6C + SGDM-20ADA<\/li>\n<li>SGMGH-30ACA61 + SGDM-30ADA<\/li>\n<li>SGMGH-3 0ACA6C + SGDM-30ADA<\/li>\n<li>SGMGH-44ACA61 + SGDM-50ADA<\/li>\n<li>SGMGH-44ACA6C + SGDM-50ADA<\/li>\n<li>SG MGH-55ACA61 + SGDM-60ADA<\/li>\n<li>SGMGH-55ACA6C + SGDM-60ADA<\/li>\n<li>SGMGH-75ACA61 + SGDM-75AD A<\/li>\n<li>SGMGH-75ACA6C + SGDM-75ADA<\/li>\n<li>SGMGH-1AACA61 + SGDM-1AADA<\/li>\n<li>SGMGH-1AACA6C + SGDM -1AADA<\/li>\n<li>SGMGH-1EACA61 + SGDM-1EAD<\/li>\n<\/ul>\n<div><strong>SGMGV type motor<\/strong><\/div>\n<div>SGMGV-30ADC61<\/div>\n<div>SGMGV-20ADC61<\/div>\n<div>SGMGV-13ADC61<\/div>\n<div>SGMGV-09ADC61<\/div>\n<div>SGMGV-05ADC61<\/div>\n<div>SGMGV-44ADC61<\/div>\n<div>SGMGV-55ADC61<\/div>\n<div>SGMGV-75ADC61<\/div>\n<div>SGMGV-1AADC61<\/div>\n<div>SGMGV-1EADC61<\/div>\n<div><\/div>\n<div><strong>\u00a0SGMPS type motor<\/strong><\/div>\n<div>SGMPS-08ACE2SE<\/div>\n<div>SGMPS-04ACE2SE<\/div>\n<div>SGMPS-02ACE2SE<\/div>\n<div>SGMPS-01ACE2SE<\/div>\n<div>SGMPS-15ACE2EE<\/div>\n<div>SGMPS-15ACE2SE<\/div>\n<div>SGMPS-01ACE61E<\/div>\n<div>SGMPS-02ACE61E<\/div>\n<div>SGMPS-04ACE61E<\/div>\n<div>SGMPS-08ACE61E<\/div>\n<div><\/div>\n<div><\/div>\n<div><strong>SGMAV type motor<\/strong><\/div>\n<div>SGMAV-01ADAB1<\/div>\n<div>SGMAV-A5ADAB1<\/div>\n<div>SGMAV-10ADA6S<\/div>\n<div>SGMAV-08ADA6S<\/div>\n<div>SGMAV-06ADA6S<\/div>\n<div>SGMAV-C2ADAB1<\/div>\n<div>SGMAV-02ADAB1<\/div>\n<div>SGMAV-04ADAB1<\/div>\n<div>SGMAV-06ADAB1<\/div>\n<div>SGMAV-08ADAB1<\/div>\n<div><\/div>\n<div><strong>\u00a0SGMJV type motor<\/strong><\/div>\n<div>SGMJV-01ADABC<\/div>\n<div>SGMJV-A5ADABC<\/div>\n<div>SGMJV-08ADAB1<\/div>\n<div>SGMJV-06ADAB1<\/div>\n<div>SGMJV-04ADAB1<\/div>\n<div>SGMJV-C2ADABC<\/div>\n<div>SGMJV-02ADABC<\/div>\n<div>SGMJV-04ADABC<\/div>\n<div>SGMJV-06ADABC<\/div>\n<div>SGMJV-08ADABC<\/div>\n<div>\u00a0SGMAV type motor<\/div>\n<div><\/div>\n<div>V\u00e0 r\u1ea5t nhi\u1ec1u m\u00e3 \u0111\u1ed9ng c\u01a1 kh\u00e1c<\/div>\n<div><\/div>\n<div>\n<p>\u0110\u1ea1i l\u00fd YASKAWA vietnam, YASKAWA viet nam, YASKAWA vietnam distributor, Ph\u00e2n ph\u1ed1i YASKAWA t\u1ea1i vi\u1ec7t nam<\/p>\n<p>\u0110\u1ea1i l\u00fd YASKAWA vietnam, YASKAWA viet nam, YASKAWA vietnam distributor, Ph\u00e2n ph\u1ed1i YASKAWA t\u1ea1i vi\u1ec7t nam<\/p>\n<p>\u0110\u1ea1i l\u00fd YASKAWA vietnam, YASKAWA viet nam, YASKAWA vietnam distributor, Ph\u00e2n ph\u1ed1i YASKAWA t\u1ea1i vi\u1ec7t nam<\/p>\n<p>\u0110\u1ea1i l\u00fd YASKAWA vietnam, YASKAWA viet nam, YASKAWA vietnam distributor, Ph\u00e2n ph\u1ed1i YASKAWA t\u1ea1i vi\u1ec7t nam<\/p>\n<p>\u0110\u1ea1i l\u00fd YASKAWA vietnam, YASKAWA viet nam, YASKAWA vietnam distributor, Ph\u00e2n ph\u1ed1i YASKAWA t\u1ea1i vi\u1ec7t nam<\/p>\n<\/div>\n","protected":false},"excerpt":{"rendered":"<p>YASKAWA SGDM-20ADA Driver servo Yaskawa SGDM-20ADA \u25ba\u00a0Model: SGDM-20ADA \u25ba\u00a0H\u00e3ng s\u1ea3n xu\u1ea5t: Yaskawa \u25ba\u00a0Xu\u1ea5t x\u1ee9: Nh\u1eadt B\u1ea3n \u25ba\u00a0Seri: Sigma II series \u25ba\u00a0C\u00f4ng su\u1ea5t: 2kW \u25ba\u00a0\u0110i\u1ec7n \u00e1p v\u00e0o: 1\/3PH 220VAC, \u0111i\u1ec7n \u00e1p ra: 0~230VAC \u25ba\u00a0Ch\u1ebf \u0111\u1ed9 \u0111i\u1ec1u khi\u1ec3n: V\u1ecb tr\u00ed (Ph\u00e1t xung), T\u1ed1c \u0111\u1ed9, Momen \u25ba\u00a0\u1ee8ng d\u1ee5ng: M\u00e1y c\u00f4ng c\u1ee5, M\u00e1y c\u1eaft&hellip; <\/p>\n","protected":false},"featured_media":2640,"comment_status":"open","ping_status":"closed","template":"","meta":[],"product_cat":[423],"product_tag":[343,202,201],"class_list":{"0":"post-2639","1":"product","2":"type-product","3":"status-publish","4":"has-post-thumbnail","6":"product_cat-yaskawa","7":"product_tag-bo-cai-dat-toc-do","8":"product_tag-dai-ly-yaskawa-viet-nam","9":"product_tag-yaskawa-viet-nam","11":"first","12":"instock","13":"shipping-taxable","14":"product-type-simple"},"yoast_head":"<!-- This site is optimized with the Yoast SEO plugin v22.8 - https:\/\/yoast.com\/wordpress\/plugins\/seo\/ -->\n<title>YASKAWA SGDM-20ADA - OMANI VI\u1ec6T NAM<\/title>\n<meta name=\"robots\" content=\"index, follow, max-snippet:-1, max-image-preview:large, max-video-preview:-1\" \/>\n<link rel=\"canonical\" href=\"https:\/\/omanivietnam.com\/index.php\/san-pham\/yaskawa-sgdm-20ada\/\" \/>\n<meta property=\"og:locale\" content=\"vi_VN\" \/>\n<meta property=\"og:type\" content=\"article\" \/>\n<meta property=\"og:title\" content=\"YASKAWA SGDM-20ADA - OMANI VI\u1ec6T NAM\" \/>\n<meta property=\"og:description\" content=\"YASKAWA SGDM-20ADA Driver servo Yaskawa SGDM-20ADA \u25ba\u00a0Model: SGDM-20ADA \u25ba\u00a0H\u00e3ng s\u1ea3n xu\u1ea5t: Yaskawa \u25ba\u00a0Xu\u1ea5t x\u1ee9: Nh\u1eadt B\u1ea3n \u25ba\u00a0Seri: Sigma II series \u25ba\u00a0C\u00f4ng su\u1ea5t: 2kW \u25ba\u00a0\u0110i\u1ec7n \u00e1p v\u00e0o: 1\/3PH 220VAC, \u0111i\u1ec7n \u00e1p ra: 0~230VAC \u25ba\u00a0Ch\u1ebf \u0111\u1ed9 \u0111i\u1ec1u khi\u1ec3n: V\u1ecb tr\u00ed (Ph\u00e1t xung), T\u1ed1c \u0111\u1ed9, Momen \u25ba\u00a0\u1ee8ng d\u1ee5ng: M\u00e1y c\u00f4ng c\u1ee5, M\u00e1y c\u1eaft&hellip;\" \/>\n<meta property=\"og:url\" content=\"https:\/\/omanivietnam.com\/index.php\/san-pham\/yaskawa-sgdm-20ada\/\" \/>\n<meta property=\"og:site_name\" content=\"OMANI VI\u1ec6T NAM\" \/>\n<meta property=\"article:modified_time\" content=\"2024-11-09T08:29:53+00:00\" \/>\n<meta property=\"og:image\" content=\"https:\/\/omanivietnam.com\/wp-content\/uploads\/2024\/11\/SGDM-20ADA.png\" \/>\n\t<meta property=\"og:image:width\" content=\"673\" \/>\n\t<meta property=\"og:image:height\" content=\"505\" \/>\n\t<meta property=\"og:image:type\" content=\"image\/png\" \/>\n<meta name=\"twitter:card\" content=\"summary_large_image\" \/>\n<meta name=\"twitter:label1\" content=\"\u01af\u1edbc t\u00ednh th\u1eddi gian \u0111\u1ecdc\" \/>\n\t<meta name=\"twitter:data1\" content=\"3 ph\u00fat\" \/>\n<script type=\"application\/ld+json\" class=\"yoast-schema-graph\">{\"@context\":\"https:\/\/schema.org\",\"@graph\":[{\"@type\":\"WebPage\",\"@id\":\"https:\/\/omanivietnam.com\/index.php\/san-pham\/yaskawa-sgdm-20ada\/\",\"url\":\"https:\/\/omanivietnam.com\/index.php\/san-pham\/yaskawa-sgdm-20ada\/\",\"name\":\"YASKAWA SGDM-20ADA - OMANI VI\u1ec6T NAM\",\"isPartOf\":{\"@id\":\"https:\/\/omanivietnam.com\/#website\"},\"primaryImageOfPage\":{\"@id\":\"https:\/\/omanivietnam.com\/index.php\/san-pham\/yaskawa-sgdm-20ada\/#primaryimage\"},\"image\":{\"@id\":\"https:\/\/omanivietnam.com\/index.php\/san-pham\/yaskawa-sgdm-20ada\/#primaryimage\"},\"thumbnailUrl\":\"https:\/\/omanivietnam.com\/wp-content\/uploads\/2024\/11\/SGDM-20ADA.png\",\"datePublished\":\"2024-11-09T08:29:08+00:00\",\"dateModified\":\"2024-11-09T08:29:53+00:00\",\"breadcrumb\":{\"@id\":\"https:\/\/omanivietnam.com\/index.php\/san-pham\/yaskawa-sgdm-20ada\/#breadcrumb\"},\"inLanguage\":\"vi\",\"potentialAction\":[{\"@type\":\"ReadAction\",\"target\":[\"https:\/\/omanivietnam.com\/index.php\/san-pham\/yaskawa-sgdm-20ada\/\"]}]},{\"@type\":\"ImageObject\",\"inLanguage\":\"vi\",\"@id\":\"https:\/\/omanivietnam.com\/index.php\/san-pham\/yaskawa-sgdm-20ada\/#primaryimage\",\"url\":\"https:\/\/omanivietnam.com\/wp-content\/uploads\/2024\/11\/SGDM-20ADA.png\",\"contentUrl\":\"https:\/\/omanivietnam.com\/wp-content\/uploads\/2024\/11\/SGDM-20ADA.png\",\"width\":673,\"height\":505},{\"@type\":\"BreadcrumbList\",\"@id\":\"https:\/\/omanivietnam.com\/index.php\/san-pham\/yaskawa-sgdm-20ada\/#breadcrumb\",\"itemListElement\":[{\"@type\":\"ListItem\",\"position\":1,\"name\":\"Home\",\"item\":\"https:\/\/omanivietnam.com\/\"},{\"@type\":\"ListItem\",\"position\":2,\"name\":\"S\u1ea2N PH\u1ea8M\",\"item\":\"https:\/\/omanivietnam.com\/index.php\/cua-hang\/\"},{\"@type\":\"ListItem\",\"position\":3,\"name\":\"YASKAWA SGDM-20ADA\"}]},{\"@type\":\"WebSite\",\"@id\":\"https:\/\/omanivietnam.com\/#website\",\"url\":\"https:\/\/omanivietnam.com\/\",\"name\":\"OMANI VI\u1ec6T NAM\",\"description\":\"Nh\u00e0 ph\u00e2n ph\u1ed1i thi\u1ebft b\u1ecb kh\u00ed n\u00e9n v\u00e0 thi\u1ebft b\u1ecb t\u1ef1 \u0111\u1ed9ng h\u00f3a trong c\u00f4ng nghi\u1ec7p\",\"publisher\":{\"@id\":\"https:\/\/omanivietnam.com\/#\/schema\/person\/0ad398a980dc3fd696111c2c5c8fa897\"},\"potentialAction\":[{\"@type\":\"SearchAction\",\"target\":{\"@type\":\"EntryPoint\",\"urlTemplate\":\"https:\/\/omanivietnam.com\/?s={search_term_string}\"},\"query-input\":\"required name=search_term_string\"}],\"inLanguage\":\"vi\"},{\"@type\":[\"Person\",\"Organization\"],\"@id\":\"https:\/\/omanivietnam.com\/#\/schema\/person\/0ad398a980dc3fd696111c2c5c8fa897\",\"name\":\"Nguy\u1ec5n V\u0103n Kh\u00e1nh\",\"image\":{\"@type\":\"ImageObject\",\"inLanguage\":\"vi\",\"@id\":\"https:\/\/omanivietnam.com\/#\/schema\/person\/image\/\",\"url\":\"https:\/\/omanivietnam.com\/wp-content\/uploads\/2024\/06\/logo-1024x1024.png\",\"contentUrl\":\"https:\/\/omanivietnam.com\/wp-content\/uploads\/2024\/06\/logo-1024x1024.png\",\"width\":1024,\"height\":1024,\"caption\":\"Nguy\u1ec5n V\u0103n Kh\u00e1nh\"},\"logo\":{\"@id\":\"https:\/\/omanivietnam.com\/#\/schema\/person\/image\/\"},\"sameAs\":[\"https:\/\/omanivietnam.com\"]}]}<\/script>\n<!-- \/ Yoast SEO plugin. -->","yoast_head_json":{"title":"YASKAWA SGDM-20ADA - OMANI VI\u1ec6T NAM","robots":{"index":"index","follow":"follow","max-snippet":"max-snippet:-1","max-image-preview":"max-image-preview:large","max-video-preview":"max-video-preview:-1"},"canonical":"https:\/\/omanivietnam.com\/index.php\/san-pham\/yaskawa-sgdm-20ada\/","og_locale":"vi_VN","og_type":"article","og_title":"YASKAWA SGDM-20ADA - OMANI VI\u1ec6T NAM","og_description":"YASKAWA SGDM-20ADA Driver servo Yaskawa SGDM-20ADA \u25ba\u00a0Model: SGDM-20ADA \u25ba\u00a0H\u00e3ng s\u1ea3n xu\u1ea5t: Yaskawa \u25ba\u00a0Xu\u1ea5t x\u1ee9: Nh\u1eadt B\u1ea3n \u25ba\u00a0Seri: Sigma II series \u25ba\u00a0C\u00f4ng su\u1ea5t: 2kW \u25ba\u00a0\u0110i\u1ec7n \u00e1p v\u00e0o: 1\/3PH 220VAC, \u0111i\u1ec7n \u00e1p ra: 0~230VAC \u25ba\u00a0Ch\u1ebf \u0111\u1ed9 \u0111i\u1ec1u khi\u1ec3n: V\u1ecb tr\u00ed (Ph\u00e1t xung), T\u1ed1c \u0111\u1ed9, Momen \u25ba\u00a0\u1ee8ng d\u1ee5ng: M\u00e1y c\u00f4ng c\u1ee5, M\u00e1y c\u1eaft&hellip;","og_url":"https:\/\/omanivietnam.com\/index.php\/san-pham\/yaskawa-sgdm-20ada\/","og_site_name":"OMANI VI\u1ec6T NAM","article_modified_time":"2024-11-09T08:29:53+00:00","og_image":[{"width":673,"height":505,"url":"https:\/\/omanivietnam.com\/wp-content\/uploads\/2024\/11\/SGDM-20ADA.png","type":"image\/png"}],"twitter_card":"summary_large_image","twitter_misc":{"\u01af\u1edbc t\u00ednh th\u1eddi gian \u0111\u1ecdc":"3 ph\u00fat"},"schema":{"@context":"https:\/\/schema.org","@graph":[{"@type":"WebPage","@id":"https:\/\/omanivietnam.com\/index.php\/san-pham\/yaskawa-sgdm-20ada\/","url":"https:\/\/omanivietnam.com\/index.php\/san-pham\/yaskawa-sgdm-20ada\/","name":"YASKAWA SGDM-20ADA - OMANI VI\u1ec6T NAM","isPartOf":{"@id":"https:\/\/omanivietnam.com\/#website"},"primaryImageOfPage":{"@id":"https:\/\/omanivietnam.com\/index.php\/san-pham\/yaskawa-sgdm-20ada\/#primaryimage"},"image":{"@id":"https:\/\/omanivietnam.com\/index.php\/san-pham\/yaskawa-sgdm-20ada\/#primaryimage"},"thumbnailUrl":"https:\/\/omanivietnam.com\/wp-content\/uploads\/2024\/11\/SGDM-20ADA.png","datePublished":"2024-11-09T08:29:08+00:00","dateModified":"2024-11-09T08:29:53+00:00","breadcrumb":{"@id":"https:\/\/omanivietnam.com\/index.php\/san-pham\/yaskawa-sgdm-20ada\/#breadcrumb"},"inLanguage":"vi","potentialAction":[{"@type":"ReadAction","target":["https:\/\/omanivietnam.com\/index.php\/san-pham\/yaskawa-sgdm-20ada\/"]}]},{"@type":"ImageObject","inLanguage":"vi","@id":"https:\/\/omanivietnam.com\/index.php\/san-pham\/yaskawa-sgdm-20ada\/#primaryimage","url":"https:\/\/omanivietnam.com\/wp-content\/uploads\/2024\/11\/SGDM-20ADA.png","contentUrl":"https:\/\/omanivietnam.com\/wp-content\/uploads\/2024\/11\/SGDM-20ADA.png","width":673,"height":505},{"@type":"BreadcrumbList","@id":"https:\/\/omanivietnam.com\/index.php\/san-pham\/yaskawa-sgdm-20ada\/#breadcrumb","itemListElement":[{"@type":"ListItem","position":1,"name":"Home","item":"https:\/\/omanivietnam.com\/"},{"@type":"ListItem","position":2,"name":"S\u1ea2N PH\u1ea8M","item":"https:\/\/omanivietnam.com\/index.php\/cua-hang\/"},{"@type":"ListItem","position":3,"name":"YASKAWA SGDM-20ADA"}]},{"@type":"WebSite","@id":"https:\/\/omanivietnam.com\/#website","url":"https:\/\/omanivietnam.com\/","name":"OMANI VI\u1ec6T NAM","description":"Nh\u00e0 ph\u00e2n ph\u1ed1i thi\u1ebft b\u1ecb kh\u00ed n\u00e9n v\u00e0 thi\u1ebft b\u1ecb t\u1ef1 \u0111\u1ed9ng h\u00f3a trong c\u00f4ng nghi\u1ec7p","publisher":{"@id":"https:\/\/omanivietnam.com\/#\/schema\/person\/0ad398a980dc3fd696111c2c5c8fa897"},"potentialAction":[{"@type":"SearchAction","target":{"@type":"EntryPoint","urlTemplate":"https:\/\/omanivietnam.com\/?s={search_term_string}"},"query-input":"required name=search_term_string"}],"inLanguage":"vi"},{"@type":["Person","Organization"],"@id":"https:\/\/omanivietnam.com\/#\/schema\/person\/0ad398a980dc3fd696111c2c5c8fa897","name":"Nguy\u1ec5n V\u0103n Kh\u00e1nh","image":{"@type":"ImageObject","inLanguage":"vi","@id":"https:\/\/omanivietnam.com\/#\/schema\/person\/image\/","url":"https:\/\/omanivietnam.com\/wp-content\/uploads\/2024\/06\/logo-1024x1024.png","contentUrl":"https:\/\/omanivietnam.com\/wp-content\/uploads\/2024\/06\/logo-1024x1024.png","width":1024,"height":1024,"caption":"Nguy\u1ec5n V\u0103n Kh\u00e1nh"},"logo":{"@id":"https:\/\/omanivietnam.com\/#\/schema\/person\/image\/"},"sameAs":["https:\/\/omanivietnam.com"]}]}},"_links":{"self":[{"href":"https:\/\/omanivietnam.com\/index.php\/wp-json\/wp\/v2\/product\/2639","targetHints":{"allow":["GET"]}}],"collection":[{"href":"https:\/\/omanivietnam.com\/index.php\/wp-json\/wp\/v2\/product"}],"about":[{"href":"https:\/\/omanivietnam.com\/index.php\/wp-json\/wp\/v2\/types\/product"}],"replies":[{"embeddable":true,"href":"https:\/\/omanivietnam.com\/index.php\/wp-json\/wp\/v2\/comments?post=2639"}],"wp:featuredmedia":[{"embeddable":true,"href":"https:\/\/omanivietnam.com\/index.php\/wp-json\/wp\/v2\/media\/2640"}],"wp:attachment":[{"href":"https:\/\/omanivietnam.com\/index.php\/wp-json\/wp\/v2\/media?parent=2639"}],"wp:term":[{"taxonomy":"product_cat","embeddable":true,"href":"https:\/\/omanivietnam.com\/index.php\/wp-json\/wp\/v2\/product_cat?post=2639"},{"taxonomy":"product_tag","embeddable":true,"href":"https:\/\/omanivietnam.com\/index.php\/wp-json\/wp\/v2\/product_tag?post=2639"}],"curies":[{"name":"wp","href":"https:\/\/api.w.org\/{rel}","templated":true}]}}