{"id":2641,"date":"2024-11-09T15:39:51","date_gmt":"2024-11-09T08:39:51","guid":{"rendered":"https:\/\/omanivietnam.com\/?post_type=product&#038;p=2641"},"modified":"2024-11-09T15:41:17","modified_gmt":"2024-11-09T08:41:17","slug":"yaskawa-cimr-vc4a0004baa","status":"publish","type":"product","link":"https:\/\/omanivietnam.com\/index.php\/san-pham\/yaskawa-cimr-vc4a0004baa\/","title":{"rendered":"YASKAWA CIMR-VC4A0004BAA"},"content":{"rendered":"<p>YASKAWA CIMR-VC4A0004BAA<\/p>\n<h2 id=\"overview\" data-content-navigation-headline=\"\">Overview<\/h2>\n<p>The Yaskawa V1000 is a general-purpose AC drive covering the demands of a wide field of applications including Open-Loop-Vector functionality and the use of PM motors without feedback.<\/p>\n<ul>\n<li>High flux braking for 50% reduction of braking time<\/li>\n<li>Online Auto-Tuning to optimize for improved motor performance at low speed<\/li>\n<li>Open Loop Vector Control for PM motor operation<\/li>\n<li>Safe Disable Inputs for Safe Torque OFF<\/li>\n<\/ul>\n<p class=\"amp-wp-inline-5c74eb9937ebf82137772eb5491546cb\"><span class=\"amp-wp-inline-74284b32b3a0e22e26925c99de6de243\"><span class=\"amp-wp-inline-e2af202469e37a65289e6f8b44879e05\">The Yaskawa V1000 is a general-purpose AC drive covering the demands of a wide field of applications including Open-Loop-Vector functionality and the use of PM motors without feedback.<\/span><\/span><\/p>\n<ul class=\"amp-wp-inline-4711441546193e1b70080ed00b890d78\">\n<li class=\"amp-wp-inline-4b893d54e40d26020fd91ee25435f74d\"><span class=\"amp-wp-inline-74284b32b3a0e22e26925c99de6de243\"><span class=\"amp-wp-inline-e2af202469e37a65289e6f8b44879e05\">High flux braking for 50% reduction of braking time<\/span><\/span><\/li>\n<li class=\"amp-wp-inline-4b893d54e40d26020fd91ee25435f74d\"><span class=\"amp-wp-inline-74284b32b3a0e22e26925c99de6de243\"><span class=\"amp-wp-inline-e2af202469e37a65289e6f8b44879e05\">Online Auto-Tuning to optimize for improved motor performance at low speed<\/span><\/span><\/li>\n<li class=\"amp-wp-inline-4b893d54e40d26020fd91ee25435f74d\"><span class=\"amp-wp-inline-74284b32b3a0e22e26925c99de6de243\"><span class=\"amp-wp-inline-e2af202469e37a65289e6f8b44879e05\">Open Loop Vector Control for PM motor operation<\/span><\/span><\/li>\n<li class=\"amp-wp-inline-4b893d54e40d26020fd91ee25435f74d\"><span class=\"amp-wp-inline-74284b32b3a0e22e26925c99de6de243\"><span class=\"amp-wp-inline-e2af202469e37a65289e6f8b44879e05\">Safe Disable Inputs for Safe Torque OFF<\/span><\/span><\/li>\n<\/ul>\n<h4 class=\"amp-wp-inline-7e55402917ae903b946d3cf3dcecb55d\"><span class=\"amp-wp-inline-74284b32b3a0e22e26925c99de6de243\"><strong><span class=\"amp-wp-inline-e2af202469e37a65289e6f8b44879e05\">Product Description:<\/span><\/strong><\/span><\/h4>\n<p class=\"amp-wp-inline-e4c95e11346829e3fcf9a13ac58b37b5\"><span class=\"amp-wp-inline-74284b32b3a0e22e26925c99de6de243\"><span class=\"amp-wp-inline-e2af202469e37a65289e6f8b44879e05\">The CIMR-VC4A0004BAA is a DRIVE 1.5KW VARIABLE FREQUENCY that is manufactured by Yaskawa. These products are manufactured in Japan and are designed for Advanced manufacturing, milling, and factory automation usage.<\/span><\/span><\/p>\n<p><span class=\"amp-wp-inline-306c8e64f3645687dfebf71efb2665c8\">For energy saving, permanent magnet motor control is possible<\/span><br class=\"amp-wp-inline-fe312a4a3e65a8c6a55532d6c2311932\" \/><span class=\"amp-wp-inline-306c8e64f3645687dfebf71efb2665c8\">Selectable control method: open-loop current vector or V\/f<\/span><br class=\"amp-wp-inline-fe312a4a3e65a8c6a55532d6c2311932\" \/><span class=\"amp-wp-inline-306c8e64f3645687dfebf71efb2665c8\">Small Design \u2013 Big Power: 150% overload in heavy duty service is possible. For applications with low overload requirements the drive can be operated with 120% overload in normal duty service. Consequently you can use a drive of smaller size to do the work of a bigger one.<\/span><\/p>\n<h2 id=\"technicalDetails\" data-content-navigation-headline=\"\">Technical Details<\/h2>\n<div class=\"row table\">\n<ul class=\"col-12 col-md-3 mb-3\">\n<li>Input power supply<\/li>\n<li>400 V<\/li>\n<\/ul>\n<ul class=\"col-12 col-md-3 mb-3\">\n<li>Rated output current (HD)<\/li>\n<li>3.4 A<\/li>\n<\/ul>\n<ul class=\"col-12 col-md-3 mb-3\">\n<li>Rated output current (ND)<\/li>\n<li>4.1 A<\/li>\n<\/ul>\n<ul class=\"col-12 col-md-3 mb-3\">\n<li>Overload Tolerance (ND)<\/li>\n<li>120 % for 60 s<\/li>\n<\/ul>\n<ul class=\"col-12 col-md-3 mb-3\">\n<li>Overload Tolerance (HD)<\/li>\n<li>150 % for 60 s<\/li>\n<\/ul>\n<ul class=\"col-12 col-md-3 mb-3\">\n<li>Max. applicable motor power (HD)<\/li>\n<li>1.1 kW<\/li>\n<\/ul>\n<ul class=\"col-12 col-md-3 mb-3\">\n<li>Max. applicable motor power (ND)<\/li>\n<li>1.5 kW<\/li>\n<\/ul>\n<ul class=\"col-12 col-md-3 mb-3\">\n<li>Input power phases<\/li>\n<li>3-phase<\/li>\n<\/ul>\n<ul class=\"col-12 col-md-3 mb-3\">\n<li>Motor type<\/li>\n<li>Permanent magnet motor, Induction motor<\/li>\n<\/ul>\n<ul class=\"col-12 col-md-3 mb-3\">\n<li>Standards compliance<\/li>\n<li>cUL, CE, RoHS, UL, UKCA<\/li>\n<\/ul>\n<ul class=\"col-12 col-md-3 mb-3\">\n<li>Ambient Temperature (Min)<\/li>\n<li>-10 \u00b0C<\/li>\n<\/ul>\n<ul class=\"col-12 col-md-3 mb-3\">\n<li>Ambient Temperature (Max)<\/li>\n<li>50 \u00b0C<\/li>\n<\/ul>\n<ul class=\"col-12 col-md-3 mb-3\">\n<li>Max. Humidity (non-condensing)<\/li>\n<li>95 %<\/li>\n<\/ul>\n<ul class=\"col-12 col-md-3 mb-3\">\n<li>Max. Altitude (without Derating)<\/li>\n<li>1000 m<\/li>\n<\/ul>\n<ul class=\"col-12 col-md-3 mb-3\">\n<li>Max. Altitude (with Derating)<\/li>\n<li>3000 m<\/li>\n<\/ul>\n<ul class=\"col-12 col-md-3 mb-3\">\n<li>Height<\/li>\n<li>128 mm<\/li>\n<\/ul>\n<ul class=\"col-12 col-md-3 mb-3\">\n<li>Width<\/li>\n<li>108 mm<\/li>\n<\/ul>\n<ul class=\"col-12 col-md-3 mb-3\">\n<li>Depth<\/li>\n<li>137.5 mm<\/li>\n<\/ul>\n<ul class=\"col-12 col-md-3 mb-3\">\n<li>Weight<\/li>\n<li>1.7 kg<\/li>\n<\/ul>\n<ul class=\"col-12 col-md-3 mb-3\">\n<li>Cooling method<\/li>\n<li>Coldplate, Air cooling<\/li>\n<\/ul>\n<ul class=\"col-12 col-md-3 mb-3\">\n<li>Enclosure<\/li>\n<li>IP20\/UL Open Type<\/li>\n<\/ul>\n<ul class=\"col-12 col-md-3 mb-3\">\n<li>Environmental Specifications<\/li>\n<li>Standard<\/li>\n<\/ul>\n<ul class=\"col-12 col-md-3 mb-3\">\n<li>Analog Input<\/li>\n<li>2<\/li>\n<\/ul>\n<ul class=\"col-12 col-md-3 mb-3\">\n<li>Analog Output<\/li>\n<li>1<\/li>\n<\/ul>\n<ul class=\"col-12 col-md-3 mb-3\">\n<li>Digital Input<\/li>\n<li>6<\/li>\n<\/ul>\n<ul class=\"col-12 col-md-3 mb-3\">\n<li>Digital Output<\/li>\n<li>3<\/li>\n<\/ul>\n<ul class=\"col-12 col-md-3 mb-3\">\n<li>Safety Level<\/li>\n<li>SIL2<\/li>\n<\/ul>\n<ul class=\"col-12 col-md-3 mb-3\">\n<li>Performance Level<\/li>\n<li>PL d<\/li>\n<\/ul>\n<ul class=\"col-12 col-md-3 mb-3\">\n<li>Torque Control<\/li>\n<li>Not available<\/li>\n<\/ul>\n<ul class=\"col-12 col-md-3 mb-3\">\n<li>Braking transistor<\/li>\n<li>External<\/li>\n<\/ul>\n<ul class=\"col-12 col-md-3 mb-3\">\n<li>Motor Thermal Protection<\/li>\n<li>Standard<\/li>\n<\/ul>\n<ul class=\"col-12 col-md-3 mb-3\">\n<li>Max Output Frequency<\/li>\n<li>400 Hz<\/li>\n<\/ul>\n<p>C\u00e1c m\u00e3 h\u00e0ng t\u01b0\u01a1ng t\u1ef1:<\/p>\n<ul>\n<li>B\u1ed9 Sigma II 100W :\u00a0\u00a0SGDM-01ADA<\/li>\n<li>B\u1ed9 Sigma II 200W : SGDM-02ADA<\/li>\n<li>B\u1ed9 Sigma II 400W : SGDM-04ADA<\/li>\n<li>B\u1ed9 Sigma II 750W : SGDM-08ADA<\/li>\n<li>B\u1ed9 Sigma II 1KW : SGDM-10ADA<\/li>\n<li>B\u1ed9 Sigma II 1.5KW : SGDM-15ADA<\/li>\n<li>B\u1ed9 Sigma II 5.0KW : SGDM-50ADA<\/li>\n<li>SGMAH-01AAA41 + SGDM-01ADA<\/li>\n<li>SGMAH-02AAA41 + SGDM-02ADA<\/li>\n<li>SGMAH-04AAA4C + SGDM-04ADA<\/li>\n<li>SGMAH-08AAA41 + SGDM-08 ADA<\/li>\n<li>SGMAH-08AAA4C + SGDM-08ADA<\/li>\n<li>SGMGH-09ACA61\u00a0 + SGDM-10ADA<\/li>\n<li>SGMGH-09ACA6C + SG DM-10ADA<\/li>\n<li>SGMGH-13ACA61 + SGDM-15ADA<\/li>\n<li>SGMGH-13ACA6C + SGDM-15ADA<\/li>\n<li>SGMGH-20ACA6 1 + SGDM-20ADA<\/li>\n<li>SGMGH-20ACA6C + SGDM-20ADA<\/li>\n<li>SGMGH-30ACA61 + SGDM-30ADA<\/li>\n<li>SGMGH-3 0ACA6C + SGDM-30ADA<\/li>\n<li>SGMGH-44ACA61 + SGDM-50ADA<\/li>\n<li>SGMGH-44ACA6C + SGDM-50ADA<\/li>\n<li>SG MGH-55ACA61 + SGDM-60ADA<\/li>\n<li>SGMGH-55ACA6C + SGDM-60ADA<\/li>\n<li>SGMGH-75ACA61 + SGDM-75AD A<\/li>\n<li>SGMGH-75ACA6C + SGDM-75ADA<\/li>\n<li>SGMGH-1AACA61 + SGDM-1AADA<\/li>\n<li>SGMGH-1AACA6C + SGDM -1AADA<\/li>\n<li>SGMGH-1EACA61 + SGDM-1EAD<\/li>\n<\/ul>\n<div><strong>SGMGV type motor<\/strong><\/div>\n<div>SGMGV-30ADC61<\/div>\n<div>SGMGV-20ADC61<\/div>\n<div>SGMGV-13ADC61<\/div>\n<div>SGMGV-09ADC61<\/div>\n<div>SGMGV-05ADC61<\/div>\n<div>SGMGV-44ADC61<\/div>\n<div>SGMGV-55ADC61<\/div>\n<div>SGMGV-75ADC61<\/div>\n<div>SGMGV-1AADC61<\/div>\n<div>SGMGV-1EADC61<\/div>\n<div><\/div>\n<div><strong>\u00a0SGMPS type motor<\/strong><\/div>\n<div>SGMPS-08ACE2SE<\/div>\n<div>SGMPS-04ACE2SE<\/div>\n<div>SGMPS-02ACE2SE<\/div>\n<div>SGMPS-01ACE2SE<\/div>\n<div>SGMPS-15ACE2EE<\/div>\n<div>SGMPS-15ACE2SE<\/div>\n<div>SGMPS-01ACE61E<\/div>\n<div>SGMPS-02ACE61E<\/div>\n<div>SGMPS-04ACE61E<\/div>\n<div>SGMPS-08ACE61E<\/div>\n<div><\/div>\n<div><\/div>\n<div><strong>SGMAV type motor<\/strong><\/div>\n<div>SGMAV-01ADAB1<\/div>\n<div>SGMAV-A5ADAB1<\/div>\n<div>SGMAV-10ADA6S<\/div>\n<div>SGMAV-08ADA6S<\/div>\n<div>SGMAV-06ADA6S<\/div>\n<div>SGMAV-C2ADAB1<\/div>\n<div>SGMAV-02ADAB1<\/div>\n<div>SGMAV-04ADAB1<\/div>\n<div>SGMAV-06ADAB1<\/div>\n<div>SGMAV-08ADAB1<\/div>\n<div><\/div>\n<div><strong>\u00a0SGMJV type motor<\/strong><\/div>\n<div>SGMJV-01ADABC<\/div>\n<div>SGMJV-A5ADABC<\/div>\n<div>SGMJV-08ADAB1<\/div>\n<div>SGMJV-06ADAB1<\/div>\n<div>SGMJV-04ADAB1<\/div>\n<div>SGMJV-C2ADABC<\/div>\n<div>SGMJV-02ADABC<\/div>\n<div>SGMJV-04ADABC<\/div>\n<div>SGMJV-06ADABC<\/div>\n<div>SGMJV-08ADABC<\/div>\n<div>\u00a0SGMAV type motor<\/div>\n<div><\/div>\n<div>V\u00e0 r\u1ea5t nhi\u1ec1u m\u00e3 \u0111\u1ed9ng c\u01a1 kh\u00e1c<\/div>\n<div><\/div>\n<div>\n<p>\u0110\u1ea1i l\u00fd YASKAWA vietnam, YASKAWA viet nam, YASKAWA vietnam distributor, Ph\u00e2n ph\u1ed1i YASKAWA t\u1ea1i vi\u1ec7t nam<\/p>\n<p>\u0110\u1ea1i l\u00fd YASKAWA vietnam, YASKAWA viet nam, YASKAWA vietnam distributor, Ph\u00e2n ph\u1ed1i YASKAWA t\u1ea1i vi\u1ec7t nam<\/p>\n<p>\u0110\u1ea1i l\u00fd YASKAWA vietnam, YASKAWA viet nam, YASKAWA vietnam distributor, Ph\u00e2n ph\u1ed1i YASKAWA t\u1ea1i vi\u1ec7t nam<\/p>\n<p>\u0110\u1ea1i l\u00fd YASKAWA vietnam, YASKAWA viet nam, YASKAWA vietnam distributor, Ph\u00e2n ph\u1ed1i YASKAWA t\u1ea1i vi\u1ec7t nam<\/p>\n<p>\u0110\u1ea1i l\u00fd YASKAWA vietnam, YASKAWA viet nam, YASKAWA vietnam distributor, Ph\u00e2n ph\u1ed1i YASKAWA t\u1ea1i vi\u1ec7t nam<\/p>\n<\/div>\n<\/div>\n","protected":false},"excerpt":{"rendered":"<p>YASKAWA CIMR-VC4A0004BAA Overview The Yaskawa V1000 is a general-purpose AC drive covering the demands of a wide field of applications including Open-Loop-Vector functionality and the use of PM motors without feedback. High flux braking for 50% reduction of braking time Online Auto-Tuning to optimize for improved motor performance at low&hellip; <\/p>\n","protected":false},"featured_media":2642,"comment_status":"open","ping_status":"closed","template":"","meta":[],"product_cat":[423],"product_tag":[306,202,201],"class_list":{"0":"post-2641","1":"product","2":"type-product","3":"status-publish","4":"has-post-thumbnail","6":"product_cat-yaskawa","7":"product_tag-bien-tan","8":"product_tag-dai-ly-yaskawa-viet-nam","9":"product_tag-yaskawa-viet-nam","11":"first","12":"instock","13":"shipping-taxable","14":"product-type-simple"},"yoast_head":"<!-- This site is optimized with the Yoast SEO plugin v22.8 - https:\/\/yoast.com\/wordpress\/plugins\/seo\/ -->\n<title>YASKAWA CIMR-VC4A0004BAA - OMANI VI\u1ec6T NAM<\/title>\n<meta name=\"robots\" content=\"index, follow, max-snippet:-1, max-image-preview:large, max-video-preview:-1\" \/>\n<link rel=\"canonical\" href=\"https:\/\/omanivietnam.com\/index.php\/san-pham\/yaskawa-cimr-vc4a0004baa\/\" \/>\n<meta property=\"og:locale\" content=\"vi_VN\" \/>\n<meta property=\"og:type\" content=\"article\" \/>\n<meta property=\"og:title\" content=\"YASKAWA CIMR-VC4A0004BAA - OMANI VI\u1ec6T NAM\" \/>\n<meta property=\"og:description\" content=\"YASKAWA CIMR-VC4A0004BAA Overview The Yaskawa V1000 is a general-purpose AC drive covering the demands of a wide field of applications including Open-Loop-Vector functionality and the use of PM motors without feedback. High flux braking for 50% reduction of braking time Online Auto-Tuning to optimize for improved motor performance at low&hellip;\" \/>\n<meta property=\"og:url\" content=\"https:\/\/omanivietnam.com\/index.php\/san-pham\/yaskawa-cimr-vc4a0004baa\/\" \/>\n<meta property=\"og:site_name\" content=\"OMANI VI\u1ec6T NAM\" \/>\n<meta property=\"article:modified_time\" content=\"2024-11-09T08:41:17+00:00\" \/>\n<meta property=\"og:image\" content=\"https:\/\/omanivietnam.com\/wp-content\/uploads\/2024\/11\/CIMR-VC4A0004BAA.png\" \/>\n\t<meta property=\"og:image:width\" content=\"621\" \/>\n\t<meta property=\"og:image:height\" content=\"481\" \/>\n\t<meta property=\"og:image:type\" content=\"image\/png\" \/>\n<meta name=\"twitter:card\" content=\"summary_large_image\" \/>\n<meta name=\"twitter:label1\" content=\"\u01af\u1edbc t\u00ednh th\u1eddi gian \u0111\u1ecdc\" \/>\n\t<meta name=\"twitter:data1\" content=\"4 ph\u00fat\" \/>\n<script type=\"application\/ld+json\" class=\"yoast-schema-graph\">{\"@context\":\"https:\/\/schema.org\",\"@graph\":[{\"@type\":\"WebPage\",\"@id\":\"https:\/\/omanivietnam.com\/index.php\/san-pham\/yaskawa-cimr-vc4a0004baa\/\",\"url\":\"https:\/\/omanivietnam.com\/index.php\/san-pham\/yaskawa-cimr-vc4a0004baa\/\",\"name\":\"YASKAWA CIMR-VC4A0004BAA - OMANI VI\u1ec6T NAM\",\"isPartOf\":{\"@id\":\"https:\/\/omanivietnam.com\/#website\"},\"primaryImageOfPage\":{\"@id\":\"https:\/\/omanivietnam.com\/index.php\/san-pham\/yaskawa-cimr-vc4a0004baa\/#primaryimage\"},\"image\":{\"@id\":\"https:\/\/omanivietnam.com\/index.php\/san-pham\/yaskawa-cimr-vc4a0004baa\/#primaryimage\"},\"thumbnailUrl\":\"https:\/\/omanivietnam.com\/wp-content\/uploads\/2024\/11\/CIMR-VC4A0004BAA.png\",\"datePublished\":\"2024-11-09T08:39:51+00:00\",\"dateModified\":\"2024-11-09T08:41:17+00:00\",\"breadcrumb\":{\"@id\":\"https:\/\/omanivietnam.com\/index.php\/san-pham\/yaskawa-cimr-vc4a0004baa\/#breadcrumb\"},\"inLanguage\":\"vi\",\"potentialAction\":[{\"@type\":\"ReadAction\",\"target\":[\"https:\/\/omanivietnam.com\/index.php\/san-pham\/yaskawa-cimr-vc4a0004baa\/\"]}]},{\"@type\":\"ImageObject\",\"inLanguage\":\"vi\",\"@id\":\"https:\/\/omanivietnam.com\/index.php\/san-pham\/yaskawa-cimr-vc4a0004baa\/#primaryimage\",\"url\":\"https:\/\/omanivietnam.com\/wp-content\/uploads\/2024\/11\/CIMR-VC4A0004BAA.png\",\"contentUrl\":\"https:\/\/omanivietnam.com\/wp-content\/uploads\/2024\/11\/CIMR-VC4A0004BAA.png\",\"width\":621,\"height\":481},{\"@type\":\"BreadcrumbList\",\"@id\":\"https:\/\/omanivietnam.com\/index.php\/san-pham\/yaskawa-cimr-vc4a0004baa\/#breadcrumb\",\"itemListElement\":[{\"@type\":\"ListItem\",\"position\":1,\"name\":\"Home\",\"item\":\"https:\/\/omanivietnam.com\/\"},{\"@type\":\"ListItem\",\"position\":2,\"name\":\"S\u1ea2N PH\u1ea8M\",\"item\":\"https:\/\/omanivietnam.com\/index.php\/cua-hang\/\"},{\"@type\":\"ListItem\",\"position\":3,\"name\":\"YASKAWA CIMR-VC4A0004BAA\"}]},{\"@type\":\"WebSite\",\"@id\":\"https:\/\/omanivietnam.com\/#website\",\"url\":\"https:\/\/omanivietnam.com\/\",\"name\":\"OMANI VI\u1ec6T NAM\",\"description\":\"Nh\u00e0 ph\u00e2n ph\u1ed1i thi\u1ebft b\u1ecb kh\u00ed n\u00e9n v\u00e0 thi\u1ebft b\u1ecb t\u1ef1 \u0111\u1ed9ng h\u00f3a trong c\u00f4ng nghi\u1ec7p\",\"publisher\":{\"@id\":\"https:\/\/omanivietnam.com\/#\/schema\/person\/0ad398a980dc3fd696111c2c5c8fa897\"},\"potentialAction\":[{\"@type\":\"SearchAction\",\"target\":{\"@type\":\"EntryPoint\",\"urlTemplate\":\"https:\/\/omanivietnam.com\/?s={search_term_string}\"},\"query-input\":\"required name=search_term_string\"}],\"inLanguage\":\"vi\"},{\"@type\":[\"Person\",\"Organization\"],\"@id\":\"https:\/\/omanivietnam.com\/#\/schema\/person\/0ad398a980dc3fd696111c2c5c8fa897\",\"name\":\"Nguy\u1ec5n V\u0103n Kh\u00e1nh\",\"image\":{\"@type\":\"ImageObject\",\"inLanguage\":\"vi\",\"@id\":\"https:\/\/omanivietnam.com\/#\/schema\/person\/image\/\",\"url\":\"https:\/\/omanivietnam.com\/wp-content\/uploads\/2024\/06\/logo-1024x1024.png\",\"contentUrl\":\"https:\/\/omanivietnam.com\/wp-content\/uploads\/2024\/06\/logo-1024x1024.png\",\"width\":1024,\"height\":1024,\"caption\":\"Nguy\u1ec5n V\u0103n Kh\u00e1nh\"},\"logo\":{\"@id\":\"https:\/\/omanivietnam.com\/#\/schema\/person\/image\/\"},\"sameAs\":[\"https:\/\/omanivietnam.com\"]}]}<\/script>\n<!-- \/ Yoast SEO plugin. -->","yoast_head_json":{"title":"YASKAWA CIMR-VC4A0004BAA - OMANI VI\u1ec6T NAM","robots":{"index":"index","follow":"follow","max-snippet":"max-snippet:-1","max-image-preview":"max-image-preview:large","max-video-preview":"max-video-preview:-1"},"canonical":"https:\/\/omanivietnam.com\/index.php\/san-pham\/yaskawa-cimr-vc4a0004baa\/","og_locale":"vi_VN","og_type":"article","og_title":"YASKAWA CIMR-VC4A0004BAA - OMANI VI\u1ec6T NAM","og_description":"YASKAWA CIMR-VC4A0004BAA Overview The Yaskawa V1000 is a general-purpose AC drive covering the demands of a wide field of applications including Open-Loop-Vector functionality and the use of PM motors without feedback. High flux braking for 50% reduction of braking time Online Auto-Tuning to optimize for improved motor performance at low&hellip;","og_url":"https:\/\/omanivietnam.com\/index.php\/san-pham\/yaskawa-cimr-vc4a0004baa\/","og_site_name":"OMANI VI\u1ec6T NAM","article_modified_time":"2024-11-09T08:41:17+00:00","og_image":[{"width":621,"height":481,"url":"https:\/\/omanivietnam.com\/wp-content\/uploads\/2024\/11\/CIMR-VC4A0004BAA.png","type":"image\/png"}],"twitter_card":"summary_large_image","twitter_misc":{"\u01af\u1edbc t\u00ednh th\u1eddi gian \u0111\u1ecdc":"4 ph\u00fat"},"schema":{"@context":"https:\/\/schema.org","@graph":[{"@type":"WebPage","@id":"https:\/\/omanivietnam.com\/index.php\/san-pham\/yaskawa-cimr-vc4a0004baa\/","url":"https:\/\/omanivietnam.com\/index.php\/san-pham\/yaskawa-cimr-vc4a0004baa\/","name":"YASKAWA CIMR-VC4A0004BAA - OMANI VI\u1ec6T NAM","isPartOf":{"@id":"https:\/\/omanivietnam.com\/#website"},"primaryImageOfPage":{"@id":"https:\/\/omanivietnam.com\/index.php\/san-pham\/yaskawa-cimr-vc4a0004baa\/#primaryimage"},"image":{"@id":"https:\/\/omanivietnam.com\/index.php\/san-pham\/yaskawa-cimr-vc4a0004baa\/#primaryimage"},"thumbnailUrl":"https:\/\/omanivietnam.com\/wp-content\/uploads\/2024\/11\/CIMR-VC4A0004BAA.png","datePublished":"2024-11-09T08:39:51+00:00","dateModified":"2024-11-09T08:41:17+00:00","breadcrumb":{"@id":"https:\/\/omanivietnam.com\/index.php\/san-pham\/yaskawa-cimr-vc4a0004baa\/#breadcrumb"},"inLanguage":"vi","potentialAction":[{"@type":"ReadAction","target":["https:\/\/omanivietnam.com\/index.php\/san-pham\/yaskawa-cimr-vc4a0004baa\/"]}]},{"@type":"ImageObject","inLanguage":"vi","@id":"https:\/\/omanivietnam.com\/index.php\/san-pham\/yaskawa-cimr-vc4a0004baa\/#primaryimage","url":"https:\/\/omanivietnam.com\/wp-content\/uploads\/2024\/11\/CIMR-VC4A0004BAA.png","contentUrl":"https:\/\/omanivietnam.com\/wp-content\/uploads\/2024\/11\/CIMR-VC4A0004BAA.png","width":621,"height":481},{"@type":"BreadcrumbList","@id":"https:\/\/omanivietnam.com\/index.php\/san-pham\/yaskawa-cimr-vc4a0004baa\/#breadcrumb","itemListElement":[{"@type":"ListItem","position":1,"name":"Home","item":"https:\/\/omanivietnam.com\/"},{"@type":"ListItem","position":2,"name":"S\u1ea2N PH\u1ea8M","item":"https:\/\/omanivietnam.com\/index.php\/cua-hang\/"},{"@type":"ListItem","position":3,"name":"YASKAWA CIMR-VC4A0004BAA"}]},{"@type":"WebSite","@id":"https:\/\/omanivietnam.com\/#website","url":"https:\/\/omanivietnam.com\/","name":"OMANI VI\u1ec6T NAM","description":"Nh\u00e0 ph\u00e2n ph\u1ed1i thi\u1ebft b\u1ecb kh\u00ed n\u00e9n v\u00e0 thi\u1ebft b\u1ecb t\u1ef1 \u0111\u1ed9ng h\u00f3a trong c\u00f4ng nghi\u1ec7p","publisher":{"@id":"https:\/\/omanivietnam.com\/#\/schema\/person\/0ad398a980dc3fd696111c2c5c8fa897"},"potentialAction":[{"@type":"SearchAction","target":{"@type":"EntryPoint","urlTemplate":"https:\/\/omanivietnam.com\/?s={search_term_string}"},"query-input":"required name=search_term_string"}],"inLanguage":"vi"},{"@type":["Person","Organization"],"@id":"https:\/\/omanivietnam.com\/#\/schema\/person\/0ad398a980dc3fd696111c2c5c8fa897","name":"Nguy\u1ec5n V\u0103n Kh\u00e1nh","image":{"@type":"ImageObject","inLanguage":"vi","@id":"https:\/\/omanivietnam.com\/#\/schema\/person\/image\/","url":"https:\/\/omanivietnam.com\/wp-content\/uploads\/2024\/06\/logo-1024x1024.png","contentUrl":"https:\/\/omanivietnam.com\/wp-content\/uploads\/2024\/06\/logo-1024x1024.png","width":1024,"height":1024,"caption":"Nguy\u1ec5n V\u0103n Kh\u00e1nh"},"logo":{"@id":"https:\/\/omanivietnam.com\/#\/schema\/person\/image\/"},"sameAs":["https:\/\/omanivietnam.com"]}]}},"_links":{"self":[{"href":"https:\/\/omanivietnam.com\/index.php\/wp-json\/wp\/v2\/product\/2641","targetHints":{"allow":["GET"]}}],"collection":[{"href":"https:\/\/omanivietnam.com\/index.php\/wp-json\/wp\/v2\/product"}],"about":[{"href":"https:\/\/omanivietnam.com\/index.php\/wp-json\/wp\/v2\/types\/product"}],"replies":[{"embeddable":true,"href":"https:\/\/omanivietnam.com\/index.php\/wp-json\/wp\/v2\/comments?post=2641"}],"wp:featuredmedia":[{"embeddable":true,"href":"https:\/\/omanivietnam.com\/index.php\/wp-json\/wp\/v2\/media\/2642"}],"wp:attachment":[{"href":"https:\/\/omanivietnam.com\/index.php\/wp-json\/wp\/v2\/media?parent=2641"}],"wp:term":[{"taxonomy":"product_cat","embeddable":true,"href":"https:\/\/omanivietnam.com\/index.php\/wp-json\/wp\/v2\/product_cat?post=2641"},{"taxonomy":"product_tag","embeddable":true,"href":"https:\/\/omanivietnam.com\/index.php\/wp-json\/wp\/v2\/product_tag?post=2641"}],"curies":[{"name":"wp","href":"https:\/\/api.w.org\/{rel}","templated":true}]}}