{"id":2726,"date":"2024-11-15T05:35:56","date_gmt":"2024-11-14T22:35:56","guid":{"rendered":"https:\/\/omanivietnam.com\/?post_type=product&#038;p=2726"},"modified":"2024-11-15T05:36:28","modified_gmt":"2024-11-14T22:36:28","slug":"sipin-w7-s6v030-10kf","status":"publish","type":"product","link":"https:\/\/omanivietnam.com\/index.php\/san-pham\/sipin-w7-s6v030-10kf\/","title":{"rendered":"SIPIN W7-S6V030-10KF"},"content":{"rendered":"<p>SIPIN W7-S6V030-10KF<\/p>\n<div><strong>Digital Thyristor Power Regulator W7 series <\/strong>W7-S6V SIPIN TECHNOLOGY CO., LTD<\/div>\n<div class=\"product-information-title\"><strong>TECHNICAL DATA<\/strong><\/div>\n<div><\/div>\n<div class=\"product-information-one\">\n<div class=\"cust-product-manufracture\">\n<div class=\"grid-product-manufracture\"><span class=\"product-manufracture\">Manufacturer:Sipin<\/span><\/div>\n<\/div>\n<div class=\"cust-rated-series\">\n<div class=\"grid-rated-series\"><span class=\"rated-series\">Series:W7-S6V<\/span><\/div>\n<\/div>\n<div class=\"cust-product-rated-current\">\n<div class=\"grid-product-rated-current\"><span class=\"product-rated-current\">Rated Current:30 A<\/span><\/div>\n<\/div>\n<div class=\"cust-control\">\n<div class=\"grid-control\"><span class=\"control\">Control:3-Wire 3-Phase Angle Control (without Neutral)<\/span><\/div>\n<\/div>\n<div class=\"cust-main-power-voltage\">\n<div class=\"grid-main-power-voltage\"><span class=\"main-power-voltage\">Main Power Voltage:460-690 Vac<\/span><\/div>\n<\/div>\n<div class=\"cust-product-auxiliary-power\">\n<div class=\"grid-product-auxiliary-power\"><span class=\"product-auxiliary-power\">Auxiliary Power:110 Vac<\/span><\/div>\n<\/div>\n<div class=\"cust-input-signal\">\n<div class=\"grid-input-signal\"><span class=\"input-signal\">Input Signal:4 \u2013 20 mA<\/span><\/div>\n<\/div>\n<div class=\"cust-rated-cooling-by\">\n<div class=\"grid-rated-cooling-by\"><span class=\"rated-cooling-by\">Cooling by:Fan Cooling<\/span><\/div>\n<\/div>\n<div class=\"cust-rated-weight\">\n<div class=\"grid-rated-weight\"><span class=\"rated-weight\">Weight\/Piece (gms):3500<\/span><\/div>\n<\/div>\n<div class=\"cust-rated-warranty\">\n<div class=\"grid-rated-warranty\"><span class=\"rated-warranty\">Warranty:1-Year<\/span><\/div>\n<div><\/div>\n<\/div>\n<\/div>\n<table border=\"0\" width=\"688\" cellspacing=\"0\" cellpadding=\"0\">\n<tbody>\n<tr>\n<td><strong><u>\u00a0POWER REGULATOR<\/u><\/strong><\/td>\n<\/tr>\n<tr>\n<td><strong><u>W7-S6V030-10KF<\/u><\/strong><\/td>\n<\/tr>\n<tr>\n<td>Control mode : 3\u03c6phase angle control<\/td>\n<\/tr>\n<tr>\n<td>Main source : 3\u03c6 460~490VAC<\/td>\n<\/tr>\n<tr>\n<td>Current rating :30A<\/td>\n<\/tr>\n<tr>\n<td>Aux. source : 1\u03c6220VAC<\/td>\n<\/tr>\n<tr>\n<td>Input signal : 4~20mA<\/td>\n<\/tr>\n<\/tbody>\n<\/table>\n<div><strong>Digital Thyristor Power Regulator W7 series <\/strong>W7-S6V SIPIN TECHNOLOGY CO., LTD<\/div>\n<div class=\"product-information-title\"><strong>TECHNICAL DATA<\/strong><\/div>\n<div><\/div>\n<div>\n<p><strong>Product Type:\u00a0 F<\/strong><\/p>\n<p>W7-S6V030-10KF<\/p>\n<p>W7-S6V045-10KF<\/p>\n<p>W7-S6V060-10KF<\/p>\n<p>W7-S6V080-10KF<\/p>\n<p>W7-S6V100-10KF<\/p>\n<p>W7-S6V125-10KF<\/p>\n<p>W7-S6V150-10KF<\/p>\n<p>W7-S4V180-10KF<\/p>\n<p>W7-S4V230-10KF<\/p>\n<p>W7-S6V300-10KF<\/p>\n<p>W7-S6V380-10KF<\/p>\n<p>W7-S6V450-10KF<\/p>\n<p>W7-S6V580-10KF<\/p>\n<p>W7-S6V720-10KF<\/p>\n<p>&nbsp;<\/p>\n<p>W7-S6V030-11KF<\/p>\n<p>W7-S6V045-11KF<\/p>\n<p>W7-S6V060-11KF<\/p>\n<p>W7-S6V080-11KF<\/p>\n<p>W7-S6V100-11KF<\/p>\n<p>W7-S6V125-11KF<\/p>\n<p>W7-S6V150-11KF<\/p>\n<p>W7-S6V180-11KF<\/p>\n<p>W7-S6V230-11KF<\/p>\n<p>W7-S6V300-11KF<\/p>\n<p>W7-S6V380-11KF<\/p>\n<p>W7-S6V450-11KF<\/p>\n<p>W7-S6V580-11KF<\/p>\n<p>W7-S6V720-11KF<\/p>\n<p>&nbsp;<\/p>\n<p>W7-S6V030-12KF<\/p>\n<p>W7-S6V045-12KF<\/p>\n<p>W7-S6V060-12KF<\/p>\n<p>W7-S6V080-12KF<\/p>\n<p>W7-S6V100-12KF<\/p>\n<p>W7-S6V125-12KF<\/p>\n<p>W7-S6V150-12KF<\/p>\n<p>W7-S6V180-12KF<\/p>\n<p>W7-S6V230-12KF<\/p>\n<p>W7-S6V300-12KF<\/p>\n<p>W7-S6V380-12KF<\/p>\n<p>W7-S6V450-12KF<\/p>\n<p>W7-S6V580-12KF<\/p>\n<p>W7-S6V720-12KF<\/p>\n<p>&nbsp;<\/p>\n<p>W7-S6V030-13KF<\/p>\n<p>W7-S6V045-13KF<\/p>\n<p>W7-S6V060-13KF<\/p>\n<p>W7-S6V080-13KF<\/p>\n<p>W7-S6V100-13KF<\/p>\n<p>W7-S6V125-13KF<\/p>\n<p>W7-S6V150-13KF<\/p>\n<p>W7-S6V180-13KF<\/p>\n<p>W7-S6V230-13KF<\/p>\n<p>W7-S6V300-13KF<\/p>\n<p>W7-S6V380-13KF<\/p>\n<p>W7-S6V450-13KF<\/p>\n<p>W7-S6V580-13KF<\/p>\n<p>W7-S6V720-13KF<\/p>\n<p>&nbsp;<\/p>\n<p>W7-S6V030-10NF<\/p>\n<p>W7-S6V045-10NF<\/p>\n<p>W7-S6V060-10NF<\/p>\n<p>W7-S6V080-10NF<\/p>\n<p>W7-S6V100-10NF<\/p>\n<p>W7-S6V125-10NF<\/p>\n<p>W7-S6V150-10NF<\/p>\n<p>W7-S6V180-10NF<\/p>\n<p>W7-S6V230-10NF<\/p>\n<p>W7-S6V300-10NF<\/p>\n<p>W7-S6V380-10NF<\/p>\n<p>W7-S6V450-10NF<\/p>\n<p>W7-S6V580-10NF<\/p>\n<p>W7-S6V720-10NF<\/p>\n<p>&nbsp;<\/p>\n<p>W7-S6V030-11NF<\/p>\n<p>W7-S6V045-11NF<\/p>\n<p>W7-S6V060-11NF<\/p>\n<p>W7-S6V080-11NF<\/p>\n<p>W7-S6V100-11NF<\/p>\n<p>W7-S6V125-11NF<\/p>\n<p>W7-S6V150-11NF<\/p>\n<p>W7-S6V180-11NF<\/p>\n<p>W7-S6V230-11NF<\/p>\n<p>W7-S6V300-11NF<\/p>\n<p>W7-S6V380-11NF<\/p>\n<p>W7-S6V450-11NF<\/p>\n<p>W7-S6V580-11NF<\/p>\n<p>W7-S6V720-11NF<\/p>\n<p>&nbsp;<\/p>\n<p>W7-S6V030-12NF<\/p>\n<p>W7-S6V045-12NF<\/p>\n<p>W7-S6V060-12NF<\/p>\n<p>W7-S6V080-12NF<\/p>\n<p>W7-S6V100-12NF<\/p>\n<p>W7-S6V125-12NF<\/p>\n<p>W7-S6V150-12NF<\/p>\n<p>W7-S6V180-12NF<\/p>\n<p>W7-S6V230-12NF<\/p>\n<p>W7-S6V300-12NF<\/p>\n<p>W7-S6V380-12NF<\/p>\n<p>W7-S6V450-12NF<\/p>\n<p>W7-S6V580-12NF<\/p>\n<p>W7-S6V720-12NF<\/p>\n<p>&nbsp;<\/p>\n<p>W7-S6V030-13NF<\/p>\n<p>W7-S6V045-13NF<\/p>\n<p>W7-S6V060-13NF<\/p>\n<p>W7-S6V080-13NF<\/p>\n<p>W7-S6V100-13NF<\/p>\n<p>W7-S6V125-13NF<\/p>\n<p>W7-S6V150-13NF<\/p>\n<p>W7-S6V180-13NF<\/p>\n<p>W7-S6V230-13NF<\/p>\n<p>W7-S6V300-13NF<\/p>\n<p>W7-S6V380-13NF<\/p>\n<p>W7-S6V450-13NF<\/p>\n<p>W7-S6V580-13NF<\/p>\n<p>W7-S6V720-13NF<\/p>\n<p>&nbsp;<\/p>\n<p>W7-S6V030-20KF<\/p>\n<p>W7-S6V045-20KF<\/p>\n<p>W7-S6V060-20KF<\/p>\n<p>W7-S6V080-20KF<\/p>\n<p>W7-S6V100-20KF<\/p>\n<p>W7-S6V125-20KF<\/p>\n<p>W7-S6V150-20KF<\/p>\n<p>W7-S6V180-20KF<\/p>\n<p>W7-S6V230-20KF<\/p>\n<p>W7-S6V300-20KF<\/p>\n<p>W7-S6V380-20KF<\/p>\n<p>W7-S6V450-20KF<\/p>\n<p>W7-S6V580-20KF<\/p>\n<p>W7-S6V720-20KF<\/p>\n<p>&nbsp;<\/p>\n<p>W7-S6V030-21KF<\/p>\n<p>W7-S6V045-21KF<\/p>\n<p>W7-S6V060-21KF<\/p>\n<p>W7-S6V080-21KF<\/p>\n<p>W7-S6V100-21KF<\/p>\n<p>W7-S6V125-21KF<\/p>\n<p>W7-S6V150-21KF<\/p>\n<p>W7-S6V180-21KF<\/p>\n<p>W7-S6V230-21KF<\/p>\n<p>W7-S6V300-21KF<\/p>\n<p>W7-S6V380-21KF<\/p>\n<p>W7-S6V450-21KF<\/p>\n<p>W7-S6V580-21KF<\/p>\n<p>W7-S6V720-21KF<\/p>\n<p>&nbsp;<\/p>\n<p>W7-S6V030-22KF<\/p>\n<p>W7-S6V045-22KF<\/p>\n<p>W7-S6V060-22KF<\/p>\n<p>W7-S6V080-22KF<\/p>\n<p>W7-S6V100-22KF<\/p>\n<p>W7-S6V125-22KF<\/p>\n<p>W7-S6V150-22KF<\/p>\n<p>W7-S6V180-22KF<\/p>\n<p>W7-S6V230-22KF<\/p>\n<p>W7-S6V300-22KF<\/p>\n<p>W7-S6V380-22KF<\/p>\n<p>W7-S6V450-22KF<\/p>\n<p>W7-S6V580-22KF<\/p>\n<p>W7-S6V720-22KF<\/p>\n<p>&nbsp;<\/p>\n<p>W7-S6V030-23KF<\/p>\n<p>W7-S6V045-23KF<\/p>\n<p>W7-S6V060-23KF<\/p>\n<p>W7-S6V080-23KF<\/p>\n<p>W7-S6V100-23KF<\/p>\n<p>W7-S6V125-23KF<\/p>\n<p>W7-S6V150-23KF<\/p>\n<p>W7-S6V180-23KF<\/p>\n<p>W7-S6V230-23KF<\/p>\n<p>W7-S6V300-23KF<\/p>\n<p>W7-S6V380-23KF<\/p>\n<p>W7-S6V450-23KF<\/p>\n<p>W7-S6V580-23KF<\/p>\n<p>W7-S6V720-23KF<\/p>\n<p>&nbsp;<\/p>\n<p>W7-S6V030-20NF<\/p>\n<p>W7-S6V045-20NF<\/p>\n<p>W7-S6V060-20NF<\/p>\n<p>W7-S6V080-20NF<\/p>\n<p>W7-S6V100-20NF<\/p>\n<p>W7-S6V125-20NF<\/p>\n<p>W7-S6V150-20NF<\/p>\n<p>W7-S6V180-20NP<\/p>\n<p>W7-S6V230-20NF<\/p>\n<p>W7-S6V300-20NF<\/p>\n<p>W7-S6V380-20NF<\/p>\n<p>W7-S6V450-20NF<\/p>\n<p>W7-S6V580-20NF<\/p>\n<p>W7-S6V720-20NF<\/p>\n<p>&nbsp;<\/p>\n<p>W7-S6V030-21NF<\/p>\n<p>W7-S6V045-21NF<\/p>\n<p>W7-S6V060-21NF<\/p>\n<p>W7-S6V080-21NF<\/p>\n<p>W7-S6V100-21NF<\/p>\n<p>W7-S6V125-21NF<\/p>\n<p>W7-S6V150-21NF<\/p>\n<p>W7-S6V180-21NF<\/p>\n<p>W7-S6V230-21NF<\/p>\n<p>W7-S6V300-21NF<\/p>\n<p>W7-S6V380-21NF<\/p>\n<p>W7-S6V450-21NF<\/p>\n<p>W7-S6V580-21NF<\/p>\n<p>W7-S6V720-21NF<\/p>\n<p>&nbsp;<\/p>\n<p>W7-S6V030-22NF<\/p>\n<p>W7-S6V045-22NF<\/p>\n<p>W7-S6V060-22NF<\/p>\n<p>W7-S6V080-22NF<\/p>\n<p>W7-S6V100-22NF<\/p>\n<p>W7-S6V125-22NF<\/p>\n<p>W7-S6V150-22NF<\/p>\n<p>W7-S6V180-22NF<\/p>\n<p>W7-S6V230-22NF<\/p>\n<p>W7-S6V300-22NF<\/p>\n<p>W7-S6V380-22NF<\/p>\n<p>W7-S6V450-22NF<\/p>\n<p>W7-S6V580-22NF<\/p>\n<p>W7-S6V720-22NF<\/p>\n<p>&nbsp;<\/p>\n<p>W7-S6V030-23NF<\/p>\n<p>W7-S6V045-23NF<\/p>\n<p>W7-S6V060-23NF<\/p>\n<p>W7-S6V080-23NF<\/p>\n<p>W7-S6V100-23NF<\/p>\n<p>W7-S6V125-23NF<\/p>\n<p>W7-S6V150-23NF<\/p>\n<p>W7-S6V180-23NF<\/p>\n<p>W7-S6V230-23NF<\/p>\n<p>W7-S6V300-23NF<\/p>\n<p>W7-S6V380-23NF<\/p>\n<p>W7-S6V450-23NF<\/p>\n<p>W7-S6V580-23NF<\/p>\n<p>W7-S6V720-23NF<\/p>\n<\/div>\n","protected":false},"excerpt":{"rendered":"<p>SIPIN W7-S6V030-10KF Digital Thyristor Power Regulator W7 series W7-S6V SIPIN TECHNOLOGY CO., LTD TECHNICAL DATA Manufacturer:Sipin Series:W7-S6V Rated Current:30 A Control:3-Wire 3-Phase Angle Control (without Neutral) Main Power Voltage:460-690 Vac Auxiliary Power:110 Vac Input Signal:4 \u2013 20 mA Cooling by:Fan Cooling Weight\/Piece (gms):3500 Warranty:1-Year \u00a0POWER REGULATOR W7-S6V030-10KF Control mode :&hellip; <\/p>\n","protected":false},"featured_media":2724,"comment_status":"open","ping_status":"closed","template":"","meta":[],"product_cat":[281],"product_tag":[261,260,556],"class_list":{"0":"post-2726","1":"product","2":"type-product","3":"status-publish","4":"has-post-thumbnail","6":"product_cat-sipin","7":"product_tag-dai-ly-sipin-viet-nam","8":"product_tag-sipin-viet-nam","9":"product_tag-thyristor-power-regulator","11":"first","12":"instock","13":"shipping-taxable","14":"product-type-simple"},"yoast_head":"<!-- This site is optimized with the Yoast SEO plugin v22.8 - https:\/\/yoast.com\/wordpress\/plugins\/seo\/ -->\n<title>SIPIN W7-S6V030-10KF - OMANI VI\u1ec6T NAM<\/title>\n<meta name=\"robots\" content=\"index, follow, max-snippet:-1, max-image-preview:large, max-video-preview:-1\" \/>\n<link rel=\"canonical\" href=\"https:\/\/omanivietnam.com\/index.php\/san-pham\/sipin-w7-s6v030-10kf\/\" \/>\n<meta property=\"og:locale\" content=\"vi_VN\" \/>\n<meta property=\"og:type\" content=\"article\" \/>\n<meta property=\"og:title\" content=\"SIPIN W7-S6V030-10KF - OMANI VI\u1ec6T NAM\" \/>\n<meta property=\"og:description\" content=\"SIPIN W7-S6V030-10KF Digital Thyristor Power Regulator W7 series W7-S6V SIPIN TECHNOLOGY CO., LTD TECHNICAL DATA Manufacturer:Sipin Series:W7-S6V Rated Current:30 A Control:3-Wire 3-Phase Angle Control (without Neutral) Main Power Voltage:460-690 Vac Auxiliary Power:110 Vac Input Signal:4 \u2013 20 mA Cooling by:Fan Cooling Weight\/Piece (gms):3500 Warranty:1-Year \u00a0POWER REGULATOR W7-S6V030-10KF Control mode :&hellip;\" \/>\n<meta property=\"og:url\" content=\"https:\/\/omanivietnam.com\/index.php\/san-pham\/sipin-w7-s6v030-10kf\/\" \/>\n<meta property=\"og:site_name\" content=\"OMANI VI\u1ec6T NAM\" \/>\n<meta property=\"article:modified_time\" content=\"2024-11-14T22:36:28+00:00\" \/>\n<meta property=\"og:image\" content=\"https:\/\/omanivietnam.com\/wp-content\/uploads\/2024\/11\/W7.png\" \/>\n\t<meta property=\"og:image:width\" content=\"568\" \/>\n\t<meta property=\"og:image:height\" content=\"557\" \/>\n\t<meta property=\"og:image:type\" content=\"image\/png\" \/>\n<meta name=\"twitter:card\" content=\"summary_large_image\" \/>\n<meta name=\"twitter:label1\" content=\"\u01af\u1edbc t\u00ednh th\u1eddi gian \u0111\u1ecdc\" \/>\n\t<meta name=\"twitter:data1\" content=\"2 ph\u00fat\" \/>\n<script type=\"application\/ld+json\" class=\"yoast-schema-graph\">{\"@context\":\"https:\/\/schema.org\",\"@graph\":[{\"@type\":\"WebPage\",\"@id\":\"https:\/\/omanivietnam.com\/index.php\/san-pham\/sipin-w7-s6v030-10kf\/\",\"url\":\"https:\/\/omanivietnam.com\/index.php\/san-pham\/sipin-w7-s6v030-10kf\/\",\"name\":\"SIPIN W7-S6V030-10KF - OMANI VI\u1ec6T NAM\",\"isPartOf\":{\"@id\":\"https:\/\/omanivietnam.com\/#website\"},\"primaryImageOfPage\":{\"@id\":\"https:\/\/omanivietnam.com\/index.php\/san-pham\/sipin-w7-s6v030-10kf\/#primaryimage\"},\"image\":{\"@id\":\"https:\/\/omanivietnam.com\/index.php\/san-pham\/sipin-w7-s6v030-10kf\/#primaryimage\"},\"thumbnailUrl\":\"https:\/\/omanivietnam.com\/wp-content\/uploads\/2024\/11\/W7.png\",\"datePublished\":\"2024-11-14T22:35:56+00:00\",\"dateModified\":\"2024-11-14T22:36:28+00:00\",\"breadcrumb\":{\"@id\":\"https:\/\/omanivietnam.com\/index.php\/san-pham\/sipin-w7-s6v030-10kf\/#breadcrumb\"},\"inLanguage\":\"vi\",\"potentialAction\":[{\"@type\":\"ReadAction\",\"target\":[\"https:\/\/omanivietnam.com\/index.php\/san-pham\/sipin-w7-s6v030-10kf\/\"]}]},{\"@type\":\"ImageObject\",\"inLanguage\":\"vi\",\"@id\":\"https:\/\/omanivietnam.com\/index.php\/san-pham\/sipin-w7-s6v030-10kf\/#primaryimage\",\"url\":\"https:\/\/omanivietnam.com\/wp-content\/uploads\/2024\/11\/W7.png\",\"contentUrl\":\"https:\/\/omanivietnam.com\/wp-content\/uploads\/2024\/11\/W7.png\",\"width\":568,\"height\":557},{\"@type\":\"BreadcrumbList\",\"@id\":\"https:\/\/omanivietnam.com\/index.php\/san-pham\/sipin-w7-s6v030-10kf\/#breadcrumb\",\"itemListElement\":[{\"@type\":\"ListItem\",\"position\":1,\"name\":\"Home\",\"item\":\"https:\/\/omanivietnam.com\/\"},{\"@type\":\"ListItem\",\"position\":2,\"name\":\"S\u1ea2N PH\u1ea8M\",\"item\":\"https:\/\/omanivietnam.com\/index.php\/cua-hang\/\"},{\"@type\":\"ListItem\",\"position\":3,\"name\":\"SIPIN W7-S6V030-10KF\"}]},{\"@type\":\"WebSite\",\"@id\":\"https:\/\/omanivietnam.com\/#website\",\"url\":\"https:\/\/omanivietnam.com\/\",\"name\":\"OMANI VI\u1ec6T NAM\",\"description\":\"Nh\u00e0 ph\u00e2n ph\u1ed1i thi\u1ebft b\u1ecb kh\u00ed n\u00e9n v\u00e0 thi\u1ebft b\u1ecb t\u1ef1 \u0111\u1ed9ng h\u00f3a trong c\u00f4ng nghi\u1ec7p\",\"publisher\":{\"@id\":\"https:\/\/omanivietnam.com\/#\/schema\/person\/0ad398a980dc3fd696111c2c5c8fa897\"},\"potentialAction\":[{\"@type\":\"SearchAction\",\"target\":{\"@type\":\"EntryPoint\",\"urlTemplate\":\"https:\/\/omanivietnam.com\/?s={search_term_string}\"},\"query-input\":\"required name=search_term_string\"}],\"inLanguage\":\"vi\"},{\"@type\":[\"Person\",\"Organization\"],\"@id\":\"https:\/\/omanivietnam.com\/#\/schema\/person\/0ad398a980dc3fd696111c2c5c8fa897\",\"name\":\"Nguy\u1ec5n V\u0103n Kh\u00e1nh\",\"image\":{\"@type\":\"ImageObject\",\"inLanguage\":\"vi\",\"@id\":\"https:\/\/omanivietnam.com\/#\/schema\/person\/image\/\",\"url\":\"https:\/\/omanivietnam.com\/wp-content\/uploads\/2024\/06\/logo-1024x1024.png\",\"contentUrl\":\"https:\/\/omanivietnam.com\/wp-content\/uploads\/2024\/06\/logo-1024x1024.png\",\"width\":1024,\"height\":1024,\"caption\":\"Nguy\u1ec5n V\u0103n Kh\u00e1nh\"},\"logo\":{\"@id\":\"https:\/\/omanivietnam.com\/#\/schema\/person\/image\/\"},\"sameAs\":[\"https:\/\/omanivietnam.com\"]}]}<\/script>\n<!-- \/ Yoast SEO plugin. -->","yoast_head_json":{"title":"SIPIN W7-S6V030-10KF - OMANI VI\u1ec6T NAM","robots":{"index":"index","follow":"follow","max-snippet":"max-snippet:-1","max-image-preview":"max-image-preview:large","max-video-preview":"max-video-preview:-1"},"canonical":"https:\/\/omanivietnam.com\/index.php\/san-pham\/sipin-w7-s6v030-10kf\/","og_locale":"vi_VN","og_type":"article","og_title":"SIPIN W7-S6V030-10KF - OMANI VI\u1ec6T NAM","og_description":"SIPIN W7-S6V030-10KF Digital Thyristor Power Regulator W7 series W7-S6V SIPIN TECHNOLOGY CO., LTD TECHNICAL DATA Manufacturer:Sipin Series:W7-S6V Rated Current:30 A Control:3-Wire 3-Phase Angle Control (without Neutral) Main Power Voltage:460-690 Vac Auxiliary Power:110 Vac Input Signal:4 \u2013 20 mA Cooling by:Fan Cooling Weight\/Piece (gms):3500 Warranty:1-Year \u00a0POWER REGULATOR W7-S6V030-10KF Control mode :&hellip;","og_url":"https:\/\/omanivietnam.com\/index.php\/san-pham\/sipin-w7-s6v030-10kf\/","og_site_name":"OMANI VI\u1ec6T NAM","article_modified_time":"2024-11-14T22:36:28+00:00","og_image":[{"width":568,"height":557,"url":"https:\/\/omanivietnam.com\/wp-content\/uploads\/2024\/11\/W7.png","type":"image\/png"}],"twitter_card":"summary_large_image","twitter_misc":{"\u01af\u1edbc t\u00ednh th\u1eddi gian \u0111\u1ecdc":"2 ph\u00fat"},"schema":{"@context":"https:\/\/schema.org","@graph":[{"@type":"WebPage","@id":"https:\/\/omanivietnam.com\/index.php\/san-pham\/sipin-w7-s6v030-10kf\/","url":"https:\/\/omanivietnam.com\/index.php\/san-pham\/sipin-w7-s6v030-10kf\/","name":"SIPIN W7-S6V030-10KF - OMANI VI\u1ec6T NAM","isPartOf":{"@id":"https:\/\/omanivietnam.com\/#website"},"primaryImageOfPage":{"@id":"https:\/\/omanivietnam.com\/index.php\/san-pham\/sipin-w7-s6v030-10kf\/#primaryimage"},"image":{"@id":"https:\/\/omanivietnam.com\/index.php\/san-pham\/sipin-w7-s6v030-10kf\/#primaryimage"},"thumbnailUrl":"https:\/\/omanivietnam.com\/wp-content\/uploads\/2024\/11\/W7.png","datePublished":"2024-11-14T22:35:56+00:00","dateModified":"2024-11-14T22:36:28+00:00","breadcrumb":{"@id":"https:\/\/omanivietnam.com\/index.php\/san-pham\/sipin-w7-s6v030-10kf\/#breadcrumb"},"inLanguage":"vi","potentialAction":[{"@type":"ReadAction","target":["https:\/\/omanivietnam.com\/index.php\/san-pham\/sipin-w7-s6v030-10kf\/"]}]},{"@type":"ImageObject","inLanguage":"vi","@id":"https:\/\/omanivietnam.com\/index.php\/san-pham\/sipin-w7-s6v030-10kf\/#primaryimage","url":"https:\/\/omanivietnam.com\/wp-content\/uploads\/2024\/11\/W7.png","contentUrl":"https:\/\/omanivietnam.com\/wp-content\/uploads\/2024\/11\/W7.png","width":568,"height":557},{"@type":"BreadcrumbList","@id":"https:\/\/omanivietnam.com\/index.php\/san-pham\/sipin-w7-s6v030-10kf\/#breadcrumb","itemListElement":[{"@type":"ListItem","position":1,"name":"Home","item":"https:\/\/omanivietnam.com\/"},{"@type":"ListItem","position":2,"name":"S\u1ea2N PH\u1ea8M","item":"https:\/\/omanivietnam.com\/index.php\/cua-hang\/"},{"@type":"ListItem","position":3,"name":"SIPIN W7-S6V030-10KF"}]},{"@type":"WebSite","@id":"https:\/\/omanivietnam.com\/#website","url":"https:\/\/omanivietnam.com\/","name":"OMANI VI\u1ec6T NAM","description":"Nh\u00e0 ph\u00e2n ph\u1ed1i thi\u1ebft b\u1ecb kh\u00ed n\u00e9n v\u00e0 thi\u1ebft b\u1ecb t\u1ef1 \u0111\u1ed9ng h\u00f3a trong c\u00f4ng nghi\u1ec7p","publisher":{"@id":"https:\/\/omanivietnam.com\/#\/schema\/person\/0ad398a980dc3fd696111c2c5c8fa897"},"potentialAction":[{"@type":"SearchAction","target":{"@type":"EntryPoint","urlTemplate":"https:\/\/omanivietnam.com\/?s={search_term_string}"},"query-input":"required name=search_term_string"}],"inLanguage":"vi"},{"@type":["Person","Organization"],"@id":"https:\/\/omanivietnam.com\/#\/schema\/person\/0ad398a980dc3fd696111c2c5c8fa897","name":"Nguy\u1ec5n V\u0103n Kh\u00e1nh","image":{"@type":"ImageObject","inLanguage":"vi","@id":"https:\/\/omanivietnam.com\/#\/schema\/person\/image\/","url":"https:\/\/omanivietnam.com\/wp-content\/uploads\/2024\/06\/logo-1024x1024.png","contentUrl":"https:\/\/omanivietnam.com\/wp-content\/uploads\/2024\/06\/logo-1024x1024.png","width":1024,"height":1024,"caption":"Nguy\u1ec5n V\u0103n Kh\u00e1nh"},"logo":{"@id":"https:\/\/omanivietnam.com\/#\/schema\/person\/image\/"},"sameAs":["https:\/\/omanivietnam.com"]}]}},"_links":{"self":[{"href":"https:\/\/omanivietnam.com\/index.php\/wp-json\/wp\/v2\/product\/2726","targetHints":{"allow":["GET"]}}],"collection":[{"href":"https:\/\/omanivietnam.com\/index.php\/wp-json\/wp\/v2\/product"}],"about":[{"href":"https:\/\/omanivietnam.com\/index.php\/wp-json\/wp\/v2\/types\/product"}],"replies":[{"embeddable":true,"href":"https:\/\/omanivietnam.com\/index.php\/wp-json\/wp\/v2\/comments?post=2726"}],"wp:featuredmedia":[{"embeddable":true,"href":"https:\/\/omanivietnam.com\/index.php\/wp-json\/wp\/v2\/media\/2724"}],"wp:attachment":[{"href":"https:\/\/omanivietnam.com\/index.php\/wp-json\/wp\/v2\/media?parent=2726"}],"wp:term":[{"taxonomy":"product_cat","embeddable":true,"href":"https:\/\/omanivietnam.com\/index.php\/wp-json\/wp\/v2\/product_cat?post=2726"},{"taxonomy":"product_tag","embeddable":true,"href":"https:\/\/omanivietnam.com\/index.php\/wp-json\/wp\/v2\/product_tag?post=2726"}],"curies":[{"name":"wp","href":"https:\/\/api.w.org\/{rel}","templated":true}]}}