{"id":2739,"date":"2024-11-16T05:52:17","date_gmt":"2024-11-15T22:52:17","guid":{"rendered":"https:\/\/omanivietnam.com\/?post_type=product&#038;p=2739"},"modified":"2024-11-16T05:55:24","modified_gmt":"2024-11-15T22:55:24","slug":"red-lion-cspid1ra","status":"publish","type":"product","link":"https:\/\/omanivietnam.com\/index.php\/san-pham\/red-lion-cspid1ra\/","title":{"rendered":"RED LION CSPID1RA"},"content":{"rendered":"<p>RED LION CSPID1RA<\/p>\n<p class=\"product-display-name OneLinkNoTx\">Red Lion Controls CSPID1RA<\/p>\n<p class=\"product-display-description\">Module, Single Loop, Relay and Analog Outputs, Modular Controller Series<\/p>\n<p><strong>CSPID1RA<\/strong>\u00a0CSPID- Single Loop PID Module Relay &amp; Analog Outputc\u1ee7a\u00a0h\u00e3ng\u00a0REDLION\u00a0hi\u1ec7n \u0111ang \u0111\u01b0\u1ee3c BKAII ph\u00e2n ph\u1ed1i r\u1ed9ng r\u00e3i t\u1ea1i th\u1ecb tr\u01b0\u1eddng Vi\u1ec7t Nam.\u00a0CSPID1RA\u00a0\u00a0\u0111\u01b0\u1ee3c thi\u1ebft k\u1ebf theo ti\u00eau chu\u1ea9n c\u00f4ng nghi\u1ec7p, nh\u1ecf\u00a0g\u1ecdn,\u00a0d\u1ec5 d\u00e0ng l\u1ea5y \u0111\u01b0\u1ee3c t\u00edn hi\u1ec7u v\u1ec1 PLC, m\u00e1y t\u00ednh, vi x\u1eed l\u00fd, m\u00e1y t\u00ednh nh\u00fang&#8230; S\u1ea3n ph\u1ea9m hi\u1ec7n \u0111ang \u0111\u01b0\u1ee3c s\u1eed d\u1ee5ng trong c\u00e1c b\u00e0i to\u00e1n M2M, IoT c\u1ee7a c\u00e1c l\u0129nh v\u1ef1c: \u0110i\u1ec7n l\u1ef1c, kh\u00ed t\u01b0\u1ee3ng th\u1ee7y v\u0103n, giao th\u00f4ng th\u00f4ng minh\u2026<\/p>\n<p><strong>T\u00ednh n\u0103ng c\u1ee7a s\u1ea3n ph\u1ea9m:<\/strong><\/p>\n<ul>\n<li>Dedicated single and dual PID modules for the Modular Controller series<\/li>\n<li>Hot-swappable replacement reduces downtime<\/li>\n<li>Auto addressing minimizes configuration time<\/li>\n<li>Fully isolated design provides reliable operation<\/li>\n<li>Pid control with reduced overshoot<\/li>\n<li>Universal inputs accept tc, rtd, 0-10 v and 0\/4-20 mA signals<\/li>\n<li>On demand auto-tuning of PID settings<\/li>\n<li>DC analog output (optional, CSPID1 only)<\/li>\n<li>Heater current input (optional) ensures detection of heater circuit failure<\/li>\n<li>Windows\u00ae configuration software<\/li>\n<\/ul>\n<h3 class=\"p-subtitle overview-header\">Overview<\/h3>\n<div class=\"exp-coll-mobile exp-coll-mobile-expanded\">\n<div class=\"exp-coll-mobile-container\">\n<div class=\"exp-coll-mobile-content\">The Model CSPID series modules are full featured PID controllers designed for use with the Modular Controller Series. The CSPID1 is a single loop controller, while the CSPID2 is a dual loop controller. The design of the system provides a true modular PID control platform for multi-zone control applications. The modules can accept a wide range of thermocouple, RTD, 0-10 V, 0\/4-20 mA signals. With multiple discrete outputs, plus an optional analog output (CSPID1 only), the CSPID modules can perform virtually any combination of timeproportioning or linear control for heat, cool, or heat\/cool applications. The discrete outputs may also be assigned to one of seven internal soft alarms. The CSPID1&#8217;s optional linear output can be assigned to transmit virtually any internal variable. The CSPID modules connect and communicate via a backplane connection to the CSMSTR Modular Controller Series Master. The CSMSTR, equipped with serial ports as well as an Ethernet port, allows the system to share data with PCs, PLCs, and SCADA systems. The Master supports any combination of up to 16 CS Series modules. The CSPID modules are available with various discrete output combinations, including relays, open drain MOSFETs, and triac outputs. For applications requiring large loads to be controlled, several DIN rail mount relays are available. The modules can operate in On\/Off, P, PI, or PID control mode, and use an on-demand Auto-Tune that establishes the tuning constants. The PID constants may be fine-tuned through the serial or Ethernet interface. The modules employ a unique overshoot suppression feature, which allows the quickest response without excessive overshoot. The modules can also be operated in manual mode, providing the operator with direct control of the output. Internal power management circuits allow the modules to be replaced while power is applied, which reduces downtime in the event of a relay failure. All configuration information is stored locally within each module, as well as in the Master, so replacement modules do not need to be configured. The Modular Controller Series&#8217; high density packaging and DIN rail mounting saves time and panel space. The backplane connection provides power and communication to the module and snaps easily onto standard top hat (T) profile DIN rail.<\/div>\n<div><\/div>\n<\/div>\n<\/div>\n<p>Specifications:<\/p>\n<p>Dedicated single and dual PID modules for the Modular Controller series<br \/>\nHot-swappable replacement reduces downtime<br \/>\nAuto addressing minimizes configuration time<br \/>\nFully isolated design provides reliable operation<br \/>\nPid control with reduced overshoot<br \/>\nUniversal inputs accept tc, rtd, 0-10 v and 0\/4-20 mA signals<br \/>\nOn demand auto-tuning of PID settings<br \/>\nDC analog output (optional, CSPID1 only)<br \/>\nHeater current input (optional) ensures detection of heater circuit failure<br \/>\nWindows\u00ae configuration software<\/p>\n<div class=\"specifications\">\n<div id=\"specifications\" class=\"specifications-section\">\n<div class=\"table-wrapper\">\n<div class=\"product-specifications-table\" aria-label=\"Product Specifications\">\n<div class=\"product-specifications-body\">\n<div class=\"product-specifications-row\"><\/div>\n<\/div>\n<\/div>\n<\/div>\n<\/div>\n<\/div>\n<p>\u0110\u1ea1i l\u00fd RED LION vietnam, RED LION viet nam, RED LION vietnam distributor, Ph\u00e2n ph\u1ed1i RED LION t\u1ea1i vi\u1ec7t nam<\/p>\n<p>\u0110\u1ea1i l\u00fd RED LION vietnam, RED LION viet nam, RED LION vietnam distributor, Ph\u00e2n ph\u1ed1i RED LION t\u1ea1i vi\u1ec7t nam<\/p>\n<p>\u0110\u1ea1i l\u00fd RED LION vietnam, RED LION viet nam, RED LION vietnam distributor, Ph\u00e2n ph\u1ed1i RED LION t\u1ea1i vi\u1ec7t nam<\/p>\n<p>\u0110\u1ea1i l\u00fd RED LION vietnam, RED LION viet nam, RED LION vietnam distributor, Ph\u00e2n ph\u1ed1i RED LION t\u1ea1i vi\u1ec7t nam<\/p>\n<p>\u0110\u1ea1i l\u00fd RED LION vietnam, RED LION viet nam, RED LION vietnam distributor, Ph\u00e2n ph\u1ed1i RED LION t\u1ea1i vi\u1ec7t nam<\/p>\n<p>&nbsp;<\/p>\n","protected":false},"excerpt":{"rendered":"<p>RED LION CSPID1RA Red Lion Controls CSPID1RA Module, Single Loop, Relay and Analog Outputs, Modular Controller Series CSPID1RA\u00a0CSPID- Single Loop PID Module Relay &amp; Analog Outputc\u1ee7a\u00a0h\u00e3ng\u00a0REDLION\u00a0hi\u1ec7n \u0111ang \u0111\u01b0\u1ee3c BKAII ph\u00e2n ph\u1ed1i r\u1ed9ng r\u00e3i t\u1ea1i th\u1ecb tr\u01b0\u1eddng Vi\u1ec7t Nam.\u00a0CSPID1RA\u00a0\u00a0\u0111\u01b0\u1ee3c thi\u1ebft k\u1ebf theo ti\u00eau chu\u1ea9n c\u00f4ng nghi\u1ec7p, nh\u1ecf\u00a0g\u1ecdn,\u00a0d\u1ec5 d\u00e0ng l\u1ea5y \u0111\u01b0\u1ee3c t\u00edn&hellip; <\/p>\n","protected":false},"featured_media":2740,"comment_status":"open","ping_status":"closed","template":"","meta":[],"product_cat":[560],"product_tag":[562,159,561],"class_list":{"0":"post-2739","1":"product","2":"type-product","3":"status-publish","4":"has-post-thumbnail","6":"product_cat-red-lion","7":"product_tag-dai-ly-red-lion-viet-nam","8":"product_tag-mo-dun","9":"product_tag-red-lion-viet-nam","11":"first","12":"instock","13":"shipping-taxable","14":"product-type-simple"},"yoast_head":"<!-- This site is optimized with the Yoast SEO plugin v22.8 - https:\/\/yoast.com\/wordpress\/plugins\/seo\/ -->\n<title>RED LION CSPID1RA - OMANI VI\u1ec6T NAM<\/title>\n<meta name=\"robots\" content=\"index, follow, max-snippet:-1, max-image-preview:large, max-video-preview:-1\" \/>\n<link rel=\"canonical\" href=\"https:\/\/omanivietnam.com\/index.php\/san-pham\/red-lion-cspid1ra\/\" \/>\n<meta property=\"og:locale\" content=\"vi_VN\" \/>\n<meta property=\"og:type\" content=\"article\" \/>\n<meta property=\"og:title\" content=\"RED LION CSPID1RA - OMANI VI\u1ec6T NAM\" \/>\n<meta property=\"og:description\" content=\"RED LION CSPID1RA Red Lion Controls CSPID1RA Module, Single Loop, Relay and Analog Outputs, Modular Controller Series CSPID1RA\u00a0CSPID- Single Loop PID Module Relay &amp; Analog Outputc\u1ee7a\u00a0h\u00e3ng\u00a0REDLION\u00a0hi\u1ec7n \u0111ang \u0111\u01b0\u1ee3c BKAII ph\u00e2n ph\u1ed1i r\u1ed9ng r\u00e3i t\u1ea1i th\u1ecb tr\u01b0\u1eddng Vi\u1ec7t Nam.\u00a0CSPID1RA\u00a0\u00a0\u0111\u01b0\u1ee3c thi\u1ebft k\u1ebf theo ti\u00eau chu\u1ea9n c\u00f4ng nghi\u1ec7p, nh\u1ecf\u00a0g\u1ecdn,\u00a0d\u1ec5 d\u00e0ng l\u1ea5y \u0111\u01b0\u1ee3c t\u00edn&hellip;\" \/>\n<meta property=\"og:url\" content=\"https:\/\/omanivietnam.com\/index.php\/san-pham\/red-lion-cspid1ra\/\" \/>\n<meta property=\"og:site_name\" content=\"OMANI VI\u1ec6T NAM\" \/>\n<meta property=\"article:modified_time\" content=\"2024-11-15T22:55:24+00:00\" \/>\n<meta property=\"og:image\" content=\"https:\/\/omanivietnam.com\/wp-content\/uploads\/2024\/11\/CSPID1RA.png\" \/>\n\t<meta property=\"og:image:width\" content=\"543\" \/>\n\t<meta property=\"og:image:height\" content=\"589\" \/>\n\t<meta property=\"og:image:type\" content=\"image\/png\" \/>\n<meta name=\"twitter:card\" content=\"summary_large_image\" \/>\n<meta name=\"twitter:label1\" content=\"\u01af\u1edbc t\u00ednh th\u1eddi gian \u0111\u1ecdc\" \/>\n\t<meta name=\"twitter:data1\" content=\"5 ph\u00fat\" \/>\n<script type=\"application\/ld+json\" class=\"yoast-schema-graph\">{\"@context\":\"https:\/\/schema.org\",\"@graph\":[{\"@type\":\"WebPage\",\"@id\":\"https:\/\/omanivietnam.com\/index.php\/san-pham\/red-lion-cspid1ra\/\",\"url\":\"https:\/\/omanivietnam.com\/index.php\/san-pham\/red-lion-cspid1ra\/\",\"name\":\"RED LION CSPID1RA - OMANI VI\u1ec6T NAM\",\"isPartOf\":{\"@id\":\"https:\/\/omanivietnam.com\/#website\"},\"primaryImageOfPage\":{\"@id\":\"https:\/\/omanivietnam.com\/index.php\/san-pham\/red-lion-cspid1ra\/#primaryimage\"},\"image\":{\"@id\":\"https:\/\/omanivietnam.com\/index.php\/san-pham\/red-lion-cspid1ra\/#primaryimage\"},\"thumbnailUrl\":\"https:\/\/omanivietnam.com\/wp-content\/uploads\/2024\/11\/CSPID1RA.png\",\"datePublished\":\"2024-11-15T22:52:17+00:00\",\"dateModified\":\"2024-11-15T22:55:24+00:00\",\"breadcrumb\":{\"@id\":\"https:\/\/omanivietnam.com\/index.php\/san-pham\/red-lion-cspid1ra\/#breadcrumb\"},\"inLanguage\":\"vi\",\"potentialAction\":[{\"@type\":\"ReadAction\",\"target\":[\"https:\/\/omanivietnam.com\/index.php\/san-pham\/red-lion-cspid1ra\/\"]}]},{\"@type\":\"ImageObject\",\"inLanguage\":\"vi\",\"@id\":\"https:\/\/omanivietnam.com\/index.php\/san-pham\/red-lion-cspid1ra\/#primaryimage\",\"url\":\"https:\/\/omanivietnam.com\/wp-content\/uploads\/2024\/11\/CSPID1RA.png\",\"contentUrl\":\"https:\/\/omanivietnam.com\/wp-content\/uploads\/2024\/11\/CSPID1RA.png\",\"width\":543,\"height\":589},{\"@type\":\"BreadcrumbList\",\"@id\":\"https:\/\/omanivietnam.com\/index.php\/san-pham\/red-lion-cspid1ra\/#breadcrumb\",\"itemListElement\":[{\"@type\":\"ListItem\",\"position\":1,\"name\":\"Home\",\"item\":\"https:\/\/omanivietnam.com\/\"},{\"@type\":\"ListItem\",\"position\":2,\"name\":\"S\u1ea2N PH\u1ea8M\",\"item\":\"https:\/\/omanivietnam.com\/index.php\/cua-hang\/\"},{\"@type\":\"ListItem\",\"position\":3,\"name\":\"RED LION CSPID1RA\"}]},{\"@type\":\"WebSite\",\"@id\":\"https:\/\/omanivietnam.com\/#website\",\"url\":\"https:\/\/omanivietnam.com\/\",\"name\":\"OMANI VI\u1ec6T NAM\",\"description\":\"Nh\u00e0 ph\u00e2n ph\u1ed1i thi\u1ebft b\u1ecb kh\u00ed n\u00e9n v\u00e0 thi\u1ebft b\u1ecb t\u1ef1 \u0111\u1ed9ng h\u00f3a trong c\u00f4ng nghi\u1ec7p\",\"publisher\":{\"@id\":\"https:\/\/omanivietnam.com\/#\/schema\/person\/0ad398a980dc3fd696111c2c5c8fa897\"},\"potentialAction\":[{\"@type\":\"SearchAction\",\"target\":{\"@type\":\"EntryPoint\",\"urlTemplate\":\"https:\/\/omanivietnam.com\/?s={search_term_string}\"},\"query-input\":\"required name=search_term_string\"}],\"inLanguage\":\"vi\"},{\"@type\":[\"Person\",\"Organization\"],\"@id\":\"https:\/\/omanivietnam.com\/#\/schema\/person\/0ad398a980dc3fd696111c2c5c8fa897\",\"name\":\"Nguy\u1ec5n V\u0103n Kh\u00e1nh\",\"image\":{\"@type\":\"ImageObject\",\"inLanguage\":\"vi\",\"@id\":\"https:\/\/omanivietnam.com\/#\/schema\/person\/image\/\",\"url\":\"https:\/\/omanivietnam.com\/wp-content\/uploads\/2024\/06\/logo-1024x1024.png\",\"contentUrl\":\"https:\/\/omanivietnam.com\/wp-content\/uploads\/2024\/06\/logo-1024x1024.png\",\"width\":1024,\"height\":1024,\"caption\":\"Nguy\u1ec5n V\u0103n Kh\u00e1nh\"},\"logo\":{\"@id\":\"https:\/\/omanivietnam.com\/#\/schema\/person\/image\/\"},\"sameAs\":[\"https:\/\/omanivietnam.com\"]}]}<\/script>\n<!-- \/ Yoast SEO plugin. -->","yoast_head_json":{"title":"RED LION CSPID1RA - OMANI VI\u1ec6T NAM","robots":{"index":"index","follow":"follow","max-snippet":"max-snippet:-1","max-image-preview":"max-image-preview:large","max-video-preview":"max-video-preview:-1"},"canonical":"https:\/\/omanivietnam.com\/index.php\/san-pham\/red-lion-cspid1ra\/","og_locale":"vi_VN","og_type":"article","og_title":"RED LION CSPID1RA - OMANI VI\u1ec6T NAM","og_description":"RED LION CSPID1RA Red Lion Controls CSPID1RA Module, Single Loop, Relay and Analog Outputs, Modular Controller Series CSPID1RA\u00a0CSPID- Single Loop PID Module Relay &amp; Analog Outputc\u1ee7a\u00a0h\u00e3ng\u00a0REDLION\u00a0hi\u1ec7n \u0111ang \u0111\u01b0\u1ee3c BKAII ph\u00e2n ph\u1ed1i r\u1ed9ng r\u00e3i t\u1ea1i th\u1ecb tr\u01b0\u1eddng Vi\u1ec7t Nam.\u00a0CSPID1RA\u00a0\u00a0\u0111\u01b0\u1ee3c thi\u1ebft k\u1ebf theo ti\u00eau chu\u1ea9n c\u00f4ng nghi\u1ec7p, nh\u1ecf\u00a0g\u1ecdn,\u00a0d\u1ec5 d\u00e0ng l\u1ea5y \u0111\u01b0\u1ee3c t\u00edn&hellip;","og_url":"https:\/\/omanivietnam.com\/index.php\/san-pham\/red-lion-cspid1ra\/","og_site_name":"OMANI VI\u1ec6T NAM","article_modified_time":"2024-11-15T22:55:24+00:00","og_image":[{"width":543,"height":589,"url":"https:\/\/omanivietnam.com\/wp-content\/uploads\/2024\/11\/CSPID1RA.png","type":"image\/png"}],"twitter_card":"summary_large_image","twitter_misc":{"\u01af\u1edbc t\u00ednh th\u1eddi gian \u0111\u1ecdc":"5 ph\u00fat"},"schema":{"@context":"https:\/\/schema.org","@graph":[{"@type":"WebPage","@id":"https:\/\/omanivietnam.com\/index.php\/san-pham\/red-lion-cspid1ra\/","url":"https:\/\/omanivietnam.com\/index.php\/san-pham\/red-lion-cspid1ra\/","name":"RED LION CSPID1RA - OMANI VI\u1ec6T NAM","isPartOf":{"@id":"https:\/\/omanivietnam.com\/#website"},"primaryImageOfPage":{"@id":"https:\/\/omanivietnam.com\/index.php\/san-pham\/red-lion-cspid1ra\/#primaryimage"},"image":{"@id":"https:\/\/omanivietnam.com\/index.php\/san-pham\/red-lion-cspid1ra\/#primaryimage"},"thumbnailUrl":"https:\/\/omanivietnam.com\/wp-content\/uploads\/2024\/11\/CSPID1RA.png","datePublished":"2024-11-15T22:52:17+00:00","dateModified":"2024-11-15T22:55:24+00:00","breadcrumb":{"@id":"https:\/\/omanivietnam.com\/index.php\/san-pham\/red-lion-cspid1ra\/#breadcrumb"},"inLanguage":"vi","potentialAction":[{"@type":"ReadAction","target":["https:\/\/omanivietnam.com\/index.php\/san-pham\/red-lion-cspid1ra\/"]}]},{"@type":"ImageObject","inLanguage":"vi","@id":"https:\/\/omanivietnam.com\/index.php\/san-pham\/red-lion-cspid1ra\/#primaryimage","url":"https:\/\/omanivietnam.com\/wp-content\/uploads\/2024\/11\/CSPID1RA.png","contentUrl":"https:\/\/omanivietnam.com\/wp-content\/uploads\/2024\/11\/CSPID1RA.png","width":543,"height":589},{"@type":"BreadcrumbList","@id":"https:\/\/omanivietnam.com\/index.php\/san-pham\/red-lion-cspid1ra\/#breadcrumb","itemListElement":[{"@type":"ListItem","position":1,"name":"Home","item":"https:\/\/omanivietnam.com\/"},{"@type":"ListItem","position":2,"name":"S\u1ea2N PH\u1ea8M","item":"https:\/\/omanivietnam.com\/index.php\/cua-hang\/"},{"@type":"ListItem","position":3,"name":"RED LION CSPID1RA"}]},{"@type":"WebSite","@id":"https:\/\/omanivietnam.com\/#website","url":"https:\/\/omanivietnam.com\/","name":"OMANI VI\u1ec6T NAM","description":"Nh\u00e0 ph\u00e2n ph\u1ed1i thi\u1ebft b\u1ecb kh\u00ed n\u00e9n v\u00e0 thi\u1ebft b\u1ecb t\u1ef1 \u0111\u1ed9ng h\u00f3a trong c\u00f4ng nghi\u1ec7p","publisher":{"@id":"https:\/\/omanivietnam.com\/#\/schema\/person\/0ad398a980dc3fd696111c2c5c8fa897"},"potentialAction":[{"@type":"SearchAction","target":{"@type":"EntryPoint","urlTemplate":"https:\/\/omanivietnam.com\/?s={search_term_string}"},"query-input":"required name=search_term_string"}],"inLanguage":"vi"},{"@type":["Person","Organization"],"@id":"https:\/\/omanivietnam.com\/#\/schema\/person\/0ad398a980dc3fd696111c2c5c8fa897","name":"Nguy\u1ec5n V\u0103n Kh\u00e1nh","image":{"@type":"ImageObject","inLanguage":"vi","@id":"https:\/\/omanivietnam.com\/#\/schema\/person\/image\/","url":"https:\/\/omanivietnam.com\/wp-content\/uploads\/2024\/06\/logo-1024x1024.png","contentUrl":"https:\/\/omanivietnam.com\/wp-content\/uploads\/2024\/06\/logo-1024x1024.png","width":1024,"height":1024,"caption":"Nguy\u1ec5n V\u0103n Kh\u00e1nh"},"logo":{"@id":"https:\/\/omanivietnam.com\/#\/schema\/person\/image\/"},"sameAs":["https:\/\/omanivietnam.com"]}]}},"_links":{"self":[{"href":"https:\/\/omanivietnam.com\/index.php\/wp-json\/wp\/v2\/product\/2739","targetHints":{"allow":["GET"]}}],"collection":[{"href":"https:\/\/omanivietnam.com\/index.php\/wp-json\/wp\/v2\/product"}],"about":[{"href":"https:\/\/omanivietnam.com\/index.php\/wp-json\/wp\/v2\/types\/product"}],"replies":[{"embeddable":true,"href":"https:\/\/omanivietnam.com\/index.php\/wp-json\/wp\/v2\/comments?post=2739"}],"wp:featuredmedia":[{"embeddable":true,"href":"https:\/\/omanivietnam.com\/index.php\/wp-json\/wp\/v2\/media\/2740"}],"wp:attachment":[{"href":"https:\/\/omanivietnam.com\/index.php\/wp-json\/wp\/v2\/media?parent=2739"}],"wp:term":[{"taxonomy":"product_cat","embeddable":true,"href":"https:\/\/omanivietnam.com\/index.php\/wp-json\/wp\/v2\/product_cat?post=2739"},{"taxonomy":"product_tag","embeddable":true,"href":"https:\/\/omanivietnam.com\/index.php\/wp-json\/wp\/v2\/product_tag?post=2739"}],"curies":[{"name":"wp","href":"https:\/\/api.w.org\/{rel}","templated":true}]}}