{"id":2752,"date":"2024-11-17T05:46:57","date_gmt":"2024-11-16T22:46:57","guid":{"rendered":"https:\/\/omanivietnam.com\/?post_type=product&#038;p=2752"},"modified":"2024-11-17T05:48:26","modified_gmt":"2024-11-16T22:48:26","slug":"sipin-w7-t1v030-10kf","status":"publish","type":"product","link":"https:\/\/omanivietnam.com\/index.php\/san-pham\/sipin-w7-t1v030-10kf\/","title":{"rendered":"SIPIN W7-T1V030-10KF"},"content":{"rendered":"<p>SIPIN W7-T1V030-10KF<\/p>\n<div><strong>Digital Thyristor Power Regulator W7 series <\/strong>W7-T1V SIPIN TECHNOLOGY CO., LTD<\/div>\n<div class=\"product-information-title\"><strong>TECHNICAL DATA<\/strong><\/div>\n<div><\/div>\n<div class=\"product-information-one\">\n<div class=\"cust-product-manufracture\">\n<div class=\"grid-product-manufracture\"><span class=\"product-manufracture\">Manufacturer:Sipin<\/span><\/div>\n<\/div>\n<div class=\"cust-rated-series\">\n<div class=\"grid-rated-series\"><span class=\"rated-series\">Series:W7-T1V<\/span><\/div>\n<\/div>\n<div class=\"cust-product-rated-current\">\n<div class=\"grid-product-rated-current\"><span class=\"product-rated-current\">Rated Current:30 A<\/span><\/div>\n<\/div>\n<div class=\"cust-control\">\n<div class=\"grid-control\"><span class=\"control\">Control:3-Wire 3-Phase Angle Control (without Neutral)<\/span><\/div>\n<\/div>\n<div class=\"cust-main-power-voltage\">\n<div class=\"grid-main-power-voltage\"><span class=\"main-power-voltage\">Main Power Voltage:40-120 Vac<\/span><\/div>\n<\/div>\n<div class=\"cust-product-auxiliary-power\">\n<div class=\"grid-product-auxiliary-power\"><span class=\"product-auxiliary-power\">Auxiliary Power:110 Vac<\/span><\/div>\n<\/div>\n<div class=\"cust-input-signal\">\n<div class=\"grid-input-signal\"><span class=\"input-signal\">Input Signal:4 \u2013 20 mA<\/span><\/div>\n<\/div>\n<div class=\"cust-rated-cooling-by\">\n<div class=\"grid-rated-cooling-by\"><span class=\"rated-cooling-by\">Cooling by:Fan Cooling<\/span><\/div>\n<\/div>\n<div class=\"cust-rated-weight\">\n<div class=\"grid-rated-weight\"><span class=\"rated-weight\">Weight\/Piece (gms):3500<\/span><\/div>\n<\/div>\n<div class=\"cust-rated-warranty\">\n<div class=\"grid-rated-warranty\"><span class=\"rated-warranty\">Warranty:1-Year<\/span><\/div>\n<div><\/div>\n<\/div>\n<\/div>\n<ul>\n<li>Downward-opened panel designed, Convenient for fuse replacement.<\/li>\n<li>Top and bottom designation with good looking covers, convenient to open and pug-in for wiring.<\/li>\n<li>Control wire is connected to the European style terminals, Re-wiring shall be not needed in case of replacement.<\/li>\n<li>A High-speed fuse is provided for protecting the main elements during an anomaly, eliminating external wiring, and minimizing the space for installation.<\/li>\n<li>Stops output immediately after a 0.5Hz transient blackout, followed by buffered output. (This prevents abnormal fuse blowout caused by a power surge.)<\/li>\n<li>Activating circuit is independent from the main PCB circuit to prevent the damage occurred in case of main circuit malfunction.<\/li>\n<li>Automatic self-detecting function enables the availability for 45~65Hz frequency, Manual selecting or switching shall be not needed.<\/li>\n<li>Operation Box Display provides real-time information for convenient operation, which allows an external connection to substitute for a voltage meter, current meter, or power meter.<\/li>\n<li>Voltage, Current, and Power have active RMS control.<\/li>\n<li>Insulated RS-485(MODBUS RTU) is used for communication, capable of connecting up to 250 units.<\/li>\n<li>Capable of connecting multiple units for even distribution of power.<\/li>\n<li>During normal operation of the controller, information from the Operation Box Display can be planned as : By Input Percentage, Output Percentage, Buffered Rise Time, Buffered Drop Time, Maximum Output Limit, Voltage Output, Current Output, Power Output, Fin Temperature, Power Source Frequency, External Analog Input Percentage, Value of Digital Input, Operation Time, etc.<\/li>\n<li>Single Chip Control, input resolution 10-bit, output resolution 0.1%, multiple parameters to accommodate user settings to meet requirements.<\/li>\n<li>One port is provided for attaching an RS-485 Com, an Analog Output(0-20 or 4-20mA), or an additional multi-function contact (electronic contact).<\/li>\n<li>Signals such as 4-20mA, 1-5VDC, 2-10VDC,0-20mA, 0-5VDC, 0-10VDC, isolated contact, Operation Box Input, COM Command ( actual value or percentage)&#8230;etc., available for any kind of control signal.<\/li>\n<li>Two Analog Signal Inputs can be defined for multiple functions:<br \/>\nAnomaly Reset, Basic Output, Manual Setting, Maximum Output Limit, Manual\/Auto Switch-over, Phase \/ Zero Distribution Switch-over, Phase \/ Zero Sampling Switch-over, Voltage Limit, Current Limit, etc.<\/li>\n<li>Nine Control Modes: Phase Angle Control Proportion Output, Zero Cycle Sampling, Zero Time Sampling, Phase Start Up, Zero Cycle Operation, Phase Start Up, Zero Time Operation, Constant Phase Voltage, Phase Current Limit, and Constant Phase Power for meeting various applications-one single machine satisfied all your thermal load needs.<\/li>\n<li>Equipped with Anomaly Detection including fuse break, over-current, over-temperature, Temperature Sensor Anomaly, Current Detection, Low-current Detection, Load Decline Detection, load wire breakage, phase unbalance, voltage feedback anomaly, EEPROM Anomaly, etc., providing real-time protection against anomalies, together with 4 sets of anomaly records.<\/li>\n<li>Multi-function Dry Contact can be defined as a Dry Anomaly Contact(NO), a Dry Anomaly Contact (NC), an Operation Contract, or a Current Detection Contact.<\/li>\n<\/ul>\n<p><strong>Digital Thyristor Power Regulator W7 series <\/strong>W7-T1V SIPIN TECHNOLOGY CO., LTD<\/p>\n<p><strong>Product Type:\u00a0 F<\/strong><\/p>\n<p>W7-T1V030-10KF<\/p>\n<p>W7-T1V045-10KF<\/p>\n<p>W7-T1V060-10KF<\/p>\n<p>W7-T1V080-10KF<\/p>\n<p>W7-T1V100-10KF<\/p>\n<p>W7-T1V125-10KF<\/p>\n<p>W7-T1V150-10KF<\/p>\n<p>W7-T1V180-10KF<\/p>\n<p>W7-T1V230-10KF<\/p>\n<p>W7-T1V300-10KF<\/p>\n<p>W7-T1V380-10KF<\/p>\n<p>W7-T1V450-10KF<\/p>\n<p>W7-T1V580-10KF<\/p>\n<p>W7-T1V720-10KF<\/p>\n<p>&nbsp;<\/p>\n<p>W7-T1V030-11KF<\/p>\n<p>W7-T1V045-11KF<\/p>\n<p>W7-T1V060-11KF<\/p>\n<p>W7-T1V080-11KF<\/p>\n<p>W7-T1V100-11KF<\/p>\n<p>W7-T1V125-11KF<\/p>\n<p>W7-T1V150-11KF<\/p>\n<p>W7-T1V180-11KF<\/p>\n<p>W7-T1V230-11KF<\/p>\n<p>W7-T1V300-11KF<\/p>\n<p>W7-T1V380-11KF<\/p>\n<p>W7-T1V450-11KF<\/p>\n<p>W7-T1V580-11KF<\/p>\n<p>W7-T1V720-11KF<\/p>\n<p>&nbsp;<\/p>\n<p>W7-T1V030-12KF<\/p>\n<p>W7-T1V045-12KF<\/p>\n<p>W7-T1V060-12KF<\/p>\n<p>W7-T1V080-12KF<\/p>\n<p>W7-T1V100-12KF<\/p>\n<p>W7-T1V125-12KF<\/p>\n<p>W7-T1V150-12KF<\/p>\n<p>W7-T1V180-12KF<\/p>\n<p>W7-T1V230-12KF<\/p>\n<p>W7-T1V300-12KF<\/p>\n<p>W7-T1V380-12KF<\/p>\n<p>W7-T1V450-12KF<\/p>\n<p>W7-T1V580-12KF<\/p>\n<p>W7-T1V720-12KF<\/p>\n<p>&nbsp;<\/p>\n<p>W7-T1V030-13KF<\/p>\n<p>W7-T1V045-13KF<\/p>\n<p>W7-T1V060-13KF<\/p>\n<p>W7-T1V080-13KF<\/p>\n<p>W7-T1V100-13KF<\/p>\n<p>W7-T1V125-13KF<\/p>\n<p>W7-T1V150-13KF<\/p>\n<p>W7-T1V180-13KF<\/p>\n<p>W7-T1V230-13KF<\/p>\n<p>W7-T1V300-13KF<\/p>\n<p>W7-T1V380-13KF<\/p>\n<p>W7-T1V450-13KF<\/p>\n<p>W7-T1V580-13KF<\/p>\n<p>W7-T1V720-13KF<\/p>\n<p>&nbsp;<\/p>\n<p>W7-T1V030-10NF<\/p>\n<p>W7-T1V045-10NF<\/p>\n<p>W7-T1V060-10NF<\/p>\n<p>W7-T1V080-10NF<\/p>\n<p>W7-T1V100-10NF<\/p>\n<p>W7-T1V125-10NF<\/p>\n<p>W7-T1V150-10NF<\/p>\n<p>W7-T1V180-10NF<\/p>\n<p>W7-T1V230-10NF<\/p>\n<p>W7-T1V300-10NF<\/p>\n<p>W7-T1V380-10NF<\/p>\n<p>W7-T1V450-10NF<\/p>\n<p>W7-T1V580-10NF<\/p>\n<p>W7-T1V720-10NF<\/p>\n<p>&nbsp;<\/p>\n<p>W7-T1V030-11NF<\/p>\n<p>W7-T1V045-11NF<\/p>\n<p>W7-T1V060-11NF<\/p>\n<p>W7-T1V080-11NF<\/p>\n<p>W7-T1V100-11NF<\/p>\n<p>W7-T1V125-11NF<\/p>\n<p>W7-T1V150-11NF<\/p>\n<p>W7-T1V180-11NF<\/p>\n<p>W7-T1V230-11NF<\/p>\n<p>W7-T1V300-11NF<\/p>\n<p>W7-T1V380-11NF<\/p>\n<p>W7-T1V450-11NF<\/p>\n<p>W7-T1V580-11NF<\/p>\n<p>W7-T1V720-11NF<\/p>\n<p>&nbsp;<\/p>\n<p>W7-T1V030-12NF<\/p>\n<p>W7-T1V045-12NF<\/p>\n<p>W7-T1V060-12NF<\/p>\n<p>W7-T1V080-12NF<\/p>\n<p>W7-T1V100-12NF<\/p>\n<p>W7-T1V125-12NF<\/p>\n<p>W7-T1V150-12NF<\/p>\n<p>W7-T1V180-12NF<\/p>\n<p>W7-T1V230-12NF<\/p>\n<p>W7-T1V300-12NF<\/p>\n<p>W7-T1V380-12NF<\/p>\n<p>W7-T1V450-12NF<\/p>\n<p>W7-T1V580-12NF<\/p>\n<p>W7-T1V720-12NF<\/p>\n<p>&nbsp;<\/p>\n<p>W7-T1V030-13NF<\/p>\n<p>W7-T1V045-13NF<\/p>\n<p>W7-T1V060-13NF<\/p>\n<p>W7-T1V080-13NF<\/p>\n<p>W7-T1V100-13NF<\/p>\n<p>W7-T1V125-13NF<\/p>\n<p>W7-T1V150-13NF<\/p>\n<p>W7-T1V180-13NF<\/p>\n<p>W7-T1V230-13NF<\/p>\n<p>W7-T1V300-13NF<\/p>\n<p>W7-T1V380-13NF<\/p>\n<p>W7-T1V450-13NF<\/p>\n<p>W7-T1V580-13NF<\/p>\n<p>W7-T1V720-13NF<\/p>\n<p>&nbsp;<\/p>\n<p>W7-T1V030-20KF<\/p>\n<p>W7-T1V045-20KF<\/p>\n<p>W7-T1V060-20KF<\/p>\n<p>W7-T1V080-20KF<\/p>\n<p>W7-T1V100-20KF<\/p>\n<p>W7-S1V125-20KF<\/p>\n<p>W7-T1V150-20KF<\/p>\n<p>W7-T1V180-20KF<\/p>\n<p>W7-T1V230-20KF<\/p>\n<p>W7-T1V300-20KF<\/p>\n<p>W7-T1V380-20KF<\/p>\n<p>W7-T1V450-20KF<\/p>\n<p>W7-T1V580-20KF<\/p>\n<p>W7-T1V720-20KF<\/p>\n<p>&nbsp;<\/p>\n<p>W7-T1V030-21KF<\/p>\n<p>W7-T1V045-21KF<\/p>\n<p>W7-T1V060-21KF<\/p>\n<p>W7-T1V080-21KF<\/p>\n<p>W7-T1V100-21KF<\/p>\n<p>W7-T1V125-21KF<\/p>\n<p>W7-T1V150-21KF<\/p>\n<p>W7-T1V180-21KF<\/p>\n<p>W7-T1V230-21KF<\/p>\n<p>W7-T1V300-21KF<\/p>\n<p>W7-T1V380-21KF<\/p>\n<p>W7-T1V450-21KF<\/p>\n<p>W7-T1V580-21KF<\/p>\n<p>W7-T1V720-21KF<\/p>\n<p>&nbsp;<\/p>\n<p>W7-T1V030-22KF<\/p>\n<p>W7-T1V045-22KF<\/p>\n<p>W7-T1V060-22KF<\/p>\n<p>W7-T1V080-22KF<\/p>\n<p>W7-T1V100-22KF<\/p>\n<p>W7-T1V125-22KF<\/p>\n<p>W7-T1V150-22KF<\/p>\n<p>W7-T1V180-22KF<\/p>\n<p>W7-T1V230-22KF<\/p>\n<p>W7-T1V300-22KF<\/p>\n<p>W7-T1V380-22KF<\/p>\n<p>W7-T1V450-22KF<\/p>\n<p>W7-T1V580-22KF<\/p>\n<p>W7-T1V720-22KF<\/p>\n<p>&nbsp;<\/p>\n<p>W7-T1V030-23KF<\/p>\n<p>W7-T1V045-23KF<\/p>\n<p>W7-T1V060-23KF<\/p>\n<p>W7-T1V080-23KF<\/p>\n<p>W7-T1V100-23KF<\/p>\n<p>W7-T1V125-23KF<\/p>\n<p>W7-T1V150-23KF<\/p>\n<p>W7-T1V180-23KF<\/p>\n<p>W7-T1V230-23KF<\/p>\n<p>W7-T1V300-23KF<\/p>\n<p>W7-T1V380-23KF<\/p>\n<p>W7-T1V450-23KF<\/p>\n<p>W7-T1V580-23KF<\/p>\n<p>W7-T1V720-23KF<\/p>\n<p>&nbsp;<\/p>\n<p>W7-T1V030-20NF<\/p>\n<p>W7-T1V045-20NF<\/p>\n<p>W7-T1V060-20NF<\/p>\n<p>W7-T1V080-20NF<\/p>\n<p>W7-T1V100-20NF<\/p>\n<p>W7-T1V125-20NF<\/p>\n<p>W7-T1V150-20NF<\/p>\n<p>W7-T1V180-20NP<\/p>\n<p>W7-T1V230-20NF<\/p>\n<p>W7-T1V300-20NF<\/p>\n<p>W7-T1V380-20NF<\/p>\n<p>W7-T1V450-20NF<\/p>\n<p>W7-T1V580-20NF<\/p>\n<p>W7-T1V720-20NF<\/p>\n<p>&nbsp;<\/p>\n<p>W7-T1V030-21NF<\/p>\n<p>W7-T1V045-21NF<\/p>\n<p>W7-T1V060-21NF<\/p>\n<p>W7-T1V080-21NF<\/p>\n<p>W7-T1V100-21NF<\/p>\n<p>W7-T1V125-21NF<\/p>\n<p>W7-T1V150-21NF<\/p>\n<p>W7-T1V180-21NF<\/p>\n<p>W7-T1V230-21NF<\/p>\n<p>W7-T1V300-21NF<\/p>\n<p>W7-T1V380-21NF<\/p>\n<p>W7-T1V450-21NF<\/p>\n<p>W7-T1V580-21NF<\/p>\n<p>W7-T1V720-21NF<\/p>\n<p>&nbsp;<\/p>\n<p>W7-T1V030-22NF<\/p>\n<p>W7-T1V045-22NF<\/p>\n<p>W7-T1V060-22NF<\/p>\n<p>W7-T1V080-22NF<\/p>\n<p>W7-T1V100-22NF<\/p>\n<p>W7-T1V125-22NF<\/p>\n<p>W7-T1V150-22NF<\/p>\n<p>W7-T1V180-22NF<\/p>\n<p>W7-T1V230-22NF<\/p>\n<p>W7-T1V300-22NF<\/p>\n<p>W7-T1V380-22NF<\/p>\n<p>W7-T1V450-22NF<\/p>\n<p>W7-T1V580-22NF<\/p>\n<p>W7-T1V720-22NF<\/p>\n<p>&nbsp;<\/p>\n<p>W7-T1V030-23NF<\/p>\n<p>W7-T1V045-23NF<\/p>\n<p>W7-T1V060-23NF<\/p>\n<p>W7-T1V080-23NF<\/p>\n<p>W7-T1V100-23NF<\/p>\n<p>W7-T1V125-23NF<\/p>\n<p>W7-T1V150-23NF<\/p>\n<p>W7-T1V180-23NF<\/p>\n<p>W7-T1V230-23NF<\/p>\n<p>W7-T1V300-23NF<\/p>\n<p>W7-T1V380-23NF<\/p>\n<p>W7-T1V450-23NF<\/p>\n<p>W7-T1V580-23NF<\/p>\n<p>W7-T1V720-23NF<\/p>\n<p>&nbsp;<\/p>\n","protected":false},"excerpt":{"rendered":"<p>SIPIN W7-T1V030-10KF Digital Thyristor Power Regulator W7 series W7-T1V SIPIN TECHNOLOGY CO., LTD TECHNICAL DATA Manufacturer:Sipin Series:W7-T1V Rated Current:30 A Control:3-Wire 3-Phase Angle Control (without Neutral) Main Power Voltage:40-120 Vac Auxiliary Power:110 Vac Input Signal:4 \u2013 20 mA Cooling by:Fan Cooling Weight\/Piece (gms):3500 Warranty:1-Year Downward-opened panel designed, Convenient for fuse&hellip; <\/p>\n","protected":false},"featured_media":2724,"comment_status":"open","ping_status":"closed","template":"","meta":[],"product_cat":[281],"product_tag":[261,260,556],"class_list":{"0":"post-2752","1":"product","2":"type-product","3":"status-publish","4":"has-post-thumbnail","6":"product_cat-sipin","7":"product_tag-dai-ly-sipin-viet-nam","8":"product_tag-sipin-viet-nam","9":"product_tag-thyristor-power-regulator","11":"first","12":"instock","13":"shipping-taxable","14":"product-type-simple"},"yoast_head":"<!-- This site is optimized with the Yoast SEO plugin v22.8 - https:\/\/yoast.com\/wordpress\/plugins\/seo\/ -->\n<title>SIPIN W7-T1V030-10KF - OMANI VI\u1ec6T NAM<\/title>\n<meta name=\"robots\" content=\"index, follow, max-snippet:-1, max-image-preview:large, max-video-preview:-1\" \/>\n<link rel=\"canonical\" href=\"https:\/\/omanivietnam.com\/index.php\/san-pham\/sipin-w7-t1v030-10kf\/\" \/>\n<meta property=\"og:locale\" content=\"vi_VN\" \/>\n<meta property=\"og:type\" content=\"article\" \/>\n<meta property=\"og:title\" content=\"SIPIN W7-T1V030-10KF - OMANI VI\u1ec6T NAM\" \/>\n<meta property=\"og:description\" content=\"SIPIN W7-T1V030-10KF Digital Thyristor Power Regulator W7 series W7-T1V SIPIN TECHNOLOGY CO., LTD TECHNICAL DATA Manufacturer:Sipin Series:W7-T1V Rated Current:30 A Control:3-Wire 3-Phase Angle Control (without Neutral) Main Power Voltage:40-120 Vac Auxiliary Power:110 Vac Input Signal:4 \u2013 20 mA Cooling by:Fan Cooling Weight\/Piece (gms):3500 Warranty:1-Year Downward-opened panel designed, Convenient for fuse&hellip;\" \/>\n<meta property=\"og:url\" content=\"https:\/\/omanivietnam.com\/index.php\/san-pham\/sipin-w7-t1v030-10kf\/\" \/>\n<meta property=\"og:site_name\" content=\"OMANI VI\u1ec6T NAM\" \/>\n<meta property=\"article:modified_time\" content=\"2024-11-16T22:48:26+00:00\" \/>\n<meta property=\"og:image\" content=\"https:\/\/omanivietnam.com\/wp-content\/uploads\/2024\/11\/W7.png\" \/>\n\t<meta property=\"og:image:width\" content=\"568\" \/>\n\t<meta property=\"og:image:height\" content=\"557\" \/>\n\t<meta property=\"og:image:type\" content=\"image\/png\" \/>\n<meta name=\"twitter:card\" content=\"summary_large_image\" \/>\n<meta name=\"twitter:label1\" content=\"\u01af\u1edbc t\u00ednh th\u1eddi gian \u0111\u1ecdc\" \/>\n\t<meta name=\"twitter:data1\" content=\"5 ph\u00fat\" \/>\n<script type=\"application\/ld+json\" class=\"yoast-schema-graph\">{\"@context\":\"https:\/\/schema.org\",\"@graph\":[{\"@type\":\"WebPage\",\"@id\":\"https:\/\/omanivietnam.com\/index.php\/san-pham\/sipin-w7-t1v030-10kf\/\",\"url\":\"https:\/\/omanivietnam.com\/index.php\/san-pham\/sipin-w7-t1v030-10kf\/\",\"name\":\"SIPIN W7-T1V030-10KF - OMANI VI\u1ec6T NAM\",\"isPartOf\":{\"@id\":\"https:\/\/omanivietnam.com\/#website\"},\"primaryImageOfPage\":{\"@id\":\"https:\/\/omanivietnam.com\/index.php\/san-pham\/sipin-w7-t1v030-10kf\/#primaryimage\"},\"image\":{\"@id\":\"https:\/\/omanivietnam.com\/index.php\/san-pham\/sipin-w7-t1v030-10kf\/#primaryimage\"},\"thumbnailUrl\":\"https:\/\/omanivietnam.com\/wp-content\/uploads\/2024\/11\/W7.png\",\"datePublished\":\"2024-11-16T22:46:57+00:00\",\"dateModified\":\"2024-11-16T22:48:26+00:00\",\"breadcrumb\":{\"@id\":\"https:\/\/omanivietnam.com\/index.php\/san-pham\/sipin-w7-t1v030-10kf\/#breadcrumb\"},\"inLanguage\":\"vi\",\"potentialAction\":[{\"@type\":\"ReadAction\",\"target\":[\"https:\/\/omanivietnam.com\/index.php\/san-pham\/sipin-w7-t1v030-10kf\/\"]}]},{\"@type\":\"ImageObject\",\"inLanguage\":\"vi\",\"@id\":\"https:\/\/omanivietnam.com\/index.php\/san-pham\/sipin-w7-t1v030-10kf\/#primaryimage\",\"url\":\"https:\/\/omanivietnam.com\/wp-content\/uploads\/2024\/11\/W7.png\",\"contentUrl\":\"https:\/\/omanivietnam.com\/wp-content\/uploads\/2024\/11\/W7.png\",\"width\":568,\"height\":557},{\"@type\":\"BreadcrumbList\",\"@id\":\"https:\/\/omanivietnam.com\/index.php\/san-pham\/sipin-w7-t1v030-10kf\/#breadcrumb\",\"itemListElement\":[{\"@type\":\"ListItem\",\"position\":1,\"name\":\"Home\",\"item\":\"https:\/\/omanivietnam.com\/\"},{\"@type\":\"ListItem\",\"position\":2,\"name\":\"S\u1ea2N PH\u1ea8M\",\"item\":\"https:\/\/omanivietnam.com\/index.php\/cua-hang\/\"},{\"@type\":\"ListItem\",\"position\":3,\"name\":\"SIPIN W7-T1V030-10KF\"}]},{\"@type\":\"WebSite\",\"@id\":\"https:\/\/omanivietnam.com\/#website\",\"url\":\"https:\/\/omanivietnam.com\/\",\"name\":\"OMANI VI\u1ec6T NAM\",\"description\":\"Nh\u00e0 ph\u00e2n ph\u1ed1i thi\u1ebft b\u1ecb kh\u00ed n\u00e9n v\u00e0 thi\u1ebft b\u1ecb t\u1ef1 \u0111\u1ed9ng h\u00f3a trong c\u00f4ng nghi\u1ec7p\",\"publisher\":{\"@id\":\"https:\/\/omanivietnam.com\/#\/schema\/person\/0ad398a980dc3fd696111c2c5c8fa897\"},\"potentialAction\":[{\"@type\":\"SearchAction\",\"target\":{\"@type\":\"EntryPoint\",\"urlTemplate\":\"https:\/\/omanivietnam.com\/?s={search_term_string}\"},\"query-input\":\"required name=search_term_string\"}],\"inLanguage\":\"vi\"},{\"@type\":[\"Person\",\"Organization\"],\"@id\":\"https:\/\/omanivietnam.com\/#\/schema\/person\/0ad398a980dc3fd696111c2c5c8fa897\",\"name\":\"Nguy\u1ec5n V\u0103n Kh\u00e1nh\",\"image\":{\"@type\":\"ImageObject\",\"inLanguage\":\"vi\",\"@id\":\"https:\/\/omanivietnam.com\/#\/schema\/person\/image\/\",\"url\":\"https:\/\/omanivietnam.com\/wp-content\/uploads\/2024\/06\/logo-1024x1024.png\",\"contentUrl\":\"https:\/\/omanivietnam.com\/wp-content\/uploads\/2024\/06\/logo-1024x1024.png\",\"width\":1024,\"height\":1024,\"caption\":\"Nguy\u1ec5n V\u0103n Kh\u00e1nh\"},\"logo\":{\"@id\":\"https:\/\/omanivietnam.com\/#\/schema\/person\/image\/\"},\"sameAs\":[\"https:\/\/omanivietnam.com\"]}]}<\/script>\n<!-- \/ Yoast SEO plugin. -->","yoast_head_json":{"title":"SIPIN W7-T1V030-10KF - OMANI VI\u1ec6T NAM","robots":{"index":"index","follow":"follow","max-snippet":"max-snippet:-1","max-image-preview":"max-image-preview:large","max-video-preview":"max-video-preview:-1"},"canonical":"https:\/\/omanivietnam.com\/index.php\/san-pham\/sipin-w7-t1v030-10kf\/","og_locale":"vi_VN","og_type":"article","og_title":"SIPIN W7-T1V030-10KF - OMANI VI\u1ec6T NAM","og_description":"SIPIN W7-T1V030-10KF Digital Thyristor Power Regulator W7 series W7-T1V SIPIN TECHNOLOGY CO., LTD TECHNICAL DATA Manufacturer:Sipin Series:W7-T1V Rated Current:30 A Control:3-Wire 3-Phase Angle Control (without Neutral) Main Power Voltage:40-120 Vac Auxiliary Power:110 Vac Input Signal:4 \u2013 20 mA Cooling by:Fan Cooling Weight\/Piece (gms):3500 Warranty:1-Year Downward-opened panel designed, Convenient for fuse&hellip;","og_url":"https:\/\/omanivietnam.com\/index.php\/san-pham\/sipin-w7-t1v030-10kf\/","og_site_name":"OMANI VI\u1ec6T NAM","article_modified_time":"2024-11-16T22:48:26+00:00","og_image":[{"width":568,"height":557,"url":"https:\/\/omanivietnam.com\/wp-content\/uploads\/2024\/11\/W7.png","type":"image\/png"}],"twitter_card":"summary_large_image","twitter_misc":{"\u01af\u1edbc t\u00ednh th\u1eddi gian \u0111\u1ecdc":"5 ph\u00fat"},"schema":{"@context":"https:\/\/schema.org","@graph":[{"@type":"WebPage","@id":"https:\/\/omanivietnam.com\/index.php\/san-pham\/sipin-w7-t1v030-10kf\/","url":"https:\/\/omanivietnam.com\/index.php\/san-pham\/sipin-w7-t1v030-10kf\/","name":"SIPIN W7-T1V030-10KF - OMANI VI\u1ec6T NAM","isPartOf":{"@id":"https:\/\/omanivietnam.com\/#website"},"primaryImageOfPage":{"@id":"https:\/\/omanivietnam.com\/index.php\/san-pham\/sipin-w7-t1v030-10kf\/#primaryimage"},"image":{"@id":"https:\/\/omanivietnam.com\/index.php\/san-pham\/sipin-w7-t1v030-10kf\/#primaryimage"},"thumbnailUrl":"https:\/\/omanivietnam.com\/wp-content\/uploads\/2024\/11\/W7.png","datePublished":"2024-11-16T22:46:57+00:00","dateModified":"2024-11-16T22:48:26+00:00","breadcrumb":{"@id":"https:\/\/omanivietnam.com\/index.php\/san-pham\/sipin-w7-t1v030-10kf\/#breadcrumb"},"inLanguage":"vi","potentialAction":[{"@type":"ReadAction","target":["https:\/\/omanivietnam.com\/index.php\/san-pham\/sipin-w7-t1v030-10kf\/"]}]},{"@type":"ImageObject","inLanguage":"vi","@id":"https:\/\/omanivietnam.com\/index.php\/san-pham\/sipin-w7-t1v030-10kf\/#primaryimage","url":"https:\/\/omanivietnam.com\/wp-content\/uploads\/2024\/11\/W7.png","contentUrl":"https:\/\/omanivietnam.com\/wp-content\/uploads\/2024\/11\/W7.png","width":568,"height":557},{"@type":"BreadcrumbList","@id":"https:\/\/omanivietnam.com\/index.php\/san-pham\/sipin-w7-t1v030-10kf\/#breadcrumb","itemListElement":[{"@type":"ListItem","position":1,"name":"Home","item":"https:\/\/omanivietnam.com\/"},{"@type":"ListItem","position":2,"name":"S\u1ea2N PH\u1ea8M","item":"https:\/\/omanivietnam.com\/index.php\/cua-hang\/"},{"@type":"ListItem","position":3,"name":"SIPIN W7-T1V030-10KF"}]},{"@type":"WebSite","@id":"https:\/\/omanivietnam.com\/#website","url":"https:\/\/omanivietnam.com\/","name":"OMANI VI\u1ec6T NAM","description":"Nh\u00e0 ph\u00e2n ph\u1ed1i thi\u1ebft b\u1ecb kh\u00ed n\u00e9n v\u00e0 thi\u1ebft b\u1ecb t\u1ef1 \u0111\u1ed9ng h\u00f3a trong c\u00f4ng nghi\u1ec7p","publisher":{"@id":"https:\/\/omanivietnam.com\/#\/schema\/person\/0ad398a980dc3fd696111c2c5c8fa897"},"potentialAction":[{"@type":"SearchAction","target":{"@type":"EntryPoint","urlTemplate":"https:\/\/omanivietnam.com\/?s={search_term_string}"},"query-input":"required name=search_term_string"}],"inLanguage":"vi"},{"@type":["Person","Organization"],"@id":"https:\/\/omanivietnam.com\/#\/schema\/person\/0ad398a980dc3fd696111c2c5c8fa897","name":"Nguy\u1ec5n V\u0103n Kh\u00e1nh","image":{"@type":"ImageObject","inLanguage":"vi","@id":"https:\/\/omanivietnam.com\/#\/schema\/person\/image\/","url":"https:\/\/omanivietnam.com\/wp-content\/uploads\/2024\/06\/logo-1024x1024.png","contentUrl":"https:\/\/omanivietnam.com\/wp-content\/uploads\/2024\/06\/logo-1024x1024.png","width":1024,"height":1024,"caption":"Nguy\u1ec5n V\u0103n Kh\u00e1nh"},"logo":{"@id":"https:\/\/omanivietnam.com\/#\/schema\/person\/image\/"},"sameAs":["https:\/\/omanivietnam.com"]}]}},"_links":{"self":[{"href":"https:\/\/omanivietnam.com\/index.php\/wp-json\/wp\/v2\/product\/2752","targetHints":{"allow":["GET"]}}],"collection":[{"href":"https:\/\/omanivietnam.com\/index.php\/wp-json\/wp\/v2\/product"}],"about":[{"href":"https:\/\/omanivietnam.com\/index.php\/wp-json\/wp\/v2\/types\/product"}],"replies":[{"embeddable":true,"href":"https:\/\/omanivietnam.com\/index.php\/wp-json\/wp\/v2\/comments?post=2752"}],"wp:featuredmedia":[{"embeddable":true,"href":"https:\/\/omanivietnam.com\/index.php\/wp-json\/wp\/v2\/media\/2724"}],"wp:attachment":[{"href":"https:\/\/omanivietnam.com\/index.php\/wp-json\/wp\/v2\/media?parent=2752"}],"wp:term":[{"taxonomy":"product_cat","embeddable":true,"href":"https:\/\/omanivietnam.com\/index.php\/wp-json\/wp\/v2\/product_cat?post=2752"},{"taxonomy":"product_tag","embeddable":true,"href":"https:\/\/omanivietnam.com\/index.php\/wp-json\/wp\/v2\/product_tag?post=2752"}],"curies":[{"name":"wp","href":"https:\/\/api.w.org\/{rel}","templated":true}]}}