{"id":2806,"date":"2024-11-19T05:36:07","date_gmt":"2024-11-18T22:36:07","guid":{"rendered":"https:\/\/omanivietnam.com\/?post_type=product&#038;p=2806"},"modified":"2024-11-19T05:36:07","modified_gmt":"2024-11-18T22:36:07","slug":"sipin-sp48p26","status":"publish","type":"product","link":"https:\/\/omanivietnam.com\/index.php\/san-pham\/sipin-sp48p26\/","title":{"rendered":"SIPIN SP48P26"},"content":{"rendered":"<p>SIPIN SP48P26<\/p>\n<p class=\"pro_text\">WS Series-Power Regulator<\/p>\n<p>* The compact design, no suziliary poweer sourch.<\/p>\n<p>*DIN35 guiderail, easy installation, removeal and moving.<\/p>\n<p>*Dual SCR architecture, highly voltage and current withstanding.<\/p>\n<p>Features:<\/p>\n<ul>\n<li>The compact design of S series needs no auxiliary power source and comes in simple wiring so that it can be controlled by just 4-20mA input.<\/li>\n<li>Unique design that incorporates fixing by DIN35 guiderail, allowing easy installation, removal and moving.<\/li>\n<li>Dual SCR architecture, highly voltage and current withstanding, free from any interference to excel all average TRIACs.<\/li>\n<li>Includes protection and indication of over-temperature output stopping.<\/li>\n<li>Large heat dissipation area, sufficient capacity.<\/li>\n<li>Design of single specification providing wide range of application from 180 to 480VAC.<\/li>\n<\/ul>\n<p><img decoding=\"async\" src=\"https:\/\/en.scr.com.tw\/upload\/images\/WS-E-selection(Table%20of%20Product%20ID).jpg\" \/><\/p>\n<p>&nbsp;<\/p>\n<p><strong>Power Regulator_S series_SIPIN<\/strong><\/p>\n<p><strong>SP48P18<\/strong><\/p>\n<p>Rated current: 18A<\/p>\n<p>Rated voltage: 180 \u2013 480VAC<\/p>\n<p>Appropriate fuse: FWC-25A10F<\/p>\n<p>Outer dimensions: 90L*54W*98H<\/p>\n<p>Product weight: 0.45kg<\/p>\n<p>&nbsp;<\/p>\n<p><strong>SP48P26<\/strong><\/p>\n<p>Rated current: 26A<\/p>\n<p>Rated voltage: 180 \u2013 480VAC<\/p>\n<p>Appropriate fuse: FWC-32A10F<\/p>\n<p>Outer dimensions: 130L*54W*98H<\/p>\n<p>Product weight: 0.6kg<\/p>\n<p><strong>\u00a0<\/strong><\/p>\n<p><strong>SP48P36<\/strong><\/p>\n<p>Rated current: 36A<\/p>\n<p>Rated voltage: 180 \u2013 480VAC<\/p>\n<p>Appropriate fuse: 45ET<\/p>\n<p>Outer dimensions: 90L*54W*148H<\/p>\n<p>Product weight: 0.65kg<\/p>\n<p><strong>\u00a0<\/strong><\/p>\n<p><strong>SP48P46<\/strong><\/p>\n<p>Rated current: 46A<\/p>\n<p>Rated voltage: 180 \u2013 480VAC<\/p>\n<p>Appropriate fuse: 63FE<\/p>\n<p>Outer dimensions: 130L*54W*148H<\/p>\n<p>Product weight: 0.9kg<\/p>\n<p>&nbsp;<\/p>\n","protected":false},"excerpt":{"rendered":"<p>SIPIN SP48P26 WS Series-Power Regulator * The compact design, no suziliary poweer sourch. *DIN35 guiderail, easy installation, removeal and moving. *Dual SCR architecture, highly voltage and current withstanding. Features: The compact design of S series needs no auxiliary power source and comes in simple wiring so that it can be&hellip; <\/p>\n","protected":false},"featured_media":2807,"comment_status":"open","ping_status":"closed","template":"","meta":[],"product_cat":[281],"product_tag":[261,260,556],"class_list":{"0":"post-2806","1":"product","2":"type-product","3":"status-publish","4":"has-post-thumbnail","6":"product_cat-sipin","7":"product_tag-dai-ly-sipin-viet-nam","8":"product_tag-sipin-viet-nam","9":"product_tag-thyristor-power-regulator","11":"first","12":"instock","13":"shipping-taxable","14":"product-type-simple"},"yoast_head":"<!-- This site is optimized with the Yoast SEO plugin v22.8 - https:\/\/yoast.com\/wordpress\/plugins\/seo\/ -->\n<title>SIPIN SP48P26 - OMANI VI\u1ec6T NAM<\/title>\n<meta name=\"robots\" content=\"index, follow, max-snippet:-1, max-image-preview:large, max-video-preview:-1\" \/>\n<link rel=\"canonical\" href=\"https:\/\/omanivietnam.com\/index.php\/san-pham\/sipin-sp48p26\/\" \/>\n<meta property=\"og:locale\" content=\"vi_VN\" \/>\n<meta property=\"og:type\" content=\"article\" \/>\n<meta property=\"og:title\" content=\"SIPIN SP48P26 - OMANI VI\u1ec6T NAM\" \/>\n<meta property=\"og:description\" content=\"SIPIN SP48P26 WS Series-Power Regulator * The compact design, no suziliary poweer sourch. *DIN35 guiderail, easy installation, removeal and moving. *Dual SCR architecture, highly voltage and current withstanding. Features: The compact design of S series needs no auxiliary power source and comes in simple wiring so that it can be&hellip;\" \/>\n<meta property=\"og:url\" content=\"https:\/\/omanivietnam.com\/index.php\/san-pham\/sipin-sp48p26\/\" \/>\n<meta property=\"og:site_name\" content=\"OMANI VI\u1ec6T NAM\" \/>\n<meta property=\"og:image\" content=\"https:\/\/omanivietnam.com\/wp-content\/uploads\/2024\/11\/SP48P26.png\" \/>\n\t<meta property=\"og:image:width\" content=\"498\" \/>\n\t<meta property=\"og:image:height\" content=\"462\" \/>\n\t<meta property=\"og:image:type\" content=\"image\/png\" \/>\n<meta name=\"twitter:card\" content=\"summary_large_image\" \/>\n<meta name=\"twitter:label1\" content=\"\u01af\u1edbc t\u00ednh th\u1eddi gian \u0111\u1ecdc\" \/>\n\t<meta name=\"twitter:data1\" content=\"2 ph\u00fat\" \/>\n<script type=\"application\/ld+json\" class=\"yoast-schema-graph\">{\"@context\":\"https:\/\/schema.org\",\"@graph\":[{\"@type\":\"WebPage\",\"@id\":\"https:\/\/omanivietnam.com\/index.php\/san-pham\/sipin-sp48p26\/\",\"url\":\"https:\/\/omanivietnam.com\/index.php\/san-pham\/sipin-sp48p26\/\",\"name\":\"SIPIN SP48P26 - OMANI VI\u1ec6T NAM\",\"isPartOf\":{\"@id\":\"https:\/\/omanivietnam.com\/#website\"},\"primaryImageOfPage\":{\"@id\":\"https:\/\/omanivietnam.com\/index.php\/san-pham\/sipin-sp48p26\/#primaryimage\"},\"image\":{\"@id\":\"https:\/\/omanivietnam.com\/index.php\/san-pham\/sipin-sp48p26\/#primaryimage\"},\"thumbnailUrl\":\"https:\/\/omanivietnam.com\/wp-content\/uploads\/2024\/11\/SP48P26.png\",\"datePublished\":\"2024-11-18T22:36:07+00:00\",\"dateModified\":\"2024-11-18T22:36:07+00:00\",\"breadcrumb\":{\"@id\":\"https:\/\/omanivietnam.com\/index.php\/san-pham\/sipin-sp48p26\/#breadcrumb\"},\"inLanguage\":\"vi\",\"potentialAction\":[{\"@type\":\"ReadAction\",\"target\":[\"https:\/\/omanivietnam.com\/index.php\/san-pham\/sipin-sp48p26\/\"]}]},{\"@type\":\"ImageObject\",\"inLanguage\":\"vi\",\"@id\":\"https:\/\/omanivietnam.com\/index.php\/san-pham\/sipin-sp48p26\/#primaryimage\",\"url\":\"https:\/\/omanivietnam.com\/wp-content\/uploads\/2024\/11\/SP48P26.png\",\"contentUrl\":\"https:\/\/omanivietnam.com\/wp-content\/uploads\/2024\/11\/SP48P26.png\",\"width\":498,\"height\":462},{\"@type\":\"BreadcrumbList\",\"@id\":\"https:\/\/omanivietnam.com\/index.php\/san-pham\/sipin-sp48p26\/#breadcrumb\",\"itemListElement\":[{\"@type\":\"ListItem\",\"position\":1,\"name\":\"Home\",\"item\":\"https:\/\/omanivietnam.com\/\"},{\"@type\":\"ListItem\",\"position\":2,\"name\":\"S\u1ea2N PH\u1ea8M\",\"item\":\"https:\/\/omanivietnam.com\/index.php\/cua-hang\/\"},{\"@type\":\"ListItem\",\"position\":3,\"name\":\"SIPIN SP48P26\"}]},{\"@type\":\"WebSite\",\"@id\":\"https:\/\/omanivietnam.com\/#website\",\"url\":\"https:\/\/omanivietnam.com\/\",\"name\":\"OMANI VI\u1ec6T NAM\",\"description\":\"Nh\u00e0 ph\u00e2n ph\u1ed1i thi\u1ebft b\u1ecb kh\u00ed n\u00e9n v\u00e0 thi\u1ebft b\u1ecb t\u1ef1 \u0111\u1ed9ng h\u00f3a trong c\u00f4ng nghi\u1ec7p\",\"publisher\":{\"@id\":\"https:\/\/omanivietnam.com\/#\/schema\/person\/0ad398a980dc3fd696111c2c5c8fa897\"},\"potentialAction\":[{\"@type\":\"SearchAction\",\"target\":{\"@type\":\"EntryPoint\",\"urlTemplate\":\"https:\/\/omanivietnam.com\/?s={search_term_string}\"},\"query-input\":\"required name=search_term_string\"}],\"inLanguage\":\"vi\"},{\"@type\":[\"Person\",\"Organization\"],\"@id\":\"https:\/\/omanivietnam.com\/#\/schema\/person\/0ad398a980dc3fd696111c2c5c8fa897\",\"name\":\"Nguy\u1ec5n V\u0103n Kh\u00e1nh\",\"image\":{\"@type\":\"ImageObject\",\"inLanguage\":\"vi\",\"@id\":\"https:\/\/omanivietnam.com\/#\/schema\/person\/image\/\",\"url\":\"https:\/\/omanivietnam.com\/wp-content\/uploads\/2024\/06\/logo-1024x1024.png\",\"contentUrl\":\"https:\/\/omanivietnam.com\/wp-content\/uploads\/2024\/06\/logo-1024x1024.png\",\"width\":1024,\"height\":1024,\"caption\":\"Nguy\u1ec5n V\u0103n Kh\u00e1nh\"},\"logo\":{\"@id\":\"https:\/\/omanivietnam.com\/#\/schema\/person\/image\/\"},\"sameAs\":[\"https:\/\/omanivietnam.com\"]}]}<\/script>\n<!-- \/ Yoast SEO plugin. -->","yoast_head_json":{"title":"SIPIN SP48P26 - OMANI VI\u1ec6T NAM","robots":{"index":"index","follow":"follow","max-snippet":"max-snippet:-1","max-image-preview":"max-image-preview:large","max-video-preview":"max-video-preview:-1"},"canonical":"https:\/\/omanivietnam.com\/index.php\/san-pham\/sipin-sp48p26\/","og_locale":"vi_VN","og_type":"article","og_title":"SIPIN SP48P26 - OMANI VI\u1ec6T NAM","og_description":"SIPIN SP48P26 WS Series-Power Regulator * The compact design, no suziliary poweer sourch. *DIN35 guiderail, easy installation, removeal and moving. *Dual SCR architecture, highly voltage and current withstanding. Features: The compact design of S series needs no auxiliary power source and comes in simple wiring so that it can be&hellip;","og_url":"https:\/\/omanivietnam.com\/index.php\/san-pham\/sipin-sp48p26\/","og_site_name":"OMANI VI\u1ec6T NAM","og_image":[{"width":498,"height":462,"url":"https:\/\/omanivietnam.com\/wp-content\/uploads\/2024\/11\/SP48P26.png","type":"image\/png"}],"twitter_card":"summary_large_image","twitter_misc":{"\u01af\u1edbc t\u00ednh th\u1eddi gian \u0111\u1ecdc":"2 ph\u00fat"},"schema":{"@context":"https:\/\/schema.org","@graph":[{"@type":"WebPage","@id":"https:\/\/omanivietnam.com\/index.php\/san-pham\/sipin-sp48p26\/","url":"https:\/\/omanivietnam.com\/index.php\/san-pham\/sipin-sp48p26\/","name":"SIPIN SP48P26 - OMANI VI\u1ec6T NAM","isPartOf":{"@id":"https:\/\/omanivietnam.com\/#website"},"primaryImageOfPage":{"@id":"https:\/\/omanivietnam.com\/index.php\/san-pham\/sipin-sp48p26\/#primaryimage"},"image":{"@id":"https:\/\/omanivietnam.com\/index.php\/san-pham\/sipin-sp48p26\/#primaryimage"},"thumbnailUrl":"https:\/\/omanivietnam.com\/wp-content\/uploads\/2024\/11\/SP48P26.png","datePublished":"2024-11-18T22:36:07+00:00","dateModified":"2024-11-18T22:36:07+00:00","breadcrumb":{"@id":"https:\/\/omanivietnam.com\/index.php\/san-pham\/sipin-sp48p26\/#breadcrumb"},"inLanguage":"vi","potentialAction":[{"@type":"ReadAction","target":["https:\/\/omanivietnam.com\/index.php\/san-pham\/sipin-sp48p26\/"]}]},{"@type":"ImageObject","inLanguage":"vi","@id":"https:\/\/omanivietnam.com\/index.php\/san-pham\/sipin-sp48p26\/#primaryimage","url":"https:\/\/omanivietnam.com\/wp-content\/uploads\/2024\/11\/SP48P26.png","contentUrl":"https:\/\/omanivietnam.com\/wp-content\/uploads\/2024\/11\/SP48P26.png","width":498,"height":462},{"@type":"BreadcrumbList","@id":"https:\/\/omanivietnam.com\/index.php\/san-pham\/sipin-sp48p26\/#breadcrumb","itemListElement":[{"@type":"ListItem","position":1,"name":"Home","item":"https:\/\/omanivietnam.com\/"},{"@type":"ListItem","position":2,"name":"S\u1ea2N PH\u1ea8M","item":"https:\/\/omanivietnam.com\/index.php\/cua-hang\/"},{"@type":"ListItem","position":3,"name":"SIPIN SP48P26"}]},{"@type":"WebSite","@id":"https:\/\/omanivietnam.com\/#website","url":"https:\/\/omanivietnam.com\/","name":"OMANI VI\u1ec6T NAM","description":"Nh\u00e0 ph\u00e2n ph\u1ed1i thi\u1ebft b\u1ecb kh\u00ed n\u00e9n v\u00e0 thi\u1ebft b\u1ecb t\u1ef1 \u0111\u1ed9ng h\u00f3a trong c\u00f4ng nghi\u1ec7p","publisher":{"@id":"https:\/\/omanivietnam.com\/#\/schema\/person\/0ad398a980dc3fd696111c2c5c8fa897"},"potentialAction":[{"@type":"SearchAction","target":{"@type":"EntryPoint","urlTemplate":"https:\/\/omanivietnam.com\/?s={search_term_string}"},"query-input":"required name=search_term_string"}],"inLanguage":"vi"},{"@type":["Person","Organization"],"@id":"https:\/\/omanivietnam.com\/#\/schema\/person\/0ad398a980dc3fd696111c2c5c8fa897","name":"Nguy\u1ec5n V\u0103n Kh\u00e1nh","image":{"@type":"ImageObject","inLanguage":"vi","@id":"https:\/\/omanivietnam.com\/#\/schema\/person\/image\/","url":"https:\/\/omanivietnam.com\/wp-content\/uploads\/2024\/06\/logo-1024x1024.png","contentUrl":"https:\/\/omanivietnam.com\/wp-content\/uploads\/2024\/06\/logo-1024x1024.png","width":1024,"height":1024,"caption":"Nguy\u1ec5n V\u0103n Kh\u00e1nh"},"logo":{"@id":"https:\/\/omanivietnam.com\/#\/schema\/person\/image\/"},"sameAs":["https:\/\/omanivietnam.com"]}]}},"_links":{"self":[{"href":"https:\/\/omanivietnam.com\/index.php\/wp-json\/wp\/v2\/product\/2806","targetHints":{"allow":["GET"]}}],"collection":[{"href":"https:\/\/omanivietnam.com\/index.php\/wp-json\/wp\/v2\/product"}],"about":[{"href":"https:\/\/omanivietnam.com\/index.php\/wp-json\/wp\/v2\/types\/product"}],"replies":[{"embeddable":true,"href":"https:\/\/omanivietnam.com\/index.php\/wp-json\/wp\/v2\/comments?post=2806"}],"wp:featuredmedia":[{"embeddable":true,"href":"https:\/\/omanivietnam.com\/index.php\/wp-json\/wp\/v2\/media\/2807"}],"wp:attachment":[{"href":"https:\/\/omanivietnam.com\/index.php\/wp-json\/wp\/v2\/media?parent=2806"}],"wp:term":[{"taxonomy":"product_cat","embeddable":true,"href":"https:\/\/omanivietnam.com\/index.php\/wp-json\/wp\/v2\/product_cat?post=2806"},{"taxonomy":"product_tag","embeddable":true,"href":"https:\/\/omanivietnam.com\/index.php\/wp-json\/wp\/v2\/product_tag?post=2806"}],"curies":[{"name":"wp","href":"https:\/\/api.w.org\/{rel}","templated":true}]}}