{"id":2814,"date":"2024-11-20T05:40:11","date_gmt":"2024-11-19T22:40:11","guid":{"rendered":"https:\/\/omanivietnam.com\/?post_type=product&#038;p=2814"},"modified":"2024-11-20T05:41:40","modified_gmt":"2024-11-19T22:41:40","slug":"sipin-sb06c02a","status":"publish","type":"product","link":"https:\/\/omanivietnam.com\/index.php\/san-pham\/sipin-sb06c02a\/","title":{"rendered":"SIPIN SB06C02A"},"content":{"rendered":"<p>SIPIN SB06C02A<\/p>\n<p>Specification:<\/p>\n<p>Category:AC\/DC, single SSR, 3 phase 3 line, 3 phase 2 line<\/p>\n<p>SIP type: Apply to PCB welding<\/p>\n<p>Panel mount type: Apply to screw to fix<\/p>\n<p>I\/O moudle type: Apply many kind of I\/O control<\/p>\n<p>Hight tension: Load voltage can to 480VAC, 1200V peak<\/p>\n<p>Electriccity: Max load current to 125A<\/p>\n<p>3 phase SSR<\/p>\n<p>Features:<\/p>\n<ul>\n<li>High reliability, long life<\/li>\n<li>Safety<\/li>\n<li>Low input power consumption<\/li>\n<li>No contact points<\/li>\n<li>No switching sparks<\/li>\n<li>No noise<\/li>\n<li>No mechanical damage<\/li>\n<li>Need no maintenance<\/li>\n<li>Need no mechanical motion, electronic devices<\/li>\n<li>Fast reaction, fits in high frequency motions<\/li>\n<\/ul>\n<p>SOLID STATE RELAY_SSR_SIPIN_SB Series<\/p>\n<p>Output Current: 2A<\/p>\n<p>SB06C02A<\/p>\n<p>SB0602A<\/p>\n<p>SB06C02D<\/p>\n<p>SB0602D<\/p>\n<p>SB10C02A<\/p>\n<p>SB1002A<\/p>\n<p>SB10C02D<\/p>\n<p>SB1002D<\/p>\n<p>SB20C02A<\/p>\n<p>SB2002A<\/p>\n<p>SB20C02D<\/p>\n<p>SB2002D<\/p>\n<p>SB40C02A<\/p>\n<p>SB4002A<\/p>\n<p>SB40C02D<\/p>\n<p>SB4002D<\/p>\n<p>Output Current: 3A<\/p>\n<p>SB06C03A<\/p>\n<p>SB0603A<\/p>\n<p>SB06C03D<\/p>\n<p>SB0603D<\/p>\n<p>SB10C03A<\/p>\n<p>SB1003A<\/p>\n<p>SB10C03D<\/p>\n<p>SB1003D<\/p>\n<p>SB20C03A<\/p>\n<p>SB2003A<\/p>\n<p>SB20C03D<\/p>\n<p>SB2003D<\/p>\n<p>SB40C03A<\/p>\n<p>SB4003A<\/p>\n<p>SB40C03D<\/p>\n<p>SB4003D<\/p>\n<p>Output Current: 4A<\/p>\n<p>SB06C04A<\/p>\n<p>SB0604A<\/p>\n<p>SB06C04D<\/p>\n<p>SB0604D<\/p>\n<p>SB10C04A<\/p>\n<p>SB1004A<\/p>\n<p>SB10C04D<\/p>\n<p>SB1004D<\/p>\n<p>SB20C04A<\/p>\n<p>SB2004A<\/p>\n<p>SB20C04D<\/p>\n<p>SB2004D<\/p>\n<p>SB40C04A<\/p>\n<p>SB4004A<\/p>\n<p>SB40C04D<\/p>\n<p>SB4004D<\/p>\n<p>Output Current: 5A<\/p>\n<p>SB06C05A<\/p>\n<p>SB0605A<\/p>\n<p>SB06C05D<\/p>\n<p>SB0605D<\/p>\n<p>SB10C05A<\/p>\n<p>SB1005A<\/p>\n<p>SB10C05D<\/p>\n<p>SB1005D<\/p>\n<p>SB20C05A<\/p>\n<p>SB2005A<\/p>\n<p>SB20C05D<\/p>\n<p>SB2005D<\/p>\n<p>SB40C05A<\/p>\n<p>SB4005A<\/p>\n<p>SB40C05D<\/p>\n<p>SB4005D<\/p>\n<p>Output Current: 6A<\/p>\n<p>SB06C06A<\/p>\n<p>SB0606A<\/p>\n<p>SB06C06D<\/p>\n<p>SB0606D<\/p>\n<p>SB10C06A<\/p>\n<p>SB1006A<\/p>\n<p>SB10C06D<\/p>\n<p>SB1006D<\/p>\n<p>SB20C06A<\/p>\n<p>SB2006A<\/p>\n<p>SB20C06D<\/p>\n<p>SB2006D<\/p>\n<p>SB40C06A<\/p>\n<p>SB4006A<\/p>\n<p>SB40C06D<\/p>\n<p>SB4006D<\/p>\n","protected":false},"excerpt":{"rendered":"<p>SIPIN SB06C02A Specification: Category:AC\/DC, single SSR, 3 phase 3 line, 3 phase 2 line SIP type: Apply to PCB welding Panel mount type: Apply to screw to fix I\/O moudle type: Apply many kind of I\/O control Hight tension: Load voltage can to 480VAC, 1200V peak Electriccity: Max load current&hellip; <\/p>\n","protected":false},"featured_media":2813,"comment_status":"open","ping_status":"closed","template":"","meta":[],"product_cat":[281],"product_tag":[261,568,260,567],"class_list":{"0":"post-2814","1":"product","2":"type-product","3":"status-publish","4":"has-post-thumbnail","6":"product_cat-sipin","7":"product_tag-dai-ly-sipin-viet-nam","8":"product_tag-ro-le-ban-dan","9":"product_tag-sipin-viet-nam","10":"product_tag-solid-state-relay","12":"first","13":"instock","14":"shipping-taxable","15":"product-type-simple"},"yoast_head":"<!-- This site is optimized with the Yoast SEO plugin v22.8 - https:\/\/yoast.com\/wordpress\/plugins\/seo\/ -->\n<title>SIPIN SB06C02A - OMANI VI\u1ec6T NAM<\/title>\n<meta name=\"robots\" content=\"index, follow, max-snippet:-1, max-image-preview:large, max-video-preview:-1\" \/>\n<link rel=\"canonical\" href=\"https:\/\/omanivietnam.com\/index.php\/san-pham\/sipin-sb06c02a\/\" \/>\n<meta property=\"og:locale\" content=\"vi_VN\" \/>\n<meta property=\"og:type\" content=\"article\" \/>\n<meta property=\"og:title\" content=\"SIPIN SB06C02A - OMANI VI\u1ec6T NAM\" \/>\n<meta property=\"og:description\" content=\"SIPIN SB06C02A Specification: Category:AC\/DC, single SSR, 3 phase 3 line, 3 phase 2 line SIP type: Apply to PCB welding Panel mount type: Apply to screw to fix I\/O moudle type: Apply many kind of I\/O control Hight tension: Load voltage can to 480VAC, 1200V peak Electriccity: Max load current&hellip;\" \/>\n<meta property=\"og:url\" content=\"https:\/\/omanivietnam.com\/index.php\/san-pham\/sipin-sb06c02a\/\" \/>\n<meta property=\"og:site_name\" content=\"OMANI VI\u1ec6T NAM\" \/>\n<meta property=\"article:modified_time\" content=\"2024-11-19T22:41:40+00:00\" \/>\n<meta property=\"og:image\" content=\"https:\/\/omanivietnam.com\/wp-content\/uploads\/2024\/11\/SIPIN.png\" \/>\n\t<meta property=\"og:image:width\" content=\"570\" \/>\n\t<meta property=\"og:image:height\" content=\"515\" \/>\n\t<meta property=\"og:image:type\" content=\"image\/png\" \/>\n<meta name=\"twitter:card\" content=\"summary_large_image\" \/>\n<meta name=\"twitter:label1\" content=\"\u01af\u1edbc t\u00ednh th\u1eddi gian \u0111\u1ecdc\" \/>\n\t<meta name=\"twitter:data1\" content=\"2 ph\u00fat\" \/>\n<script type=\"application\/ld+json\" class=\"yoast-schema-graph\">{\"@context\":\"https:\/\/schema.org\",\"@graph\":[{\"@type\":\"WebPage\",\"@id\":\"https:\/\/omanivietnam.com\/index.php\/san-pham\/sipin-sb06c02a\/\",\"url\":\"https:\/\/omanivietnam.com\/index.php\/san-pham\/sipin-sb06c02a\/\",\"name\":\"SIPIN SB06C02A - OMANI VI\u1ec6T NAM\",\"isPartOf\":{\"@id\":\"https:\/\/omanivietnam.com\/#website\"},\"primaryImageOfPage\":{\"@id\":\"https:\/\/omanivietnam.com\/index.php\/san-pham\/sipin-sb06c02a\/#primaryimage\"},\"image\":{\"@id\":\"https:\/\/omanivietnam.com\/index.php\/san-pham\/sipin-sb06c02a\/#primaryimage\"},\"thumbnailUrl\":\"https:\/\/omanivietnam.com\/wp-content\/uploads\/2024\/11\/SIPIN.png\",\"datePublished\":\"2024-11-19T22:40:11+00:00\",\"dateModified\":\"2024-11-19T22:41:40+00:00\",\"breadcrumb\":{\"@id\":\"https:\/\/omanivietnam.com\/index.php\/san-pham\/sipin-sb06c02a\/#breadcrumb\"},\"inLanguage\":\"vi\",\"potentialAction\":[{\"@type\":\"ReadAction\",\"target\":[\"https:\/\/omanivietnam.com\/index.php\/san-pham\/sipin-sb06c02a\/\"]}]},{\"@type\":\"ImageObject\",\"inLanguage\":\"vi\",\"@id\":\"https:\/\/omanivietnam.com\/index.php\/san-pham\/sipin-sb06c02a\/#primaryimage\",\"url\":\"https:\/\/omanivietnam.com\/wp-content\/uploads\/2024\/11\/SIPIN.png\",\"contentUrl\":\"https:\/\/omanivietnam.com\/wp-content\/uploads\/2024\/11\/SIPIN.png\",\"width\":570,\"height\":515},{\"@type\":\"BreadcrumbList\",\"@id\":\"https:\/\/omanivietnam.com\/index.php\/san-pham\/sipin-sb06c02a\/#breadcrumb\",\"itemListElement\":[{\"@type\":\"ListItem\",\"position\":1,\"name\":\"Home\",\"item\":\"https:\/\/omanivietnam.com\/\"},{\"@type\":\"ListItem\",\"position\":2,\"name\":\"S\u1ea2N PH\u1ea8M\",\"item\":\"https:\/\/omanivietnam.com\/index.php\/cua-hang\/\"},{\"@type\":\"ListItem\",\"position\":3,\"name\":\"SIPIN SB06C02A\"}]},{\"@type\":\"WebSite\",\"@id\":\"https:\/\/omanivietnam.com\/#website\",\"url\":\"https:\/\/omanivietnam.com\/\",\"name\":\"OMANI VI\u1ec6T NAM\",\"description\":\"Nh\u00e0 ph\u00e2n ph\u1ed1i thi\u1ebft b\u1ecb kh\u00ed n\u00e9n v\u00e0 thi\u1ebft b\u1ecb t\u1ef1 \u0111\u1ed9ng h\u00f3a trong c\u00f4ng nghi\u1ec7p\",\"publisher\":{\"@id\":\"https:\/\/omanivietnam.com\/#\/schema\/person\/0ad398a980dc3fd696111c2c5c8fa897\"},\"potentialAction\":[{\"@type\":\"SearchAction\",\"target\":{\"@type\":\"EntryPoint\",\"urlTemplate\":\"https:\/\/omanivietnam.com\/?s={search_term_string}\"},\"query-input\":\"required name=search_term_string\"}],\"inLanguage\":\"vi\"},{\"@type\":[\"Person\",\"Organization\"],\"@id\":\"https:\/\/omanivietnam.com\/#\/schema\/person\/0ad398a980dc3fd696111c2c5c8fa897\",\"name\":\"Nguy\u1ec5n V\u0103n Kh\u00e1nh\",\"image\":{\"@type\":\"ImageObject\",\"inLanguage\":\"vi\",\"@id\":\"https:\/\/omanivietnam.com\/#\/schema\/person\/image\/\",\"url\":\"https:\/\/omanivietnam.com\/wp-content\/uploads\/2024\/06\/logo-1024x1024.png\",\"contentUrl\":\"https:\/\/omanivietnam.com\/wp-content\/uploads\/2024\/06\/logo-1024x1024.png\",\"width\":1024,\"height\":1024,\"caption\":\"Nguy\u1ec5n V\u0103n Kh\u00e1nh\"},\"logo\":{\"@id\":\"https:\/\/omanivietnam.com\/#\/schema\/person\/image\/\"},\"sameAs\":[\"https:\/\/omanivietnam.com\"]}]}<\/script>\n<!-- \/ Yoast SEO plugin. -->","yoast_head_json":{"title":"SIPIN SB06C02A - OMANI VI\u1ec6T NAM","robots":{"index":"index","follow":"follow","max-snippet":"max-snippet:-1","max-image-preview":"max-image-preview:large","max-video-preview":"max-video-preview:-1"},"canonical":"https:\/\/omanivietnam.com\/index.php\/san-pham\/sipin-sb06c02a\/","og_locale":"vi_VN","og_type":"article","og_title":"SIPIN SB06C02A - OMANI VI\u1ec6T NAM","og_description":"SIPIN SB06C02A Specification: Category:AC\/DC, single SSR, 3 phase 3 line, 3 phase 2 line SIP type: Apply to PCB welding Panel mount type: Apply to screw to fix I\/O moudle type: Apply many kind of I\/O control Hight tension: Load voltage can to 480VAC, 1200V peak Electriccity: Max load current&hellip;","og_url":"https:\/\/omanivietnam.com\/index.php\/san-pham\/sipin-sb06c02a\/","og_site_name":"OMANI VI\u1ec6T NAM","article_modified_time":"2024-11-19T22:41:40+00:00","og_image":[{"width":570,"height":515,"url":"https:\/\/omanivietnam.com\/wp-content\/uploads\/2024\/11\/SIPIN.png","type":"image\/png"}],"twitter_card":"summary_large_image","twitter_misc":{"\u01af\u1edbc t\u00ednh th\u1eddi gian \u0111\u1ecdc":"2 ph\u00fat"},"schema":{"@context":"https:\/\/schema.org","@graph":[{"@type":"WebPage","@id":"https:\/\/omanivietnam.com\/index.php\/san-pham\/sipin-sb06c02a\/","url":"https:\/\/omanivietnam.com\/index.php\/san-pham\/sipin-sb06c02a\/","name":"SIPIN SB06C02A - OMANI VI\u1ec6T NAM","isPartOf":{"@id":"https:\/\/omanivietnam.com\/#website"},"primaryImageOfPage":{"@id":"https:\/\/omanivietnam.com\/index.php\/san-pham\/sipin-sb06c02a\/#primaryimage"},"image":{"@id":"https:\/\/omanivietnam.com\/index.php\/san-pham\/sipin-sb06c02a\/#primaryimage"},"thumbnailUrl":"https:\/\/omanivietnam.com\/wp-content\/uploads\/2024\/11\/SIPIN.png","datePublished":"2024-11-19T22:40:11+00:00","dateModified":"2024-11-19T22:41:40+00:00","breadcrumb":{"@id":"https:\/\/omanivietnam.com\/index.php\/san-pham\/sipin-sb06c02a\/#breadcrumb"},"inLanguage":"vi","potentialAction":[{"@type":"ReadAction","target":["https:\/\/omanivietnam.com\/index.php\/san-pham\/sipin-sb06c02a\/"]}]},{"@type":"ImageObject","inLanguage":"vi","@id":"https:\/\/omanivietnam.com\/index.php\/san-pham\/sipin-sb06c02a\/#primaryimage","url":"https:\/\/omanivietnam.com\/wp-content\/uploads\/2024\/11\/SIPIN.png","contentUrl":"https:\/\/omanivietnam.com\/wp-content\/uploads\/2024\/11\/SIPIN.png","width":570,"height":515},{"@type":"BreadcrumbList","@id":"https:\/\/omanivietnam.com\/index.php\/san-pham\/sipin-sb06c02a\/#breadcrumb","itemListElement":[{"@type":"ListItem","position":1,"name":"Home","item":"https:\/\/omanivietnam.com\/"},{"@type":"ListItem","position":2,"name":"S\u1ea2N PH\u1ea8M","item":"https:\/\/omanivietnam.com\/index.php\/cua-hang\/"},{"@type":"ListItem","position":3,"name":"SIPIN SB06C02A"}]},{"@type":"WebSite","@id":"https:\/\/omanivietnam.com\/#website","url":"https:\/\/omanivietnam.com\/","name":"OMANI VI\u1ec6T NAM","description":"Nh\u00e0 ph\u00e2n ph\u1ed1i thi\u1ebft b\u1ecb kh\u00ed n\u00e9n v\u00e0 thi\u1ebft b\u1ecb t\u1ef1 \u0111\u1ed9ng h\u00f3a trong c\u00f4ng nghi\u1ec7p","publisher":{"@id":"https:\/\/omanivietnam.com\/#\/schema\/person\/0ad398a980dc3fd696111c2c5c8fa897"},"potentialAction":[{"@type":"SearchAction","target":{"@type":"EntryPoint","urlTemplate":"https:\/\/omanivietnam.com\/?s={search_term_string}"},"query-input":"required name=search_term_string"}],"inLanguage":"vi"},{"@type":["Person","Organization"],"@id":"https:\/\/omanivietnam.com\/#\/schema\/person\/0ad398a980dc3fd696111c2c5c8fa897","name":"Nguy\u1ec5n V\u0103n Kh\u00e1nh","image":{"@type":"ImageObject","inLanguage":"vi","@id":"https:\/\/omanivietnam.com\/#\/schema\/person\/image\/","url":"https:\/\/omanivietnam.com\/wp-content\/uploads\/2024\/06\/logo-1024x1024.png","contentUrl":"https:\/\/omanivietnam.com\/wp-content\/uploads\/2024\/06\/logo-1024x1024.png","width":1024,"height":1024,"caption":"Nguy\u1ec5n V\u0103n Kh\u00e1nh"},"logo":{"@id":"https:\/\/omanivietnam.com\/#\/schema\/person\/image\/"},"sameAs":["https:\/\/omanivietnam.com"]}]}},"_links":{"self":[{"href":"https:\/\/omanivietnam.com\/index.php\/wp-json\/wp\/v2\/product\/2814","targetHints":{"allow":["GET"]}}],"collection":[{"href":"https:\/\/omanivietnam.com\/index.php\/wp-json\/wp\/v2\/product"}],"about":[{"href":"https:\/\/omanivietnam.com\/index.php\/wp-json\/wp\/v2\/types\/product"}],"replies":[{"embeddable":true,"href":"https:\/\/omanivietnam.com\/index.php\/wp-json\/wp\/v2\/comments?post=2814"}],"wp:featuredmedia":[{"embeddable":true,"href":"https:\/\/omanivietnam.com\/index.php\/wp-json\/wp\/v2\/media\/2813"}],"wp:attachment":[{"href":"https:\/\/omanivietnam.com\/index.php\/wp-json\/wp\/v2\/media?parent=2814"}],"wp:term":[{"taxonomy":"product_cat","embeddable":true,"href":"https:\/\/omanivietnam.com\/index.php\/wp-json\/wp\/v2\/product_cat?post=2814"},{"taxonomy":"product_tag","embeddable":true,"href":"https:\/\/omanivietnam.com\/index.php\/wp-json\/wp\/v2\/product_tag?post=2814"}],"curies":[{"name":"wp","href":"https:\/\/api.w.org\/{rel}","templated":true}]}}