{"id":2818,"date":"2024-11-20T05:51:10","date_gmt":"2024-11-19T22:51:10","guid":{"rendered":"https:\/\/omanivietnam.com\/?post_type=product&#038;p=2818"},"modified":"2024-11-20T05:51:52","modified_gmt":"2024-11-19T22:51:52","slug":"sipin-spr-02da-h","status":"publish","type":"product","link":"https:\/\/omanivietnam.com\/index.php\/san-pham\/sipin-spr-02da-h\/","title":{"rendered":"SIPIN SPR-02DA-H"},"content":{"rendered":"<p>SIPIN SPR-02DA-H<\/p>\n<p>Specification:<\/p>\n<p>Category:AC\/DC, single SSR, 3 phase 3 line, 3 phase 2 line<\/p>\n<p>SIP type: Apply to PCB welding<\/p>\n<p>Panel mount type: Apply to screw to fix<\/p>\n<p>I\/O moudle type: Apply many kind of I\/O control<\/p>\n<p>Hight tension: Load voltage can to 480VAC, 1200V peak<\/p>\n<p>Electriccity: Max load current to 125A<\/p>\n<p>3 phase SSR<\/p>\n<p>Features:<\/p>\n<ul>\n<li>High reliability, long life<\/li>\n<li>Safety<\/li>\n<li>Low input power consumption<\/li>\n<li>No contact points<\/li>\n<li>No switching sparks<\/li>\n<li>No noise<\/li>\n<li>No mechanical damage<\/li>\n<li>Need no maintenance<\/li>\n<li>Need no mechanical motion, electronic devices<\/li>\n<li>Fast reaction, fits in high frequency motions<\/li>\n<\/ul>\n<p>SOLID STATE RELAY_SSR_SIPIN_SPR Series<\/p>\n<p>Output Current: 2A<\/p>\n<p>SPR-02DA-H<\/p>\n<p>SPR-02DD-H<\/p>\n<p>SPR-02DA<\/p>\n<p>SPR-02DD<\/p>\n<p>SPR-02AA-H<\/p>\n<p>SPR-02AD-H<\/p>\n<p>SPR-02AA<\/p>\n<p>SPR-02AD<\/p>\n<p>SPR-02LA-H<\/p>\n<p>SPR-02LD-H<\/p>\n<p>SPR-02LA<\/p>\n<p>SPR-02LD<\/p>\n<p>SPR-02VA-H<\/p>\n<p>SPR-02VD-H<\/p>\n<p>SPR-02VA<\/p>\n<p>SPR-02VD<\/p>\n<p>Output Current: 4A<\/p>\n<p>SPR-04DA-H<\/p>\n<p>SPR-04DD-H<\/p>\n<p>SPR-04DA<\/p>\n<p>SPR-04DD<\/p>\n<p>SPR-04AA-H<\/p>\n<p>SPR-04AD-H<\/p>\n<p>SPR-04AA<\/p>\n<p>SPR-04AD<\/p>\n<p>SPR-04LA-H<\/p>\n<p>SPR-04LD-H<\/p>\n<p>SPR-04LA<\/p>\n<p>SPR-04LD<\/p>\n<p>SPR-04VA-H<\/p>\n<p>SPR-04VD-H<\/p>\n<p>SPR-04VA<\/p>\n<p>SPR-04VD<\/p>\n<p>Output Current: 10A<\/p>\n<p>SPR-10DA-H<\/p>\n<p>SPR-10DD-H<\/p>\n<p>SPR-10DA<\/p>\n<p>SPR-10DD<\/p>\n<p>SPR-10AA-H<\/p>\n<p>SPR-10AD-H<\/p>\n<p>SPR-10AA<\/p>\n<p>SPR-10AD<\/p>\n<p>SPR-10LA-H<\/p>\n<p>SPR-10LD-H<\/p>\n<p>SPR-10LA<\/p>\n<p>SPR-10LD<\/p>\n<p>SPR-10VA-H<\/p>\n<p>SPR-10VD-H<\/p>\n<p>SPR-10VA<\/p>\n<p>SPR-10VD<\/p>\n<p>Output Current: 25A<\/p>\n<p>SPR-25DA-H<\/p>\n<p>SPR-25DD-H<\/p>\n<p>SPR-25DA<\/p>\n<p>SPR-25DD<\/p>\n<p>SPR-25AA-H<\/p>\n<p>SPR-25AD-H<\/p>\n<p>SPR-25AA<\/p>\n<p>SPR-25AD<\/p>\n<p>SPR-25LA-H<\/p>\n<p>SPR-25LD-H<\/p>\n<p>SPR-25LA<\/p>\n<p>SPR-25LD<\/p>\n<p>SPR-25VA-H<\/p>\n<p>SPR-25VD-H<\/p>\n<p>SPR-25VA<\/p>\n<p>SPR-25VD<\/p>\n<p>Output Current: 40A<\/p>\n<p>SPR-40DA-H<\/p>\n<p>SPR-40DD-H<\/p>\n<p>SPR-40DA<\/p>\n<p>SPR-40DD<\/p>\n<p>SPR-40AA-H<\/p>\n<p>SPR-40AD-H<\/p>\n<p>SPR-40AA<\/p>\n<p>SPR-40AD<\/p>\n<p>SPR-40LA-H<\/p>\n<p>SPR-40LD-H<\/p>\n<p>SPR-40LA<\/p>\n<p>SPR-40LD<\/p>\n<p>SPR-40VA-H<\/p>\n<p>SPR-40VD-H<\/p>\n<p>SPR-40VA<\/p>\n<p>SPR-40VD<\/p>\n<p>Output Current: 75A<\/p>\n<p>SPR-75DA-H<\/p>\n<p>SPR-75DD-H<\/p>\n<p>SPR-75DA<\/p>\n<p>SPR-75DD<\/p>\n<p>SPR-75AA-H<\/p>\n<p>SPR-75AD-H<\/p>\n<p>SPR-75AA<\/p>\n<p>SPR-75AD<\/p>\n<p>SPR-75LA-H<\/p>\n<p>SPR-75LD-H<\/p>\n<p>SPR-75LA<\/p>\n<p>SPR-75LD<\/p>\n<p>SPR-75VA-H<\/p>\n<p>SPR-75VD-H<\/p>\n<p>SPR-75VA<\/p>\n<p>SPR-75VD<\/p>\n<p>Output Current: 100A<\/p>\n<p>SPR-100DA-H<\/p>\n<p>SPR-100DD-H<\/p>\n<p>SPR-100DA<\/p>\n<p>SPR-100DD<\/p>\n<p>SPR-100AA-H<\/p>\n<p>SPR-100AD-H<\/p>\n<p>SPR-100AA<\/p>\n<p>SPR-100AD<\/p>\n<p>SPR-100LA-H<\/p>\n<p>SPR-100LD-H<\/p>\n<p>SPR-100LA<\/p>\n<p>SPR-100LD<\/p>\n<p>SPR-100VA-H<\/p>\n<p>SPR-100VD-H<\/p>\n<p>SPR-100VA<\/p>\n<p>SPR-100VD<\/p>\n<p>Output Current: 125A<\/p>\n<p>SPR-125DA-H<\/p>\n<p>SPR-125DD-H<\/p>\n<p>SPR-125DA<\/p>\n<p>SPR-125DD<\/p>\n<p>SPR-125AA-H<\/p>\n<p>SPR-125AD-H<\/p>\n<p>SPR-125AA<\/p>\n<p>SPR-125AD<\/p>\n<p>SPR-125LA-H<\/p>\n<p>SPR-125LD-H<\/p>\n<p>SPR-125LA<\/p>\n<p>SPR-125LD<\/p>\n<p>SPR-125VA-H<\/p>\n<p>SPR-125VD-H<\/p>\n<p>SPR-125VA<\/p>\n<p>SPR-125VD<\/p>\n","protected":false},"excerpt":{"rendered":"<p>SIPIN SPR-02DA-H Specification: Category:AC\/DC, single SSR, 3 phase 3 line, 3 phase 2 line SIP type: Apply to PCB welding Panel mount type: Apply to screw to fix I\/O moudle type: Apply many kind of I\/O control Hight tension: Load voltage can to 480VAC, 1200V peak Electriccity: Max load current&hellip; <\/p>\n","protected":false},"featured_media":2816,"comment_status":"open","ping_status":"closed","template":"","meta":[],"product_cat":[281],"product_tag":[261,568,260,567],"class_list":{"0":"post-2818","1":"product","2":"type-product","3":"status-publish","4":"has-post-thumbnail","6":"product_cat-sipin","7":"product_tag-dai-ly-sipin-viet-nam","8":"product_tag-ro-le-ban-dan","9":"product_tag-sipin-viet-nam","10":"product_tag-solid-state-relay","12":"first","13":"instock","14":"shipping-taxable","15":"product-type-simple"},"yoast_head":"<!-- This site is optimized with the Yoast SEO plugin v22.8 - https:\/\/yoast.com\/wordpress\/plugins\/seo\/ -->\n<title>SIPIN SPR-02DA-H - OMANI VI\u1ec6T NAM<\/title>\n<meta name=\"robots\" content=\"index, follow, max-snippet:-1, max-image-preview:large, max-video-preview:-1\" \/>\n<link rel=\"canonical\" href=\"https:\/\/omanivietnam.com\/index.php\/san-pham\/sipin-spr-02da-h\/\" \/>\n<meta property=\"og:locale\" content=\"vi_VN\" \/>\n<meta property=\"og:type\" content=\"article\" \/>\n<meta property=\"og:title\" content=\"SIPIN SPR-02DA-H - OMANI VI\u1ec6T NAM\" \/>\n<meta property=\"og:description\" content=\"SIPIN SPR-02DA-H Specification: Category:AC\/DC, single SSR, 3 phase 3 line, 3 phase 2 line SIP type: Apply to PCB welding Panel mount type: Apply to screw to fix I\/O moudle type: Apply many kind of I\/O control Hight tension: Load voltage can to 480VAC, 1200V peak Electriccity: Max load current&hellip;\" \/>\n<meta property=\"og:url\" content=\"https:\/\/omanivietnam.com\/index.php\/san-pham\/sipin-spr-02da-h\/\" \/>\n<meta property=\"og:site_name\" content=\"OMANI VI\u1ec6T NAM\" \/>\n<meta property=\"article:modified_time\" content=\"2024-11-19T22:51:52+00:00\" \/>\n<meta property=\"og:image\" content=\"https:\/\/omanivietnam.com\/wp-content\/uploads\/2024\/11\/SIPIN-1.png\" \/>\n\t<meta property=\"og:image:width\" content=\"520\" \/>\n\t<meta property=\"og:image:height\" content=\"465\" \/>\n\t<meta property=\"og:image:type\" content=\"image\/png\" \/>\n<meta name=\"twitter:card\" content=\"summary_large_image\" \/>\n<meta name=\"twitter:label1\" content=\"\u01af\u1edbc t\u00ednh th\u1eddi gian \u0111\u1ecdc\" \/>\n\t<meta name=\"twitter:data1\" content=\"2 ph\u00fat\" \/>\n<script type=\"application\/ld+json\" class=\"yoast-schema-graph\">{\"@context\":\"https:\/\/schema.org\",\"@graph\":[{\"@type\":\"WebPage\",\"@id\":\"https:\/\/omanivietnam.com\/index.php\/san-pham\/sipin-spr-02da-h\/\",\"url\":\"https:\/\/omanivietnam.com\/index.php\/san-pham\/sipin-spr-02da-h\/\",\"name\":\"SIPIN SPR-02DA-H - OMANI VI\u1ec6T NAM\",\"isPartOf\":{\"@id\":\"https:\/\/omanivietnam.com\/#website\"},\"primaryImageOfPage\":{\"@id\":\"https:\/\/omanivietnam.com\/index.php\/san-pham\/sipin-spr-02da-h\/#primaryimage\"},\"image\":{\"@id\":\"https:\/\/omanivietnam.com\/index.php\/san-pham\/sipin-spr-02da-h\/#primaryimage\"},\"thumbnailUrl\":\"https:\/\/omanivietnam.com\/wp-content\/uploads\/2024\/11\/SIPIN-1.png\",\"datePublished\":\"2024-11-19T22:51:10+00:00\",\"dateModified\":\"2024-11-19T22:51:52+00:00\",\"breadcrumb\":{\"@id\":\"https:\/\/omanivietnam.com\/index.php\/san-pham\/sipin-spr-02da-h\/#breadcrumb\"},\"inLanguage\":\"vi\",\"potentialAction\":[{\"@type\":\"ReadAction\",\"target\":[\"https:\/\/omanivietnam.com\/index.php\/san-pham\/sipin-spr-02da-h\/\"]}]},{\"@type\":\"ImageObject\",\"inLanguage\":\"vi\",\"@id\":\"https:\/\/omanivietnam.com\/index.php\/san-pham\/sipin-spr-02da-h\/#primaryimage\",\"url\":\"https:\/\/omanivietnam.com\/wp-content\/uploads\/2024\/11\/SIPIN-1.png\",\"contentUrl\":\"https:\/\/omanivietnam.com\/wp-content\/uploads\/2024\/11\/SIPIN-1.png\",\"width\":520,\"height\":465},{\"@type\":\"BreadcrumbList\",\"@id\":\"https:\/\/omanivietnam.com\/index.php\/san-pham\/sipin-spr-02da-h\/#breadcrumb\",\"itemListElement\":[{\"@type\":\"ListItem\",\"position\":1,\"name\":\"Home\",\"item\":\"https:\/\/omanivietnam.com\/\"},{\"@type\":\"ListItem\",\"position\":2,\"name\":\"S\u1ea2N PH\u1ea8M\",\"item\":\"https:\/\/omanivietnam.com\/index.php\/cua-hang\/\"},{\"@type\":\"ListItem\",\"position\":3,\"name\":\"SIPIN SPR-02DA-H\"}]},{\"@type\":\"WebSite\",\"@id\":\"https:\/\/omanivietnam.com\/#website\",\"url\":\"https:\/\/omanivietnam.com\/\",\"name\":\"OMANI VI\u1ec6T NAM\",\"description\":\"Nh\u00e0 ph\u00e2n ph\u1ed1i thi\u1ebft b\u1ecb kh\u00ed n\u00e9n v\u00e0 thi\u1ebft b\u1ecb t\u1ef1 \u0111\u1ed9ng h\u00f3a trong c\u00f4ng nghi\u1ec7p\",\"publisher\":{\"@id\":\"https:\/\/omanivietnam.com\/#\/schema\/person\/0ad398a980dc3fd696111c2c5c8fa897\"},\"potentialAction\":[{\"@type\":\"SearchAction\",\"target\":{\"@type\":\"EntryPoint\",\"urlTemplate\":\"https:\/\/omanivietnam.com\/?s={search_term_string}\"},\"query-input\":\"required name=search_term_string\"}],\"inLanguage\":\"vi\"},{\"@type\":[\"Person\",\"Organization\"],\"@id\":\"https:\/\/omanivietnam.com\/#\/schema\/person\/0ad398a980dc3fd696111c2c5c8fa897\",\"name\":\"Nguy\u1ec5n V\u0103n Kh\u00e1nh\",\"image\":{\"@type\":\"ImageObject\",\"inLanguage\":\"vi\",\"@id\":\"https:\/\/omanivietnam.com\/#\/schema\/person\/image\/\",\"url\":\"https:\/\/omanivietnam.com\/wp-content\/uploads\/2024\/06\/logo-1024x1024.png\",\"contentUrl\":\"https:\/\/omanivietnam.com\/wp-content\/uploads\/2024\/06\/logo-1024x1024.png\",\"width\":1024,\"height\":1024,\"caption\":\"Nguy\u1ec5n V\u0103n Kh\u00e1nh\"},\"logo\":{\"@id\":\"https:\/\/omanivietnam.com\/#\/schema\/person\/image\/\"},\"sameAs\":[\"https:\/\/omanivietnam.com\"]}]}<\/script>\n<!-- \/ Yoast SEO plugin. -->","yoast_head_json":{"title":"SIPIN SPR-02DA-H - OMANI VI\u1ec6T NAM","robots":{"index":"index","follow":"follow","max-snippet":"max-snippet:-1","max-image-preview":"max-image-preview:large","max-video-preview":"max-video-preview:-1"},"canonical":"https:\/\/omanivietnam.com\/index.php\/san-pham\/sipin-spr-02da-h\/","og_locale":"vi_VN","og_type":"article","og_title":"SIPIN SPR-02DA-H - OMANI VI\u1ec6T NAM","og_description":"SIPIN SPR-02DA-H Specification: Category:AC\/DC, single SSR, 3 phase 3 line, 3 phase 2 line SIP type: Apply to PCB welding Panel mount type: Apply to screw to fix I\/O moudle type: Apply many kind of I\/O control Hight tension: Load voltage can to 480VAC, 1200V peak Electriccity: Max load current&hellip;","og_url":"https:\/\/omanivietnam.com\/index.php\/san-pham\/sipin-spr-02da-h\/","og_site_name":"OMANI VI\u1ec6T NAM","article_modified_time":"2024-11-19T22:51:52+00:00","og_image":[{"width":520,"height":465,"url":"https:\/\/omanivietnam.com\/wp-content\/uploads\/2024\/11\/SIPIN-1.png","type":"image\/png"}],"twitter_card":"summary_large_image","twitter_misc":{"\u01af\u1edbc t\u00ednh th\u1eddi gian \u0111\u1ecdc":"2 ph\u00fat"},"schema":{"@context":"https:\/\/schema.org","@graph":[{"@type":"WebPage","@id":"https:\/\/omanivietnam.com\/index.php\/san-pham\/sipin-spr-02da-h\/","url":"https:\/\/omanivietnam.com\/index.php\/san-pham\/sipin-spr-02da-h\/","name":"SIPIN SPR-02DA-H - OMANI VI\u1ec6T NAM","isPartOf":{"@id":"https:\/\/omanivietnam.com\/#website"},"primaryImageOfPage":{"@id":"https:\/\/omanivietnam.com\/index.php\/san-pham\/sipin-spr-02da-h\/#primaryimage"},"image":{"@id":"https:\/\/omanivietnam.com\/index.php\/san-pham\/sipin-spr-02da-h\/#primaryimage"},"thumbnailUrl":"https:\/\/omanivietnam.com\/wp-content\/uploads\/2024\/11\/SIPIN-1.png","datePublished":"2024-11-19T22:51:10+00:00","dateModified":"2024-11-19T22:51:52+00:00","breadcrumb":{"@id":"https:\/\/omanivietnam.com\/index.php\/san-pham\/sipin-spr-02da-h\/#breadcrumb"},"inLanguage":"vi","potentialAction":[{"@type":"ReadAction","target":["https:\/\/omanivietnam.com\/index.php\/san-pham\/sipin-spr-02da-h\/"]}]},{"@type":"ImageObject","inLanguage":"vi","@id":"https:\/\/omanivietnam.com\/index.php\/san-pham\/sipin-spr-02da-h\/#primaryimage","url":"https:\/\/omanivietnam.com\/wp-content\/uploads\/2024\/11\/SIPIN-1.png","contentUrl":"https:\/\/omanivietnam.com\/wp-content\/uploads\/2024\/11\/SIPIN-1.png","width":520,"height":465},{"@type":"BreadcrumbList","@id":"https:\/\/omanivietnam.com\/index.php\/san-pham\/sipin-spr-02da-h\/#breadcrumb","itemListElement":[{"@type":"ListItem","position":1,"name":"Home","item":"https:\/\/omanivietnam.com\/"},{"@type":"ListItem","position":2,"name":"S\u1ea2N PH\u1ea8M","item":"https:\/\/omanivietnam.com\/index.php\/cua-hang\/"},{"@type":"ListItem","position":3,"name":"SIPIN SPR-02DA-H"}]},{"@type":"WebSite","@id":"https:\/\/omanivietnam.com\/#website","url":"https:\/\/omanivietnam.com\/","name":"OMANI VI\u1ec6T NAM","description":"Nh\u00e0 ph\u00e2n ph\u1ed1i thi\u1ebft b\u1ecb kh\u00ed n\u00e9n v\u00e0 thi\u1ebft b\u1ecb t\u1ef1 \u0111\u1ed9ng h\u00f3a trong c\u00f4ng nghi\u1ec7p","publisher":{"@id":"https:\/\/omanivietnam.com\/#\/schema\/person\/0ad398a980dc3fd696111c2c5c8fa897"},"potentialAction":[{"@type":"SearchAction","target":{"@type":"EntryPoint","urlTemplate":"https:\/\/omanivietnam.com\/?s={search_term_string}"},"query-input":"required name=search_term_string"}],"inLanguage":"vi"},{"@type":["Person","Organization"],"@id":"https:\/\/omanivietnam.com\/#\/schema\/person\/0ad398a980dc3fd696111c2c5c8fa897","name":"Nguy\u1ec5n V\u0103n Kh\u00e1nh","image":{"@type":"ImageObject","inLanguage":"vi","@id":"https:\/\/omanivietnam.com\/#\/schema\/person\/image\/","url":"https:\/\/omanivietnam.com\/wp-content\/uploads\/2024\/06\/logo-1024x1024.png","contentUrl":"https:\/\/omanivietnam.com\/wp-content\/uploads\/2024\/06\/logo-1024x1024.png","width":1024,"height":1024,"caption":"Nguy\u1ec5n V\u0103n Kh\u00e1nh"},"logo":{"@id":"https:\/\/omanivietnam.com\/#\/schema\/person\/image\/"},"sameAs":["https:\/\/omanivietnam.com"]}]}},"_links":{"self":[{"href":"https:\/\/omanivietnam.com\/index.php\/wp-json\/wp\/v2\/product\/2818","targetHints":{"allow":["GET"]}}],"collection":[{"href":"https:\/\/omanivietnam.com\/index.php\/wp-json\/wp\/v2\/product"}],"about":[{"href":"https:\/\/omanivietnam.com\/index.php\/wp-json\/wp\/v2\/types\/product"}],"replies":[{"embeddable":true,"href":"https:\/\/omanivietnam.com\/index.php\/wp-json\/wp\/v2\/comments?post=2818"}],"wp:featuredmedia":[{"embeddable":true,"href":"https:\/\/omanivietnam.com\/index.php\/wp-json\/wp\/v2\/media\/2816"}],"wp:attachment":[{"href":"https:\/\/omanivietnam.com\/index.php\/wp-json\/wp\/v2\/media?parent=2818"}],"wp:term":[{"taxonomy":"product_cat","embeddable":true,"href":"https:\/\/omanivietnam.com\/index.php\/wp-json\/wp\/v2\/product_cat?post=2818"},{"taxonomy":"product_tag","embeddable":true,"href":"https:\/\/omanivietnam.com\/index.php\/wp-json\/wp\/v2\/product_tag?post=2818"}],"curies":[{"name":"wp","href":"https:\/\/api.w.org\/{rel}","templated":true}]}}