{"id":2822,"date":"2024-11-20T22:35:34","date_gmt":"2024-11-20T15:35:34","guid":{"rendered":"https:\/\/omanivietnam.com\/?post_type=product&#038;p=2822"},"modified":"2024-11-20T22:39:00","modified_gmt":"2024-11-20T15:39:00","slug":"apex-ab090-050-s2-p1","status":"publish","type":"product","link":"https:\/\/omanivietnam.com\/index.php\/san-pham\/apex-ab090-050-s2-p1\/","title":{"rendered":"APEX AB090-050-S2-P1"},"content":{"rendered":"<p>APEX AB090-050-S2-P1 Ratio 050:1<\/p>\n<p>Omani Vi\u1ec7t Nam l\u00e0 \u0111\u1ea1i l\u00fd c\u1ee7a h\u00e3ng Apex Dynamics chuy\u00ean h\u1ed9p s\u1ed1 ( Gear box ) s\u1eed d\u1ee5ng cho c\u00e1c lo\u1ea1i Servo motor c\u00e1c h\u00e3ng Mitsubishi, Siemens, Yaskawa,\u2026.c\u1ee7a \u0110\u00e0i Loan t\u1ea1i Vi\u1ec7t Nam.<\/p>\n<h1 class=\"h4 product_title entry-title\">AB-Series<\/h1>\n<div class=\"woocommerce-product-details__short-description\">\n<div class=\"woocommerce-description\">\n<p><strong>Output torque<\/strong><br \/>\nT<sub>2N<\/sub>\u00a0: 14 Nm \u2013 2000 Nm<br \/>\n<strong>Ratios:<\/strong><br \/>\n1-stage :3 \/ 4 \/ 5 \/ 6 \/ 7 \/ 8 \/ 9 \/ 10<br \/>\n2-stage :12 \/ 15 \/ 16 \/ 20 \/ 25 \/ 28 \/ 30 \/ 32 \/ 35 \/ 40 \/ 45 \/ 50 \/ 60 \/ 70 \/ 80 \/ 90 \/ 100<br \/>\n<strong>Low backlash<\/strong><br \/>\n1-stage : \u22641arcmin \/ \u22643arcmin \/ \u22645arcmin<br \/>\n2-stage : \u22643arcmin \/ \u22645arcmin \/ \u22647arcmin<br \/>\n<strong>High efficiency<\/strong><br \/>\n1-stage : \u2265 97%<br \/>\n2-stage : \u2265 94%<br \/>\n<strong>Easy mount<\/strong><br \/>\n<strong>Low noise<\/strong><br \/>\n<strong>Compact structure<\/strong><\/p>\n<p>C\u00e1c m\u00e3 h\u00e0ng b\u00e1n ch\u1ea1y:<\/p>\n<p>AB090-003-S2-P2<br \/>\nAB090-004-S2-P2<br \/>\nAB090-005-S2-P2<br \/>\nAB090-006-S2-P2<br \/>\nAB090-007-S2-P2<br \/>\nAB090-008-S2-P2<br \/>\nAB090-009-S2-P2<br \/>\nAB090-010-S2-P2<br \/>\nAB090-015-S2-P2<br \/>\nAB090-020-S2-P2<br \/>\nAB090-025-S2-P2<br \/>\nAB090-030-S2-P2<br \/>\nAB090-035-S2-P2<br \/>\nAB090-040-S2-P2<br \/>\nAB090-045-S2-P2<br \/>\nAB090-050-S2-P2<br \/>\nAB090-060-S2-P2<br \/>\nAB090-070-S2-P2<br \/>\nAB090-080-S2-P2<br \/>\nAB090-090-S2-P2<br \/>\nAB090-100-S2-P2<br \/>\nAB090A-003-S2-P2<br \/>\nAB090A-004-S2-P2<br \/>\nAB090A-005-S2-P2<br \/>\nAB090A-006-S2-P2<br \/>\nAB090A-007-S2-P2<br \/>\nAB090A-008-S2-P2<br \/>\nAB090A-009-S2-P2<br \/>\nAB090A-010-S2-P2<br \/>\nAB090A-015-S2-P2<br \/>\nAB090A-020-S2-P2<br \/>\nAB090A-025-S2-P2<br \/>\nAB090A-030-S2-P2<br \/>\nAB090A-035-S2-P2<br \/>\nAB090A-040-S2-P1<br \/>\nAB090A-040-S2-P2<br \/>\nAB090A-045-S2-P1<br \/>\nAB090A-045-S2-P2<br \/>\nAB090A-050-S2-P1<br \/>\nAB090A-050-S2-P2<br \/>\nAB090A-060-S2-P1<br \/>\nAB090A-060-S2-P2<br \/>\nAB090A-070-S2-P2<br \/>\nAB090A-080-S2-P2<br \/>\nAB090A-090-S2-P2<br \/>\nAB090A-100-S2-P2<\/p>\n<p>AB090A-070-S2-P1<\/p>\n<p>AB090A-080-S2-P1<\/p>\n<p>AB090A-090-S2-P1<\/p>\n<p>AB090A-100-S2-P1<\/p>\n<p>Omani Vi\u1ec7t Nam l\u00e0 \u0111\u1ea1i l\u00fd c\u1ee7a h\u00e3ng Apex Dynamics chuy\u00ean h\u1ed9p s\u1ed1 ( Gear box ) s\u1eed d\u1ee5ng cho c\u00e1c lo\u1ea1i Servo motor c\u00e1c h\u00e3ng Mitsubishi, Siemens, Yaskawa,\u2026.c\u1ee7a \u0110\u00e0i Loan t\u1ea1i Vi\u1ec7t Nam.<\/p>\n<\/div>\n<\/div>\n","protected":false},"excerpt":{"rendered":"<p>APEX AB090-050-S2-P1 Ratio 050:1 Omani Vi\u1ec7t Nam l\u00e0 \u0111\u1ea1i l\u00fd c\u1ee7a h\u00e3ng Apex Dynamics chuy\u00ean h\u1ed9p s\u1ed1 ( Gear box ) s\u1eed d\u1ee5ng cho c\u00e1c lo\u1ea1i Servo motor c\u00e1c h\u00e3ng Mitsubishi, Siemens, Yaskawa,\u2026.c\u1ee7a \u0110\u00e0i Loan t\u1ea1i Vi\u1ec7t Nam. AB-Series Output torque T2N\u00a0: 14 Nm \u2013 2000 Nm Ratios: 1-stage :3&hellip; <\/p>\n","protected":false},"featured_media":2823,"comment_status":"open","ping_status":"closed","template":"","meta":[],"product_cat":[344],"product_tag":[127,128,539,129],"class_list":{"0":"post-2822","1":"product","2":"type-product","3":"status-publish","4":"has-post-thumbnail","6":"product_cat-apex","7":"product_tag-apex-viet-nam","8":"product_tag-dai-ly-apex-viet-nam","9":"product_tag-gearbox","10":"product_tag-hop-so","12":"first","13":"instock","14":"shipping-taxable","15":"product-type-simple"},"yoast_head":"<!-- This site is optimized with the Yoast SEO plugin v22.8 - https:\/\/yoast.com\/wordpress\/plugins\/seo\/ -->\n<title>APEX AB090-050-S2-P1 - OMANI VI\u1ec6T NAM<\/title>\n<meta name=\"robots\" content=\"index, follow, max-snippet:-1, max-image-preview:large, max-video-preview:-1\" \/>\n<link rel=\"canonical\" href=\"https:\/\/omanivietnam.com\/index.php\/san-pham\/apex-ab090-050-s2-p1\/\" \/>\n<meta property=\"og:locale\" content=\"vi_VN\" \/>\n<meta property=\"og:type\" content=\"article\" \/>\n<meta property=\"og:title\" content=\"APEX AB090-050-S2-P1 - OMANI VI\u1ec6T NAM\" \/>\n<meta property=\"og:description\" content=\"APEX AB090-050-S2-P1 Ratio 050:1 Omani Vi\u1ec7t Nam l\u00e0 \u0111\u1ea1i l\u00fd c\u1ee7a h\u00e3ng Apex Dynamics chuy\u00ean h\u1ed9p s\u1ed1 ( Gear box ) s\u1eed d\u1ee5ng cho c\u00e1c lo\u1ea1i Servo motor c\u00e1c h\u00e3ng Mitsubishi, Siemens, Yaskawa,\u2026.c\u1ee7a \u0110\u00e0i Loan t\u1ea1i Vi\u1ec7t Nam. AB-Series Output torque T2N\u00a0: 14 Nm \u2013 2000 Nm Ratios: 1-stage :3&hellip;\" \/>\n<meta property=\"og:url\" content=\"https:\/\/omanivietnam.com\/index.php\/san-pham\/apex-ab090-050-s2-p1\/\" \/>\n<meta property=\"og:site_name\" content=\"OMANI VI\u1ec6T NAM\" \/>\n<meta property=\"article:modified_time\" content=\"2024-11-20T15:39:00+00:00\" \/>\n<meta property=\"og:image\" content=\"https:\/\/omanivietnam.com\/wp-content\/uploads\/2024\/11\/AB090-S2-P1.png\" \/>\n\t<meta property=\"og:image:width\" content=\"813\" \/>\n\t<meta property=\"og:image:height\" content=\"868\" \/>\n\t<meta property=\"og:image:type\" content=\"image\/png\" \/>\n<meta name=\"twitter:card\" content=\"summary_large_image\" \/>\n<meta name=\"twitter:label1\" content=\"\u01af\u1edbc t\u00ednh th\u1eddi gian \u0111\u1ecdc\" \/>\n\t<meta name=\"twitter:data1\" content=\"2 ph\u00fat\" \/>\n<script type=\"application\/ld+json\" class=\"yoast-schema-graph\">{\"@context\":\"https:\/\/schema.org\",\"@graph\":[{\"@type\":\"WebPage\",\"@id\":\"https:\/\/omanivietnam.com\/index.php\/san-pham\/apex-ab090-050-s2-p1\/\",\"url\":\"https:\/\/omanivietnam.com\/index.php\/san-pham\/apex-ab090-050-s2-p1\/\",\"name\":\"APEX AB090-050-S2-P1 - OMANI VI\u1ec6T NAM\",\"isPartOf\":{\"@id\":\"https:\/\/omanivietnam.com\/#website\"},\"primaryImageOfPage\":{\"@id\":\"https:\/\/omanivietnam.com\/index.php\/san-pham\/apex-ab090-050-s2-p1\/#primaryimage\"},\"image\":{\"@id\":\"https:\/\/omanivietnam.com\/index.php\/san-pham\/apex-ab090-050-s2-p1\/#primaryimage\"},\"thumbnailUrl\":\"https:\/\/omanivietnam.com\/wp-content\/uploads\/2024\/11\/AB090-S2-P1.png\",\"datePublished\":\"2024-11-20T15:35:34+00:00\",\"dateModified\":\"2024-11-20T15:39:00+00:00\",\"breadcrumb\":{\"@id\":\"https:\/\/omanivietnam.com\/index.php\/san-pham\/apex-ab090-050-s2-p1\/#breadcrumb\"},\"inLanguage\":\"vi\",\"potentialAction\":[{\"@type\":\"ReadAction\",\"target\":[\"https:\/\/omanivietnam.com\/index.php\/san-pham\/apex-ab090-050-s2-p1\/\"]}]},{\"@type\":\"ImageObject\",\"inLanguage\":\"vi\",\"@id\":\"https:\/\/omanivietnam.com\/index.php\/san-pham\/apex-ab090-050-s2-p1\/#primaryimage\",\"url\":\"https:\/\/omanivietnam.com\/wp-content\/uploads\/2024\/11\/AB090-S2-P1.png\",\"contentUrl\":\"https:\/\/omanivietnam.com\/wp-content\/uploads\/2024\/11\/AB090-S2-P1.png\",\"width\":813,\"height\":868},{\"@type\":\"BreadcrumbList\",\"@id\":\"https:\/\/omanivietnam.com\/index.php\/san-pham\/apex-ab090-050-s2-p1\/#breadcrumb\",\"itemListElement\":[{\"@type\":\"ListItem\",\"position\":1,\"name\":\"Home\",\"item\":\"https:\/\/omanivietnam.com\/\"},{\"@type\":\"ListItem\",\"position\":2,\"name\":\"S\u1ea2N PH\u1ea8M\",\"item\":\"https:\/\/omanivietnam.com\/index.php\/cua-hang\/\"},{\"@type\":\"ListItem\",\"position\":3,\"name\":\"APEX AB090-050-S2-P1\"}]},{\"@type\":\"WebSite\",\"@id\":\"https:\/\/omanivietnam.com\/#website\",\"url\":\"https:\/\/omanivietnam.com\/\",\"name\":\"OMANI VI\u1ec6T NAM\",\"description\":\"Nh\u00e0 ph\u00e2n ph\u1ed1i thi\u1ebft b\u1ecb kh\u00ed n\u00e9n v\u00e0 thi\u1ebft b\u1ecb t\u1ef1 \u0111\u1ed9ng h\u00f3a trong c\u00f4ng nghi\u1ec7p\",\"publisher\":{\"@id\":\"https:\/\/omanivietnam.com\/#\/schema\/person\/0ad398a980dc3fd696111c2c5c8fa897\"},\"potentialAction\":[{\"@type\":\"SearchAction\",\"target\":{\"@type\":\"EntryPoint\",\"urlTemplate\":\"https:\/\/omanivietnam.com\/?s={search_term_string}\"},\"query-input\":\"required name=search_term_string\"}],\"inLanguage\":\"vi\"},{\"@type\":[\"Person\",\"Organization\"],\"@id\":\"https:\/\/omanivietnam.com\/#\/schema\/person\/0ad398a980dc3fd696111c2c5c8fa897\",\"name\":\"Nguy\u1ec5n V\u0103n Kh\u00e1nh\",\"image\":{\"@type\":\"ImageObject\",\"inLanguage\":\"vi\",\"@id\":\"https:\/\/omanivietnam.com\/#\/schema\/person\/image\/\",\"url\":\"https:\/\/omanivietnam.com\/wp-content\/uploads\/2024\/06\/logo-1024x1024.png\",\"contentUrl\":\"https:\/\/omanivietnam.com\/wp-content\/uploads\/2024\/06\/logo-1024x1024.png\",\"width\":1024,\"height\":1024,\"caption\":\"Nguy\u1ec5n V\u0103n Kh\u00e1nh\"},\"logo\":{\"@id\":\"https:\/\/omanivietnam.com\/#\/schema\/person\/image\/\"},\"sameAs\":[\"https:\/\/omanivietnam.com\"]}]}<\/script>\n<!-- \/ Yoast SEO plugin. -->","yoast_head_json":{"title":"APEX AB090-050-S2-P1 - OMANI VI\u1ec6T NAM","robots":{"index":"index","follow":"follow","max-snippet":"max-snippet:-1","max-image-preview":"max-image-preview:large","max-video-preview":"max-video-preview:-1"},"canonical":"https:\/\/omanivietnam.com\/index.php\/san-pham\/apex-ab090-050-s2-p1\/","og_locale":"vi_VN","og_type":"article","og_title":"APEX AB090-050-S2-P1 - OMANI VI\u1ec6T NAM","og_description":"APEX AB090-050-S2-P1 Ratio 050:1 Omani Vi\u1ec7t Nam l\u00e0 \u0111\u1ea1i l\u00fd c\u1ee7a h\u00e3ng Apex Dynamics chuy\u00ean h\u1ed9p s\u1ed1 ( Gear box ) s\u1eed d\u1ee5ng cho c\u00e1c lo\u1ea1i Servo motor c\u00e1c h\u00e3ng Mitsubishi, Siemens, Yaskawa,\u2026.c\u1ee7a \u0110\u00e0i Loan t\u1ea1i Vi\u1ec7t Nam. AB-Series Output torque T2N\u00a0: 14 Nm \u2013 2000 Nm Ratios: 1-stage :3&hellip;","og_url":"https:\/\/omanivietnam.com\/index.php\/san-pham\/apex-ab090-050-s2-p1\/","og_site_name":"OMANI VI\u1ec6T NAM","article_modified_time":"2024-11-20T15:39:00+00:00","og_image":[{"width":813,"height":868,"url":"https:\/\/omanivietnam.com\/wp-content\/uploads\/2024\/11\/AB090-S2-P1.png","type":"image\/png"}],"twitter_card":"summary_large_image","twitter_misc":{"\u01af\u1edbc t\u00ednh th\u1eddi gian \u0111\u1ecdc":"2 ph\u00fat"},"schema":{"@context":"https:\/\/schema.org","@graph":[{"@type":"WebPage","@id":"https:\/\/omanivietnam.com\/index.php\/san-pham\/apex-ab090-050-s2-p1\/","url":"https:\/\/omanivietnam.com\/index.php\/san-pham\/apex-ab090-050-s2-p1\/","name":"APEX AB090-050-S2-P1 - OMANI VI\u1ec6T NAM","isPartOf":{"@id":"https:\/\/omanivietnam.com\/#website"},"primaryImageOfPage":{"@id":"https:\/\/omanivietnam.com\/index.php\/san-pham\/apex-ab090-050-s2-p1\/#primaryimage"},"image":{"@id":"https:\/\/omanivietnam.com\/index.php\/san-pham\/apex-ab090-050-s2-p1\/#primaryimage"},"thumbnailUrl":"https:\/\/omanivietnam.com\/wp-content\/uploads\/2024\/11\/AB090-S2-P1.png","datePublished":"2024-11-20T15:35:34+00:00","dateModified":"2024-11-20T15:39:00+00:00","breadcrumb":{"@id":"https:\/\/omanivietnam.com\/index.php\/san-pham\/apex-ab090-050-s2-p1\/#breadcrumb"},"inLanguage":"vi","potentialAction":[{"@type":"ReadAction","target":["https:\/\/omanivietnam.com\/index.php\/san-pham\/apex-ab090-050-s2-p1\/"]}]},{"@type":"ImageObject","inLanguage":"vi","@id":"https:\/\/omanivietnam.com\/index.php\/san-pham\/apex-ab090-050-s2-p1\/#primaryimage","url":"https:\/\/omanivietnam.com\/wp-content\/uploads\/2024\/11\/AB090-S2-P1.png","contentUrl":"https:\/\/omanivietnam.com\/wp-content\/uploads\/2024\/11\/AB090-S2-P1.png","width":813,"height":868},{"@type":"BreadcrumbList","@id":"https:\/\/omanivietnam.com\/index.php\/san-pham\/apex-ab090-050-s2-p1\/#breadcrumb","itemListElement":[{"@type":"ListItem","position":1,"name":"Home","item":"https:\/\/omanivietnam.com\/"},{"@type":"ListItem","position":2,"name":"S\u1ea2N PH\u1ea8M","item":"https:\/\/omanivietnam.com\/index.php\/cua-hang\/"},{"@type":"ListItem","position":3,"name":"APEX AB090-050-S2-P1"}]},{"@type":"WebSite","@id":"https:\/\/omanivietnam.com\/#website","url":"https:\/\/omanivietnam.com\/","name":"OMANI VI\u1ec6T NAM","description":"Nh\u00e0 ph\u00e2n ph\u1ed1i thi\u1ebft b\u1ecb kh\u00ed n\u00e9n v\u00e0 thi\u1ebft b\u1ecb t\u1ef1 \u0111\u1ed9ng h\u00f3a trong c\u00f4ng nghi\u1ec7p","publisher":{"@id":"https:\/\/omanivietnam.com\/#\/schema\/person\/0ad398a980dc3fd696111c2c5c8fa897"},"potentialAction":[{"@type":"SearchAction","target":{"@type":"EntryPoint","urlTemplate":"https:\/\/omanivietnam.com\/?s={search_term_string}"},"query-input":"required name=search_term_string"}],"inLanguage":"vi"},{"@type":["Person","Organization"],"@id":"https:\/\/omanivietnam.com\/#\/schema\/person\/0ad398a980dc3fd696111c2c5c8fa897","name":"Nguy\u1ec5n V\u0103n Kh\u00e1nh","image":{"@type":"ImageObject","inLanguage":"vi","@id":"https:\/\/omanivietnam.com\/#\/schema\/person\/image\/","url":"https:\/\/omanivietnam.com\/wp-content\/uploads\/2024\/06\/logo-1024x1024.png","contentUrl":"https:\/\/omanivietnam.com\/wp-content\/uploads\/2024\/06\/logo-1024x1024.png","width":1024,"height":1024,"caption":"Nguy\u1ec5n V\u0103n Kh\u00e1nh"},"logo":{"@id":"https:\/\/omanivietnam.com\/#\/schema\/person\/image\/"},"sameAs":["https:\/\/omanivietnam.com"]}]}},"_links":{"self":[{"href":"https:\/\/omanivietnam.com\/index.php\/wp-json\/wp\/v2\/product\/2822","targetHints":{"allow":["GET"]}}],"collection":[{"href":"https:\/\/omanivietnam.com\/index.php\/wp-json\/wp\/v2\/product"}],"about":[{"href":"https:\/\/omanivietnam.com\/index.php\/wp-json\/wp\/v2\/types\/product"}],"replies":[{"embeddable":true,"href":"https:\/\/omanivietnam.com\/index.php\/wp-json\/wp\/v2\/comments?post=2822"}],"wp:featuredmedia":[{"embeddable":true,"href":"https:\/\/omanivietnam.com\/index.php\/wp-json\/wp\/v2\/media\/2823"}],"wp:attachment":[{"href":"https:\/\/omanivietnam.com\/index.php\/wp-json\/wp\/v2\/media?parent=2822"}],"wp:term":[{"taxonomy":"product_cat","embeddable":true,"href":"https:\/\/omanivietnam.com\/index.php\/wp-json\/wp\/v2\/product_cat?post=2822"},{"taxonomy":"product_tag","embeddable":true,"href":"https:\/\/omanivietnam.com\/index.php\/wp-json\/wp\/v2\/product_tag?post=2822"}],"curies":[{"name":"wp","href":"https:\/\/api.w.org\/{rel}","templated":true}]}}