{"id":2846,"date":"2024-11-22T05:20:27","date_gmt":"2024-11-21T22:20:27","guid":{"rendered":"https:\/\/omanivietnam.com\/?post_type=product&#038;p=2846"},"modified":"2024-11-22T05:21:36","modified_gmt":"2024-11-21T22:21:36","slug":"apex-pfii090-003","status":"publish","type":"product","link":"https:\/\/omanivietnam.com\/index.php\/san-pham\/apex-pfii090-003\/","title":{"rendered":"APEX PFII090-003"},"content":{"rendered":"<p>APEX PFII090-003<\/p>\n<p>Omani Vi\u1ec7t Nam l\u00e0 \u0111\u1ea1i l\u00fd c\u1ee7a h\u00e3ng Apex Dynamics chuy\u00ean h\u1ed9p s\u1ed1 ( Gear box ) s\u1eed d\u1ee5ng cho c\u00e1c lo\u1ea1i Servo motor c\u00e1c h\u00e3ng Mitsubishi, Siemens, Yaskawa,\u2026.c\u1ee7a \u0110\u00e0i Loan t\u1ea1i Vi\u1ec7t Nam<\/p>\n<div class=\"over_block\">\n<p class=\"title\">OVERVIEW<\/p>\n<p><strong>Output torque<\/strong><br \/>\nT2N :\u00a0<span id=\"T2N\">24 Nm &#8211; 232 Nm<\/span><br \/>\n<strong>Ratios:<\/strong><br \/>\n<span id=\"Ratios\">1-stage : 3 \/ 4 \/ 5 \/ 7 \/ 9 \/ 10<br \/>\n2-stage : 12 \/ 15 \/ 16 \/ 20 \/ 25 \/ 30 \/ 35 \/ 40 \/ 50 \/ 70 \/ 81 \/ 100<br \/>\n3-stage : 120 \/ 160 \/ 200 \/ 280 \/ 350 \/ 500 \/ 700 \/ 1000<br \/>\n<\/span><br \/>\n<strong>Low backlash<\/strong><br \/>\n<span id=\"backlash\">1-stage :\u2264 3~10 arcmin<br \/>\n2-stage :\u2264 12~100 arcmin<br \/>\n3-stage :\u2264 120~1000 arcmin<br \/>\n<\/span><br \/>\n<strong>High efficiency<\/strong><br \/>\n<span id=\"efficiency\">1-stage :\u2267 97 %<br \/>\n2-stage :\u2267 94 %<br \/>\n3-stage :\u2267 91 %<br \/>\n<\/span><br \/>\n<strong id=\"description\"><\/strong><\/p>\n<\/div>\n<div class=\"over_block\">\n<p class=\"title\">SIZE<\/p>\n<p><strong id=\"Size\">PFII070 \/ PFII090 \/ PFII120<\/strong><\/p>\n<\/div>\n<p><strong>Gearbox_Apex_PFII series<\/strong><\/p>\n<p><strong>PFII090 Gearbox size:<\/strong><\/p>\n<p><strong>Ratio 3:1<\/strong><\/p>\n<p>PFII090-003<\/p>\n<p><strong>Ratio 4:1<\/strong><\/p>\n<p>PFII090-004<\/p>\n<p><strong>Ratio 5:1<\/strong><\/p>\n<p>PFII090-005<\/p>\n<p><strong>Ratio 7:1<\/strong><\/p>\n<p>PFII090-007<\/p>\n<p><strong>Ratio 9:1<\/strong><\/p>\n<p>PFII090-009<\/p>\n<p><strong>Ratio 10:1<\/strong><\/p>\n<p>PFII090-010<\/p>\n<p><strong>Ratio 12:1<\/strong><\/p>\n<p>PFII090-012<\/p>\n<p><strong>Ratio 15:1<\/strong><\/p>\n<p>PFII090-015<\/p>\n<p><strong>Ratio 16:1<\/strong><\/p>\n<p>PFII090-016<\/p>\n<p><strong>Ratio 20:1<\/strong><\/p>\n<p>PFII090-020<\/p>\n<p><strong>Ratio 25:1<\/strong><\/p>\n<p>PFII090-025<\/p>\n<p><strong>Ratio 30:1<\/strong><\/p>\n<p>PFII090-030<\/p>\n<p><strong>Ratio 35:1<\/strong><\/p>\n<p>PFII090-035<\/p>\n<p><strong>Ratio 40:1<\/strong><\/p>\n<p>PFII090-040<\/p>\n<p><strong>Ratio 50:1<\/strong><\/p>\n<p>PFII090-050<\/p>\n<p><strong>Ratio 70:1<\/strong><\/p>\n<p>PFII090-070<\/p>\n<p><strong>Ratio 81:1<\/strong><\/p>\n<p>PFII090-081<\/p>\n<p><strong>Ratio 100:1<\/strong><\/p>\n<p>PFII090-100<\/p>\n<p><strong>Ratio 120:1<\/strong><\/p>\n<p>PFII090-120<\/p>\n<p><strong>Ratio 160:1<\/strong><\/p>\n<p>PFII090-160<\/p>\n<p><strong>Ratio 200:1<\/strong><\/p>\n<p>PFII090-200<\/p>\n<p><strong>Ratio 280:1<\/strong><\/p>\n<p>PFII090-280<\/p>\n<p><strong>Ratio 350:1<\/strong><\/p>\n<p>PFII090-350<\/p>\n<p><strong>Ratio 500:1<\/strong><\/p>\n<p>PFII090-500<\/p>\n<p><strong>Ratio 700:1<\/strong><\/p>\n<p>PFII090-700<\/p>\n<p><strong>Ratio 1000:1<\/strong><\/p>\n<p>PFII090-1000<\/p>\n","protected":false},"excerpt":{"rendered":"<p>APEX PFII090-003 Omani Vi\u1ec7t Nam l\u00e0 \u0111\u1ea1i l\u00fd c\u1ee7a h\u00e3ng Apex Dynamics chuy\u00ean h\u1ed9p s\u1ed1 ( Gear box ) s\u1eed d\u1ee5ng cho c\u00e1c lo\u1ea1i Servo motor c\u00e1c h\u00e3ng Mitsubishi, Siemens, Yaskawa,\u2026.c\u1ee7a \u0110\u00e0i Loan t\u1ea1i Vi\u1ec7t Nam OVERVIEW Output torque T2N :\u00a024 Nm &#8211; 232 Nm Ratios: 1-stage : 3 \/&hellip; <\/p>\n","protected":false},"featured_media":2841,"comment_status":"open","ping_status":"closed","template":"","meta":[],"product_cat":[344],"product_tag":[127,128,539,129],"class_list":{"0":"post-2846","1":"product","2":"type-product","3":"status-publish","4":"has-post-thumbnail","6":"product_cat-apex","7":"product_tag-apex-viet-nam","8":"product_tag-dai-ly-apex-viet-nam","9":"product_tag-gearbox","10":"product_tag-hop-so","12":"first","13":"instock","14":"shipping-taxable","15":"product-type-simple"},"yoast_head":"<!-- This site is optimized with the Yoast SEO plugin v22.8 - https:\/\/yoast.com\/wordpress\/plugins\/seo\/ -->\n<title>APEX PFII090-003 - OMANI VI\u1ec6T NAM<\/title>\n<meta name=\"robots\" content=\"index, follow, max-snippet:-1, max-image-preview:large, max-video-preview:-1\" \/>\n<link rel=\"canonical\" href=\"https:\/\/omanivietnam.com\/index.php\/san-pham\/apex-pfii090-003\/\" \/>\n<meta property=\"og:locale\" content=\"vi_VN\" \/>\n<meta property=\"og:type\" content=\"article\" \/>\n<meta property=\"og:title\" content=\"APEX PFII090-003 - OMANI VI\u1ec6T NAM\" \/>\n<meta property=\"og:description\" content=\"APEX PFII090-003 Omani Vi\u1ec7t Nam l\u00e0 \u0111\u1ea1i l\u00fd c\u1ee7a h\u00e3ng Apex Dynamics chuy\u00ean h\u1ed9p s\u1ed1 ( Gear box ) s\u1eed d\u1ee5ng cho c\u00e1c lo\u1ea1i Servo motor c\u00e1c h\u00e3ng Mitsubishi, Siemens, Yaskawa,\u2026.c\u1ee7a \u0110\u00e0i Loan t\u1ea1i Vi\u1ec7t Nam OVERVIEW Output torque T2N :\u00a024 Nm &#8211; 232 Nm Ratios: 1-stage : 3 \/&hellip;\" \/>\n<meta property=\"og:url\" content=\"https:\/\/omanivietnam.com\/index.php\/san-pham\/apex-pfii090-003\/\" \/>\n<meta property=\"og:site_name\" content=\"OMANI VI\u1ec6T NAM\" \/>\n<meta property=\"article:modified_time\" content=\"2024-11-21T22:21:36+00:00\" \/>\n<meta property=\"og:image\" content=\"https:\/\/omanivietnam.com\/wp-content\/uploads\/2024\/11\/PFII.png\" \/>\n\t<meta property=\"og:image:width\" content=\"531\" \/>\n\t<meta property=\"og:image:height\" content=\"515\" \/>\n\t<meta property=\"og:image:type\" content=\"image\/png\" \/>\n<meta name=\"twitter:card\" content=\"summary_large_image\" \/>\n<meta name=\"twitter:label1\" content=\"\u01af\u1edbc t\u00ednh th\u1eddi gian \u0111\u1ecdc\" \/>\n\t<meta name=\"twitter:data1\" content=\"2 ph\u00fat\" \/>\n<script type=\"application\/ld+json\" class=\"yoast-schema-graph\">{\"@context\":\"https:\/\/schema.org\",\"@graph\":[{\"@type\":\"WebPage\",\"@id\":\"https:\/\/omanivietnam.com\/index.php\/san-pham\/apex-pfii090-003\/\",\"url\":\"https:\/\/omanivietnam.com\/index.php\/san-pham\/apex-pfii090-003\/\",\"name\":\"APEX PFII090-003 - OMANI VI\u1ec6T NAM\",\"isPartOf\":{\"@id\":\"https:\/\/omanivietnam.com\/#website\"},\"primaryImageOfPage\":{\"@id\":\"https:\/\/omanivietnam.com\/index.php\/san-pham\/apex-pfii090-003\/#primaryimage\"},\"image\":{\"@id\":\"https:\/\/omanivietnam.com\/index.php\/san-pham\/apex-pfii090-003\/#primaryimage\"},\"thumbnailUrl\":\"https:\/\/omanivietnam.com\/wp-content\/uploads\/2024\/11\/PFII.png\",\"datePublished\":\"2024-11-21T22:20:27+00:00\",\"dateModified\":\"2024-11-21T22:21:36+00:00\",\"breadcrumb\":{\"@id\":\"https:\/\/omanivietnam.com\/index.php\/san-pham\/apex-pfii090-003\/#breadcrumb\"},\"inLanguage\":\"vi\",\"potentialAction\":[{\"@type\":\"ReadAction\",\"target\":[\"https:\/\/omanivietnam.com\/index.php\/san-pham\/apex-pfii090-003\/\"]}]},{\"@type\":\"ImageObject\",\"inLanguage\":\"vi\",\"@id\":\"https:\/\/omanivietnam.com\/index.php\/san-pham\/apex-pfii090-003\/#primaryimage\",\"url\":\"https:\/\/omanivietnam.com\/wp-content\/uploads\/2024\/11\/PFII.png\",\"contentUrl\":\"https:\/\/omanivietnam.com\/wp-content\/uploads\/2024\/11\/PFII.png\",\"width\":531,\"height\":515},{\"@type\":\"BreadcrumbList\",\"@id\":\"https:\/\/omanivietnam.com\/index.php\/san-pham\/apex-pfii090-003\/#breadcrumb\",\"itemListElement\":[{\"@type\":\"ListItem\",\"position\":1,\"name\":\"Home\",\"item\":\"https:\/\/omanivietnam.com\/\"},{\"@type\":\"ListItem\",\"position\":2,\"name\":\"S\u1ea2N PH\u1ea8M\",\"item\":\"https:\/\/omanivietnam.com\/index.php\/cua-hang\/\"},{\"@type\":\"ListItem\",\"position\":3,\"name\":\"APEX PFII090-003\"}]},{\"@type\":\"WebSite\",\"@id\":\"https:\/\/omanivietnam.com\/#website\",\"url\":\"https:\/\/omanivietnam.com\/\",\"name\":\"OMANI VI\u1ec6T NAM\",\"description\":\"Nh\u00e0 ph\u00e2n ph\u1ed1i thi\u1ebft b\u1ecb kh\u00ed n\u00e9n v\u00e0 thi\u1ebft b\u1ecb t\u1ef1 \u0111\u1ed9ng h\u00f3a trong c\u00f4ng nghi\u1ec7p\",\"publisher\":{\"@id\":\"https:\/\/omanivietnam.com\/#\/schema\/person\/0ad398a980dc3fd696111c2c5c8fa897\"},\"potentialAction\":[{\"@type\":\"SearchAction\",\"target\":{\"@type\":\"EntryPoint\",\"urlTemplate\":\"https:\/\/omanivietnam.com\/?s={search_term_string}\"},\"query-input\":\"required name=search_term_string\"}],\"inLanguage\":\"vi\"},{\"@type\":[\"Person\",\"Organization\"],\"@id\":\"https:\/\/omanivietnam.com\/#\/schema\/person\/0ad398a980dc3fd696111c2c5c8fa897\",\"name\":\"Nguy\u1ec5n V\u0103n Kh\u00e1nh\",\"image\":{\"@type\":\"ImageObject\",\"inLanguage\":\"vi\",\"@id\":\"https:\/\/omanivietnam.com\/#\/schema\/person\/image\/\",\"url\":\"https:\/\/omanivietnam.com\/wp-content\/uploads\/2024\/06\/logo-1024x1024.png\",\"contentUrl\":\"https:\/\/omanivietnam.com\/wp-content\/uploads\/2024\/06\/logo-1024x1024.png\",\"width\":1024,\"height\":1024,\"caption\":\"Nguy\u1ec5n V\u0103n Kh\u00e1nh\"},\"logo\":{\"@id\":\"https:\/\/omanivietnam.com\/#\/schema\/person\/image\/\"},\"sameAs\":[\"https:\/\/omanivietnam.com\"]}]}<\/script>\n<!-- \/ Yoast SEO plugin. -->","yoast_head_json":{"title":"APEX PFII090-003 - OMANI VI\u1ec6T NAM","robots":{"index":"index","follow":"follow","max-snippet":"max-snippet:-1","max-image-preview":"max-image-preview:large","max-video-preview":"max-video-preview:-1"},"canonical":"https:\/\/omanivietnam.com\/index.php\/san-pham\/apex-pfii090-003\/","og_locale":"vi_VN","og_type":"article","og_title":"APEX PFII090-003 - OMANI VI\u1ec6T NAM","og_description":"APEX PFII090-003 Omani Vi\u1ec7t Nam l\u00e0 \u0111\u1ea1i l\u00fd c\u1ee7a h\u00e3ng Apex Dynamics chuy\u00ean h\u1ed9p s\u1ed1 ( Gear box ) s\u1eed d\u1ee5ng cho c\u00e1c lo\u1ea1i Servo motor c\u00e1c h\u00e3ng Mitsubishi, Siemens, Yaskawa,\u2026.c\u1ee7a \u0110\u00e0i Loan t\u1ea1i Vi\u1ec7t Nam OVERVIEW Output torque T2N :\u00a024 Nm &#8211; 232 Nm Ratios: 1-stage : 3 \/&hellip;","og_url":"https:\/\/omanivietnam.com\/index.php\/san-pham\/apex-pfii090-003\/","og_site_name":"OMANI VI\u1ec6T NAM","article_modified_time":"2024-11-21T22:21:36+00:00","og_image":[{"width":531,"height":515,"url":"https:\/\/omanivietnam.com\/wp-content\/uploads\/2024\/11\/PFII.png","type":"image\/png"}],"twitter_card":"summary_large_image","twitter_misc":{"\u01af\u1edbc t\u00ednh th\u1eddi gian \u0111\u1ecdc":"2 ph\u00fat"},"schema":{"@context":"https:\/\/schema.org","@graph":[{"@type":"WebPage","@id":"https:\/\/omanivietnam.com\/index.php\/san-pham\/apex-pfii090-003\/","url":"https:\/\/omanivietnam.com\/index.php\/san-pham\/apex-pfii090-003\/","name":"APEX PFII090-003 - OMANI VI\u1ec6T NAM","isPartOf":{"@id":"https:\/\/omanivietnam.com\/#website"},"primaryImageOfPage":{"@id":"https:\/\/omanivietnam.com\/index.php\/san-pham\/apex-pfii090-003\/#primaryimage"},"image":{"@id":"https:\/\/omanivietnam.com\/index.php\/san-pham\/apex-pfii090-003\/#primaryimage"},"thumbnailUrl":"https:\/\/omanivietnam.com\/wp-content\/uploads\/2024\/11\/PFII.png","datePublished":"2024-11-21T22:20:27+00:00","dateModified":"2024-11-21T22:21:36+00:00","breadcrumb":{"@id":"https:\/\/omanivietnam.com\/index.php\/san-pham\/apex-pfii090-003\/#breadcrumb"},"inLanguage":"vi","potentialAction":[{"@type":"ReadAction","target":["https:\/\/omanivietnam.com\/index.php\/san-pham\/apex-pfii090-003\/"]}]},{"@type":"ImageObject","inLanguage":"vi","@id":"https:\/\/omanivietnam.com\/index.php\/san-pham\/apex-pfii090-003\/#primaryimage","url":"https:\/\/omanivietnam.com\/wp-content\/uploads\/2024\/11\/PFII.png","contentUrl":"https:\/\/omanivietnam.com\/wp-content\/uploads\/2024\/11\/PFII.png","width":531,"height":515},{"@type":"BreadcrumbList","@id":"https:\/\/omanivietnam.com\/index.php\/san-pham\/apex-pfii090-003\/#breadcrumb","itemListElement":[{"@type":"ListItem","position":1,"name":"Home","item":"https:\/\/omanivietnam.com\/"},{"@type":"ListItem","position":2,"name":"S\u1ea2N PH\u1ea8M","item":"https:\/\/omanivietnam.com\/index.php\/cua-hang\/"},{"@type":"ListItem","position":3,"name":"APEX PFII090-003"}]},{"@type":"WebSite","@id":"https:\/\/omanivietnam.com\/#website","url":"https:\/\/omanivietnam.com\/","name":"OMANI VI\u1ec6T NAM","description":"Nh\u00e0 ph\u00e2n ph\u1ed1i thi\u1ebft b\u1ecb kh\u00ed n\u00e9n v\u00e0 thi\u1ebft b\u1ecb t\u1ef1 \u0111\u1ed9ng h\u00f3a trong c\u00f4ng nghi\u1ec7p","publisher":{"@id":"https:\/\/omanivietnam.com\/#\/schema\/person\/0ad398a980dc3fd696111c2c5c8fa897"},"potentialAction":[{"@type":"SearchAction","target":{"@type":"EntryPoint","urlTemplate":"https:\/\/omanivietnam.com\/?s={search_term_string}"},"query-input":"required name=search_term_string"}],"inLanguage":"vi"},{"@type":["Person","Organization"],"@id":"https:\/\/omanivietnam.com\/#\/schema\/person\/0ad398a980dc3fd696111c2c5c8fa897","name":"Nguy\u1ec5n V\u0103n Kh\u00e1nh","image":{"@type":"ImageObject","inLanguage":"vi","@id":"https:\/\/omanivietnam.com\/#\/schema\/person\/image\/","url":"https:\/\/omanivietnam.com\/wp-content\/uploads\/2024\/06\/logo-1024x1024.png","contentUrl":"https:\/\/omanivietnam.com\/wp-content\/uploads\/2024\/06\/logo-1024x1024.png","width":1024,"height":1024,"caption":"Nguy\u1ec5n V\u0103n Kh\u00e1nh"},"logo":{"@id":"https:\/\/omanivietnam.com\/#\/schema\/person\/image\/"},"sameAs":["https:\/\/omanivietnam.com"]}]}},"_links":{"self":[{"href":"https:\/\/omanivietnam.com\/index.php\/wp-json\/wp\/v2\/product\/2846","targetHints":{"allow":["GET"]}}],"collection":[{"href":"https:\/\/omanivietnam.com\/index.php\/wp-json\/wp\/v2\/product"}],"about":[{"href":"https:\/\/omanivietnam.com\/index.php\/wp-json\/wp\/v2\/types\/product"}],"replies":[{"embeddable":true,"href":"https:\/\/omanivietnam.com\/index.php\/wp-json\/wp\/v2\/comments?post=2846"}],"wp:featuredmedia":[{"embeddable":true,"href":"https:\/\/omanivietnam.com\/index.php\/wp-json\/wp\/v2\/media\/2841"}],"wp:attachment":[{"href":"https:\/\/omanivietnam.com\/index.php\/wp-json\/wp\/v2\/media?parent=2846"}],"wp:term":[{"taxonomy":"product_cat","embeddable":true,"href":"https:\/\/omanivietnam.com\/index.php\/wp-json\/wp\/v2\/product_cat?post=2846"},{"taxonomy":"product_tag","embeddable":true,"href":"https:\/\/omanivietnam.com\/index.php\/wp-json\/wp\/v2\/product_tag?post=2846"}],"curies":[{"name":"wp","href":"https:\/\/api.w.org\/{rel}","templated":true}]}}