{"id":2854,"date":"2024-11-23T16:58:36","date_gmt":"2024-11-23T09:58:36","guid":{"rendered":"https:\/\/omanivietnam.com\/?post_type=product&#038;p=2854"},"modified":"2024-11-23T16:58:36","modified_gmt":"2024-11-23T09:58:36","slug":"ifm-ta2812","status":"publish","type":"product","link":"https:\/\/omanivietnam.com\/index.php\/san-pham\/ifm-ta2812\/","title":{"rendered":"IFM TA2812"},"content":{"rendered":"<p>IFM TA2812<\/p>\n<p class=\"ifm-product-detail-head__category normalize\" data-test=\"product-category\">Temperature transmitter<\/p>\n<div class=\"ifm-product-detail-head__product-info-wrapper\">\n<p class=\"ifm-product-detail-head__product-id h2 normalize\" data-test=\"product-id\">TA2812<\/p>\n<p class=\"ifm-product-detail-head__type normalize\" data-test=\"product-type\">TA-050CLEC01- &#8211; \/US<\/p>\n<ul class=\"ifm-product-detail-head__list\" data-test=\"product-bullet-points\">\n<li class=\"ifm-product-detail-head__list-item\">Hygienic design for the requirements of the food and beverage industry<\/li>\n<li class=\"ifm-product-detail-head__list-item\">Precise scalable analogue output and high precision over the whole temperature range<\/li>\n<li class=\"ifm-product-detail-head__list-item\">With diagnostic output for drift and fault monitoring<\/li>\n<li class=\"ifm-product-detail-head__list-item\">High process safety due to self-monitoring<\/li>\n<li class=\"ifm-product-detail-head__list-item\">Including free 5-point calibration certificate.<\/li>\n<\/ul>\n<div id=\"tab-description\" class=\"woocommerce-Tabs-panel woocommerce-Tabs-panel--description panel entry-content wc-tab\" role=\"tabpanel\" aria-labelledby=\"tab-title-description\">\n<table class=\"woocommerce-product-attributes shop_attributes\">\n<tbody>\n<tr>\n<th class=\"pd-table-h1\" colspan=\"2\">Product characteristics<\/th>\n<\/tr>\n<tr>\n<td>Number of inputs and outputs<\/td>\n<td>Number of analogue outputs: 1<\/td>\n<\/tr>\n<tr>\n<td>Measuring range [\u00b0C]<\/td>\n<td>-50\u2026200<\/td>\n<\/tr>\n<tr>\n<td>Process connection<\/td>\n<td>Clamp DN25\u2026DN40 (1\u20261,5\u2033) DIN 32676 (ISO 2852)<\/td>\n<\/tr>\n<tr>\n<td>Installation length EL [mm]<\/td>\n<td>50<\/td>\n<\/tr>\n<tr>\n<th class=\"pd-table-h1\" colspan=\"2\">Application<\/th>\n<\/tr>\n<tr>\n<td>Measuring element<\/td>\n<td>1 x Pt 1000; (to DIN EN 60751, class A)<\/td>\n<\/tr>\n<tr>\n<td>Media<\/td>\n<td>liquids and gases<\/td>\n<\/tr>\n<tr>\n<td>Pressure rating [bar]<\/td>\n<td>100<\/td>\n<\/tr>\n<tr>\n<td>Vacuum resistance [mbar]<\/td>\n<td>-1000<\/td>\n<\/tr>\n<tr>\n<td>MAWP (for applications according to CRN) [bar]<\/td>\n<td>55<\/td>\n<\/tr>\n<tr>\n<th class=\"pd-table-h1\" colspan=\"2\">Electrical data<\/th>\n<\/tr>\n<tr>\n<td>Operating voltage [V]<\/td>\n<td>18\u202632 DC; (\u201csupply class 2\u201d to cULus)<\/td>\n<\/tr>\n<tr>\n<td>Current consumption [mA]<\/td>\n<td>&lt; 50<\/td>\n<\/tr>\n<tr>\n<td>Protection class<\/td>\n<td>III<\/td>\n<\/tr>\n<tr>\n<td>Reverse polarity protection<\/td>\n<td>yes<\/td>\n<\/tr>\n<tr>\n<td>Power-on delay time [s]<\/td>\n<td>2<\/td>\n<\/tr>\n<tr>\n<th class=\"pd-table-h1\" colspan=\"2\">Inputs \/ outputs<\/th>\n<\/tr>\n<tr>\n<td>Number of inputs and outputs<\/td>\n<td>Number of analogue outputs: 1<\/td>\n<\/tr>\n<tr>\n<th class=\"pd-table-h1\" colspan=\"2\">Outputs<\/th>\n<\/tr>\n<tr>\n<td>Total number of outputs<\/td>\n<td>1<\/td>\n<\/tr>\n<tr>\n<td>Output signal<\/td>\n<td>analogue signal; IO-Link; (configurable)<\/td>\n<\/tr>\n<tr>\n<td>Number of analogue outputs<\/td>\n<td>1<\/td>\n<\/tr>\n<tr>\n<td>Analogue current output [mA]<\/td>\n<td>4\u202620<\/td>\n<\/tr>\n<tr>\n<td>Max. load [\u03a9]<\/td>\n<td>250; ((18\u202619 V); 19\u202632 V: 300 \u03a9)<\/td>\n<\/tr>\n<tr>\n<td>Short-circuit protection<\/td>\n<td>yes<\/td>\n<\/tr>\n<tr>\n<td>Overload protection<\/td>\n<td>yes<\/td>\n<\/tr>\n<tr>\n<th class=\"pd-table-h1\" colspan=\"2\">Measuring\/setting range<\/th>\n<\/tr>\n<tr>\n<td>Measuring range [\u00b0C]<\/td>\n<td>-50\u2026200<\/td>\n<\/tr>\n<tr>\n<td>Factory setting<\/td>\n<td>0\u2026200 \u00b0C<\/td>\n<\/tr>\n<tr>\n<th class=\"pd-table-h2\" colspan=\"2\">Resolution<\/th>\n<\/tr>\n<tr>\n<td>Resolution of analogue output [K]<\/td>\n<td>0.04<\/td>\n<\/tr>\n<tr>\n<th class=\"pd-table-h1\" colspan=\"2\">Accuracy \/ deviations<\/th>\n<\/tr>\n<tr>\n<td>Precision analogue output [K]<\/td>\n<td>\u00b1 0,3 + (\u00b1 0,1 % MS)<\/td>\n<\/tr>\n<tr>\n<td>Temperature coefficient [% of the span \/ 10 K]<\/td>\n<td>0,1; (in case of deviation from the reference condition 25 \u00b1 5 \u00b0C)<\/td>\n<\/tr>\n<tr>\n<th class=\"pd-table-h1\" colspan=\"2\">Response times<\/th>\n<\/tr>\n<tr>\n<td>Dynamic response T05 \/ T09 [s]<\/td>\n<td>&lt; 0,5 \/ &lt; 2<\/td>\n<\/tr>\n<tr>\n<th class=\"pd-table-h1\" colspan=\"2\">Interfaces<\/th>\n<\/tr>\n<tr>\n<td>Communication interface<\/td>\n<td>IO-Link<\/td>\n<\/tr>\n<tr>\n<td>Transmission type<\/td>\n<td>COM2 (38,4 kBaud)<\/td>\n<\/tr>\n<tr>\n<td>IO-Link revision<\/td>\n<td>1.1<\/td>\n<\/tr>\n<tr>\n<th class=\"pd-table-h1\" colspan=\"2\">Operating conditions<\/th>\n<\/tr>\n<tr>\n<td>Ambient temperature [\u00b0C]<\/td>\n<td>-25\u202680<\/td>\n<\/tr>\n<tr>\n<td>Note on ambient temperature<\/td>\n<td>\n<table>\n<caption>\u00a0<\/caption>\n<colgroup class=\"pd-table-cols-1\">\n<col class=\"pd-table-col-1\" \/><\/colgroup>\n<tbody>\n<tr>\n<td>at medium temperature: &lt; 160 \u00b0C<\/td>\n<\/tr>\n<tr>\n<td>-25\u202660 \u00b0C<\/td>\n<\/tr>\n<tr>\n<td>at medium temperature: &lt; 200 \u00b0C<\/td>\n<\/tr>\n<\/tbody>\n<\/table>\n<\/td>\n<\/tr>\n<tr>\n<td>Storage temperature [\u00b0C]<\/td>\n<td>-40\u2026100<\/td>\n<\/tr>\n<tr>\n<td>Protection<\/td>\n<td>IP 67; IP 68; IP 69K<\/td>\n<\/tr>\n<tr>\n<th class=\"pd-table-h1\" colspan=\"2\">Mechanical data<\/th>\n<\/tr>\n<tr>\n<td>Weight [g]<\/td>\n<td>231.5<\/td>\n<\/tr>\n<tr>\n<td>Dimensions [mm]<\/td>\n<td>\u00d8 18.71<\/td>\n<\/tr>\n<tr>\n<td>Materials<\/td>\n<td>stainless steel (1.4404 \/ 316L); PEI; FKM<\/td>\n<\/tr>\n<tr>\n<td>Materials (wetted parts)<\/td>\n<td>stainless steel (1.4404 \/ 316L) electropolished<\/td>\n<\/tr>\n<tr>\n<td>Process connection<\/td>\n<td>Clamp DN25\u2026DN40 (1\u20261,5\u2033) DIN 32676 (ISO 2852)<\/td>\n<\/tr>\n<tr>\n<td>Surface characteristics Ra\/Rz of the wetted parts<\/td>\n<td>Ra: &lt; 0.8<\/td>\n<\/tr>\n<tr>\n<td>Probe diameter [mm]<\/td>\n<td>6<\/td>\n<\/tr>\n<tr>\n<td>Installation length EL [mm]<\/td>\n<td>50<\/td>\n<\/tr>\n<tr>\n<th class=\"pd-table-h1\" colspan=\"2\">Remarks<\/th>\n<\/tr>\n<tr>\n<td>Remarks<\/td>\n<td>\n<table>\n<caption>\u00a0<\/caption>\n<colgroup class=\"pd-table-cols-1\">\n<col class=\"pd-table-col-1\" \/><\/colgroup>\n<tbody>\n<tr>\n<td>MS = set measuring span<\/td>\n<\/tr>\n<tr>\n<td>The values for accuracy apply to flowing water.<\/td>\n<\/tr>\n<\/tbody>\n<\/table>\n<\/td>\n<\/tr>\n<tr>\n<td>Pack quantity<\/td>\n<td>1 pcs.<\/td>\n<\/tr>\n<tr>\n<th class=\"pd-table-h1\" colspan=\"2\">Electrical connection<\/th>\n<\/tr>\n<tr>\n<td>Connection<\/td>\n<td>Connector: 1 x M12<\/td>\n<\/tr>\n<\/tbody>\n<\/table>\n<\/div>\n<div id=\"tab-additional_information\" class=\"woocommerce-Tabs-panel woocommerce-Tabs-panel--additional_information panel entry-content wc-tab\" role=\"tabpanel\" aria-labelledby=\"tab-title-additional_information\">\n<h2>Th\u00f4ng tin b\u1ed5 sung<\/h2>\n<table class=\"woocommerce-product-attributes shop_attributes\">\n<tbody>\n<tr class=\"woocommerce-product-attributes-item woocommerce-product-attributes-item--attribute_pa_brand\">\n<th class=\"woocommerce-product-attributes-item__label\">Th\u01b0\u01a1ng hi\u1ec7u<\/th>\n<td class=\"woocommerce-product-attributes-item__value\">\n<div>\n<p><a href=\"https:\/\/codienhaiau.com\/brand\/ifm\/\" rel=\"tag\">IFM<\/a><\/p>\n<\/div>\n<\/td>\n<\/tr>\n<tr class=\"woocommerce-product-attributes-item woocommerce-product-attributes-item--attribute_pa_thoi-gian-bao-hanh\">\n<th class=\"woocommerce-product-attributes-item__label\">Th\u1eddi gian b\u1ea3o h\u00e0nh<\/th>\n<td class=\"woocommerce-product-attributes-item__value\">\n<div>\n<p>5 N\u0103m<\/p>\n<\/div>\n<\/td>\n<\/tr>\n<tr class=\"woocommerce-product-attributes-item woocommerce-product-attributes-item--attribute_pa_dien-ap-ngo-vao\">\n<th class=\"woocommerce-product-attributes-item__label\">\u0110i\u1ec7n \u00e1p ng\u00f5 v\u00e0o<\/th>\n<td class=\"woocommerce-product-attributes-item__value\">\n<div>\n<p><a href=\"https:\/\/codienhaiau.com\/dien-ap-ngo-vao\/24v\/\" rel=\"tag\">24V<\/a><\/p>\n<\/div>\n<\/td>\n<\/tr>\n<tr class=\"woocommerce-product-attributes-item woocommerce-product-attributes-item--attribute_pa_ngo-ra\">\n<th class=\"woocommerce-product-attributes-item__label\">Ng\u00f5 ra<\/th>\n<td class=\"woocommerce-product-attributes-item__value\">\n<div>\n<p>Analog<\/p>\n<\/div>\n<\/td>\n<\/tr>\n<\/tbody>\n<\/table>\n<\/div>\n<\/div>\n","protected":false},"excerpt":{"rendered":"<p>IFM TA2812 Temperature transmitter TA2812 TA-050CLEC01- &#8211; \/US Hygienic design for the requirements of the food and beverage industry Precise scalable analogue output and high precision over the whole temperature range With diagnostic output for drift and fault monitoring High process safety due to self-monitoring Including free 5-point calibration certificate.&hellip; <\/p>\n","protected":false},"featured_media":2855,"comment_status":"open","ping_status":"closed","template":"","meta":[],"product_cat":[300],"product_tag":[88,166,165],"class_list":{"0":"post-2854","1":"product","2":"type-product","3":"status-publish","4":"has-post-thumbnail","6":"product_cat-ifm","7":"product_tag-cam-bien","8":"product_tag-dai-ly-ifm-viet-nam","9":"product_tag-ifm-viet-nam","11":"first","12":"instock","13":"shipping-taxable","14":"product-type-simple"},"yoast_head":"<!-- This site is optimized with the Yoast SEO plugin v22.8 - https:\/\/yoast.com\/wordpress\/plugins\/seo\/ -->\n<title>IFM TA2812 - OMANI VI\u1ec6T NAM<\/title>\n<meta name=\"robots\" content=\"index, follow, max-snippet:-1, max-image-preview:large, max-video-preview:-1\" \/>\n<link rel=\"canonical\" href=\"https:\/\/omanivietnam.com\/index.php\/san-pham\/ifm-ta2812\/\" \/>\n<meta property=\"og:locale\" content=\"vi_VN\" \/>\n<meta property=\"og:type\" content=\"article\" \/>\n<meta property=\"og:title\" content=\"IFM TA2812 - OMANI VI\u1ec6T NAM\" \/>\n<meta property=\"og:description\" content=\"IFM TA2812 Temperature transmitter TA2812 TA-050CLEC01- &#8211; \/US Hygienic design for the requirements of the food and beverage industry Precise scalable analogue output and high precision over the whole temperature range With diagnostic output for drift and fault monitoring High process safety due to self-monitoring Including free 5-point calibration certificate.&hellip;\" \/>\n<meta property=\"og:url\" content=\"https:\/\/omanivietnam.com\/index.php\/san-pham\/ifm-ta2812\/\" \/>\n<meta property=\"og:site_name\" content=\"OMANI VI\u1ec6T NAM\" \/>\n<meta property=\"og:image\" content=\"https:\/\/omanivietnam.com\/wp-content\/uploads\/2024\/11\/TA2812.png\" \/>\n\t<meta property=\"og:image:width\" content=\"467\" \/>\n\t<meta property=\"og:image:height\" content=\"581\" \/>\n\t<meta property=\"og:image:type\" content=\"image\/png\" \/>\n<meta name=\"twitter:card\" content=\"summary_large_image\" \/>\n<meta name=\"twitter:label1\" content=\"\u01af\u1edbc t\u00ednh th\u1eddi gian \u0111\u1ecdc\" \/>\n\t<meta name=\"twitter:data1\" content=\"3 ph\u00fat\" \/>\n<script type=\"application\/ld+json\" class=\"yoast-schema-graph\">{\"@context\":\"https:\/\/schema.org\",\"@graph\":[{\"@type\":\"WebPage\",\"@id\":\"https:\/\/omanivietnam.com\/index.php\/san-pham\/ifm-ta2812\/\",\"url\":\"https:\/\/omanivietnam.com\/index.php\/san-pham\/ifm-ta2812\/\",\"name\":\"IFM TA2812 - OMANI VI\u1ec6T NAM\",\"isPartOf\":{\"@id\":\"https:\/\/omanivietnam.com\/#website\"},\"primaryImageOfPage\":{\"@id\":\"https:\/\/omanivietnam.com\/index.php\/san-pham\/ifm-ta2812\/#primaryimage\"},\"image\":{\"@id\":\"https:\/\/omanivietnam.com\/index.php\/san-pham\/ifm-ta2812\/#primaryimage\"},\"thumbnailUrl\":\"https:\/\/omanivietnam.com\/wp-content\/uploads\/2024\/11\/TA2812.png\",\"datePublished\":\"2024-11-23T09:58:36+00:00\",\"dateModified\":\"2024-11-23T09:58:36+00:00\",\"breadcrumb\":{\"@id\":\"https:\/\/omanivietnam.com\/index.php\/san-pham\/ifm-ta2812\/#breadcrumb\"},\"inLanguage\":\"vi\",\"potentialAction\":[{\"@type\":\"ReadAction\",\"target\":[\"https:\/\/omanivietnam.com\/index.php\/san-pham\/ifm-ta2812\/\"]}]},{\"@type\":\"ImageObject\",\"inLanguage\":\"vi\",\"@id\":\"https:\/\/omanivietnam.com\/index.php\/san-pham\/ifm-ta2812\/#primaryimage\",\"url\":\"https:\/\/omanivietnam.com\/wp-content\/uploads\/2024\/11\/TA2812.png\",\"contentUrl\":\"https:\/\/omanivietnam.com\/wp-content\/uploads\/2024\/11\/TA2812.png\",\"width\":467,\"height\":581},{\"@type\":\"BreadcrumbList\",\"@id\":\"https:\/\/omanivietnam.com\/index.php\/san-pham\/ifm-ta2812\/#breadcrumb\",\"itemListElement\":[{\"@type\":\"ListItem\",\"position\":1,\"name\":\"Home\",\"item\":\"https:\/\/omanivietnam.com\/\"},{\"@type\":\"ListItem\",\"position\":2,\"name\":\"S\u1ea2N PH\u1ea8M\",\"item\":\"https:\/\/omanivietnam.com\/index.php\/cua-hang\/\"},{\"@type\":\"ListItem\",\"position\":3,\"name\":\"IFM TA2812\"}]},{\"@type\":\"WebSite\",\"@id\":\"https:\/\/omanivietnam.com\/#website\",\"url\":\"https:\/\/omanivietnam.com\/\",\"name\":\"OMANI VI\u1ec6T NAM\",\"description\":\"Nh\u00e0 ph\u00e2n ph\u1ed1i thi\u1ebft b\u1ecb kh\u00ed n\u00e9n v\u00e0 thi\u1ebft b\u1ecb t\u1ef1 \u0111\u1ed9ng h\u00f3a trong c\u00f4ng nghi\u1ec7p\",\"publisher\":{\"@id\":\"https:\/\/omanivietnam.com\/#\/schema\/person\/0ad398a980dc3fd696111c2c5c8fa897\"},\"potentialAction\":[{\"@type\":\"SearchAction\",\"target\":{\"@type\":\"EntryPoint\",\"urlTemplate\":\"https:\/\/omanivietnam.com\/?s={search_term_string}\"},\"query-input\":\"required name=search_term_string\"}],\"inLanguage\":\"vi\"},{\"@type\":[\"Person\",\"Organization\"],\"@id\":\"https:\/\/omanivietnam.com\/#\/schema\/person\/0ad398a980dc3fd696111c2c5c8fa897\",\"name\":\"Nguy\u1ec5n V\u0103n Kh\u00e1nh\",\"image\":{\"@type\":\"ImageObject\",\"inLanguage\":\"vi\",\"@id\":\"https:\/\/omanivietnam.com\/#\/schema\/person\/image\/\",\"url\":\"https:\/\/omanivietnam.com\/wp-content\/uploads\/2024\/06\/logo-1024x1024.png\",\"contentUrl\":\"https:\/\/omanivietnam.com\/wp-content\/uploads\/2024\/06\/logo-1024x1024.png\",\"width\":1024,\"height\":1024,\"caption\":\"Nguy\u1ec5n V\u0103n Kh\u00e1nh\"},\"logo\":{\"@id\":\"https:\/\/omanivietnam.com\/#\/schema\/person\/image\/\"},\"sameAs\":[\"https:\/\/omanivietnam.com\"]}]}<\/script>\n<!-- \/ Yoast SEO plugin. -->","yoast_head_json":{"title":"IFM TA2812 - OMANI VI\u1ec6T NAM","robots":{"index":"index","follow":"follow","max-snippet":"max-snippet:-1","max-image-preview":"max-image-preview:large","max-video-preview":"max-video-preview:-1"},"canonical":"https:\/\/omanivietnam.com\/index.php\/san-pham\/ifm-ta2812\/","og_locale":"vi_VN","og_type":"article","og_title":"IFM TA2812 - OMANI VI\u1ec6T NAM","og_description":"IFM TA2812 Temperature transmitter TA2812 TA-050CLEC01- &#8211; \/US Hygienic design for the requirements of the food and beverage industry Precise scalable analogue output and high precision over the whole temperature range With diagnostic output for drift and fault monitoring High process safety due to self-monitoring Including free 5-point calibration certificate.&hellip;","og_url":"https:\/\/omanivietnam.com\/index.php\/san-pham\/ifm-ta2812\/","og_site_name":"OMANI VI\u1ec6T NAM","og_image":[{"width":467,"height":581,"url":"https:\/\/omanivietnam.com\/wp-content\/uploads\/2024\/11\/TA2812.png","type":"image\/png"}],"twitter_card":"summary_large_image","twitter_misc":{"\u01af\u1edbc t\u00ednh th\u1eddi gian \u0111\u1ecdc":"3 ph\u00fat"},"schema":{"@context":"https:\/\/schema.org","@graph":[{"@type":"WebPage","@id":"https:\/\/omanivietnam.com\/index.php\/san-pham\/ifm-ta2812\/","url":"https:\/\/omanivietnam.com\/index.php\/san-pham\/ifm-ta2812\/","name":"IFM TA2812 - OMANI VI\u1ec6T NAM","isPartOf":{"@id":"https:\/\/omanivietnam.com\/#website"},"primaryImageOfPage":{"@id":"https:\/\/omanivietnam.com\/index.php\/san-pham\/ifm-ta2812\/#primaryimage"},"image":{"@id":"https:\/\/omanivietnam.com\/index.php\/san-pham\/ifm-ta2812\/#primaryimage"},"thumbnailUrl":"https:\/\/omanivietnam.com\/wp-content\/uploads\/2024\/11\/TA2812.png","datePublished":"2024-11-23T09:58:36+00:00","dateModified":"2024-11-23T09:58:36+00:00","breadcrumb":{"@id":"https:\/\/omanivietnam.com\/index.php\/san-pham\/ifm-ta2812\/#breadcrumb"},"inLanguage":"vi","potentialAction":[{"@type":"ReadAction","target":["https:\/\/omanivietnam.com\/index.php\/san-pham\/ifm-ta2812\/"]}]},{"@type":"ImageObject","inLanguage":"vi","@id":"https:\/\/omanivietnam.com\/index.php\/san-pham\/ifm-ta2812\/#primaryimage","url":"https:\/\/omanivietnam.com\/wp-content\/uploads\/2024\/11\/TA2812.png","contentUrl":"https:\/\/omanivietnam.com\/wp-content\/uploads\/2024\/11\/TA2812.png","width":467,"height":581},{"@type":"BreadcrumbList","@id":"https:\/\/omanivietnam.com\/index.php\/san-pham\/ifm-ta2812\/#breadcrumb","itemListElement":[{"@type":"ListItem","position":1,"name":"Home","item":"https:\/\/omanivietnam.com\/"},{"@type":"ListItem","position":2,"name":"S\u1ea2N PH\u1ea8M","item":"https:\/\/omanivietnam.com\/index.php\/cua-hang\/"},{"@type":"ListItem","position":3,"name":"IFM TA2812"}]},{"@type":"WebSite","@id":"https:\/\/omanivietnam.com\/#website","url":"https:\/\/omanivietnam.com\/","name":"OMANI VI\u1ec6T NAM","description":"Nh\u00e0 ph\u00e2n ph\u1ed1i thi\u1ebft b\u1ecb kh\u00ed n\u00e9n v\u00e0 thi\u1ebft b\u1ecb t\u1ef1 \u0111\u1ed9ng h\u00f3a trong c\u00f4ng nghi\u1ec7p","publisher":{"@id":"https:\/\/omanivietnam.com\/#\/schema\/person\/0ad398a980dc3fd696111c2c5c8fa897"},"potentialAction":[{"@type":"SearchAction","target":{"@type":"EntryPoint","urlTemplate":"https:\/\/omanivietnam.com\/?s={search_term_string}"},"query-input":"required name=search_term_string"}],"inLanguage":"vi"},{"@type":["Person","Organization"],"@id":"https:\/\/omanivietnam.com\/#\/schema\/person\/0ad398a980dc3fd696111c2c5c8fa897","name":"Nguy\u1ec5n V\u0103n Kh\u00e1nh","image":{"@type":"ImageObject","inLanguage":"vi","@id":"https:\/\/omanivietnam.com\/#\/schema\/person\/image\/","url":"https:\/\/omanivietnam.com\/wp-content\/uploads\/2024\/06\/logo-1024x1024.png","contentUrl":"https:\/\/omanivietnam.com\/wp-content\/uploads\/2024\/06\/logo-1024x1024.png","width":1024,"height":1024,"caption":"Nguy\u1ec5n V\u0103n Kh\u00e1nh"},"logo":{"@id":"https:\/\/omanivietnam.com\/#\/schema\/person\/image\/"},"sameAs":["https:\/\/omanivietnam.com"]}]}},"_links":{"self":[{"href":"https:\/\/omanivietnam.com\/index.php\/wp-json\/wp\/v2\/product\/2854","targetHints":{"allow":["GET"]}}],"collection":[{"href":"https:\/\/omanivietnam.com\/index.php\/wp-json\/wp\/v2\/product"}],"about":[{"href":"https:\/\/omanivietnam.com\/index.php\/wp-json\/wp\/v2\/types\/product"}],"replies":[{"embeddable":true,"href":"https:\/\/omanivietnam.com\/index.php\/wp-json\/wp\/v2\/comments?post=2854"}],"wp:featuredmedia":[{"embeddable":true,"href":"https:\/\/omanivietnam.com\/index.php\/wp-json\/wp\/v2\/media\/2855"}],"wp:attachment":[{"href":"https:\/\/omanivietnam.com\/index.php\/wp-json\/wp\/v2\/media?parent=2854"}],"wp:term":[{"taxonomy":"product_cat","embeddable":true,"href":"https:\/\/omanivietnam.com\/index.php\/wp-json\/wp\/v2\/product_cat?post=2854"},{"taxonomy":"product_tag","embeddable":true,"href":"https:\/\/omanivietnam.com\/index.php\/wp-json\/wp\/v2\/product_tag?post=2854"}],"curies":[{"name":"wp","href":"https:\/\/api.w.org\/{rel}","templated":true}]}}