{"id":2856,"date":"2024-11-23T17:02:57","date_gmt":"2024-11-23T10:02:57","guid":{"rendered":"https:\/\/omanivietnam.com\/?post_type=product&#038;p=2856"},"modified":"2024-11-23T17:02:57","modified_gmt":"2024-11-23T10:02:57","slug":"ifm-si5000","status":"publish","type":"product","link":"https:\/\/omanivietnam.com\/index.php\/san-pham\/ifm-si5000\/","title":{"rendered":"IFM SI5000"},"content":{"rendered":"<p>IFM SI5000<\/p>\n<p class=\"ifm-product-detail-head__category normalize\" data-test=\"product-category\">Flow monitor<\/p>\n<div class=\"ifm-product-detail-head__product-info-wrapper\">\n<p class=\"ifm-product-detail-head__product-id h2 normalize\" data-test=\"product-id\">SI5000<\/p>\n<p class=\"ifm-product-detail-head__type normalize\" data-test=\"product-type\">SID10ABBFPKG\/US-100<\/p>\n<ul class=\"ifm-product-detail-head__list\" data-test=\"product-bullet-points\">\n<li class=\"ifm-product-detail-head__list-item\">Reliable monitoring of liquids and gases in pipes<\/li>\n<li class=\"ifm-product-detail-head__list-item\">Variable process connection using adapters<\/li>\n<li class=\"ifm-product-detail-head__list-item\">Easy setting of the switch points for quick set-up<\/li>\n<li class=\"ifm-product-detail-head__list-item\">Robust stainless steel housing for use in harsh industrial environments<\/li>\n<li class=\"ifm-product-detail-head__list-item\">LED bar graph for indication of switch point and flow<\/li>\n<\/ul>\n<table class=\"woocommerce-product-attributes shop_attributes\">\n<tbody>\n<tr>\n<th class=\"pd-table-h1\" colspan=\"2\">Product characteristics<\/th>\n<\/tr>\n<tr>\n<td>Number of inputs and outputs<\/td>\n<td>Number of digital outputs: 1<\/td>\n<\/tr>\n<tr>\n<td>Process connection<\/td>\n<td>M18 x 1,5 internal thread<\/td>\n<\/tr>\n<tr>\n<th class=\"pd-table-h1\" colspan=\"2\">Application<\/th>\n<\/tr>\n<tr>\n<td>Media<\/td>\n<td>Liquids; Gases<\/td>\n<\/tr>\n<tr>\n<td>Medium temperature [\u00b0C]<\/td>\n<td>-25\u202680<\/td>\n<\/tr>\n<tr>\n<td>Pressure rating [bar]<\/td>\n<td>30<\/td>\n<\/tr>\n<tr>\n<th class=\"pd-table-h2\" colspan=\"2\">Liquids<\/th>\n<\/tr>\n<tr>\n<td>Medium temperature [\u00b0C]<\/td>\n<td>-25\u202680<\/td>\n<\/tr>\n<tr>\n<th class=\"pd-table-h2\" colspan=\"2\">Gases<\/th>\n<\/tr>\n<tr>\n<td>Medium temperature [\u00b0C]<\/td>\n<td>-25\u202680<\/td>\n<\/tr>\n<tr>\n<th class=\"pd-table-h1\" colspan=\"2\">Electrical data<\/th>\n<\/tr>\n<tr>\n<td>Operating voltage [V]<\/td>\n<td>19\u202636 DC<\/td>\n<\/tr>\n<tr>\n<td>Current consumption [mA]<\/td>\n<td>&lt; 60<\/td>\n<\/tr>\n<tr>\n<td>Protection class<\/td>\n<td>III<\/td>\n<\/tr>\n<tr>\n<td>Reverse polarity protection<\/td>\n<td>yes<\/td>\n<\/tr>\n<tr>\n<td>Power-on delay time [s]<\/td>\n<td>10<\/td>\n<\/tr>\n<tr>\n<th class=\"pd-table-h1\" colspan=\"2\">Inputs \/ outputs<\/th>\n<\/tr>\n<tr>\n<td>Number of inputs and outputs<\/td>\n<td>Number of digital outputs: 1<\/td>\n<\/tr>\n<tr>\n<th class=\"pd-table-h1\" colspan=\"2\">Outputs<\/th>\n<\/tr>\n<tr>\n<td>Total number of outputs<\/td>\n<td>1<\/td>\n<\/tr>\n<tr>\n<td>Output signal<\/td>\n<td>switching signal<\/td>\n<\/tr>\n<tr>\n<td>Electrical design<\/td>\n<td>PNP<\/td>\n<\/tr>\n<tr>\n<td>Number of digital outputs<\/td>\n<td>1<\/td>\n<\/tr>\n<tr>\n<td>Output function<\/td>\n<td>normally open \/ normally closed; (parameterisable)<\/td>\n<\/tr>\n<tr>\n<td>Max. voltage drop switching output DC [V]<\/td>\n<td>2.5<\/td>\n<\/tr>\n<tr>\n<td>Permanent current rating of switching output DC [mA]<\/td>\n<td>250<\/td>\n<\/tr>\n<tr>\n<td>Short-circuit protection<\/td>\n<td>yes<\/td>\n<\/tr>\n<tr>\n<td>Type of short-circuit protection<\/td>\n<td>pulsed<\/td>\n<\/tr>\n<tr>\n<td>Overload protection<\/td>\n<td>yes<\/td>\n<\/tr>\n<tr>\n<th class=\"pd-table-h1\" colspan=\"2\">Measuring\/setting range<\/th>\n<\/tr>\n<tr>\n<td>Probe length L [mm]<\/td>\n<td>45<\/td>\n<\/tr>\n<tr>\n<th class=\"pd-table-h2\" colspan=\"2\">Liquids<\/th>\n<\/tr>\n<tr>\n<td>Setting range [cm\/s]<\/td>\n<td>3\u2026300<\/td>\n<\/tr>\n<tr>\n<td>Greatest sensitivity [cm\/s]<\/td>\n<td>3\u2026100<\/td>\n<\/tr>\n<tr>\n<th class=\"pd-table-h2\" colspan=\"2\">Gases<\/th>\n<\/tr>\n<tr>\n<td>Setting range [cm\/s]<\/td>\n<td>200\u20263000<\/td>\n<\/tr>\n<tr>\n<td>Greatest sensitivity [cm\/s]<\/td>\n<td>200\u2026800<\/td>\n<\/tr>\n<tr>\n<th class=\"pd-table-h1\" colspan=\"2\">Accuracy \/ deviations<\/th>\n<\/tr>\n<tr>\n<td>Repeatability [cm\/s]<\/td>\n<td>1\u20265<\/td>\n<\/tr>\n<tr>\n<td>Note on repeatability<\/td>\n<td>\n<table>\n<caption>\u00a0<\/caption>\n<colgroup class=\"pd-table-cols-1\">\n<col class=\"pd-table-col-1\" \/><\/colgroup>\n<tbody>\n<tr>\n<td>for water 5\u2026100 cm\/s; 25 \u00b0C<\/td>\n<\/tr>\n<tr>\n<td>Factory setting<\/td>\n<\/tr>\n<\/tbody>\n<\/table>\n<\/td>\n<\/tr>\n<tr>\n<td>Temperature drift [cm\/s x 1\/K]<\/td>\n<td>0.1; (for water 5\u2026100 cm\/s; 10\u202670 \u00b0C)<\/td>\n<\/tr>\n<tr>\n<td>Temperature gradient [K\/min]<\/td>\n<td>300<\/td>\n<\/tr>\n<tr>\n<td>Switch point accuracy [cm\/s]<\/td>\n<td>\u00b1 2\u2026\u00b1 10; (for water 5\u2026100 cm\/s; 25 \u00b0C; Factory setting)<\/td>\n<\/tr>\n<tr>\n<td>Hysteresis [cm\/s]<\/td>\n<td>2\u20265; (for water 5\u2026100 cm\/s; 25 \u00b0C; Factory setting)<\/td>\n<\/tr>\n<tr>\n<th class=\"pd-table-h1\" colspan=\"2\">Response times<\/th>\n<\/tr>\n<tr>\n<td>Response time [s]<\/td>\n<td>1\u202610<\/td>\n<\/tr>\n<tr>\n<th class=\"pd-table-h2\" colspan=\"2\">Liquids<\/th>\n<\/tr>\n<tr>\n<td>Response time [s]<\/td>\n<td>1\u202610<\/td>\n<\/tr>\n<tr>\n<th class=\"pd-table-h2\" colspan=\"2\">Gases<\/th>\n<\/tr>\n<tr>\n<td>Response time [s]<\/td>\n<td>1\u202610<\/td>\n<\/tr>\n<tr>\n<th class=\"pd-table-h1\" colspan=\"2\">Software \/ programming<\/th>\n<\/tr>\n<tr>\n<td>Adjustment of the switch point<\/td>\n<td>pushbutton<\/td>\n<\/tr>\n<tr>\n<th class=\"pd-table-h1\" colspan=\"2\">Operating conditions<\/th>\n<\/tr>\n<tr>\n<td>Ambient temperature [\u00b0C]<\/td>\n<td>-25\u202680<\/td>\n<\/tr>\n<tr>\n<td>Storage temperature [\u00b0C]<\/td>\n<td>-25\u2026100<\/td>\n<\/tr>\n<tr>\n<td>Protection<\/td>\n<td>IP 67<\/td>\n<\/tr>\n<tr>\n<th class=\"pd-table-h1\" colspan=\"2\">Mechanical data<\/th>\n<\/tr>\n<tr>\n<td>Weight [g]<\/td>\n<td>246<\/td>\n<\/tr>\n<tr>\n<td>Dimensions [mm]<\/td>\n<td>M18 x 1.5<\/td>\n<\/tr>\n<tr>\n<td>Thread designation<\/td>\n<td>M18 x 1.5<\/td>\n<\/tr>\n<tr>\n<td>Materials<\/td>\n<td>stainless steel (1.4404 \/ 316L); stainless steel (1.4310 \/ 301); PC; PBT-GF20; EPDM\/X<\/td>\n<\/tr>\n<tr>\n<td>Materials (wetted parts)<\/td>\n<td>stainless steel (1.4404 \/ 316L); O-ring: FKM 80 Shore A<\/td>\n<\/tr>\n<tr>\n<td>Process connection<\/td>\n<td>M18 x 1,5 internal thread<\/td>\n<\/tr>\n<tr>\n<th class=\"pd-table-h1\" colspan=\"2\">Displays \/ operating elements<\/th>\n<\/tr>\n<tr>\n<td>Display<\/td>\n<td>\n<table>\n<caption>\u00a0<\/caption>\n<colgroup class=\"pd-table-cols-2\">\n<col class=\"pd-table-col-1\" \/>\n<col class=\"pd-table-col-2\" \/><\/colgroup>\n<tbody>\n<tr>\n<td>function<\/td>\n<td>10 x LED, three-colour<\/td>\n<\/tr>\n<\/tbody>\n<\/table>\n<\/td>\n<\/tr>\n<tr>\n<th class=\"pd-table-h1\" colspan=\"2\">Remarks<\/th>\n<\/tr>\n<tr>\n<td>Pack quantity<\/td>\n<td>1 pcs.<\/td>\n<\/tr>\n<tr>\n<th class=\"pd-table-h1\" colspan=\"2\">Electrical connection<\/th>\n<\/tr>\n<tr>\n<td>Connection<\/td>\n<td>Connector: 1 x M12<\/td>\n<\/tr>\n<\/tbody>\n<\/table>\n<\/div>\n","protected":false},"excerpt":{"rendered":"<p>IFM SI5000 Flow monitor SI5000 SID10ABBFPKG\/US-100 Reliable monitoring of liquids and gases in pipes Variable process connection using adapters Easy setting of the switch points for quick set-up Robust stainless steel housing for use in harsh industrial environments LED bar graph for indication of switch point and flow Product characteristics&hellip; <\/p>\n","protected":false},"featured_media":2857,"comment_status":"open","ping_status":"closed","template":"","meta":[],"product_cat":[300],"product_tag":[88,166,165],"class_list":{"0":"post-2856","1":"product","2":"type-product","3":"status-publish","4":"has-post-thumbnail","6":"product_cat-ifm","7":"product_tag-cam-bien","8":"product_tag-dai-ly-ifm-viet-nam","9":"product_tag-ifm-viet-nam","11":"first","12":"instock","13":"shipping-taxable","14":"product-type-simple"},"yoast_head":"<!-- This site is optimized with the Yoast SEO plugin v22.8 - https:\/\/yoast.com\/wordpress\/plugins\/seo\/ -->\n<title>IFM SI5000 - OMANI VI\u1ec6T NAM<\/title>\n<meta name=\"robots\" content=\"index, follow, max-snippet:-1, max-image-preview:large, max-video-preview:-1\" \/>\n<link rel=\"canonical\" href=\"https:\/\/omanivietnam.com\/index.php\/san-pham\/ifm-si5000\/\" \/>\n<meta property=\"og:locale\" content=\"vi_VN\" \/>\n<meta property=\"og:type\" content=\"article\" \/>\n<meta property=\"og:title\" content=\"IFM SI5000 - OMANI VI\u1ec6T NAM\" \/>\n<meta property=\"og:description\" content=\"IFM SI5000 Flow monitor SI5000 SID10ABBFPKG\/US-100 Reliable monitoring of liquids and gases in pipes Variable process connection using adapters Easy setting of the switch points for quick set-up Robust stainless steel housing for use in harsh industrial environments LED bar graph for indication of switch point and flow Product characteristics&hellip;\" \/>\n<meta property=\"og:url\" content=\"https:\/\/omanivietnam.com\/index.php\/san-pham\/ifm-si5000\/\" \/>\n<meta property=\"og:site_name\" content=\"OMANI VI\u1ec6T NAM\" \/>\n<meta property=\"og:image\" content=\"https:\/\/omanivietnam.com\/wp-content\/uploads\/2024\/11\/SI5000.png\" \/>\n\t<meta property=\"og:image:width\" content=\"625\" \/>\n\t<meta property=\"og:image:height\" content=\"550\" \/>\n\t<meta property=\"og:image:type\" content=\"image\/png\" \/>\n<meta name=\"twitter:card\" content=\"summary_large_image\" \/>\n<meta name=\"twitter:label1\" content=\"\u01af\u1edbc t\u00ednh th\u1eddi gian \u0111\u1ecdc\" \/>\n\t<meta name=\"twitter:data1\" content=\"3 ph\u00fat\" \/>\n<script type=\"application\/ld+json\" class=\"yoast-schema-graph\">{\"@context\":\"https:\/\/schema.org\",\"@graph\":[{\"@type\":\"WebPage\",\"@id\":\"https:\/\/omanivietnam.com\/index.php\/san-pham\/ifm-si5000\/\",\"url\":\"https:\/\/omanivietnam.com\/index.php\/san-pham\/ifm-si5000\/\",\"name\":\"IFM SI5000 - OMANI VI\u1ec6T NAM\",\"isPartOf\":{\"@id\":\"https:\/\/omanivietnam.com\/#website\"},\"primaryImageOfPage\":{\"@id\":\"https:\/\/omanivietnam.com\/index.php\/san-pham\/ifm-si5000\/#primaryimage\"},\"image\":{\"@id\":\"https:\/\/omanivietnam.com\/index.php\/san-pham\/ifm-si5000\/#primaryimage\"},\"thumbnailUrl\":\"https:\/\/omanivietnam.com\/wp-content\/uploads\/2024\/11\/SI5000.png\",\"datePublished\":\"2024-11-23T10:02:57+00:00\",\"dateModified\":\"2024-11-23T10:02:57+00:00\",\"breadcrumb\":{\"@id\":\"https:\/\/omanivietnam.com\/index.php\/san-pham\/ifm-si5000\/#breadcrumb\"},\"inLanguage\":\"vi\",\"potentialAction\":[{\"@type\":\"ReadAction\",\"target\":[\"https:\/\/omanivietnam.com\/index.php\/san-pham\/ifm-si5000\/\"]}]},{\"@type\":\"ImageObject\",\"inLanguage\":\"vi\",\"@id\":\"https:\/\/omanivietnam.com\/index.php\/san-pham\/ifm-si5000\/#primaryimage\",\"url\":\"https:\/\/omanivietnam.com\/wp-content\/uploads\/2024\/11\/SI5000.png\",\"contentUrl\":\"https:\/\/omanivietnam.com\/wp-content\/uploads\/2024\/11\/SI5000.png\",\"width\":625,\"height\":550},{\"@type\":\"BreadcrumbList\",\"@id\":\"https:\/\/omanivietnam.com\/index.php\/san-pham\/ifm-si5000\/#breadcrumb\",\"itemListElement\":[{\"@type\":\"ListItem\",\"position\":1,\"name\":\"Home\",\"item\":\"https:\/\/omanivietnam.com\/\"},{\"@type\":\"ListItem\",\"position\":2,\"name\":\"S\u1ea2N PH\u1ea8M\",\"item\":\"https:\/\/omanivietnam.com\/index.php\/cua-hang\/\"},{\"@type\":\"ListItem\",\"position\":3,\"name\":\"IFM SI5000\"}]},{\"@type\":\"WebSite\",\"@id\":\"https:\/\/omanivietnam.com\/#website\",\"url\":\"https:\/\/omanivietnam.com\/\",\"name\":\"OMANI VI\u1ec6T NAM\",\"description\":\"Nh\u00e0 ph\u00e2n ph\u1ed1i thi\u1ebft b\u1ecb kh\u00ed n\u00e9n v\u00e0 thi\u1ebft b\u1ecb t\u1ef1 \u0111\u1ed9ng h\u00f3a trong c\u00f4ng nghi\u1ec7p\",\"publisher\":{\"@id\":\"https:\/\/omanivietnam.com\/#\/schema\/person\/0ad398a980dc3fd696111c2c5c8fa897\"},\"potentialAction\":[{\"@type\":\"SearchAction\",\"target\":{\"@type\":\"EntryPoint\",\"urlTemplate\":\"https:\/\/omanivietnam.com\/?s={search_term_string}\"},\"query-input\":\"required name=search_term_string\"}],\"inLanguage\":\"vi\"},{\"@type\":[\"Person\",\"Organization\"],\"@id\":\"https:\/\/omanivietnam.com\/#\/schema\/person\/0ad398a980dc3fd696111c2c5c8fa897\",\"name\":\"Nguy\u1ec5n V\u0103n Kh\u00e1nh\",\"image\":{\"@type\":\"ImageObject\",\"inLanguage\":\"vi\",\"@id\":\"https:\/\/omanivietnam.com\/#\/schema\/person\/image\/\",\"url\":\"https:\/\/omanivietnam.com\/wp-content\/uploads\/2024\/06\/logo-1024x1024.png\",\"contentUrl\":\"https:\/\/omanivietnam.com\/wp-content\/uploads\/2024\/06\/logo-1024x1024.png\",\"width\":1024,\"height\":1024,\"caption\":\"Nguy\u1ec5n V\u0103n Kh\u00e1nh\"},\"logo\":{\"@id\":\"https:\/\/omanivietnam.com\/#\/schema\/person\/image\/\"},\"sameAs\":[\"https:\/\/omanivietnam.com\"]}]}<\/script>\n<!-- \/ Yoast SEO plugin. -->","yoast_head_json":{"title":"IFM SI5000 - OMANI VI\u1ec6T NAM","robots":{"index":"index","follow":"follow","max-snippet":"max-snippet:-1","max-image-preview":"max-image-preview:large","max-video-preview":"max-video-preview:-1"},"canonical":"https:\/\/omanivietnam.com\/index.php\/san-pham\/ifm-si5000\/","og_locale":"vi_VN","og_type":"article","og_title":"IFM SI5000 - OMANI VI\u1ec6T NAM","og_description":"IFM SI5000 Flow monitor SI5000 SID10ABBFPKG\/US-100 Reliable monitoring of liquids and gases in pipes Variable process connection using adapters Easy setting of the switch points for quick set-up Robust stainless steel housing for use in harsh industrial environments LED bar graph for indication of switch point and flow Product characteristics&hellip;","og_url":"https:\/\/omanivietnam.com\/index.php\/san-pham\/ifm-si5000\/","og_site_name":"OMANI VI\u1ec6T NAM","og_image":[{"width":625,"height":550,"url":"https:\/\/omanivietnam.com\/wp-content\/uploads\/2024\/11\/SI5000.png","type":"image\/png"}],"twitter_card":"summary_large_image","twitter_misc":{"\u01af\u1edbc t\u00ednh th\u1eddi gian \u0111\u1ecdc":"3 ph\u00fat"},"schema":{"@context":"https:\/\/schema.org","@graph":[{"@type":"WebPage","@id":"https:\/\/omanivietnam.com\/index.php\/san-pham\/ifm-si5000\/","url":"https:\/\/omanivietnam.com\/index.php\/san-pham\/ifm-si5000\/","name":"IFM SI5000 - OMANI VI\u1ec6T NAM","isPartOf":{"@id":"https:\/\/omanivietnam.com\/#website"},"primaryImageOfPage":{"@id":"https:\/\/omanivietnam.com\/index.php\/san-pham\/ifm-si5000\/#primaryimage"},"image":{"@id":"https:\/\/omanivietnam.com\/index.php\/san-pham\/ifm-si5000\/#primaryimage"},"thumbnailUrl":"https:\/\/omanivietnam.com\/wp-content\/uploads\/2024\/11\/SI5000.png","datePublished":"2024-11-23T10:02:57+00:00","dateModified":"2024-11-23T10:02:57+00:00","breadcrumb":{"@id":"https:\/\/omanivietnam.com\/index.php\/san-pham\/ifm-si5000\/#breadcrumb"},"inLanguage":"vi","potentialAction":[{"@type":"ReadAction","target":["https:\/\/omanivietnam.com\/index.php\/san-pham\/ifm-si5000\/"]}]},{"@type":"ImageObject","inLanguage":"vi","@id":"https:\/\/omanivietnam.com\/index.php\/san-pham\/ifm-si5000\/#primaryimage","url":"https:\/\/omanivietnam.com\/wp-content\/uploads\/2024\/11\/SI5000.png","contentUrl":"https:\/\/omanivietnam.com\/wp-content\/uploads\/2024\/11\/SI5000.png","width":625,"height":550},{"@type":"BreadcrumbList","@id":"https:\/\/omanivietnam.com\/index.php\/san-pham\/ifm-si5000\/#breadcrumb","itemListElement":[{"@type":"ListItem","position":1,"name":"Home","item":"https:\/\/omanivietnam.com\/"},{"@type":"ListItem","position":2,"name":"S\u1ea2N PH\u1ea8M","item":"https:\/\/omanivietnam.com\/index.php\/cua-hang\/"},{"@type":"ListItem","position":3,"name":"IFM SI5000"}]},{"@type":"WebSite","@id":"https:\/\/omanivietnam.com\/#website","url":"https:\/\/omanivietnam.com\/","name":"OMANI VI\u1ec6T NAM","description":"Nh\u00e0 ph\u00e2n ph\u1ed1i thi\u1ebft b\u1ecb kh\u00ed n\u00e9n v\u00e0 thi\u1ebft b\u1ecb t\u1ef1 \u0111\u1ed9ng h\u00f3a trong c\u00f4ng nghi\u1ec7p","publisher":{"@id":"https:\/\/omanivietnam.com\/#\/schema\/person\/0ad398a980dc3fd696111c2c5c8fa897"},"potentialAction":[{"@type":"SearchAction","target":{"@type":"EntryPoint","urlTemplate":"https:\/\/omanivietnam.com\/?s={search_term_string}"},"query-input":"required name=search_term_string"}],"inLanguage":"vi"},{"@type":["Person","Organization"],"@id":"https:\/\/omanivietnam.com\/#\/schema\/person\/0ad398a980dc3fd696111c2c5c8fa897","name":"Nguy\u1ec5n V\u0103n Kh\u00e1nh","image":{"@type":"ImageObject","inLanguage":"vi","@id":"https:\/\/omanivietnam.com\/#\/schema\/person\/image\/","url":"https:\/\/omanivietnam.com\/wp-content\/uploads\/2024\/06\/logo-1024x1024.png","contentUrl":"https:\/\/omanivietnam.com\/wp-content\/uploads\/2024\/06\/logo-1024x1024.png","width":1024,"height":1024,"caption":"Nguy\u1ec5n V\u0103n Kh\u00e1nh"},"logo":{"@id":"https:\/\/omanivietnam.com\/#\/schema\/person\/image\/"},"sameAs":["https:\/\/omanivietnam.com"]}]}},"_links":{"self":[{"href":"https:\/\/omanivietnam.com\/index.php\/wp-json\/wp\/v2\/product\/2856","targetHints":{"allow":["GET"]}}],"collection":[{"href":"https:\/\/omanivietnam.com\/index.php\/wp-json\/wp\/v2\/product"}],"about":[{"href":"https:\/\/omanivietnam.com\/index.php\/wp-json\/wp\/v2\/types\/product"}],"replies":[{"embeddable":true,"href":"https:\/\/omanivietnam.com\/index.php\/wp-json\/wp\/v2\/comments?post=2856"}],"wp:featuredmedia":[{"embeddable":true,"href":"https:\/\/omanivietnam.com\/index.php\/wp-json\/wp\/v2\/media\/2857"}],"wp:attachment":[{"href":"https:\/\/omanivietnam.com\/index.php\/wp-json\/wp\/v2\/media?parent=2856"}],"wp:term":[{"taxonomy":"product_cat","embeddable":true,"href":"https:\/\/omanivietnam.com\/index.php\/wp-json\/wp\/v2\/product_cat?post=2856"},{"taxonomy":"product_tag","embeddable":true,"href":"https:\/\/omanivietnam.com\/index.php\/wp-json\/wp\/v2\/product_tag?post=2856"}],"curies":[{"name":"wp","href":"https:\/\/api.w.org\/{rel}","templated":true}]}}