{"id":2864,"date":"2024-11-23T17:58:02","date_gmt":"2024-11-23T10:58:02","guid":{"rendered":"https:\/\/omanivietnam.com\/?post_type=product&#038;p=2864"},"modified":"2024-11-23T17:58:45","modified_gmt":"2024-11-23T10:58:45","slug":"festo-cteu-pn","status":"publish","type":"product","link":"https:\/\/omanivietnam.com\/index.php\/san-pham\/festo-cteu-pn\/","title":{"rendered":"FESTO CTEU-PN"},"content":{"rendered":"<p>FESTO CTEU-PN<\/p>\n<p><b>The system<\/b><\/p>\n<ul>\n<li>CTEU fieldbus modules for valve terminals<br \/>\n\u2022 Festo-specific interface (I-Port)<br \/>\n\u2022 Input modules CTSL for detecting sensor signals<br \/>\n\u2022 Connection for the installation system CPI from Festo<br \/>\n\u2022 Direct and easy networking of valve terminals and other devices via a bus con<br \/>\nnection<br \/>\n\u2022 Wide range of applications thanks to high degree of protection to IP65\/67<br \/>\n\u2022 Universal connection technology (Sub-D, M12, terminal strip)<br \/>\n\u2022 Optional decentralised installation of the bus node for connecting two valve<br \/>\nterminals<br \/>\n\u2022 Basic diagnostics: undervoltage, short circuit<br \/>\nCTEU for universal use of valve terminals. Thanks to the Festo-specific standar<br \/>\ndised definition of the interface (I-Port), the fieldbus modules can be used for dif<br \/>\nferent types of valve terminal.<br \/>\nThe following protocols are currently supported:<br \/>\n\u2022 CANopen<br \/>\n\u2022 DeviceNet<br \/>\n\u2022 CC-Link<br \/>\n\u2022 PROFIBUS<br \/>\n\u2022 EtherCAT<br \/>\n\u2022 AS-Interface<br \/>\n\u2022 PROFINET<br \/>\n\u2022 EtherNet\/IP<br \/>\n\u2022 VARAN<br \/>\n\u2022 Installation system CPI<br \/>\n\u2022 IO-Link<\/li>\n<\/ul>\n<p><b>Valve terminal configurator<\/b><\/p>\n<p>A valve terminal configurator is available online to help you select a suitable valve<br \/>\nterminal.<br \/>\nSelect a valve terminal with I-Port interface and order the relevant CTEU bus<br \/>\nnodes. The bus nodes then only need to be placed on the valve terminal.<br \/>\nThe ident. code for the valve terminals specifies the valve functions, the number<br \/>\nof valves and vacant valve positions, as well as the additional functions and the<br \/>\ntype of compressed air supply.<br \/>\nAs is the case with all Festo products, all valve terminals are supplied:<br \/>\n\u2022 Fully pre-assembled<br \/>\n\u2022 Equipped with fittings on request<br \/>\n\u2022 Tested for electrical function<br \/>\n\u2022 Tested for pneumatic function<br \/>\n\u2022 Securely packaged<br \/>\n\u2022 User documentation can be downloaded free of charge<\/p>\n<p><strong>Th\u00f4ng s\u1ed1 k\u1ef9 thu\u1eadt\u00a0Bus node CTEU-PN 2201471 Festo<\/strong><\/p>\n<table id=\"InnerDataSheet\" class=\"DataSheetTable\" border=\"0\" summary=\"$HTML(~Datasheet_Data)\" cellspacing=\"0\" cellpadding=\"0\">\n<thead>\n<tr>\n<th width=\"50%\">Feature<\/th>\n<th width=\"50%\">Value<\/th>\n<\/tr>\n<\/thead>\n<tbody>\n<tr id=\"TRowDeliveryDate\">\n<td id=\"TCellDeliveryDate\" nowrap=\"nowrap\">Shipping date<\/td>\n<td id=\"TCellDeliveryDateValue\"><span class=\"clickable\"><img decoding=\"async\" src=\"https:\/\/www.festo.com\/cat\/en-gb_gb\/images\/Icons\/icon_link.gif\" border=\"0\" \/>\u00a0View<\/span><\/td>\n<\/tr>\n<tr class=\"greybg\">\n<td>Dimensions W x L x H<\/td>\n<td>40 mm x 91 mm x 50 mm<\/td>\n<\/tr>\n<tr class=\"greybg\">\n<td>Grid dimension<\/td>\n<td>40 mm<\/td>\n<\/tr>\n<tr class=\"greybg\">\n<td>Mounting type<\/td>\n<td>On electrical interface<br \/>\nOn electrical connection block<\/td>\n<\/tr>\n<tr class=\"greybg\">\n<td>Product weight<\/td>\n<td>93 g<\/td>\n<\/tr>\n<tr class=\"greybg\">\n<td>Protocol<\/td>\n<td>PROFINET<\/td>\n<\/tr>\n<tr class=\"greybg\">\n<td>Fieldbus interface<\/td>\n<td>Ethernet<\/td>\n<\/tr>\n<tr class=\"greybg\">\n<td>Fieldbus interface, protocol<\/td>\n<td>PROFINET RT<\/td>\n<\/tr>\n<tr class=\"greybg\">\n<td>Fieldbus interface, type of connection<\/td>\n<td>2x socket<\/td>\n<\/tr>\n<tr class=\"greybg\">\n<td>Fieldbus interface, connection technology<\/td>\n<td>M12x1, D-coded in accordance with EN 61076-2-101<\/td>\n<\/tr>\n<tr class=\"greybg\">\n<td>Fieldbus interface, number of pins\/wires<\/td>\n<td>4<\/td>\n<\/tr>\n<tr class=\"greybg\">\n<td>Fieldbus interface, electrical isolation<\/td>\n<td>Yes<\/td>\n<\/tr>\n<tr class=\"greybg\">\n<td>Fieldbus interface, transmission rate<\/td>\n<td>100 Mbit\/s<\/td>\n<\/tr>\n<tr class=\"greybg\">\n<td>Internal cycle time<\/td>\n<td>1 ms per 1 byte of user data<\/td>\n<\/tr>\n<tr class=\"greybg\">\n<td>Maximum address volume for inputs<\/td>\n<td>64 Byte<\/td>\n<\/tr>\n<tr class=\"greybg\">\n<td>Maximum address volume for outputs<\/td>\n<td>64 Byte<\/td>\n<\/tr>\n<tr class=\"greybg\">\n<td>Power supply, function<\/td>\n<td>Electronics and load<\/td>\n<\/tr>\n<tr class=\"greybg\">\n<td>Power supply, type of connection<\/td>\n<td>Plug<\/td>\n<\/tr>\n<tr class=\"greybg\">\n<td>Power supply, connection technology<\/td>\n<td>M12x1, A-coded in accordance with EN 61076-2-101<\/td>\n<\/tr>\n<tr class=\"greybg\">\n<td>Power supply, number of pins\/wires<\/td>\n<td>5<\/td>\n<\/tr>\n<tr class=\"greybg\">\n<td>Diagnosis<\/td>\n<td>Communication error<br \/>\nSystem diagnostics<br \/>\nUndervoltage<\/td>\n<\/tr>\n<tr class=\"greybg\">\n<td>Additional functions<\/td>\n<td>Conformance class C<br \/>\nFast Start Up (FSU)<br \/>\nLLDP<br \/>\nMRP<br \/>\nPROFINET IRT<br \/>\nPROFIenergy<br \/>\nSNMP<br \/>\nShared device<br \/>\nWeb servers<\/td>\n<\/tr>\n<tr class=\"greybg\">\n<td>Configuration support<\/td>\n<td>GSDML file<\/td>\n<\/tr>\n<tr class=\"greybg\">\n<td>Product-specific LED display<\/td>\n<td>PS: operating voltage for electronics and load supply<br \/>\nX1: System status module I port 1<br \/>\nX2: System status module I port 2<\/td>\n<\/tr>\n<tr class=\"greybg\">\n<td>Bus-specific LED display<\/td>\n<td>NF: Network error<br \/>\nTP1: network active, port 1<br \/>\nTP2: network active, port 2<\/td>\n<\/tr>\n<tr class=\"greybg\">\n<td>Operating voltage range DC<\/td>\n<td>18 &#8230; 30 V<\/td>\n<\/tr>\n<tr class=\"greybg\">\n<td>Nominal operating voltage DC<\/td>\n<td>24 V<\/td>\n<\/tr>\n<tr class=\"greybg\">\n<td>Intrinsic current consumption at operating voltage<\/td>\n<td>Typically 80 mA<\/td>\n<\/tr>\n<tr class=\"greybg\">\n<td>Max. power supply<\/td>\n<td>4 A<\/td>\n<\/tr>\n<tr class=\"greybg\">\n<td>Authorisation<\/td>\n<td>RCM Mark<br \/>\nc UL us &#8211; Listed (OL)<\/td>\n<\/tr>\n<tr class=\"greybg\">\n<td>KC mark<\/td>\n<td>KC-EMV<\/td>\n<\/tr>\n<tr class=\"greybg\">\n<td>CE mark (see declaration of conformity)<\/td>\n<td>to EU directive for EMC<\/td>\n<\/tr>\n<tr class=\"greybg\">\n<td>Corrosion resistance classification CRC<\/td>\n<td>2 &#8211; Moderate corrosion stress<\/td>\n<\/tr>\n<tr class=\"greybg\">\n<td>Storage temperature<\/td>\n<td>-20 &#8230; 70 \u00b0C<\/td>\n<\/tr>\n<tr class=\"greybg\">\n<td>Protection class<\/td>\n<td>IP65<br \/>\nIP67<\/td>\n<\/tr>\n<tr class=\"greybg\">\n<td>Note on degree of protection<\/td>\n<td>in assembled condition<br \/>\nUnused connections sealed<\/td>\n<\/tr>\n<tr class=\"greybg\">\n<td>Ambient temperature<\/td>\n<td>-5 &#8230; 50 \u00b0C<\/td>\n<\/tr>\n<tr class=\"greybg\">\n<td>Material housing<\/td>\n<td>PA<\/td>\n<\/tr>\n<tr class=\"greybg\">\n<td>Materials note<\/td>\n<td>Contains PWIS substances<br \/>\nConforms to RoHS<\/td>\n<\/tr>\n<\/tbody>\n<\/table>\n<p>&nbsp;<\/p>\n<table width=\"379\">\n<tbody>\n<tr>\n<td width=\"90\">2201471<\/td>\n<td width=\"289\">CTEU-PN<\/td>\n<\/tr>\n<tr>\n<td width=\"90\">8107589<\/td>\n<td width=\"289\">CTEU-PN-EX1C<\/td>\n<\/tr>\n<tr>\n<td width=\"90\">2798071<\/td>\n<td width=\"289\">CTEU-EP<\/td>\n<\/tr>\n<tr>\n<td width=\"90\">8107591<\/td>\n<td width=\"289\">CTEU-EP-EX1C<\/td>\n<\/tr>\n<tr>\n<td width=\"90\">8087559<\/td>\n<td width=\"289\">CTEU-VN<\/td>\n<\/tr>\n<tr>\n<td width=\"90\">2149714<\/td>\n<td width=\"289\">CTEU-CP<\/td>\n<\/tr>\n<tr>\n<td width=\"90\">1387363<\/td>\n<td width=\"289\">CTSL-D-16E-M8-3<\/td>\n<\/tr>\n<tr>\n<td width=\"90\">1387359<\/td>\n<td width=\"289\">CTSL-D-16E-M12-5<\/td>\n<\/tr>\n<tr>\n<td width=\"90\">575667<\/td>\n<td width=\"289\">VMPAL-EPL-IPO32<\/td>\n<\/tr>\n<tr>\n<td width=\"90\">1565761<\/td>\n<td width=\"289\">CPV10-GE-PT-8<\/td>\n<\/tr>\n<tr>\n<td width=\"90\">1564984<\/td>\n<td width=\"289\">CPV14-GE-PT-8<\/td>\n<\/tr>\n<tr>\n<td width=\"90\">8152353<\/td>\n<td width=\"289\">VABA-S6-1-PT<\/td>\n<\/tr>\n<tr>\n<td width=\"90\">2900543<\/td>\n<td width=\"289\">CPX-CTEL-2-M12-5POL-LK<\/td>\n<\/tr>\n<tr>\n<td width=\"90\">1577012<\/td>\n<td width=\"289\">CPX-CTEL-4-M12-5POL<\/td>\n<\/tr>\n<tr>\n<td width=\"90\">543109<\/td>\n<td width=\"289\">NECU-M-S-D12G4-C2-ET<\/td>\n<\/tr>\n<tr>\n<td width=\"90\">8040446<\/td>\n<td width=\"289\">NEBC-D12G4-ES-0.5-S-D12G4-ET<\/td>\n<\/tr>\n<tr>\n<td width=\"90\">8040447<\/td>\n<td width=\"289\">NEBC-D12G4-ES-1-S-D12G4-ET<\/td>\n<\/tr>\n<tr>\n<td width=\"90\">8040448<\/td>\n<td width=\"289\">NEBC-D12G4-ES-3-S-D12G4-ET<\/td>\n<\/tr>\n<tr>\n<td width=\"90\">8040449<\/td>\n<td width=\"289\">NEBC-D12G4-ES-5-S-D12G4-ET<\/td>\n<\/tr>\n<tr>\n<td width=\"90\">8040450<\/td>\n<td width=\"289\">NEBC-D12G4-ES-10-S-D12G4-ET<\/td>\n<\/tr>\n<tr>\n<td width=\"90\">8040451<\/td>\n<td width=\"289\">NEBC-D12G4-ES-1-S-R3G4-ET<\/td>\n<\/tr>\n<tr>\n<td width=\"90\">8040452<\/td>\n<td width=\"289\">NEBC-D12G4-ES-3-S-R3G4-ET<\/td>\n<\/tr>\n<tr>\n<td width=\"90\">8040453<\/td>\n<td width=\"289\">NEBC-D12G4-ES-5-S-R3G4-ET<\/td>\n<\/tr>\n<tr>\n<td width=\"90\">8040454<\/td>\n<td width=\"289\">NEBC-D12G4-ES-10-S-R3G4-ET<\/td>\n<\/tr>\n<tr>\n<td width=\"90\">8040456<\/td>\n<td width=\"289\">NEBC-LE4-ES-5-D12G4-ET<\/td>\n<\/tr>\n<tr>\n<td width=\"90\">18324<\/td>\n<td width=\"289\">FBSD-GD-9-5POL<\/td>\n<\/tr>\n<tr>\n<td width=\"90\">574321<\/td>\n<td width=\"289\">NEBU-M12G5-E-5-Q8N-M12G5<\/td>\n<\/tr>\n<tr>\n<td width=\"90\">574322<\/td>\n<td width=\"289\">NEBU-M12G5-E-7.5-Q8N-M12G5<\/td>\n<\/tr>\n<tr>\n<td width=\"90\">574323<\/td>\n<td width=\"289\">NEBU-M12G5-E-10-Q8N-M12G5<\/td>\n<\/tr>\n<tr>\n<td width=\"90\">570733<\/td>\n<td width=\"289\">NEBU-M12W5-K-0.5-M12W5<\/td>\n<\/tr>\n<tr>\n<td width=\"90\">8003617<\/td>\n<td width=\"289\">NEBU-M12G5-K-0.5-M12W5<\/td>\n<\/tr>\n<tr>\n<td width=\"90\">570734<\/td>\n<td width=\"289\">NEBU-M12W5-K-2-M12W5<\/td>\n<\/tr>\n<tr>\n<td width=\"90\">8003618<\/td>\n<td width=\"289\">NEBU-M12G5-K-2-M12W5<\/td>\n<\/tr>\n<tr>\n<td width=\"90\">171175<\/td>\n<td width=\"289\">FB-TA-M12-5POL<\/td>\n<\/tr>\n<tr>\n<td width=\"90\">175487<\/td>\n<td width=\"289\">SEA-M12-5GS-PG7<\/td>\n<\/tr>\n<tr>\n<td width=\"90\">18666<\/td>\n<td width=\"289\">SEA-GS-7<\/td>\n<\/tr>\n<tr>\n<td width=\"90\">192008<\/td>\n<td width=\"289\">SEA-4GS-7-2.5<\/td>\n<\/tr>\n<tr>\n<td width=\"90\">18696<\/td>\n<td width=\"289\">SEA-GS-M8<\/td>\n<\/tr>\n<tr>\n<td width=\"90\">192009<\/td>\n<td width=\"289\">SEA-3GS-M8-S<\/td>\n<\/tr>\n<tr>\n<td width=\"90\">18779<\/td>\n<td width=\"289\">SEA-GS-11-DUO<\/td>\n<\/tr>\n<tr>\n<td width=\"90\">192010<\/td>\n<td width=\"289\">SEA-5GS-11-DUO<\/td>\n<\/tr>\n<\/tbody>\n<\/table>\n","protected":false},"excerpt":{"rendered":"<p>FESTO CTEU-PN The system CTEU fieldbus modules for valve terminals \u2022 Festo-specific interface (I-Port) \u2022 Input modules CTSL for detecting sensor signals \u2022 Connection for the installation system CPI from Festo \u2022 Direct and easy networking of valve terminals and other devices via a bus con nection \u2022 Wide range&hellip; <\/p>\n","protected":false},"featured_media":2865,"comment_status":"open","ping_status":"closed","template":"","meta":[],"product_cat":[284],"product_tag":[364,363,159],"class_list":{"0":"post-2864","1":"product","2":"type-product","3":"status-publish","4":"has-post-thumbnail","6":"product_cat-festo","7":"product_tag-dai-ly-festo-viet-nam","8":"product_tag-festo-viet-nam","9":"product_tag-mo-dun","11":"first","12":"instock","13":"shipping-taxable","14":"product-type-simple"},"yoast_head":"<!-- This site is optimized with the Yoast SEO plugin v22.8 - https:\/\/yoast.com\/wordpress\/plugins\/seo\/ -->\n<title>FESTO CTEU-PN - OMANI VI\u1ec6T NAM<\/title>\n<meta name=\"robots\" content=\"index, follow, max-snippet:-1, max-image-preview:large, max-video-preview:-1\" \/>\n<link rel=\"canonical\" href=\"https:\/\/omanivietnam.com\/index.php\/san-pham\/festo-cteu-pn\/\" \/>\n<meta property=\"og:locale\" content=\"vi_VN\" \/>\n<meta property=\"og:type\" content=\"article\" \/>\n<meta property=\"og:title\" content=\"FESTO CTEU-PN - OMANI VI\u1ec6T NAM\" \/>\n<meta property=\"og:description\" content=\"FESTO CTEU-PN The system CTEU fieldbus modules for valve terminals \u2022 Festo-specific interface (I-Port) \u2022 Input modules CTSL for detecting sensor signals \u2022 Connection for the installation system CPI from Festo \u2022 Direct and easy networking of valve terminals and other devices via a bus con nection \u2022 Wide range&hellip;\" \/>\n<meta property=\"og:url\" content=\"https:\/\/omanivietnam.com\/index.php\/san-pham\/festo-cteu-pn\/\" \/>\n<meta property=\"og:site_name\" content=\"OMANI VI\u1ec6T NAM\" \/>\n<meta property=\"article:modified_time\" content=\"2024-11-23T10:58:45+00:00\" \/>\n<meta property=\"og:image\" content=\"https:\/\/omanivietnam.com\/wp-content\/uploads\/2024\/11\/CTEU-PN.png\" \/>\n\t<meta property=\"og:image:width\" content=\"578\" \/>\n\t<meta property=\"og:image:height\" content=\"384\" \/>\n\t<meta property=\"og:image:type\" content=\"image\/png\" \/>\n<meta name=\"twitter:card\" content=\"summary_large_image\" \/>\n<meta name=\"twitter:label1\" content=\"\u01af\u1edbc t\u00ednh th\u1eddi gian \u0111\u1ecdc\" \/>\n\t<meta name=\"twitter:data1\" content=\"4 ph\u00fat\" \/>\n<script type=\"application\/ld+json\" class=\"yoast-schema-graph\">{\"@context\":\"https:\/\/schema.org\",\"@graph\":[{\"@type\":\"WebPage\",\"@id\":\"https:\/\/omanivietnam.com\/index.php\/san-pham\/festo-cteu-pn\/\",\"url\":\"https:\/\/omanivietnam.com\/index.php\/san-pham\/festo-cteu-pn\/\",\"name\":\"FESTO CTEU-PN - OMANI VI\u1ec6T NAM\",\"isPartOf\":{\"@id\":\"https:\/\/omanivietnam.com\/#website\"},\"primaryImageOfPage\":{\"@id\":\"https:\/\/omanivietnam.com\/index.php\/san-pham\/festo-cteu-pn\/#primaryimage\"},\"image\":{\"@id\":\"https:\/\/omanivietnam.com\/index.php\/san-pham\/festo-cteu-pn\/#primaryimage\"},\"thumbnailUrl\":\"https:\/\/omanivietnam.com\/wp-content\/uploads\/2024\/11\/CTEU-PN.png\",\"datePublished\":\"2024-11-23T10:58:02+00:00\",\"dateModified\":\"2024-11-23T10:58:45+00:00\",\"breadcrumb\":{\"@id\":\"https:\/\/omanivietnam.com\/index.php\/san-pham\/festo-cteu-pn\/#breadcrumb\"},\"inLanguage\":\"vi\",\"potentialAction\":[{\"@type\":\"ReadAction\",\"target\":[\"https:\/\/omanivietnam.com\/index.php\/san-pham\/festo-cteu-pn\/\"]}]},{\"@type\":\"ImageObject\",\"inLanguage\":\"vi\",\"@id\":\"https:\/\/omanivietnam.com\/index.php\/san-pham\/festo-cteu-pn\/#primaryimage\",\"url\":\"https:\/\/omanivietnam.com\/wp-content\/uploads\/2024\/11\/CTEU-PN.png\",\"contentUrl\":\"https:\/\/omanivietnam.com\/wp-content\/uploads\/2024\/11\/CTEU-PN.png\",\"width\":578,\"height\":384},{\"@type\":\"BreadcrumbList\",\"@id\":\"https:\/\/omanivietnam.com\/index.php\/san-pham\/festo-cteu-pn\/#breadcrumb\",\"itemListElement\":[{\"@type\":\"ListItem\",\"position\":1,\"name\":\"Home\",\"item\":\"https:\/\/omanivietnam.com\/\"},{\"@type\":\"ListItem\",\"position\":2,\"name\":\"S\u1ea2N PH\u1ea8M\",\"item\":\"https:\/\/omanivietnam.com\/index.php\/cua-hang\/\"},{\"@type\":\"ListItem\",\"position\":3,\"name\":\"FESTO CTEU-PN\"}]},{\"@type\":\"WebSite\",\"@id\":\"https:\/\/omanivietnam.com\/#website\",\"url\":\"https:\/\/omanivietnam.com\/\",\"name\":\"OMANI VI\u1ec6T NAM\",\"description\":\"Nh\u00e0 ph\u00e2n ph\u1ed1i thi\u1ebft b\u1ecb kh\u00ed n\u00e9n v\u00e0 thi\u1ebft b\u1ecb t\u1ef1 \u0111\u1ed9ng h\u00f3a trong c\u00f4ng nghi\u1ec7p\",\"publisher\":{\"@id\":\"https:\/\/omanivietnam.com\/#\/schema\/person\/0ad398a980dc3fd696111c2c5c8fa897\"},\"potentialAction\":[{\"@type\":\"SearchAction\",\"target\":{\"@type\":\"EntryPoint\",\"urlTemplate\":\"https:\/\/omanivietnam.com\/?s={search_term_string}\"},\"query-input\":\"required name=search_term_string\"}],\"inLanguage\":\"vi\"},{\"@type\":[\"Person\",\"Organization\"],\"@id\":\"https:\/\/omanivietnam.com\/#\/schema\/person\/0ad398a980dc3fd696111c2c5c8fa897\",\"name\":\"Nguy\u1ec5n V\u0103n Kh\u00e1nh\",\"image\":{\"@type\":\"ImageObject\",\"inLanguage\":\"vi\",\"@id\":\"https:\/\/omanivietnam.com\/#\/schema\/person\/image\/\",\"url\":\"https:\/\/omanivietnam.com\/wp-content\/uploads\/2024\/06\/logo-1024x1024.png\",\"contentUrl\":\"https:\/\/omanivietnam.com\/wp-content\/uploads\/2024\/06\/logo-1024x1024.png\",\"width\":1024,\"height\":1024,\"caption\":\"Nguy\u1ec5n V\u0103n Kh\u00e1nh\"},\"logo\":{\"@id\":\"https:\/\/omanivietnam.com\/#\/schema\/person\/image\/\"},\"sameAs\":[\"https:\/\/omanivietnam.com\"]}]}<\/script>\n<!-- \/ Yoast SEO plugin. -->","yoast_head_json":{"title":"FESTO CTEU-PN - OMANI VI\u1ec6T NAM","robots":{"index":"index","follow":"follow","max-snippet":"max-snippet:-1","max-image-preview":"max-image-preview:large","max-video-preview":"max-video-preview:-1"},"canonical":"https:\/\/omanivietnam.com\/index.php\/san-pham\/festo-cteu-pn\/","og_locale":"vi_VN","og_type":"article","og_title":"FESTO CTEU-PN - OMANI VI\u1ec6T NAM","og_description":"FESTO CTEU-PN The system CTEU fieldbus modules for valve terminals \u2022 Festo-specific interface (I-Port) \u2022 Input modules CTSL for detecting sensor signals \u2022 Connection for the installation system CPI from Festo \u2022 Direct and easy networking of valve terminals and other devices via a bus con nection \u2022 Wide range&hellip;","og_url":"https:\/\/omanivietnam.com\/index.php\/san-pham\/festo-cteu-pn\/","og_site_name":"OMANI VI\u1ec6T NAM","article_modified_time":"2024-11-23T10:58:45+00:00","og_image":[{"width":578,"height":384,"url":"https:\/\/omanivietnam.com\/wp-content\/uploads\/2024\/11\/CTEU-PN.png","type":"image\/png"}],"twitter_card":"summary_large_image","twitter_misc":{"\u01af\u1edbc t\u00ednh th\u1eddi gian \u0111\u1ecdc":"4 ph\u00fat"},"schema":{"@context":"https:\/\/schema.org","@graph":[{"@type":"WebPage","@id":"https:\/\/omanivietnam.com\/index.php\/san-pham\/festo-cteu-pn\/","url":"https:\/\/omanivietnam.com\/index.php\/san-pham\/festo-cteu-pn\/","name":"FESTO CTEU-PN - OMANI VI\u1ec6T NAM","isPartOf":{"@id":"https:\/\/omanivietnam.com\/#website"},"primaryImageOfPage":{"@id":"https:\/\/omanivietnam.com\/index.php\/san-pham\/festo-cteu-pn\/#primaryimage"},"image":{"@id":"https:\/\/omanivietnam.com\/index.php\/san-pham\/festo-cteu-pn\/#primaryimage"},"thumbnailUrl":"https:\/\/omanivietnam.com\/wp-content\/uploads\/2024\/11\/CTEU-PN.png","datePublished":"2024-11-23T10:58:02+00:00","dateModified":"2024-11-23T10:58:45+00:00","breadcrumb":{"@id":"https:\/\/omanivietnam.com\/index.php\/san-pham\/festo-cteu-pn\/#breadcrumb"},"inLanguage":"vi","potentialAction":[{"@type":"ReadAction","target":["https:\/\/omanivietnam.com\/index.php\/san-pham\/festo-cteu-pn\/"]}]},{"@type":"ImageObject","inLanguage":"vi","@id":"https:\/\/omanivietnam.com\/index.php\/san-pham\/festo-cteu-pn\/#primaryimage","url":"https:\/\/omanivietnam.com\/wp-content\/uploads\/2024\/11\/CTEU-PN.png","contentUrl":"https:\/\/omanivietnam.com\/wp-content\/uploads\/2024\/11\/CTEU-PN.png","width":578,"height":384},{"@type":"BreadcrumbList","@id":"https:\/\/omanivietnam.com\/index.php\/san-pham\/festo-cteu-pn\/#breadcrumb","itemListElement":[{"@type":"ListItem","position":1,"name":"Home","item":"https:\/\/omanivietnam.com\/"},{"@type":"ListItem","position":2,"name":"S\u1ea2N PH\u1ea8M","item":"https:\/\/omanivietnam.com\/index.php\/cua-hang\/"},{"@type":"ListItem","position":3,"name":"FESTO CTEU-PN"}]},{"@type":"WebSite","@id":"https:\/\/omanivietnam.com\/#website","url":"https:\/\/omanivietnam.com\/","name":"OMANI VI\u1ec6T NAM","description":"Nh\u00e0 ph\u00e2n ph\u1ed1i thi\u1ebft b\u1ecb kh\u00ed n\u00e9n v\u00e0 thi\u1ebft b\u1ecb t\u1ef1 \u0111\u1ed9ng h\u00f3a trong c\u00f4ng nghi\u1ec7p","publisher":{"@id":"https:\/\/omanivietnam.com\/#\/schema\/person\/0ad398a980dc3fd696111c2c5c8fa897"},"potentialAction":[{"@type":"SearchAction","target":{"@type":"EntryPoint","urlTemplate":"https:\/\/omanivietnam.com\/?s={search_term_string}"},"query-input":"required name=search_term_string"}],"inLanguage":"vi"},{"@type":["Person","Organization"],"@id":"https:\/\/omanivietnam.com\/#\/schema\/person\/0ad398a980dc3fd696111c2c5c8fa897","name":"Nguy\u1ec5n V\u0103n Kh\u00e1nh","image":{"@type":"ImageObject","inLanguage":"vi","@id":"https:\/\/omanivietnam.com\/#\/schema\/person\/image\/","url":"https:\/\/omanivietnam.com\/wp-content\/uploads\/2024\/06\/logo-1024x1024.png","contentUrl":"https:\/\/omanivietnam.com\/wp-content\/uploads\/2024\/06\/logo-1024x1024.png","width":1024,"height":1024,"caption":"Nguy\u1ec5n V\u0103n Kh\u00e1nh"},"logo":{"@id":"https:\/\/omanivietnam.com\/#\/schema\/person\/image\/"},"sameAs":["https:\/\/omanivietnam.com"]}]}},"_links":{"self":[{"href":"https:\/\/omanivietnam.com\/index.php\/wp-json\/wp\/v2\/product\/2864","targetHints":{"allow":["GET"]}}],"collection":[{"href":"https:\/\/omanivietnam.com\/index.php\/wp-json\/wp\/v2\/product"}],"about":[{"href":"https:\/\/omanivietnam.com\/index.php\/wp-json\/wp\/v2\/types\/product"}],"replies":[{"embeddable":true,"href":"https:\/\/omanivietnam.com\/index.php\/wp-json\/wp\/v2\/comments?post=2864"}],"wp:featuredmedia":[{"embeddable":true,"href":"https:\/\/omanivietnam.com\/index.php\/wp-json\/wp\/v2\/media\/2865"}],"wp:attachment":[{"href":"https:\/\/omanivietnam.com\/index.php\/wp-json\/wp\/v2\/media?parent=2864"}],"wp:term":[{"taxonomy":"product_cat","embeddable":true,"href":"https:\/\/omanivietnam.com\/index.php\/wp-json\/wp\/v2\/product_cat?post=2864"},{"taxonomy":"product_tag","embeddable":true,"href":"https:\/\/omanivietnam.com\/index.php\/wp-json\/wp\/v2\/product_tag?post=2864"}],"curies":[{"name":"wp","href":"https:\/\/api.w.org\/{rel}","templated":true}]}}