{"id":2868,"date":"2024-11-24T05:29:18","date_gmt":"2024-11-23T22:29:18","guid":{"rendered":"https:\/\/omanivietnam.com\/?post_type=product&#038;p=2868"},"modified":"2024-11-24T05:29:18","modified_gmt":"2024-11-23T22:29:18","slug":"apex-pgii040-003","status":"publish","type":"product","link":"https:\/\/omanivietnam.com\/index.php\/san-pham\/apex-pgii040-003\/","title":{"rendered":"APEX PGII040-003"},"content":{"rendered":"<p>APEX PGII040-003<\/p>\n<p>Omani Vi\u1ec7t Nam l\u00e0 \u0111\u1ea1i l\u00fd c\u1ee7a h\u00e3ng Apex Dynamics chuy\u00ean h\u1ed9p s\u1ed1 ( Gear box ) s\u1eed d\u1ee5ng cho c\u00e1c lo\u1ea1i Servo motor c\u00e1c h\u00e3ng Mitsubishi, Siemens, Yaskawa, Allen Bradley, Emerson,&#8230;c\u1ee7a \u0110\u00e0i Loan t\u1ea1i Vi\u1ec7t Nam<\/p>\n<div class=\"over_block\">\n<p class=\"title\">OVERVIEW<\/p>\n<p><strong>Output torque<\/strong><br \/>\nT2N :8 Nm &#8211; 459 Nm<br \/>\n<strong>Ratios:<\/strong><br \/>\n1-stage :3 \/ 4 \/ 5 \/ 7 \/ 10<br \/>\n2-stage :15 \/ 16 \/ 20 \/ 25 \/ 30 \/ 35 \/ 40 \/ 50 \/ 70 \/ 100<br \/>\n3-stage :120 \/ 160 \/ 200 \/ 280 \/ 350 \/ 500 \/ 700 \/ 1000<br \/>\n<strong>Low backlash<\/strong><br \/>\n1-stage :\u2264\u00a06 ~ 8 arcmin<br \/>\n2-stage :\u2264\u00a08 ~ 10 arcmin<br \/>\n3-stage :\u2264\u00a010 ~ 12 arcmin<br \/>\n<strong>High efficiency<\/strong><br \/>\n1-stage :\u2267 97%<br \/>\n2-stage :\u2267 94%<br \/>\n3-stage :\u2267 91%<br \/>\n<strong>Easy mount<\/strong><br \/>\n<strong>Low noise<\/strong><br \/>\n<strong>Compact structure<\/strong><\/p>\n<\/div>\n<div class=\"over_block\">\n<p class=\"title\">SIZE<\/p>\n<p><strong>PGII 040 \/ PGII 060 \/ PGII 080 \/ PGII 120 \/ PGII 160<\/strong><\/p>\n<p><strong>Gearbox_Apex_PGII series<\/strong><\/p>\n<p><strong>PGII040 Gearbox size:<\/strong><\/p>\n<p><strong>Ratio 3:1<\/strong><\/p>\n<p>PGII040-003<\/p>\n<p><strong>Ratio 4:1<\/strong><\/p>\n<p>PGII040-004<\/p>\n<p><strong>Ratio 5:1<\/strong><\/p>\n<p>PGII040-005<\/p>\n<p><strong>Ratio 7:1<\/strong><\/p>\n<p>PGII040-007<\/p>\n<p><strong>Ratio 9:1<\/strong><\/p>\n<p>PGII040-009<\/p>\n<p><strong>Ratio 10:1<\/strong><\/p>\n<p>PGII040-010<\/p>\n<p><strong>Ratio 12:1<\/strong><\/p>\n<p>PGII040-012<\/p>\n<p><strong>Ratio 15:1<\/strong><\/p>\n<p>PGII040-015<\/p>\n<p><strong>Ratio 16:1<\/strong><\/p>\n<p>PGII040-016<\/p>\n<p><strong>Ratio 20:1<\/strong><\/p>\n<p>PGII040-020<\/p>\n<p><strong>Ratio 25:1<\/strong><\/p>\n<p>PGII040-025<\/p>\n<p><strong>Ratio 30:1<\/strong><\/p>\n<p>PGII040-030<\/p>\n<p><strong>Ratio 35:1<\/strong><\/p>\n<p>PGII040-035<\/p>\n<p><strong>Ratio 40:1<\/strong><\/p>\n<p>PGII040-040<\/p>\n<p><strong>Ratio 50:1<\/strong><\/p>\n<p>PGII040-050<\/p>\n<p><strong>Ratio 70:1<\/strong><\/p>\n<p>PGII040-070<\/p>\n<p><strong>Ratio 70:1<\/strong><\/p>\n<p>PGII040-070<\/p>\n<p><strong>Ratio 100:1<\/strong><\/p>\n<p>PGII040-100<\/p>\n<p><strong>Ratio 120:1<\/strong><\/p>\n<p>PGII040-120<\/p>\n<p><strong>Ratio 160:1<\/strong><\/p>\n<p>PGII040-160<\/p>\n<p><strong>Ratio 200:1<\/strong><\/p>\n<p>PGII040-200<\/p>\n<p><strong>Ratio 280:1<\/strong><\/p>\n<p>PGII040-280<\/p>\n<p><strong>Ratio 350:1<\/strong><\/p>\n<p>PGII040-350<\/p>\n<p><strong>Ratio 500:1<\/strong><\/p>\n<p>PGII040-500<\/p>\n<p><strong>Ratio 700:1<\/strong><\/p>\n<p>PGII040-700<\/p>\n<p><strong>Ratio 1000:1<\/strong><\/p>\n<p>PGII040-1000<\/p>\n<\/div>\n","protected":false},"excerpt":{"rendered":"<p>APEX PGII040-003 Omani Vi\u1ec7t Nam l\u00e0 \u0111\u1ea1i l\u00fd c\u1ee7a h\u00e3ng Apex Dynamics chuy\u00ean h\u1ed9p s\u1ed1 ( Gear box ) s\u1eed d\u1ee5ng cho c\u00e1c lo\u1ea1i Servo motor c\u00e1c h\u00e3ng Mitsubishi, Siemens, Yaskawa, Allen Bradley, Emerson,&#8230;c\u1ee7a \u0110\u00e0i Loan t\u1ea1i Vi\u1ec7t Nam OVERVIEW Output torque T2N :8 Nm &#8211; 459 Nm Ratios: 1-stage&hellip; <\/p>\n","protected":false},"featured_media":2869,"comment_status":"open","ping_status":"closed","template":"","meta":[],"product_cat":[344],"product_tag":[127,128,539,129],"class_list":{"0":"post-2868","1":"product","2":"type-product","3":"status-publish","4":"has-post-thumbnail","6":"product_cat-apex","7":"product_tag-apex-viet-nam","8":"product_tag-dai-ly-apex-viet-nam","9":"product_tag-gearbox","10":"product_tag-hop-so","12":"first","13":"instock","14":"shipping-taxable","15":"product-type-simple"},"yoast_head":"<!-- This site is optimized with the Yoast SEO plugin v22.8 - https:\/\/yoast.com\/wordpress\/plugins\/seo\/ -->\n<title>APEX PGII040-003 - OMANI VI\u1ec6T NAM<\/title>\n<meta name=\"robots\" content=\"index, follow, max-snippet:-1, max-image-preview:large, max-video-preview:-1\" \/>\n<link rel=\"canonical\" href=\"https:\/\/omanivietnam.com\/index.php\/san-pham\/apex-pgii040-003\/\" \/>\n<meta property=\"og:locale\" content=\"vi_VN\" \/>\n<meta property=\"og:type\" content=\"article\" \/>\n<meta property=\"og:title\" content=\"APEX PGII040-003 - OMANI VI\u1ec6T NAM\" \/>\n<meta property=\"og:description\" content=\"APEX PGII040-003 Omani Vi\u1ec7t Nam l\u00e0 \u0111\u1ea1i l\u00fd c\u1ee7a h\u00e3ng Apex Dynamics chuy\u00ean h\u1ed9p s\u1ed1 ( Gear box ) s\u1eed d\u1ee5ng cho c\u00e1c lo\u1ea1i Servo motor c\u00e1c h\u00e3ng Mitsubishi, Siemens, Yaskawa, Allen Bradley, Emerson,&#8230;c\u1ee7a \u0110\u00e0i Loan t\u1ea1i Vi\u1ec7t Nam OVERVIEW Output torque T2N :8 Nm &#8211; 459 Nm Ratios: 1-stage&hellip;\" \/>\n<meta property=\"og:url\" content=\"https:\/\/omanivietnam.com\/index.php\/san-pham\/apex-pgii040-003\/\" \/>\n<meta property=\"og:site_name\" content=\"OMANI VI\u1ec6T NAM\" \/>\n<meta property=\"og:image\" content=\"https:\/\/omanivietnam.com\/wp-content\/uploads\/2024\/11\/PGII.png\" \/>\n\t<meta property=\"og:image:width\" content=\"543\" \/>\n\t<meta property=\"og:image:height\" content=\"453\" \/>\n\t<meta property=\"og:image:type\" content=\"image\/png\" \/>\n<meta name=\"twitter:card\" content=\"summary_large_image\" \/>\n<meta name=\"twitter:label1\" content=\"\u01af\u1edbc t\u00ednh th\u1eddi gian \u0111\u1ecdc\" \/>\n\t<meta name=\"twitter:data1\" content=\"2 ph\u00fat\" \/>\n<script type=\"application\/ld+json\" class=\"yoast-schema-graph\">{\"@context\":\"https:\/\/schema.org\",\"@graph\":[{\"@type\":\"WebPage\",\"@id\":\"https:\/\/omanivietnam.com\/index.php\/san-pham\/apex-pgii040-003\/\",\"url\":\"https:\/\/omanivietnam.com\/index.php\/san-pham\/apex-pgii040-003\/\",\"name\":\"APEX PGII040-003 - OMANI VI\u1ec6T NAM\",\"isPartOf\":{\"@id\":\"https:\/\/omanivietnam.com\/#website\"},\"primaryImageOfPage\":{\"@id\":\"https:\/\/omanivietnam.com\/index.php\/san-pham\/apex-pgii040-003\/#primaryimage\"},\"image\":{\"@id\":\"https:\/\/omanivietnam.com\/index.php\/san-pham\/apex-pgii040-003\/#primaryimage\"},\"thumbnailUrl\":\"https:\/\/omanivietnam.com\/wp-content\/uploads\/2024\/11\/PGII.png\",\"datePublished\":\"2024-11-23T22:29:18+00:00\",\"dateModified\":\"2024-11-23T22:29:18+00:00\",\"breadcrumb\":{\"@id\":\"https:\/\/omanivietnam.com\/index.php\/san-pham\/apex-pgii040-003\/#breadcrumb\"},\"inLanguage\":\"vi\",\"potentialAction\":[{\"@type\":\"ReadAction\",\"target\":[\"https:\/\/omanivietnam.com\/index.php\/san-pham\/apex-pgii040-003\/\"]}]},{\"@type\":\"ImageObject\",\"inLanguage\":\"vi\",\"@id\":\"https:\/\/omanivietnam.com\/index.php\/san-pham\/apex-pgii040-003\/#primaryimage\",\"url\":\"https:\/\/omanivietnam.com\/wp-content\/uploads\/2024\/11\/PGII.png\",\"contentUrl\":\"https:\/\/omanivietnam.com\/wp-content\/uploads\/2024\/11\/PGII.png\",\"width\":543,\"height\":453},{\"@type\":\"BreadcrumbList\",\"@id\":\"https:\/\/omanivietnam.com\/index.php\/san-pham\/apex-pgii040-003\/#breadcrumb\",\"itemListElement\":[{\"@type\":\"ListItem\",\"position\":1,\"name\":\"Home\",\"item\":\"https:\/\/omanivietnam.com\/\"},{\"@type\":\"ListItem\",\"position\":2,\"name\":\"S\u1ea2N PH\u1ea8M\",\"item\":\"https:\/\/omanivietnam.com\/index.php\/cua-hang\/\"},{\"@type\":\"ListItem\",\"position\":3,\"name\":\"APEX PGII040-003\"}]},{\"@type\":\"WebSite\",\"@id\":\"https:\/\/omanivietnam.com\/#website\",\"url\":\"https:\/\/omanivietnam.com\/\",\"name\":\"OMANI VI\u1ec6T NAM\",\"description\":\"Nh\u00e0 ph\u00e2n ph\u1ed1i thi\u1ebft b\u1ecb kh\u00ed n\u00e9n v\u00e0 thi\u1ebft b\u1ecb t\u1ef1 \u0111\u1ed9ng h\u00f3a trong c\u00f4ng nghi\u1ec7p\",\"publisher\":{\"@id\":\"https:\/\/omanivietnam.com\/#\/schema\/person\/0ad398a980dc3fd696111c2c5c8fa897\"},\"potentialAction\":[{\"@type\":\"SearchAction\",\"target\":{\"@type\":\"EntryPoint\",\"urlTemplate\":\"https:\/\/omanivietnam.com\/?s={search_term_string}\"},\"query-input\":\"required name=search_term_string\"}],\"inLanguage\":\"vi\"},{\"@type\":[\"Person\",\"Organization\"],\"@id\":\"https:\/\/omanivietnam.com\/#\/schema\/person\/0ad398a980dc3fd696111c2c5c8fa897\",\"name\":\"Nguy\u1ec5n V\u0103n Kh\u00e1nh\",\"image\":{\"@type\":\"ImageObject\",\"inLanguage\":\"vi\",\"@id\":\"https:\/\/omanivietnam.com\/#\/schema\/person\/image\/\",\"url\":\"https:\/\/omanivietnam.com\/wp-content\/uploads\/2024\/06\/logo-1024x1024.png\",\"contentUrl\":\"https:\/\/omanivietnam.com\/wp-content\/uploads\/2024\/06\/logo-1024x1024.png\",\"width\":1024,\"height\":1024,\"caption\":\"Nguy\u1ec5n V\u0103n Kh\u00e1nh\"},\"logo\":{\"@id\":\"https:\/\/omanivietnam.com\/#\/schema\/person\/image\/\"},\"sameAs\":[\"https:\/\/omanivietnam.com\"]}]}<\/script>\n<!-- \/ Yoast SEO plugin. -->","yoast_head_json":{"title":"APEX PGII040-003 - OMANI VI\u1ec6T NAM","robots":{"index":"index","follow":"follow","max-snippet":"max-snippet:-1","max-image-preview":"max-image-preview:large","max-video-preview":"max-video-preview:-1"},"canonical":"https:\/\/omanivietnam.com\/index.php\/san-pham\/apex-pgii040-003\/","og_locale":"vi_VN","og_type":"article","og_title":"APEX PGII040-003 - OMANI VI\u1ec6T NAM","og_description":"APEX PGII040-003 Omani Vi\u1ec7t Nam l\u00e0 \u0111\u1ea1i l\u00fd c\u1ee7a h\u00e3ng Apex Dynamics chuy\u00ean h\u1ed9p s\u1ed1 ( Gear box ) s\u1eed d\u1ee5ng cho c\u00e1c lo\u1ea1i Servo motor c\u00e1c h\u00e3ng Mitsubishi, Siemens, Yaskawa, Allen Bradley, Emerson,&#8230;c\u1ee7a \u0110\u00e0i Loan t\u1ea1i Vi\u1ec7t Nam OVERVIEW Output torque T2N :8 Nm &#8211; 459 Nm Ratios: 1-stage&hellip;","og_url":"https:\/\/omanivietnam.com\/index.php\/san-pham\/apex-pgii040-003\/","og_site_name":"OMANI VI\u1ec6T NAM","og_image":[{"width":543,"height":453,"url":"https:\/\/omanivietnam.com\/wp-content\/uploads\/2024\/11\/PGII.png","type":"image\/png"}],"twitter_card":"summary_large_image","twitter_misc":{"\u01af\u1edbc t\u00ednh th\u1eddi gian \u0111\u1ecdc":"2 ph\u00fat"},"schema":{"@context":"https:\/\/schema.org","@graph":[{"@type":"WebPage","@id":"https:\/\/omanivietnam.com\/index.php\/san-pham\/apex-pgii040-003\/","url":"https:\/\/omanivietnam.com\/index.php\/san-pham\/apex-pgii040-003\/","name":"APEX PGII040-003 - OMANI VI\u1ec6T NAM","isPartOf":{"@id":"https:\/\/omanivietnam.com\/#website"},"primaryImageOfPage":{"@id":"https:\/\/omanivietnam.com\/index.php\/san-pham\/apex-pgii040-003\/#primaryimage"},"image":{"@id":"https:\/\/omanivietnam.com\/index.php\/san-pham\/apex-pgii040-003\/#primaryimage"},"thumbnailUrl":"https:\/\/omanivietnam.com\/wp-content\/uploads\/2024\/11\/PGII.png","datePublished":"2024-11-23T22:29:18+00:00","dateModified":"2024-11-23T22:29:18+00:00","breadcrumb":{"@id":"https:\/\/omanivietnam.com\/index.php\/san-pham\/apex-pgii040-003\/#breadcrumb"},"inLanguage":"vi","potentialAction":[{"@type":"ReadAction","target":["https:\/\/omanivietnam.com\/index.php\/san-pham\/apex-pgii040-003\/"]}]},{"@type":"ImageObject","inLanguage":"vi","@id":"https:\/\/omanivietnam.com\/index.php\/san-pham\/apex-pgii040-003\/#primaryimage","url":"https:\/\/omanivietnam.com\/wp-content\/uploads\/2024\/11\/PGII.png","contentUrl":"https:\/\/omanivietnam.com\/wp-content\/uploads\/2024\/11\/PGII.png","width":543,"height":453},{"@type":"BreadcrumbList","@id":"https:\/\/omanivietnam.com\/index.php\/san-pham\/apex-pgii040-003\/#breadcrumb","itemListElement":[{"@type":"ListItem","position":1,"name":"Home","item":"https:\/\/omanivietnam.com\/"},{"@type":"ListItem","position":2,"name":"S\u1ea2N PH\u1ea8M","item":"https:\/\/omanivietnam.com\/index.php\/cua-hang\/"},{"@type":"ListItem","position":3,"name":"APEX PGII040-003"}]},{"@type":"WebSite","@id":"https:\/\/omanivietnam.com\/#website","url":"https:\/\/omanivietnam.com\/","name":"OMANI VI\u1ec6T NAM","description":"Nh\u00e0 ph\u00e2n ph\u1ed1i thi\u1ebft b\u1ecb kh\u00ed n\u00e9n v\u00e0 thi\u1ebft b\u1ecb t\u1ef1 \u0111\u1ed9ng h\u00f3a trong c\u00f4ng nghi\u1ec7p","publisher":{"@id":"https:\/\/omanivietnam.com\/#\/schema\/person\/0ad398a980dc3fd696111c2c5c8fa897"},"potentialAction":[{"@type":"SearchAction","target":{"@type":"EntryPoint","urlTemplate":"https:\/\/omanivietnam.com\/?s={search_term_string}"},"query-input":"required name=search_term_string"}],"inLanguage":"vi"},{"@type":["Person","Organization"],"@id":"https:\/\/omanivietnam.com\/#\/schema\/person\/0ad398a980dc3fd696111c2c5c8fa897","name":"Nguy\u1ec5n V\u0103n Kh\u00e1nh","image":{"@type":"ImageObject","inLanguage":"vi","@id":"https:\/\/omanivietnam.com\/#\/schema\/person\/image\/","url":"https:\/\/omanivietnam.com\/wp-content\/uploads\/2024\/06\/logo-1024x1024.png","contentUrl":"https:\/\/omanivietnam.com\/wp-content\/uploads\/2024\/06\/logo-1024x1024.png","width":1024,"height":1024,"caption":"Nguy\u1ec5n V\u0103n Kh\u00e1nh"},"logo":{"@id":"https:\/\/omanivietnam.com\/#\/schema\/person\/image\/"},"sameAs":["https:\/\/omanivietnam.com"]}]}},"_links":{"self":[{"href":"https:\/\/omanivietnam.com\/index.php\/wp-json\/wp\/v2\/product\/2868","targetHints":{"allow":["GET"]}}],"collection":[{"href":"https:\/\/omanivietnam.com\/index.php\/wp-json\/wp\/v2\/product"}],"about":[{"href":"https:\/\/omanivietnam.com\/index.php\/wp-json\/wp\/v2\/types\/product"}],"replies":[{"embeddable":true,"href":"https:\/\/omanivietnam.com\/index.php\/wp-json\/wp\/v2\/comments?post=2868"}],"wp:featuredmedia":[{"embeddable":true,"href":"https:\/\/omanivietnam.com\/index.php\/wp-json\/wp\/v2\/media\/2869"}],"wp:attachment":[{"href":"https:\/\/omanivietnam.com\/index.php\/wp-json\/wp\/v2\/media?parent=2868"}],"wp:term":[{"taxonomy":"product_cat","embeddable":true,"href":"https:\/\/omanivietnam.com\/index.php\/wp-json\/wp\/v2\/product_cat?post=2868"},{"taxonomy":"product_tag","embeddable":true,"href":"https:\/\/omanivietnam.com\/index.php\/wp-json\/wp\/v2\/product_tag?post=2868"}],"curies":[{"name":"wp","href":"https:\/\/api.w.org\/{rel}","templated":true}]}}