{"id":2894,"date":"2024-11-24T14:26:32","date_gmt":"2024-11-24T07:26:32","guid":{"rendered":"https:\/\/omanivietnam.com\/?post_type=product&#038;p=2894"},"modified":"2025-04-21T21:23:19","modified_gmt":"2025-04-21T14:23:19","slug":"festo-dpa-40-16","status":"publish","type":"product","link":"https:\/\/omanivietnam.com\/index.php\/san-pham\/festo-dpa-40-16\/","title":{"rendered":"FESTO DPA-40-16"},"content":{"rendered":"<p>FESTO DPA-40-16<\/p>\n<div class=\"headline open\">Properties<\/div>\n<div class=\"mehr open\">\n<table class=\"artikelauspraegung\">\n<tbody>\n<tr>\n<td class=\"hyphenate\">Pis\u00adton di\u00adam\u00ade\u00adter<\/td>\n<td class=\"hyphenate\">40 mm<\/td>\n<\/tr>\n<tr>\n<td class=\"hyphenate\">in\u00adstal\u00adla\u00adtion po\u00adsi\u00adtion<\/td>\n<td class=\"hyphenate\">Con\u00adden\u00adsate dis\u00adcharge down\u00adwards<\/td>\n<\/tr>\n<tr>\n<td class=\"hyphenate\">Con\u00adstruc\u00adtion set up<\/td>\n<td class=\"hyphenate\">With pres\u00adsure gauge,<br \/>\nDou\u00adble pis\u00adton pres\u00adsure trans\u00adducer,<br \/>\nWith Com\u00adpressed air stor\u00adage,<br \/>\nWith check valves<\/td>\n<\/tr>\n<tr>\n<td class=\"hyphenate\">pres\u00adsure dis\u00adplay<\/td>\n<td class=\"hyphenate\">with pres\u00adsure gauge<\/td>\n<\/tr>\n<tr>\n<td class=\"hyphenate\">Out\u00adput pres\u00adsure 2 [bar]<\/td>\n<td class=\"hyphenate\">4.5 to 16<\/td>\n<\/tr>\n<tr>\n<td class=\"hyphenate\">Op\u00ader\u00adat\u00ading pres\u00adsure [bar]<\/td>\n<td class=\"hyphenate\">2.5 to 8<\/td>\n<\/tr>\n<tr>\n<td class=\"hyphenate\">Pres\u00adsure reg\u00adu\u00adla\u00adtion range [bar]<\/td>\n<td class=\"hyphenate\">4.5 to 16<\/td>\n<\/tr>\n<tr>\n<td class=\"hyphenate\">Input pres\u00adsure 1 [bar]<\/td>\n<td class=\"hyphenate\">2 to 8<\/td>\n<\/tr>\n<tr>\n<td class=\"hyphenate\">Op\u00ader\u00adat\u00ading medium<\/td>\n<td class=\"hyphenate\">Com\u00adpressed air to ISO 8573-\u200b1:2010 [7:3:4]<\/td>\n<\/tr>\n<tr>\n<td class=\"hyphenate\">In\u00adfor\u00adma\u00adtion about op\u00ader\u00adat\u00ading and con\u00adtrol medium<\/td>\n<td class=\"hyphenate\">Oiled op\u00ader\u00ada\u00adtion not pos\u00adsi\u00adble<\/td>\n<\/tr>\n<tr>\n<td class=\"hyphenate\">Cor\u00adro\u00adsion re\u00adsis\u00adtant class KBK<\/td>\n<td class=\"hyphenate\">2 &#8211; mod\u00ader\u00adate cor\u00adro\u00adsion stress<\/td>\n<\/tr>\n<tr>\n<td class=\"hyphenate\">Bear\u00ading tem\u00adper\u00ada\u00adture [\u00b0C]<\/td>\n<td class=\"hyphenate\">5 to 60<\/td>\n<\/tr>\n<tr>\n<td class=\"hyphenate\">am\u00adbi\u00adent tem\u00adper\u00ada\u00adture [\u00b0C]<\/td>\n<td class=\"hyphenate\">5 to 60<\/td>\n<\/tr>\n<tr>\n<td class=\"hyphenate\">Prod\u00aduct weight [g]<\/td>\n<td class=\"hyphenate\">7.300<\/td>\n<\/tr>\n<tr>\n<td class=\"hyphenate\">Fas\u00adten\u00ading type<\/td>\n<td class=\"hyphenate\">With Cap nuts<\/td>\n<\/tr>\n<tr>\n<td class=\"hyphenate\">Pneu\u00admatic con\u00adnec\u00adtion 1<\/td>\n<td class=\"hyphenate\">QS-10<\/td>\n<\/tr>\n<tr>\n<td class=\"hyphenate\">Pneu\u00admatic con\u00adnec\u00adtion 2<\/td>\n<td class=\"hyphenate\">KD4<\/td>\n<\/tr>\n<tr>\n<td class=\"hyphenate\">Pneu\u00admatic con\u00adnec\u00adtion 3<\/td>\n<td class=\"hyphenate\">si\u00adlencer<\/td>\n<\/tr>\n<tr>\n<td class=\"hyphenate\">Ma\u00adte\u00adr\u00adial in\u00adfor\u00adma\u00adtion<\/td>\n<td class=\"hyphenate\">RoHs com\u00adpli\u00adant<\/td>\n<\/tr>\n<tr>\n<td class=\"hyphenate\">Vol\u00adume<\/td>\n<td class=\"hyphenate\">5 L<\/td>\n<\/tr>\n<tr>\n<td class=\"hyphenate\">Com\u00adpressed air stor\u00adage ma\u00adte\u00adr\u00adial<\/td>\n<td class=\"hyphenate\">High-\u200balloyed stain\u00adless steels<\/td>\n<\/tr>\n<tr>\n<td class=\"hyphenate\">CE cer\u00adtifi\u00adcate (see de\u00adc\u00adla\u00adra\u00adtion of con\u00adfor\u00admity)<\/td>\n<td class=\"hyphenate\">to EU pres\u00adsure ves\u00adsel di\u00adrec\u00adtive<\/td>\n<\/tr>\n<tr>\n<td class=\"hyphenate\">Max. tight\u00aden\u00ading torque Con\u00adden\u00adsate drain [Nm]<\/td>\n<td class=\"hyphenate\">27<\/td>\n<\/tr>\n<\/tbody>\n<\/table>\n<table class=\"artikelauspraegung\">\n<tbody>\n<tr>\n<td>Weight<\/td>\n<td>7.300 g \/ pcs<\/td>\n<\/tr>\n<tr>\n<td>GTIN<\/td>\n<td>4052568194949<\/td>\n<\/tr>\n<tr>\n<td>Customs duty number<\/td>\n<td>84148080<\/td>\n<\/tr>\n<tr>\n<td>Manufacturer<\/td>\n<td>Festo<\/td>\n<\/tr>\n<\/tbody>\n<\/table>\n<p>S\u1ea3n ph\u1ea9m t\u01b0\u01a1ng t\u1ef1:<\/p>\n<table>\n<tbody>\n<tr>\n<td>Part number<\/td>\n<td>Model<\/td>\n<\/tr>\n<tr>\n<td>184518<\/td>\n<td>DPA-63-10<\/td>\n<\/tr>\n<tr>\n<td>184519<\/td>\n<td>DPA-100-10<\/td>\n<\/tr>\n<tr>\n<td>188399<\/td>\n<td>DPA-100-16<\/td>\n<\/tr>\n<tr>\n<td>193392<\/td>\n<td>DPA-63-16<\/td>\n<\/tr>\n<tr>\n<td>537273<\/td>\n<td>DPA-40-10<\/td>\n<\/tr>\n<tr>\n<td>537274<\/td>\n<td>DPA-40-16<\/td>\n<\/tr>\n<tr>\n<td>549374<\/td>\n<td>DPA-63-D<\/td>\n<\/tr>\n<tr>\n<td>549396<\/td>\n<td>DPA-40-D<\/td>\n<\/tr>\n<tr>\n<td>549398<\/td>\n<td>DPA-100-D<\/td>\n<\/tr>\n<tr>\n<td>549399<\/td>\n<td>DPA-63-10-A<\/td>\n<\/tr>\n<tr>\n<td>549400<\/td>\n<td>DPA-63-16-A<\/td>\n<\/tr>\n<tr>\n<td>549401<\/td>\n<td>DPA-100-10-A<\/td>\n<\/tr>\n<tr>\n<td>549402<\/td>\n<td>DPA-100-16-A<\/td>\n<\/tr>\n<tr>\n<td>552928<\/td>\n<td>DPA-40-10-CRVZS2<\/td>\n<\/tr>\n<tr>\n<td>552929<\/td>\n<td>DPA-40-16-CRVZS2<\/td>\n<\/tr>\n<tr>\n<td>552930<\/td>\n<td>DPA-40-10-CRVZS5<\/td>\n<\/tr>\n<tr>\n<td>552931<\/td>\n<td>DPA-40-16-CRVZS5<\/td>\n<\/tr>\n<tr>\n<td>552932<\/td>\n<td>DPA-63-10-CRVZS10<\/td>\n<\/tr>\n<tr>\n<td>552933<\/td>\n<td>DPA-63-16-CRVZS10<\/td>\n<\/tr>\n<tr>\n<td>552934<\/td>\n<td>DPA-63-10-CRVZS20<\/td>\n<\/tr>\n<tr>\n<td>552935<\/td>\n<td>DPA-63-16-CRVZS20<\/td>\n<\/tr>\n<tr>\n<td>552936<\/td>\n<td>DPA-100-10-CRVZS20<\/td>\n<\/tr>\n<tr>\n<td>552937<\/td>\n<td>DPA-100-16-CRVZS20<\/td>\n<\/tr>\n<\/tbody>\n<\/table>\n<\/div>\n","protected":false},"excerpt":{"rendered":"<p>FESTO DPA-40-16 Properties Pis\u00adton di\u00adam\u00ade\u00adter 40 mm in\u00adstal\u00adla\u00adtion po\u00adsi\u00adtion Con\u00adden\u00adsate dis\u00adcharge down\u00adwards Con\u00adstruc\u00adtion set up With pres\u00adsure gauge, Dou\u00adble pis\u00adton pres\u00adsure trans\u00adducer, With Com\u00adpressed air stor\u00adage, With check valves pres\u00adsure dis\u00adplay with pres\u00adsure gauge Out\u00adput pres\u00adsure 2 [bar] 4.5 to 16 Op\u00ader\u00adat\u00ading pres\u00adsure [bar] 2.5 to 8 Pres\u00adsure reg\u00adu\u00adla\u00adtion range&hellip; <\/p>\n","protected":false},"featured_media":2895,"comment_status":"open","ping_status":"closed","template":"","meta":[],"product_cat":[284],"product_tag":[127,128,426],"class_list":{"0":"post-2894","1":"product","2":"type-product","3":"status-publish","4":"has-post-thumbnail","6":"product_cat-festo","7":"product_tag-apex-viet-nam","8":"product_tag-dai-ly-apex-viet-nam","9":"product_tag-van-tang-ap","11":"first","12":"instock","13":"shipping-taxable","14":"product-type-simple"},"yoast_head":"<!-- This site is optimized with the Yoast SEO plugin v22.8 - https:\/\/yoast.com\/wordpress\/plugins\/seo\/ -->\n<title>FESTO DPA-40-16 - OMANI VI\u1ec6T NAM<\/title>\n<meta name=\"description\" content=\"FESTO DPA-40-16 Pressure booster\" \/>\n<meta name=\"robots\" content=\"index, follow, max-snippet:-1, max-image-preview:large, max-video-preview:-1\" \/>\n<link rel=\"canonical\" href=\"https:\/\/omanivietnam.com\/index.php\/san-pham\/festo-dpa-40-16\/\" \/>\n<meta property=\"og:locale\" content=\"vi_VN\" \/>\n<meta property=\"og:type\" content=\"article\" \/>\n<meta property=\"og:title\" content=\"FESTO DPA-40-16 - OMANI VI\u1ec6T NAM\" \/>\n<meta property=\"og:description\" content=\"FESTO DPA-40-16 Pressure booster\" \/>\n<meta property=\"og:url\" content=\"https:\/\/omanivietnam.com\/index.php\/san-pham\/festo-dpa-40-16\/\" \/>\n<meta property=\"og:site_name\" content=\"OMANI VI\u1ec6T NAM\" \/>\n<meta property=\"article:modified_time\" content=\"2025-04-21T14:23:19+00:00\" \/>\n<meta property=\"og:image\" content=\"https:\/\/omanivietnam.com\/wp-content\/uploads\/2024\/11\/DPA-40-16.png\" \/>\n\t<meta property=\"og:image:width\" content=\"622\" \/>\n\t<meta property=\"og:image:height\" content=\"551\" \/>\n\t<meta property=\"og:image:type\" content=\"image\/png\" \/>\n<meta name=\"twitter:card\" content=\"summary_large_image\" \/>\n<meta name=\"twitter:label1\" content=\"\u01af\u1edbc t\u00ednh th\u1eddi gian \u0111\u1ecdc\" \/>\n\t<meta name=\"twitter:data1\" content=\"2 ph\u00fat\" \/>\n<script type=\"application\/ld+json\" class=\"yoast-schema-graph\">{\"@context\":\"https:\/\/schema.org\",\"@graph\":[{\"@type\":\"WebPage\",\"@id\":\"https:\/\/omanivietnam.com\/index.php\/san-pham\/festo-dpa-40-16\/\",\"url\":\"https:\/\/omanivietnam.com\/index.php\/san-pham\/festo-dpa-40-16\/\",\"name\":\"FESTO DPA-40-16 - OMANI VI\u1ec6T NAM\",\"isPartOf\":{\"@id\":\"https:\/\/omanivietnam.com\/#website\"},\"primaryImageOfPage\":{\"@id\":\"https:\/\/omanivietnam.com\/index.php\/san-pham\/festo-dpa-40-16\/#primaryimage\"},\"image\":{\"@id\":\"https:\/\/omanivietnam.com\/index.php\/san-pham\/festo-dpa-40-16\/#primaryimage\"},\"thumbnailUrl\":\"https:\/\/omanivietnam.com\/wp-content\/uploads\/2024\/11\/DPA-40-16.png\",\"datePublished\":\"2024-11-24T07:26:32+00:00\",\"dateModified\":\"2025-04-21T14:23:19+00:00\",\"description\":\"FESTO DPA-40-16 Pressure booster\",\"breadcrumb\":{\"@id\":\"https:\/\/omanivietnam.com\/index.php\/san-pham\/festo-dpa-40-16\/#breadcrumb\"},\"inLanguage\":\"vi\",\"potentialAction\":[{\"@type\":\"ReadAction\",\"target\":[\"https:\/\/omanivietnam.com\/index.php\/san-pham\/festo-dpa-40-16\/\"]}]},{\"@type\":\"ImageObject\",\"inLanguage\":\"vi\",\"@id\":\"https:\/\/omanivietnam.com\/index.php\/san-pham\/festo-dpa-40-16\/#primaryimage\",\"url\":\"https:\/\/omanivietnam.com\/wp-content\/uploads\/2024\/11\/DPA-40-16.png\",\"contentUrl\":\"https:\/\/omanivietnam.com\/wp-content\/uploads\/2024\/11\/DPA-40-16.png\",\"width\":622,\"height\":551},{\"@type\":\"BreadcrumbList\",\"@id\":\"https:\/\/omanivietnam.com\/index.php\/san-pham\/festo-dpa-40-16\/#breadcrumb\",\"itemListElement\":[{\"@type\":\"ListItem\",\"position\":1,\"name\":\"Home\",\"item\":\"https:\/\/omanivietnam.com\/\"},{\"@type\":\"ListItem\",\"position\":2,\"name\":\"S\u1ea2N PH\u1ea8M\",\"item\":\"https:\/\/omanivietnam.com\/index.php\/cua-hang\/\"},{\"@type\":\"ListItem\",\"position\":3,\"name\":\"FESTO DPA-40-16\"}]},{\"@type\":\"WebSite\",\"@id\":\"https:\/\/omanivietnam.com\/#website\",\"url\":\"https:\/\/omanivietnam.com\/\",\"name\":\"OMANI VI\u1ec6T NAM\",\"description\":\"Nh\u00e0 ph\u00e2n ph\u1ed1i thi\u1ebft b\u1ecb kh\u00ed n\u00e9n v\u00e0 thi\u1ebft b\u1ecb t\u1ef1 \u0111\u1ed9ng h\u00f3a trong c\u00f4ng nghi\u1ec7p\",\"publisher\":{\"@id\":\"https:\/\/omanivietnam.com\/#\/schema\/person\/0ad398a980dc3fd696111c2c5c8fa897\"},\"potentialAction\":[{\"@type\":\"SearchAction\",\"target\":{\"@type\":\"EntryPoint\",\"urlTemplate\":\"https:\/\/omanivietnam.com\/?s={search_term_string}\"},\"query-input\":\"required name=search_term_string\"}],\"inLanguage\":\"vi\"},{\"@type\":[\"Person\",\"Organization\"],\"@id\":\"https:\/\/omanivietnam.com\/#\/schema\/person\/0ad398a980dc3fd696111c2c5c8fa897\",\"name\":\"Nguy\u1ec5n V\u0103n Kh\u00e1nh\",\"image\":{\"@type\":\"ImageObject\",\"inLanguage\":\"vi\",\"@id\":\"https:\/\/omanivietnam.com\/#\/schema\/person\/image\/\",\"url\":\"https:\/\/omanivietnam.com\/wp-content\/uploads\/2024\/06\/logo-1024x1024.png\",\"contentUrl\":\"https:\/\/omanivietnam.com\/wp-content\/uploads\/2024\/06\/logo-1024x1024.png\",\"width\":1024,\"height\":1024,\"caption\":\"Nguy\u1ec5n V\u0103n Kh\u00e1nh\"},\"logo\":{\"@id\":\"https:\/\/omanivietnam.com\/#\/schema\/person\/image\/\"},\"sameAs\":[\"https:\/\/omanivietnam.com\"]}]}<\/script>\n<!-- \/ Yoast SEO plugin. -->","yoast_head_json":{"title":"FESTO DPA-40-16 - OMANI VI\u1ec6T NAM","description":"FESTO DPA-40-16 Pressure booster","robots":{"index":"index","follow":"follow","max-snippet":"max-snippet:-1","max-image-preview":"max-image-preview:large","max-video-preview":"max-video-preview:-1"},"canonical":"https:\/\/omanivietnam.com\/index.php\/san-pham\/festo-dpa-40-16\/","og_locale":"vi_VN","og_type":"article","og_title":"FESTO DPA-40-16 - OMANI VI\u1ec6T NAM","og_description":"FESTO DPA-40-16 Pressure booster","og_url":"https:\/\/omanivietnam.com\/index.php\/san-pham\/festo-dpa-40-16\/","og_site_name":"OMANI VI\u1ec6T NAM","article_modified_time":"2025-04-21T14:23:19+00:00","og_image":[{"width":622,"height":551,"url":"https:\/\/omanivietnam.com\/wp-content\/uploads\/2024\/11\/DPA-40-16.png","type":"image\/png"}],"twitter_card":"summary_large_image","twitter_misc":{"\u01af\u1edbc t\u00ednh th\u1eddi gian \u0111\u1ecdc":"2 ph\u00fat"},"schema":{"@context":"https:\/\/schema.org","@graph":[{"@type":"WebPage","@id":"https:\/\/omanivietnam.com\/index.php\/san-pham\/festo-dpa-40-16\/","url":"https:\/\/omanivietnam.com\/index.php\/san-pham\/festo-dpa-40-16\/","name":"FESTO DPA-40-16 - OMANI VI\u1ec6T NAM","isPartOf":{"@id":"https:\/\/omanivietnam.com\/#website"},"primaryImageOfPage":{"@id":"https:\/\/omanivietnam.com\/index.php\/san-pham\/festo-dpa-40-16\/#primaryimage"},"image":{"@id":"https:\/\/omanivietnam.com\/index.php\/san-pham\/festo-dpa-40-16\/#primaryimage"},"thumbnailUrl":"https:\/\/omanivietnam.com\/wp-content\/uploads\/2024\/11\/DPA-40-16.png","datePublished":"2024-11-24T07:26:32+00:00","dateModified":"2025-04-21T14:23:19+00:00","description":"FESTO DPA-40-16 Pressure booster","breadcrumb":{"@id":"https:\/\/omanivietnam.com\/index.php\/san-pham\/festo-dpa-40-16\/#breadcrumb"},"inLanguage":"vi","potentialAction":[{"@type":"ReadAction","target":["https:\/\/omanivietnam.com\/index.php\/san-pham\/festo-dpa-40-16\/"]}]},{"@type":"ImageObject","inLanguage":"vi","@id":"https:\/\/omanivietnam.com\/index.php\/san-pham\/festo-dpa-40-16\/#primaryimage","url":"https:\/\/omanivietnam.com\/wp-content\/uploads\/2024\/11\/DPA-40-16.png","contentUrl":"https:\/\/omanivietnam.com\/wp-content\/uploads\/2024\/11\/DPA-40-16.png","width":622,"height":551},{"@type":"BreadcrumbList","@id":"https:\/\/omanivietnam.com\/index.php\/san-pham\/festo-dpa-40-16\/#breadcrumb","itemListElement":[{"@type":"ListItem","position":1,"name":"Home","item":"https:\/\/omanivietnam.com\/"},{"@type":"ListItem","position":2,"name":"S\u1ea2N PH\u1ea8M","item":"https:\/\/omanivietnam.com\/index.php\/cua-hang\/"},{"@type":"ListItem","position":3,"name":"FESTO DPA-40-16"}]},{"@type":"WebSite","@id":"https:\/\/omanivietnam.com\/#website","url":"https:\/\/omanivietnam.com\/","name":"OMANI VI\u1ec6T NAM","description":"Nh\u00e0 ph\u00e2n ph\u1ed1i thi\u1ebft b\u1ecb kh\u00ed n\u00e9n v\u00e0 thi\u1ebft b\u1ecb t\u1ef1 \u0111\u1ed9ng h\u00f3a trong c\u00f4ng nghi\u1ec7p","publisher":{"@id":"https:\/\/omanivietnam.com\/#\/schema\/person\/0ad398a980dc3fd696111c2c5c8fa897"},"potentialAction":[{"@type":"SearchAction","target":{"@type":"EntryPoint","urlTemplate":"https:\/\/omanivietnam.com\/?s={search_term_string}"},"query-input":"required name=search_term_string"}],"inLanguage":"vi"},{"@type":["Person","Organization"],"@id":"https:\/\/omanivietnam.com\/#\/schema\/person\/0ad398a980dc3fd696111c2c5c8fa897","name":"Nguy\u1ec5n V\u0103n Kh\u00e1nh","image":{"@type":"ImageObject","inLanguage":"vi","@id":"https:\/\/omanivietnam.com\/#\/schema\/person\/image\/","url":"https:\/\/omanivietnam.com\/wp-content\/uploads\/2024\/06\/logo-1024x1024.png","contentUrl":"https:\/\/omanivietnam.com\/wp-content\/uploads\/2024\/06\/logo-1024x1024.png","width":1024,"height":1024,"caption":"Nguy\u1ec5n V\u0103n Kh\u00e1nh"},"logo":{"@id":"https:\/\/omanivietnam.com\/#\/schema\/person\/image\/"},"sameAs":["https:\/\/omanivietnam.com"]}]}},"_links":{"self":[{"href":"https:\/\/omanivietnam.com\/index.php\/wp-json\/wp\/v2\/product\/2894","targetHints":{"allow":["GET"]}}],"collection":[{"href":"https:\/\/omanivietnam.com\/index.php\/wp-json\/wp\/v2\/product"}],"about":[{"href":"https:\/\/omanivietnam.com\/index.php\/wp-json\/wp\/v2\/types\/product"}],"replies":[{"embeddable":true,"href":"https:\/\/omanivietnam.com\/index.php\/wp-json\/wp\/v2\/comments?post=2894"}],"wp:featuredmedia":[{"embeddable":true,"href":"https:\/\/omanivietnam.com\/index.php\/wp-json\/wp\/v2\/media\/2895"}],"wp:attachment":[{"href":"https:\/\/omanivietnam.com\/index.php\/wp-json\/wp\/v2\/media?parent=2894"}],"wp:term":[{"taxonomy":"product_cat","embeddable":true,"href":"https:\/\/omanivietnam.com\/index.php\/wp-json\/wp\/v2\/product_cat?post=2894"},{"taxonomy":"product_tag","embeddable":true,"href":"https:\/\/omanivietnam.com\/index.php\/wp-json\/wp\/v2\/product_tag?post=2894"}],"curies":[{"name":"wp","href":"https:\/\/api.w.org\/{rel}","templated":true}]}}