{"id":2906,"date":"2024-11-25T05:34:08","date_gmt":"2024-11-24T22:34:08","guid":{"rendered":"https:\/\/omanivietnam.com\/?post_type=product&#038;p=2906"},"modified":"2024-11-25T05:34:08","modified_gmt":"2024-11-24T22:34:08","slug":"apex-ab220-003-s1-p0","status":"publish","type":"product","link":"https:\/\/omanivietnam.com\/index.php\/san-pham\/apex-ab220-003-s1-p0\/","title":{"rendered":"APEX AB220-003-S1-P0"},"content":{"rendered":"<p>APEX AB220-003-S1-P0<\/p>\n<div class=\"page-title-wrapper product\">\n<h2 class=\"page-title\"><span class=\"base\" data-ui-id=\"page-title-wrapper\">AB-Series High Precision Planetary Gearboxes<\/span><\/h2>\n<\/div>\n<div class=\"product attribute overview\">\n<div class=\"value\">\n<p>Powerful, precise, robust, quiet and fast, suitable for all servo applications.The Apex AB series is the Next generation in planetary technology. Highest Precision, Highest Torque and Quiet Operation are provided by 100% optimized Helical Gearing. Straddle Mounted High Precision Bearings Allow for High Radial and Axial Loads.<\/p>\n<p><em><strong>NEW! &#8211; Expanded Ratios -12\/16\/28\/32 and Widened Mounting Capability with AB115A and AB142A<\/strong><\/em><\/p>\n<\/div>\n<ul>\n<li>Special design for continuous(S1) or cyclic(S5) duty operation<\/li>\n<li>Stainless steel housing, aluminum\u00a0black anodized motor adapter flange<\/li>\n<li>Stainless steel output shaft with or without key, or with spline (DIN5480)<\/li>\n<li>Helical gear design<\/li>\n<li>Output torque:\n<ul>\n<li>T<sub>2N<\/sub>\u00a0: 14 Nm &#8211; 2000 Nm<\/li>\n<\/ul>\n<\/li>\n<li>Ratios\n<ul>\n<li>1-stage : 3 \/ 4 \/ 5 \/ 6 \/ 7 \/ 8 \/ 9 \/ 10<\/li>\n<li>2-stage : 12 \/ 15 \/ 16 \/ 20 \/ 25 \/ 28 \/ 30 \/ 32 \/ 35 \/ 40 \/ 45 \/ 50 \/ 60 \/ 70 \/ 80 \/ 90 \/ 100<\/li>\n<\/ul>\n<\/li>\n<li>Low Backlash\n<ul>\n<li>1-stage : \u2264 1 arcmin \/ \u2264 3 arcmin \/ \u2264\u00a05 arcmin<\/li>\n<li>2-stage : \u2264 3 arcmin \/ \u2264 5 arcmin \/ \u2264\u00a07 arcmin<\/li>\n<\/ul>\n<\/li>\n<li>High Efficiency\n<ul>\n<li>1-stage : \u2265\u00a097%<\/li>\n<li>2-stage : \u2265\u00a094%<\/li>\n<\/ul>\n<\/li>\n<li>Easy mount<\/li>\n<li>Low noise<\/li>\n<li>Compact structure<\/li>\n<li>Sizes available: AB042 \/ AB060 \/ AB060A \/ AB090 \/ AB090A \/ AB115 \/ AB115A \/ AB142 \/ AB142A \/ AB180 \/ AB220<\/li>\n<\/ul>\n<p><img decoding=\"async\" src=\"https:\/\/apexdynamicsusa.com\/pub\/media\/wysiwyg\/AB\/AB-ordering.png\" \/><\/p>\n<\/div>\n<p><strong>Gearbox_Apex_AB series_P0<\/strong><\/p>\n<p><strong>AB220 Gearbox size: (P0)<\/strong><\/p>\n<p><strong>Ratio 3:1<\/strong><\/p>\n<p>AB220-003-S1-P0<\/p>\n<p>AB220-003-S2-P0<\/p>\n<p>AB220-003-S3-P0<\/p>\n<p>AB220-003-S3-P1<\/p>\n<p>AB220-003-S3-P2<\/p>\n<p><strong>Ratio 4:1<\/strong><\/p>\n<p>AB220-004-S1-P0<\/p>\n<p>AB220-004-S2-P0<\/p>\n<p>AB220-004-S3-P0<\/p>\n<p>AB220-004-S3-P1<\/p>\n<p>AB220-004-S3-P2<\/p>\n<p><strong>Ratio 5:1<\/strong><\/p>\n<p>AB220-005-S1-P0<\/p>\n<p>AB220-005-S2-P0<\/p>\n<p>AB220-005-S3-P0<\/p>\n<p>AB220-005-S2-P1<\/p>\n<p>AB220-005-S3-P2<\/p>\n<p><strong>Ratio 6:1<\/strong><\/p>\n<p>AB220-006-S1-P0<\/p>\n<p>AB220-006-S2-P0<\/p>\n<p>AB220-006-S3-P0<\/p>\n<p>AB220-006-S3-P1<\/p>\n<p>AB220-006-S3-P2<\/p>\n<p><strong>Ratio 7:1<\/strong><\/p>\n<p>AB220-007-S1-P0<\/p>\n<p>AB220-007-S2-P0<\/p>\n<p>AB220-007-S3-P0<\/p>\n<p>AB220-007-S3-P1<\/p>\n<p>AB220-007-S3-P2<\/p>\n<p><strong>Ratio 8:1<\/strong><\/p>\n<p>AB220-008-S1-P0<\/p>\n<p>AB220-008-S2-P0<\/p>\n<p>AB220-008-S3-P0<\/p>\n<p>AB220-008-S3-P1<\/p>\n<p>AB220-008-S3-P2<\/p>\n<p><strong>Ratio 8:1<\/strong><\/p>\n<p>AB220-008-S1-P0<\/p>\n<p>AB220-008-S2-P0<\/p>\n<p>AB220-008-S3-P0<\/p>\n<p>AB220-008-S3-P1<\/p>\n<p>AB220-008-S3-P2<\/p>\n<p><strong>Ratio 9:1<\/strong><\/p>\n<p>AB220-009-S1-P0<\/p>\n<p>AB220-009-S2-P0<\/p>\n<p>AB220-009-S3-P0<\/p>\n<p>AB220-009-S3-P1<\/p>\n<p>AB220-009-S3-P2<\/p>\n<p>&nbsp;<\/p>\n<p><strong>Ratio 10:1<\/strong><\/p>\n<p>AB220-010-S1-P0<\/p>\n<p>AB220-010-S2-P0<\/p>\n<p>AB220-010-S3-P0<\/p>\n<p>AB220-010-S3-P1<\/p>\n<p>AB220-010-S3-P2<\/p>\n<p><strong>Ratio 12:1<\/strong><\/p>\n<p>AB220-012-S1-P0<\/p>\n<p>AB220-012-S2-P0<\/p>\n<p>AB220-012-S3-P0<\/p>\n<p>AB220-012-S3-P1<\/p>\n<p>AB220-012-S3-P2<\/p>\n<p><strong>Ratio 10:1<\/strong><\/p>\n<p>AB220-010-S1-P0<\/p>\n<p>AB220-010-S2-P0<\/p>\n<p>AB220-010-S3-P0<\/p>\n<p>AB220-010-S3-P1<\/p>\n<p>AB220-010-S3-P2<\/p>\n<p><strong>Ratio 12:1<\/strong><\/p>\n<p>AB220-012-S1-P0<\/p>\n<p>AB220-012-S2-P0<\/p>\n<p>AB220-012-S3-P0<\/p>\n<p>AB220-012-S3-P1<\/p>\n<p>AB220-012-S3-P2<\/p>\n<p><strong>Ratio 15:1<\/strong><\/p>\n<p>AB220-015-S1-P0<\/p>\n<p>AB220-015-S2-P0<\/p>\n<p>AB220-015-S3-P0<\/p>\n<p>AB220-015-S3-P1<\/p>\n<p>AB220-015-S3-P2<\/p>\n<p><strong>Ratio 16:1<\/strong><\/p>\n<p>AB220-016-S1-P0<\/p>\n<p>AB220-016-S2-P0<\/p>\n<p>AB220-016-S3-P0<\/p>\n<p>AB220-016-S3-P1<\/p>\n<p>AB220-016-S3-P2<\/p>\n<p><strong>Ratio 20:1<\/strong><\/p>\n<p>AB220-020-S1-P0<\/p>\n<p>AB220-020-S2-P0<\/p>\n<p>AB220-020-S3-P0<\/p>\n<p>AB220-020-S3-P1<\/p>\n<p>AB220-020-S3-P2<\/p>\n<p><strong>Ratio 25:1<\/strong><\/p>\n<p>AB220-025-S1-P0<\/p>\n<p>AB220-025-S2-P0<\/p>\n<p>AB220-025-S3-P0<\/p>\n<p>AB220-025-S3-P1<\/p>\n<p>AB220-025-S3-P2<\/p>\n<p><strong>Ratio 28:1<\/strong><\/p>\n<p>AB220-028-S1-P0<\/p>\n<p>AB220-028-S2-P0<\/p>\n<p>AB220-028-S3-P0<\/p>\n<p>AB220-028-S3-P1<\/p>\n<p>AB220-028-S3-P2<\/p>\n<p><strong>Ratio 30:1<\/strong><\/p>\n<p>AB220-030-S1-P0<\/p>\n<p>AB220-030-S2-P0<\/p>\n<p>AB220-030-S3-P0<\/p>\n<p>AB220-030-S3-P1<\/p>\n<p>AB220-030-S3-P2<\/p>\n<p><strong>Ratio 32:1<\/strong><\/p>\n<p>AB220-032-S1-P0<\/p>\n<p>AB220-032-S2-P0<\/p>\n<p>AB220-032-S3-P0<\/p>\n<p>AB220-032-S3-P1<\/p>\n<p>AB220-032-S3-P2<\/p>\n<p><strong>Ratio 35:1<\/strong><\/p>\n<p>AB220-035-S1-P0<\/p>\n<p>AB220-035-S2-P0<\/p>\n<p>AB220-035-S3-P0<\/p>\n<p>AB220-035-S3-P1<\/p>\n<p>AB220-035-S3-P2<\/p>\n<p><strong>Ratio 40:1<\/strong><\/p>\n<p>AB220-040-S1-P0<\/p>\n<p>AB220-040-S2-P0<\/p>\n<p>AB220-040-S3-P0<\/p>\n<p>AB220-040-S3-P1<\/p>\n<p>AB220-040-S3-P2<\/p>\n<p><strong>Ratio 45:1<\/strong><\/p>\n<p>AB220-045-S1-P0<\/p>\n<p>AB220-045-S2-P0<\/p>\n<p>AB220-045-S3-P0<\/p>\n<p>AB220-045-S3-P1<\/p>\n<p>AB220-045-S3-P2<\/p>\n<p><strong>Ratio 50:1<\/strong><\/p>\n<p>AB220-050-S1-P0<\/p>\n<p>AB220-050-S2-P0<\/p>\n<p>AB220-050-S3-P0<\/p>\n<p>AB220-050-S3-P1<\/p>\n<p>AB220-050-S3-P2<\/p>\n<p><strong>Ratio 60:1<\/strong><\/p>\n<p>AB220-060-S1-P0<\/p>\n<p>AB220-060-S2-P0<\/p>\n<p>AB220-060-S3-P0<\/p>\n<p>AB220-060-S3-P1<\/p>\n<p>AB220-060-S3-P2<\/p>\n<p><strong>Ratio 70:1<\/strong><\/p>\n<p>AB220-070-S1-P0<\/p>\n<p>AB220-070-S2-P0<\/p>\n<p>AB220-070-S3-P0<\/p>\n<p>AB220-070-S3-P1<\/p>\n<p>AB220-070-S3-P2<\/p>\n<p><strong>Ratio 80:1<\/strong><\/p>\n<p>AB220-080-S1-P0<\/p>\n<p>AB220-080-S2-P0<\/p>\n<p>AB220-080-S3-P0<\/p>\n<p>AB220-080-S3-P1<\/p>\n<p>AB220-080-S3-P2<\/p>\n<p><strong>Ratio 90:1<\/strong><\/p>\n<p>AB220-090-S1-P0<\/p>\n<p>AB220-090-S2-P0<\/p>\n<p>AB220-090-S3-P0<\/p>\n<p>AB220-090-S3-P1<\/p>\n<p>AB220-090-S3-P2<\/p>\n<p><strong>Ratio 100:1<\/strong><\/p>\n<p>AB220-100-S1-P0<\/p>\n<p>AB220-100-S2-P0<\/p>\n<p>AB220-100-S3-P0<\/p>\n<p>AB220-100-S3-P1<\/p>\n<p>AB220-100-S3-P2<\/p>\n","protected":false},"excerpt":{"rendered":"<p>APEX AB220-003-S1-P0 AB-Series High Precision Planetary Gearboxes Powerful, precise, robust, quiet and fast, suitable for all servo applications.The Apex AB series is the Next generation in planetary technology. Highest Precision, Highest Torque and Quiet Operation are provided by 100% optimized Helical Gearing. Straddle Mounted High Precision Bearings Allow for High&hellip; <\/p>\n","protected":false},"featured_media":2899,"comment_status":"open","ping_status":"closed","template":"","meta":[],"product_cat":[344],"product_tag":[127,128,539],"class_list":{"0":"post-2906","1":"product","2":"type-product","3":"status-publish","4":"has-post-thumbnail","6":"product_cat-apex","7":"product_tag-apex-viet-nam","8":"product_tag-dai-ly-apex-viet-nam","9":"product_tag-gearbox","11":"first","12":"instock","13":"shipping-taxable","14":"product-type-simple"},"yoast_head":"<!-- This site is optimized with the Yoast SEO plugin v22.8 - https:\/\/yoast.com\/wordpress\/plugins\/seo\/ -->\n<title>APEX AB220-003-S1-P0 - OMANI VI\u1ec6T NAM<\/title>\n<meta name=\"robots\" content=\"index, follow, max-snippet:-1, max-image-preview:large, max-video-preview:-1\" \/>\n<link rel=\"canonical\" href=\"https:\/\/omanivietnam.com\/index.php\/san-pham\/apex-ab220-003-s1-p0\/\" \/>\n<meta property=\"og:locale\" content=\"vi_VN\" \/>\n<meta property=\"og:type\" content=\"article\" \/>\n<meta property=\"og:title\" content=\"APEX AB220-003-S1-P0 - OMANI VI\u1ec6T NAM\" \/>\n<meta property=\"og:description\" content=\"APEX AB220-003-S1-P0 AB-Series High Precision Planetary Gearboxes Powerful, precise, robust, quiet and fast, suitable for all servo applications.The Apex AB series is the Next generation in planetary technology. Highest Precision, Highest Torque and Quiet Operation are provided by 100% optimized Helical Gearing. Straddle Mounted High Precision Bearings Allow for High&hellip;\" \/>\n<meta property=\"og:url\" content=\"https:\/\/omanivietnam.com\/index.php\/san-pham\/apex-ab220-003-s1-p0\/\" \/>\n<meta property=\"og:site_name\" content=\"OMANI VI\u1ec6T NAM\" \/>\n<meta property=\"og:image\" content=\"https:\/\/omanivietnam.com\/wp-content\/uploads\/2024\/11\/AB.png\" \/>\n\t<meta property=\"og:image:width\" content=\"509\" \/>\n\t<meta property=\"og:image:height\" content=\"352\" \/>\n\t<meta property=\"og:image:type\" content=\"image\/png\" \/>\n<meta name=\"twitter:card\" content=\"summary_large_image\" \/>\n<meta name=\"twitter:label1\" content=\"\u01af\u1edbc t\u00ednh th\u1eddi gian \u0111\u1ecdc\" \/>\n\t<meta name=\"twitter:data1\" content=\"3 ph\u00fat\" \/>\n<script type=\"application\/ld+json\" class=\"yoast-schema-graph\">{\"@context\":\"https:\/\/schema.org\",\"@graph\":[{\"@type\":\"WebPage\",\"@id\":\"https:\/\/omanivietnam.com\/index.php\/san-pham\/apex-ab220-003-s1-p0\/\",\"url\":\"https:\/\/omanivietnam.com\/index.php\/san-pham\/apex-ab220-003-s1-p0\/\",\"name\":\"APEX AB220-003-S1-P0 - OMANI VI\u1ec6T NAM\",\"isPartOf\":{\"@id\":\"https:\/\/omanivietnam.com\/#website\"},\"primaryImageOfPage\":{\"@id\":\"https:\/\/omanivietnam.com\/index.php\/san-pham\/apex-ab220-003-s1-p0\/#primaryimage\"},\"image\":{\"@id\":\"https:\/\/omanivietnam.com\/index.php\/san-pham\/apex-ab220-003-s1-p0\/#primaryimage\"},\"thumbnailUrl\":\"https:\/\/omanivietnam.com\/wp-content\/uploads\/2024\/11\/AB.png\",\"datePublished\":\"2024-11-24T22:34:08+00:00\",\"dateModified\":\"2024-11-24T22:34:08+00:00\",\"breadcrumb\":{\"@id\":\"https:\/\/omanivietnam.com\/index.php\/san-pham\/apex-ab220-003-s1-p0\/#breadcrumb\"},\"inLanguage\":\"vi\",\"potentialAction\":[{\"@type\":\"ReadAction\",\"target\":[\"https:\/\/omanivietnam.com\/index.php\/san-pham\/apex-ab220-003-s1-p0\/\"]}]},{\"@type\":\"ImageObject\",\"inLanguage\":\"vi\",\"@id\":\"https:\/\/omanivietnam.com\/index.php\/san-pham\/apex-ab220-003-s1-p0\/#primaryimage\",\"url\":\"https:\/\/omanivietnam.com\/wp-content\/uploads\/2024\/11\/AB.png\",\"contentUrl\":\"https:\/\/omanivietnam.com\/wp-content\/uploads\/2024\/11\/AB.png\",\"width\":509,\"height\":352},{\"@type\":\"BreadcrumbList\",\"@id\":\"https:\/\/omanivietnam.com\/index.php\/san-pham\/apex-ab220-003-s1-p0\/#breadcrumb\",\"itemListElement\":[{\"@type\":\"ListItem\",\"position\":1,\"name\":\"Home\",\"item\":\"https:\/\/omanivietnam.com\/\"},{\"@type\":\"ListItem\",\"position\":2,\"name\":\"S\u1ea2N PH\u1ea8M\",\"item\":\"https:\/\/omanivietnam.com\/index.php\/cua-hang\/\"},{\"@type\":\"ListItem\",\"position\":3,\"name\":\"APEX AB220-003-S1-P0\"}]},{\"@type\":\"WebSite\",\"@id\":\"https:\/\/omanivietnam.com\/#website\",\"url\":\"https:\/\/omanivietnam.com\/\",\"name\":\"OMANI VI\u1ec6T NAM\",\"description\":\"Nh\u00e0 ph\u00e2n ph\u1ed1i thi\u1ebft b\u1ecb kh\u00ed n\u00e9n v\u00e0 thi\u1ebft b\u1ecb t\u1ef1 \u0111\u1ed9ng h\u00f3a trong c\u00f4ng nghi\u1ec7p\",\"publisher\":{\"@id\":\"https:\/\/omanivietnam.com\/#\/schema\/person\/0ad398a980dc3fd696111c2c5c8fa897\"},\"potentialAction\":[{\"@type\":\"SearchAction\",\"target\":{\"@type\":\"EntryPoint\",\"urlTemplate\":\"https:\/\/omanivietnam.com\/?s={search_term_string}\"},\"query-input\":\"required name=search_term_string\"}],\"inLanguage\":\"vi\"},{\"@type\":[\"Person\",\"Organization\"],\"@id\":\"https:\/\/omanivietnam.com\/#\/schema\/person\/0ad398a980dc3fd696111c2c5c8fa897\",\"name\":\"Nguy\u1ec5n V\u0103n Kh\u00e1nh\",\"image\":{\"@type\":\"ImageObject\",\"inLanguage\":\"vi\",\"@id\":\"https:\/\/omanivietnam.com\/#\/schema\/person\/image\/\",\"url\":\"https:\/\/omanivietnam.com\/wp-content\/uploads\/2024\/06\/logo-1024x1024.png\",\"contentUrl\":\"https:\/\/omanivietnam.com\/wp-content\/uploads\/2024\/06\/logo-1024x1024.png\",\"width\":1024,\"height\":1024,\"caption\":\"Nguy\u1ec5n V\u0103n Kh\u00e1nh\"},\"logo\":{\"@id\":\"https:\/\/omanivietnam.com\/#\/schema\/person\/image\/\"},\"sameAs\":[\"https:\/\/omanivietnam.com\"]}]}<\/script>\n<!-- \/ Yoast SEO plugin. -->","yoast_head_json":{"title":"APEX AB220-003-S1-P0 - OMANI VI\u1ec6T NAM","robots":{"index":"index","follow":"follow","max-snippet":"max-snippet:-1","max-image-preview":"max-image-preview:large","max-video-preview":"max-video-preview:-1"},"canonical":"https:\/\/omanivietnam.com\/index.php\/san-pham\/apex-ab220-003-s1-p0\/","og_locale":"vi_VN","og_type":"article","og_title":"APEX AB220-003-S1-P0 - OMANI VI\u1ec6T NAM","og_description":"APEX AB220-003-S1-P0 AB-Series High Precision Planetary Gearboxes Powerful, precise, robust, quiet and fast, suitable for all servo applications.The Apex AB series is the Next generation in planetary technology. Highest Precision, Highest Torque and Quiet Operation are provided by 100% optimized Helical Gearing. Straddle Mounted High Precision Bearings Allow for High&hellip;","og_url":"https:\/\/omanivietnam.com\/index.php\/san-pham\/apex-ab220-003-s1-p0\/","og_site_name":"OMANI VI\u1ec6T NAM","og_image":[{"width":509,"height":352,"url":"https:\/\/omanivietnam.com\/wp-content\/uploads\/2024\/11\/AB.png","type":"image\/png"}],"twitter_card":"summary_large_image","twitter_misc":{"\u01af\u1edbc t\u00ednh th\u1eddi gian \u0111\u1ecdc":"3 ph\u00fat"},"schema":{"@context":"https:\/\/schema.org","@graph":[{"@type":"WebPage","@id":"https:\/\/omanivietnam.com\/index.php\/san-pham\/apex-ab220-003-s1-p0\/","url":"https:\/\/omanivietnam.com\/index.php\/san-pham\/apex-ab220-003-s1-p0\/","name":"APEX AB220-003-S1-P0 - OMANI VI\u1ec6T NAM","isPartOf":{"@id":"https:\/\/omanivietnam.com\/#website"},"primaryImageOfPage":{"@id":"https:\/\/omanivietnam.com\/index.php\/san-pham\/apex-ab220-003-s1-p0\/#primaryimage"},"image":{"@id":"https:\/\/omanivietnam.com\/index.php\/san-pham\/apex-ab220-003-s1-p0\/#primaryimage"},"thumbnailUrl":"https:\/\/omanivietnam.com\/wp-content\/uploads\/2024\/11\/AB.png","datePublished":"2024-11-24T22:34:08+00:00","dateModified":"2024-11-24T22:34:08+00:00","breadcrumb":{"@id":"https:\/\/omanivietnam.com\/index.php\/san-pham\/apex-ab220-003-s1-p0\/#breadcrumb"},"inLanguage":"vi","potentialAction":[{"@type":"ReadAction","target":["https:\/\/omanivietnam.com\/index.php\/san-pham\/apex-ab220-003-s1-p0\/"]}]},{"@type":"ImageObject","inLanguage":"vi","@id":"https:\/\/omanivietnam.com\/index.php\/san-pham\/apex-ab220-003-s1-p0\/#primaryimage","url":"https:\/\/omanivietnam.com\/wp-content\/uploads\/2024\/11\/AB.png","contentUrl":"https:\/\/omanivietnam.com\/wp-content\/uploads\/2024\/11\/AB.png","width":509,"height":352},{"@type":"BreadcrumbList","@id":"https:\/\/omanivietnam.com\/index.php\/san-pham\/apex-ab220-003-s1-p0\/#breadcrumb","itemListElement":[{"@type":"ListItem","position":1,"name":"Home","item":"https:\/\/omanivietnam.com\/"},{"@type":"ListItem","position":2,"name":"S\u1ea2N PH\u1ea8M","item":"https:\/\/omanivietnam.com\/index.php\/cua-hang\/"},{"@type":"ListItem","position":3,"name":"APEX AB220-003-S1-P0"}]},{"@type":"WebSite","@id":"https:\/\/omanivietnam.com\/#website","url":"https:\/\/omanivietnam.com\/","name":"OMANI VI\u1ec6T NAM","description":"Nh\u00e0 ph\u00e2n ph\u1ed1i thi\u1ebft b\u1ecb kh\u00ed n\u00e9n v\u00e0 thi\u1ebft b\u1ecb t\u1ef1 \u0111\u1ed9ng h\u00f3a trong c\u00f4ng nghi\u1ec7p","publisher":{"@id":"https:\/\/omanivietnam.com\/#\/schema\/person\/0ad398a980dc3fd696111c2c5c8fa897"},"potentialAction":[{"@type":"SearchAction","target":{"@type":"EntryPoint","urlTemplate":"https:\/\/omanivietnam.com\/?s={search_term_string}"},"query-input":"required name=search_term_string"}],"inLanguage":"vi"},{"@type":["Person","Organization"],"@id":"https:\/\/omanivietnam.com\/#\/schema\/person\/0ad398a980dc3fd696111c2c5c8fa897","name":"Nguy\u1ec5n V\u0103n Kh\u00e1nh","image":{"@type":"ImageObject","inLanguage":"vi","@id":"https:\/\/omanivietnam.com\/#\/schema\/person\/image\/","url":"https:\/\/omanivietnam.com\/wp-content\/uploads\/2024\/06\/logo-1024x1024.png","contentUrl":"https:\/\/omanivietnam.com\/wp-content\/uploads\/2024\/06\/logo-1024x1024.png","width":1024,"height":1024,"caption":"Nguy\u1ec5n V\u0103n Kh\u00e1nh"},"logo":{"@id":"https:\/\/omanivietnam.com\/#\/schema\/person\/image\/"},"sameAs":["https:\/\/omanivietnam.com"]}]}},"_links":{"self":[{"href":"https:\/\/omanivietnam.com\/index.php\/wp-json\/wp\/v2\/product\/2906","targetHints":{"allow":["GET"]}}],"collection":[{"href":"https:\/\/omanivietnam.com\/index.php\/wp-json\/wp\/v2\/product"}],"about":[{"href":"https:\/\/omanivietnam.com\/index.php\/wp-json\/wp\/v2\/types\/product"}],"replies":[{"embeddable":true,"href":"https:\/\/omanivietnam.com\/index.php\/wp-json\/wp\/v2\/comments?post=2906"}],"wp:featuredmedia":[{"embeddable":true,"href":"https:\/\/omanivietnam.com\/index.php\/wp-json\/wp\/v2\/media\/2899"}],"wp:attachment":[{"href":"https:\/\/omanivietnam.com\/index.php\/wp-json\/wp\/v2\/media?parent=2906"}],"wp:term":[{"taxonomy":"product_cat","embeddable":true,"href":"https:\/\/omanivietnam.com\/index.php\/wp-json\/wp\/v2\/product_cat?post=2906"},{"taxonomy":"product_tag","embeddable":true,"href":"https:\/\/omanivietnam.com\/index.php\/wp-json\/wp\/v2\/product_tag?post=2906"}],"curies":[{"name":"wp","href":"https:\/\/api.w.org\/{rel}","templated":true}]}}