{"id":2925,"date":"2024-11-27T08:35:01","date_gmt":"2024-11-27T01:35:01","guid":{"rendered":"https:\/\/omanivietnam.com\/?post_type=product&#038;p=2925"},"modified":"2025-05-23T20:19:33","modified_gmt":"2025-05-23T13:19:33","slug":"schneider-lc1g205lsec","status":"publish","type":"product","link":"https:\/\/omanivietnam.com\/index.php\/san-pham\/schneider-lc1g205lsec\/","title":{"rendered":"SCHNEIDER LC1G205LSEC"},"content":{"rendered":"<p>SCHNEIDER LC1G205LSEC<\/p>\n<p>SCHNEIDER LC1D205Q7C 380VAC =&gt; new LC1G205LSEC<\/p>\n<table>\n<tbody>\n<tr>\n<th>Product Series<\/th>\n<td>TeSys<\/td>\n<\/tr>\n<tr>\n<th>Product Series<\/th>\n<td>TeSys Giga<\/td>\n<\/tr>\n<tr>\n<th>product type<\/th>\n<td>Contactor<\/td>\n<\/tr>\n<tr>\n<th>Product short name<\/th>\n<td>LC1G<\/td>\n<\/tr>\n<tr>\n<th>Contactor application areas<\/th>\n<td>Power switching<br \/>\nis used in AC loads with power factor greater than or equal to 0.95<\/td>\n<\/tr>\n<tr>\n<th>Number of poles<\/th>\n<td>3P<\/td>\n<\/tr>\n<tr>\n<th>Rated operating voltage [Ue]<\/th>\n<td>&lt;= 1000V AC 50\/60Hz<\/td>\n<\/tr>\n<tr>\n<th>Rated operating current [Ie]<\/th>\n<td>305 A at &lt;= 1000 V AC-1<br \/>\n205 A at &lt;= 400 V AC-3<\/td>\n<\/tr>\n<tr>\n<th>control loop voltage<\/th>\n<td>200&#8230;500V AC 50\/60Hz<br \/>\n200&#8230;500V DC<\/td>\n<\/tr>\n<tr>\n<th>Control voltage limit<\/th>\n<td>Operation: 0.8 Uc Min&#8230;1.1 Uc Max at 50\/60 Hz 60 \u00b0C)<br \/>\nOperation: 0.8 Uc Min&#8230;1.25 Uc Max 60 \u00b0C)<br \/>\nRelease: 0.1 Uc Max&#8230;0.45 Uc Min 60 \u00b0 C)<\/td>\n<\/tr>\n<\/tbody>\n<\/table>\n<p>&nbsp;<\/p>\n","protected":false},"excerpt":{"rendered":"<p>SCHNEIDER LC1G205LSEC SCHNEIDER LC1D205Q7C 380VAC =&gt; new LC1G205LSEC Product Series TeSys Product Series TeSys Giga product type Contactor Product short name LC1G Contactor application areas Power switching is used in AC loads with power factor greater than or equal to 0.95 Number of poles 3P Rated operating voltage [Ue] &lt;=&hellip; <\/p>\n","protected":false},"featured_media":2926,"comment_status":"open","ping_status":"closed","template":"","meta":[],"product_cat":[453],"product_tag":[455,456,454],"class_list":{"0":"post-2925","1":"product","2":"type-product","3":"status-publish","4":"has-post-thumbnail","6":"product_cat-schneider","7":"product_tag-dai-ly-schneider-viet-nam","8":"product_tag-khoi-dong-tu","9":"product_tag-schneider-viet-nam","11":"first","12":"instock","13":"shipping-taxable","14":"product-type-simple"},"yoast_head":"<!-- This site is optimized with the Yoast SEO plugin v22.8 - https:\/\/yoast.com\/wordpress\/plugins\/seo\/ -->\n<title>SCHNEIDER LC1G205LSEC - OMANI VI\u1ec6T NAM<\/title>\n<meta name=\"description\" content=\"SCHNEIDER LC1G205LSEC Contactor\" \/>\n<meta name=\"robots\" content=\"index, follow, max-snippet:-1, max-image-preview:large, max-video-preview:-1\" \/>\n<link rel=\"canonical\" href=\"https:\/\/omanivietnam.com\/index.php\/san-pham\/schneider-lc1g205lsec\/\" \/>\n<meta property=\"og:locale\" content=\"vi_VN\" \/>\n<meta property=\"og:type\" content=\"article\" \/>\n<meta property=\"og:title\" content=\"SCHNEIDER LC1G205LSEC - OMANI VI\u1ec6T NAM\" \/>\n<meta property=\"og:description\" content=\"SCHNEIDER LC1G205LSEC Contactor\" \/>\n<meta property=\"og:url\" content=\"https:\/\/omanivietnam.com\/index.php\/san-pham\/schneider-lc1g205lsec\/\" \/>\n<meta property=\"og:site_name\" content=\"OMANI VI\u1ec6T NAM\" \/>\n<meta property=\"article:modified_time\" content=\"2025-05-23T13:19:33+00:00\" \/>\n<meta property=\"og:image\" content=\"https:\/\/omanivietnam.com\/wp-content\/uploads\/2024\/11\/LC1G205LSEC.png\" \/>\n\t<meta property=\"og:image:width\" content=\"570\" \/>\n\t<meta property=\"og:image:height\" content=\"651\" \/>\n\t<meta property=\"og:image:type\" content=\"image\/png\" \/>\n<meta name=\"twitter:card\" content=\"summary_large_image\" \/>\n<meta name=\"twitter:label1\" content=\"\u01af\u1edbc t\u00ednh th\u1eddi gian \u0111\u1ecdc\" \/>\n\t<meta name=\"twitter:data1\" content=\"1 ph\u00fat\" \/>\n<script type=\"application\/ld+json\" class=\"yoast-schema-graph\">{\"@context\":\"https:\/\/schema.org\",\"@graph\":[{\"@type\":\"WebPage\",\"@id\":\"https:\/\/omanivietnam.com\/index.php\/san-pham\/schneider-lc1g205lsec\/\",\"url\":\"https:\/\/omanivietnam.com\/index.php\/san-pham\/schneider-lc1g205lsec\/\",\"name\":\"SCHNEIDER LC1G205LSEC - OMANI VI\u1ec6T NAM\",\"isPartOf\":{\"@id\":\"https:\/\/omanivietnam.com\/#website\"},\"primaryImageOfPage\":{\"@id\":\"https:\/\/omanivietnam.com\/index.php\/san-pham\/schneider-lc1g205lsec\/#primaryimage\"},\"image\":{\"@id\":\"https:\/\/omanivietnam.com\/index.php\/san-pham\/schneider-lc1g205lsec\/#primaryimage\"},\"thumbnailUrl\":\"https:\/\/omanivietnam.com\/wp-content\/uploads\/2024\/11\/LC1G205LSEC.png\",\"datePublished\":\"2024-11-27T01:35:01+00:00\",\"dateModified\":\"2025-05-23T13:19:33+00:00\",\"description\":\"SCHNEIDER LC1G205LSEC Contactor\",\"breadcrumb\":{\"@id\":\"https:\/\/omanivietnam.com\/index.php\/san-pham\/schneider-lc1g205lsec\/#breadcrumb\"},\"inLanguage\":\"vi\",\"potentialAction\":[{\"@type\":\"ReadAction\",\"target\":[\"https:\/\/omanivietnam.com\/index.php\/san-pham\/schneider-lc1g205lsec\/\"]}]},{\"@type\":\"ImageObject\",\"inLanguage\":\"vi\",\"@id\":\"https:\/\/omanivietnam.com\/index.php\/san-pham\/schneider-lc1g205lsec\/#primaryimage\",\"url\":\"https:\/\/omanivietnam.com\/wp-content\/uploads\/2024\/11\/LC1G205LSEC.png\",\"contentUrl\":\"https:\/\/omanivietnam.com\/wp-content\/uploads\/2024\/11\/LC1G205LSEC.png\",\"width\":570,\"height\":651},{\"@type\":\"BreadcrumbList\",\"@id\":\"https:\/\/omanivietnam.com\/index.php\/san-pham\/schneider-lc1g205lsec\/#breadcrumb\",\"itemListElement\":[{\"@type\":\"ListItem\",\"position\":1,\"name\":\"Home\",\"item\":\"https:\/\/omanivietnam.com\/\"},{\"@type\":\"ListItem\",\"position\":2,\"name\":\"S\u1ea2N PH\u1ea8M\",\"item\":\"https:\/\/omanivietnam.com\/index.php\/cua-hang\/\"},{\"@type\":\"ListItem\",\"position\":3,\"name\":\"SCHNEIDER LC1G205LSEC\"}]},{\"@type\":\"WebSite\",\"@id\":\"https:\/\/omanivietnam.com\/#website\",\"url\":\"https:\/\/omanivietnam.com\/\",\"name\":\"OMANI VI\u1ec6T NAM\",\"description\":\"Nh\u00e0 ph\u00e2n ph\u1ed1i thi\u1ebft b\u1ecb kh\u00ed n\u00e9n v\u00e0 thi\u1ebft b\u1ecb t\u1ef1 \u0111\u1ed9ng h\u00f3a trong c\u00f4ng nghi\u1ec7p\",\"publisher\":{\"@id\":\"https:\/\/omanivietnam.com\/#\/schema\/person\/0ad398a980dc3fd696111c2c5c8fa897\"},\"potentialAction\":[{\"@type\":\"SearchAction\",\"target\":{\"@type\":\"EntryPoint\",\"urlTemplate\":\"https:\/\/omanivietnam.com\/?s={search_term_string}\"},\"query-input\":\"required name=search_term_string\"}],\"inLanguage\":\"vi\"},{\"@type\":[\"Person\",\"Organization\"],\"@id\":\"https:\/\/omanivietnam.com\/#\/schema\/person\/0ad398a980dc3fd696111c2c5c8fa897\",\"name\":\"Nguy\u1ec5n V\u0103n Kh\u00e1nh\",\"image\":{\"@type\":\"ImageObject\",\"inLanguage\":\"vi\",\"@id\":\"https:\/\/omanivietnam.com\/#\/schema\/person\/image\/\",\"url\":\"https:\/\/omanivietnam.com\/wp-content\/uploads\/2024\/06\/logo-1024x1024.png\",\"contentUrl\":\"https:\/\/omanivietnam.com\/wp-content\/uploads\/2024\/06\/logo-1024x1024.png\",\"width\":1024,\"height\":1024,\"caption\":\"Nguy\u1ec5n V\u0103n Kh\u00e1nh\"},\"logo\":{\"@id\":\"https:\/\/omanivietnam.com\/#\/schema\/person\/image\/\"},\"sameAs\":[\"https:\/\/omanivietnam.com\"]}]}<\/script>\n<!-- \/ Yoast SEO plugin. -->","yoast_head_json":{"title":"SCHNEIDER LC1G205LSEC - OMANI VI\u1ec6T NAM","description":"SCHNEIDER LC1G205LSEC Contactor","robots":{"index":"index","follow":"follow","max-snippet":"max-snippet:-1","max-image-preview":"max-image-preview:large","max-video-preview":"max-video-preview:-1"},"canonical":"https:\/\/omanivietnam.com\/index.php\/san-pham\/schneider-lc1g205lsec\/","og_locale":"vi_VN","og_type":"article","og_title":"SCHNEIDER LC1G205LSEC - OMANI VI\u1ec6T NAM","og_description":"SCHNEIDER LC1G205LSEC Contactor","og_url":"https:\/\/omanivietnam.com\/index.php\/san-pham\/schneider-lc1g205lsec\/","og_site_name":"OMANI VI\u1ec6T NAM","article_modified_time":"2025-05-23T13:19:33+00:00","og_image":[{"width":570,"height":651,"url":"https:\/\/omanivietnam.com\/wp-content\/uploads\/2024\/11\/LC1G205LSEC.png","type":"image\/png"}],"twitter_card":"summary_large_image","twitter_misc":{"\u01af\u1edbc t\u00ednh th\u1eddi gian \u0111\u1ecdc":"1 ph\u00fat"},"schema":{"@context":"https:\/\/schema.org","@graph":[{"@type":"WebPage","@id":"https:\/\/omanivietnam.com\/index.php\/san-pham\/schneider-lc1g205lsec\/","url":"https:\/\/omanivietnam.com\/index.php\/san-pham\/schneider-lc1g205lsec\/","name":"SCHNEIDER LC1G205LSEC - OMANI VI\u1ec6T NAM","isPartOf":{"@id":"https:\/\/omanivietnam.com\/#website"},"primaryImageOfPage":{"@id":"https:\/\/omanivietnam.com\/index.php\/san-pham\/schneider-lc1g205lsec\/#primaryimage"},"image":{"@id":"https:\/\/omanivietnam.com\/index.php\/san-pham\/schneider-lc1g205lsec\/#primaryimage"},"thumbnailUrl":"https:\/\/omanivietnam.com\/wp-content\/uploads\/2024\/11\/LC1G205LSEC.png","datePublished":"2024-11-27T01:35:01+00:00","dateModified":"2025-05-23T13:19:33+00:00","description":"SCHNEIDER LC1G205LSEC Contactor","breadcrumb":{"@id":"https:\/\/omanivietnam.com\/index.php\/san-pham\/schneider-lc1g205lsec\/#breadcrumb"},"inLanguage":"vi","potentialAction":[{"@type":"ReadAction","target":["https:\/\/omanivietnam.com\/index.php\/san-pham\/schneider-lc1g205lsec\/"]}]},{"@type":"ImageObject","inLanguage":"vi","@id":"https:\/\/omanivietnam.com\/index.php\/san-pham\/schneider-lc1g205lsec\/#primaryimage","url":"https:\/\/omanivietnam.com\/wp-content\/uploads\/2024\/11\/LC1G205LSEC.png","contentUrl":"https:\/\/omanivietnam.com\/wp-content\/uploads\/2024\/11\/LC1G205LSEC.png","width":570,"height":651},{"@type":"BreadcrumbList","@id":"https:\/\/omanivietnam.com\/index.php\/san-pham\/schneider-lc1g205lsec\/#breadcrumb","itemListElement":[{"@type":"ListItem","position":1,"name":"Home","item":"https:\/\/omanivietnam.com\/"},{"@type":"ListItem","position":2,"name":"S\u1ea2N PH\u1ea8M","item":"https:\/\/omanivietnam.com\/index.php\/cua-hang\/"},{"@type":"ListItem","position":3,"name":"SCHNEIDER LC1G205LSEC"}]},{"@type":"WebSite","@id":"https:\/\/omanivietnam.com\/#website","url":"https:\/\/omanivietnam.com\/","name":"OMANI VI\u1ec6T NAM","description":"Nh\u00e0 ph\u00e2n ph\u1ed1i thi\u1ebft b\u1ecb kh\u00ed n\u00e9n v\u00e0 thi\u1ebft b\u1ecb t\u1ef1 \u0111\u1ed9ng h\u00f3a trong c\u00f4ng nghi\u1ec7p","publisher":{"@id":"https:\/\/omanivietnam.com\/#\/schema\/person\/0ad398a980dc3fd696111c2c5c8fa897"},"potentialAction":[{"@type":"SearchAction","target":{"@type":"EntryPoint","urlTemplate":"https:\/\/omanivietnam.com\/?s={search_term_string}"},"query-input":"required name=search_term_string"}],"inLanguage":"vi"},{"@type":["Person","Organization"],"@id":"https:\/\/omanivietnam.com\/#\/schema\/person\/0ad398a980dc3fd696111c2c5c8fa897","name":"Nguy\u1ec5n V\u0103n Kh\u00e1nh","image":{"@type":"ImageObject","inLanguage":"vi","@id":"https:\/\/omanivietnam.com\/#\/schema\/person\/image\/","url":"https:\/\/omanivietnam.com\/wp-content\/uploads\/2024\/06\/logo-1024x1024.png","contentUrl":"https:\/\/omanivietnam.com\/wp-content\/uploads\/2024\/06\/logo-1024x1024.png","width":1024,"height":1024,"caption":"Nguy\u1ec5n V\u0103n Kh\u00e1nh"},"logo":{"@id":"https:\/\/omanivietnam.com\/#\/schema\/person\/image\/"},"sameAs":["https:\/\/omanivietnam.com"]}]}},"_links":{"self":[{"href":"https:\/\/omanivietnam.com\/index.php\/wp-json\/wp\/v2\/product\/2925","targetHints":{"allow":["GET"]}}],"collection":[{"href":"https:\/\/omanivietnam.com\/index.php\/wp-json\/wp\/v2\/product"}],"about":[{"href":"https:\/\/omanivietnam.com\/index.php\/wp-json\/wp\/v2\/types\/product"}],"replies":[{"embeddable":true,"href":"https:\/\/omanivietnam.com\/index.php\/wp-json\/wp\/v2\/comments?post=2925"}],"wp:featuredmedia":[{"embeddable":true,"href":"https:\/\/omanivietnam.com\/index.php\/wp-json\/wp\/v2\/media\/2926"}],"wp:attachment":[{"href":"https:\/\/omanivietnam.com\/index.php\/wp-json\/wp\/v2\/media?parent=2925"}],"wp:term":[{"taxonomy":"product_cat","embeddable":true,"href":"https:\/\/omanivietnam.com\/index.php\/wp-json\/wp\/v2\/product_cat?post=2925"},{"taxonomy":"product_tag","embeddable":true,"href":"https:\/\/omanivietnam.com\/index.php\/wp-json\/wp\/v2\/product_tag?post=2925"}],"curies":[{"name":"wp","href":"https:\/\/api.w.org\/{rel}","templated":true}]}}