{"id":2940,"date":"2024-11-28T12:00:41","date_gmt":"2024-11-28T05:00:41","guid":{"rendered":"https:\/\/omanivietnam.com\/?post_type=product&#038;p=2940"},"modified":"2025-05-21T17:19:10","modified_gmt":"2025-05-21T10:19:10","slug":"nemicon-ovw2-036-2mhc-050-00e","status":"publish","type":"product","link":"https:\/\/omanivietnam.com\/index.php\/san-pham\/nemicon-ovw2-036-2mhc-050-00e\/","title":{"rendered":"NEMICON  OVW2-036-2MHC-050-00E"},"content":{"rendered":"<p>NEMICON OVW2-036-2MHC-050-00E<\/p>\n<h3>Gi\u1edbi thi\u1ec7u Encoder Nemicon<\/h3>\n<ul>\n<li>Encoder Nemicon c\u1ee7a ch\u00fang t\u00f4i, nh\u1edd c\u00f4ng ngh\u1ec7 s\u1ea3n xu\u1ea5t \u0111\u1ed9c \u0111\u00e1o v\u00e0 ch\u00ednh x\u00e1c, hi\u1ec7u su\u1ea5t cao, \u0111\u1ed9 ch\u00ednh x\u00e1c cao v\u00e0 \u0111\u1ec3 \u0111\u1ea1t \u0111\u01b0\u1ee3c chi ph\u00ed th\u1ea5p, \u0111\u00e3 \u0111\u01b0\u1ee3c s\u1eed d\u1ee5ng trong nhi\u1ec1u l\u0129nh v\u1ef1c x\u00e3 h\u1ed9i. C\u1ea7n c\u00f3 thang m\u00e1y c\u1ee7a t\u00f2a nh\u00e0 ch\u1ecdc tr\u1eddi, m\u00e1y x\u1eed l\u00fd ch\u00ednh x\u00e1c \u0111\u1ed9 ch\u00ednh x\u00e1c nano-micron, robot c\u00f4ng nghi\u1ec7p ch\u1ecbu tr\u00e1ch nhi\u1ec7m t\u1ef1 \u0111\u1ed9ng h\u00f3a nh\u00e0 m\u00e1y, ch\u1eb3ng h\u1ea1n nh\u01b0 thi\u1ebft b\u1ecb y t\u1ebf duy tr\u00ec s\u1ef1 s\u1ed1ng c\u1ee7a con ng\u01b0\u1eddi, m\u1ecdi th\u1ee9 di chuy\u1ec3n v\u00e0 quay, \u1edf m\u1ecdi n\u01a1i trong vi\u1ec7c k\u1ebft h\u1ee3p tr\u1ea1ng th\u00e1i hi\u1ec7n \u0111\u1ea1i c\u1ee7a ch\u00fang t\u00f4i -v\u00e0 b\u1ed9 m\u00e3 h\u00f3a c\u1ee7a ch\u00fang t\u00f4i \u0111\u00e3 \u0111\u01b0\u1ee3c s\u1eed d\u1ee5ng.<\/li>\n<li>Encoder B\u1ed9 m\u00e3 h\u00f3a l\u00e0 m\u1ed9t thi\u1ebft b\u1ecb m\u00e3 h\u00f3a chuy\u1ec3n \u0111\u1ed9ng quay. Nemicon Corporation l\u00e0 nh\u00e0 s\u1ea3n xu\u1ea5t gi\u1ea3i ph\u00e1p h\u00e0ng \u0111\u1ea7u v\u00e0 cung c\u1ea5p \u0111a d\u1ea1ng c\u00e1c B\u1ed9 m\u00e3 h\u00f3a nh\u1eb1m hi\u1ec7n th\u1ef1c h\u00f3a kh\u00e1i ni\u1ec7m \u0110\u1ed9 ch\u00ednh x\u00e1c cao, \u0110\u1ed9 tin c\u1eady cao, Chi ph\u00ed th\u1ea5p cho Gi\u1ea3i ph\u00e1p v\u00e0 thu nh\u1ecf. Ch\u00fang t\u00f4i t\u1ef1 tin cung c\u1ea5p gi\u1ea3i ph\u00e1p t\u1ed1t nh\u1ea5t cho nh\u1eefng g\u00ec kh\u00e1ch h\u00e0ng \u0111ang t\u00ecm ki\u1ebfm. Kinh nghi\u1ec7m l\u00e2u n\u0103m kinh doanh b\u1ed9 m\u00e3 h\u00f3a trong m\u1ea3ng gi\u1ea3i ph\u00e1p c\u00f4ng nghi\u1ec7p c\u1ee7a ch\u00fang t\u00f4i c\u00f3 th\u1ec3 cung c\u1ea5p cho kh\u00e1ch h\u00e0ng m\u00e1y c\u00f4ng c\u1ee5 CNC t\u1ea1i pannel v\u1eadn h\u00e0nh, Thi\u1ebft b\u1ecb c\u00f4ng nghi\u1ec7p v\u00e0 Thi\u1ebft b\u1ecb y t\u1ebf gi\u1ea3i ph\u00e1p m\u00e3 h\u00f3a t\u1ed1t nh\u1ea5t.<\/li>\n<\/ul>\n<h3>Th\u00f4ng s\u1ed1 k\u1ef9 thu\u1eadt Encoder Nemicon OVW2-036-2MHC<\/h3>\n<p><strong>M\u00e3 h\u00e0ng: <\/strong>OVW2-036-2MHC<\/p>\n<p><strong>Resolution: 360P\/R<br \/>\nHC : Open Collector Output \/ High Voltage<br \/>\n<\/strong><strong>Signals: 2M : AB90\u02da Phase Difference + Zero Signal<\/strong><br \/>\n<strong>Xu\u1ea5t x\u1ee9: Nemicon Japan<\/strong><br \/>\n<strong>M\u1edbi 100% \u2013 Ch\u00ednh h\u00e3ng- B\u1ea3o h\u00e0nh 12 th\u00e1ng<\/strong><\/p>\n<p>C\u00e1c s\u1ea3n ph\u1ea9m t\u01b0\u01a1ng \u0111\u01b0\u01a1ng Encoder Nemicon OVW2-036-2MHC<\/p>\n<table width=\"1129\">\n<tbody>\n<tr>\n<td width=\"360\">NOC-SP1000-2M NOC-SP1000-2MC NOC-SP1000-2MHC<\/td>\n<td width=\"310\">\u00a0SBH-0512-2MD OEK-50-1C<\/td>\n<td width=\"347\">OVF-04-2MC OVF-04-2M OVF-04-2MHC<\/td>\n<\/tr>\n<tr>\n<td>NOC-SP1024-2M NOC-SP1024-2MC NOC-SP1024-2MHC<\/td>\n<td>\u00a0SBH-1024-2MD OEK-200-1C<\/td>\n<td>OVF-05-2MC OVF-05-2M OVF-05-2MHC<\/td>\n<\/tr>\n<tr>\n<td>NOC-SP1200-2M NOC-SP1200-2MC NOC-SP1200-2MHC<\/td>\n<td>\u00a0SBH-4096-2MD OEK-300-1C<\/td>\n<td>OVF-06-2MC OVF-06-2M OVF-06-2MHC<\/td>\n<\/tr>\n<tr>\n<td>NOC-SP1500-2M NOC-SP1500-2MC NOC-SP1500-2MHC<\/td>\n<td>OEK-50-2MC SBH-8192-2MD OEK-100-1C<\/td>\n<td>OVF-1024-2MC OVF-1024-2M OVF-1024-2MHC<\/td>\n<\/tr>\n<tr>\n<td>NOC-SP1800-2M NOC-SP1800-2MC NOC-SP1800-2MHC<\/td>\n<td>OPN-06-2MHT OEK-100-2HC OEK-100-2MHC<\/td>\n<td>OEK-200-2MC SBH-100-2MD OEK-250-1C<\/td>\n<\/tr>\n<tr>\n<td>NOC-SP2000-2M NOC-SP2000-2MC NOC-SP2000-2MHC<\/td>\n<td>OPN-12-2MHT OEK-250-2HC OEK-250-2MHC<\/td>\n<td>OPN-2048-2MHT OEK-50-2HC OEK-50-2MHC<\/td>\n<\/tr>\n<tr>\n<td>NOC-SP2048-2M NOC-SP2048-2MC NOC-SP2048-2MHC<\/td>\n<td>OPN-25-2MHT OEK-360-2HC OEK-360-2MHC<\/td>\n<td>OPN-50-2MHT OEK-200-2HC OEK-200-2MHC<\/td>\n<\/tr>\n<tr>\n<td>NOC-SP2500-2M NOC-SP2500-2MC NOC-SP2500-2MHC<\/td>\n<td>OEK-100-2MC ASC-SP-720-GC SBH-0512-2MT<\/td>\n<td>OPN-03-2MHT OEK-300-2HC OEK-300-2MHC<\/td>\n<\/tr>\n<tr>\n<td>NOC-SP4096-2M NOC-SP4096-2MC NOC-SP4096-2MHC<\/td>\n<td>OEK-250-2MC ASC-SP-10-GC SBH-1024-2MT<\/td>\n<td>OVF-2048-2MC OVF-2048-2M OVF-2048-2MHC<\/td>\n<\/tr>\n<tr>\n<td>NOC-SP5000-2M NOC-SP5000-2MC NOC-SP5000-2MHC<\/td>\n<td>OEK-360-2MC ASC-SP-12-GC SBH-4096-2MT<\/td>\n<td>OVF-25-2MC OVF-25-2M OVF-25-2MHC<\/td>\n<\/tr>\n<tr>\n<td>NOC-SP10000-2M NOC-SP10000-2MC NOC-SP10000-2MHC<\/td>\n<td>OVF-003-2MC OVF-003-2M OVF-003-2MHC<\/td>\n<td>OVF-36-2MC OVF-36-2M OVF-36-2MHC<\/td>\n<\/tr>\n<tr>\n<td>NOC-SP100-2M NOC-SP100-2MC NOC-SP100-2MHC<\/td>\n<td>OVF-005-2MC OVF-005-2M OVF-005-2MHC<\/td>\n<td>NOC-SP30-2M NOC-SP30-2MC NOC-SP30-2MHC<\/td>\n<\/tr>\n<tr>\n<td>NOC-SP120-2M NOC-SP120-2MC NOC-SP120-2MHC<\/td>\n<td>OVF-006-2MC OVF-006-2M OVF-006-2MHC<\/td>\n<td>NOC-SP40-2M NOC-SP40-2MC NOC-SP40-2MHC<\/td>\n<\/tr>\n<tr>\n<td>NOC-SP200-2M NOC-SP200-2MC NOC-SP200-2MHC<\/td>\n<td>OVF-0125-2MC OVF-0125-2M OVF-0125-2MHC<\/td>\n<td>NOC-SP60-2M NOC-SP60-2MC NOC-SP60-2MHC<\/td>\n<\/tr>\n<tr>\n<td>NOC-SP250-2M NOC-SP250-2MC NOC-SP250-2MHC<\/td>\n<td>OVF-025-2MC OVF-025-2M OVF-025-2MHC<\/td>\n<td>OEK-200-2C ASC-SP-720-CP SBH-100-2MT<\/td>\n<\/tr>\n<tr>\n<td>NOC-SP300-2M NOC-SP300-2MC NOC-SP300-2MHC<\/td>\n<td>OVF-0256-2MC OVF-0256-2M OVF-0256-2MHC<\/td>\n<td>SBH-0512-2T SBH-0512-2MT SBH-0512-2MD<\/td>\n<\/tr>\n<tr>\n<td>NOC-SP360-2M NOC-SP360-2MC NOC-SP360-2MHC<\/td>\n<td>OVF-036-2MC OVF-036-2M OVF-036-2MHC<\/td>\n<td>SBH-1024-2T SBH-1024-2MT SBH-1024-2MD<\/td>\n<\/tr>\n<tr>\n<td>NOC-SP400-2M NOC-SP400-2MC NOC-SP400-2MHC<\/td>\n<td>OVF-0512-2MC OVF-0512-2M OVF-0512-2MHC<\/td>\n<td>SBH-4096-2T SBH-4096-2MT SBH-4096-2MD<\/td>\n<\/tr>\n<tr>\n<td>NOC-SP500-2M NOC-SP500-2MC NOC-SP500-2MHC<\/td>\n<td>OVF-02-2MC OVF-02-2M OVF-02-2MHC<\/td>\n<td>SBH-8192-2T SBH-8192-2MT SBH-8192-2MD<\/td>\n<\/tr>\n<tr>\n<td>NOC-SP512-2M NOC-SP512-2MC NOC-SP512-2MHC<\/td>\n<td>OVF-03-2MC OVF-03-2M OVF-03-2MHC<\/td>\n<td>SBH-100-2T SBH-100-2MT SBH-100-2MD<\/td>\n<\/tr>\n<\/tbody>\n<\/table>\n","protected":false},"excerpt":{"rendered":"<p>NEMICON OVW2-036-2MHC-050-00E Gi\u1edbi thi\u1ec7u Encoder Nemicon Encoder Nemicon c\u1ee7a ch\u00fang t\u00f4i, nh\u1edd c\u00f4ng ngh\u1ec7 s\u1ea3n xu\u1ea5t \u0111\u1ed9c \u0111\u00e1o v\u00e0 ch\u00ednh x\u00e1c, hi\u1ec7u su\u1ea5t cao, \u0111\u1ed9 ch\u00ednh x\u00e1c cao v\u00e0 \u0111\u1ec3 \u0111\u1ea1t \u0111\u01b0\u1ee3c chi ph\u00ed th\u1ea5p, \u0111\u00e3 \u0111\u01b0\u1ee3c s\u1eed d\u1ee5ng trong nhi\u1ec1u l\u0129nh v\u1ef1c x\u00e3 h\u1ed9i. C\u1ea7n c\u00f3 thang m\u00e1y c\u1ee7a&hellip; <\/p>\n","protected":false},"featured_media":2941,"comment_status":"open","ping_status":"closed","template":"","meta":[],"product_cat":[379],"product_tag":[174,173,172],"class_list":{"0":"post-2940","1":"product","2":"type-product","3":"status-publish","4":"has-post-thumbnail","6":"product_cat-nemicon","7":"product_tag-bo-ma-hoa","8":"product_tag-dai-ly-nemicon-viet-nam","9":"product_tag-nemicon-viet-nam","11":"first","12":"instock","13":"shipping-taxable","14":"product-type-simple"},"yoast_head":"<!-- This site is optimized with the Yoast SEO plugin v22.8 - https:\/\/yoast.com\/wordpress\/plugins\/seo\/ -->\n<title>NEMICON OVW2-036-2MHC-050-00E - OMANI VI\u1ec6T NAM<\/title>\n<meta name=\"description\" content=\"NEMICON OVW2-036-2MHC-050-00E Encoder\" \/>\n<meta name=\"robots\" content=\"index, follow, max-snippet:-1, max-image-preview:large, max-video-preview:-1\" \/>\n<link rel=\"canonical\" href=\"https:\/\/omanivietnam.com\/index.php\/san-pham\/nemicon-ovw2-036-2mhc-050-00e\/\" \/>\n<meta property=\"og:locale\" content=\"vi_VN\" \/>\n<meta property=\"og:type\" content=\"article\" \/>\n<meta property=\"og:title\" content=\"NEMICON OVW2-036-2MHC-050-00E - OMANI VI\u1ec6T NAM\" \/>\n<meta property=\"og:description\" content=\"NEMICON OVW2-036-2MHC-050-00E Encoder\" \/>\n<meta property=\"og:url\" content=\"https:\/\/omanivietnam.com\/index.php\/san-pham\/nemicon-ovw2-036-2mhc-050-00e\/\" \/>\n<meta property=\"og:site_name\" content=\"OMANI VI\u1ec6T NAM\" \/>\n<meta property=\"article:modified_time\" content=\"2025-05-21T10:19:10+00:00\" \/>\n<meta property=\"og:image\" content=\"https:\/\/omanivietnam.com\/wp-content\/uploads\/2024\/11\/OVW2-036-2MHC.png\" \/>\n\t<meta property=\"og:image:width\" content=\"536\" \/>\n\t<meta property=\"og:image:height\" content=\"262\" \/>\n\t<meta property=\"og:image:type\" content=\"image\/png\" \/>\n<meta name=\"twitter:card\" content=\"summary_large_image\" \/>\n<meta name=\"twitter:label1\" content=\"\u01af\u1edbc t\u00ednh th\u1eddi gian \u0111\u1ecdc\" \/>\n\t<meta name=\"twitter:data1\" content=\"3 ph\u00fat\" \/>\n<script type=\"application\/ld+json\" class=\"yoast-schema-graph\">{\"@context\":\"https:\/\/schema.org\",\"@graph\":[{\"@type\":\"WebPage\",\"@id\":\"https:\/\/omanivietnam.com\/index.php\/san-pham\/nemicon-ovw2-036-2mhc-050-00e\/\",\"url\":\"https:\/\/omanivietnam.com\/index.php\/san-pham\/nemicon-ovw2-036-2mhc-050-00e\/\",\"name\":\"NEMICON OVW2-036-2MHC-050-00E - OMANI VI\u1ec6T NAM\",\"isPartOf\":{\"@id\":\"https:\/\/omanivietnam.com\/#website\"},\"primaryImageOfPage\":{\"@id\":\"https:\/\/omanivietnam.com\/index.php\/san-pham\/nemicon-ovw2-036-2mhc-050-00e\/#primaryimage\"},\"image\":{\"@id\":\"https:\/\/omanivietnam.com\/index.php\/san-pham\/nemicon-ovw2-036-2mhc-050-00e\/#primaryimage\"},\"thumbnailUrl\":\"https:\/\/omanivietnam.com\/wp-content\/uploads\/2024\/11\/OVW2-036-2MHC.png\",\"datePublished\":\"2024-11-28T05:00:41+00:00\",\"dateModified\":\"2025-05-21T10:19:10+00:00\",\"description\":\"NEMICON OVW2-036-2MHC-050-00E Encoder\",\"breadcrumb\":{\"@id\":\"https:\/\/omanivietnam.com\/index.php\/san-pham\/nemicon-ovw2-036-2mhc-050-00e\/#breadcrumb\"},\"inLanguage\":\"vi\",\"potentialAction\":[{\"@type\":\"ReadAction\",\"target\":[\"https:\/\/omanivietnam.com\/index.php\/san-pham\/nemicon-ovw2-036-2mhc-050-00e\/\"]}]},{\"@type\":\"ImageObject\",\"inLanguage\":\"vi\",\"@id\":\"https:\/\/omanivietnam.com\/index.php\/san-pham\/nemicon-ovw2-036-2mhc-050-00e\/#primaryimage\",\"url\":\"https:\/\/omanivietnam.com\/wp-content\/uploads\/2024\/11\/OVW2-036-2MHC.png\",\"contentUrl\":\"https:\/\/omanivietnam.com\/wp-content\/uploads\/2024\/11\/OVW2-036-2MHC.png\",\"width\":536,\"height\":262},{\"@type\":\"BreadcrumbList\",\"@id\":\"https:\/\/omanivietnam.com\/index.php\/san-pham\/nemicon-ovw2-036-2mhc-050-00e\/#breadcrumb\",\"itemListElement\":[{\"@type\":\"ListItem\",\"position\":1,\"name\":\"Home\",\"item\":\"https:\/\/omanivietnam.com\/\"},{\"@type\":\"ListItem\",\"position\":2,\"name\":\"S\u1ea2N PH\u1ea8M\",\"item\":\"https:\/\/omanivietnam.com\/index.php\/cua-hang\/\"},{\"@type\":\"ListItem\",\"position\":3,\"name\":\"NEMICON OVW2-036-2MHC-050-00E\"}]},{\"@type\":\"WebSite\",\"@id\":\"https:\/\/omanivietnam.com\/#website\",\"url\":\"https:\/\/omanivietnam.com\/\",\"name\":\"OMANI VI\u1ec6T NAM\",\"description\":\"Nh\u00e0 ph\u00e2n ph\u1ed1i thi\u1ebft b\u1ecb kh\u00ed n\u00e9n v\u00e0 thi\u1ebft b\u1ecb t\u1ef1 \u0111\u1ed9ng h\u00f3a trong c\u00f4ng nghi\u1ec7p\",\"publisher\":{\"@id\":\"https:\/\/omanivietnam.com\/#\/schema\/person\/0ad398a980dc3fd696111c2c5c8fa897\"},\"potentialAction\":[{\"@type\":\"SearchAction\",\"target\":{\"@type\":\"EntryPoint\",\"urlTemplate\":\"https:\/\/omanivietnam.com\/?s={search_term_string}\"},\"query-input\":\"required name=search_term_string\"}],\"inLanguage\":\"vi\"},{\"@type\":[\"Person\",\"Organization\"],\"@id\":\"https:\/\/omanivietnam.com\/#\/schema\/person\/0ad398a980dc3fd696111c2c5c8fa897\",\"name\":\"Nguy\u1ec5n V\u0103n Kh\u00e1nh\",\"image\":{\"@type\":\"ImageObject\",\"inLanguage\":\"vi\",\"@id\":\"https:\/\/omanivietnam.com\/#\/schema\/person\/image\/\",\"url\":\"https:\/\/omanivietnam.com\/wp-content\/uploads\/2024\/06\/logo-1024x1024.png\",\"contentUrl\":\"https:\/\/omanivietnam.com\/wp-content\/uploads\/2024\/06\/logo-1024x1024.png\",\"width\":1024,\"height\":1024,\"caption\":\"Nguy\u1ec5n V\u0103n Kh\u00e1nh\"},\"logo\":{\"@id\":\"https:\/\/omanivietnam.com\/#\/schema\/person\/image\/\"},\"sameAs\":[\"https:\/\/omanivietnam.com\"]}]}<\/script>\n<!-- \/ Yoast SEO plugin. -->","yoast_head_json":{"title":"NEMICON OVW2-036-2MHC-050-00E - OMANI VI\u1ec6T NAM","description":"NEMICON OVW2-036-2MHC-050-00E Encoder","robots":{"index":"index","follow":"follow","max-snippet":"max-snippet:-1","max-image-preview":"max-image-preview:large","max-video-preview":"max-video-preview:-1"},"canonical":"https:\/\/omanivietnam.com\/index.php\/san-pham\/nemicon-ovw2-036-2mhc-050-00e\/","og_locale":"vi_VN","og_type":"article","og_title":"NEMICON OVW2-036-2MHC-050-00E - OMANI VI\u1ec6T NAM","og_description":"NEMICON OVW2-036-2MHC-050-00E Encoder","og_url":"https:\/\/omanivietnam.com\/index.php\/san-pham\/nemicon-ovw2-036-2mhc-050-00e\/","og_site_name":"OMANI VI\u1ec6T NAM","article_modified_time":"2025-05-21T10:19:10+00:00","og_image":[{"width":536,"height":262,"url":"https:\/\/omanivietnam.com\/wp-content\/uploads\/2024\/11\/OVW2-036-2MHC.png","type":"image\/png"}],"twitter_card":"summary_large_image","twitter_misc":{"\u01af\u1edbc t\u00ednh th\u1eddi gian \u0111\u1ecdc":"3 ph\u00fat"},"schema":{"@context":"https:\/\/schema.org","@graph":[{"@type":"WebPage","@id":"https:\/\/omanivietnam.com\/index.php\/san-pham\/nemicon-ovw2-036-2mhc-050-00e\/","url":"https:\/\/omanivietnam.com\/index.php\/san-pham\/nemicon-ovw2-036-2mhc-050-00e\/","name":"NEMICON OVW2-036-2MHC-050-00E - OMANI VI\u1ec6T NAM","isPartOf":{"@id":"https:\/\/omanivietnam.com\/#website"},"primaryImageOfPage":{"@id":"https:\/\/omanivietnam.com\/index.php\/san-pham\/nemicon-ovw2-036-2mhc-050-00e\/#primaryimage"},"image":{"@id":"https:\/\/omanivietnam.com\/index.php\/san-pham\/nemicon-ovw2-036-2mhc-050-00e\/#primaryimage"},"thumbnailUrl":"https:\/\/omanivietnam.com\/wp-content\/uploads\/2024\/11\/OVW2-036-2MHC.png","datePublished":"2024-11-28T05:00:41+00:00","dateModified":"2025-05-21T10:19:10+00:00","description":"NEMICON OVW2-036-2MHC-050-00E Encoder","breadcrumb":{"@id":"https:\/\/omanivietnam.com\/index.php\/san-pham\/nemicon-ovw2-036-2mhc-050-00e\/#breadcrumb"},"inLanguage":"vi","potentialAction":[{"@type":"ReadAction","target":["https:\/\/omanivietnam.com\/index.php\/san-pham\/nemicon-ovw2-036-2mhc-050-00e\/"]}]},{"@type":"ImageObject","inLanguage":"vi","@id":"https:\/\/omanivietnam.com\/index.php\/san-pham\/nemicon-ovw2-036-2mhc-050-00e\/#primaryimage","url":"https:\/\/omanivietnam.com\/wp-content\/uploads\/2024\/11\/OVW2-036-2MHC.png","contentUrl":"https:\/\/omanivietnam.com\/wp-content\/uploads\/2024\/11\/OVW2-036-2MHC.png","width":536,"height":262},{"@type":"BreadcrumbList","@id":"https:\/\/omanivietnam.com\/index.php\/san-pham\/nemicon-ovw2-036-2mhc-050-00e\/#breadcrumb","itemListElement":[{"@type":"ListItem","position":1,"name":"Home","item":"https:\/\/omanivietnam.com\/"},{"@type":"ListItem","position":2,"name":"S\u1ea2N PH\u1ea8M","item":"https:\/\/omanivietnam.com\/index.php\/cua-hang\/"},{"@type":"ListItem","position":3,"name":"NEMICON OVW2-036-2MHC-050-00E"}]},{"@type":"WebSite","@id":"https:\/\/omanivietnam.com\/#website","url":"https:\/\/omanivietnam.com\/","name":"OMANI VI\u1ec6T NAM","description":"Nh\u00e0 ph\u00e2n ph\u1ed1i thi\u1ebft b\u1ecb kh\u00ed n\u00e9n v\u00e0 thi\u1ebft b\u1ecb t\u1ef1 \u0111\u1ed9ng h\u00f3a trong c\u00f4ng nghi\u1ec7p","publisher":{"@id":"https:\/\/omanivietnam.com\/#\/schema\/person\/0ad398a980dc3fd696111c2c5c8fa897"},"potentialAction":[{"@type":"SearchAction","target":{"@type":"EntryPoint","urlTemplate":"https:\/\/omanivietnam.com\/?s={search_term_string}"},"query-input":"required name=search_term_string"}],"inLanguage":"vi"},{"@type":["Person","Organization"],"@id":"https:\/\/omanivietnam.com\/#\/schema\/person\/0ad398a980dc3fd696111c2c5c8fa897","name":"Nguy\u1ec5n V\u0103n Kh\u00e1nh","image":{"@type":"ImageObject","inLanguage":"vi","@id":"https:\/\/omanivietnam.com\/#\/schema\/person\/image\/","url":"https:\/\/omanivietnam.com\/wp-content\/uploads\/2024\/06\/logo-1024x1024.png","contentUrl":"https:\/\/omanivietnam.com\/wp-content\/uploads\/2024\/06\/logo-1024x1024.png","width":1024,"height":1024,"caption":"Nguy\u1ec5n V\u0103n Kh\u00e1nh"},"logo":{"@id":"https:\/\/omanivietnam.com\/#\/schema\/person\/image\/"},"sameAs":["https:\/\/omanivietnam.com"]}]}},"_links":{"self":[{"href":"https:\/\/omanivietnam.com\/index.php\/wp-json\/wp\/v2\/product\/2940","targetHints":{"allow":["GET"]}}],"collection":[{"href":"https:\/\/omanivietnam.com\/index.php\/wp-json\/wp\/v2\/product"}],"about":[{"href":"https:\/\/omanivietnam.com\/index.php\/wp-json\/wp\/v2\/types\/product"}],"replies":[{"embeddable":true,"href":"https:\/\/omanivietnam.com\/index.php\/wp-json\/wp\/v2\/comments?post=2940"}],"wp:featuredmedia":[{"embeddable":true,"href":"https:\/\/omanivietnam.com\/index.php\/wp-json\/wp\/v2\/media\/2941"}],"wp:attachment":[{"href":"https:\/\/omanivietnam.com\/index.php\/wp-json\/wp\/v2\/media?parent=2940"}],"wp:term":[{"taxonomy":"product_cat","embeddable":true,"href":"https:\/\/omanivietnam.com\/index.php\/wp-json\/wp\/v2\/product_cat?post=2940"},{"taxonomy":"product_tag","embeddable":true,"href":"https:\/\/omanivietnam.com\/index.php\/wp-json\/wp\/v2\/product_tag?post=2940"}],"curies":[{"name":"wp","href":"https:\/\/api.w.org\/{rel}","templated":true}]}}