{"id":2992,"date":"2024-12-04T05:35:05","date_gmt":"2024-12-03T22:35:05","guid":{"rendered":"https:\/\/omanivietnam.com\/?post_type=product&#038;p=2992"},"modified":"2025-04-16T20:29:29","modified_gmt":"2025-04-16T13:29:29","slug":"apex-ab220-080-s2-p2","status":"publish","type":"product","link":"https:\/\/omanivietnam.com\/index.php\/san-pham\/apex-ab220-080-s2-p2\/","title":{"rendered":"APEX AB220-080-S2-P2"},"content":{"rendered":"<p>APEX AB220-080-S2-P2<\/p>\n<div class=\"page-title-wrapper product\"><\/div>\n<div class=\"product attribute overview\">\n<div class=\"value\">\n<p>Powerful, precise, robust, quiet and fast, suitable for all servo applications.The Apex AB series is the Next generation in planetary technology. Highest Precision, Highest Torque and Quiet Operation are provided by 100% optimized Helical Gearing. Straddle Mounted High Precision Bearings Allow for High Radial and Axial Loads.<\/p>\n<p><em><strong>NEW! \u2013 Expanded Ratios -12\/16\/28\/32 and Widened Mounting Capability with AB115A and AB142A<\/strong><\/em><\/p>\n<p>Overview<\/p>\n<ul>\n<li>Output torque T2N : 14 Nm \u2013 2000 Nm<\/li>\n<li>Ratios\n<ul>\n<li>1-stage : 3 \/ 4 \/ 5 \/ 6 \/ 7 \/ 8 \/ 9 \/ 10<\/li>\n<li>2-stage : 12 \/ 15 \/ 16 \/ 20 \/ 25 \/ 28 \/ 30 \/ 32 \/ 35 \/ 40 \/ 45 \/ 50 \/ 60 \/ 70 \/ 80 \/ 90 \/ 100<\/li>\n<\/ul>\n<\/li>\n<li>Low backlash\n<ul>\n<li>1-stage : \u22641 arcmin \/ \u22643 arcmin \/ \u22645 arcmin<\/li>\n<li>2-stage : \u22643 arcmin \/ \u22645 arcmin \/ \u22647 arcmin<\/li>\n<\/ul>\n<\/li>\n<li>High efficiency\n<ul>\n<li>1-stage : \u226597%<\/li>\n<li>2-stage : \u226594%<\/li>\n<\/ul>\n<\/li>\n<li>Easy mount<\/li>\n<li>Low Noise<\/li>\n<li>Compact structure<\/li>\n<li>All sizes available\n<ul>\n<li>\u00a0AB042 \/ AB060 \/ AB060A \/ AB090 \/ AB090A \/ AB115 \/ AB142 \/ AB180 \/ AB220<\/li>\n<\/ul>\n<\/li>\n<\/ul>\n<p>AB220-003-S2-P1<br \/>\nAB220-003-S2-P2 AB220-004-S1-P1<br \/>\nAB220-004-S1-P2 AB220-004-S2-P1<br \/>\nAB220-004-S2-P2<br \/>\nAB220-005-S1-P1 AB220-005-S1-P2<br \/>\nAB220-005-S2-P1 AB220-005-S2-P2<br \/>\nAB220-006-S1-P1<br \/>\nAB220-006-S1-P2<br \/>\nAB220-006-S2-P1<br \/>\nAB220-006-S2-P2<br \/>\nAB220-007-S1-P1<br \/>\nAB220-007-S1-P2<br \/>\nAB220-007-S2-P1<br \/>\nAB220-007-S2-P2<br \/>\nAB220-008-S1-P1<br \/>\nAB220-008-S1-P2<br \/>\nAB220-008-S2-P1<br \/>\nAB220-008-S2-P2<br \/>\nAB220-009-S1-P1<br \/>\nAB220-009-S1-P2<br \/>\nAB220-009-S2-P1<br \/>\nAB220-009-S2-P2<br \/>\nAB220-010-S1-P1<br \/>\nAB220-010-S1-P2<br \/>\nAB220-010-S2-P1<br \/>\nAB220-010-S2-P2<br \/>\nAB220-015-S1-P1<br \/>\nAB220-015-S1-P2<br \/>\nAB220-015-S2-P1<br \/>\nAB220-015-S2-P2<br \/>\nAB220-020-S1-P1<br \/>\nAB220-020-S1-P2<br \/>\nAB220-020-S2-P1<br \/>\nAB220-020-S2-P2<br \/>\nAB220-025-S1-P1<br \/>\nAB220-025-S1-P2<br \/>\nAB220-025-S2-P1<br \/>\nAB220-025-S2-P2<br \/>\nAB220-030-S1-P1<br \/>\nAB220-030-S1-P2<br \/>\nAB220-030-S2-P1<br \/>\nAB220-030-S2-P2<br \/>\nAB220-035-S1-P1<br \/>\nAB220-035-S1-P2<br \/>\nAB220-035-S2-P1<br \/>\nAB220-035-S2-P2<br \/>\nAB220-040-S1-P1<br \/>\nAB220-040-S1-P2<br \/>\nAB220-040-S2-P1<br \/>\nAB220-040-S2-P2<br \/>\nAB220-045-S1-P1<br \/>\nAB220-045-S1-P2<br \/>\nAB220-045-S2-P1<br \/>\nAB220-045-S2-P2<br \/>\nAB220-050-S1-P1<br \/>\nAB220-050-S1-P2<br \/>\nAB220-050-S2-P1<br \/>\nAB220-050-S2-P2<br \/>\nAB220-060-S1-P1<br \/>\nAB220-060-S1-P2<br \/>\nAB220-060-S2-P1<br \/>\nAB220-060-S2-P2<br \/>\nAB220-070-S1-P1<br \/>\nAB220-070-S1-P2<br \/>\nAB220-070-S2-P1<br \/>\nAB220-070-S2-P2<br \/>\nAB220-080-S1-P1<br \/>\nAB220-080-S1-P2<br \/>\nAB220-080-S2-P1<br \/>\nAB220-080-S2-P2<br \/>\nAB220-090-S1-P1<br \/>\nAB220-090-S1-P2<br \/>\nAB220-090-S2-P1<br \/>\nAB220-090-S2-P2<br \/>\nAB220-100-S1-P1<br \/>\nAB220-100-S1-P2<br \/>\nAB220-100-S2-P1<br \/>\nAB220-100-S2-P2<\/p>\n<\/div>\n<\/div>\n","protected":false},"excerpt":{"rendered":"<p>APEX AB220-080-S2-P2 Powerful, precise, robust, quiet and fast, suitable for all servo applications.The Apex AB series is the Next generation in planetary technology. Highest Precision, Highest Torque and Quiet Operation are provided by 100% optimized Helical Gearing. Straddle Mounted High Precision Bearings Allow for High Radial and Axial Loads. NEW!&hellip; <\/p>\n","protected":false},"featured_media":2899,"comment_status":"open","ping_status":"closed","template":"","meta":[],"product_cat":[344],"product_tag":[127,128,129],"class_list":{"0":"post-2992","1":"product","2":"type-product","3":"status-publish","4":"has-post-thumbnail","6":"product_cat-apex","7":"product_tag-apex-viet-nam","8":"product_tag-dai-ly-apex-viet-nam","9":"product_tag-hop-so","11":"first","12":"instock","13":"shipping-taxable","14":"product-type-simple"},"yoast_head":"<!-- This site is optimized with the Yoast SEO plugin v22.8 - https:\/\/yoast.com\/wordpress\/plugins\/seo\/ -->\n<title>APEX AB220-080-S2-P2 - OMANI VI\u1ec6T NAM<\/title>\n<meta name=\"description\" content=\"APEX AB220-080-S2-P2 Gear Box\" \/>\n<meta name=\"robots\" content=\"index, follow, max-snippet:-1, max-image-preview:large, max-video-preview:-1\" \/>\n<link rel=\"canonical\" href=\"https:\/\/omanivietnam.com\/index.php\/san-pham\/apex-ab220-080-s2-p2\/\" \/>\n<meta property=\"og:locale\" content=\"vi_VN\" \/>\n<meta property=\"og:type\" content=\"article\" \/>\n<meta property=\"og:title\" content=\"APEX AB220-080-S2-P2 - OMANI VI\u1ec6T NAM\" \/>\n<meta property=\"og:description\" content=\"APEX AB220-080-S2-P2 Gear Box\" \/>\n<meta property=\"og:url\" content=\"https:\/\/omanivietnam.com\/index.php\/san-pham\/apex-ab220-080-s2-p2\/\" \/>\n<meta property=\"og:site_name\" content=\"OMANI VI\u1ec6T NAM\" \/>\n<meta property=\"article:modified_time\" content=\"2025-04-16T13:29:29+00:00\" \/>\n<meta property=\"og:image\" content=\"https:\/\/omanivietnam.com\/wp-content\/uploads\/2024\/11\/AB.png\" \/>\n\t<meta property=\"og:image:width\" content=\"509\" \/>\n\t<meta property=\"og:image:height\" content=\"352\" \/>\n\t<meta property=\"og:image:type\" content=\"image\/png\" \/>\n<meta name=\"twitter:card\" content=\"summary_large_image\" \/>\n<meta name=\"twitter:label1\" content=\"\u01af\u1edbc t\u00ednh th\u1eddi gian \u0111\u1ecdc\" \/>\n\t<meta name=\"twitter:data1\" content=\"2 ph\u00fat\" \/>\n<script type=\"application\/ld+json\" class=\"yoast-schema-graph\">{\"@context\":\"https:\/\/schema.org\",\"@graph\":[{\"@type\":\"WebPage\",\"@id\":\"https:\/\/omanivietnam.com\/index.php\/san-pham\/apex-ab220-080-s2-p2\/\",\"url\":\"https:\/\/omanivietnam.com\/index.php\/san-pham\/apex-ab220-080-s2-p2\/\",\"name\":\"APEX AB220-080-S2-P2 - OMANI VI\u1ec6T NAM\",\"isPartOf\":{\"@id\":\"https:\/\/omanivietnam.com\/#website\"},\"primaryImageOfPage\":{\"@id\":\"https:\/\/omanivietnam.com\/index.php\/san-pham\/apex-ab220-080-s2-p2\/#primaryimage\"},\"image\":{\"@id\":\"https:\/\/omanivietnam.com\/index.php\/san-pham\/apex-ab220-080-s2-p2\/#primaryimage\"},\"thumbnailUrl\":\"https:\/\/omanivietnam.com\/wp-content\/uploads\/2024\/11\/AB.png\",\"datePublished\":\"2024-12-03T22:35:05+00:00\",\"dateModified\":\"2025-04-16T13:29:29+00:00\",\"description\":\"APEX AB220-080-S2-P2 Gear Box\",\"breadcrumb\":{\"@id\":\"https:\/\/omanivietnam.com\/index.php\/san-pham\/apex-ab220-080-s2-p2\/#breadcrumb\"},\"inLanguage\":\"vi\",\"potentialAction\":[{\"@type\":\"ReadAction\",\"target\":[\"https:\/\/omanivietnam.com\/index.php\/san-pham\/apex-ab220-080-s2-p2\/\"]}]},{\"@type\":\"ImageObject\",\"inLanguage\":\"vi\",\"@id\":\"https:\/\/omanivietnam.com\/index.php\/san-pham\/apex-ab220-080-s2-p2\/#primaryimage\",\"url\":\"https:\/\/omanivietnam.com\/wp-content\/uploads\/2024\/11\/AB.png\",\"contentUrl\":\"https:\/\/omanivietnam.com\/wp-content\/uploads\/2024\/11\/AB.png\",\"width\":509,\"height\":352},{\"@type\":\"BreadcrumbList\",\"@id\":\"https:\/\/omanivietnam.com\/index.php\/san-pham\/apex-ab220-080-s2-p2\/#breadcrumb\",\"itemListElement\":[{\"@type\":\"ListItem\",\"position\":1,\"name\":\"Home\",\"item\":\"https:\/\/omanivietnam.com\/\"},{\"@type\":\"ListItem\",\"position\":2,\"name\":\"S\u1ea2N PH\u1ea8M\",\"item\":\"https:\/\/omanivietnam.com\/index.php\/cua-hang\/\"},{\"@type\":\"ListItem\",\"position\":3,\"name\":\"APEX AB220-080-S2-P2\"}]},{\"@type\":\"WebSite\",\"@id\":\"https:\/\/omanivietnam.com\/#website\",\"url\":\"https:\/\/omanivietnam.com\/\",\"name\":\"OMANI VI\u1ec6T NAM\",\"description\":\"Nh\u00e0 ph\u00e2n ph\u1ed1i thi\u1ebft b\u1ecb kh\u00ed n\u00e9n v\u00e0 thi\u1ebft b\u1ecb t\u1ef1 \u0111\u1ed9ng h\u00f3a trong c\u00f4ng nghi\u1ec7p\",\"publisher\":{\"@id\":\"https:\/\/omanivietnam.com\/#\/schema\/person\/0ad398a980dc3fd696111c2c5c8fa897\"},\"potentialAction\":[{\"@type\":\"SearchAction\",\"target\":{\"@type\":\"EntryPoint\",\"urlTemplate\":\"https:\/\/omanivietnam.com\/?s={search_term_string}\"},\"query-input\":\"required name=search_term_string\"}],\"inLanguage\":\"vi\"},{\"@type\":[\"Person\",\"Organization\"],\"@id\":\"https:\/\/omanivietnam.com\/#\/schema\/person\/0ad398a980dc3fd696111c2c5c8fa897\",\"name\":\"Nguy\u1ec5n V\u0103n Kh\u00e1nh\",\"image\":{\"@type\":\"ImageObject\",\"inLanguage\":\"vi\",\"@id\":\"https:\/\/omanivietnam.com\/#\/schema\/person\/image\/\",\"url\":\"https:\/\/omanivietnam.com\/wp-content\/uploads\/2024\/06\/logo-1024x1024.png\",\"contentUrl\":\"https:\/\/omanivietnam.com\/wp-content\/uploads\/2024\/06\/logo-1024x1024.png\",\"width\":1024,\"height\":1024,\"caption\":\"Nguy\u1ec5n V\u0103n Kh\u00e1nh\"},\"logo\":{\"@id\":\"https:\/\/omanivietnam.com\/#\/schema\/person\/image\/\"},\"sameAs\":[\"https:\/\/omanivietnam.com\"]}]}<\/script>\n<!-- \/ Yoast SEO plugin. -->","yoast_head_json":{"title":"APEX AB220-080-S2-P2 - OMANI VI\u1ec6T NAM","description":"APEX AB220-080-S2-P2 Gear Box","robots":{"index":"index","follow":"follow","max-snippet":"max-snippet:-1","max-image-preview":"max-image-preview:large","max-video-preview":"max-video-preview:-1"},"canonical":"https:\/\/omanivietnam.com\/index.php\/san-pham\/apex-ab220-080-s2-p2\/","og_locale":"vi_VN","og_type":"article","og_title":"APEX AB220-080-S2-P2 - OMANI VI\u1ec6T NAM","og_description":"APEX AB220-080-S2-P2 Gear Box","og_url":"https:\/\/omanivietnam.com\/index.php\/san-pham\/apex-ab220-080-s2-p2\/","og_site_name":"OMANI VI\u1ec6T NAM","article_modified_time":"2025-04-16T13:29:29+00:00","og_image":[{"width":509,"height":352,"url":"https:\/\/omanivietnam.com\/wp-content\/uploads\/2024\/11\/AB.png","type":"image\/png"}],"twitter_card":"summary_large_image","twitter_misc":{"\u01af\u1edbc t\u00ednh th\u1eddi gian \u0111\u1ecdc":"2 ph\u00fat"},"schema":{"@context":"https:\/\/schema.org","@graph":[{"@type":"WebPage","@id":"https:\/\/omanivietnam.com\/index.php\/san-pham\/apex-ab220-080-s2-p2\/","url":"https:\/\/omanivietnam.com\/index.php\/san-pham\/apex-ab220-080-s2-p2\/","name":"APEX AB220-080-S2-P2 - OMANI VI\u1ec6T NAM","isPartOf":{"@id":"https:\/\/omanivietnam.com\/#website"},"primaryImageOfPage":{"@id":"https:\/\/omanivietnam.com\/index.php\/san-pham\/apex-ab220-080-s2-p2\/#primaryimage"},"image":{"@id":"https:\/\/omanivietnam.com\/index.php\/san-pham\/apex-ab220-080-s2-p2\/#primaryimage"},"thumbnailUrl":"https:\/\/omanivietnam.com\/wp-content\/uploads\/2024\/11\/AB.png","datePublished":"2024-12-03T22:35:05+00:00","dateModified":"2025-04-16T13:29:29+00:00","description":"APEX AB220-080-S2-P2 Gear Box","breadcrumb":{"@id":"https:\/\/omanivietnam.com\/index.php\/san-pham\/apex-ab220-080-s2-p2\/#breadcrumb"},"inLanguage":"vi","potentialAction":[{"@type":"ReadAction","target":["https:\/\/omanivietnam.com\/index.php\/san-pham\/apex-ab220-080-s2-p2\/"]}]},{"@type":"ImageObject","inLanguage":"vi","@id":"https:\/\/omanivietnam.com\/index.php\/san-pham\/apex-ab220-080-s2-p2\/#primaryimage","url":"https:\/\/omanivietnam.com\/wp-content\/uploads\/2024\/11\/AB.png","contentUrl":"https:\/\/omanivietnam.com\/wp-content\/uploads\/2024\/11\/AB.png","width":509,"height":352},{"@type":"BreadcrumbList","@id":"https:\/\/omanivietnam.com\/index.php\/san-pham\/apex-ab220-080-s2-p2\/#breadcrumb","itemListElement":[{"@type":"ListItem","position":1,"name":"Home","item":"https:\/\/omanivietnam.com\/"},{"@type":"ListItem","position":2,"name":"S\u1ea2N PH\u1ea8M","item":"https:\/\/omanivietnam.com\/index.php\/cua-hang\/"},{"@type":"ListItem","position":3,"name":"APEX AB220-080-S2-P2"}]},{"@type":"WebSite","@id":"https:\/\/omanivietnam.com\/#website","url":"https:\/\/omanivietnam.com\/","name":"OMANI VI\u1ec6T NAM","description":"Nh\u00e0 ph\u00e2n ph\u1ed1i thi\u1ebft b\u1ecb kh\u00ed n\u00e9n v\u00e0 thi\u1ebft b\u1ecb t\u1ef1 \u0111\u1ed9ng h\u00f3a trong c\u00f4ng nghi\u1ec7p","publisher":{"@id":"https:\/\/omanivietnam.com\/#\/schema\/person\/0ad398a980dc3fd696111c2c5c8fa897"},"potentialAction":[{"@type":"SearchAction","target":{"@type":"EntryPoint","urlTemplate":"https:\/\/omanivietnam.com\/?s={search_term_string}"},"query-input":"required name=search_term_string"}],"inLanguage":"vi"},{"@type":["Person","Organization"],"@id":"https:\/\/omanivietnam.com\/#\/schema\/person\/0ad398a980dc3fd696111c2c5c8fa897","name":"Nguy\u1ec5n V\u0103n Kh\u00e1nh","image":{"@type":"ImageObject","inLanguage":"vi","@id":"https:\/\/omanivietnam.com\/#\/schema\/person\/image\/","url":"https:\/\/omanivietnam.com\/wp-content\/uploads\/2024\/06\/logo-1024x1024.png","contentUrl":"https:\/\/omanivietnam.com\/wp-content\/uploads\/2024\/06\/logo-1024x1024.png","width":1024,"height":1024,"caption":"Nguy\u1ec5n V\u0103n Kh\u00e1nh"},"logo":{"@id":"https:\/\/omanivietnam.com\/#\/schema\/person\/image\/"},"sameAs":["https:\/\/omanivietnam.com"]}]}},"_links":{"self":[{"href":"https:\/\/omanivietnam.com\/index.php\/wp-json\/wp\/v2\/product\/2992","targetHints":{"allow":["GET"]}}],"collection":[{"href":"https:\/\/omanivietnam.com\/index.php\/wp-json\/wp\/v2\/product"}],"about":[{"href":"https:\/\/omanivietnam.com\/index.php\/wp-json\/wp\/v2\/types\/product"}],"replies":[{"embeddable":true,"href":"https:\/\/omanivietnam.com\/index.php\/wp-json\/wp\/v2\/comments?post=2992"}],"wp:featuredmedia":[{"embeddable":true,"href":"https:\/\/omanivietnam.com\/index.php\/wp-json\/wp\/v2\/media\/2899"}],"wp:attachment":[{"href":"https:\/\/omanivietnam.com\/index.php\/wp-json\/wp\/v2\/media?parent=2992"}],"wp:term":[{"taxonomy":"product_cat","embeddable":true,"href":"https:\/\/omanivietnam.com\/index.php\/wp-json\/wp\/v2\/product_cat?post=2992"},{"taxonomy":"product_tag","embeddable":true,"href":"https:\/\/omanivietnam.com\/index.php\/wp-json\/wp\/v2\/product_tag?post=2992"}],"curies":[{"name":"wp","href":"https:\/\/api.w.org\/{rel}","templated":true}]}}