{"id":3013,"date":"2024-12-08T09:33:40","date_gmt":"2024-12-08T02:33:40","guid":{"rendered":"https:\/\/omanivietnam.com\/?post_type=product&#038;p=3013"},"modified":"2024-12-08T09:33:40","modified_gmt":"2024-12-08T02:33:40","slug":"panasonic-muma022p1a","status":"publish","type":"product","link":"https:\/\/omanivietnam.com\/index.php\/san-pham\/panasonic-muma022p1a\/","title":{"rendered":"PANASONIC MUMA022P1A"},"content":{"rendered":"<p>PANASONIC MUMA022P1A<\/p>\n<h2 class=\"title-product item_name\">Servo motor Panasonic MUMA022P1S<\/h2>\n<h3>1. Servo motor MUMA022P1S:<\/h3>\n<div>\n<div>M\u1ed9t ph\u1ea7n s\u1ed1 MUMA022P1S<\/div>\n<div>Lo\u1ea1i h\u00ecnh qu\u00e1n t\u00ednh c\u1ef1c th\u1ea5p<\/div>\n<div>l\u1edbp b\u1ea3o v\u1ec7 IP65<\/div>\n<div>Gi\u1edbi thi\u1ec7u v\u1ec1 Bao v\u00e2y Ngo\u1ea1i tr\u1eeb ph\u1ea7n quay c\u1ee7a tr\u1ee5c \u0111\u1ea7u ra v\u00e0 \u0111\u1ea7u d\u00e2y d\u1eabn.<\/div>\n<div>\u0110i\u1ec1u ki\u1ec7n m\u00f4i tr\u01b0\u1eddng \u0110\u1ec3 bi\u1ebft th\u00eam chi ti\u1ebft, vui l\u00f2ng tham kh\u1ea3o h\u01b0\u1edbng d\u1eabn s\u1eed d\u1ee5ng.<\/div>\n<div>Th\u00f4ng s\u1ed1 \u0111i\u1ec7n \u00e1p (V) 200<\/div>\n<div>C\u00f4ng su\u1ea5t \u0111\u1ecbnh m\u1ee9c (W) 200<\/div>\n<div>D\u00f2ng \u0111i\u1ec7n \u0111\u1ecbnh m\u1ee9c (A (rms)) 1.6<\/div>\n<div>Gi\u1eef phanh kh\u00f4ng c\u00f3<\/div>\n<div>Kh\u1ed1i l\u01b0\u1ee3ng (kg) 0,96<\/div>\n<div>con d\u1ea5u d\u1ea7u kh\u00f4ng c\u00f3<\/div>\n<div>tr\u1ee5c Key-way, trung t\u00e2m v\u00f2i<\/div>\n<div>M\u00f4-men xo\u1eafn \u0111\u1ecbnh m\u1ee9c (N \u22c5 m) 0,64<\/div>\n<div>T\u1ed1i \u0111a nh\u1ea5t th\u1eddi m\u00f4-men xo\u1eafn c\u1ef1c \u0111\u1ea1i (N \u22c5 m) 1,91<\/div>\n<\/div>\n<h3>2. C\u00e1c m\u00e3 h\u00e0ng t\u01b0\u01a1ng \u0111\u01b0\u01a1ng Servo motor\u00a0MUMA022P1S:<\/h3>\n<div>MUMA022A31S<br \/>\nMUMA022A32S<br \/>\nMUMA022A33S<br \/>\nMUMA022A34S<br \/>\nMUMA022A41S<br \/>\nMUMA022A42S<br \/>\nMUMA022A43S<br \/>\nMUMA022A44S<br \/>\nMUMA022A51L<br \/>\nMUMA022A52L<br \/>\nMUMA022A53L<br \/>\nMUMA022A54L<br \/>\nMUMA022A61L<br \/>\nMUMA022A62L<br \/>\nMUMA022A63L<br \/>\nMUMA022A64L<br \/>\nMUMA022P1S<br \/>\nMUMA022P1T<\/div>\n","protected":false},"excerpt":{"rendered":"<p>PANASONIC MUMA022P1A Servo motor Panasonic MUMA022P1S 1. Servo motor MUMA022P1S: M\u1ed9t ph\u1ea7n s\u1ed1 MUMA022P1S Lo\u1ea1i h\u00ecnh qu\u00e1n t\u00ednh c\u1ef1c th\u1ea5p l\u1edbp b\u1ea3o v\u1ec7 IP65 Gi\u1edbi thi\u1ec7u v\u1ec1 Bao v\u00e2y Ngo\u1ea1i tr\u1eeb ph\u1ea7n quay c\u1ee7a tr\u1ee5c \u0111\u1ea7u ra v\u00e0 \u0111\u1ea7u d\u00e2y d\u1eabn. \u0110i\u1ec1u ki\u1ec7n m\u00f4i tr\u01b0\u1eddng \u0110\u1ec3 bi\u1ebft th\u00eam chi ti\u1ebft,&hellip; <\/p>\n","protected":false},"featured_media":3014,"comment_status":"open","ping_status":"closed","template":"","meta":[],"product_cat":[298],"product_tag":[86,120,87],"class_list":{"0":"post-3013","1":"product","2":"type-product","3":"status-publish","4":"has-post-thumbnail","6":"product_cat-panasonic","7":"product_tag-dai-ly-panasonic-viet-nam","8":"product_tag-dong-co","9":"product_tag-panasonic-viet-nam","11":"first","12":"instock","13":"shipping-taxable","14":"product-type-simple"},"yoast_head":"<!-- This site is optimized with the Yoast SEO plugin v22.8 - https:\/\/yoast.com\/wordpress\/plugins\/seo\/ -->\n<title>PANASONIC MUMA022P1A - OMANI VI\u1ec6T NAM<\/title>\n<meta name=\"robots\" content=\"index, follow, max-snippet:-1, max-image-preview:large, max-video-preview:-1\" \/>\n<link rel=\"canonical\" href=\"https:\/\/omanivietnam.com\/index.php\/san-pham\/panasonic-muma022p1a\/\" \/>\n<meta property=\"og:locale\" content=\"vi_VN\" \/>\n<meta property=\"og:type\" content=\"article\" \/>\n<meta property=\"og:title\" content=\"PANASONIC MUMA022P1A - OMANI VI\u1ec6T NAM\" \/>\n<meta property=\"og:description\" content=\"PANASONIC MUMA022P1A Servo motor Panasonic MUMA022P1S 1. Servo motor MUMA022P1S: M\u1ed9t ph\u1ea7n s\u1ed1 MUMA022P1S Lo\u1ea1i h\u00ecnh qu\u00e1n t\u00ednh c\u1ef1c th\u1ea5p l\u1edbp b\u1ea3o v\u1ec7 IP65 Gi\u1edbi thi\u1ec7u v\u1ec1 Bao v\u00e2y Ngo\u1ea1i tr\u1eeb ph\u1ea7n quay c\u1ee7a tr\u1ee5c \u0111\u1ea7u ra v\u00e0 \u0111\u1ea7u d\u00e2y d\u1eabn. \u0110i\u1ec1u ki\u1ec7n m\u00f4i tr\u01b0\u1eddng \u0110\u1ec3 bi\u1ebft th\u00eam chi ti\u1ebft,&hellip;\" \/>\n<meta property=\"og:url\" content=\"https:\/\/omanivietnam.com\/index.php\/san-pham\/panasonic-muma022p1a\/\" \/>\n<meta property=\"og:site_name\" content=\"OMANI VI\u1ec6T NAM\" \/>\n<meta property=\"og:image\" content=\"https:\/\/omanivietnam.com\/wp-content\/uploads\/2024\/12\/MUMA022P1S.png\" \/>\n\t<meta property=\"og:image:width\" content=\"664\" \/>\n\t<meta property=\"og:image:height\" content=\"252\" \/>\n\t<meta property=\"og:image:type\" content=\"image\/png\" \/>\n<meta name=\"twitter:card\" content=\"summary_large_image\" \/>\n<meta name=\"twitter:label1\" content=\"\u01af\u1edbc t\u00ednh th\u1eddi gian \u0111\u1ecdc\" \/>\n\t<meta name=\"twitter:data1\" content=\"1 ph\u00fat\" \/>\n<script type=\"application\/ld+json\" class=\"yoast-schema-graph\">{\"@context\":\"https:\/\/schema.org\",\"@graph\":[{\"@type\":\"WebPage\",\"@id\":\"https:\/\/omanivietnam.com\/index.php\/san-pham\/panasonic-muma022p1a\/\",\"url\":\"https:\/\/omanivietnam.com\/index.php\/san-pham\/panasonic-muma022p1a\/\",\"name\":\"PANASONIC MUMA022P1A - OMANI VI\u1ec6T NAM\",\"isPartOf\":{\"@id\":\"https:\/\/omanivietnam.com\/#website\"},\"primaryImageOfPage\":{\"@id\":\"https:\/\/omanivietnam.com\/index.php\/san-pham\/panasonic-muma022p1a\/#primaryimage\"},\"image\":{\"@id\":\"https:\/\/omanivietnam.com\/index.php\/san-pham\/panasonic-muma022p1a\/#primaryimage\"},\"thumbnailUrl\":\"https:\/\/omanivietnam.com\/wp-content\/uploads\/2024\/12\/MUMA022P1S.png\",\"datePublished\":\"2024-12-08T02:33:40+00:00\",\"dateModified\":\"2024-12-08T02:33:40+00:00\",\"breadcrumb\":{\"@id\":\"https:\/\/omanivietnam.com\/index.php\/san-pham\/panasonic-muma022p1a\/#breadcrumb\"},\"inLanguage\":\"vi\",\"potentialAction\":[{\"@type\":\"ReadAction\",\"target\":[\"https:\/\/omanivietnam.com\/index.php\/san-pham\/panasonic-muma022p1a\/\"]}]},{\"@type\":\"ImageObject\",\"inLanguage\":\"vi\",\"@id\":\"https:\/\/omanivietnam.com\/index.php\/san-pham\/panasonic-muma022p1a\/#primaryimage\",\"url\":\"https:\/\/omanivietnam.com\/wp-content\/uploads\/2024\/12\/MUMA022P1S.png\",\"contentUrl\":\"https:\/\/omanivietnam.com\/wp-content\/uploads\/2024\/12\/MUMA022P1S.png\",\"width\":664,\"height\":252},{\"@type\":\"BreadcrumbList\",\"@id\":\"https:\/\/omanivietnam.com\/index.php\/san-pham\/panasonic-muma022p1a\/#breadcrumb\",\"itemListElement\":[{\"@type\":\"ListItem\",\"position\":1,\"name\":\"Home\",\"item\":\"https:\/\/omanivietnam.com\/\"},{\"@type\":\"ListItem\",\"position\":2,\"name\":\"S\u1ea2N PH\u1ea8M\",\"item\":\"https:\/\/omanivietnam.com\/index.php\/cua-hang\/\"},{\"@type\":\"ListItem\",\"position\":3,\"name\":\"PANASONIC MUMA022P1A\"}]},{\"@type\":\"WebSite\",\"@id\":\"https:\/\/omanivietnam.com\/#website\",\"url\":\"https:\/\/omanivietnam.com\/\",\"name\":\"OMANI VI\u1ec6T NAM\",\"description\":\"Nh\u00e0 ph\u00e2n ph\u1ed1i thi\u1ebft b\u1ecb kh\u00ed n\u00e9n v\u00e0 thi\u1ebft b\u1ecb t\u1ef1 \u0111\u1ed9ng h\u00f3a trong c\u00f4ng nghi\u1ec7p\",\"publisher\":{\"@id\":\"https:\/\/omanivietnam.com\/#\/schema\/person\/0ad398a980dc3fd696111c2c5c8fa897\"},\"potentialAction\":[{\"@type\":\"SearchAction\",\"target\":{\"@type\":\"EntryPoint\",\"urlTemplate\":\"https:\/\/omanivietnam.com\/?s={search_term_string}\"},\"query-input\":\"required name=search_term_string\"}],\"inLanguage\":\"vi\"},{\"@type\":[\"Person\",\"Organization\"],\"@id\":\"https:\/\/omanivietnam.com\/#\/schema\/person\/0ad398a980dc3fd696111c2c5c8fa897\",\"name\":\"Nguy\u1ec5n V\u0103n Kh\u00e1nh\",\"image\":{\"@type\":\"ImageObject\",\"inLanguage\":\"vi\",\"@id\":\"https:\/\/omanivietnam.com\/#\/schema\/person\/image\/\",\"url\":\"https:\/\/omanivietnam.com\/wp-content\/uploads\/2024\/06\/logo-1024x1024.png\",\"contentUrl\":\"https:\/\/omanivietnam.com\/wp-content\/uploads\/2024\/06\/logo-1024x1024.png\",\"width\":1024,\"height\":1024,\"caption\":\"Nguy\u1ec5n V\u0103n Kh\u00e1nh\"},\"logo\":{\"@id\":\"https:\/\/omanivietnam.com\/#\/schema\/person\/image\/\"},\"sameAs\":[\"https:\/\/omanivietnam.com\"]}]}<\/script>\n<!-- \/ Yoast SEO plugin. -->","yoast_head_json":{"title":"PANASONIC MUMA022P1A - OMANI VI\u1ec6T NAM","robots":{"index":"index","follow":"follow","max-snippet":"max-snippet:-1","max-image-preview":"max-image-preview:large","max-video-preview":"max-video-preview:-1"},"canonical":"https:\/\/omanivietnam.com\/index.php\/san-pham\/panasonic-muma022p1a\/","og_locale":"vi_VN","og_type":"article","og_title":"PANASONIC MUMA022P1A - OMANI VI\u1ec6T NAM","og_description":"PANASONIC MUMA022P1A Servo motor Panasonic MUMA022P1S 1. Servo motor MUMA022P1S: M\u1ed9t ph\u1ea7n s\u1ed1 MUMA022P1S Lo\u1ea1i h\u00ecnh qu\u00e1n t\u00ednh c\u1ef1c th\u1ea5p l\u1edbp b\u1ea3o v\u1ec7 IP65 Gi\u1edbi thi\u1ec7u v\u1ec1 Bao v\u00e2y Ngo\u1ea1i tr\u1eeb ph\u1ea7n quay c\u1ee7a tr\u1ee5c \u0111\u1ea7u ra v\u00e0 \u0111\u1ea7u d\u00e2y d\u1eabn. \u0110i\u1ec1u ki\u1ec7n m\u00f4i tr\u01b0\u1eddng \u0110\u1ec3 bi\u1ebft th\u00eam chi ti\u1ebft,&hellip;","og_url":"https:\/\/omanivietnam.com\/index.php\/san-pham\/panasonic-muma022p1a\/","og_site_name":"OMANI VI\u1ec6T NAM","og_image":[{"width":664,"height":252,"url":"https:\/\/omanivietnam.com\/wp-content\/uploads\/2024\/12\/MUMA022P1S.png","type":"image\/png"}],"twitter_card":"summary_large_image","twitter_misc":{"\u01af\u1edbc t\u00ednh th\u1eddi gian \u0111\u1ecdc":"1 ph\u00fat"},"schema":{"@context":"https:\/\/schema.org","@graph":[{"@type":"WebPage","@id":"https:\/\/omanivietnam.com\/index.php\/san-pham\/panasonic-muma022p1a\/","url":"https:\/\/omanivietnam.com\/index.php\/san-pham\/panasonic-muma022p1a\/","name":"PANASONIC MUMA022P1A - OMANI VI\u1ec6T NAM","isPartOf":{"@id":"https:\/\/omanivietnam.com\/#website"},"primaryImageOfPage":{"@id":"https:\/\/omanivietnam.com\/index.php\/san-pham\/panasonic-muma022p1a\/#primaryimage"},"image":{"@id":"https:\/\/omanivietnam.com\/index.php\/san-pham\/panasonic-muma022p1a\/#primaryimage"},"thumbnailUrl":"https:\/\/omanivietnam.com\/wp-content\/uploads\/2024\/12\/MUMA022P1S.png","datePublished":"2024-12-08T02:33:40+00:00","dateModified":"2024-12-08T02:33:40+00:00","breadcrumb":{"@id":"https:\/\/omanivietnam.com\/index.php\/san-pham\/panasonic-muma022p1a\/#breadcrumb"},"inLanguage":"vi","potentialAction":[{"@type":"ReadAction","target":["https:\/\/omanivietnam.com\/index.php\/san-pham\/panasonic-muma022p1a\/"]}]},{"@type":"ImageObject","inLanguage":"vi","@id":"https:\/\/omanivietnam.com\/index.php\/san-pham\/panasonic-muma022p1a\/#primaryimage","url":"https:\/\/omanivietnam.com\/wp-content\/uploads\/2024\/12\/MUMA022P1S.png","contentUrl":"https:\/\/omanivietnam.com\/wp-content\/uploads\/2024\/12\/MUMA022P1S.png","width":664,"height":252},{"@type":"BreadcrumbList","@id":"https:\/\/omanivietnam.com\/index.php\/san-pham\/panasonic-muma022p1a\/#breadcrumb","itemListElement":[{"@type":"ListItem","position":1,"name":"Home","item":"https:\/\/omanivietnam.com\/"},{"@type":"ListItem","position":2,"name":"S\u1ea2N PH\u1ea8M","item":"https:\/\/omanivietnam.com\/index.php\/cua-hang\/"},{"@type":"ListItem","position":3,"name":"PANASONIC MUMA022P1A"}]},{"@type":"WebSite","@id":"https:\/\/omanivietnam.com\/#website","url":"https:\/\/omanivietnam.com\/","name":"OMANI VI\u1ec6T NAM","description":"Nh\u00e0 ph\u00e2n ph\u1ed1i thi\u1ebft b\u1ecb kh\u00ed n\u00e9n v\u00e0 thi\u1ebft b\u1ecb t\u1ef1 \u0111\u1ed9ng h\u00f3a trong c\u00f4ng nghi\u1ec7p","publisher":{"@id":"https:\/\/omanivietnam.com\/#\/schema\/person\/0ad398a980dc3fd696111c2c5c8fa897"},"potentialAction":[{"@type":"SearchAction","target":{"@type":"EntryPoint","urlTemplate":"https:\/\/omanivietnam.com\/?s={search_term_string}"},"query-input":"required name=search_term_string"}],"inLanguage":"vi"},{"@type":["Person","Organization"],"@id":"https:\/\/omanivietnam.com\/#\/schema\/person\/0ad398a980dc3fd696111c2c5c8fa897","name":"Nguy\u1ec5n V\u0103n Kh\u00e1nh","image":{"@type":"ImageObject","inLanguage":"vi","@id":"https:\/\/omanivietnam.com\/#\/schema\/person\/image\/","url":"https:\/\/omanivietnam.com\/wp-content\/uploads\/2024\/06\/logo-1024x1024.png","contentUrl":"https:\/\/omanivietnam.com\/wp-content\/uploads\/2024\/06\/logo-1024x1024.png","width":1024,"height":1024,"caption":"Nguy\u1ec5n V\u0103n Kh\u00e1nh"},"logo":{"@id":"https:\/\/omanivietnam.com\/#\/schema\/person\/image\/"},"sameAs":["https:\/\/omanivietnam.com"]}]}},"_links":{"self":[{"href":"https:\/\/omanivietnam.com\/index.php\/wp-json\/wp\/v2\/product\/3013","targetHints":{"allow":["GET"]}}],"collection":[{"href":"https:\/\/omanivietnam.com\/index.php\/wp-json\/wp\/v2\/product"}],"about":[{"href":"https:\/\/omanivietnam.com\/index.php\/wp-json\/wp\/v2\/types\/product"}],"replies":[{"embeddable":true,"href":"https:\/\/omanivietnam.com\/index.php\/wp-json\/wp\/v2\/comments?post=3013"}],"wp:featuredmedia":[{"embeddable":true,"href":"https:\/\/omanivietnam.com\/index.php\/wp-json\/wp\/v2\/media\/3014"}],"wp:attachment":[{"href":"https:\/\/omanivietnam.com\/index.php\/wp-json\/wp\/v2\/media?parent=3013"}],"wp:term":[{"taxonomy":"product_cat","embeddable":true,"href":"https:\/\/omanivietnam.com\/index.php\/wp-json\/wp\/v2\/product_cat?post=3013"},{"taxonomy":"product_tag","embeddable":true,"href":"https:\/\/omanivietnam.com\/index.php\/wp-json\/wp\/v2\/product_tag?post=3013"}],"curies":[{"name":"wp","href":"https:\/\/api.w.org\/{rel}","templated":true}]}}