{"id":3055,"date":"2024-12-25T11:30:26","date_gmt":"2024-12-25T04:30:26","guid":{"rendered":"https:\/\/omanivietnam.com\/?post_type=product&#038;p=3055"},"modified":"2025-01-28T14:10:01","modified_gmt":"2025-01-28T07:10:01","slug":"nordson-pn-460246-2","status":"publish","type":"product","link":"https:\/\/omanivietnam.com\/index.php\/san-pham\/nordson-pn-460246-2\/","title":{"rendered":"NORDSON PN 460246"},"content":{"rendered":"<p>NORDSON PN 460246<\/p>\n<p>Nordson 460246 Solenoid Vlave<\/p>\n<p>PN: 460246<\/p>\n<p>3\/2 Ways<\/p>\n<p>24V \/ 2.5W<\/p>\n<p class=\"productView-title\">Nordson\u24c7 460246, Solenoid Valve 24V\/2.5W NC<\/p>\n<h2>About Solenoid Valve P\/N 460246<\/h2>\n<p>The Solenoid Valve P\/N 460246 is a critical component in various industrial systems, designed for precise control of fluid and gas flow. Known for its reliability and durability, this solenoid valve is ideal for a wide range of applications, including automation systems, manufacturing processes, and fluid control systems.<\/p>\n<h2>Applications of Solenoid Valve P\/N 460246<\/h2>\n<p>The Solenoid Valve P\/N 460246 is extensively used in industries that require accurate and consistent control of fluids and gases. It is particularly effective in high-demand environments such as:<\/p>\n<ul>\n<li>Automotive manufacturing<\/li>\n<li>Packaging industries<\/li>\n<li>Food and beverage processing<\/li>\n<li>Pharmaceutical manufacturing<\/li>\n<li>HVAC systems<\/li>\n<\/ul>\n<h2>Benefits of Using Solenoid Valve P\/N 460246<\/h2>\n<p>Choosing the Solenoid Valve P\/N 460246 from STT System Industry offers several advantages:<\/p>\n<ul>\n<li>Enhanced control precision, ensuring optimal performance of fluid and gas systems.<\/li>\n<li>Increased operational efficiency with reliable and consistent performance.<\/li>\n<li>Reduced maintenance costs due to robust construction and long-lasting durability.<\/li>\n<li>Compatibility with major OEM systems, ensuring seamless integration into existing setups.<\/li>\n<\/ul>\n<p>C\u00e1c m\u00e3 h\u00e0ng t\u01b0\u01a1ng t\u1ef1<\/p>\n<p>NORDSON 939586<br \/>\nNORDSON 1039110<br \/>\nNORDSON 937277<br \/>\nNORDSON 1013730<br \/>\nNORDSON 460246 DC24V<\/p>\n<p>NORDSON 1052927<br \/>\nNORDSON 1015820<br \/>\nNORDSON 322014<br \/>\nNORDSON 1007373<br \/>\nNORDSON 1028305<\/p>\n<p>Nordson 7162080<\/p>\n<p>Nordson 7162090<\/p>\n<p>Nordson 7157157<\/p>\n<p>Nordson 7161679<\/p>\n<p>Nordson 71620407<\/p>\n<p>Nordson 106955<\/p>\n<p>\u0110\u1ea1i l\u00fd NORDSON vietnam, NORDSON viet nam, NORDSON vietnam distributor, Ph\u00e2n ph\u1ed1i NORDSON t\u1ea1i vi\u1ec7t nam<\/p>\n<p>\u0110\u1ea1i l\u00fd NORDSON vietnam, NORDSON viet nam, NORDSON vietnam distributor, Ph\u00e2n ph\u1ed1i NORDSON t\u1ea1i vi\u1ec7t nam<\/p>\n<p>\u0110\u1ea1i l\u00fd NORDSON vietnam, NORDSON viet nam, NORDSON vietnam distributor, Ph\u00e2n ph\u1ed1i NORDSON t\u1ea1i vi\u1ec7t nam<\/p>\n<p>\u0110\u1ea1i l\u00fd NORDSON vietnam, NORDSON viet nam, NORDSON vietnam distributor, Ph\u00e2n ph\u1ed1i NORDSON t\u1ea1i vi\u1ec7t nam<\/p>\n<p>\u0110\u1ea1i l\u00fd NORDSON vietnam, NORDSON viet nam, NORDSON vietnam distributor, Ph\u00e2n ph\u1ed1i NORDSON t\u1ea1i vi\u1ec7t nam<\/p>\n<p>&nbsp;<\/p>\n","protected":false},"excerpt":{"rendered":"<p>NORDSON PN 460246 Nordson 460246 Solenoid Vlave PN: 460246 3\/2 Ways 24V \/ 2.5W Nordson\u24c7 460246, Solenoid Valve 24V\/2.5W NC About Solenoid Valve P\/N 460246 The Solenoid Valve P\/N 460246 is a critical component in various industrial systems, designed for precise control of fluid and gas flow. Known for its&hellip; <\/p>\n","protected":false},"featured_media":3056,"comment_status":"open","ping_status":"closed","template":"","meta":[],"product_cat":[296],"product_tag":[280,279,102],"class_list":{"0":"post-3055","1":"product","2":"type-product","3":"status-publish","4":"has-post-thumbnail","6":"product_cat-nordson","7":"product_tag-dai-ly-nordson-viet-nam","8":"product_tag-nordson-viet-nam","9":"product_tag-van-khi-nen","11":"first","12":"instock","13":"shipping-taxable","14":"product-type-simple"},"yoast_head":"<!-- This site is optimized with the Yoast SEO plugin v22.8 - https:\/\/yoast.com\/wordpress\/plugins\/seo\/ -->\n<title>NORDSON PN 460246 - OMANI VI\u1ec6T NAM<\/title>\n<meta name=\"description\" content=\"460246 Solenoid Valve by NORDSON\" \/>\n<meta name=\"robots\" content=\"index, follow, max-snippet:-1, max-image-preview:large, max-video-preview:-1\" \/>\n<link rel=\"canonical\" href=\"https:\/\/omanivietnam.com\/index.php\/san-pham\/nordson-pn-460246-2\/\" \/>\n<meta property=\"og:locale\" content=\"vi_VN\" \/>\n<meta property=\"og:type\" content=\"article\" \/>\n<meta property=\"og:title\" content=\"NORDSON PN 460246 - OMANI VI\u1ec6T NAM\" \/>\n<meta property=\"og:description\" content=\"460246 Solenoid Valve by NORDSON\" \/>\n<meta property=\"og:url\" content=\"https:\/\/omanivietnam.com\/index.php\/san-pham\/nordson-pn-460246-2\/\" \/>\n<meta property=\"og:site_name\" content=\"OMANI VI\u1ec6T NAM\" \/>\n<meta property=\"article:modified_time\" content=\"2025-01-28T07:10:01+00:00\" \/>\n<meta property=\"og:image\" content=\"https:\/\/omanivietnam.com\/wp-content\/uploads\/2024\/12\/460246.png\" \/>\n\t<meta property=\"og:image:width\" content=\"652\" \/>\n\t<meta property=\"og:image:height\" content=\"712\" \/>\n\t<meta property=\"og:image:type\" content=\"image\/png\" \/>\n<meta name=\"twitter:card\" content=\"summary_large_image\" \/>\n<meta name=\"twitter:label1\" content=\"\u01af\u1edbc t\u00ednh th\u1eddi gian \u0111\u1ecdc\" \/>\n\t<meta name=\"twitter:data1\" content=\"2 ph\u00fat\" \/>\n<script type=\"application\/ld+json\" class=\"yoast-schema-graph\">{\"@context\":\"https:\/\/schema.org\",\"@graph\":[{\"@type\":\"WebPage\",\"@id\":\"https:\/\/omanivietnam.com\/index.php\/san-pham\/nordson-pn-460246-2\/\",\"url\":\"https:\/\/omanivietnam.com\/index.php\/san-pham\/nordson-pn-460246-2\/\",\"name\":\"NORDSON PN 460246 - OMANI VI\u1ec6T NAM\",\"isPartOf\":{\"@id\":\"https:\/\/omanivietnam.com\/#website\"},\"primaryImageOfPage\":{\"@id\":\"https:\/\/omanivietnam.com\/index.php\/san-pham\/nordson-pn-460246-2\/#primaryimage\"},\"image\":{\"@id\":\"https:\/\/omanivietnam.com\/index.php\/san-pham\/nordson-pn-460246-2\/#primaryimage\"},\"thumbnailUrl\":\"https:\/\/omanivietnam.com\/wp-content\/uploads\/2024\/12\/460246.png\",\"datePublished\":\"2024-12-25T04:30:26+00:00\",\"dateModified\":\"2025-01-28T07:10:01+00:00\",\"description\":\"460246 Solenoid Valve by NORDSON\",\"breadcrumb\":{\"@id\":\"https:\/\/omanivietnam.com\/index.php\/san-pham\/nordson-pn-460246-2\/#breadcrumb\"},\"inLanguage\":\"vi\",\"potentialAction\":[{\"@type\":\"ReadAction\",\"target\":[\"https:\/\/omanivietnam.com\/index.php\/san-pham\/nordson-pn-460246-2\/\"]}]},{\"@type\":\"ImageObject\",\"inLanguage\":\"vi\",\"@id\":\"https:\/\/omanivietnam.com\/index.php\/san-pham\/nordson-pn-460246-2\/#primaryimage\",\"url\":\"https:\/\/omanivietnam.com\/wp-content\/uploads\/2024\/12\/460246.png\",\"contentUrl\":\"https:\/\/omanivietnam.com\/wp-content\/uploads\/2024\/12\/460246.png\",\"width\":652,\"height\":712},{\"@type\":\"BreadcrumbList\",\"@id\":\"https:\/\/omanivietnam.com\/index.php\/san-pham\/nordson-pn-460246-2\/#breadcrumb\",\"itemListElement\":[{\"@type\":\"ListItem\",\"position\":1,\"name\":\"Home\",\"item\":\"https:\/\/omanivietnam.com\/\"},{\"@type\":\"ListItem\",\"position\":2,\"name\":\"S\u1ea2N PH\u1ea8M\",\"item\":\"https:\/\/omanivietnam.com\/index.php\/cua-hang\/\"},{\"@type\":\"ListItem\",\"position\":3,\"name\":\"NORDSON PN 460246\"}]},{\"@type\":\"WebSite\",\"@id\":\"https:\/\/omanivietnam.com\/#website\",\"url\":\"https:\/\/omanivietnam.com\/\",\"name\":\"OMANI VI\u1ec6T NAM\",\"description\":\"Nh\u00e0 ph\u00e2n ph\u1ed1i thi\u1ebft b\u1ecb kh\u00ed n\u00e9n v\u00e0 thi\u1ebft b\u1ecb t\u1ef1 \u0111\u1ed9ng h\u00f3a trong c\u00f4ng nghi\u1ec7p\",\"publisher\":{\"@id\":\"https:\/\/omanivietnam.com\/#\/schema\/person\/0ad398a980dc3fd696111c2c5c8fa897\"},\"potentialAction\":[{\"@type\":\"SearchAction\",\"target\":{\"@type\":\"EntryPoint\",\"urlTemplate\":\"https:\/\/omanivietnam.com\/?s={search_term_string}\"},\"query-input\":\"required name=search_term_string\"}],\"inLanguage\":\"vi\"},{\"@type\":[\"Person\",\"Organization\"],\"@id\":\"https:\/\/omanivietnam.com\/#\/schema\/person\/0ad398a980dc3fd696111c2c5c8fa897\",\"name\":\"Nguy\u1ec5n V\u0103n Kh\u00e1nh\",\"image\":{\"@type\":\"ImageObject\",\"inLanguage\":\"vi\",\"@id\":\"https:\/\/omanivietnam.com\/#\/schema\/person\/image\/\",\"url\":\"https:\/\/omanivietnam.com\/wp-content\/uploads\/2024\/06\/logo-1024x1024.png\",\"contentUrl\":\"https:\/\/omanivietnam.com\/wp-content\/uploads\/2024\/06\/logo-1024x1024.png\",\"width\":1024,\"height\":1024,\"caption\":\"Nguy\u1ec5n V\u0103n Kh\u00e1nh\"},\"logo\":{\"@id\":\"https:\/\/omanivietnam.com\/#\/schema\/person\/image\/\"},\"sameAs\":[\"https:\/\/omanivietnam.com\"]}]}<\/script>\n<!-- \/ Yoast SEO plugin. -->","yoast_head_json":{"title":"NORDSON PN 460246 - OMANI VI\u1ec6T NAM","description":"460246 Solenoid Valve by NORDSON","robots":{"index":"index","follow":"follow","max-snippet":"max-snippet:-1","max-image-preview":"max-image-preview:large","max-video-preview":"max-video-preview:-1"},"canonical":"https:\/\/omanivietnam.com\/index.php\/san-pham\/nordson-pn-460246-2\/","og_locale":"vi_VN","og_type":"article","og_title":"NORDSON PN 460246 - OMANI VI\u1ec6T NAM","og_description":"460246 Solenoid Valve by NORDSON","og_url":"https:\/\/omanivietnam.com\/index.php\/san-pham\/nordson-pn-460246-2\/","og_site_name":"OMANI VI\u1ec6T NAM","article_modified_time":"2025-01-28T07:10:01+00:00","og_image":[{"width":652,"height":712,"url":"https:\/\/omanivietnam.com\/wp-content\/uploads\/2024\/12\/460246.png","type":"image\/png"}],"twitter_card":"summary_large_image","twitter_misc":{"\u01af\u1edbc t\u00ednh th\u1eddi gian \u0111\u1ecdc":"2 ph\u00fat"},"schema":{"@context":"https:\/\/schema.org","@graph":[{"@type":"WebPage","@id":"https:\/\/omanivietnam.com\/index.php\/san-pham\/nordson-pn-460246-2\/","url":"https:\/\/omanivietnam.com\/index.php\/san-pham\/nordson-pn-460246-2\/","name":"NORDSON PN 460246 - OMANI VI\u1ec6T NAM","isPartOf":{"@id":"https:\/\/omanivietnam.com\/#website"},"primaryImageOfPage":{"@id":"https:\/\/omanivietnam.com\/index.php\/san-pham\/nordson-pn-460246-2\/#primaryimage"},"image":{"@id":"https:\/\/omanivietnam.com\/index.php\/san-pham\/nordson-pn-460246-2\/#primaryimage"},"thumbnailUrl":"https:\/\/omanivietnam.com\/wp-content\/uploads\/2024\/12\/460246.png","datePublished":"2024-12-25T04:30:26+00:00","dateModified":"2025-01-28T07:10:01+00:00","description":"460246 Solenoid Valve by NORDSON","breadcrumb":{"@id":"https:\/\/omanivietnam.com\/index.php\/san-pham\/nordson-pn-460246-2\/#breadcrumb"},"inLanguage":"vi","potentialAction":[{"@type":"ReadAction","target":["https:\/\/omanivietnam.com\/index.php\/san-pham\/nordson-pn-460246-2\/"]}]},{"@type":"ImageObject","inLanguage":"vi","@id":"https:\/\/omanivietnam.com\/index.php\/san-pham\/nordson-pn-460246-2\/#primaryimage","url":"https:\/\/omanivietnam.com\/wp-content\/uploads\/2024\/12\/460246.png","contentUrl":"https:\/\/omanivietnam.com\/wp-content\/uploads\/2024\/12\/460246.png","width":652,"height":712},{"@type":"BreadcrumbList","@id":"https:\/\/omanivietnam.com\/index.php\/san-pham\/nordson-pn-460246-2\/#breadcrumb","itemListElement":[{"@type":"ListItem","position":1,"name":"Home","item":"https:\/\/omanivietnam.com\/"},{"@type":"ListItem","position":2,"name":"S\u1ea2N PH\u1ea8M","item":"https:\/\/omanivietnam.com\/index.php\/cua-hang\/"},{"@type":"ListItem","position":3,"name":"NORDSON PN 460246"}]},{"@type":"WebSite","@id":"https:\/\/omanivietnam.com\/#website","url":"https:\/\/omanivietnam.com\/","name":"OMANI VI\u1ec6T NAM","description":"Nh\u00e0 ph\u00e2n ph\u1ed1i thi\u1ebft b\u1ecb kh\u00ed n\u00e9n v\u00e0 thi\u1ebft b\u1ecb t\u1ef1 \u0111\u1ed9ng h\u00f3a trong c\u00f4ng nghi\u1ec7p","publisher":{"@id":"https:\/\/omanivietnam.com\/#\/schema\/person\/0ad398a980dc3fd696111c2c5c8fa897"},"potentialAction":[{"@type":"SearchAction","target":{"@type":"EntryPoint","urlTemplate":"https:\/\/omanivietnam.com\/?s={search_term_string}"},"query-input":"required name=search_term_string"}],"inLanguage":"vi"},{"@type":["Person","Organization"],"@id":"https:\/\/omanivietnam.com\/#\/schema\/person\/0ad398a980dc3fd696111c2c5c8fa897","name":"Nguy\u1ec5n V\u0103n Kh\u00e1nh","image":{"@type":"ImageObject","inLanguage":"vi","@id":"https:\/\/omanivietnam.com\/#\/schema\/person\/image\/","url":"https:\/\/omanivietnam.com\/wp-content\/uploads\/2024\/06\/logo-1024x1024.png","contentUrl":"https:\/\/omanivietnam.com\/wp-content\/uploads\/2024\/06\/logo-1024x1024.png","width":1024,"height":1024,"caption":"Nguy\u1ec5n V\u0103n Kh\u00e1nh"},"logo":{"@id":"https:\/\/omanivietnam.com\/#\/schema\/person\/image\/"},"sameAs":["https:\/\/omanivietnam.com"]}]}},"_links":{"self":[{"href":"https:\/\/omanivietnam.com\/index.php\/wp-json\/wp\/v2\/product\/3055","targetHints":{"allow":["GET"]}}],"collection":[{"href":"https:\/\/omanivietnam.com\/index.php\/wp-json\/wp\/v2\/product"}],"about":[{"href":"https:\/\/omanivietnam.com\/index.php\/wp-json\/wp\/v2\/types\/product"}],"replies":[{"embeddable":true,"href":"https:\/\/omanivietnam.com\/index.php\/wp-json\/wp\/v2\/comments?post=3055"}],"wp:featuredmedia":[{"embeddable":true,"href":"https:\/\/omanivietnam.com\/index.php\/wp-json\/wp\/v2\/media\/3056"}],"wp:attachment":[{"href":"https:\/\/omanivietnam.com\/index.php\/wp-json\/wp\/v2\/media?parent=3055"}],"wp:term":[{"taxonomy":"product_cat","embeddable":true,"href":"https:\/\/omanivietnam.com\/index.php\/wp-json\/wp\/v2\/product_cat?post=3055"},{"taxonomy":"product_tag","embeddable":true,"href":"https:\/\/omanivietnam.com\/index.php\/wp-json\/wp\/v2\/product_tag?post=3055"}],"curies":[{"name":"wp","href":"https:\/\/api.w.org\/{rel}","templated":true}]}}