{"id":3057,"date":"2024-12-25T12:03:10","date_gmt":"2024-12-25T05:03:10","guid":{"rendered":"https:\/\/omanivietnam.com\/?post_type=product&#038;p=3057"},"modified":"2025-01-28T14:08:51","modified_gmt":"2025-01-28T07:08:51","slug":"nordson-pn-7403311","status":"publish","type":"product","link":"https:\/\/omanivietnam.com\/index.php\/san-pham\/nordson-pn-7403311\/","title":{"rendered":"NORDSON PN 7403311"},"content":{"rendered":"<p>NORDSON PN 7403311<\/p>\n<p>7403311 m\u00e0n h\u00ecnh c\u1ea3m \u1ee9ng Nordson,<\/p>\n<p>MODULE LCD giao di\u1ec7n ng\u01b0\u1eddi-m\u00e1y Giao di\u1ec7n \u0111i\u1ec1u khi\u1ec3n m\u00e0n h\u00ecnh c\u1ea3m \u1ee9ng 7 inch \u0111\u01b0\u1ee3c s\u1eed d\u1ee5ng c\u00f3 ch\u1ee9c n\u0103ng gi\u00e1m s\u00e1t m\u1ee9c ch\u1ea5t l\u1ecfng, c\u00f3 th\u1ec3 c\u1ea3nh b\u00e1o ng\u01b0\u1eddi d\u00f9ng khi l\u01b0\u1ee3ng keo d\u01b0 gi\u1ea3m xu\u1ed1ng d\u01b0\u1edbi gi\u00e1 tr\u1ecb \u0111\u1eb7t tr\u01b0\u1edbc. B\u1ed9 \u0111i\u1ec1u khi\u1ec3n c\u0169ng cho ph\u00e9p ng\u01b0\u1eddi v\u1eadn h\u00e0nh theo d\u00f5i nhi\u1ec7t \u0111\u1ed9 s\u00fang b\u1eafn keo v\u00e0 tr\u1ea1ng th\u00e1i h\u1ec7 th\u1ed1ng t\u1ed5ng th\u1ec3 tr\u1ef1c ti\u1ebfp t\u1eeb m\u00e0n h\u00ecnh ch\u00ednh. Van \u0111i\u1ec7n t\u1eeb \u0111\u01b0\u1ee3c thi\u1ebft k\u1ebf \u0111\u1eb7c bi\u1ec7t cho c\u00e1c thi\u1ebft b\u1ecb n\u00f3ng ch\u1ea3y b\u1eb1ng kh\u00ed n\u00e9n c\u1ee7a Nordson v\u00e0 c\u00f3 c\u00e1c b\u1ed9 ph\u1eadn v\u00e0 v\u00f2ng \u0111\u1ec7m nhi\u1ec7t \u0111\u1ed9 cao. C\u00e1c van th\u00ed \u0111i\u1ec3m 3 chi\u1ec1u v\u00e0 4 chi\u1ec1u n\u00e0y c\u00f3 kh\u1ea3 n\u0103ng truy\u1ec1n l\u1ef1c \u0111\u1ea3o chi\u1ec1u theo c\u1ea3 hai h\u01b0\u1edbng \u0111\u1ec3 \u0111\u1ea3o chi\u1ec1u kh\u00f4ng c\u00f3 l\u1ef1c c\u1ea3n, th\u1eddi gian ph\u1ea3n h\u1ed3i nh\u1ea5t qu\u00e1n v\u00e0 t\u0103ng \u0111\u1ed9 tin c\u1eady. Van \u0111i\u1ec7n t\u1eeb t\u1ed1c \u0111\u1ed9 cao Saturn SP c\u00f3 th\u1eddi gian chu k\u1ef3 2ms v\u00e0 kh\u00f4ng c\u1ea7n k\u00edch ho\u1ea1t \u0111\u1ed9t bi\u1ebfn, mang l\u1ea1i tu\u1ed5i th\u1ecd cao v\u00e0 ho\u1ea1t \u0111\u1ed9ng \u1ed5n \u0111\u1ecbnh. Van \u0111i\u1ec7n t\u1eeb nh\u1ecf g\u1ecdn Saturn SD mang l\u1ea1i hi\u1ec7u su\u1ea5t tuy\u1ec7t v\u1eddi trong kh\u00f4ng gian m\u00e1y h\u1ea1n ch\u1ebf. Van \u0111i\u1ec7n t\u1eeb d\u00f2ng cao Saturn SG c\u00f3 l\u1ef1c \u0111\u1ea3o chi\u1ec1u m\u1ea1nh v\u00e0 b\u1ec1n b\u1ec9 trong m\u00f4i tr\u01b0\u1eddng kh\u1eafc nghi\u1ec7t, gi\u00fap ph\u00e1t huy t\u1ed1i \u0111a hi\u1ec7u qu\u1ea3 c\u1ee7a s\u00fang b\u1eafn keo c\u1ee7a b\u1ea1n.<\/p>\n<p>&nbsp;<\/p>\n<p>C\u00e1c m\u00e3 h\u00e0ng t\u01b0\u01a1ng t\u1ef1<\/p>\n<p>NORDSON 939586<br \/>\nNORDSON 1039110<br \/>\nNORDSON 937277<br \/>\nNORDSON 1013730<br \/>\nNORDSON 460246 DC24V<\/p>\n<p>NORDSON 1052927<br \/>\nNORDSON 1015820<br \/>\nNORDSON 322014<br \/>\nNORDSON 1007373<br \/>\nNORDSON 1028305<\/p>\n<p>Nordson 7162080<\/p>\n<p>Nordson 7162090<\/p>\n<p>Nordson 7157157<\/p>\n<p>Nordson 7161679<\/p>\n<p>Nordson 71620407<\/p>\n<p>Nordson 106955<\/p>\n<p>\u0110\u1ea1i l\u00fd NORDSON vietnam, NORDSON viet nam, NORDSON vietnam distributor, Ph\u00e2n ph\u1ed1i NORDSON t\u1ea1i vi\u1ec7t nam<\/p>\n<p>\u0110\u1ea1i l\u00fd NORDSON vietnam, NORDSON viet nam, NORDSON vietnam distributor, Ph\u00e2n ph\u1ed1i NORDSON t\u1ea1i vi\u1ec7t nam<\/p>\n<p>\u0110\u1ea1i l\u00fd NORDSON vietnam, NORDSON viet nam, NORDSON vietnam distributor, Ph\u00e2n ph\u1ed1i NORDSON t\u1ea1i vi\u1ec7t nam<\/p>\n<p>\u0110\u1ea1i l\u00fd NORDSON vietnam, NORDSON viet nam, NORDSON vietnam distributor, Ph\u00e2n ph\u1ed1i NORDSON t\u1ea1i vi\u1ec7t nam<\/p>\n<p>\u0110\u1ea1i l\u00fd NORDSON vietnam, NORDSON viet nam, NORDSON vietnam distributor, Ph\u00e2n ph\u1ed1i NORDSON t\u1ea1i vi\u1ec7t nam<\/p>\n<p>&nbsp;<\/p>\n","protected":false},"excerpt":{"rendered":"<p>NORDSON PN 7403311 7403311 m\u00e0n h\u00ecnh c\u1ea3m \u1ee9ng Nordson, MODULE LCD giao di\u1ec7n ng\u01b0\u1eddi-m\u00e1y Giao di\u1ec7n \u0111i\u1ec1u khi\u1ec3n m\u00e0n h\u00ecnh c\u1ea3m \u1ee9ng 7 inch \u0111\u01b0\u1ee3c s\u1eed d\u1ee5ng c\u00f3 ch\u1ee9c n\u0103ng gi\u00e1m s\u00e1t m\u1ee9c ch\u1ea5t l\u1ecfng, c\u00f3 th\u1ec3 c\u1ea3nh b\u00e1o ng\u01b0\u1eddi d\u00f9ng khi l\u01b0\u1ee3ng keo d\u01b0 gi\u1ea3m xu\u1ed1ng d\u01b0\u1edbi gi\u00e1 tr\u1ecb&hellip; <\/p>\n","protected":false},"featured_media":3058,"comment_status":"open","ping_status":"closed","template":"","meta":[],"product_cat":[296],"product_tag":[280,212,279],"class_list":{"0":"post-3057","1":"product","2":"type-product","3":"status-publish","4":"has-post-thumbnail","6":"product_cat-nordson","7":"product_tag-dai-ly-nordson-viet-nam","8":"product_tag-man-hinh","9":"product_tag-nordson-viet-nam","11":"first","12":"instock","13":"shipping-taxable","14":"product-type-simple"},"yoast_head":"<!-- This site is optimized with the Yoast SEO plugin v22.8 - https:\/\/yoast.com\/wordpress\/plugins\/seo\/ -->\n<title>NORDSON PN 7403311 - OMANI VI\u1ec6T NAM<\/title>\n<meta name=\"description\" content=\"Nordson 7403311 touch screen\" \/>\n<meta name=\"robots\" content=\"index, follow, max-snippet:-1, max-image-preview:large, max-video-preview:-1\" \/>\n<link rel=\"canonical\" href=\"https:\/\/omanivietnam.com\/index.php\/san-pham\/nordson-pn-7403311\/\" \/>\n<meta property=\"og:locale\" content=\"vi_VN\" \/>\n<meta property=\"og:type\" content=\"article\" \/>\n<meta property=\"og:title\" content=\"NORDSON PN 7403311 - OMANI VI\u1ec6T NAM\" \/>\n<meta property=\"og:description\" content=\"Nordson 7403311 touch screen\" \/>\n<meta property=\"og:url\" content=\"https:\/\/omanivietnam.com\/index.php\/san-pham\/nordson-pn-7403311\/\" \/>\n<meta property=\"og:site_name\" content=\"OMANI VI\u1ec6T NAM\" \/>\n<meta property=\"article:modified_time\" content=\"2025-01-28T07:08:51+00:00\" \/>\n<meta property=\"og:image\" content=\"https:\/\/omanivietnam.com\/wp-content\/uploads\/2024\/12\/PN-7403311.png\" \/>\n\t<meta property=\"og:image:width\" content=\"674\" \/>\n\t<meta property=\"og:image:height\" content=\"409\" \/>\n\t<meta property=\"og:image:type\" content=\"image\/png\" \/>\n<meta name=\"twitter:card\" content=\"summary_large_image\" \/>\n<meta name=\"twitter:label1\" content=\"\u01af\u1edbc t\u00ednh th\u1eddi gian \u0111\u1ecdc\" \/>\n\t<meta name=\"twitter:data1\" content=\"3 ph\u00fat\" \/>\n<script type=\"application\/ld+json\" class=\"yoast-schema-graph\">{\"@context\":\"https:\/\/schema.org\",\"@graph\":[{\"@type\":\"WebPage\",\"@id\":\"https:\/\/omanivietnam.com\/index.php\/san-pham\/nordson-pn-7403311\/\",\"url\":\"https:\/\/omanivietnam.com\/index.php\/san-pham\/nordson-pn-7403311\/\",\"name\":\"NORDSON PN 7403311 - OMANI VI\u1ec6T NAM\",\"isPartOf\":{\"@id\":\"https:\/\/omanivietnam.com\/#website\"},\"primaryImageOfPage\":{\"@id\":\"https:\/\/omanivietnam.com\/index.php\/san-pham\/nordson-pn-7403311\/#primaryimage\"},\"image\":{\"@id\":\"https:\/\/omanivietnam.com\/index.php\/san-pham\/nordson-pn-7403311\/#primaryimage\"},\"thumbnailUrl\":\"https:\/\/omanivietnam.com\/wp-content\/uploads\/2024\/12\/PN-7403311.png\",\"datePublished\":\"2024-12-25T05:03:10+00:00\",\"dateModified\":\"2025-01-28T07:08:51+00:00\",\"description\":\"Nordson 7403311 touch screen\",\"breadcrumb\":{\"@id\":\"https:\/\/omanivietnam.com\/index.php\/san-pham\/nordson-pn-7403311\/#breadcrumb\"},\"inLanguage\":\"vi\",\"potentialAction\":[{\"@type\":\"ReadAction\",\"target\":[\"https:\/\/omanivietnam.com\/index.php\/san-pham\/nordson-pn-7403311\/\"]}]},{\"@type\":\"ImageObject\",\"inLanguage\":\"vi\",\"@id\":\"https:\/\/omanivietnam.com\/index.php\/san-pham\/nordson-pn-7403311\/#primaryimage\",\"url\":\"https:\/\/omanivietnam.com\/wp-content\/uploads\/2024\/12\/PN-7403311.png\",\"contentUrl\":\"https:\/\/omanivietnam.com\/wp-content\/uploads\/2024\/12\/PN-7403311.png\",\"width\":674,\"height\":409},{\"@type\":\"BreadcrumbList\",\"@id\":\"https:\/\/omanivietnam.com\/index.php\/san-pham\/nordson-pn-7403311\/#breadcrumb\",\"itemListElement\":[{\"@type\":\"ListItem\",\"position\":1,\"name\":\"Home\",\"item\":\"https:\/\/omanivietnam.com\/\"},{\"@type\":\"ListItem\",\"position\":2,\"name\":\"S\u1ea2N PH\u1ea8M\",\"item\":\"https:\/\/omanivietnam.com\/index.php\/cua-hang\/\"},{\"@type\":\"ListItem\",\"position\":3,\"name\":\"NORDSON PN 7403311\"}]},{\"@type\":\"WebSite\",\"@id\":\"https:\/\/omanivietnam.com\/#website\",\"url\":\"https:\/\/omanivietnam.com\/\",\"name\":\"OMANI VI\u1ec6T NAM\",\"description\":\"Nh\u00e0 ph\u00e2n ph\u1ed1i thi\u1ebft b\u1ecb kh\u00ed n\u00e9n v\u00e0 thi\u1ebft b\u1ecb t\u1ef1 \u0111\u1ed9ng h\u00f3a trong c\u00f4ng nghi\u1ec7p\",\"publisher\":{\"@id\":\"https:\/\/omanivietnam.com\/#\/schema\/person\/0ad398a980dc3fd696111c2c5c8fa897\"},\"potentialAction\":[{\"@type\":\"SearchAction\",\"target\":{\"@type\":\"EntryPoint\",\"urlTemplate\":\"https:\/\/omanivietnam.com\/?s={search_term_string}\"},\"query-input\":\"required name=search_term_string\"}],\"inLanguage\":\"vi\"},{\"@type\":[\"Person\",\"Organization\"],\"@id\":\"https:\/\/omanivietnam.com\/#\/schema\/person\/0ad398a980dc3fd696111c2c5c8fa897\",\"name\":\"Nguy\u1ec5n V\u0103n Kh\u00e1nh\",\"image\":{\"@type\":\"ImageObject\",\"inLanguage\":\"vi\",\"@id\":\"https:\/\/omanivietnam.com\/#\/schema\/person\/image\/\",\"url\":\"https:\/\/omanivietnam.com\/wp-content\/uploads\/2024\/06\/logo-1024x1024.png\",\"contentUrl\":\"https:\/\/omanivietnam.com\/wp-content\/uploads\/2024\/06\/logo-1024x1024.png\",\"width\":1024,\"height\":1024,\"caption\":\"Nguy\u1ec5n V\u0103n Kh\u00e1nh\"},\"logo\":{\"@id\":\"https:\/\/omanivietnam.com\/#\/schema\/person\/image\/\"},\"sameAs\":[\"https:\/\/omanivietnam.com\"]}]}<\/script>\n<!-- \/ Yoast SEO plugin. -->","yoast_head_json":{"title":"NORDSON PN 7403311 - OMANI VI\u1ec6T NAM","description":"Nordson 7403311 touch screen","robots":{"index":"index","follow":"follow","max-snippet":"max-snippet:-1","max-image-preview":"max-image-preview:large","max-video-preview":"max-video-preview:-1"},"canonical":"https:\/\/omanivietnam.com\/index.php\/san-pham\/nordson-pn-7403311\/","og_locale":"vi_VN","og_type":"article","og_title":"NORDSON PN 7403311 - OMANI VI\u1ec6T NAM","og_description":"Nordson 7403311 touch screen","og_url":"https:\/\/omanivietnam.com\/index.php\/san-pham\/nordson-pn-7403311\/","og_site_name":"OMANI VI\u1ec6T NAM","article_modified_time":"2025-01-28T07:08:51+00:00","og_image":[{"width":674,"height":409,"url":"https:\/\/omanivietnam.com\/wp-content\/uploads\/2024\/12\/PN-7403311.png","type":"image\/png"}],"twitter_card":"summary_large_image","twitter_misc":{"\u01af\u1edbc t\u00ednh th\u1eddi gian \u0111\u1ecdc":"3 ph\u00fat"},"schema":{"@context":"https:\/\/schema.org","@graph":[{"@type":"WebPage","@id":"https:\/\/omanivietnam.com\/index.php\/san-pham\/nordson-pn-7403311\/","url":"https:\/\/omanivietnam.com\/index.php\/san-pham\/nordson-pn-7403311\/","name":"NORDSON PN 7403311 - OMANI VI\u1ec6T NAM","isPartOf":{"@id":"https:\/\/omanivietnam.com\/#website"},"primaryImageOfPage":{"@id":"https:\/\/omanivietnam.com\/index.php\/san-pham\/nordson-pn-7403311\/#primaryimage"},"image":{"@id":"https:\/\/omanivietnam.com\/index.php\/san-pham\/nordson-pn-7403311\/#primaryimage"},"thumbnailUrl":"https:\/\/omanivietnam.com\/wp-content\/uploads\/2024\/12\/PN-7403311.png","datePublished":"2024-12-25T05:03:10+00:00","dateModified":"2025-01-28T07:08:51+00:00","description":"Nordson 7403311 touch screen","breadcrumb":{"@id":"https:\/\/omanivietnam.com\/index.php\/san-pham\/nordson-pn-7403311\/#breadcrumb"},"inLanguage":"vi","potentialAction":[{"@type":"ReadAction","target":["https:\/\/omanivietnam.com\/index.php\/san-pham\/nordson-pn-7403311\/"]}]},{"@type":"ImageObject","inLanguage":"vi","@id":"https:\/\/omanivietnam.com\/index.php\/san-pham\/nordson-pn-7403311\/#primaryimage","url":"https:\/\/omanivietnam.com\/wp-content\/uploads\/2024\/12\/PN-7403311.png","contentUrl":"https:\/\/omanivietnam.com\/wp-content\/uploads\/2024\/12\/PN-7403311.png","width":674,"height":409},{"@type":"BreadcrumbList","@id":"https:\/\/omanivietnam.com\/index.php\/san-pham\/nordson-pn-7403311\/#breadcrumb","itemListElement":[{"@type":"ListItem","position":1,"name":"Home","item":"https:\/\/omanivietnam.com\/"},{"@type":"ListItem","position":2,"name":"S\u1ea2N PH\u1ea8M","item":"https:\/\/omanivietnam.com\/index.php\/cua-hang\/"},{"@type":"ListItem","position":3,"name":"NORDSON PN 7403311"}]},{"@type":"WebSite","@id":"https:\/\/omanivietnam.com\/#website","url":"https:\/\/omanivietnam.com\/","name":"OMANI VI\u1ec6T NAM","description":"Nh\u00e0 ph\u00e2n ph\u1ed1i thi\u1ebft b\u1ecb kh\u00ed n\u00e9n v\u00e0 thi\u1ebft b\u1ecb t\u1ef1 \u0111\u1ed9ng h\u00f3a trong c\u00f4ng nghi\u1ec7p","publisher":{"@id":"https:\/\/omanivietnam.com\/#\/schema\/person\/0ad398a980dc3fd696111c2c5c8fa897"},"potentialAction":[{"@type":"SearchAction","target":{"@type":"EntryPoint","urlTemplate":"https:\/\/omanivietnam.com\/?s={search_term_string}"},"query-input":"required name=search_term_string"}],"inLanguage":"vi"},{"@type":["Person","Organization"],"@id":"https:\/\/omanivietnam.com\/#\/schema\/person\/0ad398a980dc3fd696111c2c5c8fa897","name":"Nguy\u1ec5n V\u0103n Kh\u00e1nh","image":{"@type":"ImageObject","inLanguage":"vi","@id":"https:\/\/omanivietnam.com\/#\/schema\/person\/image\/","url":"https:\/\/omanivietnam.com\/wp-content\/uploads\/2024\/06\/logo-1024x1024.png","contentUrl":"https:\/\/omanivietnam.com\/wp-content\/uploads\/2024\/06\/logo-1024x1024.png","width":1024,"height":1024,"caption":"Nguy\u1ec5n V\u0103n Kh\u00e1nh"},"logo":{"@id":"https:\/\/omanivietnam.com\/#\/schema\/person\/image\/"},"sameAs":["https:\/\/omanivietnam.com"]}]}},"_links":{"self":[{"href":"https:\/\/omanivietnam.com\/index.php\/wp-json\/wp\/v2\/product\/3057","targetHints":{"allow":["GET"]}}],"collection":[{"href":"https:\/\/omanivietnam.com\/index.php\/wp-json\/wp\/v2\/product"}],"about":[{"href":"https:\/\/omanivietnam.com\/index.php\/wp-json\/wp\/v2\/types\/product"}],"replies":[{"embeddable":true,"href":"https:\/\/omanivietnam.com\/index.php\/wp-json\/wp\/v2\/comments?post=3057"}],"wp:featuredmedia":[{"embeddable":true,"href":"https:\/\/omanivietnam.com\/index.php\/wp-json\/wp\/v2\/media\/3058"}],"wp:attachment":[{"href":"https:\/\/omanivietnam.com\/index.php\/wp-json\/wp\/v2\/media?parent=3057"}],"wp:term":[{"taxonomy":"product_cat","embeddable":true,"href":"https:\/\/omanivietnam.com\/index.php\/wp-json\/wp\/v2\/product_cat?post=3057"},{"taxonomy":"product_tag","embeddable":true,"href":"https:\/\/omanivietnam.com\/index.php\/wp-json\/wp\/v2\/product_tag?post=3057"}],"curies":[{"name":"wp","href":"https:\/\/api.w.org\/{rel}","templated":true}]}}