{"id":3064,"date":"2024-12-26T10:09:24","date_gmt":"2024-12-26T03:09:24","guid":{"rendered":"https:\/\/omanivietnam.com\/?post_type=product&#038;p=3064"},"modified":"2024-12-26T10:09:25","modified_gmt":"2024-12-26T03:09:25","slug":"allen-bradley-2711p-t15c21d8s","status":"publish","type":"product","link":"https:\/\/omanivietnam.com\/index.php\/san-pham\/allen-bradley-2711p-t15c21d8s\/","title":{"rendered":"ALLEN BRADLEY 2711P-T15C21D8S"},"content":{"rendered":"<p>ALLEN BRADLEY 2711P-T15C21D8S<\/p>\n<h1 id=\"toptitle-desktop\" class=\"ui header\">M\u00e0n h\u00ecnh 2711P-T15C21D8S<\/h1>\n<p>M\u00e0n h\u00ecnh Allen bradley 2711P-T15C21D8S<\/p>\n<div class=\"column ui container make-centered\">\n<table class=\"ui unstackable definition table\">\n<tbody>\n<tr>\n<td>Th\u01b0\u01a1ng hi\u1ec7u<\/td>\n<td>Allen-Bradley<\/td>\n<\/tr>\n<tr>\n<td>Nh\u00e0 s\u1ea3n xu\u1ea5t<\/td>\n<td>AB \/ Allen-Bradley<\/td>\n<\/tr>\n<tr>\n<td>Input Voltage range:<\/td>\n<td>18-30 VDC<\/td>\n<\/tr>\n<tr>\n<td>Communication ports:<\/td>\n<td>One (1) Ethernet, Two (2) USB host<\/td>\n<\/tr>\n<tr>\n<td>System Memory:<\/td>\n<td>512 RAM, 512 MB nonvolatile memory (approx. 80 MB free user memory)<\/td>\n<\/tr>\n<tr>\n<td>Touch:<\/td>\n<td>Analog resistive Actuation: 1 million presses; operating force: 100 g<\/td>\n<\/tr>\n<tr>\n<td>\u0110\u1ed9 ph\u00e2n gi\u1ea3i:<\/td>\n<td>1024 x 768 XGA, 18-bit color graphics<\/td>\n<\/tr>\n<tr>\n<td>Display Area:<\/td>\n<td>304 x 228 mm<\/td>\n<\/tr>\n<tr>\n<td>Display Type:<\/td>\n<td>Color active-matrix TFT<\/td>\n<\/tr>\n<tr>\n<td>Operator Input:<\/td>\n<td>Touch<\/td>\n<\/tr>\n<tr>\n<td>Product Family:<\/td>\n<td>PanelView Plus 7 Standard terminals<\/td>\n<\/tr>\n<tr>\n<td>Power Consumption:<\/td>\n<td>50 W max (2.1 A at 24V DC)<\/td>\n<\/tr>\n<\/tbody>\n<\/table>\n<\/div>\n<div class=\"column ui container make-centered\">\n<table class=\"ui unstackable definition table\">\n<tbody>\n<tr>\n<td>Backlight:<\/td>\n<td>White light-emitting diode, solid state<br \/>\nLife: 50,000 h min at 40 \u00b0C (104 \u00b0F) to half-brightness, backlight is not replaceable<\/td>\n<\/tr>\n<tr>\n<td>Part Number\/Catalog No.<\/td>\n<td>2711P-T15C21D8S<\/td>\n<\/tr>\n<tr>\n<td>M\u00e0n h\u00ecnh Size<\/td>\n<td>15 in.<\/td>\n<\/tr>\n<tr>\n<td>Product Line<\/td>\n<td>Panelview Plus 7<\/td>\n<\/tr>\n<tr>\n<td>Input Type<\/td>\n<td>Touchscreen<\/td>\n<\/tr>\n<tr>\n<td>M\u00e0n h\u00ecnh Color<\/td>\n<td>TFT Color M\u00e0n h\u00ecnh<\/td>\n<\/tr>\n<tr>\n<td>Memory<\/td>\n<td>512 Mb<\/td>\n<\/tr>\n<tr>\n<td>Input Voltage<\/td>\n<td>24 VDC<\/td>\n<\/tr>\n<tr>\n<td>Backlight<\/td>\n<td>LED<\/td>\n<\/tr>\n<tr>\n<td>Weight<\/td>\n<td>8.14 LBS<\/td>\n<\/tr>\n<\/tbody>\n<\/table>\n<\/div>\n<p><strong>Th\u00f4ng s\u1ed1 k\u1ef9 thu\u1eadt m\u00e0n h\u00ecnh Allen bradley<\/strong><\/p>\n<table width=\"667\">\n<tbody>\n<tr>\n<td width=\"218\">M\u00e0n h\u00ecnh 2711P-T10C21D8S<\/td>\n<td width=\"449\">PanelView Plus 7 Standard Terminal, Touch Screen, 10.4 inches, TFT Color, Single Ethernet, 24V DC, Windows CE OS License, Standard Model<\/td>\n<\/tr>\n<tr>\n<td>M\u00e0n h\u00ecnh 2711P-T10C21D8S-B<\/td>\n<td width=\"449\">PanelView Plus 7 Standard Terminal, Touch Screen, 10.4 inches, TFT Color, Single Ethernet, 24V DC, Windows CE OS License, Standard Model, Brandless<\/td>\n<\/tr>\n<tr>\n<td>M\u00e0n h\u00ecnh 2711P-T4W21D8S<\/td>\n<td width=\"449\">PanelView Plus 7 Standard Terminal, Touch Screen, 4.3 inches, Wide aspect ratio Color, Single Ethernet, 24V DC, Windows CE OS License, Standard Model<\/td>\n<\/tr>\n<tr>\n<td>M\u00e0n h\u00ecnh 2711P-T4W21D8S-B<\/td>\n<td width=\"449\">PanelView Plus 7 Standard Terminal, Touch Screen, 4.3 inches, Wide aspect ratio Color, Single Ethernet, 24V DC, Windows CE OS License, Standard Model, Brandless<\/td>\n<\/tr>\n<tr>\n<td>M\u00e0n h\u00ecnh 2711P-T6C21D8S<\/td>\n<td width=\"449\">PanelView Plus 7 Standard Terminal, Touch Screen, 5.7 inches, TFT Color, Single Ethernet, 24V DC, Windows CE OS License, Standard Model<\/td>\n<\/tr>\n<tr>\n<td>M\u00e0n h\u00ecnh 2711P-T6C21D8S-B<\/td>\n<td width=\"449\">PanelView Plus 7 Standard Terminal, Touch Screen, 5.7 inches, TFT Color, Single Ethernet, 24V DC, Windows CE OS License, Standard Model, Brandless<\/td>\n<\/tr>\n<tr>\n<td>M\u00e0n h\u00ecnh 2711P-T7C21D8S<\/td>\n<td width=\"449\">PanelView Plus 7 Standard Terminal, Touch Screen, 6.5 inches, TFT Color, Single Ethernet, 24V DC, Windows CE OS License, Standard Model<\/td>\n<\/tr>\n<tr>\n<td>M\u00e0n h\u00ecnh 2711P-T7C21D8S-B<\/td>\n<td width=\"449\">PanelView Plus 7 Standard Terminal, Touch Screen, 6.5 inches, TFT Color, Single Ethernet, 24V DC, Windows CE OS License, Standard Model, Brandless<\/td>\n<\/tr>\n<tr>\n<td>M\u00e0n h\u00ecnh 2711P-T9W21D8S<\/td>\n<td width=\"449\">PanelView Plus 7 Standard Terminal, Touch Screen, 9 inches, Wide aspect ratio Color, Single Ethernet, 24V DC, Windows CE OS License, Standard Model<\/td>\n<\/tr>\n<tr>\n<td>M\u00e0n h\u00ecnh 2711P-T9W21D8S-B<\/td>\n<td width=\"449\">PanelView Plus 7 Standard Terminal, Touch Screen, 9 inches, Wide aspect ratio Color, Single Ethernet, 24V DC, Windows CE OS License, Standard Model, Brandless<\/td>\n<\/tr>\n<tr>\n<td>M\u00e0n h\u00ecnh 2711P-T12W21D8S<\/td>\n<td width=\"449\">PanelView Plus 7 Standard Terminal, Touch Screen, 12.1 inches, Wide aspect ratio Color, Single Ethernet, 24V DC, Windows CE OS License, Standard Model<\/td>\n<\/tr>\n<tr>\n<td>M\u00e0n h\u00ecnh 2711P-T12W21D8S-B<\/td>\n<td width=\"449\">PanelView Plus 7 Standard Terminal, Touch Screen, 12.1 inches, Wide aspect ratio Color, Single Ethernet, 24V DC, Windows CE OS License, Standard Model, Brandless<\/td>\n<\/tr>\n<tr>\n<td>M\u00e0n h\u00ecnh 2711P-T15C21D8S<\/td>\n<td width=\"449\">PanelView Plus 7 Standard Terminal, Touch Screen, 15 inches, TFT Color, Single Ethernet, 24V DC, Windows CE OS License, Standard Model<\/td>\n<\/tr>\n<tr>\n<td>M\u00e0n h\u00ecnh 2711P-T15C21D8S-B<\/td>\n<td width=\"449\">PanelView Plus 7 Standard Terminal, Touch Screen, 15 inches, TFT Color, Single Ethernet, 24V DC, Windows CE OS License, Standard Model, Brandless<\/td>\n<\/tr>\n<tr>\n<td>M\u00e0n h\u00ecnh 2711P-T4W22D8S<\/td>\n<td width=\"449\">PanelView Plus 7 Standard Terminal, Touch Screen, 4.3 inches, Wide aspect ratio Color, DLR Ethernet, 24V DC, Windows CE OS License, Standard Model<\/td>\n<\/tr>\n<tr>\n<td>M\u00e0n h\u00ecnh 2711P-T4W22D8S-B<\/td>\n<td width=\"449\">PanelView Plus 7 Standard Terminal, Touch Screen, 4.3 inches, Wide aspect ratio Color, DLR Ethernet, 24V DC, Windows CE OS License, Standard Model, Brandless<\/td>\n<\/tr>\n<tr>\n<td>M\u00e0n h\u00ecnh 2711P-T6C22D8S<\/td>\n<td width=\"449\">PanelView Plus 7 Standard Terminal, Touch Screen, 5.7 inches, TFT Color, DLR Ethernet, 24V DC, Windows CE OS License, Standard Model<\/td>\n<\/tr>\n<tr>\n<td>M\u00e0n h\u00ecnh 2711P-T6C22D8S-B<\/td>\n<td width=\"449\">PanelView Plus 7 Standard Terminal, Touch Screen, 5.7 inches, TFT Color, DLR Ethernet, 24V DC, Windows CE OS License, Standard Model, Brandless<\/td>\n<\/tr>\n<tr>\n<td>M\u00e0n h\u00ecnh 2711P-T7C22D8S<\/td>\n<td width=\"449\">PanelView Plus 7 Standard Terminal, Touch Screen, 6.5 inches, TFT Color, DLR Ethernet, 24V DC, Windows CE OS License, Standard Model<\/td>\n<\/tr>\n<tr>\n<td>M\u00e0n h\u00ecnh 2711P-T7C22D8S-B<\/td>\n<td width=\"449\">PanelView Plus 7 Standard Terminal, Touch Screen, 6.5 inches, TFT Color, DLR Ethernet, 24V DC, Windows CE OS License, Standard Model, Brandless<\/td>\n<\/tr>\n<tr>\n<td>M\u00e0n h\u00ecnh 2711P-T9W22D8S<\/td>\n<td width=\"449\">PanelView Plus 7 Standard Terminal, Touch Screen, 9 inches, Wide aspect ratio Color, DLR Ethernet, 24V DC, Windows CE OS License, Standard Model<\/td>\n<\/tr>\n<tr>\n<td>M\u00e0n h\u00ecnh 2711P-T9W22D8S-B<\/td>\n<td width=\"449\">PanelView Plus 7 Standard Terminal, Touch Screen, 9 inches, Wide aspect ratio Color, DLR Ethernet, 24V DC, Windows CE OS License, Standard Model, Brandless<\/td>\n<\/tr>\n<tr>\n<td>M\u00e0n h\u00ecnh 2711P-T10C22D8S<\/td>\n<td width=\"449\">PanelView Plus 7 Standard Terminal, Touch Screen, 10.4 inches, TFT Color, DLR Ethernet, 24V DC, Windows CE OS License, Standard Model<\/td>\n<\/tr>\n<tr>\n<td>M\u00e0n h\u00ecnh 2711P-T10C22D8S-B<\/td>\n<td width=\"449\">PanelView Plus 7 Standard Terminal, Touch Screen, 10.4 inches, TFT Color, DLR Ethernet, 24V DC, Windows CE OS License, Standard Model, Brandless<\/td>\n<\/tr>\n<tr>\n<td>M\u00e0n h\u00ecnh 2711P-T12W22D8S<\/td>\n<td width=\"449\">PanelView Plus 7 Standard Terminal, Touch Screen, 12.1 inches, Wide aspect ratio Color, DLR Ethernet, 24V DC, Windows CE OS License, Standard Model<\/td>\n<\/tr>\n<tr>\n<td>M\u00e0n h\u00ecnh 2711P-T12W22D8S-B<\/td>\n<td width=\"449\">PanelView Plus 7 Standard Terminal, Touch Screen, 12.1 inches, Wide aspect ratio Color, DLR Ethernet, 24V DC, Windows CE OS License, Standard Model, Brandless<\/td>\n<\/tr>\n<tr>\n<td>M\u00e0n h\u00ecnh 2711P-T15C22D8S<\/td>\n<td width=\"449\">PanelView Plus 7 Standard Terminal, Touch Screen, 15 inches, TFT Color, DLR Ethernet, 24V DC, Windows CE OS License, Standard Model<\/td>\n<\/tr>\n<tr>\n<td>M\u00e0n h\u00ecnh 2711P-T15C22D8S-B<\/td>\n<td width=\"449\">PanelView Plus 7 Standard Terminal, Touch Screen, 15 inches, TFT Color, DLR Ethernet, 24V DC, Windows CE OS License, Standard Model, Brandless<\/td>\n<\/tr>\n<\/tbody>\n<\/table>\n","protected":false},"excerpt":{"rendered":"<p>ALLEN BRADLEY 2711P-T15C21D8S M\u00e0n h\u00ecnh 2711P-T15C21D8S M\u00e0n h\u00ecnh Allen bradley 2711P-T15C21D8S Th\u01b0\u01a1ng hi\u1ec7u Allen-Bradley Nh\u00e0 s\u1ea3n xu\u1ea5t AB \/ Allen-Bradley Input Voltage range: 18-30 VDC Communication ports: One (1) Ethernet, Two (2) USB host System Memory: 512 RAM, 512 MB nonvolatile memory (approx. 80 MB free user memory) Touch: Analog&hellip; <\/p>\n","protected":false},"featured_media":3065,"comment_status":"open","ping_status":"closed","template":"","meta":[],"product_cat":[295],"product_tag":[178,179,212],"class_list":{"0":"post-3064","1":"product","2":"type-product","3":"status-publish","4":"has-post-thumbnail","6":"product_cat-allen-bradley","7":"product_tag-allen-bradley-viet-nam","8":"product_tag-dai-ly-allen-bradley-viet-nam","9":"product_tag-man-hinh","11":"first","12":"instock","13":"shipping-taxable","14":"product-type-simple"},"yoast_head":"<!-- This site is optimized with the Yoast SEO plugin v22.8 - https:\/\/yoast.com\/wordpress\/plugins\/seo\/ -->\n<title>ALLEN BRADLEY 2711P-T15C21D8S - OMANI VI\u1ec6T NAM<\/title>\n<meta name=\"robots\" content=\"index, follow, max-snippet:-1, max-image-preview:large, max-video-preview:-1\" \/>\n<link rel=\"canonical\" href=\"https:\/\/omanivietnam.com\/index.php\/san-pham\/allen-bradley-2711p-t15c21d8s\/\" \/>\n<meta property=\"og:locale\" content=\"vi_VN\" \/>\n<meta property=\"og:type\" content=\"article\" \/>\n<meta property=\"og:title\" content=\"ALLEN BRADLEY 2711P-T15C21D8S - OMANI VI\u1ec6T NAM\" \/>\n<meta property=\"og:description\" content=\"ALLEN BRADLEY 2711P-T15C21D8S M\u00e0n h\u00ecnh 2711P-T15C21D8S M\u00e0n h\u00ecnh Allen bradley 2711P-T15C21D8S Th\u01b0\u01a1ng hi\u1ec7u Allen-Bradley Nh\u00e0 s\u1ea3n xu\u1ea5t AB \/ Allen-Bradley Input Voltage range: 18-30 VDC Communication ports: One (1) Ethernet, Two (2) USB host System Memory: 512 RAM, 512 MB nonvolatile memory (approx. 80 MB free user memory) Touch: Analog&hellip;\" \/>\n<meta property=\"og:url\" content=\"https:\/\/omanivietnam.com\/index.php\/san-pham\/allen-bradley-2711p-t15c21d8s\/\" \/>\n<meta property=\"og:site_name\" content=\"OMANI VI\u1ec6T NAM\" \/>\n<meta property=\"article:modified_time\" content=\"2024-12-26T03:09:25+00:00\" \/>\n<meta property=\"og:image\" content=\"https:\/\/omanivietnam.com\/wp-content\/uploads\/2024\/12\/2711P-T15C21D8S.png\" \/>\n\t<meta property=\"og:image:width\" content=\"1090\" \/>\n\t<meta property=\"og:image:height\" content=\"813\" \/>\n\t<meta property=\"og:image:type\" content=\"image\/png\" \/>\n<meta name=\"twitter:card\" content=\"summary_large_image\" \/>\n<meta name=\"twitter:label1\" content=\"\u01af\u1edbc t\u00ednh th\u1eddi gian \u0111\u1ecdc\" \/>\n\t<meta name=\"twitter:data1\" content=\"5 ph\u00fat\" \/>\n<script type=\"application\/ld+json\" class=\"yoast-schema-graph\">{\"@context\":\"https:\/\/schema.org\",\"@graph\":[{\"@type\":\"WebPage\",\"@id\":\"https:\/\/omanivietnam.com\/index.php\/san-pham\/allen-bradley-2711p-t15c21d8s\/\",\"url\":\"https:\/\/omanivietnam.com\/index.php\/san-pham\/allen-bradley-2711p-t15c21d8s\/\",\"name\":\"ALLEN BRADLEY 2711P-T15C21D8S - OMANI VI\u1ec6T NAM\",\"isPartOf\":{\"@id\":\"https:\/\/omanivietnam.com\/#website\"},\"primaryImageOfPage\":{\"@id\":\"https:\/\/omanivietnam.com\/index.php\/san-pham\/allen-bradley-2711p-t15c21d8s\/#primaryimage\"},\"image\":{\"@id\":\"https:\/\/omanivietnam.com\/index.php\/san-pham\/allen-bradley-2711p-t15c21d8s\/#primaryimage\"},\"thumbnailUrl\":\"https:\/\/omanivietnam.com\/wp-content\/uploads\/2024\/12\/2711P-T15C21D8S.png\",\"datePublished\":\"2024-12-26T03:09:24+00:00\",\"dateModified\":\"2024-12-26T03:09:25+00:00\",\"breadcrumb\":{\"@id\":\"https:\/\/omanivietnam.com\/index.php\/san-pham\/allen-bradley-2711p-t15c21d8s\/#breadcrumb\"},\"inLanguage\":\"vi\",\"potentialAction\":[{\"@type\":\"ReadAction\",\"target\":[\"https:\/\/omanivietnam.com\/index.php\/san-pham\/allen-bradley-2711p-t15c21d8s\/\"]}]},{\"@type\":\"ImageObject\",\"inLanguage\":\"vi\",\"@id\":\"https:\/\/omanivietnam.com\/index.php\/san-pham\/allen-bradley-2711p-t15c21d8s\/#primaryimage\",\"url\":\"https:\/\/omanivietnam.com\/wp-content\/uploads\/2024\/12\/2711P-T15C21D8S.png\",\"contentUrl\":\"https:\/\/omanivietnam.com\/wp-content\/uploads\/2024\/12\/2711P-T15C21D8S.png\",\"width\":1090,\"height\":813},{\"@type\":\"BreadcrumbList\",\"@id\":\"https:\/\/omanivietnam.com\/index.php\/san-pham\/allen-bradley-2711p-t15c21d8s\/#breadcrumb\",\"itemListElement\":[{\"@type\":\"ListItem\",\"position\":1,\"name\":\"Home\",\"item\":\"https:\/\/omanivietnam.com\/\"},{\"@type\":\"ListItem\",\"position\":2,\"name\":\"S\u1ea2N PH\u1ea8M\",\"item\":\"https:\/\/omanivietnam.com\/index.php\/cua-hang\/\"},{\"@type\":\"ListItem\",\"position\":3,\"name\":\"ALLEN BRADLEY 2711P-T15C21D8S\"}]},{\"@type\":\"WebSite\",\"@id\":\"https:\/\/omanivietnam.com\/#website\",\"url\":\"https:\/\/omanivietnam.com\/\",\"name\":\"OMANI VI\u1ec6T NAM\",\"description\":\"Nh\u00e0 ph\u00e2n ph\u1ed1i thi\u1ebft b\u1ecb kh\u00ed n\u00e9n v\u00e0 thi\u1ebft b\u1ecb t\u1ef1 \u0111\u1ed9ng h\u00f3a trong c\u00f4ng nghi\u1ec7p\",\"publisher\":{\"@id\":\"https:\/\/omanivietnam.com\/#\/schema\/person\/0ad398a980dc3fd696111c2c5c8fa897\"},\"potentialAction\":[{\"@type\":\"SearchAction\",\"target\":{\"@type\":\"EntryPoint\",\"urlTemplate\":\"https:\/\/omanivietnam.com\/?s={search_term_string}\"},\"query-input\":\"required name=search_term_string\"}],\"inLanguage\":\"vi\"},{\"@type\":[\"Person\",\"Organization\"],\"@id\":\"https:\/\/omanivietnam.com\/#\/schema\/person\/0ad398a980dc3fd696111c2c5c8fa897\",\"name\":\"Nguy\u1ec5n V\u0103n Kh\u00e1nh\",\"image\":{\"@type\":\"ImageObject\",\"inLanguage\":\"vi\",\"@id\":\"https:\/\/omanivietnam.com\/#\/schema\/person\/image\/\",\"url\":\"https:\/\/omanivietnam.com\/wp-content\/uploads\/2024\/06\/logo-1024x1024.png\",\"contentUrl\":\"https:\/\/omanivietnam.com\/wp-content\/uploads\/2024\/06\/logo-1024x1024.png\",\"width\":1024,\"height\":1024,\"caption\":\"Nguy\u1ec5n V\u0103n Kh\u00e1nh\"},\"logo\":{\"@id\":\"https:\/\/omanivietnam.com\/#\/schema\/person\/image\/\"},\"sameAs\":[\"https:\/\/omanivietnam.com\"]}]}<\/script>\n<!-- \/ Yoast SEO plugin. -->","yoast_head_json":{"title":"ALLEN BRADLEY 2711P-T15C21D8S - OMANI VI\u1ec6T NAM","robots":{"index":"index","follow":"follow","max-snippet":"max-snippet:-1","max-image-preview":"max-image-preview:large","max-video-preview":"max-video-preview:-1"},"canonical":"https:\/\/omanivietnam.com\/index.php\/san-pham\/allen-bradley-2711p-t15c21d8s\/","og_locale":"vi_VN","og_type":"article","og_title":"ALLEN BRADLEY 2711P-T15C21D8S - OMANI VI\u1ec6T NAM","og_description":"ALLEN BRADLEY 2711P-T15C21D8S M\u00e0n h\u00ecnh 2711P-T15C21D8S M\u00e0n h\u00ecnh Allen bradley 2711P-T15C21D8S Th\u01b0\u01a1ng hi\u1ec7u Allen-Bradley Nh\u00e0 s\u1ea3n xu\u1ea5t AB \/ Allen-Bradley Input Voltage range: 18-30 VDC Communication ports: One (1) Ethernet, Two (2) USB host System Memory: 512 RAM, 512 MB nonvolatile memory (approx. 80 MB free user memory) Touch: Analog&hellip;","og_url":"https:\/\/omanivietnam.com\/index.php\/san-pham\/allen-bradley-2711p-t15c21d8s\/","og_site_name":"OMANI VI\u1ec6T NAM","article_modified_time":"2024-12-26T03:09:25+00:00","og_image":[{"width":1090,"height":813,"url":"https:\/\/omanivietnam.com\/wp-content\/uploads\/2024\/12\/2711P-T15C21D8S.png","type":"image\/png"}],"twitter_card":"summary_large_image","twitter_misc":{"\u01af\u1edbc t\u00ednh th\u1eddi gian \u0111\u1ecdc":"5 ph\u00fat"},"schema":{"@context":"https:\/\/schema.org","@graph":[{"@type":"WebPage","@id":"https:\/\/omanivietnam.com\/index.php\/san-pham\/allen-bradley-2711p-t15c21d8s\/","url":"https:\/\/omanivietnam.com\/index.php\/san-pham\/allen-bradley-2711p-t15c21d8s\/","name":"ALLEN BRADLEY 2711P-T15C21D8S - OMANI VI\u1ec6T NAM","isPartOf":{"@id":"https:\/\/omanivietnam.com\/#website"},"primaryImageOfPage":{"@id":"https:\/\/omanivietnam.com\/index.php\/san-pham\/allen-bradley-2711p-t15c21d8s\/#primaryimage"},"image":{"@id":"https:\/\/omanivietnam.com\/index.php\/san-pham\/allen-bradley-2711p-t15c21d8s\/#primaryimage"},"thumbnailUrl":"https:\/\/omanivietnam.com\/wp-content\/uploads\/2024\/12\/2711P-T15C21D8S.png","datePublished":"2024-12-26T03:09:24+00:00","dateModified":"2024-12-26T03:09:25+00:00","breadcrumb":{"@id":"https:\/\/omanivietnam.com\/index.php\/san-pham\/allen-bradley-2711p-t15c21d8s\/#breadcrumb"},"inLanguage":"vi","potentialAction":[{"@type":"ReadAction","target":["https:\/\/omanivietnam.com\/index.php\/san-pham\/allen-bradley-2711p-t15c21d8s\/"]}]},{"@type":"ImageObject","inLanguage":"vi","@id":"https:\/\/omanivietnam.com\/index.php\/san-pham\/allen-bradley-2711p-t15c21d8s\/#primaryimage","url":"https:\/\/omanivietnam.com\/wp-content\/uploads\/2024\/12\/2711P-T15C21D8S.png","contentUrl":"https:\/\/omanivietnam.com\/wp-content\/uploads\/2024\/12\/2711P-T15C21D8S.png","width":1090,"height":813},{"@type":"BreadcrumbList","@id":"https:\/\/omanivietnam.com\/index.php\/san-pham\/allen-bradley-2711p-t15c21d8s\/#breadcrumb","itemListElement":[{"@type":"ListItem","position":1,"name":"Home","item":"https:\/\/omanivietnam.com\/"},{"@type":"ListItem","position":2,"name":"S\u1ea2N PH\u1ea8M","item":"https:\/\/omanivietnam.com\/index.php\/cua-hang\/"},{"@type":"ListItem","position":3,"name":"ALLEN BRADLEY 2711P-T15C21D8S"}]},{"@type":"WebSite","@id":"https:\/\/omanivietnam.com\/#website","url":"https:\/\/omanivietnam.com\/","name":"OMANI VI\u1ec6T NAM","description":"Nh\u00e0 ph\u00e2n ph\u1ed1i thi\u1ebft b\u1ecb kh\u00ed n\u00e9n v\u00e0 thi\u1ebft b\u1ecb t\u1ef1 \u0111\u1ed9ng h\u00f3a trong c\u00f4ng nghi\u1ec7p","publisher":{"@id":"https:\/\/omanivietnam.com\/#\/schema\/person\/0ad398a980dc3fd696111c2c5c8fa897"},"potentialAction":[{"@type":"SearchAction","target":{"@type":"EntryPoint","urlTemplate":"https:\/\/omanivietnam.com\/?s={search_term_string}"},"query-input":"required name=search_term_string"}],"inLanguage":"vi"},{"@type":["Person","Organization"],"@id":"https:\/\/omanivietnam.com\/#\/schema\/person\/0ad398a980dc3fd696111c2c5c8fa897","name":"Nguy\u1ec5n V\u0103n Kh\u00e1nh","image":{"@type":"ImageObject","inLanguage":"vi","@id":"https:\/\/omanivietnam.com\/#\/schema\/person\/image\/","url":"https:\/\/omanivietnam.com\/wp-content\/uploads\/2024\/06\/logo-1024x1024.png","contentUrl":"https:\/\/omanivietnam.com\/wp-content\/uploads\/2024\/06\/logo-1024x1024.png","width":1024,"height":1024,"caption":"Nguy\u1ec5n V\u0103n Kh\u00e1nh"},"logo":{"@id":"https:\/\/omanivietnam.com\/#\/schema\/person\/image\/"},"sameAs":["https:\/\/omanivietnam.com"]}]}},"_links":{"self":[{"href":"https:\/\/omanivietnam.com\/index.php\/wp-json\/wp\/v2\/product\/3064","targetHints":{"allow":["GET"]}}],"collection":[{"href":"https:\/\/omanivietnam.com\/index.php\/wp-json\/wp\/v2\/product"}],"about":[{"href":"https:\/\/omanivietnam.com\/index.php\/wp-json\/wp\/v2\/types\/product"}],"replies":[{"embeddable":true,"href":"https:\/\/omanivietnam.com\/index.php\/wp-json\/wp\/v2\/comments?post=3064"}],"wp:featuredmedia":[{"embeddable":true,"href":"https:\/\/omanivietnam.com\/index.php\/wp-json\/wp\/v2\/media\/3065"}],"wp:attachment":[{"href":"https:\/\/omanivietnam.com\/index.php\/wp-json\/wp\/v2\/media?parent=3064"}],"wp:term":[{"taxonomy":"product_cat","embeddable":true,"href":"https:\/\/omanivietnam.com\/index.php\/wp-json\/wp\/v2\/product_cat?post=3064"},{"taxonomy":"product_tag","embeddable":true,"href":"https:\/\/omanivietnam.com\/index.php\/wp-json\/wp\/v2\/product_tag?post=3064"}],"curies":[{"name":"wp","href":"https:\/\/api.w.org\/{rel}","templated":true}]}}