{"id":3066,"date":"2024-12-27T14:23:45","date_gmt":"2024-12-27T07:23:45","guid":{"rendered":"https:\/\/omanivietnam.com\/?post_type=product&#038;p=3066"},"modified":"2025-05-26T21:03:09","modified_gmt":"2025-05-26T14:03:09","slug":"allen-bradley25b-d013n114","status":"publish","type":"product","link":"https:\/\/omanivietnam.com\/index.php\/san-pham\/allen-bradley25b-d013n114\/","title":{"rendered":"ALLEN BRADLEY 25B-D013N114"},"content":{"rendered":"<p>ALLEN BRADLEY 25B-D013N114<\/p>\n<p>T\u00ean s\u1ea3n ph\u1ea9m: PowerFlex 525 AC Drive<br \/>\nM\u00e3 s\u1ea3n ph\u1ea9m: 25B-D013N114<br \/>\nC\u00f4ng su\u1ea5t: 7.5 HP, 5.5 kW t\u1ea3i nh\u1eb9, 7.5 HP, 5.5 kW t\u1ea3i n\u1eb7ng<br \/>\n\u0110i\u1ec7n \u00e1p c\u1ea5p v\u00e0o: 3 Phase, 480 VAC<br \/>\nD\u00f2ng \u0111i\u1ec7n: 13 A<br \/>\nTruy\u1ec1n th\u00f4ng: EtherNet\/IP<br \/>\n\u1ee8ng d\u1ee5ng: B\u0103ng t\u1ea3i, qu\u1ea1t, b\u01a1m, mixer\u2026<br \/>\nC\u1ea5p b\u1ea3o v\u1ec7: IP20 NEMA \/ Open Type, Filter<br \/>\nK\u00edch th\u01b0\u1edbc: Frame C<\/p>\n<h1 class=\"ra-product-new__description\">PowerFlex 525 5.5kW (7.5Hp) AC Drive<\/h1>\n<div class=\"ra-product-new__sidebar\">\n<div class=\"ra-product-new__sidebar-items\">\n<div class=\"ra-product-new__sidebar-item active\" data-selector=\"technical-specifications\"><\/div>\n<\/div>\n<\/div>\n<div class=\"ra-product-new__content ra-product-new__content-desktop\">\n<div class=\"ra-product-new__content-frame-technical-specifications ra-product-new__content-frame active\">\n<div id=\"ra-product-new__spec-table\" class=\"ra-product-new__product-table\">\n<div>\n<div class=\"ra-product-new__product-table-section-container ra-product-new__product-table-section-general active\">\n<div>\n<p>PowerFlex 525 AC Drive, with Embedded EtherNet\/IP and Safety, 380&#8230;480V AC, 3 Phase, 13 Amps, 7.5 Hp, 5.5 kW Normal Duty; 7.5 Hp, 5.5 kW Heavy Duty, Frame C, IP20 NEMA \/ Open Type, Filter<\/p>\n<\/div>\n<div>\n<h3>Product Details<\/h3>\n<div class=\"section\">\n<table>\n<tbody>\n<tr>\n<th colspan=\"2\">BASE DRIVE INFORMATION<\/th>\n<\/tr>\n<tr>\n<td class=\"leftCol\">Bulletin Number<\/td>\n<td class=\"rightCol\">PowerFlex 525 AC Drive, with Embedded EtherNet\/IP and Safety<\/td>\n<\/tr>\n<tr>\n<td class=\"leftCol\">Voltage Class<\/td>\n<td class=\"rightCol\">380&#8230;480V AC, 3 Phase<\/td>\n<\/tr>\n<tr>\n<td class=\"leftCol\">Output Current<\/td>\n<td class=\"rightCol\">13 Amps<\/td>\n<\/tr>\n<tr>\n<td class=\"leftCol\">Enclosure Type<\/td>\n<td class=\"rightCol\">IP20 NEMA \/ Open Type<\/td>\n<\/tr>\n<tr>\n<td class=\"leftCol\">Frame Size<\/td>\n<td class=\"rightCol\">Frame C<\/td>\n<\/tr>\n<tr>\n<td class=\"leftCol\">Interface Module<\/td>\n<td class=\"rightCol\">Standard<\/td>\n<\/tr>\n<tr>\n<td class=\"leftCol\">EMC Filtering Options<\/td>\n<td class=\"rightCol\">Filter<\/td>\n<\/tr>\n<tr>\n<th colspan=\"2\">ACCESSORIES<\/th>\n<\/tr>\n<tr>\n<td class=\"leftCol\">Circuit Protection<\/td>\n<td class=\"rightCol\">No Circuit Protection<\/td>\n<\/tr>\n<\/tbody>\n<\/table>\n<\/div>\n<div><b>200\u2026240VAC, Ng\u00f5 v\u00e0o 1 pha, ng\u00f5 ra 3 pha, 50\/60 Hz<\/b><\/div>\n<div>\n<div>\n<div>\n<table border=\"1\" width=\"928\" cellspacing=\"0\">\n<tbody>\n<tr>\n<td>\n<div>\u00a0<b>C\u00f4ng Su\u1ea5t\u00a0<\/b><\/div>\n<div><b>(KW)<\/b><\/div>\n<\/td>\n<td>\n<div><b>\u00a0D\u00f2ng \u0110i\u1ec7n<\/b><\/div>\n<div><b>(A)<\/b><\/div>\n<\/td>\n<td><b>\u00a0Frame Size\u00a0\u00a0 \u00a0<\/b><\/td>\n<td><b>\u00a0M\u00e3 H\u00e0ng (Kh\u00f4ng Filter)<\/b><\/td>\n<td><b>\u00a0M\u00e3 H\u00e0ng (C\u00f3 Filter)<\/b><\/td>\n<\/tr>\n<tr>\n<td><b>\u00a00.4<\/b><\/td>\n<td><b>2.5<\/b><\/td>\n<td><b>\u00a0A<\/b><\/td>\n<td><b>25B-A2P5N104<\/b><\/td>\n<td><b>25B-A2P5N114<\/b><\/td>\n<\/tr>\n<tr>\n<td><b>\u00a00.75<\/b><\/td>\n<td><b>\u00a04.8<\/b><\/td>\n<td><b>\u00a0A<\/b><\/td>\n<td><b>25B-A4P8N104<\/b><\/td>\n<td><b>\u00a0<\/b><b>25B-A4P8N114<\/b><\/td>\n<\/tr>\n<tr>\n<td><b>\u00a01.5<\/b><\/td>\n<td><b>\u00a08<\/b><\/td>\n<td><b>\u00a0B<\/b><\/td>\n<td><b>25B-A8P0N104<\/b><\/td>\n<td><b>\u00a0<\/b><b>25B-A8P0N114<\/b><\/td>\n<\/tr>\n<tr>\n<td><b>\u00a02.2<\/b><\/td>\n<td><b>\u00a011<\/b><\/td>\n<td><b>\u00a0B<\/b><\/td>\n<td><b>25B-A011N104<\/b><\/td>\n<td><b>25B-A011N114<\/b><\/td>\n<\/tr>\n<\/tbody>\n<\/table>\n<\/div>\n<p><b>200\u2026240VAC, Ng\u00f5 v\u00e0o 3 pha, ng\u00f5 ra 3 pha, 50\/60 Hz<\/b><\/p>\n<\/div>\n<div>\n<table border=\"1\" width=\"933\" cellspacing=\"0\">\n<tbody>\n<tr>\n<td>\n<div>\u00a0<b>C\u00f4ng Su\u1ea5t<\/b><\/div>\n<div><b>T\u1ea3i Th\u01b0\u1eddng\u00a0<\/b><\/div>\n<div><b>(KW)<\/b><\/div>\n<\/td>\n<td>\u00a0<b>C\u00f4ng Su\u1ea5t<br \/>\nT\u1ea3i N\u1eb7ng\u00a0<\/b><\/p>\n<div><b>(KW)<\/b><\/div>\n<\/td>\n<td>\n<div><b>\u00a0D\u00f2ng \u0110i\u1ec7n<\/b><\/div>\n<div><b>(A)<\/b><\/div>\n<\/td>\n<td><b>\u00a0Frame Size\u00a0\u00a0 \u00a0<\/b><\/td>\n<td><b>\u00a0M\u00e3 H\u00e0ng (Kh\u00f4ng Filter)<\/b><\/td>\n<td><b>\u00a0M\u00e3 H\u00e0ng (C\u00f3 Filter)<\/b><\/td>\n<\/tr>\n<tr>\n<td><b>\u00a00.4<\/b><\/td>\n<td>\u00a0<b>0.4<\/b><\/td>\n<td><b>2.5<\/b><\/td>\n<td><b>\u00a0A<\/b><\/td>\n<td><b>25B-B2P5N104<\/b><\/td>\n<td>\u2013<\/td>\n<\/tr>\n<tr>\n<td><b>\u00a00.75<\/b><\/td>\n<td>\u00a0<b>\u00a00.75<\/b><\/td>\n<td><b>\u00a04.8<\/b><\/td>\n<td><b>\u00a0A<\/b><\/td>\n<td><b>25B-B5P0N104<\/b><\/td>\n<td>\u2013<\/td>\n<\/tr>\n<tr>\n<td><b>\u00a01.5<\/b><\/td>\n<td>\u00a0<b>1.5<\/b><\/td>\n<td><b>\u00a08<\/b><\/td>\n<td><b>A<\/b><\/td>\n<td><b>25B-B8P0N104<\/b><\/td>\n<td><b>\u00a0\u2013<\/b><\/td>\n<\/tr>\n<tr>\n<td><b>\u00a02.2<\/b><\/td>\n<td>\u00a0<b>\u00a02.2<\/b><\/td>\n<td><b>\u00a011<\/b><\/td>\n<td><b>A<\/b><\/td>\n<td><b>\u00a0<\/b><b>25B-B011N104<\/b><\/td>\n<td>\u2013<\/td>\n<\/tr>\n<tr>\n<td><b>\u00a04<\/b><\/td>\n<td><b>\u00a0<\/b><b>\u00a04<\/b><\/td>\n<td><b>\u00a017.5<\/b><\/td>\n<td><b>B<\/b><\/td>\n<td><b>25B-B017N104<\/b><\/td>\n<td><b>\u00a0\u2013<\/b><\/td>\n<\/tr>\n<tr>\n<td><b>\u00a05.5<\/b><\/td>\n<td><b>5.5<\/b><b>\u00a0<\/b><\/td>\n<td><b>24\u00a0<\/b><\/td>\n<td><b>C<\/b><\/td>\n<td><b>\u00a0<\/b><b>25B-B024N104<\/b><\/td>\n<td><b>\u00a0\u2013<\/b><\/td>\n<\/tr>\n<tr>\n<td><b>\u00a07.5<\/b><\/td>\n<td><b>\u00a0<\/b><b>\u00a07.5<\/b><\/td>\n<td><b>32.2\u00a0<\/b><\/td>\n<td><b>D\u00a0<\/b><\/td>\n<td><b>25B-B032N104<\/b><\/td>\n<td><b>\u2013\u00a0<\/b><\/td>\n<\/tr>\n<tr>\n<td><b>\u00a011<\/b><\/td>\n<td><b>\u00a0<\/b><b>\u00a011<\/b><\/td>\n<td><b>48.3\u00a0<\/b><\/td>\n<td><b>E\u00a0<\/b><\/td>\n<td><b>\u00a0<\/b><b>25B-B048N104<\/b><\/td>\n<td><b>\u00a0\u2013<\/b><\/td>\n<\/tr>\n<tr>\n<td><b>\u00a015<\/b><\/td>\n<td>\u00a0<b>\u00a011<\/b><\/td>\n<td><b>\u00a062.1<\/b><\/td>\n<td><b>E<\/b><\/td>\n<td><b>25B-B062N104<\/b><\/td>\n<td>\u00a0\u2013<\/td>\n<\/tr>\n<\/tbody>\n<\/table>\n<\/div>\n<div><\/div>\n<p><b>380\u2026480VAC, Ng\u00f5 v\u00e0o 3 pha, ng\u00f5 ra 3 pha, 50\/60 Hz<\/b><\/p>\n<\/div>\n<div>\n<table border=\"1\" width=\"932\" cellspacing=\"0\">\n<tbody>\n<tr>\n<td>\n<div><b>C\u00f4ng Su\u1ea5t<\/b><\/div>\n<div><b>T\u1ea3i Th\u01b0\u1eddng\u00a0<\/b><\/div>\n<div><b>(KW)<\/b><\/div>\n<\/td>\n<td>\u00a0<b>C\u00f4ng Su\u1ea5t<br \/>\nT\u1ea3i N\u1eb7ng\u00a0<\/b><\/p>\n<div><b>(KW)<\/b><\/div>\n<\/td>\n<td>\n<div><b>\u00a0D\u00f2ng \u0110i\u1ec7n<\/b><\/div>\n<div><b>(A)<\/b><\/div>\n<\/td>\n<td><b>\u00a0Frame Size\u00a0\u00a0 \u00a0<\/b><\/td>\n<td><b>\u00a0M\u00e3 H\u00e0ng (Kh\u00f4ng Filter)<\/b><\/td>\n<td><b>\u00a0M\u00e3 H\u00e0ng (C\u00f3 Filter)<\/b><\/td>\n<\/tr>\n<tr>\n<td><b>\u00a00.4<\/b><\/td>\n<td><b>\u00a00.4<\/b><\/td>\n<td><b>\u00a01.4<\/b><\/td>\n<td><b>A<\/b><\/td>\n<td><b>25B-D1P4N104<\/b><\/td>\n<td><b>25B-D1P4N114<\/b><\/td>\n<\/tr>\n<tr>\n<td><b>0.75<\/b><\/td>\n<td><b>0.75<\/b><\/td>\n<td><b>2.3<\/b><\/td>\n<td><b>\u00a0A<\/b><\/td>\n<td><b>25B-D2P3N104<\/b><\/td>\n<td><b>25B-D2P3N114<\/b><\/td>\n<\/tr>\n<tr>\n<td><b>1.5<\/b><\/td>\n<td><b>1.5<\/b><\/td>\n<td><b>4<\/b><\/td>\n<td><b>\u00a0A<\/b><\/td>\n<td><b>25B-D4P0N104<\/b><\/td>\n<td><b>25B-D4P0N114<\/b><\/td>\n<\/tr>\n<tr>\n<td><b>\u00a02.2<\/b><\/td>\n<td><b>2.2<\/b><\/td>\n<td><b>\u00a06<\/b><\/td>\n<td><b>A<\/b><\/td>\n<td><b>25B-D6P0N104<\/b><\/td>\n<td><b>25B-D6P0N114<\/b><\/td>\n<\/tr>\n<tr>\n<td><b>4<\/b><\/td>\n<td><b>4<\/b><\/td>\n<td><b>10.5<\/b><\/td>\n<td><b>B<\/b><\/td>\n<td><b>25B-D010N104<\/b><\/td>\n<td><b>25A-D010N114<\/b><\/td>\n<\/tr>\n<tr>\n<td><b>5.5<\/b><\/td>\n<td><b>5.5<\/b><\/td>\n<td><b>\u00a013<\/b><\/td>\n<td><b>C<\/b><\/td>\n<td><b>25B-D013N104<\/b><\/td>\n<td><b>25B-D013N114<\/b><\/td>\n<\/tr>\n<tr>\n<td><b>7.5<\/b><\/td>\n<td><b>7.5<\/b><\/td>\n<td><b>17<\/b><\/td>\n<td><b>C<\/b><\/td>\n<td><b>25B-D017N104<\/b><\/td>\n<td><b>25B-D017N114<\/b><\/td>\n<\/tr>\n<tr>\n<td><b>11<\/b><\/td>\n<td><b>11<\/b><\/td>\n<td><b>24<\/b><\/td>\n<td><b>D\u00a0<\/b><\/td>\n<td><b>25B-D024N104<\/b><\/td>\n<td><b>25B-D024N114<\/b><\/td>\n<\/tr>\n<tr>\n<td><b>\u00a015<\/b><\/td>\n<td><b>\u00a011<\/b><\/td>\n<td><b>30<\/b><\/td>\n<td><b>D<\/b><\/td>\n<td><b>25B-D030N104<\/b><\/td>\n<td><b>25B-D030N114<\/b><\/td>\n<\/tr>\n<tr>\n<td><b>18.5<\/b><\/td>\n<td><b>\u00a0\u00a015<\/b><\/td>\n<td><b>37<\/b><\/td>\n<td><b>E<\/b><\/td>\n<td><b>25B-D037N114<\/b><\/td>\n<td><b>25B-D037N114<\/b><\/td>\n<\/tr>\n<tr>\n<td><b>\u00a022<\/b><\/td>\n<td><b>\u00a018.5<\/b><\/td>\n<td><b>\u00a043<\/b><\/td>\n<td><b>\u00a0E<\/b><\/td>\n<td><b>25B-D043N114<\/b><\/td>\n<td><b>25B-D043N114<\/b><\/td>\n<\/tr>\n<\/tbody>\n<\/table>\n<\/div>\n<p><strong>Allen-Bradley PowerFlex 25B-D013N114 AC Driver<\/strong><\/p>\n<p><strong>M\u1ed9t s\u1ed1 model s\u1ea3n ph\u1ea9m kh\u00e1c :<\/strong><\/p>\n<p>25B-D2P3N104,<\/p>\n<p>25B-D2P3N104,<\/p>\n<p>25B-D030N104,<\/p>\n<p>25B-D017N104,<\/p>\n<p>25B-D010N104,<\/p>\n<p>25B-D010N104,<\/p>\n<p>25B-D010N114,<\/p>\n<p>25B-D010N114,<\/p>\n<p>25B-D013N104,<\/p>\n<p>25B-D013N104,<\/p>\n<p>25B-D013N114,<\/p>\n<p>25B-D013N114,<\/p>\n<p>25B-D017N104,<\/p>\n<p>25B-D017N104,<\/p>\n<p>25B-D017N114,<\/p>\n<p>25B-D024N104,<\/p>\n<p>25B-D024N104,<\/p>\n<p>25B-D024N114,<\/p>\n<p>25B-D024N114,<\/p>\n<p>25C-V2P5N104,<\/p>\n<p>25C-V4P8N104,<\/p>\n<p>25C-V6P0N104,<\/p>\n<p>25C-A2P5N104,<\/p>\n<p>25C-A4,P8N104,<\/p>\n<p>25C-A8P0N104,<\/p>\n<p>25C-A011N104,<\/p>\n<p>25C-A2P5N114,<\/p>\n<p>25C-A4P8N114,<\/p>\n<p>25C-A8P0N114<\/p>\n<p>\u0110\u1ea1i l\u00fd ALLEN BRADLEY vietnam, ALLEN BRADLEY viet nam, ALLEN BRADLEY vietnam distributor, Ph\u00e2n ph\u1ed1i ALLEN BRADLEYc t\u1ea1i vi\u1ec7t nam<\/p>\n<p>\u0110\u1ea1i l\u00fd ALLEN BRADLEY vietnam, ALLEN BRADLEY viet nam, ALLEN BRADLEY vietnam distributor, Ph\u00e2n ph\u1ed1i ALLEN BRADLEYc t\u1ea1i vi\u1ec7t nam<\/p>\n<p>\u0110\u1ea1i l\u00fd ALLEN BRADLEY vietnam, ALLEN BRADLEY viet nam, ALLEN BRADLEY vietnam distributor, Ph\u00e2n ph\u1ed1i ALLEN BRADLEYc t\u1ea1i vi\u1ec7t nam<\/p>\n<p>&nbsp;<\/p>\n<\/div>\n<\/div>\n<\/div>\n<\/div>\n<\/div>\n<\/div>\n","protected":false},"excerpt":{"rendered":"<p>ALLEN BRADLEY 25B-D013N114 T\u00ean s\u1ea3n ph\u1ea9m: PowerFlex 525 AC Drive M\u00e3 s\u1ea3n ph\u1ea9m: 25B-D013N114 C\u00f4ng su\u1ea5t: 7.5 HP, 5.5 kW t\u1ea3i nh\u1eb9, 7.5 HP, 5.5 kW t\u1ea3i n\u1eb7ng \u0110i\u1ec7n \u00e1p c\u1ea5p v\u00e0o: 3 Phase, 480 VAC D\u00f2ng \u0111i\u1ec7n: 13 A Truy\u1ec1n th\u00f4ng: EtherNet\/IP \u1ee8ng d\u1ee5ng: B\u0103ng t\u1ea3i, qu\u1ea1t, b\u01a1m, mixer\u2026&hellip; <\/p>\n","protected":false},"featured_media":3067,"comment_status":"open","ping_status":"closed","template":"","meta":[],"product_cat":[295],"product_tag":[178,306,179],"class_list":{"0":"post-3066","1":"product","2":"type-product","3":"status-publish","4":"has-post-thumbnail","6":"product_cat-allen-bradley","7":"product_tag-allen-bradley-viet-nam","8":"product_tag-bien-tan","9":"product_tag-dai-ly-allen-bradley-viet-nam","11":"first","12":"instock","13":"shipping-taxable","14":"product-type-simple"},"yoast_head":"<!-- This site is optimized with the Yoast SEO plugin v22.8 - https:\/\/yoast.com\/wordpress\/plugins\/seo\/ -->\n<title>ALLEN BRADLEY 25B-D013N114 - OMANI VI\u1ec6T NAM<\/title>\n<meta name=\"description\" content=\"ALLEN BRADLEY 25B-D013N114 Inverter\" \/>\n<meta name=\"robots\" content=\"index, follow, max-snippet:-1, max-image-preview:large, max-video-preview:-1\" \/>\n<link rel=\"canonical\" href=\"https:\/\/omanivietnam.com\/index.php\/san-pham\/allen-bradley25b-d013n114\/\" \/>\n<meta property=\"og:locale\" content=\"vi_VN\" \/>\n<meta property=\"og:type\" content=\"article\" \/>\n<meta property=\"og:title\" content=\"ALLEN BRADLEY 25B-D013N114 - OMANI VI\u1ec6T NAM\" \/>\n<meta property=\"og:description\" content=\"ALLEN BRADLEY 25B-D013N114 Inverter\" \/>\n<meta property=\"og:url\" content=\"https:\/\/omanivietnam.com\/index.php\/san-pham\/allen-bradley25b-d013n114\/\" \/>\n<meta property=\"og:site_name\" content=\"OMANI VI\u1ec6T NAM\" \/>\n<meta property=\"article:modified_time\" content=\"2025-05-26T14:03:09+00:00\" \/>\n<meta property=\"og:image\" content=\"https:\/\/omanivietnam.com\/wp-content\/uploads\/2024\/12\/25B-D013N114.png\" \/>\n\t<meta property=\"og:image:width\" content=\"581\" \/>\n\t<meta property=\"og:image:height\" content=\"561\" \/>\n\t<meta property=\"og:image:type\" content=\"image\/png\" \/>\n<meta name=\"twitter:card\" content=\"summary_large_image\" \/>\n<meta name=\"twitter:label1\" content=\"\u01af\u1edbc t\u00ednh th\u1eddi gian \u0111\u1ecdc\" \/>\n\t<meta name=\"twitter:data1\" content=\"3 ph\u00fat\" \/>\n<script type=\"application\/ld+json\" class=\"yoast-schema-graph\">{\"@context\":\"https:\/\/schema.org\",\"@graph\":[{\"@type\":\"WebPage\",\"@id\":\"https:\/\/omanivietnam.com\/index.php\/san-pham\/allen-bradley25b-d013n114\/\",\"url\":\"https:\/\/omanivietnam.com\/index.php\/san-pham\/allen-bradley25b-d013n114\/\",\"name\":\"ALLEN BRADLEY 25B-D013N114 - OMANI VI\u1ec6T NAM\",\"isPartOf\":{\"@id\":\"https:\/\/omanivietnam.com\/#website\"},\"primaryImageOfPage\":{\"@id\":\"https:\/\/omanivietnam.com\/index.php\/san-pham\/allen-bradley25b-d013n114\/#primaryimage\"},\"image\":{\"@id\":\"https:\/\/omanivietnam.com\/index.php\/san-pham\/allen-bradley25b-d013n114\/#primaryimage\"},\"thumbnailUrl\":\"https:\/\/omanivietnam.com\/wp-content\/uploads\/2024\/12\/25B-D013N114.png\",\"datePublished\":\"2024-12-27T07:23:45+00:00\",\"dateModified\":\"2025-05-26T14:03:09+00:00\",\"description\":\"ALLEN BRADLEY 25B-D013N114 Inverter\",\"breadcrumb\":{\"@id\":\"https:\/\/omanivietnam.com\/index.php\/san-pham\/allen-bradley25b-d013n114\/#breadcrumb\"},\"inLanguage\":\"vi\",\"potentialAction\":[{\"@type\":\"ReadAction\",\"target\":[\"https:\/\/omanivietnam.com\/index.php\/san-pham\/allen-bradley25b-d013n114\/\"]}]},{\"@type\":\"ImageObject\",\"inLanguage\":\"vi\",\"@id\":\"https:\/\/omanivietnam.com\/index.php\/san-pham\/allen-bradley25b-d013n114\/#primaryimage\",\"url\":\"https:\/\/omanivietnam.com\/wp-content\/uploads\/2024\/12\/25B-D013N114.png\",\"contentUrl\":\"https:\/\/omanivietnam.com\/wp-content\/uploads\/2024\/12\/25B-D013N114.png\",\"width\":581,\"height\":561},{\"@type\":\"BreadcrumbList\",\"@id\":\"https:\/\/omanivietnam.com\/index.php\/san-pham\/allen-bradley25b-d013n114\/#breadcrumb\",\"itemListElement\":[{\"@type\":\"ListItem\",\"position\":1,\"name\":\"Home\",\"item\":\"https:\/\/omanivietnam.com\/\"},{\"@type\":\"ListItem\",\"position\":2,\"name\":\"S\u1ea2N PH\u1ea8M\",\"item\":\"https:\/\/omanivietnam.com\/index.php\/cua-hang\/\"},{\"@type\":\"ListItem\",\"position\":3,\"name\":\"ALLEN BRADLEY 25B-D013N114\"}]},{\"@type\":\"WebSite\",\"@id\":\"https:\/\/omanivietnam.com\/#website\",\"url\":\"https:\/\/omanivietnam.com\/\",\"name\":\"OMANI VI\u1ec6T NAM\",\"description\":\"Nh\u00e0 ph\u00e2n ph\u1ed1i thi\u1ebft b\u1ecb kh\u00ed n\u00e9n v\u00e0 thi\u1ebft b\u1ecb t\u1ef1 \u0111\u1ed9ng h\u00f3a trong c\u00f4ng nghi\u1ec7p\",\"publisher\":{\"@id\":\"https:\/\/omanivietnam.com\/#\/schema\/person\/0ad398a980dc3fd696111c2c5c8fa897\"},\"potentialAction\":[{\"@type\":\"SearchAction\",\"target\":{\"@type\":\"EntryPoint\",\"urlTemplate\":\"https:\/\/omanivietnam.com\/?s={search_term_string}\"},\"query-input\":\"required name=search_term_string\"}],\"inLanguage\":\"vi\"},{\"@type\":[\"Person\",\"Organization\"],\"@id\":\"https:\/\/omanivietnam.com\/#\/schema\/person\/0ad398a980dc3fd696111c2c5c8fa897\",\"name\":\"Nguy\u1ec5n V\u0103n Kh\u00e1nh\",\"image\":{\"@type\":\"ImageObject\",\"inLanguage\":\"vi\",\"@id\":\"https:\/\/omanivietnam.com\/#\/schema\/person\/image\/\",\"url\":\"https:\/\/omanivietnam.com\/wp-content\/uploads\/2024\/06\/logo-1024x1024.png\",\"contentUrl\":\"https:\/\/omanivietnam.com\/wp-content\/uploads\/2024\/06\/logo-1024x1024.png\",\"width\":1024,\"height\":1024,\"caption\":\"Nguy\u1ec5n V\u0103n Kh\u00e1nh\"},\"logo\":{\"@id\":\"https:\/\/omanivietnam.com\/#\/schema\/person\/image\/\"},\"sameAs\":[\"https:\/\/omanivietnam.com\"]}]}<\/script>\n<!-- \/ Yoast SEO plugin. -->","yoast_head_json":{"title":"ALLEN BRADLEY 25B-D013N114 - OMANI VI\u1ec6T NAM","description":"ALLEN BRADLEY 25B-D013N114 Inverter","robots":{"index":"index","follow":"follow","max-snippet":"max-snippet:-1","max-image-preview":"max-image-preview:large","max-video-preview":"max-video-preview:-1"},"canonical":"https:\/\/omanivietnam.com\/index.php\/san-pham\/allen-bradley25b-d013n114\/","og_locale":"vi_VN","og_type":"article","og_title":"ALLEN BRADLEY 25B-D013N114 - OMANI VI\u1ec6T NAM","og_description":"ALLEN BRADLEY 25B-D013N114 Inverter","og_url":"https:\/\/omanivietnam.com\/index.php\/san-pham\/allen-bradley25b-d013n114\/","og_site_name":"OMANI VI\u1ec6T NAM","article_modified_time":"2025-05-26T14:03:09+00:00","og_image":[{"width":581,"height":561,"url":"https:\/\/omanivietnam.com\/wp-content\/uploads\/2024\/12\/25B-D013N114.png","type":"image\/png"}],"twitter_card":"summary_large_image","twitter_misc":{"\u01af\u1edbc t\u00ednh th\u1eddi gian \u0111\u1ecdc":"3 ph\u00fat"},"schema":{"@context":"https:\/\/schema.org","@graph":[{"@type":"WebPage","@id":"https:\/\/omanivietnam.com\/index.php\/san-pham\/allen-bradley25b-d013n114\/","url":"https:\/\/omanivietnam.com\/index.php\/san-pham\/allen-bradley25b-d013n114\/","name":"ALLEN BRADLEY 25B-D013N114 - OMANI VI\u1ec6T NAM","isPartOf":{"@id":"https:\/\/omanivietnam.com\/#website"},"primaryImageOfPage":{"@id":"https:\/\/omanivietnam.com\/index.php\/san-pham\/allen-bradley25b-d013n114\/#primaryimage"},"image":{"@id":"https:\/\/omanivietnam.com\/index.php\/san-pham\/allen-bradley25b-d013n114\/#primaryimage"},"thumbnailUrl":"https:\/\/omanivietnam.com\/wp-content\/uploads\/2024\/12\/25B-D013N114.png","datePublished":"2024-12-27T07:23:45+00:00","dateModified":"2025-05-26T14:03:09+00:00","description":"ALLEN BRADLEY 25B-D013N114 Inverter","breadcrumb":{"@id":"https:\/\/omanivietnam.com\/index.php\/san-pham\/allen-bradley25b-d013n114\/#breadcrumb"},"inLanguage":"vi","potentialAction":[{"@type":"ReadAction","target":["https:\/\/omanivietnam.com\/index.php\/san-pham\/allen-bradley25b-d013n114\/"]}]},{"@type":"ImageObject","inLanguage":"vi","@id":"https:\/\/omanivietnam.com\/index.php\/san-pham\/allen-bradley25b-d013n114\/#primaryimage","url":"https:\/\/omanivietnam.com\/wp-content\/uploads\/2024\/12\/25B-D013N114.png","contentUrl":"https:\/\/omanivietnam.com\/wp-content\/uploads\/2024\/12\/25B-D013N114.png","width":581,"height":561},{"@type":"BreadcrumbList","@id":"https:\/\/omanivietnam.com\/index.php\/san-pham\/allen-bradley25b-d013n114\/#breadcrumb","itemListElement":[{"@type":"ListItem","position":1,"name":"Home","item":"https:\/\/omanivietnam.com\/"},{"@type":"ListItem","position":2,"name":"S\u1ea2N PH\u1ea8M","item":"https:\/\/omanivietnam.com\/index.php\/cua-hang\/"},{"@type":"ListItem","position":3,"name":"ALLEN BRADLEY 25B-D013N114"}]},{"@type":"WebSite","@id":"https:\/\/omanivietnam.com\/#website","url":"https:\/\/omanivietnam.com\/","name":"OMANI VI\u1ec6T NAM","description":"Nh\u00e0 ph\u00e2n ph\u1ed1i thi\u1ebft b\u1ecb kh\u00ed n\u00e9n v\u00e0 thi\u1ebft b\u1ecb t\u1ef1 \u0111\u1ed9ng h\u00f3a trong c\u00f4ng nghi\u1ec7p","publisher":{"@id":"https:\/\/omanivietnam.com\/#\/schema\/person\/0ad398a980dc3fd696111c2c5c8fa897"},"potentialAction":[{"@type":"SearchAction","target":{"@type":"EntryPoint","urlTemplate":"https:\/\/omanivietnam.com\/?s={search_term_string}"},"query-input":"required name=search_term_string"}],"inLanguage":"vi"},{"@type":["Person","Organization"],"@id":"https:\/\/omanivietnam.com\/#\/schema\/person\/0ad398a980dc3fd696111c2c5c8fa897","name":"Nguy\u1ec5n V\u0103n Kh\u00e1nh","image":{"@type":"ImageObject","inLanguage":"vi","@id":"https:\/\/omanivietnam.com\/#\/schema\/person\/image\/","url":"https:\/\/omanivietnam.com\/wp-content\/uploads\/2024\/06\/logo-1024x1024.png","contentUrl":"https:\/\/omanivietnam.com\/wp-content\/uploads\/2024\/06\/logo-1024x1024.png","width":1024,"height":1024,"caption":"Nguy\u1ec5n V\u0103n Kh\u00e1nh"},"logo":{"@id":"https:\/\/omanivietnam.com\/#\/schema\/person\/image\/"},"sameAs":["https:\/\/omanivietnam.com"]}]}},"_links":{"self":[{"href":"https:\/\/omanivietnam.com\/index.php\/wp-json\/wp\/v2\/product\/3066","targetHints":{"allow":["GET"]}}],"collection":[{"href":"https:\/\/omanivietnam.com\/index.php\/wp-json\/wp\/v2\/product"}],"about":[{"href":"https:\/\/omanivietnam.com\/index.php\/wp-json\/wp\/v2\/types\/product"}],"replies":[{"embeddable":true,"href":"https:\/\/omanivietnam.com\/index.php\/wp-json\/wp\/v2\/comments?post=3066"}],"wp:featuredmedia":[{"embeddable":true,"href":"https:\/\/omanivietnam.com\/index.php\/wp-json\/wp\/v2\/media\/3067"}],"wp:attachment":[{"href":"https:\/\/omanivietnam.com\/index.php\/wp-json\/wp\/v2\/media?parent=3066"}],"wp:term":[{"taxonomy":"product_cat","embeddable":true,"href":"https:\/\/omanivietnam.com\/index.php\/wp-json\/wp\/v2\/product_cat?post=3066"},{"taxonomy":"product_tag","embeddable":true,"href":"https:\/\/omanivietnam.com\/index.php\/wp-json\/wp\/v2\/product_tag?post=3066"}],"curies":[{"name":"wp","href":"https:\/\/api.w.org\/{rel}","templated":true}]}}