{"id":3093,"date":"2025-01-03T16:26:57","date_gmt":"2025-01-03T09:26:57","guid":{"rendered":"https:\/\/omanivietnam.com\/?post_type=product&#038;p=3093"},"modified":"2025-04-12T17:03:48","modified_gmt":"2025-04-12T10:03:48","slug":"norgren-spc-990184-10","status":"publish","type":"product","link":"https:\/\/omanivietnam.com\/index.php\/san-pham\/norgren-spc-990184-10\/","title":{"rendered":"NORGREN SPC\/990184\/10"},"content":{"rendered":"<p>NORGREN SPC\/990184\/10<\/p>\n<p>NORGREN SPC\/990184\/10<\/p>\n<p>NORGREN SPC\/990184\/25<\/p>\n<p class=\"text-red m-0 \">Pneumatic Cylinders &amp; Actuators<\/p>\n<div class=\"row gx-0 hero-banner__text--container\">\n<p class=\"font__light\">Pneumatic cylinders, often referred to as pneumatic actuators or pneumatic drives, are used to provide motion and force to industrial automation applications. Norgren offers both single acting cylinders and double acting cylinders and their corresponding accessories &amp; mountings. Our pneumatic cylinder ranges include profile cylinders, roundline cylinders, compact cylinders and rodless cylinders.<\/p>\n<p class=\"productView-title\">Norgren SPC\/990184\/10 Pneumatic Cylinder 20 MM Bore, 50 MM Stroke<\/p>\n<p>&nbsp;<\/p>\n<p>\u0110\u1ea1i l\u00fd NORGREN vietnam, NORGREN viet nam, NORGREN vietnam distributor, Ph\u00e2n ph\u1ed1i NORGREN t\u1ea1i vi\u1ec7t nam<\/p>\n<p>\u0110\u1ea1i l\u00fd NORGREN vietnam, NORGREN viet nam, NORGREN vietnam distributor, Ph\u00e2n ph\u1ed1i NORGREN t\u1ea1i vi\u1ec7t nam<\/p>\n<p>\u0110\u1ea1i l\u00fd NORGREN vietnam, NORGREN viet nam, NORGREN vietnam distributor, Ph\u00e2n ph\u1ed1i NORGREN t\u1ea1i vi\u1ec7t nam<\/p>\n<p>\u0110\u1ea1i l\u00fd NORGREN vietnam, NORGREN viet nam, NORGREN vietnam distributor, Ph\u00e2n ph\u1ed1i NORGREN t\u1ea1i vi\u1ec7t nam<\/p>\n<p>\u0110\u1ea1i l\u00fd NORGREN vietnam, NORGREN viet nam, NORGREN vietnam distributor, Ph\u00e2n ph\u1ed1i NORGREN t\u1ea1i vi\u1ec7t nam<\/p>\n<\/div>\n","protected":false},"excerpt":{"rendered":"<p>NORGREN SPC\/990184\/10 NORGREN SPC\/990184\/10 NORGREN SPC\/990184\/25 Pneumatic Cylinders &amp; Actuators Pneumatic cylinders, often referred to as pneumatic actuators or pneumatic drives, are used to provide motion and force to industrial automation applications. Norgren offers both single acting cylinders and double acting cylinders and their corresponding accessories &amp; mountings. Our pneumatic&hellip; <\/p>\n","protected":false},"featured_media":3094,"comment_status":"open","ping_status":"closed","template":"","meta":[],"product_cat":[482],"product_tag":[484,483,98],"class_list":{"0":"post-3093","1":"product","2":"type-product","3":"status-publish","4":"has-post-thumbnail","6":"product_cat-norgren","7":"product_tag-dai-ly-norgren-viet-nam","8":"product_tag-norgren-viet-nam","9":"product_tag-xy-lanh-khi","11":"first","12":"instock","13":"shipping-taxable","14":"product-type-simple"},"yoast_head":"<!-- This site is optimized with the Yoast SEO plugin v22.8 - https:\/\/yoast.com\/wordpress\/plugins\/seo\/ -->\n<title>NORGREN SPC\/990184\/10 - OMANI VI\u1ec6T NAM<\/title>\n<meta name=\"description\" content=\"NORGREN SPC\/990184\/10 Cylinder\" \/>\n<meta name=\"robots\" content=\"index, follow, max-snippet:-1, max-image-preview:large, max-video-preview:-1\" \/>\n<link rel=\"canonical\" href=\"https:\/\/omanivietnam.com\/index.php\/san-pham\/norgren-spc-990184-10\/\" \/>\n<meta property=\"og:locale\" content=\"vi_VN\" \/>\n<meta property=\"og:type\" content=\"article\" \/>\n<meta property=\"og:title\" content=\"NORGREN SPC\/990184\/10 - OMANI VI\u1ec6T NAM\" \/>\n<meta property=\"og:description\" content=\"NORGREN SPC\/990184\/10 Cylinder\" \/>\n<meta property=\"og:url\" content=\"https:\/\/omanivietnam.com\/index.php\/san-pham\/norgren-spc-990184-10\/\" \/>\n<meta property=\"og:site_name\" content=\"OMANI VI\u1ec6T NAM\" \/>\n<meta property=\"article:modified_time\" content=\"2025-04-12T10:03:48+00:00\" \/>\n<meta property=\"og:image\" content=\"https:\/\/omanivietnam.com\/wp-content\/uploads\/2025\/01\/SPC-990184-10.png\" \/>\n\t<meta property=\"og:image:width\" content=\"323\" \/>\n\t<meta property=\"og:image:height\" content=\"293\" \/>\n\t<meta property=\"og:image:type\" content=\"image\/png\" \/>\n<meta name=\"twitter:card\" content=\"summary_large_image\" \/>\n<meta name=\"twitter:label1\" content=\"\u01af\u1edbc t\u00ednh th\u1eddi gian \u0111\u1ecdc\" \/>\n\t<meta name=\"twitter:data1\" content=\"2 ph\u00fat\" \/>\n<script type=\"application\/ld+json\" class=\"yoast-schema-graph\">{\"@context\":\"https:\/\/schema.org\",\"@graph\":[{\"@type\":\"WebPage\",\"@id\":\"https:\/\/omanivietnam.com\/index.php\/san-pham\/norgren-spc-990184-10\/\",\"url\":\"https:\/\/omanivietnam.com\/index.php\/san-pham\/norgren-spc-990184-10\/\",\"name\":\"NORGREN SPC\/990184\/10 - OMANI VI\u1ec6T NAM\",\"isPartOf\":{\"@id\":\"https:\/\/omanivietnam.com\/#website\"},\"primaryImageOfPage\":{\"@id\":\"https:\/\/omanivietnam.com\/index.php\/san-pham\/norgren-spc-990184-10\/#primaryimage\"},\"image\":{\"@id\":\"https:\/\/omanivietnam.com\/index.php\/san-pham\/norgren-spc-990184-10\/#primaryimage\"},\"thumbnailUrl\":\"https:\/\/omanivietnam.com\/wp-content\/uploads\/2025\/01\/SPC-990184-10.png\",\"datePublished\":\"2025-01-03T09:26:57+00:00\",\"dateModified\":\"2025-04-12T10:03:48+00:00\",\"description\":\"NORGREN SPC\/990184\/10 Cylinder\",\"breadcrumb\":{\"@id\":\"https:\/\/omanivietnam.com\/index.php\/san-pham\/norgren-spc-990184-10\/#breadcrumb\"},\"inLanguage\":\"vi\",\"potentialAction\":[{\"@type\":\"ReadAction\",\"target\":[\"https:\/\/omanivietnam.com\/index.php\/san-pham\/norgren-spc-990184-10\/\"]}]},{\"@type\":\"ImageObject\",\"inLanguage\":\"vi\",\"@id\":\"https:\/\/omanivietnam.com\/index.php\/san-pham\/norgren-spc-990184-10\/#primaryimage\",\"url\":\"https:\/\/omanivietnam.com\/wp-content\/uploads\/2025\/01\/SPC-990184-10.png\",\"contentUrl\":\"https:\/\/omanivietnam.com\/wp-content\/uploads\/2025\/01\/SPC-990184-10.png\",\"width\":323,\"height\":293},{\"@type\":\"BreadcrumbList\",\"@id\":\"https:\/\/omanivietnam.com\/index.php\/san-pham\/norgren-spc-990184-10\/#breadcrumb\",\"itemListElement\":[{\"@type\":\"ListItem\",\"position\":1,\"name\":\"Home\",\"item\":\"https:\/\/omanivietnam.com\/\"},{\"@type\":\"ListItem\",\"position\":2,\"name\":\"S\u1ea2N PH\u1ea8M\",\"item\":\"https:\/\/omanivietnam.com\/index.php\/cua-hang\/\"},{\"@type\":\"ListItem\",\"position\":3,\"name\":\"NORGREN SPC\/990184\/10\"}]},{\"@type\":\"WebSite\",\"@id\":\"https:\/\/omanivietnam.com\/#website\",\"url\":\"https:\/\/omanivietnam.com\/\",\"name\":\"OMANI VI\u1ec6T NAM\",\"description\":\"Nh\u00e0 ph\u00e2n ph\u1ed1i thi\u1ebft b\u1ecb kh\u00ed n\u00e9n v\u00e0 thi\u1ebft b\u1ecb t\u1ef1 \u0111\u1ed9ng h\u00f3a trong c\u00f4ng nghi\u1ec7p\",\"publisher\":{\"@id\":\"https:\/\/omanivietnam.com\/#\/schema\/person\/0ad398a980dc3fd696111c2c5c8fa897\"},\"potentialAction\":[{\"@type\":\"SearchAction\",\"target\":{\"@type\":\"EntryPoint\",\"urlTemplate\":\"https:\/\/omanivietnam.com\/?s={search_term_string}\"},\"query-input\":\"required name=search_term_string\"}],\"inLanguage\":\"vi\"},{\"@type\":[\"Person\",\"Organization\"],\"@id\":\"https:\/\/omanivietnam.com\/#\/schema\/person\/0ad398a980dc3fd696111c2c5c8fa897\",\"name\":\"Nguy\u1ec5n V\u0103n Kh\u00e1nh\",\"image\":{\"@type\":\"ImageObject\",\"inLanguage\":\"vi\",\"@id\":\"https:\/\/omanivietnam.com\/#\/schema\/person\/image\/\",\"url\":\"https:\/\/omanivietnam.com\/wp-content\/uploads\/2024\/06\/logo-1024x1024.png\",\"contentUrl\":\"https:\/\/omanivietnam.com\/wp-content\/uploads\/2024\/06\/logo-1024x1024.png\",\"width\":1024,\"height\":1024,\"caption\":\"Nguy\u1ec5n V\u0103n Kh\u00e1nh\"},\"logo\":{\"@id\":\"https:\/\/omanivietnam.com\/#\/schema\/person\/image\/\"},\"sameAs\":[\"https:\/\/omanivietnam.com\"]}]}<\/script>\n<!-- \/ Yoast SEO plugin. -->","yoast_head_json":{"title":"NORGREN SPC\/990184\/10 - OMANI VI\u1ec6T NAM","description":"NORGREN SPC\/990184\/10 Cylinder","robots":{"index":"index","follow":"follow","max-snippet":"max-snippet:-1","max-image-preview":"max-image-preview:large","max-video-preview":"max-video-preview:-1"},"canonical":"https:\/\/omanivietnam.com\/index.php\/san-pham\/norgren-spc-990184-10\/","og_locale":"vi_VN","og_type":"article","og_title":"NORGREN SPC\/990184\/10 - OMANI VI\u1ec6T NAM","og_description":"NORGREN SPC\/990184\/10 Cylinder","og_url":"https:\/\/omanivietnam.com\/index.php\/san-pham\/norgren-spc-990184-10\/","og_site_name":"OMANI VI\u1ec6T NAM","article_modified_time":"2025-04-12T10:03:48+00:00","og_image":[{"width":323,"height":293,"url":"https:\/\/omanivietnam.com\/wp-content\/uploads\/2025\/01\/SPC-990184-10.png","type":"image\/png"}],"twitter_card":"summary_large_image","twitter_misc":{"\u01af\u1edbc t\u00ednh th\u1eddi gian \u0111\u1ecdc":"2 ph\u00fat"},"schema":{"@context":"https:\/\/schema.org","@graph":[{"@type":"WebPage","@id":"https:\/\/omanivietnam.com\/index.php\/san-pham\/norgren-spc-990184-10\/","url":"https:\/\/omanivietnam.com\/index.php\/san-pham\/norgren-spc-990184-10\/","name":"NORGREN SPC\/990184\/10 - OMANI VI\u1ec6T NAM","isPartOf":{"@id":"https:\/\/omanivietnam.com\/#website"},"primaryImageOfPage":{"@id":"https:\/\/omanivietnam.com\/index.php\/san-pham\/norgren-spc-990184-10\/#primaryimage"},"image":{"@id":"https:\/\/omanivietnam.com\/index.php\/san-pham\/norgren-spc-990184-10\/#primaryimage"},"thumbnailUrl":"https:\/\/omanivietnam.com\/wp-content\/uploads\/2025\/01\/SPC-990184-10.png","datePublished":"2025-01-03T09:26:57+00:00","dateModified":"2025-04-12T10:03:48+00:00","description":"NORGREN SPC\/990184\/10 Cylinder","breadcrumb":{"@id":"https:\/\/omanivietnam.com\/index.php\/san-pham\/norgren-spc-990184-10\/#breadcrumb"},"inLanguage":"vi","potentialAction":[{"@type":"ReadAction","target":["https:\/\/omanivietnam.com\/index.php\/san-pham\/norgren-spc-990184-10\/"]}]},{"@type":"ImageObject","inLanguage":"vi","@id":"https:\/\/omanivietnam.com\/index.php\/san-pham\/norgren-spc-990184-10\/#primaryimage","url":"https:\/\/omanivietnam.com\/wp-content\/uploads\/2025\/01\/SPC-990184-10.png","contentUrl":"https:\/\/omanivietnam.com\/wp-content\/uploads\/2025\/01\/SPC-990184-10.png","width":323,"height":293},{"@type":"BreadcrumbList","@id":"https:\/\/omanivietnam.com\/index.php\/san-pham\/norgren-spc-990184-10\/#breadcrumb","itemListElement":[{"@type":"ListItem","position":1,"name":"Home","item":"https:\/\/omanivietnam.com\/"},{"@type":"ListItem","position":2,"name":"S\u1ea2N PH\u1ea8M","item":"https:\/\/omanivietnam.com\/index.php\/cua-hang\/"},{"@type":"ListItem","position":3,"name":"NORGREN SPC\/990184\/10"}]},{"@type":"WebSite","@id":"https:\/\/omanivietnam.com\/#website","url":"https:\/\/omanivietnam.com\/","name":"OMANI VI\u1ec6T NAM","description":"Nh\u00e0 ph\u00e2n ph\u1ed1i thi\u1ebft b\u1ecb kh\u00ed n\u00e9n v\u00e0 thi\u1ebft b\u1ecb t\u1ef1 \u0111\u1ed9ng h\u00f3a trong c\u00f4ng nghi\u1ec7p","publisher":{"@id":"https:\/\/omanivietnam.com\/#\/schema\/person\/0ad398a980dc3fd696111c2c5c8fa897"},"potentialAction":[{"@type":"SearchAction","target":{"@type":"EntryPoint","urlTemplate":"https:\/\/omanivietnam.com\/?s={search_term_string}"},"query-input":"required name=search_term_string"}],"inLanguage":"vi"},{"@type":["Person","Organization"],"@id":"https:\/\/omanivietnam.com\/#\/schema\/person\/0ad398a980dc3fd696111c2c5c8fa897","name":"Nguy\u1ec5n V\u0103n Kh\u00e1nh","image":{"@type":"ImageObject","inLanguage":"vi","@id":"https:\/\/omanivietnam.com\/#\/schema\/person\/image\/","url":"https:\/\/omanivietnam.com\/wp-content\/uploads\/2024\/06\/logo-1024x1024.png","contentUrl":"https:\/\/omanivietnam.com\/wp-content\/uploads\/2024\/06\/logo-1024x1024.png","width":1024,"height":1024,"caption":"Nguy\u1ec5n V\u0103n Kh\u00e1nh"},"logo":{"@id":"https:\/\/omanivietnam.com\/#\/schema\/person\/image\/"},"sameAs":["https:\/\/omanivietnam.com"]}]}},"_links":{"self":[{"href":"https:\/\/omanivietnam.com\/index.php\/wp-json\/wp\/v2\/product\/3093","targetHints":{"allow":["GET"]}}],"collection":[{"href":"https:\/\/omanivietnam.com\/index.php\/wp-json\/wp\/v2\/product"}],"about":[{"href":"https:\/\/omanivietnam.com\/index.php\/wp-json\/wp\/v2\/types\/product"}],"replies":[{"embeddable":true,"href":"https:\/\/omanivietnam.com\/index.php\/wp-json\/wp\/v2\/comments?post=3093"}],"wp:featuredmedia":[{"embeddable":true,"href":"https:\/\/omanivietnam.com\/index.php\/wp-json\/wp\/v2\/media\/3094"}],"wp:attachment":[{"href":"https:\/\/omanivietnam.com\/index.php\/wp-json\/wp\/v2\/media?parent=3093"}],"wp:term":[{"taxonomy":"product_cat","embeddable":true,"href":"https:\/\/omanivietnam.com\/index.php\/wp-json\/wp\/v2\/product_cat?post=3093"},{"taxonomy":"product_tag","embeddable":true,"href":"https:\/\/omanivietnam.com\/index.php\/wp-json\/wp\/v2\/product_tag?post=3093"}],"curies":[{"name":"wp","href":"https:\/\/api.w.org\/{rel}","templated":true}]}}