{"id":3095,"date":"2025-01-03T17:04:01","date_gmt":"2025-01-03T10:04:01","guid":{"rendered":"https:\/\/omanivietnam.com\/?post_type=product&#038;p=3095"},"modified":"2025-04-30T13:15:39","modified_gmt":"2025-04-30T06:15:39","slug":"panasonic-ex-13eb","status":"publish","type":"product","link":"https:\/\/omanivietnam.com\/index.php\/san-pham\/panasonic-ex-13eb\/","title":{"rendered":"PANASONIC EX-13EB"},"content":{"rendered":"<p>PANASONIC EX-13EB<\/p>\n<p>EX-13EB (EX-13EBD+EX-13EP)<\/p>\n<p class=\"name\">EX-13EA,EX-13EB, EX-13EB-PN<\/p>\n<h2><strong>C\u1ea3m bi\u1ebfn quang Panasonic EX-13EB<\/strong><\/h2>\n<p>V\u1edbi k\u00edch th\u01b0\u1edbc ch\u1ec9 14,5 x 3,5 x 10 mm, c\u1ea3m bi\u1ebfn s\u00ea-ri EX-10 l\u00e0 m\u1ed9t trong nh\u1eefng c\u1ea3m bi\u1ebfn nh\u1ecf nh\u1ea5t v\u00e0 h\u1eb9p nh\u1ea5t tr\u00ean to\u00e0n th\u1ebf gi\u1edbi. M\u1eb7c d\u00f9 c\u00f3 thi\u1ebft k\u1ebf si\u00eau nh\u1ecf, ph\u1ea1m vi t\u1ed1i \u0111a c\u1ee7a phi\u00ean b\u1ea3n ch\u00f9m tia l\u00e0 1000mm mang l\u1ea1i hi\u1ec7u su\u1ea5t \u0111\u1eb7c bi\u1ec7t cao. D\u00f2ng EX-10 c\u00f3 hai thi\u1ebft k\u1ebf c\u01a1 b\u1ea3n kh\u00e1c nhau, v\u1edbi ngu\u1ed3n s\u00e1ng c\u1ea3m bi\u1ebfn ph\u00eda tr\u01b0\u1edbc ho\u1eb7c c\u1ea3m bi\u1ebfn b\u00ean, gi\u00fap m\u1edf r\u1ed9ng th\u00eam c\u00e1c t\u00f9y ch\u1ecdn l\u1eafp \u0111\u1eb7t trong kh\u00f4ng gian h\u1eb9p.<\/p>\n<h3><strong>\u0110\u1eb7c tr\u01b0ng<\/strong><\/h3>\n<ul>\n<li>Th\u1eddi gian \u0111\u00e1p \u1ee9ng ch\u1ec9 0,5ms<\/li>\n<li>C\u00e1c phi\u00ean b\u1ea3n c\u1ea3m bi\u1ebfn ph\u00eda tr\u01b0\u1edbc ho\u1eb7c c\u1ea3m bi\u1ebfn b\u00ean<\/li>\n<li>M\u1edbi: ti\u1ebft ki\u1ec7m \u0111\u1ebfn 35% \u0111i\u1ec7n n\u0103ng ti\u00eau th\u1ee5<\/li>\n<li>M\u1edbi: c\u1ea3i thi\u1ec7n kh\u1ea3 n\u0103ng ch\u1ed1ng \u00e1nh s\u00e1ng xung quanh<\/li>\n<li>C\u00f3 s\u1eb5n c\u00e1c lo\u1ea1i ph\u1ea3n x\u1ea1 l\u1ea5y n\u00e9t c\u1ed1 \u0111\u1ecbnh (lo\u1ea1i \u00e1nh s\u00e1ng khu\u1ebfch t\u00e1n)<\/li>\n<li>2 \u0111\u00e8n LED ch\u1ec9 b\u00e1o<\/li>\n<li>B\u1ecbt k\u00edn v\u1edbi IP67<\/li>\n<\/ul>\n<p>\u1ee8ng d\u1ee5ng<\/p>\n<ul>\n<li>Ph\u00e1t hi\u1ec7n phao cho \u0111\u1ed3ng h\u1ed3 \u0111o l\u01b0u l\u01b0\u1ee3ng<\/li>\n<li>S\u1ee3i x\u00e1c nh\u1eadn ch\u1ed7 ng\u1ed3i<\/li>\n<li>Ph\u00e1t hi\u1ec7n c\u00e1c b\u1ed9 ph\u1eadn nh\u1ecf nh\u01b0 \u1ed1c v\u00edt<\/li>\n<li>C\u1ea3m bi\u1ebfn gi\u00e1 \u0111\u1ee1 PCB<\/li>\n<\/ul>\n<h2 id=\"spec\">Spec Detail<\/h2>\n<div class=\"bl_parts_change_notion\">Specifications and design of the products are subject to change without notice for the product improvement.<\/div>\n<div class=\"bl_table_wrapper scroll-hint\">\n<table class=\"el_parts_table el_parts_table-column2\">\n<thead>\n<tr>\n<th>Item<\/th>\n<th>Specifications<\/th>\n<\/tr>\n<\/thead>\n<tbody>\n<tr>\n<th>Product Number<\/th>\n<td>EX-13EB<\/td>\n<\/tr>\n<tr>\n<th>Part Number<\/th>\n<td>EX-13EB<\/td>\n<\/tr>\n<tr>\n<th>Products Name<\/th>\n<td>Ultra-slim Photoelectric Sensor<\/td>\n<\/tr>\n<tr>\n<th>Product details<\/th>\n<td>Thru-beam [Side sensing]<\/td>\n<\/tr>\n<tr>\n<th>The price of the product<\/th>\n<td>Please contact our office<\/td>\n<\/tr>\n<tr>\n<th>Applicable regulations and certifications<\/th>\n<td>CE Marking (EMC Directive, RoHS Directive), UKCA Marking (EMC Regulations, RoHS Regulations), ISO 13849-1 (Category 1, PLc) (Note), UL Recognition certification<br \/>\n(Note) : Conformed from December 2021 production.<\/td>\n<\/tr>\n<tr>\n<th>Sensing range<\/th>\n<td>500 mm\u00a0<span class=\"inch\">19.685 in<\/span><\/td>\n<\/tr>\n<tr>\n<th>Min. sensing object<\/th>\n<td>\u00f82 mm\u00a0<span class=\"inch\">\u00f80.079 in<\/span>\u00a0opaque object (Completely beam interrupted object) (Setting distance between emitter and receiver: 500 mm\u00a0<span class=\"inch\">19.685 in<\/span>)<\/td>\n<\/tr>\n<tr>\n<th>Hysteresis<\/th>\n<td>&#8211;<\/td>\n<\/tr>\n<tr>\n<th>Repeatability(perpendicular to sensing axis)<\/th>\n<td>0.05 mm\u00a0<span class=\"inch\">0.002 in<\/span>\u00a0or less<\/td>\n<\/tr>\n<tr>\n<th>Supply voltage<\/th>\n<td>12 to 24 V DC plus or minus 10 % Ripple P-P 10 % or less<\/td>\n<\/tr>\n<tr>\n<th>Current consumption<\/th>\n<td>Emitter: 10 mA or less<br \/>\nReceiver: 10 mA or less<\/td>\n<\/tr>\n<tr>\n<th>Output<\/th>\n<td>NPN open-collector transistor<br \/>\n&#8211; Maximum sink current: 50 mA<br \/>\n&#8211; Applied voltage: 30 V DC or less (between output and 0 V)<br \/>\n&#8211; Residual voltage: 2 V or less (at 50 mA sink current),1 V or less (at 16 mA sink current)<\/td>\n<\/tr>\n<tr>\n<th>Output:Utilization category<\/th>\n<td>DC-12 or DC-13<\/td>\n<\/tr>\n<tr>\n<th>Output:Short-circuit protection<\/th>\n<td>Incorporated<\/td>\n<\/tr>\n<tr>\n<th>Response time<\/th>\n<td>0.5 ms or less<\/td>\n<\/tr>\n<tr>\n<th>Operation indicator<\/th>\n<td>Orange LED (lights up when the output is ON)<\/td>\n<\/tr>\n<tr>\n<th>Incident beam indicator<\/th>\n<td>&#8211;<\/td>\n<\/tr>\n<tr>\n<th>Stability indicator<\/th>\n<td>Green LED (lights up under stable light received condition or stable dark condition)<\/td>\n<\/tr>\n<tr>\n<th>Pollution degree<\/th>\n<td>3 (Industrial environment)<\/td>\n<\/tr>\n<tr>\n<th>Protection<\/th>\n<td>IP67 (IEC)<\/td>\n<\/tr>\n<tr>\n<th>Ambient temperature<\/th>\n<td>-25 to +55 \u2103 -13 to +131 \u2109 (No dew condensation or icing allowed), Storage: -30 to +70 \u2103 -22 to +158 \u2109<\/td>\n<\/tr>\n<tr>\n<th>Ambient humidity<\/th>\n<td>35 to 85 % RH, Storage: 35 to 85 % RH<\/td>\n<\/tr>\n<tr>\n<th>Ambient illuminance<\/th>\n<td>Incandescent light: 3,000 lx or less at the light-receiving face<\/td>\n<\/tr>\n<tr>\n<th>Voltage withstandability<\/th>\n<td>1,000 V AC for one min. between all supply terminals connected together and enclosure<\/td>\n<\/tr>\n<tr>\n<th>Insulation resistance<\/th>\n<td>20 MOhm , or more, with 250 V DC megger between all supply terminals connected together and enclosure<\/td>\n<\/tr>\n<tr>\n<th>Vibration resistance<\/th>\n<td>10 to 500 Hz frequency, 3 mm\u00a0<span class=\"inch\">0.118 in<\/span>\u00a0double amplitude (20 G max.) in X, Y and Z directions for two hours each<\/td>\n<\/tr>\n<tr>\n<th>Shock resistance<\/th>\n<td>500 m\/s<sup>2<\/sup>\u00a0acceleration (50 G approx.) in X, Y and Z directions three times each<\/td>\n<\/tr>\n<tr>\n<th>Emitting element<\/th>\n<td>Red LED (Peak emission wavelength: 680 nm\u00a0<span class=\"inch\">0.027 mil<\/span>, modulated)<\/td>\n<\/tr>\n<tr>\n<th>Material<\/th>\n<td>Enclosure: Polyarylate<br \/>\nLens: Polyarylate<\/td>\n<\/tr>\n<tr>\n<th>Cable<\/th>\n<td>0.1 mm<sup>2<\/sup>\u00a03-core (emitter: 2-core) cabtyre cable, 2 m<span class=\"inch\">\u00a06.562 ft<\/span>\u00a0long<\/td>\n<\/tr>\n<tr>\n<th>Cable extension<\/th>\n<td>Extension up to total 50 m\u00a0<span class=\"inch\">164 ft<\/span>\u00a0is possible with 0.3 mm<sup>2<\/sup>, or more, cable (emitter and receiver).<br \/>\n(Note) : For safety applications, do not exceed 30 m\u00a0<span class=\"inch\">98.425 ft.<\/span><\/td>\n<\/tr>\n<tr>\n<th>Weight<\/th>\n<td>Net weight (each emitter and receiver): 20 g approx<br \/>\nGross weight: 50 g approx<\/td>\n<\/tr>\n<tr>\n<th>Accessory<\/th>\n<td>Mounting screws: 1 set<\/td>\n<\/tr>\n<\/tbody>\n<\/table>\n<h2>Specifications<\/h2>\n<table cellspacing=\"1\">\n<thead>\n<tr>\n<th colspan=\"2\" rowspan=\"2\">Type<\/th>\n<th colspan=\"6\">Thru-beam<\/th>\n<\/tr>\n<tr>\n<th>Front<br \/>\nsensing<\/th>\n<th>Side<br \/>\nsensing<\/th>\n<th>Front<br \/>\nsensing<\/th>\n<th>Side<br \/>\nsensing<\/th>\n<th>Front<br \/>\nsensing<\/th>\n<th>Side<br \/>\nsensing<\/th>\n<\/tr>\n<tr>\n<th rowspan=\"2\">Model No.<br \/>\n(Note 2)<\/th>\n<th>Light-ON<\/th>\n<th>EX-11A<br \/>\n(-PN)<\/th>\n<th>EX-11EA<br \/>\n(-PN)<\/th>\n<th>EX-13A<br \/>\n(-PN)<\/th>\n<th>EX-13EA<br \/>\n(-PN)<\/th>\n<th>EX-19A<br \/>\n(-PN)<\/th>\n<th>EX-19EA<br \/>\n(-PN)<\/th>\n<\/tr>\n<tr>\n<th>Dark-ON<\/th>\n<th>EX-11B<br \/>\n(-PN)<\/th>\n<th>EX-11EB<br \/>\n(-PN)<\/th>\n<th>EX-13B<br \/>\n(-PN)<\/th>\n<th>EX-13EB<br \/>\n(-PN)<\/th>\n<th>EX-19B<br \/>\n(-PN)<\/th>\n<th>EX-19EB<br \/>\n(-PN)<\/th>\n<\/tr>\n<\/thead>\n<tbody>\n<tr>\n<th colspan=\"2\">Regulatory compliance<\/th>\n<td colspan=\"6\">\u30fbEMC Directive \uff1a EN 60947-5-2<br \/>\n\u30fbRoHS Directive<br \/>\n\u30fbISO 13849-1 (Category 1, PLc) (Note 3)<\/td>\n<\/tr>\n<tr>\n<th colspan=\"2\">Certification<\/th>\n<td colspan=\"6\">UL certification (Note 4), Korea\u2019s S-mark certification (Note 5)<\/td>\n<\/tr>\n<tr>\n<th colspan=\"2\">Sensing range<\/th>\n<td colspan=\"2\">150 mm\u00a05.906 in<\/td>\n<td colspan=\"2\">500 mm\u00a019.685 in<\/td>\n<td colspan=\"2\">1 m\u00a03.281 ft<\/td>\n<\/tr>\n<tr>\n<th colspan=\"2\">Min. sensing object<\/th>\n<td colspan=\"2\">\u00f81 mm\u00a0\u00f80.039 in\u00a0opaque object<br \/>\n(Completely beam interrupted object)<br \/>\n(Setting distance<br \/>\nbetween emitter<br \/>\nand receiver:<br \/>\n150 mm\u00a05.906 in)<\/td>\n<td colspan=\"2\">\u00f82 mm\u00a0\u00f80.079 in\u00a0opaque object<br \/>\n(Completely beam interrupted object)<br \/>\n(Setting distance<br \/>\nbetween emitter<br \/>\nand receiver:<br \/>\n500 mm\u00a019.685 in)<\/td>\n<td colspan=\"2\">\u00f82 mm\u00a0\u00f80.079 in<br \/>\nopaque object<br \/>\n(Completely beam<br \/>\ninterrupted object)<br \/>\n(Setting distance between<br \/>\nemitter and receiver:<br \/>\n1 m\u00a03.281 ft)<\/td>\n<\/tr>\n<tr>\n<th colspan=\"2\">Hysteresis<\/th>\n<td colspan=\"6\">&#8211;<\/td>\n<\/tr>\n<tr>\n<th colspan=\"2\">Repeatability<br \/>\n(perpendicular to sensing axis)<\/th>\n<td colspan=\"6\">0.05 mm\u00a00.002 in\u00a0or less<\/td>\n<\/tr>\n<tr>\n<th colspan=\"2\">Supply voltage<\/th>\n<td colspan=\"6\">12 to 24 V DC \u00b1 10 % Ripple P-P 10 % or less<\/td>\n<\/tr>\n<tr>\n<th colspan=\"2\">Current consumption<\/th>\n<td colspan=\"6\">Emitter: 10 mA or less, Receiver: 10 mA or less<\/td>\n<\/tr>\n<tr>\n<th colspan=\"2\">Output<\/th>\n<td colspan=\"6\">&lt;NPN output type&gt;<br \/>\nNPN open-collector transistor<br \/>\n\u30fbMaximum sink current: 50 mA<br \/>\n\u30fbApplied voltage: 30 V DC or less (between output and 0 V)<br \/>\n\u30fbResidual voltage: 2 V or less (at 50 mA sink current)<br \/>\n1 V or less (at 16 mA sink current)&lt;PNP output type&gt;<br \/>\nPNP open-collector transistor<br \/>\n\u30fbMaximum source current: 50 mA<br \/>\n\u30fbApplied voltage: 30 V DC or less (between output and +V)<br \/>\n\u30fbResidual voltage: 2 V or less (at 50 mA source current)<br \/>\n1 V or less (at 16 mA source current)<\/td>\n<\/tr>\n<tr>\n<th rowspan=\"2\"><\/th>\n<th>Utilization category<\/th>\n<td colspan=\"6\">DC-12 or DC-13<\/td>\n<\/tr>\n<tr>\n<th>Short-circuit protection<\/th>\n<td colspan=\"6\">Incorporated<\/td>\n<\/tr>\n<tr>\n<th colspan=\"2\">Response time<\/th>\n<td colspan=\"6\">0.5 ms or less<\/td>\n<\/tr>\n<tr>\n<th colspan=\"2\">Operation indicator<\/th>\n<td colspan=\"6\">Orange LED (lights up when the output is ON)<\/td>\n<\/tr>\n<tr>\n<th colspan=\"2\">Incident beam indicator<\/th>\n<td colspan=\"6\">&#8211;<\/td>\n<\/tr>\n<tr>\n<th colspan=\"2\">Stability indicator<\/th>\n<td colspan=\"6\">Green LED<br \/>\n(lights up under stable light received condition or stable dark condition)<\/td>\n<\/tr>\n<tr>\n<th colspan=\"2\">Pollution degree<\/th>\n<td colspan=\"6\">3 (Industrial environment)<\/td>\n<\/tr>\n<tr>\n<th colspan=\"2\">Protection<\/th>\n<td colspan=\"6\">IP67 (IEC)<\/td>\n<\/tr>\n<tr>\n<th colspan=\"2\">Ambient temperature<\/th>\n<td colspan=\"6\">-25 to +55 \u2103\u00a0-13 to +131\u00a0\u2109<br \/>\n(No dew condensation or icing allowed),<br \/>\nStorage: -30 to +70 \u2103\u00a0-22 to +158\u00a0\u2109<\/td>\n<\/tr>\n<tr>\n<th colspan=\"2\">Ambient humidity<\/th>\n<td colspan=\"6\">35 to 85 % RH, Storage: 35 to 85 % RH<\/td>\n<\/tr>\n<tr>\n<th colspan=\"2\">Ambient illuminance<\/th>\n<td colspan=\"6\">Incandescent light: 3,000 lx or less at the light-receiving face<\/td>\n<\/tr>\n<tr>\n<th colspan=\"2\">Voltage withstandability<\/th>\n<td colspan=\"6\">1,000 V AC for one min. between all supply terminals connected together and enclosure<\/td>\n<\/tr>\n<tr>\n<th colspan=\"2\">Insulation resistance<\/th>\n<td colspan=\"6\">20 M\u03a9, or more, with 250 V DC megger between all supply terminals connected together and enclosure<\/td>\n<\/tr>\n<tr>\n<th colspan=\"2\">Vibration resistance<\/th>\n<td colspan=\"6\">10 to 500 Hz frequency, 3 mm\u00a00.118 in\u00a0double amplitude in X, Y and Z directions for two hours each<\/td>\n<\/tr>\n<tr>\n<th colspan=\"2\">Shock resistance<\/th>\n<td colspan=\"6\">500 m\/s<sup>2<\/sup>\u00a0acceleration (50 G approx.) in X, Y and Z directions three times each<\/td>\n<\/tr>\n<tr>\n<th colspan=\"2\">Emitting element<\/th>\n<td colspan=\"6\">Red LED [Peak emission wavelength: 680 nm\u00a00.027 mil\u00a0(EX-19E\u25a1: 624 nm\u00a00.025 mil), modulated]<\/td>\n<\/tr>\n<tr>\n<th colspan=\"2\">Material<\/th>\n<td colspan=\"6\">Enclosure: Polyethylene terephthalate<br \/>\nLens: Polyalylate<\/td>\n<\/tr>\n<tr>\n<th colspan=\"2\">Cable (Note 6)<\/th>\n<td colspan=\"6\">0.1 mm<sup>2<\/sup>\u00a03-core (thru-beam type emitter: 2-core) cabtyre cable,<br \/>\n2 m\u00a06.562 ft\u00a0long<\/td>\n<\/tr>\n<tr>\n<th colspan=\"2\">Cable extension<\/th>\n<td colspan=\"6\">Extension up to total 50 m\u00a0164 ft\u00a0is possible with 0.3 mm<sup>2<\/sup>, or more, cable (thru-beam type: emitter and receiver). (Note 7)<\/td>\n<\/tr>\n<tr>\n<th colspan=\"2\">Weight<\/th>\n<td colspan=\"6\">Net weight (each emitter and receiver): 20 g approx.,<br \/>\nGross weight: 50 g approx.<\/td>\n<\/tr>\n<tr>\n<th colspan=\"2\">Accessories<\/th>\n<td colspan=\"6\">Mounting screws: 1 set<\/td>\n<\/tr>\n<\/tbody>\n<\/table>\n<p>&nbsp;<\/p>\n<p>Notes:<\/p>\n<table cellspacing=\"0\">\n<tbody>\n<tr>\n<th nowrap=\"nowrap\">1)<\/th>\n<td>Where measurement conditions have not been specified precisely, the conditions used were an ambient temperature of +23 \u2103\u00a0+73.4\u00a0\u2109.<\/td>\n<\/tr>\n<tr>\n<th nowrap=\"nowrap\">2)<\/th>\n<td>Model Nos. having the suffix &#8220;-PN&#8221; are PNP output type.<\/td>\n<\/tr>\n<tr>\n<th nowrap=\"nowrap\">3)<\/th>\n<td>Conformed from December 2021 production.<\/td>\n<\/tr>\n<tr>\n<th nowrap=\"nowrap\">4)<\/th>\n<td>Except 5 m\u00a016.404 ft\u00a0cable length type. (EX-19E\u25a1-C5 is included in the certified products.)<\/td>\n<\/tr>\n<tr>\n<th nowrap=\"nowrap\">5)<\/th>\n<td>NPN output type standard cable only.<\/td>\n<\/tr>\n<tr>\n<th nowrap=\"nowrap\">6)<\/th>\n<td>The bending-resistant cable type (model Nos. having suffix &#8220;-R&#8221;) has a 0.1 mm<sup>2<\/sup>\u00a03-core (thru-beam type emitter: 2-core) bending-resistant cabtyre cable, 2 m\u00a06.562 ft\u00a0long.<\/td>\n<\/tr>\n<tr>\n<th nowrap=\"nowrap\">7)<\/th>\n<td>For safety applications, do not exceed 30 m\u00a098.425 ft.<\/td>\n<\/tr>\n<\/tbody>\n<\/table>\n<\/div>\n","protected":false},"excerpt":{"rendered":"<p>PANASONIC EX-13EB EX-13EB (EX-13EBD+EX-13EP) EX-13EA,EX-13EB, EX-13EB-PN C\u1ea3m bi\u1ebfn quang Panasonic EX-13EB V\u1edbi k\u00edch th\u01b0\u1edbc ch\u1ec9 14,5 x 3,5 x 10 mm, c\u1ea3m bi\u1ebfn s\u00ea-ri EX-10 l\u00e0 m\u1ed9t trong nh\u1eefng c\u1ea3m bi\u1ebfn nh\u1ecf nh\u1ea5t v\u00e0 h\u1eb9p nh\u1ea5t tr\u00ean to\u00e0n th\u1ebf gi\u1edbi. M\u1eb7c d\u00f9 c\u00f3 thi\u1ebft k\u1ebf si\u00eau nh\u1ecf, ph\u1ea1m vi t\u1ed1i&hellip; <\/p>\n","protected":false},"featured_media":3096,"comment_status":"open","ping_status":"closed","template":"","meta":[],"product_cat":[298],"product_tag":[88,86,87],"class_list":{"0":"post-3095","1":"product","2":"type-product","3":"status-publish","4":"has-post-thumbnail","6":"product_cat-panasonic","7":"product_tag-cam-bien","8":"product_tag-dai-ly-panasonic-viet-nam","9":"product_tag-panasonic-viet-nam","11":"first","12":"instock","13":"shipping-taxable","14":"product-type-simple"},"yoast_head":"<!-- This site is optimized with the Yoast SEO plugin v22.8 - https:\/\/yoast.com\/wordpress\/plugins\/seo\/ -->\n<title>PANASONIC EX-13EB - OMANI VI\u1ec6T NAM<\/title>\n<meta name=\"description\" content=\"PANASONIC EX-13EB Ultra-slim Photoelectric Sensor\" \/>\n<meta name=\"robots\" content=\"index, follow, max-snippet:-1, max-image-preview:large, max-video-preview:-1\" \/>\n<link rel=\"canonical\" href=\"https:\/\/omanivietnam.com\/index.php\/san-pham\/panasonic-ex-13eb\/\" \/>\n<meta property=\"og:locale\" content=\"vi_VN\" \/>\n<meta property=\"og:type\" content=\"article\" \/>\n<meta property=\"og:title\" content=\"PANASONIC EX-13EB - OMANI VI\u1ec6T NAM\" \/>\n<meta property=\"og:description\" content=\"PANASONIC EX-13EB Ultra-slim Photoelectric Sensor\" \/>\n<meta property=\"og:url\" content=\"https:\/\/omanivietnam.com\/index.php\/san-pham\/panasonic-ex-13eb\/\" \/>\n<meta property=\"og:site_name\" content=\"OMANI VI\u1ec6T NAM\" \/>\n<meta property=\"article:modified_time\" content=\"2025-04-30T06:15:39+00:00\" \/>\n<meta property=\"og:image\" content=\"https:\/\/omanivietnam.com\/wp-content\/uploads\/2025\/01\/EX-13EB.png\" \/>\n\t<meta property=\"og:image:width\" content=\"677\" \/>\n\t<meta property=\"og:image:height\" content=\"463\" \/>\n\t<meta property=\"og:image:type\" content=\"image\/png\" \/>\n<meta name=\"twitter:card\" content=\"summary_large_image\" \/>\n<meta name=\"twitter:label1\" content=\"\u01af\u1edbc t\u00ednh th\u1eddi gian \u0111\u1ecdc\" \/>\n\t<meta name=\"twitter:data1\" content=\"8 ph\u00fat\" \/>\n<script type=\"application\/ld+json\" class=\"yoast-schema-graph\">{\"@context\":\"https:\/\/schema.org\",\"@graph\":[{\"@type\":\"WebPage\",\"@id\":\"https:\/\/omanivietnam.com\/index.php\/san-pham\/panasonic-ex-13eb\/\",\"url\":\"https:\/\/omanivietnam.com\/index.php\/san-pham\/panasonic-ex-13eb\/\",\"name\":\"PANASONIC EX-13EB - OMANI VI\u1ec6T NAM\",\"isPartOf\":{\"@id\":\"https:\/\/omanivietnam.com\/#website\"},\"primaryImageOfPage\":{\"@id\":\"https:\/\/omanivietnam.com\/index.php\/san-pham\/panasonic-ex-13eb\/#primaryimage\"},\"image\":{\"@id\":\"https:\/\/omanivietnam.com\/index.php\/san-pham\/panasonic-ex-13eb\/#primaryimage\"},\"thumbnailUrl\":\"https:\/\/omanivietnam.com\/wp-content\/uploads\/2025\/01\/EX-13EB.png\",\"datePublished\":\"2025-01-03T10:04:01+00:00\",\"dateModified\":\"2025-04-30T06:15:39+00:00\",\"description\":\"PANASONIC EX-13EB Ultra-slim Photoelectric Sensor\",\"breadcrumb\":{\"@id\":\"https:\/\/omanivietnam.com\/index.php\/san-pham\/panasonic-ex-13eb\/#breadcrumb\"},\"inLanguage\":\"vi\",\"potentialAction\":[{\"@type\":\"ReadAction\",\"target\":[\"https:\/\/omanivietnam.com\/index.php\/san-pham\/panasonic-ex-13eb\/\"]}]},{\"@type\":\"ImageObject\",\"inLanguage\":\"vi\",\"@id\":\"https:\/\/omanivietnam.com\/index.php\/san-pham\/panasonic-ex-13eb\/#primaryimage\",\"url\":\"https:\/\/omanivietnam.com\/wp-content\/uploads\/2025\/01\/EX-13EB.png\",\"contentUrl\":\"https:\/\/omanivietnam.com\/wp-content\/uploads\/2025\/01\/EX-13EB.png\",\"width\":677,\"height\":463},{\"@type\":\"BreadcrumbList\",\"@id\":\"https:\/\/omanivietnam.com\/index.php\/san-pham\/panasonic-ex-13eb\/#breadcrumb\",\"itemListElement\":[{\"@type\":\"ListItem\",\"position\":1,\"name\":\"Home\",\"item\":\"https:\/\/omanivietnam.com\/\"},{\"@type\":\"ListItem\",\"position\":2,\"name\":\"S\u1ea2N PH\u1ea8M\",\"item\":\"https:\/\/omanivietnam.com\/index.php\/cua-hang\/\"},{\"@type\":\"ListItem\",\"position\":3,\"name\":\"PANASONIC EX-13EB\"}]},{\"@type\":\"WebSite\",\"@id\":\"https:\/\/omanivietnam.com\/#website\",\"url\":\"https:\/\/omanivietnam.com\/\",\"name\":\"OMANI VI\u1ec6T NAM\",\"description\":\"Nh\u00e0 ph\u00e2n ph\u1ed1i thi\u1ebft b\u1ecb kh\u00ed n\u00e9n v\u00e0 thi\u1ebft b\u1ecb t\u1ef1 \u0111\u1ed9ng h\u00f3a trong c\u00f4ng nghi\u1ec7p\",\"publisher\":{\"@id\":\"https:\/\/omanivietnam.com\/#\/schema\/person\/0ad398a980dc3fd696111c2c5c8fa897\"},\"potentialAction\":[{\"@type\":\"SearchAction\",\"target\":{\"@type\":\"EntryPoint\",\"urlTemplate\":\"https:\/\/omanivietnam.com\/?s={search_term_string}\"},\"query-input\":\"required name=search_term_string\"}],\"inLanguage\":\"vi\"},{\"@type\":[\"Person\",\"Organization\"],\"@id\":\"https:\/\/omanivietnam.com\/#\/schema\/person\/0ad398a980dc3fd696111c2c5c8fa897\",\"name\":\"Nguy\u1ec5n V\u0103n Kh\u00e1nh\",\"image\":{\"@type\":\"ImageObject\",\"inLanguage\":\"vi\",\"@id\":\"https:\/\/omanivietnam.com\/#\/schema\/person\/image\/\",\"url\":\"https:\/\/omanivietnam.com\/wp-content\/uploads\/2024\/06\/logo-1024x1024.png\",\"contentUrl\":\"https:\/\/omanivietnam.com\/wp-content\/uploads\/2024\/06\/logo-1024x1024.png\",\"width\":1024,\"height\":1024,\"caption\":\"Nguy\u1ec5n V\u0103n Kh\u00e1nh\"},\"logo\":{\"@id\":\"https:\/\/omanivietnam.com\/#\/schema\/person\/image\/\"},\"sameAs\":[\"https:\/\/omanivietnam.com\"]}]}<\/script>\n<!-- \/ Yoast SEO plugin. -->","yoast_head_json":{"title":"PANASONIC EX-13EB - OMANI VI\u1ec6T NAM","description":"PANASONIC EX-13EB Ultra-slim Photoelectric Sensor","robots":{"index":"index","follow":"follow","max-snippet":"max-snippet:-1","max-image-preview":"max-image-preview:large","max-video-preview":"max-video-preview:-1"},"canonical":"https:\/\/omanivietnam.com\/index.php\/san-pham\/panasonic-ex-13eb\/","og_locale":"vi_VN","og_type":"article","og_title":"PANASONIC EX-13EB - OMANI VI\u1ec6T NAM","og_description":"PANASONIC EX-13EB Ultra-slim Photoelectric Sensor","og_url":"https:\/\/omanivietnam.com\/index.php\/san-pham\/panasonic-ex-13eb\/","og_site_name":"OMANI VI\u1ec6T NAM","article_modified_time":"2025-04-30T06:15:39+00:00","og_image":[{"width":677,"height":463,"url":"https:\/\/omanivietnam.com\/wp-content\/uploads\/2025\/01\/EX-13EB.png","type":"image\/png"}],"twitter_card":"summary_large_image","twitter_misc":{"\u01af\u1edbc t\u00ednh th\u1eddi gian \u0111\u1ecdc":"8 ph\u00fat"},"schema":{"@context":"https:\/\/schema.org","@graph":[{"@type":"WebPage","@id":"https:\/\/omanivietnam.com\/index.php\/san-pham\/panasonic-ex-13eb\/","url":"https:\/\/omanivietnam.com\/index.php\/san-pham\/panasonic-ex-13eb\/","name":"PANASONIC EX-13EB - OMANI VI\u1ec6T NAM","isPartOf":{"@id":"https:\/\/omanivietnam.com\/#website"},"primaryImageOfPage":{"@id":"https:\/\/omanivietnam.com\/index.php\/san-pham\/panasonic-ex-13eb\/#primaryimage"},"image":{"@id":"https:\/\/omanivietnam.com\/index.php\/san-pham\/panasonic-ex-13eb\/#primaryimage"},"thumbnailUrl":"https:\/\/omanivietnam.com\/wp-content\/uploads\/2025\/01\/EX-13EB.png","datePublished":"2025-01-03T10:04:01+00:00","dateModified":"2025-04-30T06:15:39+00:00","description":"PANASONIC EX-13EB Ultra-slim Photoelectric Sensor","breadcrumb":{"@id":"https:\/\/omanivietnam.com\/index.php\/san-pham\/panasonic-ex-13eb\/#breadcrumb"},"inLanguage":"vi","potentialAction":[{"@type":"ReadAction","target":["https:\/\/omanivietnam.com\/index.php\/san-pham\/panasonic-ex-13eb\/"]}]},{"@type":"ImageObject","inLanguage":"vi","@id":"https:\/\/omanivietnam.com\/index.php\/san-pham\/panasonic-ex-13eb\/#primaryimage","url":"https:\/\/omanivietnam.com\/wp-content\/uploads\/2025\/01\/EX-13EB.png","contentUrl":"https:\/\/omanivietnam.com\/wp-content\/uploads\/2025\/01\/EX-13EB.png","width":677,"height":463},{"@type":"BreadcrumbList","@id":"https:\/\/omanivietnam.com\/index.php\/san-pham\/panasonic-ex-13eb\/#breadcrumb","itemListElement":[{"@type":"ListItem","position":1,"name":"Home","item":"https:\/\/omanivietnam.com\/"},{"@type":"ListItem","position":2,"name":"S\u1ea2N PH\u1ea8M","item":"https:\/\/omanivietnam.com\/index.php\/cua-hang\/"},{"@type":"ListItem","position":3,"name":"PANASONIC EX-13EB"}]},{"@type":"WebSite","@id":"https:\/\/omanivietnam.com\/#website","url":"https:\/\/omanivietnam.com\/","name":"OMANI VI\u1ec6T NAM","description":"Nh\u00e0 ph\u00e2n ph\u1ed1i thi\u1ebft b\u1ecb kh\u00ed n\u00e9n v\u00e0 thi\u1ebft b\u1ecb t\u1ef1 \u0111\u1ed9ng h\u00f3a trong c\u00f4ng nghi\u1ec7p","publisher":{"@id":"https:\/\/omanivietnam.com\/#\/schema\/person\/0ad398a980dc3fd696111c2c5c8fa897"},"potentialAction":[{"@type":"SearchAction","target":{"@type":"EntryPoint","urlTemplate":"https:\/\/omanivietnam.com\/?s={search_term_string}"},"query-input":"required name=search_term_string"}],"inLanguage":"vi"},{"@type":["Person","Organization"],"@id":"https:\/\/omanivietnam.com\/#\/schema\/person\/0ad398a980dc3fd696111c2c5c8fa897","name":"Nguy\u1ec5n V\u0103n Kh\u00e1nh","image":{"@type":"ImageObject","inLanguage":"vi","@id":"https:\/\/omanivietnam.com\/#\/schema\/person\/image\/","url":"https:\/\/omanivietnam.com\/wp-content\/uploads\/2024\/06\/logo-1024x1024.png","contentUrl":"https:\/\/omanivietnam.com\/wp-content\/uploads\/2024\/06\/logo-1024x1024.png","width":1024,"height":1024,"caption":"Nguy\u1ec5n V\u0103n Kh\u00e1nh"},"logo":{"@id":"https:\/\/omanivietnam.com\/#\/schema\/person\/image\/"},"sameAs":["https:\/\/omanivietnam.com"]}]}},"_links":{"self":[{"href":"https:\/\/omanivietnam.com\/index.php\/wp-json\/wp\/v2\/product\/3095","targetHints":{"allow":["GET"]}}],"collection":[{"href":"https:\/\/omanivietnam.com\/index.php\/wp-json\/wp\/v2\/product"}],"about":[{"href":"https:\/\/omanivietnam.com\/index.php\/wp-json\/wp\/v2\/types\/product"}],"replies":[{"embeddable":true,"href":"https:\/\/omanivietnam.com\/index.php\/wp-json\/wp\/v2\/comments?post=3095"}],"wp:featuredmedia":[{"embeddable":true,"href":"https:\/\/omanivietnam.com\/index.php\/wp-json\/wp\/v2\/media\/3096"}],"wp:attachment":[{"href":"https:\/\/omanivietnam.com\/index.php\/wp-json\/wp\/v2\/media?parent=3095"}],"wp:term":[{"taxonomy":"product_cat","embeddable":true,"href":"https:\/\/omanivietnam.com\/index.php\/wp-json\/wp\/v2\/product_cat?post=3095"},{"taxonomy":"product_tag","embeddable":true,"href":"https:\/\/omanivietnam.com\/index.php\/wp-json\/wp\/v2\/product_tag?post=3095"}],"curies":[{"name":"wp","href":"https:\/\/api.w.org\/{rel}","templated":true}]}}