{"id":3097,"date":"2025-01-04T20:17:14","date_gmt":"2025-01-04T13:17:14","guid":{"rendered":"https:\/\/omanivietnam.com\/?post_type=product&#038;p=3097"},"modified":"2025-05-14T22:07:25","modified_gmt":"2025-05-14T15:07:25","slug":"sipin-w5-tp4v125-24jcl","status":"publish","type":"product","link":"https:\/\/omanivietnam.com\/index.php\/san-pham\/sipin-w5-tp4v125-24jcl\/","title":{"rendered":"SIPIN W5-TP4V125-24JCL"},"content":{"rendered":"<p>SIPIN W5-TP4V125-24JCL<\/p>\n<p>SIPIN W5-TP4V030-24J<\/p>\n<p>Sipin 3-Wire 3-Phase Angle Controller (SCR Power Regulator); Main Power Voltage: 200-480 Vac; Normal Rated Current: 125 Amps; Auxiliary Power Source Code: 220 Vac; Input Signal Code: 4 to 20 mA; Buffering Time Code: Adjustable 1 to 22 Seconds.<\/p>\n<p>PRODUCT SALIENT FEATURES:<\/p>\n<ul>\n<li>Independent adjustment of Max and BIAS<\/li>\n<li>Downward opening front Panel for easy Fuse replacement<\/li>\n<li>VR setting of Max and SFS are installed in the front panel, for easy adjustment<\/li>\n<li>Multi-LED display panel makes the operating indications clear<\/li>\n<li>The Auxiliary Powers (AC1, AC2) are independently controlled for all models<\/li>\n<li>Built-in buffering output adjustment (SFS VR), adjusting Range: 1-22 seconds (Only for the phase control product)<\/li>\n<li>Top &amp; bottom Shielding Covers are designed for safety and easy wiring installation<\/li>\n<li>In case of 0.5 Hz sudden power losses, system output can be switched off immediately. Once the power is restored, the system will buffer the output to prevent the voltage surge for fuse blow out<\/li>\n<li>Main power is designed for 200-480VAC<\/li>\n<li>Automatic power frequency detection for 50-60 Hz. No need for selection or switch<\/li>\n<li>Automatic detection and display for Power Out-of-Phase, SCR Over Heating, Fuse Blow Out with one set of alarm dry contact output<\/li>\n<li>In cases of SCR Over Heating or Fuse Blow Out, the system output is stopped immediately. Once the malfunction is eliminated and power is restored, the system will buffer the output to prevent the fuse Blow Out<\/li>\n<li>4-20mA, 1-5VDC, 2-l0VDC, 0-20mA, 0-5 VDC, 0-l0VDC, dry contact points, etc. and all control signals are ready to use<\/li>\n<li>Triggering circuit and the main board are designed separately to avoid the main board damage when main circuit malfunctions<\/li>\n<li>Using European detachable control signal connector for easy replacement without the need of re-wiring installation<\/li>\n<li>Warranty: 1-Year from the date of purchase<\/li>\n<\/ul>\n<div class=\"product-information-title\"><strong>TECHNICAL DATA<\/strong><\/div>\n<div class=\"product-information-one\">\n<div class=\"cust-product-manufracture\">\n<div class=\"grid-product-manufracture\"><span class=\"product-manufracture\">Manufacturer:Sipin<\/span><\/div>\n<\/div>\n<div class=\"cust-rated-series\">\n<div class=\"grid-rated-series\"><span class=\"rated-series\">Series:W5-TP4V<\/span><\/div>\n<\/div>\n<div class=\"cust-product-rated-current\">\n<div class=\"grid-product-rated-current\"><span class=\"product-rated-current\">Rated Current:125 A<\/span><\/div>\n<\/div>\n<div class=\"cust-control\">\n<div class=\"grid-control\"><span class=\"control\">Control:3-Wire 3-Phase Angle Control (without Neutral)<\/span><\/div>\n<\/div>\n<div class=\"cust-main-power-voltage\">\n<div class=\"grid-main-power-voltage\"><span class=\"main-power-voltage\">Main Power Voltage:200-480 Vac<\/span><\/div>\n<\/div>\n<div class=\"cust-product-auxiliary-power\">\n<div class=\"grid-product-auxiliary-power\"><span class=\"product-auxiliary-power\">Auxiliary Power:220 Vac<\/span><\/div>\n<\/div>\n<div class=\"cust-input-signal\">\n<div class=\"grid-input-signal\"><span class=\"input-signal\">Input Signal:4 \u2013 20 mA<\/span><\/div>\n<\/div>\n<div class=\"cust-adjustable-buffering-time\">\n<div class=\"grid-adjustable-buffering-time\"><span class=\"adjustable-buffering-time\">Adjustable Buffering Time:1 \u2013 22 sec.<\/span><\/div>\n<\/div>\n<div class=\"cust-rated-dimensions-whd-mm\">\n<div class=\"grid-rated-dimensions-whd-mm\"><span class=\"rated-dimensions-whd-mm\">Dimensions LxWxH (mm):202x140x205mm<\/span><\/div>\n<\/div>\n<div class=\"cust-rated-cooling-by\">\n<div class=\"grid-rated-cooling-by\"><span class=\"rated-cooling-by\">Cooling by:Fan Cooling<\/span><\/div>\n<\/div>\n<div class=\"cust-rated-weight\">\n<div class=\"grid-rated-weight\"><span class=\"rated-weight\">Weight\/Piece (gms):3500<\/span><\/div>\n<\/div>\n<div class=\"cust-rated-warranty\">\n<div class=\"grid-rated-warranty\"><span class=\"rated-warranty\">Warranty:1-Year<\/span><\/div>\n<div><\/div>\n<\/div>\n<\/div>\n<table border=\"0\" width=\"688\" cellspacing=\"0\" cellpadding=\"0\">\n<tbody>\n<tr>\n<td><strong><u>\u00a0POWER REGULATOR<\/u><\/strong><\/td>\n<\/tr>\n<tr>\n<td><strong><u>W5-TP4V030-24J<\/u><\/strong><\/td>\n<\/tr>\n<tr>\n<td>Control mode : 3\u03c6phase angle control<\/td>\n<\/tr>\n<tr>\n<td>Main source : 3\u03c6 200~480VAC<\/td>\n<\/tr>\n<tr>\n<td>Current rating :125A<\/td>\n<\/tr>\n<tr>\n<td>Aux. source : 1\u03c6220VAC<\/td>\n<\/tr>\n<tr>\n<td>Input signal : 4~20mA<\/td>\n<\/tr>\n<tr>\n<td>Soft start code : J, soft start 1~22\u00a0 sec.<\/p>\n<p>&nbsp;<\/td>\n<\/tr>\n<\/tbody>\n<\/table>\n<p>Other model Sipin:<\/p>\n<p>W5-TP4V030-24J<br \/>\nW5-TP4V045-24J<br \/>\nW5-TP4V060-24J<br \/>\nW5-TP4V080-24J<br \/>\nW5-TP4V100-24J<\/p>\n<p>W5-TP4V150-24J<br \/>\nW5-TP4V180-24J<br \/>\nW5-TP4V230-24J<\/p>\n<p>W5-TP4V150-24J<\/p>\n<p>W7S4V060-21KF<\/p>\n<p>W5-TP4V100-24J<\/p>\n<p>SP48P36<\/p>\n<p>SP48P46<\/p>\n<p>SP48P18<\/p>\n<p>SP48P26<\/p>\n<div class=\"title--wrap--UUHae_g\">\n<p data-pl=\"product-title\" data-tticheck=\"true\" data-spm-anchor-id=\"a2g0o.detail.0.i10.1720zef0zef0vu\">W5-TZ4V100-24C W5-SP4V030-24J W5-TZ4V030-24C w5-SP4v045-14J W2-TP4V030-24C W5TZ4V045-24C W5SP4V045-24J<\/p>\n<\/div>\n<div class=\"split-line--wrap--dVhU29K\"><\/div>\n<p>\u0110\u1ea1i l\u00fd SIPIN vietnam, SIPIN viet nam, SIPIN vietnam distributor, Ph\u00e2n ph\u1ed1i SIPIN t\u1ea1i vi\u1ec7t nam<\/p>\n<p>\u0110\u1ea1i l\u00fd SIPIN vietnam, SIPIN viet nam, SIPIN vietnam distributor, Ph\u00e2n ph\u1ed1i SIPIN t\u1ea1i vi\u1ec7t nam<\/p>\n<p>\u0110\u1ea1i l\u00fd SIPIN vietnam, SIPIN viet nam, SIPIN vietnam distributor, Ph\u00e2n ph\u1ed1i SIPIN t\u1ea1i vi\u1ec7t nam<\/p>\n<p>\u0110\u1ea1i l\u00fd SIPIN vietnam, SIPIN viet nam, SIPIN vietnam distributor, Ph\u00e2n ph\u1ed1i SIPIN t\u1ea1i vi\u1ec7t nam<\/p>\n<p>\u0110\u1ea1i l\u00fd SIPIN vietnam, SIPIN viet nam, SIPIN vietnam distributor, Ph\u00e2n ph\u1ed1i SIPIN t\u1ea1i vi\u1ec7t nam<\/p>\n","protected":false},"excerpt":{"rendered":"<p>SIPIN W5-TP4V125-24JCL SIPIN W5-TP4V030-24J Sipin 3-Wire 3-Phase Angle Controller (SCR Power Regulator); Main Power Voltage: 200-480 Vac; Normal Rated Current: 125 Amps; Auxiliary Power Source Code: 220 Vac; Input Signal Code: 4 to 20 mA; Buffering Time Code: Adjustable 1 to 22 Seconds. PRODUCT SALIENT FEATURES: Independent adjustment of Max&hellip; <\/p>\n","protected":false},"featured_media":2928,"comment_status":"open","ping_status":"closed","template":"","meta":[],"product_cat":[281],"product_tag":[261,260,544,556],"class_list":{"0":"post-3097","1":"product","2":"type-product","3":"status-publish","4":"has-post-thumbnail","6":"product_cat-sipin","7":"product_tag-dai-ly-sipin-viet-nam","8":"product_tag-sipin-viet-nam","9":"product_tag-thiet-bi-dieu-chinh-cong-suat","10":"product_tag-thyristor-power-regulator","12":"first","13":"instock","14":"shipping-taxable","15":"product-type-simple"},"yoast_head":"<!-- This site is optimized with the Yoast SEO plugin v22.8 - https:\/\/yoast.com\/wordpress\/plugins\/seo\/ -->\n<title>SIPIN W5-TP4V125-24JCL - OMANI VI\u1ec6T NAM<\/title>\n<meta name=\"description\" content=\"SIPIN W5-TP4V125-24J Thyristor Power Regulator\" \/>\n<meta name=\"robots\" content=\"index, follow, max-snippet:-1, max-image-preview:large, max-video-preview:-1\" \/>\n<link rel=\"canonical\" href=\"https:\/\/omanivietnam.com\/index.php\/san-pham\/sipin-w5-tp4v125-24jcl\/\" \/>\n<meta property=\"og:locale\" content=\"vi_VN\" \/>\n<meta property=\"og:type\" content=\"article\" \/>\n<meta property=\"og:title\" content=\"SIPIN W5-TP4V125-24JCL - OMANI VI\u1ec6T NAM\" \/>\n<meta property=\"og:description\" content=\"SIPIN W5-TP4V125-24J Thyristor Power Regulator\" \/>\n<meta property=\"og:url\" content=\"https:\/\/omanivietnam.com\/index.php\/san-pham\/sipin-w5-tp4v125-24jcl\/\" \/>\n<meta property=\"og:site_name\" content=\"OMANI VI\u1ec6T NAM\" \/>\n<meta property=\"article:modified_time\" content=\"2025-05-14T15:07:25+00:00\" \/>\n<meta property=\"og:image\" content=\"https:\/\/omanivietnam.com\/wp-content\/uploads\/2024\/11\/W5-SIPIN.png\" \/>\n\t<meta property=\"og:image:width\" content=\"460\" \/>\n\t<meta property=\"og:image:height\" content=\"762\" \/>\n\t<meta property=\"og:image:type\" content=\"image\/png\" \/>\n<meta name=\"twitter:card\" content=\"summary_large_image\" \/>\n<meta name=\"twitter:label1\" content=\"\u01af\u1edbc t\u00ednh th\u1eddi gian \u0111\u1ecdc\" \/>\n\t<meta name=\"twitter:data1\" content=\"3 ph\u00fat\" \/>\n<script type=\"application\/ld+json\" class=\"yoast-schema-graph\">{\"@context\":\"https:\/\/schema.org\",\"@graph\":[{\"@type\":\"WebPage\",\"@id\":\"https:\/\/omanivietnam.com\/index.php\/san-pham\/sipin-w5-tp4v125-24jcl\/\",\"url\":\"https:\/\/omanivietnam.com\/index.php\/san-pham\/sipin-w5-tp4v125-24jcl\/\",\"name\":\"SIPIN W5-TP4V125-24JCL - OMANI VI\u1ec6T NAM\",\"isPartOf\":{\"@id\":\"https:\/\/omanivietnam.com\/#website\"},\"primaryImageOfPage\":{\"@id\":\"https:\/\/omanivietnam.com\/index.php\/san-pham\/sipin-w5-tp4v125-24jcl\/#primaryimage\"},\"image\":{\"@id\":\"https:\/\/omanivietnam.com\/index.php\/san-pham\/sipin-w5-tp4v125-24jcl\/#primaryimage\"},\"thumbnailUrl\":\"https:\/\/omanivietnam.com\/wp-content\/uploads\/2024\/11\/W5-SIPIN.png\",\"datePublished\":\"2025-01-04T13:17:14+00:00\",\"dateModified\":\"2025-05-14T15:07:25+00:00\",\"description\":\"SIPIN W5-TP4V125-24J Thyristor Power Regulator\",\"breadcrumb\":{\"@id\":\"https:\/\/omanivietnam.com\/index.php\/san-pham\/sipin-w5-tp4v125-24jcl\/#breadcrumb\"},\"inLanguage\":\"vi\",\"potentialAction\":[{\"@type\":\"ReadAction\",\"target\":[\"https:\/\/omanivietnam.com\/index.php\/san-pham\/sipin-w5-tp4v125-24jcl\/\"]}]},{\"@type\":\"ImageObject\",\"inLanguage\":\"vi\",\"@id\":\"https:\/\/omanivietnam.com\/index.php\/san-pham\/sipin-w5-tp4v125-24jcl\/#primaryimage\",\"url\":\"https:\/\/omanivietnam.com\/wp-content\/uploads\/2024\/11\/W5-SIPIN.png\",\"contentUrl\":\"https:\/\/omanivietnam.com\/wp-content\/uploads\/2024\/11\/W5-SIPIN.png\",\"width\":460,\"height\":762},{\"@type\":\"BreadcrumbList\",\"@id\":\"https:\/\/omanivietnam.com\/index.php\/san-pham\/sipin-w5-tp4v125-24jcl\/#breadcrumb\",\"itemListElement\":[{\"@type\":\"ListItem\",\"position\":1,\"name\":\"Home\",\"item\":\"https:\/\/omanivietnam.com\/\"},{\"@type\":\"ListItem\",\"position\":2,\"name\":\"S\u1ea2N PH\u1ea8M\",\"item\":\"https:\/\/omanivietnam.com\/index.php\/cua-hang\/\"},{\"@type\":\"ListItem\",\"position\":3,\"name\":\"SIPIN W5-TP4V125-24JCL\"}]},{\"@type\":\"WebSite\",\"@id\":\"https:\/\/omanivietnam.com\/#website\",\"url\":\"https:\/\/omanivietnam.com\/\",\"name\":\"OMANI VI\u1ec6T NAM\",\"description\":\"Nh\u00e0 ph\u00e2n ph\u1ed1i thi\u1ebft b\u1ecb kh\u00ed n\u00e9n v\u00e0 thi\u1ebft b\u1ecb t\u1ef1 \u0111\u1ed9ng h\u00f3a trong c\u00f4ng nghi\u1ec7p\",\"publisher\":{\"@id\":\"https:\/\/omanivietnam.com\/#\/schema\/person\/0ad398a980dc3fd696111c2c5c8fa897\"},\"potentialAction\":[{\"@type\":\"SearchAction\",\"target\":{\"@type\":\"EntryPoint\",\"urlTemplate\":\"https:\/\/omanivietnam.com\/?s={search_term_string}\"},\"query-input\":\"required name=search_term_string\"}],\"inLanguage\":\"vi\"},{\"@type\":[\"Person\",\"Organization\"],\"@id\":\"https:\/\/omanivietnam.com\/#\/schema\/person\/0ad398a980dc3fd696111c2c5c8fa897\",\"name\":\"Nguy\u1ec5n V\u0103n Kh\u00e1nh\",\"image\":{\"@type\":\"ImageObject\",\"inLanguage\":\"vi\",\"@id\":\"https:\/\/omanivietnam.com\/#\/schema\/person\/image\/\",\"url\":\"https:\/\/omanivietnam.com\/wp-content\/uploads\/2024\/06\/logo-1024x1024.png\",\"contentUrl\":\"https:\/\/omanivietnam.com\/wp-content\/uploads\/2024\/06\/logo-1024x1024.png\",\"width\":1024,\"height\":1024,\"caption\":\"Nguy\u1ec5n V\u0103n Kh\u00e1nh\"},\"logo\":{\"@id\":\"https:\/\/omanivietnam.com\/#\/schema\/person\/image\/\"},\"sameAs\":[\"https:\/\/omanivietnam.com\"]}]}<\/script>\n<!-- \/ Yoast SEO plugin. -->","yoast_head_json":{"title":"SIPIN W5-TP4V125-24JCL - OMANI VI\u1ec6T NAM","description":"SIPIN W5-TP4V125-24J Thyristor Power Regulator","robots":{"index":"index","follow":"follow","max-snippet":"max-snippet:-1","max-image-preview":"max-image-preview:large","max-video-preview":"max-video-preview:-1"},"canonical":"https:\/\/omanivietnam.com\/index.php\/san-pham\/sipin-w5-tp4v125-24jcl\/","og_locale":"vi_VN","og_type":"article","og_title":"SIPIN W5-TP4V125-24JCL - OMANI VI\u1ec6T NAM","og_description":"SIPIN W5-TP4V125-24J Thyristor Power Regulator","og_url":"https:\/\/omanivietnam.com\/index.php\/san-pham\/sipin-w5-tp4v125-24jcl\/","og_site_name":"OMANI VI\u1ec6T NAM","article_modified_time":"2025-05-14T15:07:25+00:00","og_image":[{"width":460,"height":762,"url":"https:\/\/omanivietnam.com\/wp-content\/uploads\/2024\/11\/W5-SIPIN.png","type":"image\/png"}],"twitter_card":"summary_large_image","twitter_misc":{"\u01af\u1edbc t\u00ednh th\u1eddi gian \u0111\u1ecdc":"3 ph\u00fat"},"schema":{"@context":"https:\/\/schema.org","@graph":[{"@type":"WebPage","@id":"https:\/\/omanivietnam.com\/index.php\/san-pham\/sipin-w5-tp4v125-24jcl\/","url":"https:\/\/omanivietnam.com\/index.php\/san-pham\/sipin-w5-tp4v125-24jcl\/","name":"SIPIN W5-TP4V125-24JCL - OMANI VI\u1ec6T NAM","isPartOf":{"@id":"https:\/\/omanivietnam.com\/#website"},"primaryImageOfPage":{"@id":"https:\/\/omanivietnam.com\/index.php\/san-pham\/sipin-w5-tp4v125-24jcl\/#primaryimage"},"image":{"@id":"https:\/\/omanivietnam.com\/index.php\/san-pham\/sipin-w5-tp4v125-24jcl\/#primaryimage"},"thumbnailUrl":"https:\/\/omanivietnam.com\/wp-content\/uploads\/2024\/11\/W5-SIPIN.png","datePublished":"2025-01-04T13:17:14+00:00","dateModified":"2025-05-14T15:07:25+00:00","description":"SIPIN W5-TP4V125-24J Thyristor Power Regulator","breadcrumb":{"@id":"https:\/\/omanivietnam.com\/index.php\/san-pham\/sipin-w5-tp4v125-24jcl\/#breadcrumb"},"inLanguage":"vi","potentialAction":[{"@type":"ReadAction","target":["https:\/\/omanivietnam.com\/index.php\/san-pham\/sipin-w5-tp4v125-24jcl\/"]}]},{"@type":"ImageObject","inLanguage":"vi","@id":"https:\/\/omanivietnam.com\/index.php\/san-pham\/sipin-w5-tp4v125-24jcl\/#primaryimage","url":"https:\/\/omanivietnam.com\/wp-content\/uploads\/2024\/11\/W5-SIPIN.png","contentUrl":"https:\/\/omanivietnam.com\/wp-content\/uploads\/2024\/11\/W5-SIPIN.png","width":460,"height":762},{"@type":"BreadcrumbList","@id":"https:\/\/omanivietnam.com\/index.php\/san-pham\/sipin-w5-tp4v125-24jcl\/#breadcrumb","itemListElement":[{"@type":"ListItem","position":1,"name":"Home","item":"https:\/\/omanivietnam.com\/"},{"@type":"ListItem","position":2,"name":"S\u1ea2N PH\u1ea8M","item":"https:\/\/omanivietnam.com\/index.php\/cua-hang\/"},{"@type":"ListItem","position":3,"name":"SIPIN W5-TP4V125-24JCL"}]},{"@type":"WebSite","@id":"https:\/\/omanivietnam.com\/#website","url":"https:\/\/omanivietnam.com\/","name":"OMANI VI\u1ec6T NAM","description":"Nh\u00e0 ph\u00e2n ph\u1ed1i thi\u1ebft b\u1ecb kh\u00ed n\u00e9n v\u00e0 thi\u1ebft b\u1ecb t\u1ef1 \u0111\u1ed9ng h\u00f3a trong c\u00f4ng nghi\u1ec7p","publisher":{"@id":"https:\/\/omanivietnam.com\/#\/schema\/person\/0ad398a980dc3fd696111c2c5c8fa897"},"potentialAction":[{"@type":"SearchAction","target":{"@type":"EntryPoint","urlTemplate":"https:\/\/omanivietnam.com\/?s={search_term_string}"},"query-input":"required name=search_term_string"}],"inLanguage":"vi"},{"@type":["Person","Organization"],"@id":"https:\/\/omanivietnam.com\/#\/schema\/person\/0ad398a980dc3fd696111c2c5c8fa897","name":"Nguy\u1ec5n V\u0103n Kh\u00e1nh","image":{"@type":"ImageObject","inLanguage":"vi","@id":"https:\/\/omanivietnam.com\/#\/schema\/person\/image\/","url":"https:\/\/omanivietnam.com\/wp-content\/uploads\/2024\/06\/logo-1024x1024.png","contentUrl":"https:\/\/omanivietnam.com\/wp-content\/uploads\/2024\/06\/logo-1024x1024.png","width":1024,"height":1024,"caption":"Nguy\u1ec5n V\u0103n Kh\u00e1nh"},"logo":{"@id":"https:\/\/omanivietnam.com\/#\/schema\/person\/image\/"},"sameAs":["https:\/\/omanivietnam.com"]}]}},"_links":{"self":[{"href":"https:\/\/omanivietnam.com\/index.php\/wp-json\/wp\/v2\/product\/3097","targetHints":{"allow":["GET"]}}],"collection":[{"href":"https:\/\/omanivietnam.com\/index.php\/wp-json\/wp\/v2\/product"}],"about":[{"href":"https:\/\/omanivietnam.com\/index.php\/wp-json\/wp\/v2\/types\/product"}],"replies":[{"embeddable":true,"href":"https:\/\/omanivietnam.com\/index.php\/wp-json\/wp\/v2\/comments?post=3097"}],"wp:featuredmedia":[{"embeddable":true,"href":"https:\/\/omanivietnam.com\/index.php\/wp-json\/wp\/v2\/media\/2928"}],"wp:attachment":[{"href":"https:\/\/omanivietnam.com\/index.php\/wp-json\/wp\/v2\/media?parent=3097"}],"wp:term":[{"taxonomy":"product_cat","embeddable":true,"href":"https:\/\/omanivietnam.com\/index.php\/wp-json\/wp\/v2\/product_cat?post=3097"},{"taxonomy":"product_tag","embeddable":true,"href":"https:\/\/omanivietnam.com\/index.php\/wp-json\/wp\/v2\/product_tag?post=3097"}],"curies":[{"name":"wp","href":"https:\/\/api.w.org\/{rel}","templated":true}]}}