{"id":3105,"date":"2025-01-08T14:59:53","date_gmt":"2025-01-08T07:59:53","guid":{"rendered":"https:\/\/omanivietnam.com\/?post_type=product&#038;p=3105"},"modified":"2025-03-16T20:08:53","modified_gmt":"2025-03-16T13:08:53","slug":"smc-vba40a-04gn","status":"publish","type":"product","link":"https:\/\/omanivietnam.com\/index.php\/san-pham\/smc-vba40a-04gn\/","title":{"rendered":"SMC VBA40A-04GN"},"content":{"rendered":"<p>SMC VBA40A-04GN<\/p>\n<p>VBAT20A1-RV<\/p>\n<p>The Booster Regulator VBA Series features air-only operation, so no electricity is needed. Furthermore, it is also easy-to-install and also generates only low amounts of heat.<br \/>\n[Features]<br \/>\n\u00b7 Floating piston structure.<br \/>\n\u00b7 Metal noise reduced by the implementation of a damper on the impact part of the switching valve.<br \/>\n\u00b7 The high noise-reduction silencer reduces exhaust noise.<br \/>\n\u00b7 Features a built-in mesh filter at the IN port, preventing operation failure due to contamination by foreign matter.<br \/>\n\u00b7 The air-feeding tube is integrated with the main tube, mitigating condensation caused by cooling during exhaust expansion.<br \/>\n\u00b7 Standard fittings can be used, enabling remote pressure monitoring, etc.<\/p>\n<p>M\u00e3 s\u1ea3n ph\u1ea9m VBA40A-04GN<br \/>\nTh\u01b0\u01a1ng hi\u1ec7u: Smc<br \/>\n\u0110\u01a1n v\u1ecb t\u00ednh: B\u1ed9<br \/>\nQuy c\u00e1ch \u0111\u00f3ng g\u00f3i: \u0110ang c\u1eadp nh\u1eadt<br \/>\nTr\u1ecdng l\u01b0\u1ee3ng t\u1ea1m t\u00ednh: 8.6Kg<br \/>\nT\u1ec9 l\u1ec7 t\u0103ng \u00e1p su\u1ea5t : : G\u1ea5p \u0111\u00f4i<br \/>\nL\u01b0u l\u01b0\u1ee3ng :: 1900 L\u00edt \/ ph\u00fat<br \/>\n\u00c1p su\u1ea5t l\u00e0m vi\u1ec7c (MPa) :: 0.1Mpa \u2013 1 Mpa<br \/>\n\u00c1p su\u1ea5t gi\u1edbi h\u1ea1n (Mpa) : : 1.5 Mpa<br \/>\nC\u1ed5ng k\u1ebft n\u1ed1i : 1\/2\u2033 &lt;=&gt; DN15 &lt;=&gt; 21mm<br \/>\nC\u1ed5ng k\u1ebft n\u1ed1i \u0111\u1ed3ng h\u1ed3 hi\u1ec3n th\u1ecb: 1\/4\u2033 &lt;=&gt; 13mm<br \/>\nNhi\u1ec7t \u0111\u1ed9 :: 2 \u2013 50 \u0111\u1ed9<br \/>\nKh\u1ed1i l\u01b0\u1ee3ng: 8.6 Kg<\/p>\n<h2>T\u00ecm hi\u1ec3u b\u1ed9 t\u0103ng \u00e1p, thi\u1ebft b\u1ecb t\u0103ng \u00e1p kh\u00ed n\u00e9n<\/h2>\n<h2>T\u00ecm hi\u1ec3u b\u1ed9 booster regulator smc<\/h2>\n<p><strong>B\u1ed9 t\u0103ng \u00e1p kh\u00ed n\u00e9n<\/strong>\u00a0l\u00e0 g\u00ec? \u0110\u00e2y l\u00e0 m\u1ed9t\u00a0<strong>thi\u1ebft b\u1ecb t\u0103ng \u00e1p kh\u00ed n\u00e9n<\/strong>\u00a0\u0111\u01b0\u1ee3c con ng\u01b0\u1eddi nghi\u00ean c\u1ee9u v\u00e0 ch\u1ebf t\u1ea1o ra nh\u1eb1m t\u0103ng \u00e1p su\u1ea5t c\u1ee7a d\u00f2ng kh\u00ed n\u00e9n ch\u00ednh l\u00ean \u0111\u1ec3 t\u0103ng l\u1ef1c t\u00e1c \u0111\u1ed9ng c\u1ee7a c\u01a1 c\u1ea5u ch\u1ea5p h\u00e0nh ( L\u1ef1c \u00e9p l\u1ef1c \u0111\u1ea9y c\u1ee7a xy lanh, motor kh\u00ed n\u00e9n \u2026).<\/p>\n<p><strong>booster regulator smc<\/strong>\u00a0l\u00e0 g\u00ec? \u0110\u00e2y l\u00e0 m\u1ed9t\u00a0<strong>thi\u1ebft b\u1ecb t\u0103ng \u00e1p kh\u00ed n\u00e9n<\/strong>\u00a0\u0111\u01b0\u1ee3c con ng\u01b0\u1eddi nghi\u00ean c\u1ee9u v\u00e0 ch\u1ebf t\u1ea1o ra nh\u1eb1m t\u0103ng \u00e1p su\u1ea5t c\u1ee7a d\u00f2ng kh\u00ed n\u00e9n ch\u00ednh l\u00ean \u0111\u1ec3 t\u0103ng l\u1ef1c t\u00e1c \u0111\u1ed9ng c\u1ee7a c\u01a1 c\u1ea5u ch\u1ea5p h\u00e0nh ( L\u1ef1c \u00e9p l\u1ef1c \u0111\u1ea9y c\u1ee7a xy lanh, motor kh\u00ed n\u00e9n \u2026).<\/p>\n<p>V\u00ed d\u1ee5: H\u1ec7 th\u1ed1ng thi\u1ebft b\u1ecb c\u1ee7a kh\u00e1ch h\u00e0ng c\u1ea7n l\u00e0m vi\u1ec7c v\u1edbi \u00e1p su\u1ea5t kh\u00ed n\u00e9n \u0111\u01b0a v\u00e0o l\u00e0 10kgf\/cm2 nh\u01b0ng ngu\u1ed3n \u00e1p kh\u00ed n\u00e9n ban \u0111\u1ea7u ch\u1ec9 \u0111\u00e1p \u1ee9ng 5 bar. Gi\u1ea3i ph\u00e1p \u0111\u01b0\u1ee3c \u0111\u01b0a ra \u0111\u01a1n gi\u1ea3n c\u0169ng nh\u01b0 thu\u1eadn l\u1ee3i nh\u1ea5t \u0111\u00f3 l\u00e0 s\u1eed d\u1ee5ng\u00a0<strong>b\u1ed9 t\u0103ng \u00e1p kh\u00ed n\u00e9n<\/strong>.<\/p>\n<p>\u01afu \u0111i\u1ec3m c\u1ee7a\u00a0<strong>thi\u1ebft b\u1ecb t\u0103ng \u00e1p kh\u00ed n\u00e9n<\/strong>\u00a0\u0111\u00f3 l\u00e0: Cung c\u1ea5p d\u00f2ng kh\u00ed n\u00e9n v\u1edbi \u00e1p su\u1ea5t cao h\u01a1n \u0111\u1ec3 xy lanh ho\u1ea1t \u0111\u1ed9ng v\u1edbi c\u00f4ng su\u1ea5t \u0111\u1ea9y,\u00e9p k\u00e9o t\u1ed1t h\u01a1n, gi\u1ea3m thi\u1ebfu t\u1ed1i \u0111a c\u00e1c th\u00e0nh ph\u1ea9m l\u1ed7i, t\u0103ng t\u1ed1c \u0111\u1ed9 s\u1ea3n xu\u1ea5t. N\u00e2ng cao t\u1ea3i tr\u1ecdng l\u00e0m vi\u1ec7c th\u00f4ng qua vi\u1ec7c t\u0103ng \u00e1p su\u1ea5t \u0111\u1ec3 t\u0103ng l\u1ef1c \u00e9p, n\u00e9n, \u0111\u1ea9y. Thi\u1ebft k\u1ebf thi\u1ebft b\u1ecb \u0111\u01a1n gi\u1ea3n, nh\u1ecf g\u1ecdn n\u00ean r\u1ea5t d\u1ec5 l\u1eafp \u0111\u1eb7t v\u00e0 s\u1eed d\u1ef1ng. \u00cdt h\u01b0 h\u1ecfng v\u00e0 \u0111\u1eb7c bi\u1ec7t n\u00f3 c\u00f3 th\u1ec3 ti\u1ebft ki\u1ec7m chi ph\u00ed cho kh\u00e1ch h\u00e0ng khi tr\u00e1nh \u0111\u01b0\u1ee3c 1 kho\u1ea3n \u0111\u1ea7u t\u01b0 v\u00e0o m\u00e1y n\u00e9n kh\u00ed lo\u1ea1i l\u1edbn.<\/p>\n<p>\u01afu \u0111i\u1ec3m c\u1ee7a\u00a0<strong>booster regulator smc<\/strong>\u00a0\u0111\u00f3 l\u00e0: Cung c\u1ea5p d\u00f2ng kh\u00ed n\u00e9n v\u1edbi \u00e1p su\u1ea5t cao h\u01a1n \u0111\u1ec3 xy lanh ho\u1ea1t \u0111\u1ed9ng v\u1edbi c\u00f4ng su\u1ea5t \u0111\u1ea9y,\u00e9p k\u00e9o t\u1ed1t h\u01a1n, gi\u1ea3m thi\u1ebfu t\u1ed1i \u0111a c\u00e1c th\u00e0nh ph\u1ea9m l\u1ed7i, t\u0103ng t\u1ed1c \u0111\u1ed9 s\u1ea3n xu\u1ea5t. N\u00e2ng cao t\u1ea3i tr\u1ecdng l\u00e0m vi\u1ec7c th\u00f4ng qua vi\u1ec7c t\u0103ng \u00e1p su\u1ea5t \u0111\u1ec3 t\u0103ng l\u1ef1c \u00e9p, n\u00e9n, \u0111\u1ea9y. Thi\u1ebft k\u1ebf thi\u1ebft b\u1ecb \u0111\u01a1n gi\u1ea3n, nh\u1ecf g\u1ecdn n\u00ean r\u1ea5t d\u1ec5 l\u1eafp \u0111\u1eb7t v\u00e0 s\u1eed d\u1ef1ng. \u00cdt h\u01b0 h\u1ecfng v\u00e0 \u0111\u1eb7c bi\u1ec7t n\u00f3 c\u00f3 th\u1ec3 ti\u1ebft ki\u1ec7m chi ph\u00ed cho kh\u00e1ch h\u00e0ng khi tr\u00e1nh \u0111\u01b0\u1ee3c 1 kho\u1ea3n \u0111\u1ea7u t\u01b0 v\u00e0o m\u00e1y n\u00e9n kh\u00ed lo\u1ea1i l\u1edbn<\/p>\n<p>B\u00ean c\u1ea1nh \u0111\u00f3, t\u0103ng \u00e1p l\u1ef1c d\u00f2ng kh\u00ed m\u00e0 kh\u00f4ng c\u1ea7n ph\u1ea3i t\u0103ng c\u00f4ng su\u1ea5t c\u1ee7a h\u1ec7 th\u1ed1ng m\u00e1y n\u00e9n kh\u00ed ban \u0111\u1ea7u. V\u1edbi thi\u1ebft b\u1ecb n\u00e0y, kh\u00e1ch h\u00e0ng c\u00f3 th\u1ec3 d\u1ec5 d\u00e0ng \u0111i\u1ec1u ch\u1ec9nh \u0111\u01b0\u1ee3c \u00e1p su\u1ea5t \u1edf \u0111\u1ea7u ra c\u1ee7a thi\u1ebft b\u1ecb, ki\u1ec3m so\u00e1t t\u1ed1t th\u00f4ng qua \u0111\u1ed3ng h\u1ed3 \u0111o \u00e1p. Cu\u1ed1i c\u00f9ng \u0111\u00f3 l\u00e0 c\u1ea3i thi\u1ec7n hi\u1ec7u su\u1ea5t l\u00e0m vi\u1ec7c m\u1ed9t c\u00e1ch d\u1ec5 d\u00e0ng.<\/p>\n<p>&nbsp;<\/p>\n<p>\u0110\u1ea1i l\u00fd SMC vietnam, SMC viet nam, SMC vietnam distributor, Ph\u00e2n ph\u1ed1i SMC t\u1ea1i vi\u1ec7t nam<\/p>\n<p>\u0110\u1ea1i l\u00fd SMC vietnam, SMC viet nam, SMC vietnam distributor, Ph\u00e2n ph\u1ed1i SMC t\u1ea1i vi\u1ec7t nam<\/p>\n<p>\u0110\u1ea1i l\u00fd SMC vietnam, SMC viet nam, SMC vietnam distributor, Ph\u00e2n ph\u1ed1i SMC t\u1ea1i vi\u1ec7t nam<\/p>\n<p>\u0110\u1ea1i l\u00fd SMC vietnam, SMC viet nam, SMC vietnam distributor, Ph\u00e2n ph\u1ed1i SMC t\u1ea1i vi\u1ec7t nam<\/p>\n<p>\u0110\u1ea1i l\u00fd SMC vietnam, SMC viet nam, SMC vietnam distributor, Ph\u00e2n ph\u1ed1i SMC t\u1ea1i vi\u1ec7t nam<\/p>\n","protected":false},"excerpt":{"rendered":"<p>SMC VBA40A-04GN VBAT20A1-RV The Booster Regulator VBA Series features air-only operation, so no electricity is needed. Furthermore, it is also easy-to-install and also generates only low amounts of heat. [Features] \u00b7 Floating piston structure. \u00b7 Metal noise reduced by the implementation of a damper on the impact part of the&hellip; <\/p>\n","protected":false},"featured_media":3106,"comment_status":"open","ping_status":"closed","template":"","meta":[],"product_cat":[283],"product_tag":[93,92,426],"class_list":{"0":"post-3105","1":"product","2":"type-product","3":"status-publish","4":"has-post-thumbnail","6":"product_cat-smc","7":"product_tag-dai-ly-smc-viet-nam","8":"product_tag-smc-viet-nam","9":"product_tag-van-tang-ap","11":"first","12":"instock","13":"shipping-taxable","14":"product-type-simple"},"yoast_head":"<!-- This site is optimized with the Yoast SEO plugin v22.8 - https:\/\/yoast.com\/wordpress\/plugins\/seo\/ -->\n<title>SMC VBA40A-04GN - OMANI VI\u1ec6T NAM<\/title>\n<meta name=\"description\" content=\"VBA40A-04GN | Booster Regulator VBA Series\" \/>\n<meta name=\"robots\" content=\"index, follow, max-snippet:-1, max-image-preview:large, max-video-preview:-1\" \/>\n<link rel=\"canonical\" href=\"https:\/\/omanivietnam.com\/index.php\/san-pham\/smc-vba40a-04gn\/\" \/>\n<meta property=\"og:locale\" content=\"vi_VN\" \/>\n<meta property=\"og:type\" content=\"article\" \/>\n<meta property=\"og:title\" content=\"SMC VBA40A-04GN - OMANI VI\u1ec6T NAM\" \/>\n<meta property=\"og:description\" content=\"VBA40A-04GN | Booster Regulator VBA Series\" \/>\n<meta property=\"og:url\" content=\"https:\/\/omanivietnam.com\/index.php\/san-pham\/smc-vba40a-04gn\/\" \/>\n<meta property=\"og:site_name\" content=\"OMANI VI\u1ec6T NAM\" \/>\n<meta property=\"article:modified_time\" content=\"2025-03-16T13:08:53+00:00\" \/>\n<meta property=\"og:image\" content=\"https:\/\/omanivietnam.com\/wp-content\/uploads\/2025\/01\/VBA40A-04GN.png\" \/>\n\t<meta property=\"og:image:width\" content=\"674\" \/>\n\t<meta property=\"og:image:height\" content=\"315\" \/>\n\t<meta property=\"og:image:type\" content=\"image\/png\" \/>\n<meta name=\"twitter:card\" content=\"summary_large_image\" \/>\n<meta name=\"twitter:label1\" content=\"\u01af\u1edbc t\u00ednh th\u1eddi gian \u0111\u1ecdc\" \/>\n\t<meta name=\"twitter:data1\" content=\"5 ph\u00fat\" \/>\n<script type=\"application\/ld+json\" class=\"yoast-schema-graph\">{\"@context\":\"https:\/\/schema.org\",\"@graph\":[{\"@type\":\"WebPage\",\"@id\":\"https:\/\/omanivietnam.com\/index.php\/san-pham\/smc-vba40a-04gn\/\",\"url\":\"https:\/\/omanivietnam.com\/index.php\/san-pham\/smc-vba40a-04gn\/\",\"name\":\"SMC VBA40A-04GN - OMANI VI\u1ec6T NAM\",\"isPartOf\":{\"@id\":\"https:\/\/omanivietnam.com\/#website\"},\"primaryImageOfPage\":{\"@id\":\"https:\/\/omanivietnam.com\/index.php\/san-pham\/smc-vba40a-04gn\/#primaryimage\"},\"image\":{\"@id\":\"https:\/\/omanivietnam.com\/index.php\/san-pham\/smc-vba40a-04gn\/#primaryimage\"},\"thumbnailUrl\":\"https:\/\/omanivietnam.com\/wp-content\/uploads\/2025\/01\/VBA40A-04GN.png\",\"datePublished\":\"2025-01-08T07:59:53+00:00\",\"dateModified\":\"2025-03-16T13:08:53+00:00\",\"description\":\"VBA40A-04GN | Booster Regulator VBA Series\",\"breadcrumb\":{\"@id\":\"https:\/\/omanivietnam.com\/index.php\/san-pham\/smc-vba40a-04gn\/#breadcrumb\"},\"inLanguage\":\"vi\",\"potentialAction\":[{\"@type\":\"ReadAction\",\"target\":[\"https:\/\/omanivietnam.com\/index.php\/san-pham\/smc-vba40a-04gn\/\"]}]},{\"@type\":\"ImageObject\",\"inLanguage\":\"vi\",\"@id\":\"https:\/\/omanivietnam.com\/index.php\/san-pham\/smc-vba40a-04gn\/#primaryimage\",\"url\":\"https:\/\/omanivietnam.com\/wp-content\/uploads\/2025\/01\/VBA40A-04GN.png\",\"contentUrl\":\"https:\/\/omanivietnam.com\/wp-content\/uploads\/2025\/01\/VBA40A-04GN.png\",\"width\":674,\"height\":315},{\"@type\":\"BreadcrumbList\",\"@id\":\"https:\/\/omanivietnam.com\/index.php\/san-pham\/smc-vba40a-04gn\/#breadcrumb\",\"itemListElement\":[{\"@type\":\"ListItem\",\"position\":1,\"name\":\"Home\",\"item\":\"https:\/\/omanivietnam.com\/\"},{\"@type\":\"ListItem\",\"position\":2,\"name\":\"S\u1ea2N PH\u1ea8M\",\"item\":\"https:\/\/omanivietnam.com\/index.php\/cua-hang\/\"},{\"@type\":\"ListItem\",\"position\":3,\"name\":\"SMC VBA40A-04GN\"}]},{\"@type\":\"WebSite\",\"@id\":\"https:\/\/omanivietnam.com\/#website\",\"url\":\"https:\/\/omanivietnam.com\/\",\"name\":\"OMANI VI\u1ec6T NAM\",\"description\":\"Nh\u00e0 ph\u00e2n ph\u1ed1i thi\u1ebft b\u1ecb kh\u00ed n\u00e9n v\u00e0 thi\u1ebft b\u1ecb t\u1ef1 \u0111\u1ed9ng h\u00f3a trong c\u00f4ng nghi\u1ec7p\",\"publisher\":{\"@id\":\"https:\/\/omanivietnam.com\/#\/schema\/person\/0ad398a980dc3fd696111c2c5c8fa897\"},\"potentialAction\":[{\"@type\":\"SearchAction\",\"target\":{\"@type\":\"EntryPoint\",\"urlTemplate\":\"https:\/\/omanivietnam.com\/?s={search_term_string}\"},\"query-input\":\"required name=search_term_string\"}],\"inLanguage\":\"vi\"},{\"@type\":[\"Person\",\"Organization\"],\"@id\":\"https:\/\/omanivietnam.com\/#\/schema\/person\/0ad398a980dc3fd696111c2c5c8fa897\",\"name\":\"Nguy\u1ec5n V\u0103n Kh\u00e1nh\",\"image\":{\"@type\":\"ImageObject\",\"inLanguage\":\"vi\",\"@id\":\"https:\/\/omanivietnam.com\/#\/schema\/person\/image\/\",\"url\":\"https:\/\/omanivietnam.com\/wp-content\/uploads\/2024\/06\/logo-1024x1024.png\",\"contentUrl\":\"https:\/\/omanivietnam.com\/wp-content\/uploads\/2024\/06\/logo-1024x1024.png\",\"width\":1024,\"height\":1024,\"caption\":\"Nguy\u1ec5n V\u0103n Kh\u00e1nh\"},\"logo\":{\"@id\":\"https:\/\/omanivietnam.com\/#\/schema\/person\/image\/\"},\"sameAs\":[\"https:\/\/omanivietnam.com\"]}]}<\/script>\n<!-- \/ Yoast SEO plugin. -->","yoast_head_json":{"title":"SMC VBA40A-04GN - OMANI VI\u1ec6T NAM","description":"VBA40A-04GN | Booster Regulator VBA Series","robots":{"index":"index","follow":"follow","max-snippet":"max-snippet:-1","max-image-preview":"max-image-preview:large","max-video-preview":"max-video-preview:-1"},"canonical":"https:\/\/omanivietnam.com\/index.php\/san-pham\/smc-vba40a-04gn\/","og_locale":"vi_VN","og_type":"article","og_title":"SMC VBA40A-04GN - OMANI VI\u1ec6T NAM","og_description":"VBA40A-04GN | Booster Regulator VBA Series","og_url":"https:\/\/omanivietnam.com\/index.php\/san-pham\/smc-vba40a-04gn\/","og_site_name":"OMANI VI\u1ec6T NAM","article_modified_time":"2025-03-16T13:08:53+00:00","og_image":[{"width":674,"height":315,"url":"https:\/\/omanivietnam.com\/wp-content\/uploads\/2025\/01\/VBA40A-04GN.png","type":"image\/png"}],"twitter_card":"summary_large_image","twitter_misc":{"\u01af\u1edbc t\u00ednh th\u1eddi gian \u0111\u1ecdc":"5 ph\u00fat"},"schema":{"@context":"https:\/\/schema.org","@graph":[{"@type":"WebPage","@id":"https:\/\/omanivietnam.com\/index.php\/san-pham\/smc-vba40a-04gn\/","url":"https:\/\/omanivietnam.com\/index.php\/san-pham\/smc-vba40a-04gn\/","name":"SMC VBA40A-04GN - OMANI VI\u1ec6T NAM","isPartOf":{"@id":"https:\/\/omanivietnam.com\/#website"},"primaryImageOfPage":{"@id":"https:\/\/omanivietnam.com\/index.php\/san-pham\/smc-vba40a-04gn\/#primaryimage"},"image":{"@id":"https:\/\/omanivietnam.com\/index.php\/san-pham\/smc-vba40a-04gn\/#primaryimage"},"thumbnailUrl":"https:\/\/omanivietnam.com\/wp-content\/uploads\/2025\/01\/VBA40A-04GN.png","datePublished":"2025-01-08T07:59:53+00:00","dateModified":"2025-03-16T13:08:53+00:00","description":"VBA40A-04GN | Booster Regulator VBA Series","breadcrumb":{"@id":"https:\/\/omanivietnam.com\/index.php\/san-pham\/smc-vba40a-04gn\/#breadcrumb"},"inLanguage":"vi","potentialAction":[{"@type":"ReadAction","target":["https:\/\/omanivietnam.com\/index.php\/san-pham\/smc-vba40a-04gn\/"]}]},{"@type":"ImageObject","inLanguage":"vi","@id":"https:\/\/omanivietnam.com\/index.php\/san-pham\/smc-vba40a-04gn\/#primaryimage","url":"https:\/\/omanivietnam.com\/wp-content\/uploads\/2025\/01\/VBA40A-04GN.png","contentUrl":"https:\/\/omanivietnam.com\/wp-content\/uploads\/2025\/01\/VBA40A-04GN.png","width":674,"height":315},{"@type":"BreadcrumbList","@id":"https:\/\/omanivietnam.com\/index.php\/san-pham\/smc-vba40a-04gn\/#breadcrumb","itemListElement":[{"@type":"ListItem","position":1,"name":"Home","item":"https:\/\/omanivietnam.com\/"},{"@type":"ListItem","position":2,"name":"S\u1ea2N PH\u1ea8M","item":"https:\/\/omanivietnam.com\/index.php\/cua-hang\/"},{"@type":"ListItem","position":3,"name":"SMC VBA40A-04GN"}]},{"@type":"WebSite","@id":"https:\/\/omanivietnam.com\/#website","url":"https:\/\/omanivietnam.com\/","name":"OMANI VI\u1ec6T NAM","description":"Nh\u00e0 ph\u00e2n ph\u1ed1i thi\u1ebft b\u1ecb kh\u00ed n\u00e9n v\u00e0 thi\u1ebft b\u1ecb t\u1ef1 \u0111\u1ed9ng h\u00f3a trong c\u00f4ng nghi\u1ec7p","publisher":{"@id":"https:\/\/omanivietnam.com\/#\/schema\/person\/0ad398a980dc3fd696111c2c5c8fa897"},"potentialAction":[{"@type":"SearchAction","target":{"@type":"EntryPoint","urlTemplate":"https:\/\/omanivietnam.com\/?s={search_term_string}"},"query-input":"required name=search_term_string"}],"inLanguage":"vi"},{"@type":["Person","Organization"],"@id":"https:\/\/omanivietnam.com\/#\/schema\/person\/0ad398a980dc3fd696111c2c5c8fa897","name":"Nguy\u1ec5n V\u0103n Kh\u00e1nh","image":{"@type":"ImageObject","inLanguage":"vi","@id":"https:\/\/omanivietnam.com\/#\/schema\/person\/image\/","url":"https:\/\/omanivietnam.com\/wp-content\/uploads\/2024\/06\/logo-1024x1024.png","contentUrl":"https:\/\/omanivietnam.com\/wp-content\/uploads\/2024\/06\/logo-1024x1024.png","width":1024,"height":1024,"caption":"Nguy\u1ec5n V\u0103n Kh\u00e1nh"},"logo":{"@id":"https:\/\/omanivietnam.com\/#\/schema\/person\/image\/"},"sameAs":["https:\/\/omanivietnam.com"]}]}},"_links":{"self":[{"href":"https:\/\/omanivietnam.com\/index.php\/wp-json\/wp\/v2\/product\/3105","targetHints":{"allow":["GET"]}}],"collection":[{"href":"https:\/\/omanivietnam.com\/index.php\/wp-json\/wp\/v2\/product"}],"about":[{"href":"https:\/\/omanivietnam.com\/index.php\/wp-json\/wp\/v2\/types\/product"}],"replies":[{"embeddable":true,"href":"https:\/\/omanivietnam.com\/index.php\/wp-json\/wp\/v2\/comments?post=3105"}],"wp:featuredmedia":[{"embeddable":true,"href":"https:\/\/omanivietnam.com\/index.php\/wp-json\/wp\/v2\/media\/3106"}],"wp:attachment":[{"href":"https:\/\/omanivietnam.com\/index.php\/wp-json\/wp\/v2\/media?parent=3105"}],"wp:term":[{"taxonomy":"product_cat","embeddable":true,"href":"https:\/\/omanivietnam.com\/index.php\/wp-json\/wp\/v2\/product_cat?post=3105"},{"taxonomy":"product_tag","embeddable":true,"href":"https:\/\/omanivietnam.com\/index.php\/wp-json\/wp\/v2\/product_tag?post=3105"}],"curies":[{"name":"wp","href":"https:\/\/api.w.org\/{rel}","templated":true}]}}