{"id":3109,"date":"2025-01-09T14:23:08","date_gmt":"2025-01-09T07:23:08","guid":{"rendered":"https:\/\/omanivietnam.com\/?post_type=product&#038;p=3109"},"modified":"2025-01-09T14:23:08","modified_gmt":"2025-01-09T07:23:08","slug":"allen-bradley-1769-if4","status":"publish","type":"product","link":"https:\/\/omanivietnam.com\/index.php\/san-pham\/allen-bradley-1769-if4\/","title":{"rendered":"ALLEN BRADLEY 1769-IF4"},"content":{"rendered":"<p>ALLEN BRADLEY 1769-IF4<\/p>\n<p><em>1769<\/em>&#8211;<em>IF4<\/em>\u00a0(SER.B REV.2).<\/p>\n<p>4 k\u00eanh ng\u00f5 v\u00e0o Analog,<\/p>\n<p>\u0111\u1ed9 ph\u00e2n gi\u1ea3i 14 bits.<\/p>\n<p>Xu\u1ea5t x\u1ee9: Malaysia, ch\u00ednh h\u00e3ng.<\/p>\n<p><strong>Th\u00f4ng tin v\u1ec1 s\u1ea3n ph\u1ea9m MODULE ANALOG INPUT ALLEN BRADLEY 1769-IF4<\/strong><\/p>\n<p>&#8211; D\u00f2ng s\u1ea3n ph\u1ea9m: Module Analog\u00a0CompactLogix 1769.<\/p>\n<p>&#8211;\u00a0\u0110i\u1ec7n \u00e1p l\u00e0m vi\u1ec7c \u0111\u1ecbnh m\u1ee9c:\u00a030VAC; 30VDC.<\/p>\n<p>&#8211; \u0110\u1ed9 ph\u00e2n gi\u1ea3i: 14 bit.<\/p>\n<p>&#8211; S\u1ed1 l\u01b0\u1ee3ng \u0111\u1ea7u v\u00e0o: 4.<\/p>\n<p>&#8211; Ph\u1ea1m vi \u0111\u1ea7u v\u00e0o:\u00a00-21mA; 0-10.5VDC.<\/p>\n<p>&#8211;\u00a0C\u00f4ng t\u1eafc ngu\u1ed3n b\u00ean ngo\u00e0i:\u00a024 VDC.<\/p>\n<p>&#8211; C\u00f4ng su\u1ea5t ti\u00eau th\u1ee5:\u00a07,5 W.<\/p>\n<p>&#8211; B\u1ed9 \u0111i\u1ec1u khi\u1ec3n t\u01b0\u01a1ng th\u00edch:\u00a0MicroLogix 1500; 1769 CompactLogix.<\/p>\n<p><strong>MODULE ANALOG INPUT ALLEN BRADLEY 1769-IF4<\/strong>\u00a0l\u00e0 Module Analog Input \u0111\u01b0\u1ee3c s\u1eed d\u1ee5ng v\u1edbi d\u00f2ng b\u1ed9 \u0111i\u1ec1u khi\u1ec3n MicroLogix 1500 v\u00e0 1769 CompactLogix c\u1ee7a Allen Bradley. Module\u00a0n\u00e0y \u0111\u01b0\u1ee3c t\u00edch h\u1ee3p v\u1edbi m\u1ea1ch Analog sang Digital (ADC) v\u1edbi lo\u1ea1i chuy\u1ec3n \u0111\u1ed5i Delta-Sigma. D\u1eef li\u1ec7u \u0111\u01b0\u1ee3c Module\u00a0x\u1eed l\u00fd c\u00f3 th\u1ec3 \u0111\u01b0\u1ee3c c\u1ea5u h\u00ecnh v\u1edbi c\u00e1c \u0111\u1ecbnh d\u1ea1ng d\u1eef li\u1ec7u d\u01b0\u1edbi d\u1ea1ng \u0111\u01a1n v\u1ecb k\u1ef9 thu\u1eadt, PID.<\/p>\n<p><strong>1769-IF4<\/strong>\u00a0c\u00f3 th\u1ec3 \u0111\u01b0\u1ee3c tinh ch\u1ec9nh v\u1edbi c\u00e1c tham s\u1ed1 \u0111\u01b0\u1ee3c cung c\u1ea5p nh\u01b0 c\u1ea3nh b\u00e1o qu\u00e1 tr\u00ecnh, b\u1ed9 l\u1ecdc \u0111\u1ea7u v\u00e0o, l\u1ea5y m\u1eabu th\u1eddi gian th\u1ef1c, d\u1ea3i ch\u1ebft c\u1ea3nh b\u00e1o v\u00e0 c\u00e1c tham s\u1ed1 kh\u00e1c. Khi m\u1ed9t k\u00eanh \u0111\u01b0\u1ee3c b\u1eadt, t\u00ednh n\u0103ng ph\u00e1t hi\u1ec7n m\u1ea1ch h\u1edf b\u00ean trong s\u1ebd t\u1ef1 \u0111\u1ed9ng \u0111\u01b0\u1ee3c b\u1eadt. Vi\u1ec7c ph\u00e1t hi\u1ec7n m\u1ea1ch h\u1edf n\u00e0y c\u0169ng k\u00edch ho\u1ea1t bit l\u1ed7i d\u01b0\u1edbi ph\u1ea1m vi c\u1ee7a Module.<\/p>\n<h3>C\u00e1c m\u00e3 h\u00e0ng t\u01b0\u01a1ng \u0111\u01b0\u01a1ng Module truy\u1ec1n th\u00f4ng 1769-IF4:<\/h3>\n<div>\n<div>1769-ECR<br \/>\n1769-HSC<br \/>\n1769-IF4<br \/>\n1769-IF4XOF2<br \/>\n1769-IF8<br \/>\n1769-IQ16<br \/>\n1769-IQ32<br \/>\n1769-IT6<br \/>\n1769-L19ER-BB1B<br \/>\n1769-L24ER-QB1B<br \/>\n1769-L30ER<br \/>\n1769-L33ER<br \/>\n1769-OB8<br \/>\n1769-OB16<br \/>\n1769-OB16P<br \/>\n1769-OB32<br \/>\n1769-OB32T<br \/>\n1769-OF2<br \/>\n1769-OW16<br \/>\n1769-PA2<br \/>\n1769-PA4<br \/>\n1769-PB4<\/div>\n<\/div>\n<div>\n<p>1769-L35CR<\/p>\n<p>1769-IF4FXOF2F<\/p>\n<p>1769-L20<\/p>\n<p>1769-L23-QBFC1B<\/p>\n<p>1769-MGA256<\/p>\n<p>1768-L45S<\/p>\n<p>1769-NGA16K<\/p>\n<p>1769-L31<\/p>\n<p>1769-L30<\/p>\n<p>1769-L30ER<\/p>\n<p>1769-IF4<\/p>\n<\/div>\n","protected":false},"excerpt":{"rendered":"<p>ALLEN BRADLEY 1769-IF4 1769&#8211;IF4\u00a0(SER.B REV.2). 4 k\u00eanh ng\u00f5 v\u00e0o Analog, \u0111\u1ed9 ph\u00e2n gi\u1ea3i 14 bits. Xu\u1ea5t x\u1ee9: Malaysia, ch\u00ednh h\u00e3ng. Th\u00f4ng tin v\u1ec1 s\u1ea3n ph\u1ea9m MODULE ANALOG INPUT ALLEN BRADLEY 1769-IF4 &#8211; D\u00f2ng s\u1ea3n ph\u1ea9m: Module Analog\u00a0CompactLogix 1769. &#8211;\u00a0\u0110i\u1ec7n \u00e1p l\u00e0m vi\u1ec7c \u0111\u1ecbnh m\u1ee9c:\u00a030VAC; 30VDC. &#8211; \u0110\u1ed9 ph\u00e2n gi\u1ea3i: 14&hellip; <\/p>\n","protected":false},"featured_media":3110,"comment_status":"open","ping_status":"closed","template":"","meta":[],"product_cat":[295],"product_tag":[178,179,159,588],"class_list":{"0":"post-3109","1":"product","2":"type-product","3":"status-publish","4":"has-post-thumbnail","6":"product_cat-allen-bradley","7":"product_tag-allen-bradley-viet-nam","8":"product_tag-dai-ly-allen-bradley-viet-nam","9":"product_tag-mo-dun","10":"product_tag-module-analog-input","12":"first","13":"instock","14":"shipping-taxable","15":"product-type-simple"},"yoast_head":"<!-- This site is optimized with the Yoast SEO plugin v22.8 - https:\/\/yoast.com\/wordpress\/plugins\/seo\/ -->\n<title>ALLEN BRADLEY 1769-IF4 - OMANI VI\u1ec6T NAM<\/title>\n<meta name=\"description\" content=\"The 1769-IF4 (Series B or later) has an external 24V dc power switch which gives you the option of using an external power supply\" \/>\n<meta name=\"robots\" content=\"index, follow, max-snippet:-1, max-image-preview:large, max-video-preview:-1\" \/>\n<link rel=\"canonical\" href=\"https:\/\/omanivietnam.com\/index.php\/san-pham\/allen-bradley-1769-if4\/\" \/>\n<meta property=\"og:locale\" content=\"vi_VN\" \/>\n<meta property=\"og:type\" content=\"article\" \/>\n<meta property=\"og:title\" content=\"ALLEN BRADLEY 1769-IF4 - OMANI VI\u1ec6T NAM\" \/>\n<meta property=\"og:description\" content=\"The 1769-IF4 (Series B or later) has an external 24V dc power switch which gives you the option of using an external power supply\" \/>\n<meta property=\"og:url\" content=\"https:\/\/omanivietnam.com\/index.php\/san-pham\/allen-bradley-1769-if4\/\" \/>\n<meta property=\"og:site_name\" content=\"OMANI VI\u1ec6T NAM\" \/>\n<meta property=\"og:image\" content=\"https:\/\/omanivietnam.com\/wp-content\/uploads\/2025\/01\/1769-IF4.png\" \/>\n\t<meta property=\"og:image:width\" content=\"553\" \/>\n\t<meta property=\"og:image:height\" content=\"501\" \/>\n\t<meta property=\"og:image:type\" content=\"image\/png\" \/>\n<meta name=\"twitter:card\" content=\"summary_large_image\" \/>\n<meta name=\"twitter:label1\" content=\"\u01af\u1edbc t\u00ednh th\u1eddi gian \u0111\u1ecdc\" \/>\n\t<meta name=\"twitter:data1\" content=\"2 ph\u00fat\" \/>\n<script type=\"application\/ld+json\" class=\"yoast-schema-graph\">{\"@context\":\"https:\/\/schema.org\",\"@graph\":[{\"@type\":\"WebPage\",\"@id\":\"https:\/\/omanivietnam.com\/index.php\/san-pham\/allen-bradley-1769-if4\/\",\"url\":\"https:\/\/omanivietnam.com\/index.php\/san-pham\/allen-bradley-1769-if4\/\",\"name\":\"ALLEN BRADLEY 1769-IF4 - OMANI VI\u1ec6T NAM\",\"isPartOf\":{\"@id\":\"https:\/\/omanivietnam.com\/#website\"},\"primaryImageOfPage\":{\"@id\":\"https:\/\/omanivietnam.com\/index.php\/san-pham\/allen-bradley-1769-if4\/#primaryimage\"},\"image\":{\"@id\":\"https:\/\/omanivietnam.com\/index.php\/san-pham\/allen-bradley-1769-if4\/#primaryimage\"},\"thumbnailUrl\":\"https:\/\/omanivietnam.com\/wp-content\/uploads\/2025\/01\/1769-IF4.png\",\"datePublished\":\"2025-01-09T07:23:08+00:00\",\"dateModified\":\"2025-01-09T07:23:08+00:00\",\"description\":\"The 1769-IF4 (Series B or later) has an external 24V dc power switch which gives you the option of using an external power supply\",\"breadcrumb\":{\"@id\":\"https:\/\/omanivietnam.com\/index.php\/san-pham\/allen-bradley-1769-if4\/#breadcrumb\"},\"inLanguage\":\"vi\",\"potentialAction\":[{\"@type\":\"ReadAction\",\"target\":[\"https:\/\/omanivietnam.com\/index.php\/san-pham\/allen-bradley-1769-if4\/\"]}]},{\"@type\":\"ImageObject\",\"inLanguage\":\"vi\",\"@id\":\"https:\/\/omanivietnam.com\/index.php\/san-pham\/allen-bradley-1769-if4\/#primaryimage\",\"url\":\"https:\/\/omanivietnam.com\/wp-content\/uploads\/2025\/01\/1769-IF4.png\",\"contentUrl\":\"https:\/\/omanivietnam.com\/wp-content\/uploads\/2025\/01\/1769-IF4.png\",\"width\":553,\"height\":501},{\"@type\":\"BreadcrumbList\",\"@id\":\"https:\/\/omanivietnam.com\/index.php\/san-pham\/allen-bradley-1769-if4\/#breadcrumb\",\"itemListElement\":[{\"@type\":\"ListItem\",\"position\":1,\"name\":\"Home\",\"item\":\"https:\/\/omanivietnam.com\/\"},{\"@type\":\"ListItem\",\"position\":2,\"name\":\"S\u1ea2N PH\u1ea8M\",\"item\":\"https:\/\/omanivietnam.com\/index.php\/cua-hang\/\"},{\"@type\":\"ListItem\",\"position\":3,\"name\":\"ALLEN BRADLEY 1769-IF4\"}]},{\"@type\":\"WebSite\",\"@id\":\"https:\/\/omanivietnam.com\/#website\",\"url\":\"https:\/\/omanivietnam.com\/\",\"name\":\"OMANI VI\u1ec6T NAM\",\"description\":\"Nh\u00e0 ph\u00e2n ph\u1ed1i thi\u1ebft b\u1ecb kh\u00ed n\u00e9n v\u00e0 thi\u1ebft b\u1ecb t\u1ef1 \u0111\u1ed9ng h\u00f3a trong c\u00f4ng nghi\u1ec7p\",\"publisher\":{\"@id\":\"https:\/\/omanivietnam.com\/#\/schema\/person\/0ad398a980dc3fd696111c2c5c8fa897\"},\"potentialAction\":[{\"@type\":\"SearchAction\",\"target\":{\"@type\":\"EntryPoint\",\"urlTemplate\":\"https:\/\/omanivietnam.com\/?s={search_term_string}\"},\"query-input\":\"required name=search_term_string\"}],\"inLanguage\":\"vi\"},{\"@type\":[\"Person\",\"Organization\"],\"@id\":\"https:\/\/omanivietnam.com\/#\/schema\/person\/0ad398a980dc3fd696111c2c5c8fa897\",\"name\":\"Nguy\u1ec5n V\u0103n Kh\u00e1nh\",\"image\":{\"@type\":\"ImageObject\",\"inLanguage\":\"vi\",\"@id\":\"https:\/\/omanivietnam.com\/#\/schema\/person\/image\/\",\"url\":\"https:\/\/omanivietnam.com\/wp-content\/uploads\/2024\/06\/logo-1024x1024.png\",\"contentUrl\":\"https:\/\/omanivietnam.com\/wp-content\/uploads\/2024\/06\/logo-1024x1024.png\",\"width\":1024,\"height\":1024,\"caption\":\"Nguy\u1ec5n V\u0103n Kh\u00e1nh\"},\"logo\":{\"@id\":\"https:\/\/omanivietnam.com\/#\/schema\/person\/image\/\"},\"sameAs\":[\"https:\/\/omanivietnam.com\"]}]}<\/script>\n<!-- \/ Yoast SEO plugin. -->","yoast_head_json":{"title":"ALLEN BRADLEY 1769-IF4 - OMANI VI\u1ec6T NAM","description":"The 1769-IF4 (Series B or later) has an external 24V dc power switch which gives you the option of using an external power supply","robots":{"index":"index","follow":"follow","max-snippet":"max-snippet:-1","max-image-preview":"max-image-preview:large","max-video-preview":"max-video-preview:-1"},"canonical":"https:\/\/omanivietnam.com\/index.php\/san-pham\/allen-bradley-1769-if4\/","og_locale":"vi_VN","og_type":"article","og_title":"ALLEN BRADLEY 1769-IF4 - OMANI VI\u1ec6T NAM","og_description":"The 1769-IF4 (Series B or later) has an external 24V dc power switch which gives you the option of using an external power supply","og_url":"https:\/\/omanivietnam.com\/index.php\/san-pham\/allen-bradley-1769-if4\/","og_site_name":"OMANI VI\u1ec6T NAM","og_image":[{"width":553,"height":501,"url":"https:\/\/omanivietnam.com\/wp-content\/uploads\/2025\/01\/1769-IF4.png","type":"image\/png"}],"twitter_card":"summary_large_image","twitter_misc":{"\u01af\u1edbc t\u00ednh th\u1eddi gian \u0111\u1ecdc":"2 ph\u00fat"},"schema":{"@context":"https:\/\/schema.org","@graph":[{"@type":"WebPage","@id":"https:\/\/omanivietnam.com\/index.php\/san-pham\/allen-bradley-1769-if4\/","url":"https:\/\/omanivietnam.com\/index.php\/san-pham\/allen-bradley-1769-if4\/","name":"ALLEN BRADLEY 1769-IF4 - OMANI VI\u1ec6T NAM","isPartOf":{"@id":"https:\/\/omanivietnam.com\/#website"},"primaryImageOfPage":{"@id":"https:\/\/omanivietnam.com\/index.php\/san-pham\/allen-bradley-1769-if4\/#primaryimage"},"image":{"@id":"https:\/\/omanivietnam.com\/index.php\/san-pham\/allen-bradley-1769-if4\/#primaryimage"},"thumbnailUrl":"https:\/\/omanivietnam.com\/wp-content\/uploads\/2025\/01\/1769-IF4.png","datePublished":"2025-01-09T07:23:08+00:00","dateModified":"2025-01-09T07:23:08+00:00","description":"The 1769-IF4 (Series B or later) has an external 24V dc power switch which gives you the option of using an external power supply","breadcrumb":{"@id":"https:\/\/omanivietnam.com\/index.php\/san-pham\/allen-bradley-1769-if4\/#breadcrumb"},"inLanguage":"vi","potentialAction":[{"@type":"ReadAction","target":["https:\/\/omanivietnam.com\/index.php\/san-pham\/allen-bradley-1769-if4\/"]}]},{"@type":"ImageObject","inLanguage":"vi","@id":"https:\/\/omanivietnam.com\/index.php\/san-pham\/allen-bradley-1769-if4\/#primaryimage","url":"https:\/\/omanivietnam.com\/wp-content\/uploads\/2025\/01\/1769-IF4.png","contentUrl":"https:\/\/omanivietnam.com\/wp-content\/uploads\/2025\/01\/1769-IF4.png","width":553,"height":501},{"@type":"BreadcrumbList","@id":"https:\/\/omanivietnam.com\/index.php\/san-pham\/allen-bradley-1769-if4\/#breadcrumb","itemListElement":[{"@type":"ListItem","position":1,"name":"Home","item":"https:\/\/omanivietnam.com\/"},{"@type":"ListItem","position":2,"name":"S\u1ea2N PH\u1ea8M","item":"https:\/\/omanivietnam.com\/index.php\/cua-hang\/"},{"@type":"ListItem","position":3,"name":"ALLEN BRADLEY 1769-IF4"}]},{"@type":"WebSite","@id":"https:\/\/omanivietnam.com\/#website","url":"https:\/\/omanivietnam.com\/","name":"OMANI VI\u1ec6T NAM","description":"Nh\u00e0 ph\u00e2n ph\u1ed1i thi\u1ebft b\u1ecb kh\u00ed n\u00e9n v\u00e0 thi\u1ebft b\u1ecb t\u1ef1 \u0111\u1ed9ng h\u00f3a trong c\u00f4ng nghi\u1ec7p","publisher":{"@id":"https:\/\/omanivietnam.com\/#\/schema\/person\/0ad398a980dc3fd696111c2c5c8fa897"},"potentialAction":[{"@type":"SearchAction","target":{"@type":"EntryPoint","urlTemplate":"https:\/\/omanivietnam.com\/?s={search_term_string}"},"query-input":"required name=search_term_string"}],"inLanguage":"vi"},{"@type":["Person","Organization"],"@id":"https:\/\/omanivietnam.com\/#\/schema\/person\/0ad398a980dc3fd696111c2c5c8fa897","name":"Nguy\u1ec5n V\u0103n Kh\u00e1nh","image":{"@type":"ImageObject","inLanguage":"vi","@id":"https:\/\/omanivietnam.com\/#\/schema\/person\/image\/","url":"https:\/\/omanivietnam.com\/wp-content\/uploads\/2024\/06\/logo-1024x1024.png","contentUrl":"https:\/\/omanivietnam.com\/wp-content\/uploads\/2024\/06\/logo-1024x1024.png","width":1024,"height":1024,"caption":"Nguy\u1ec5n V\u0103n Kh\u00e1nh"},"logo":{"@id":"https:\/\/omanivietnam.com\/#\/schema\/person\/image\/"},"sameAs":["https:\/\/omanivietnam.com"]}]}},"_links":{"self":[{"href":"https:\/\/omanivietnam.com\/index.php\/wp-json\/wp\/v2\/product\/3109","targetHints":{"allow":["GET"]}}],"collection":[{"href":"https:\/\/omanivietnam.com\/index.php\/wp-json\/wp\/v2\/product"}],"about":[{"href":"https:\/\/omanivietnam.com\/index.php\/wp-json\/wp\/v2\/types\/product"}],"replies":[{"embeddable":true,"href":"https:\/\/omanivietnam.com\/index.php\/wp-json\/wp\/v2\/comments?post=3109"}],"wp:featuredmedia":[{"embeddable":true,"href":"https:\/\/omanivietnam.com\/index.php\/wp-json\/wp\/v2\/media\/3110"}],"wp:attachment":[{"href":"https:\/\/omanivietnam.com\/index.php\/wp-json\/wp\/v2\/media?parent=3109"}],"wp:term":[{"taxonomy":"product_cat","embeddable":true,"href":"https:\/\/omanivietnam.com\/index.php\/wp-json\/wp\/v2\/product_cat?post=3109"},{"taxonomy":"product_tag","embeddable":true,"href":"https:\/\/omanivietnam.com\/index.php\/wp-json\/wp\/v2\/product_tag?post=3109"}],"curies":[{"name":"wp","href":"https:\/\/api.w.org\/{rel}","templated":true}]}}