{"id":3118,"date":"2025-01-12T09:40:43","date_gmt":"2025-01-12T02:40:43","guid":{"rendered":"https:\/\/omanivietnam.com\/?post_type=product&#038;p=3118"},"modified":"2025-04-24T20:39:50","modified_gmt":"2025-04-24T13:39:50","slug":"panasonic-hg-c1200","status":"publish","type":"product","link":"https:\/\/omanivietnam.com\/index.php\/san-pham\/panasonic-hg-c1200\/","title":{"rendered":"PANASONIC HG-C1200"},"content":{"rendered":"<p>PANASONIC HG-C1200<\/p>\n<p>HG-C1200-P<\/p>\n<p class=\"uppercase\"><strong><span data-darkreader-inline-color=\"\">Th\u00f4ng s\u1ed1 k\u0129 thu\u1eadt HG-C1200<\/span><\/strong><\/p>\n<table width=\"1320\">\n<tbody>\n<tr>\n<td width=\"660\"><em>H\u1ea1ng m\u1ee5c<\/em><\/td>\n<td width=\"660\"><em>Th\u00f4ng s\u1ed1 k\u1ef9 thu\u1eadt<\/em><\/td>\n<\/tr>\n<tr>\n<td width=\"660\"><em>M\u00e3 s\u1ea3n ph\u1ea9m<\/em><\/td>\n<td width=\"660\"><em>HG-C1200-P<\/em><\/td>\n<\/tr>\n<tr>\n<td width=\"660\"><em>T\u00ean s\u1ea3n ph\u1ea9m<\/em><\/td>\n<td width=\"660\"><em>C\u1ea3m bi\u1ebfn kho\u1ea3ng c\u00e1ch laser CMOS Micro<\/em><\/td>\n<\/tr>\n<tr>\n<td width=\"660\"><em>Chi ti\u1ebft s\u1ea3n ph\u1ea9m<\/em><\/td>\n<td width=\"660\"><em>Lo\u1ea1i d\u00e2y composite 5 l\u00f5i, d\u00e0i 2 m (6.5617 ft)<\/em><\/td>\n<\/tr>\n<tr>\n<td width=\"660\"><em>Quy \u0111\u1ecbnh v\u00e0 ch\u1ee9ng nh\u1eadn \u00e1p d\u1ee5ng<\/em><\/td>\n<td width=\"660\"><em>CE Marking, UKCA Marking, FDA Regulations, UL\/c-UL Certification (S\u1ea3n ph\u1ea9m c\u00f3 ch\u1ee9ng nh\u1eadn UL t\u1eeb th\u00e1ng 4, 2017)<\/em><\/td>\n<\/tr>\n<tr>\n<td width=\"660\"><em>Kho\u1ea3ng c\u00e1ch \u0111o trung t\u00e2m<\/em><\/td>\n<td width=\"660\"><em>200 mm (7.874 in)<\/em><\/td>\n<\/tr>\n<tr>\n<td width=\"660\"><em>D\u1ea3i \u0111o<\/em><\/td>\n<td width=\"660\"><em>\u00b180 mm (3.150 in)<\/em><\/td>\n<\/tr>\n<tr>\n<td width=\"660\"><em>\u0110\u1ed9 l\u1eb7p l\u1ea1i<\/em><\/td>\n<td width=\"660\"><em>200 \u03bcm (7.874 mil)<\/em><\/td>\n<\/tr>\n<tr>\n<td width=\"660\"><em>\u0110\u1ed9 tuy\u1ebfn t\u00ednh<\/em><\/td>\n<td width=\"660\"><em>\u00b10.2% F.S.<\/em><\/td>\n<\/tr>\n<tr>\n<td width=\"660\"><em>\u0110\u1eb7c t\u00ednh nhi\u1ec7t \u0111\u1ed9<\/em><\/td>\n<td width=\"660\"><em>0.03% F.S.\/\u2103<\/em><\/td>\n<\/tr>\n<tr>\n<td width=\"660\"><em>Ngu\u1ed3n s\u00e1ng<\/em><\/td>\n<td width=\"660\"><em>Laser b\u00e1n d\u1eabn \u0111\u1ecf (Class 2), b\u01b0\u1edbc s\u00f3ng 655 nm<\/em><\/td>\n<\/tr>\n<tr>\n<td width=\"660\"><em>\u0110\u01b0\u1eddng k\u00ednh ch\u00f9m tia<\/em><\/td>\n<td width=\"660\"><em>\u00f8300 \u03bcm (11.8111 mil)<\/em><\/td>\n<\/tr>\n<tr>\n<td width=\"660\"><em>\u0110i\u1ec7n \u00e1p cung c\u1ea5p<\/em><\/td>\n<td width=\"660\"><em>12 \u0111\u1ebfn 24 V DC \u00b110%, g\u1ee3n s\u00f3ng P-P 10% ho\u1eb7c \u00edt h\u01a1n<\/em><\/td>\n<\/tr>\n<tr>\n<td width=\"660\"><em>Ti\u00eau th\u1ee5 d\u00f2ng \u0111i\u1ec7n<\/em><\/td>\n<td width=\"660\"><em>\u226440 mA (v\u1edbi \u0111i\u1ec7n \u00e1p cung c\u1ea5p 24V DC), \u226465 mA (v\u1edbi 12V DC)<\/em><\/td>\n<\/tr>\n<tr>\n<td width=\"660\"><em>Ng\u00f5 ra \u0111i\u1ec1u khi\u1ec3n<\/em><\/td>\n<td width=\"660\"><em>PNP transistor, d\u00f2ng t\u1ea3i t\u1ed1i \u0111a: 50 mA, \u0111i\u1ec7n \u00e1p: \u226430 V DC<\/em><\/td>\n<\/tr>\n<tr>\n<td width=\"660\"><em>Ng\u00f5 ra analog<\/em><\/td>\n<td width=\"660\"><em>\u0110i\u1ec7n \u00e1p: 0 \u0111\u1ebfn 5 V, D\u00f2ng \u0111i\u1ec7n: 4 \u0111\u1ebfn 20 mA<\/em><\/td>\n<\/tr>\n<tr>\n<td width=\"660\"><em>Th\u1eddi gian \u0111\u00e1p \u1ee9ng<\/em><\/td>\n<td width=\"660\"><em>1.5 ms \/ 5 ms \/ 10 ms (C\u00f3 th\u1ec3 thay \u0111\u1ed5i)<\/em><\/td>\n<\/tr>\n<tr>\n<td width=\"660\"><em>Ng\u00f5 v\u00e0o ngo\u00e0i<\/em><\/td>\n<td width=\"660\"><em>PNP kh\u00f4ng ti\u1ebfp x\u00fac, v\u1edbi \u0111i\u1ec7n \u00e1p \u0111i\u1ec1u ki\u1ec7n \u0111\u1ea7u v\u00e0o t\u1eeb 0 \u0111\u1ebfn +0.6 V DC<\/em><\/td>\n<\/tr>\n<tr>\n<td width=\"660\"><em>B\u1ea3o v\u1ec7<\/em><\/td>\n<td width=\"660\"><em>IP67<\/em><\/td>\n<\/tr>\n<tr>\n<td width=\"660\"><em>Nhi\u1ec7t \u0111\u1ed9 ho\u1ea1t \u0111\u1ed9ng<\/em><\/td>\n<td width=\"660\"><em>-10 \u0111\u1ebfn +45\u2103 (-14 \u0111\u1ebfn +113\u2109)<\/em><\/td>\n<\/tr>\n<tr>\n<td width=\"660\"><em>\u0110\u1ed9 \u1ea9m ho\u1ea1t \u0111\u1ed9ng<\/em><\/td>\n<td width=\"660\"><em>35 \u0111\u1ebfn 85% RH<\/em><\/td>\n<\/tr>\n<tr>\n<td width=\"660\"><em>Ch\u1ecbu rung<\/em><\/td>\n<td width=\"660\"><em>10-55 Hz, bi\u00ean \u0111\u1ed9 k\u00e9p 1.5 mm (X, Y, Z trong 2 gi\u1edd m\u1ed7i h\u01b0\u1edbng)<\/em><\/td>\n<\/tr>\n<tr>\n<td width=\"660\"><em>Ch\u1ecbu s\u1ed1c<\/em><\/td>\n<td width=\"660\"><em>500 m\/s\u00b2 (50 G)<\/em><\/td>\n<\/tr>\n<tr>\n<td width=\"660\"><em>Chi\u1ec1u d\u00e0i c\u00e1p<\/em><\/td>\n<td width=\"660\"><em>2 m (lo\u1ea1i c\u00e1p composite 5 l\u00f5i)<\/em><\/td>\n<\/tr>\n<tr>\n<td width=\"660\"><em>V\u1eadt li\u1ec7u<\/em><\/td>\n<td width=\"660\"><em>V\u1ecf: Nh\u00f4m \u0111\u00fac; N\u1eafp tr\u01b0\u1edbc: Acrylic<\/em><\/td>\n<\/tr>\n<tr>\n<td width=\"660\"><em>Tr\u1ecdng l\u01b0\u1ee3ng<\/em><\/td>\n<td width=\"660\"><em>~35 g (kh\u00f4ng c\u00e1p), ~85 g (bao g\u1ed3m c\u00e1p)<\/em><\/td>\n<\/tr>\n<\/tbody>\n<\/table>\n<p>C\u00e1c m\u00e3 h\u00e0ng t\u01b0\u01a1ng t\u1ef1<\/p>\n<p>HG-C1200, HG-C1200-P<\/p>\n<p>HG-C1030, HG-C1030-P<\/p>\n<p>HG-C1050, HG-C1050-P<\/p>\n<p>HG-C1100, HG-C1100-P<\/p>\n<p>HG-C1400, HG-C1400-P<\/p>\n<p>&nbsp;<\/p>\n<p class=\"el_lv1Heading-02 \"><span class=\"js_recentViewTtl__parts\">HG-C1200\uff5cCMOS type Micro Laser Distance Sensor HG-C<\/span><\/p>\n<h2 id=\"spec\">Spec Detail<\/h2>\n<div class=\"bl_parts_change_notion\">Specifications and design of the products are subject to change without notice for the product improvement.<\/div>\n<div class=\"bl_table_wrapper scroll-hint\">\n<table class=\"el_parts_table el_parts_table-column2\">\n<thead>\n<tr>\n<th>Item<\/th>\n<th>Specifications<\/th>\n<\/tr>\n<\/thead>\n<tbody>\n<tr>\n<th>Product Number<\/th>\n<td>HG-C1200<\/td>\n<\/tr>\n<tr>\n<th>Part Number<\/th>\n<td>HG-C1200<\/td>\n<\/tr>\n<tr>\n<th>Products Name<\/th>\n<td>CMOS type Micro Laser Distance Sensor<\/td>\n<\/tr>\n<tr>\n<th>Product details<\/th>\n<td>Measurement center 200mm 7.874 in type<\/td>\n<\/tr>\n<tr>\n<th>Applicable regulations and certifications<\/th>\n<td>CE Marking (EMC Directive, RoHS Directive), UKCA Marking (EMC Regulations, RoHS Regulations), FDA Regulations, UL\/c-UL Certification<br \/>\n(Note) : The UL\/c-UL certified products have been shipped since April, 2017.<\/td>\n<\/tr>\n<tr>\n<th>Measurement center distance<\/th>\n<td>200 mm\u00a0<span class=\"inch\">7.874 in<\/span><\/td>\n<\/tr>\n<tr>\n<th>Measuring range<\/th>\n<td>\u00b180 mm\u00a0<span class=\"inch\">3.150 in<\/span><\/td>\n<\/tr>\n<tr>\n<th>Repeatability<\/th>\n<td>200 \u03bcm\u00a0<span class=\"inch\">7.874 mil<\/span><\/td>\n<\/tr>\n<tr>\n<th>Linearity<\/th>\n<td>\u00b10.2%F.S.<\/td>\n<\/tr>\n<tr>\n<th>Temprerature characteristics<\/th>\n<td>0.03% F.S.\/\u2103<\/td>\n<\/tr>\n<tr>\n<th>Light source<\/th>\n<td>Red semiconductor laser Class 2 [IEC \/ EN\/ JIS \/ GB \/ KS \/ FDA (Note) ]<br \/>\nMax. output: 1 mW<br \/>\nemission peak wavelength: 655 nm\u00a0<span class=\"inch\">0.026 mil<\/span><br \/>\n(Note) This product complies with the FDA regulations (FDA 21 CFR 1040.10 and 1040.11) in accordance with FDA Laser Notice No. 56, except for complying with IEC 60825-1 Ed. 3.<\/td>\n<\/tr>\n<tr>\n<th>Beam diameter<\/th>\n<td>\u00f8300 \u03bcm\u00a0<span class=\"inch\">11.8111 mil<\/span>\u00a0approx.<br \/>\n(Note) This is the size in the measurement center distance. These values were defined by using 1\/e<sup>2<\/sup>\u00a0(13.5% approx.) of the center light intensity. Due to leak light outside the specified area, the reflectance around the detecting point may be higher than at the point and this may affect the measurement value.<\/td>\n<\/tr>\n<tr>\n<th>Supply voltage<\/th>\n<td>12 to 24 V DC \u00b110 %, Ripple P-P 10 % or less<\/td>\n<\/tr>\n<tr>\n<th>Current consumption<\/th>\n<td>40 mA or less (at 24V DC supply voltage)<br \/>\n65 mA or less (at 12V DC supply voltage)<br \/>\nNote : Specifications have been changed from shipment in August, 2016. For shipment before July 2016 \uff1a 40 mA or less (at 24 V DC supply voltage), 60 mA or less (at 12 V DC supply voltage)<\/td>\n<\/tr>\n<tr>\n<th>Control output<\/th>\n<td>NPN open-collector transistor<br \/>\n&#8211; Maximum sink current: 50 mA<br \/>\n&#8211; Applied voltage: 30 V DC or less (Between control output to 0V)<br \/>\n&#8211; Residual voltage: 1.5 V or less (At 50 mA sink current)<br \/>\n&#8211; Leakage current: 0.1 mA or less<\/td>\n<\/tr>\n<tr>\n<th>Control output:Output operation<\/th>\n<td>Either Light-ON or Dark-ON<\/td>\n<\/tr>\n<tr>\n<th>Control output:Short-circuit protection<\/th>\n<td>Incorporated (Auto reset type)<\/td>\n<\/tr>\n<tr>\n<th>Analogue output : Analog voltage output<\/th>\n<td>\u2022 Output range: 0 to 5 V (at alarm: +5.2 V)<br \/>\n\u2022 Output impedance: 100\u03a9<\/td>\n<\/tr>\n<tr>\n<th>Analogue output : Analog current output<\/th>\n<td>\u2022 Output range: 4 to 20mA (at alarm: 0mA)<br \/>\n\u2022 Output impedance: 300\u03a9 or less<br \/>\nNote : Analog current output has been added from shipment in August 2016.<\/td>\n<\/tr>\n<tr>\n<th>Response time<\/th>\n<td>Switchable between 1.5 ms \/ 5 ms \/ 10 ms<\/td>\n<\/tr>\n<tr>\n<th>External input<\/th>\n<td>NPN non-contact input<br \/>\n&#8211; Input conditions<br \/>\nInvalid: +8 to +V DC or Open<br \/>\nValid: 0 to +1.2 V DC<br \/>\n&#8211; Input impedance: 10 k\u03a9 approx.<\/td>\n<\/tr>\n<tr>\n<th>Pollution degree<\/th>\n<td>2<\/td>\n<\/tr>\n<tr>\n<th>Operating altitude<\/th>\n<td>2,000 m\u00a0<span class=\"inch\">6561.680 ft<\/span>\u00a0or less<\/td>\n<\/tr>\n<tr>\n<th>Protection<\/th>\n<td>IP67 (IEC)<\/td>\n<\/tr>\n<tr>\n<th>Ambient temperature<\/th>\n<td>-10 to +45 \u2103\u00a0<span class=\"inch\">-14 to 113 \u2109<\/span>\u00a0(No dew condensation or icing allowed), Storage: -20 to +60 \u2103\u00a0<span class=\"inch\">-4 to 140 \u2109<\/span><\/td>\n<\/tr>\n<tr>\n<th>Ambient humidity<\/th>\n<td>35 to 85 % RH, Storage: 35 to 85 % RH<\/td>\n<\/tr>\n<tr>\n<th>Ambient illuminance<\/th>\n<td>Incandescent light: 3,000 \u2113x or less at the light-receiving face<\/td>\n<\/tr>\n<tr>\n<th>Vibration resistance<\/th>\n<td>10 to 55 Hz (period: 1 min.) frequency, 1.5 mm\u00a0<span class=\"inch\">0.059 in<\/span>\u00a0double amplitude in X, Y and Z directions for two hours each<\/td>\n<\/tr>\n<tr>\n<th>Shock resistance<\/th>\n<td>500 m\/s<sup>2<\/sup>\u00a0acceleration (50 G approx.) in X, Y and Z directions three times each<\/td>\n<\/tr>\n<tr>\n<th>Cable<\/th>\n<td>5-core composite cable, 2 m\u00a0<span class=\"inch\">6.5617 ft<\/span>\u00a0long<\/td>\n<\/tr>\n<tr>\n<th>Cable extension<\/th>\n<td>Extension up to total 10 m\u00a0<span class=\"inch\">393.701 ft<\/span>\u00a0is possible with 0.3 mm<sup>2<\/sup>, or more, cable.<\/td>\n<\/tr>\n<tr>\n<th>Material<\/th>\n<td>Enclosure: Aluminum die-cast<br \/>\nFront cover: Acrylic<\/td>\n<\/tr>\n<tr>\n<th>Weight<\/th>\n<td>Net weight: 35 g approx. (without cable), 85 g approx. (including cable)<\/td>\n<\/tr>\n<\/tbody>\n<\/table>\n<\/div>\n<p>&nbsp;<\/p>\n<p>&nbsp;<\/p>\n","protected":false},"excerpt":{"rendered":"<p>PANASONIC HG-C1200 HG-C1200-P Th\u00f4ng s\u1ed1 k\u0129 thu\u1eadt HG-C1200 H\u1ea1ng m\u1ee5c Th\u00f4ng s\u1ed1 k\u1ef9 thu\u1eadt M\u00e3 s\u1ea3n ph\u1ea9m HG-C1200-P T\u00ean s\u1ea3n ph\u1ea9m C\u1ea3m bi\u1ebfn kho\u1ea3ng c\u00e1ch laser CMOS Micro Chi ti\u1ebft s\u1ea3n ph\u1ea9m Lo\u1ea1i d\u00e2y composite 5 l\u00f5i, d\u00e0i 2 m (6.5617 ft) Quy \u0111\u1ecbnh v\u00e0 ch\u1ee9ng nh\u1eadn \u00e1p d\u1ee5ng CE&hellip; <\/p>\n","protected":false},"featured_media":3119,"comment_status":"open","ping_status":"closed","template":"","meta":[],"product_cat":[298],"product_tag":[88,86,87],"class_list":{"0":"post-3118","1":"product","2":"type-product","3":"status-publish","4":"has-post-thumbnail","6":"product_cat-panasonic","7":"product_tag-cam-bien","8":"product_tag-dai-ly-panasonic-viet-nam","9":"product_tag-panasonic-viet-nam","11":"first","12":"instock","13":"shipping-taxable","14":"product-type-simple"},"yoast_head":"<!-- This site is optimized with the Yoast SEO plugin v22.8 - https:\/\/yoast.com\/wordpress\/plugins\/seo\/ -->\n<title>PANASONIC HG-C1200 - OMANI VI\u1ec6T NAM<\/title>\n<meta name=\"description\" content=\"PANASONIC HG-C1200 Laser Distance Sensor\" \/>\n<meta name=\"robots\" content=\"index, follow, max-snippet:-1, max-image-preview:large, max-video-preview:-1\" \/>\n<link rel=\"canonical\" href=\"https:\/\/omanivietnam.com\/index.php\/san-pham\/panasonic-hg-c1200\/\" \/>\n<meta property=\"og:locale\" content=\"vi_VN\" \/>\n<meta property=\"og:type\" content=\"article\" \/>\n<meta property=\"og:title\" content=\"PANASONIC HG-C1200 - OMANI VI\u1ec6T NAM\" \/>\n<meta property=\"og:description\" content=\"PANASONIC HG-C1200 Laser Distance Sensor\" \/>\n<meta property=\"og:url\" content=\"https:\/\/omanivietnam.com\/index.php\/san-pham\/panasonic-hg-c1200\/\" \/>\n<meta property=\"og:site_name\" content=\"OMANI VI\u1ec6T NAM\" \/>\n<meta property=\"article:modified_time\" content=\"2025-04-24T13:39:50+00:00\" \/>\n<meta property=\"og:image\" content=\"https:\/\/omanivietnam.com\/wp-content\/uploads\/2025\/01\/HG-C1200.png\" \/>\n\t<meta property=\"og:image:width\" content=\"621\" \/>\n\t<meta property=\"og:image:height\" content=\"544\" \/>\n\t<meta property=\"og:image:type\" content=\"image\/png\" \/>\n<meta name=\"twitter:card\" content=\"summary_large_image\" \/>\n<meta name=\"twitter:label1\" content=\"\u01af\u1edbc t\u00ednh th\u1eddi gian \u0111\u1ecdc\" \/>\n\t<meta name=\"twitter:data1\" content=\"6 ph\u00fat\" \/>\n<script type=\"application\/ld+json\" class=\"yoast-schema-graph\">{\"@context\":\"https:\/\/schema.org\",\"@graph\":[{\"@type\":\"WebPage\",\"@id\":\"https:\/\/omanivietnam.com\/index.php\/san-pham\/panasonic-hg-c1200\/\",\"url\":\"https:\/\/omanivietnam.com\/index.php\/san-pham\/panasonic-hg-c1200\/\",\"name\":\"PANASONIC HG-C1200 - OMANI VI\u1ec6T NAM\",\"isPartOf\":{\"@id\":\"https:\/\/omanivietnam.com\/#website\"},\"primaryImageOfPage\":{\"@id\":\"https:\/\/omanivietnam.com\/index.php\/san-pham\/panasonic-hg-c1200\/#primaryimage\"},\"image\":{\"@id\":\"https:\/\/omanivietnam.com\/index.php\/san-pham\/panasonic-hg-c1200\/#primaryimage\"},\"thumbnailUrl\":\"https:\/\/omanivietnam.com\/wp-content\/uploads\/2025\/01\/HG-C1200.png\",\"datePublished\":\"2025-01-12T02:40:43+00:00\",\"dateModified\":\"2025-04-24T13:39:50+00:00\",\"description\":\"PANASONIC HG-C1200 Laser Distance Sensor\",\"breadcrumb\":{\"@id\":\"https:\/\/omanivietnam.com\/index.php\/san-pham\/panasonic-hg-c1200\/#breadcrumb\"},\"inLanguage\":\"vi\",\"potentialAction\":[{\"@type\":\"ReadAction\",\"target\":[\"https:\/\/omanivietnam.com\/index.php\/san-pham\/panasonic-hg-c1200\/\"]}]},{\"@type\":\"ImageObject\",\"inLanguage\":\"vi\",\"@id\":\"https:\/\/omanivietnam.com\/index.php\/san-pham\/panasonic-hg-c1200\/#primaryimage\",\"url\":\"https:\/\/omanivietnam.com\/wp-content\/uploads\/2025\/01\/HG-C1200.png\",\"contentUrl\":\"https:\/\/omanivietnam.com\/wp-content\/uploads\/2025\/01\/HG-C1200.png\",\"width\":621,\"height\":544},{\"@type\":\"BreadcrumbList\",\"@id\":\"https:\/\/omanivietnam.com\/index.php\/san-pham\/panasonic-hg-c1200\/#breadcrumb\",\"itemListElement\":[{\"@type\":\"ListItem\",\"position\":1,\"name\":\"Home\",\"item\":\"https:\/\/omanivietnam.com\/\"},{\"@type\":\"ListItem\",\"position\":2,\"name\":\"S\u1ea2N PH\u1ea8M\",\"item\":\"https:\/\/omanivietnam.com\/index.php\/cua-hang\/\"},{\"@type\":\"ListItem\",\"position\":3,\"name\":\"PANASONIC HG-C1200\"}]},{\"@type\":\"WebSite\",\"@id\":\"https:\/\/omanivietnam.com\/#website\",\"url\":\"https:\/\/omanivietnam.com\/\",\"name\":\"OMANI VI\u1ec6T NAM\",\"description\":\"Nh\u00e0 ph\u00e2n ph\u1ed1i thi\u1ebft b\u1ecb kh\u00ed n\u00e9n v\u00e0 thi\u1ebft b\u1ecb t\u1ef1 \u0111\u1ed9ng h\u00f3a trong c\u00f4ng nghi\u1ec7p\",\"publisher\":{\"@id\":\"https:\/\/omanivietnam.com\/#\/schema\/person\/0ad398a980dc3fd696111c2c5c8fa897\"},\"potentialAction\":[{\"@type\":\"SearchAction\",\"target\":{\"@type\":\"EntryPoint\",\"urlTemplate\":\"https:\/\/omanivietnam.com\/?s={search_term_string}\"},\"query-input\":\"required name=search_term_string\"}],\"inLanguage\":\"vi\"},{\"@type\":[\"Person\",\"Organization\"],\"@id\":\"https:\/\/omanivietnam.com\/#\/schema\/person\/0ad398a980dc3fd696111c2c5c8fa897\",\"name\":\"Nguy\u1ec5n V\u0103n Kh\u00e1nh\",\"image\":{\"@type\":\"ImageObject\",\"inLanguage\":\"vi\",\"@id\":\"https:\/\/omanivietnam.com\/#\/schema\/person\/image\/\",\"url\":\"https:\/\/omanivietnam.com\/wp-content\/uploads\/2024\/06\/logo-1024x1024.png\",\"contentUrl\":\"https:\/\/omanivietnam.com\/wp-content\/uploads\/2024\/06\/logo-1024x1024.png\",\"width\":1024,\"height\":1024,\"caption\":\"Nguy\u1ec5n V\u0103n Kh\u00e1nh\"},\"logo\":{\"@id\":\"https:\/\/omanivietnam.com\/#\/schema\/person\/image\/\"},\"sameAs\":[\"https:\/\/omanivietnam.com\"]}]}<\/script>\n<!-- \/ Yoast SEO plugin. -->","yoast_head_json":{"title":"PANASONIC HG-C1200 - OMANI VI\u1ec6T NAM","description":"PANASONIC HG-C1200 Laser Distance Sensor","robots":{"index":"index","follow":"follow","max-snippet":"max-snippet:-1","max-image-preview":"max-image-preview:large","max-video-preview":"max-video-preview:-1"},"canonical":"https:\/\/omanivietnam.com\/index.php\/san-pham\/panasonic-hg-c1200\/","og_locale":"vi_VN","og_type":"article","og_title":"PANASONIC HG-C1200 - OMANI VI\u1ec6T NAM","og_description":"PANASONIC HG-C1200 Laser Distance Sensor","og_url":"https:\/\/omanivietnam.com\/index.php\/san-pham\/panasonic-hg-c1200\/","og_site_name":"OMANI VI\u1ec6T NAM","article_modified_time":"2025-04-24T13:39:50+00:00","og_image":[{"width":621,"height":544,"url":"https:\/\/omanivietnam.com\/wp-content\/uploads\/2025\/01\/HG-C1200.png","type":"image\/png"}],"twitter_card":"summary_large_image","twitter_misc":{"\u01af\u1edbc t\u00ednh th\u1eddi gian \u0111\u1ecdc":"6 ph\u00fat"},"schema":{"@context":"https:\/\/schema.org","@graph":[{"@type":"WebPage","@id":"https:\/\/omanivietnam.com\/index.php\/san-pham\/panasonic-hg-c1200\/","url":"https:\/\/omanivietnam.com\/index.php\/san-pham\/panasonic-hg-c1200\/","name":"PANASONIC HG-C1200 - OMANI VI\u1ec6T NAM","isPartOf":{"@id":"https:\/\/omanivietnam.com\/#website"},"primaryImageOfPage":{"@id":"https:\/\/omanivietnam.com\/index.php\/san-pham\/panasonic-hg-c1200\/#primaryimage"},"image":{"@id":"https:\/\/omanivietnam.com\/index.php\/san-pham\/panasonic-hg-c1200\/#primaryimage"},"thumbnailUrl":"https:\/\/omanivietnam.com\/wp-content\/uploads\/2025\/01\/HG-C1200.png","datePublished":"2025-01-12T02:40:43+00:00","dateModified":"2025-04-24T13:39:50+00:00","description":"PANASONIC HG-C1200 Laser Distance Sensor","breadcrumb":{"@id":"https:\/\/omanivietnam.com\/index.php\/san-pham\/panasonic-hg-c1200\/#breadcrumb"},"inLanguage":"vi","potentialAction":[{"@type":"ReadAction","target":["https:\/\/omanivietnam.com\/index.php\/san-pham\/panasonic-hg-c1200\/"]}]},{"@type":"ImageObject","inLanguage":"vi","@id":"https:\/\/omanivietnam.com\/index.php\/san-pham\/panasonic-hg-c1200\/#primaryimage","url":"https:\/\/omanivietnam.com\/wp-content\/uploads\/2025\/01\/HG-C1200.png","contentUrl":"https:\/\/omanivietnam.com\/wp-content\/uploads\/2025\/01\/HG-C1200.png","width":621,"height":544},{"@type":"BreadcrumbList","@id":"https:\/\/omanivietnam.com\/index.php\/san-pham\/panasonic-hg-c1200\/#breadcrumb","itemListElement":[{"@type":"ListItem","position":1,"name":"Home","item":"https:\/\/omanivietnam.com\/"},{"@type":"ListItem","position":2,"name":"S\u1ea2N PH\u1ea8M","item":"https:\/\/omanivietnam.com\/index.php\/cua-hang\/"},{"@type":"ListItem","position":3,"name":"PANASONIC HG-C1200"}]},{"@type":"WebSite","@id":"https:\/\/omanivietnam.com\/#website","url":"https:\/\/omanivietnam.com\/","name":"OMANI VI\u1ec6T NAM","description":"Nh\u00e0 ph\u00e2n ph\u1ed1i thi\u1ebft b\u1ecb kh\u00ed n\u00e9n v\u00e0 thi\u1ebft b\u1ecb t\u1ef1 \u0111\u1ed9ng h\u00f3a trong c\u00f4ng nghi\u1ec7p","publisher":{"@id":"https:\/\/omanivietnam.com\/#\/schema\/person\/0ad398a980dc3fd696111c2c5c8fa897"},"potentialAction":[{"@type":"SearchAction","target":{"@type":"EntryPoint","urlTemplate":"https:\/\/omanivietnam.com\/?s={search_term_string}"},"query-input":"required name=search_term_string"}],"inLanguage":"vi"},{"@type":["Person","Organization"],"@id":"https:\/\/omanivietnam.com\/#\/schema\/person\/0ad398a980dc3fd696111c2c5c8fa897","name":"Nguy\u1ec5n V\u0103n Kh\u00e1nh","image":{"@type":"ImageObject","inLanguage":"vi","@id":"https:\/\/omanivietnam.com\/#\/schema\/person\/image\/","url":"https:\/\/omanivietnam.com\/wp-content\/uploads\/2024\/06\/logo-1024x1024.png","contentUrl":"https:\/\/omanivietnam.com\/wp-content\/uploads\/2024\/06\/logo-1024x1024.png","width":1024,"height":1024,"caption":"Nguy\u1ec5n V\u0103n Kh\u00e1nh"},"logo":{"@id":"https:\/\/omanivietnam.com\/#\/schema\/person\/image\/"},"sameAs":["https:\/\/omanivietnam.com"]}]}},"_links":{"self":[{"href":"https:\/\/omanivietnam.com\/index.php\/wp-json\/wp\/v2\/product\/3118","targetHints":{"allow":["GET"]}}],"collection":[{"href":"https:\/\/omanivietnam.com\/index.php\/wp-json\/wp\/v2\/product"}],"about":[{"href":"https:\/\/omanivietnam.com\/index.php\/wp-json\/wp\/v2\/types\/product"}],"replies":[{"embeddable":true,"href":"https:\/\/omanivietnam.com\/index.php\/wp-json\/wp\/v2\/comments?post=3118"}],"wp:featuredmedia":[{"embeddable":true,"href":"https:\/\/omanivietnam.com\/index.php\/wp-json\/wp\/v2\/media\/3119"}],"wp:attachment":[{"href":"https:\/\/omanivietnam.com\/index.php\/wp-json\/wp\/v2\/media?parent=3118"}],"wp:term":[{"taxonomy":"product_cat","embeddable":true,"href":"https:\/\/omanivietnam.com\/index.php\/wp-json\/wp\/v2\/product_cat?post=3118"},{"taxonomy":"product_tag","embeddable":true,"href":"https:\/\/omanivietnam.com\/index.php\/wp-json\/wp\/v2\/product_tag?post=3118"}],"curies":[{"name":"wp","href":"https:\/\/api.w.org\/{rel}","templated":true}]}}