{"id":3120,"date":"2025-01-12T09:46:21","date_gmt":"2025-01-12T02:46:21","guid":{"rendered":"https:\/\/omanivietnam.com\/?post_type=product&#038;p=3120"},"modified":"2025-04-24T20:40:23","modified_gmt":"2025-04-24T13:40:23","slug":"panasonic-hg-c1400","status":"publish","type":"product","link":"https:\/\/omanivietnam.com\/index.php\/san-pham\/panasonic-hg-c1400\/","title":{"rendered":"PANASONIC HG-C1400"},"content":{"rendered":"<p>PANASONIC HG-C1400<\/p>\n<p>C\u00e1c m\u00e3 h\u00e0ng t\u01b0\u01a1ng t\u1ef1<\/p>\n<p>HG-C1200, HG-C1200-P<\/p>\n<p>HG-C1030, HG-C1030-P<\/p>\n<p>HG-C1050, HG-C1050-P<\/p>\n<p>HG-C1100, HG-C1100-P<\/p>\n<p>HG-C1400, HG-C1400-P<\/p>\n<p class=\"uppercase\"><strong><span data-darkreader-inline-color=\"\">Th\u00f4ng s\u1ed1 k\u0129 thu\u1eadt HG-C1400\u00a0<\/span><\/strong><\/p>\n<table width=\"1320\">\n<tbody>\n<tr>\n<td width=\"660\"><em>H\u1ea1ng m\u1ee5c<\/em><\/td>\n<td width=\"660\"><em>Th\u00f4ng s\u1ed1 k\u1ef9 thu\u1eadt<\/em><\/td>\n<\/tr>\n<tr>\n<td width=\"660\"><em>M\u00e3 s\u1ea3n ph\u1ea9m<\/em><\/td>\n<td width=\"660\"><em>HG-C1400<\/em><\/td>\n<\/tr>\n<tr>\n<td width=\"660\"><em>T\u00ean s\u1ea3n ph\u1ea9m<\/em><\/td>\n<td width=\"660\"><em>C\u1ea3m bi\u1ebfn kho\u1ea3ng c\u00e1ch laser CMOS Micro<\/em><\/td>\n<\/tr>\n<tr>\n<td width=\"660\"><em>Chi ti\u1ebft s\u1ea3n ph\u1ea9m<\/em><\/td>\n<td width=\"660\"><em>Lo\u1ea1i d\u00e2y composite 5 l\u00f5i, d\u00e0i 2 m (6.5617 ft)<\/em><\/td>\n<\/tr>\n<tr>\n<td width=\"660\"><em>Quy \u0111\u1ecbnh v\u00e0 ch\u1ee9ng nh\u1eadn \u00e1p d\u1ee5ng<\/em><\/td>\n<td width=\"660\"><em>CE Marking, UKCA Marking, FDA Regulations, UL\/c-UL Certification (S\u1ea3n ph\u1ea9m c\u00f3 ch\u1ee9ng nh\u1eadn UL t\u1eeb th\u00e1ng 4, 2017)<\/em><\/td>\n<\/tr>\n<tr>\n<td width=\"660\"><em>Kho\u1ea3ng c\u00e1ch \u0111o trung t\u00e2m<\/em><\/td>\n<td width=\"660\"><em>400 mm (15.748 in)<\/em><\/td>\n<\/tr>\n<tr>\n<td width=\"660\"><em>D\u1ea3i \u0111o<\/em><\/td>\n<td width=\"660\"><em>\u00b1200 mm (7.874 in)<\/em><\/td>\n<\/tr>\n<tr>\n<td width=\"660\"><em>\u0110\u1ed9 l\u1eb7p l\u1ea1i<\/em><\/td>\n<td width=\"660\"><em>300 \u03bcm (11.811 mil) (Kho\u1ea3ng c\u00e1ch \u0111o t\u1eeb 200 \u0111\u1ebfn 400 mm)<\/em><\/td>\n<\/tr>\n<tr>\n<td width=\"660\"><em>\u0110\u1ed9 tuy\u1ebfn t\u00ednh<\/em><\/td>\n<td width=\"660\"><em>\u00b10.2% F.S. (Kho\u1ea3ng c\u00e1ch \u0111o t\u1eeb 200 \u0111\u1ebfn 400 mm)<\/em><\/td>\n<\/tr>\n<tr>\n<td width=\"660\"><em>\u0110\u1eb7c t\u00ednh nhi\u1ec7t \u0111\u1ed9<\/em><\/td>\n<td width=\"660\"><em>0.03% F.S.\/\u2103<\/em><\/td>\n<\/tr>\n<tr>\n<td width=\"660\"><em>Ngu\u1ed3n s\u00e1ng<\/em><\/td>\n<td width=\"660\"><em>Laser b\u00e1n d\u1eabn \u0111\u1ecf (Class 2), b\u01b0\u1edbc s\u00f3ng 655 nm<\/em><\/td>\n<\/tr>\n<tr>\n<td width=\"660\"><em>\u0110\u01b0\u1eddng k\u00ednh ch\u00f9m tia<\/em><\/td>\n<td width=\"660\"><em>\u00f8500 \u03bcm (19.6851 mil)<\/em><\/td>\n<\/tr>\n<tr>\n<td width=\"660\"><em>\u0110i\u1ec7n \u00e1p cung c\u1ea5p<\/em><\/td>\n<td width=\"660\"><em>12 \u0111\u1ebfn 24 V DC \u00b110%, g\u1ee3n s\u00f3ng P-P 10% ho\u1eb7c \u00edt h\u01a1n<\/em><\/td>\n<\/tr>\n<tr>\n<td width=\"660\"><em>Ti\u00eau th\u1ee5 d\u00f2ng \u0111i\u1ec7n<\/em><\/td>\n<td width=\"660\"><em>\u226440 mA (v\u1edbi \u0111i\u1ec7n \u00e1p cung c\u1ea5p 24V DC), \u226465 mA (v\u1edbi 12V DC)<\/em><\/td>\n<\/tr>\n<tr>\n<td width=\"660\"><em>Ng\u00f5 ra \u0111i\u1ec1u khi\u1ec3n<\/em><\/td>\n<td width=\"660\"><em>NPN transistor, d\u00f2ng t\u1ea3i t\u1ed1i \u0111a: 50 mA, \u0111i\u1ec7n \u00e1p: \u226430 V DC<\/em><\/td>\n<\/tr>\n<tr>\n<td width=\"660\"><em>Ng\u00f5 ra analog<\/em><\/td>\n<td width=\"660\"><em>\u0110i\u1ec7n \u00e1p: 0 \u0111\u1ebfn 5 V, D\u00f2ng \u0111i\u1ec7n: 4 \u0111\u1ebfn 20 mA<\/em><\/td>\n<\/tr>\n<tr>\n<td width=\"660\"><em>Th\u1eddi gian \u0111\u00e1p \u1ee9ng<\/em><\/td>\n<td width=\"660\"><em>1.5 ms \/ 5 ms \/ 10 ms (C\u00f3 th\u1ec3 thay \u0111\u1ed5i)<\/em><\/td>\n<\/tr>\n<tr>\n<td width=\"660\"><em>Ng\u00f5 v\u00e0o ngo\u00e0i<\/em><\/td>\n<td width=\"660\"><em>NPN kh\u00f4ng ti\u1ebfp x\u00fac, v\u1edbi \u0111i\u1ec7n \u00e1p \u0111i\u1ec1u ki\u1ec7n \u0111\u1ea7u v\u00e0o t\u1eeb 0 \u0111\u1ebfn +1.2 V DC<\/em><\/td>\n<\/tr>\n<tr>\n<td width=\"660\"><em>B\u1ea3o v\u1ec7<\/em><\/td>\n<td width=\"660\"><em>IP67<\/em><\/td>\n<\/tr>\n<tr>\n<td width=\"660\"><em>Nhi\u1ec7t \u0111\u1ed9 ho\u1ea1t \u0111\u1ed9ng<\/em><\/td>\n<td width=\"660\"><em>-10 \u0111\u1ebfn +45\u2103 (-14 \u0111\u1ebfn +113\u2109)<\/em><\/td>\n<\/tr>\n<tr>\n<td width=\"660\"><em>\u0110\u1ed9 \u1ea9m ho\u1ea1t \u0111\u1ed9ng<\/em><\/td>\n<td width=\"660\"><em>35 \u0111\u1ebfn 85% RH<\/em><\/td>\n<\/tr>\n<tr>\n<td width=\"660\"><em>Ch\u1ecbu rung<\/em><\/td>\n<td width=\"660\"><em>10-55 Hz, bi\u00ean \u0111\u1ed9 k\u00e9p 1.5 mm (X, Y, Z trong 2 gi\u1edd m\u1ed7i h\u01b0\u1edbng)<\/em><\/td>\n<\/tr>\n<tr>\n<td width=\"660\"><em>Ch\u1ecbu s\u1ed1c<\/em><\/td>\n<td width=\"660\"><em>500 m\/s\u00b2 (50 G)<\/em><\/td>\n<\/tr>\n<tr>\n<td width=\"660\"><em>Chi\u1ec1u d\u00e0i c\u00e1p<\/em><\/td>\n<td width=\"660\"><em>2 m (lo\u1ea1i c\u00e1p composite 5 l\u00f5i)<\/em><\/td>\n<\/tr>\n<tr>\n<td width=\"660\"><em>V\u1eadt li\u1ec7u<\/em><\/td>\n<td width=\"660\"><em>V\u1ecf: Nh\u00f4m \u0111\u00fac; N\u1eafp tr\u01b0\u1edbc: Acrylic<\/em><\/td>\n<\/tr>\n<tr>\n<td width=\"660\"><em>Tr\u1ecdng l\u01b0\u1ee3ng<\/em><\/td>\n<td width=\"660\"><em>~35 g (kh\u00f4ng c\u00e1p), ~85 g (bao g\u1ed3m c\u00e1p)<\/em><\/td>\n<\/tr>\n<\/tbody>\n<\/table>\n<p>&nbsp;<\/p>\n<h3 class=\"uppercase\"><strong><span data-darkreader-inline-color=\"\" data-darkreader-inline-bgcolor=\"\">T\u1ed5ng quan HG-C1400<\/span><\/strong><\/h3>\n<p>C\u1ea3m bi\u1ebfn laser Panasonic HG-C1400 l\u00e0 m\u1ed9t thi\u1ebft b\u1ecb \u0111o kho\u1ea3ng c\u00e1ch quang h\u1ecdc thu\u1ed9c d\u00f2ng HG-C1000 series, \u0111\u01b0\u1ee3c thi\u1ebft k\u1ebf \u0111\u1ec3 cung c\u1ea5p hi\u1ec7u su\u1ea5t \u0111o l\u01b0\u1eddng cao trong c\u00e1c \u1ee9ng d\u1ee5ng c\u00f4ng nghi\u1ec7p. D\u01b0\u1edbi \u0111\u00e2y l\u00e0 th\u00f4ng tin chi ti\u1ebft v\u1ec1 c\u1ea3m bi\u1ebfn n\u00e0y:<\/p>\n<p>1. Ch\u1ee9c n\u0103ng ch\u00ednh<\/p>\n<ul>\n<li>\u0110o kho\u1ea3ng c\u00e1ch quang h\u1ecdc: S\u1eed d\u1ee5ng c\u00f4ng ngh\u1ec7 laser \u0111\u1ec3 \u0111o kho\u1ea3ng c\u00e1ch gi\u1eefa c\u1ea3m bi\u1ebfn v\u00e0 \u0111\u1ed1i t\u01b0\u1ee3ng m\u1ee5c ti\u00eau v\u1edbi \u0111\u1ed9 ch\u00ednh x\u00e1c cao.<\/li>\n<\/ul>\n<p>2. \u0110\u1eb7c \u0111i\u1ec3m n\u1ed5i b\u1eadt<\/p>\n<ul>\n<li>Kho\u1ea3ng c\u00e1ch \u0111o l\u1edbn: HG-C1400 c\u00f3 kh\u1ea3 n\u0103ng \u0111o kho\u1ea3ng c\u00e1ch l\u00ean t\u1edbi 140 mm, cung c\u1ea5p ph\u1ea1m vi \u0111o l\u01b0\u1eddng r\u1ed9ng h\u01a1n so v\u1edbi c\u00e1c phi\u00ean b\u1ea3n tr\u01b0\u1edbc.<\/li>\n<li>\u0110\u1ed9 ch\u00ednh x\u00e1c cao: C\u1ea3m bi\u1ebfn cung c\u1ea5p \u0111\u1ed9 ch\u00ednh x\u00e1c \u00b130 \u03bcm, \u0111\u1ea3m b\u1ea3o k\u1ebft qu\u1ea3 \u0111o l\u01b0\u1eddng ch\u00ednh x\u00e1c v\u00e0 \u0111\u00e1ng tin c\u1eady.<\/li>\n<li>T\u1ed1c \u0111\u1ed9 \u0111o nhanh: V\u1edbi th\u1eddi gian ph\u1ea3n h\u1ed3i nhanh, HG-C1400 h\u1ed7 tr\u1ee3 c\u00e1c quy tr\u00ecnh y\u00eau c\u1ea7u d\u1eef li\u1ec7u \u0111o l\u01b0\u1eddng g\u1ea7n nh\u01b0 ngay l\u1eadp t\u1ee9c.<\/li>\n<li>Thi\u1ebft k\u1ebf nh\u1ecf g\u1ecdn: K\u00edch th\u01b0\u1edbc nh\u1ecf g\u1ecdn gi\u00fap d\u1ec5 d\u00e0ng l\u1eafp \u0111\u1eb7t v\u00e0 t\u00edch h\u1ee3p v\u00e0o kh\u00f4ng gian h\u1ea1n ch\u1ebf.<\/li>\n<\/ul>\n<p>3. \u1ee8ng d\u1ee5ng<\/p>\n<ul>\n<li>Ki\u1ec3m tra k\u00edch th\u01b0\u1edbc s\u1ea3n ph\u1ea9m: \u0110o k\u00edch th\u01b0\u1edbc v\u00e0 h\u00ecnh d\u1ea1ng s\u1ea3n ph\u1ea9m trong d\u00e2y chuy\u1ec1n s\u1ea3n xu\u1ea5t \u0111\u1ec3 \u0111\u1ea3m b\u1ea3o ch\u1ea5t l\u01b0\u1ee3ng.<\/li>\n<li>Ph\u00e1t hi\u1ec7n v\u1ecb tr\u00ed v\u00e0 d\u1ecbch chuy\u1ec3n: Gi\u00e1m s\u00e1t v\u00e0 \u0111o l\u01b0\u1eddng s\u1ef1 d\u1ecbch chuy\u1ec3n c\u1ee7a c\u00e1c b\u1ed9 ph\u1eadn ho\u1eb7c s\u1ea3n ph\u1ea9m \u0111\u1ec3 \u0111\u1ea3m b\u1ea3o ch\u00fang n\u1eb1m trong ph\u1ea1m vi cho ph\u00e9p.<\/li>\n<li>T\u1ef1 \u0111\u1ed9ng h\u00f3a c\u00f4ng nghi\u1ec7p: T\u00edch h\u1ee3p v\u00e0o c\u00e1c h\u1ec7 th\u1ed1ng t\u1ef1 \u0111\u1ed9ng h\u00f3a \u0111\u1ec3 n\u00e2ng cao hi\u1ec7u su\u1ea5t v\u00e0 \u0111\u1ed9 ch\u00ednh x\u00e1c c\u1ee7a quy tr\u00ecnh s\u1ea3n xu\u1ea5t.<\/li>\n<\/ul>\n<p>4. \u01afu \u0111i\u1ec3m<\/p>\n<ul>\n<li>\u0110o kho\u1ea3ng c\u00e1ch l\u1edbn v\u00e0 ch\u00ednh x\u00e1c: Cung c\u1ea5p gi\u1ea3i ph\u00e1p \u0111o l\u01b0\u1eddng cho c\u00e1c \u1ee9ng d\u1ee5ng y\u00eau c\u1ea7u kho\u1ea3ng c\u00e1ch \u0111o l\u1edbn v\u1edbi \u0111\u1ed9 ch\u00ednh x\u00e1c cao.<\/li>\n<li>T\u1ed1c \u0111\u1ed9 ph\u1ea3n h\u1ed3i nhanh: Cung c\u1ea5p d\u1eef li\u1ec7u nhanh ch\u00f3ng, ph\u00f9 h\u1ee3p cho c\u00e1c quy tr\u00ecnh s\u1ea3n xu\u1ea5t y\u00eau c\u1ea7u t\u1ed1c \u0111\u1ed9.<\/li>\n<li>Thi\u1ebft k\u1ebf nh\u1ecf g\u1ecdn: D\u1ec5 d\u00e0ng l\u1eafp \u0111\u1eb7t v\u00e0 t\u00edch h\u1ee3p v\u00e0o c\u00e1c h\u1ec7 th\u1ed1ng hi\u1ec7n c\u00f3 m\u00e0 kh\u00f4ng chi\u1ebfm nhi\u1ec1u kh\u00f4ng gian.<\/li>\n<\/ul>\n<p>5. T\u00ednh n\u0103ng b\u1ed5 sung<\/p>\n<ul>\n<li>Kh\u1ea3 n\u0103ng ch\u1ed1ng nhi\u1ec5u t\u1ed1t: Ho\u1ea1t \u0111\u1ed9ng \u1ed5n \u0111\u1ecbnh trong m\u00f4i tr\u01b0\u1eddng c\u00f4ng nghi\u1ec7p c\u00f3 nhi\u1ec1u nhi\u1ec5u \u0111i\u1ec7n t\u1eeb.<\/li>\n<li>\u0110\u00e8n LED hi\u1ec3n th\u1ecb: Trang b\u1ecb \u0111\u00e8n LED \u0111\u1ec3 hi\u1ec3n th\u1ecb tr\u1ea1ng th\u00e1i ho\u1ea1t \u0111\u1ed9ng, gi\u00fap ng\u01b0\u1eddi d\u00f9ng d\u1ec5 d\u00e0ng theo d\u00f5i v\u00e0 \u0111i\u1ec1u ch\u1ec9nh.<\/li>\n<\/ul>\n<p>C\u1ea3m bi\u1ebfn laser Panasonic HG-C1400 l\u00e0 m\u1ed9t thi\u1ebft b\u1ecb \u0111o kho\u1ea3ng c\u00e1ch ch\u00ednh x\u00e1c v\u00e0 nhanh ch\u00f3ng, ph\u00f9 h\u1ee3p cho c\u00e1c \u1ee9ng d\u1ee5ng c\u00f4ng nghi\u1ec7p \u0111\u00f2i h\u1ecfi kh\u1ea3 n\u0103ng \u0111o l\u01b0\u1eddng v\u1edbi ph\u1ea1m vi r\u1ed9ng v\u00e0 \u0111\u1ed9 ch\u00ednh x\u00e1c cao.<\/p>\n","protected":false},"excerpt":{"rendered":"<p>PANASONIC HG-C1400 C\u00e1c m\u00e3 h\u00e0ng t\u01b0\u01a1ng t\u1ef1 HG-C1200, HG-C1200-P HG-C1030, HG-C1030-P HG-C1050, HG-C1050-P HG-C1100, HG-C1100-P HG-C1400, HG-C1400-P Th\u00f4ng s\u1ed1 k\u0129 thu\u1eadt HG-C1400\u00a0 H\u1ea1ng m\u1ee5c Th\u00f4ng s\u1ed1 k\u1ef9 thu\u1eadt M\u00e3 s\u1ea3n ph\u1ea9m HG-C1400 T\u00ean s\u1ea3n ph\u1ea9m C\u1ea3m bi\u1ebfn kho\u1ea3ng c\u00e1ch laser CMOS Micro Chi ti\u1ebft s\u1ea3n ph\u1ea9m Lo\u1ea1i d\u00e2y composite 5&hellip; <\/p>\n","protected":false},"featured_media":3121,"comment_status":"open","ping_status":"closed","template":"","meta":[],"product_cat":[298],"product_tag":[88,86,87],"class_list":{"0":"post-3120","1":"product","2":"type-product","3":"status-publish","4":"has-post-thumbnail","6":"product_cat-panasonic","7":"product_tag-cam-bien","8":"product_tag-dai-ly-panasonic-viet-nam","9":"product_tag-panasonic-viet-nam","11":"first","12":"instock","13":"shipping-taxable","14":"product-type-simple"},"yoast_head":"<!-- This site is optimized with the Yoast SEO plugin v22.8 - https:\/\/yoast.com\/wordpress\/plugins\/seo\/ -->\n<title>PANASONIC HG-C1400 - OMANI VI\u1ec6T NAM<\/title>\n<meta name=\"description\" content=\"PANASONIC HG-C1400 Photoelectric Sensors\" \/>\n<meta name=\"robots\" content=\"index, follow, max-snippet:-1, max-image-preview:large, max-video-preview:-1\" \/>\n<link rel=\"canonical\" href=\"https:\/\/omanivietnam.com\/index.php\/san-pham\/panasonic-hg-c1400\/\" \/>\n<meta property=\"og:locale\" content=\"vi_VN\" \/>\n<meta property=\"og:type\" content=\"article\" \/>\n<meta property=\"og:title\" content=\"PANASONIC HG-C1400 - OMANI VI\u1ec6T NAM\" \/>\n<meta property=\"og:description\" content=\"PANASONIC HG-C1400 Photoelectric Sensors\" \/>\n<meta property=\"og:url\" content=\"https:\/\/omanivietnam.com\/index.php\/san-pham\/panasonic-hg-c1400\/\" \/>\n<meta property=\"og:site_name\" content=\"OMANI VI\u1ec6T NAM\" \/>\n<meta property=\"article:modified_time\" content=\"2025-04-24T13:40:23+00:00\" \/>\n<meta property=\"og:image\" content=\"https:\/\/omanivietnam.com\/wp-content\/uploads\/2025\/01\/HG-C1400.png\" \/>\n\t<meta property=\"og:image:width\" content=\"467\" \/>\n\t<meta property=\"og:image:height\" content=\"514\" \/>\n\t<meta property=\"og:image:type\" content=\"image\/png\" \/>\n<meta name=\"twitter:card\" content=\"summary_large_image\" \/>\n<meta name=\"twitter:label1\" content=\"\u01af\u1edbc t\u00ednh th\u1eddi gian \u0111\u1ecdc\" \/>\n\t<meta name=\"twitter:data1\" content=\"5 ph\u00fat\" \/>\n<script type=\"application\/ld+json\" class=\"yoast-schema-graph\">{\"@context\":\"https:\/\/schema.org\",\"@graph\":[{\"@type\":\"WebPage\",\"@id\":\"https:\/\/omanivietnam.com\/index.php\/san-pham\/panasonic-hg-c1400\/\",\"url\":\"https:\/\/omanivietnam.com\/index.php\/san-pham\/panasonic-hg-c1400\/\",\"name\":\"PANASONIC HG-C1400 - OMANI VI\u1ec6T NAM\",\"isPartOf\":{\"@id\":\"https:\/\/omanivietnam.com\/#website\"},\"primaryImageOfPage\":{\"@id\":\"https:\/\/omanivietnam.com\/index.php\/san-pham\/panasonic-hg-c1400\/#primaryimage\"},\"image\":{\"@id\":\"https:\/\/omanivietnam.com\/index.php\/san-pham\/panasonic-hg-c1400\/#primaryimage\"},\"thumbnailUrl\":\"https:\/\/omanivietnam.com\/wp-content\/uploads\/2025\/01\/HG-C1400.png\",\"datePublished\":\"2025-01-12T02:46:21+00:00\",\"dateModified\":\"2025-04-24T13:40:23+00:00\",\"description\":\"PANASONIC HG-C1400 Photoelectric Sensors\",\"breadcrumb\":{\"@id\":\"https:\/\/omanivietnam.com\/index.php\/san-pham\/panasonic-hg-c1400\/#breadcrumb\"},\"inLanguage\":\"vi\",\"potentialAction\":[{\"@type\":\"ReadAction\",\"target\":[\"https:\/\/omanivietnam.com\/index.php\/san-pham\/panasonic-hg-c1400\/\"]}]},{\"@type\":\"ImageObject\",\"inLanguage\":\"vi\",\"@id\":\"https:\/\/omanivietnam.com\/index.php\/san-pham\/panasonic-hg-c1400\/#primaryimage\",\"url\":\"https:\/\/omanivietnam.com\/wp-content\/uploads\/2025\/01\/HG-C1400.png\",\"contentUrl\":\"https:\/\/omanivietnam.com\/wp-content\/uploads\/2025\/01\/HG-C1400.png\",\"width\":467,\"height\":514},{\"@type\":\"BreadcrumbList\",\"@id\":\"https:\/\/omanivietnam.com\/index.php\/san-pham\/panasonic-hg-c1400\/#breadcrumb\",\"itemListElement\":[{\"@type\":\"ListItem\",\"position\":1,\"name\":\"Home\",\"item\":\"https:\/\/omanivietnam.com\/\"},{\"@type\":\"ListItem\",\"position\":2,\"name\":\"S\u1ea2N PH\u1ea8M\",\"item\":\"https:\/\/omanivietnam.com\/index.php\/cua-hang\/\"},{\"@type\":\"ListItem\",\"position\":3,\"name\":\"PANASONIC HG-C1400\"}]},{\"@type\":\"WebSite\",\"@id\":\"https:\/\/omanivietnam.com\/#website\",\"url\":\"https:\/\/omanivietnam.com\/\",\"name\":\"OMANI VI\u1ec6T NAM\",\"description\":\"Nh\u00e0 ph\u00e2n ph\u1ed1i thi\u1ebft b\u1ecb kh\u00ed n\u00e9n v\u00e0 thi\u1ebft b\u1ecb t\u1ef1 \u0111\u1ed9ng h\u00f3a trong c\u00f4ng nghi\u1ec7p\",\"publisher\":{\"@id\":\"https:\/\/omanivietnam.com\/#\/schema\/person\/0ad398a980dc3fd696111c2c5c8fa897\"},\"potentialAction\":[{\"@type\":\"SearchAction\",\"target\":{\"@type\":\"EntryPoint\",\"urlTemplate\":\"https:\/\/omanivietnam.com\/?s={search_term_string}\"},\"query-input\":\"required name=search_term_string\"}],\"inLanguage\":\"vi\"},{\"@type\":[\"Person\",\"Organization\"],\"@id\":\"https:\/\/omanivietnam.com\/#\/schema\/person\/0ad398a980dc3fd696111c2c5c8fa897\",\"name\":\"Nguy\u1ec5n V\u0103n Kh\u00e1nh\",\"image\":{\"@type\":\"ImageObject\",\"inLanguage\":\"vi\",\"@id\":\"https:\/\/omanivietnam.com\/#\/schema\/person\/image\/\",\"url\":\"https:\/\/omanivietnam.com\/wp-content\/uploads\/2024\/06\/logo-1024x1024.png\",\"contentUrl\":\"https:\/\/omanivietnam.com\/wp-content\/uploads\/2024\/06\/logo-1024x1024.png\",\"width\":1024,\"height\":1024,\"caption\":\"Nguy\u1ec5n V\u0103n Kh\u00e1nh\"},\"logo\":{\"@id\":\"https:\/\/omanivietnam.com\/#\/schema\/person\/image\/\"},\"sameAs\":[\"https:\/\/omanivietnam.com\"]}]}<\/script>\n<!-- \/ Yoast SEO plugin. -->","yoast_head_json":{"title":"PANASONIC HG-C1400 - OMANI VI\u1ec6T NAM","description":"PANASONIC HG-C1400 Photoelectric Sensors","robots":{"index":"index","follow":"follow","max-snippet":"max-snippet:-1","max-image-preview":"max-image-preview:large","max-video-preview":"max-video-preview:-1"},"canonical":"https:\/\/omanivietnam.com\/index.php\/san-pham\/panasonic-hg-c1400\/","og_locale":"vi_VN","og_type":"article","og_title":"PANASONIC HG-C1400 - OMANI VI\u1ec6T NAM","og_description":"PANASONIC HG-C1400 Photoelectric Sensors","og_url":"https:\/\/omanivietnam.com\/index.php\/san-pham\/panasonic-hg-c1400\/","og_site_name":"OMANI VI\u1ec6T NAM","article_modified_time":"2025-04-24T13:40:23+00:00","og_image":[{"width":467,"height":514,"url":"https:\/\/omanivietnam.com\/wp-content\/uploads\/2025\/01\/HG-C1400.png","type":"image\/png"}],"twitter_card":"summary_large_image","twitter_misc":{"\u01af\u1edbc t\u00ednh th\u1eddi gian \u0111\u1ecdc":"5 ph\u00fat"},"schema":{"@context":"https:\/\/schema.org","@graph":[{"@type":"WebPage","@id":"https:\/\/omanivietnam.com\/index.php\/san-pham\/panasonic-hg-c1400\/","url":"https:\/\/omanivietnam.com\/index.php\/san-pham\/panasonic-hg-c1400\/","name":"PANASONIC HG-C1400 - OMANI VI\u1ec6T NAM","isPartOf":{"@id":"https:\/\/omanivietnam.com\/#website"},"primaryImageOfPage":{"@id":"https:\/\/omanivietnam.com\/index.php\/san-pham\/panasonic-hg-c1400\/#primaryimage"},"image":{"@id":"https:\/\/omanivietnam.com\/index.php\/san-pham\/panasonic-hg-c1400\/#primaryimage"},"thumbnailUrl":"https:\/\/omanivietnam.com\/wp-content\/uploads\/2025\/01\/HG-C1400.png","datePublished":"2025-01-12T02:46:21+00:00","dateModified":"2025-04-24T13:40:23+00:00","description":"PANASONIC HG-C1400 Photoelectric Sensors","breadcrumb":{"@id":"https:\/\/omanivietnam.com\/index.php\/san-pham\/panasonic-hg-c1400\/#breadcrumb"},"inLanguage":"vi","potentialAction":[{"@type":"ReadAction","target":["https:\/\/omanivietnam.com\/index.php\/san-pham\/panasonic-hg-c1400\/"]}]},{"@type":"ImageObject","inLanguage":"vi","@id":"https:\/\/omanivietnam.com\/index.php\/san-pham\/panasonic-hg-c1400\/#primaryimage","url":"https:\/\/omanivietnam.com\/wp-content\/uploads\/2025\/01\/HG-C1400.png","contentUrl":"https:\/\/omanivietnam.com\/wp-content\/uploads\/2025\/01\/HG-C1400.png","width":467,"height":514},{"@type":"BreadcrumbList","@id":"https:\/\/omanivietnam.com\/index.php\/san-pham\/panasonic-hg-c1400\/#breadcrumb","itemListElement":[{"@type":"ListItem","position":1,"name":"Home","item":"https:\/\/omanivietnam.com\/"},{"@type":"ListItem","position":2,"name":"S\u1ea2N PH\u1ea8M","item":"https:\/\/omanivietnam.com\/index.php\/cua-hang\/"},{"@type":"ListItem","position":3,"name":"PANASONIC HG-C1400"}]},{"@type":"WebSite","@id":"https:\/\/omanivietnam.com\/#website","url":"https:\/\/omanivietnam.com\/","name":"OMANI VI\u1ec6T NAM","description":"Nh\u00e0 ph\u00e2n ph\u1ed1i thi\u1ebft b\u1ecb kh\u00ed n\u00e9n v\u00e0 thi\u1ebft b\u1ecb t\u1ef1 \u0111\u1ed9ng h\u00f3a trong c\u00f4ng nghi\u1ec7p","publisher":{"@id":"https:\/\/omanivietnam.com\/#\/schema\/person\/0ad398a980dc3fd696111c2c5c8fa897"},"potentialAction":[{"@type":"SearchAction","target":{"@type":"EntryPoint","urlTemplate":"https:\/\/omanivietnam.com\/?s={search_term_string}"},"query-input":"required name=search_term_string"}],"inLanguage":"vi"},{"@type":["Person","Organization"],"@id":"https:\/\/omanivietnam.com\/#\/schema\/person\/0ad398a980dc3fd696111c2c5c8fa897","name":"Nguy\u1ec5n V\u0103n Kh\u00e1nh","image":{"@type":"ImageObject","inLanguage":"vi","@id":"https:\/\/omanivietnam.com\/#\/schema\/person\/image\/","url":"https:\/\/omanivietnam.com\/wp-content\/uploads\/2024\/06\/logo-1024x1024.png","contentUrl":"https:\/\/omanivietnam.com\/wp-content\/uploads\/2024\/06\/logo-1024x1024.png","width":1024,"height":1024,"caption":"Nguy\u1ec5n V\u0103n Kh\u00e1nh"},"logo":{"@id":"https:\/\/omanivietnam.com\/#\/schema\/person\/image\/"},"sameAs":["https:\/\/omanivietnam.com"]}]}},"_links":{"self":[{"href":"https:\/\/omanivietnam.com\/index.php\/wp-json\/wp\/v2\/product\/3120","targetHints":{"allow":["GET"]}}],"collection":[{"href":"https:\/\/omanivietnam.com\/index.php\/wp-json\/wp\/v2\/product"}],"about":[{"href":"https:\/\/omanivietnam.com\/index.php\/wp-json\/wp\/v2\/types\/product"}],"replies":[{"embeddable":true,"href":"https:\/\/omanivietnam.com\/index.php\/wp-json\/wp\/v2\/comments?post=3120"}],"wp:featuredmedia":[{"embeddable":true,"href":"https:\/\/omanivietnam.com\/index.php\/wp-json\/wp\/v2\/media\/3121"}],"wp:attachment":[{"href":"https:\/\/omanivietnam.com\/index.php\/wp-json\/wp\/v2\/media?parent=3120"}],"wp:term":[{"taxonomy":"product_cat","embeddable":true,"href":"https:\/\/omanivietnam.com\/index.php\/wp-json\/wp\/v2\/product_cat?post=3120"},{"taxonomy":"product_tag","embeddable":true,"href":"https:\/\/omanivietnam.com\/index.php\/wp-json\/wp\/v2\/product_tag?post=3120"}],"curies":[{"name":"wp","href":"https:\/\/api.w.org\/{rel}","templated":true}]}}