{"id":3124,"date":"2025-01-13T21:44:47","date_gmt":"2025-01-13T14:44:47","guid":{"rendered":"https:\/\/omanivietnam.com\/?post_type=product&#038;p=3124"},"modified":"2025-01-13T21:44:47","modified_gmt":"2025-01-13T14:44:47","slug":"ckd-pv5g-8-fpg-d-3-n-a06","status":"publish","type":"product","link":"https:\/\/omanivietnam.com\/index.php\/san-pham\/ckd-pv5g-8-fpg-d-3-n-a06\/","title":{"rendered":"CKD PV5G-8-FPG-D-3-N-A06"},"content":{"rendered":"<p>CKD PV5G-8-FG-D-3-N-A06<\/p>\n<p>CKD PV5G-8-FPG-D-3-N-A06<\/p>\n<p class=\"font34\">Pilot operated 5-port ISO valve<\/p>\n<dl>\n<dt class=\"white01\">Model No.<\/dt>\n<dd class=\"font24 green01\">PV5G\u30fbPV5\u30fbGMF<\/dd>\n<dd>ISO valves are pilot operated 5-port valves in compliance with the ISO standards which regulate international valve mounting dimensions.<br \/>\n[Applicable cylinder: \u03c620 to \u03c6160]<\/dd>\n<dd>GAB312-3-2-H3A-DC12V<br \/>\nGAB312-3-4-02E-DC24V\/Z<br \/>\nGAB312-4-0-02H-DC24V\/Z<br \/>\nGAB412-2-0-AC220V\/Z<br \/>\nGAB412-2-0-C2E-AC220V\/Z<br \/>\nGAB412-2-0-C2E-DC24V\/Z<br \/>\nGAB412-3-0-02E-DC24V\/Z<br \/>\nGAB412-5-0-02E-DC24V\/Z<br \/>\nGAB412-5-0-D2G-AC110V<br \/>\nGAB412-7-0-AC220V\/Z<br \/>\nGAB412-7-4-02ES-DC24V<br \/>\nGAB422-2-0-AC220V\/Z<br \/>\nGAB422-5-0-03A-DC24V\/Z<br \/>\nGAB452-1-0-02E-AC220V\/Z<br \/>\nGAB452-7-6-02G-AC100V\/Z<br \/>\nGAG341-1-0-B2E-AC220V\/Z<br \/>\nGAG412-1-0-J3A-DC12V<br \/>\nGAG442-1-0-B2E-AC220V\/Z<br \/>\nGFAB41-5-X-12CN-3-35<br \/>\nGFAG41-1-1-BODY<br \/>\nGFAG41-4-5-12CS-3<\/p>\n<p>M4KA230-06-B-2-AC220V\/Z<br \/>\nM4KA230-06-L-2-DC24V\/Z<br \/>\nM4KA410-10-3-SUB-PLATE-KIT<br \/>\nM4KA410-10-6-DC24V<br \/>\nM4KB110-06-C2-7-AC100V<br \/>\nM4KB180-M5Y-5-AC220V<br \/>\nM4KB210-06-4-DC24V\/Z<br \/>\nM4KB210-08-3-AC220V\/Z<br \/>\nM4KB210-08-6-AC220V\/Z<br \/>\nM4KB220-06-LS-2-AC220V\/Z<br \/>\nM4KB230-06-L-2-DC24V\/Z<br \/>\nM4KB240-H8-L-2-DC24V<br \/>\nM4KB310-10-LS-2-AC220V<br \/>\nM4KB310-10-LS-2-DC24V<br \/>\nM4KB380-H10-L-5-AC100V<br \/>\nM4SA010-M3-7-3<br \/>\nM4TB320-10-M1LT10-4-3<br \/>\nM4TB380-10-M1LT10-3-3<br \/>\nM4TB4-DC5<br \/>\nM4TB4-SR-A<br \/>\nM5132-M6E-M5-DC24V<br \/>\nMN4GB110-C6-T50H-9-3<br \/>\nMN4GB180-C6-T50H-15-3<br \/>\nMN4KB110A-H4-3-DC24V<br \/>\nMN4KB110A-HX-4-DC24V<br \/>\nMN4S010-C6-T10-3-3<br \/>\nN4G2-TAG-HOLDER<br \/>\nN4KB220-H8-L-DC24V<br \/>\nN4S010-C6-3<br \/>\nN4S020-C6-3<br \/>\nN4S0-RA-LR-C8-FL259661<br \/>\nN4TB110-H6-L-3-RA<br \/>\nN4TB120-H8-3-RA<br \/>\nN4TB129-00-M1L-3<\/p>\n<p>4F310-10-AC220V\/Z<br \/>\n4F310-10-B-AC100V\/Z<br \/>\n4F310-10-DC24V\/Z<br \/>\n4F310-COIL-AC220V\/Z<br \/>\n4F310-COIL-DC24V\/Z<br \/>\n4F319-10-F-DC24V<br \/>\n4F320-08-B-AC220V\/Z<br \/>\n4F320-08-B-DC24V<br \/>\n4F320-08-M3B-AC220V<br \/>\n4F320-10-AC110V\/Z<br \/>\n4F320-10-B-DC24V<br \/>\n4F320-10-BL-DC24V\/Z<br \/>\n4F320-10-E2-AC220V<br \/>\n4F329-10-F-DC24V<br \/>\n4F330-10-AC110V\/Z<br \/>\n4F330-10-AC220V\/Z<br \/>\n4F330-10-DC24V\/Z<br \/>\n4F330-10-L-AC110V\/Z<br \/>\n4F350-10-AC220V\/Z<br \/>\n4F419E-00-GP-DC24V<br \/>\n4F310E-08-TP-AC110V\/Z<br \/>\n4F310E-08-TP-AC220\/Z<br \/>\n4F310E-08-TP-AC220V\/Z<br \/>\n4F310E-08-TP-DC24V\/Z<br \/>\n4F310E-08-TP-X-AC220V<br \/>\n4F310E-08-TP-X-DC24V<br \/>\n4F310E-10-GP-DC24V<br \/>\n4F310E-10-TP-AC220V\/Z<br \/>\n4F310E-10-TP-DC24V\/Z<br \/>\n4F310E-10-TP-X-AC220V<br \/>\n4F310E-10-TP-X-DC24V<br \/>\n4F320E-08-TP-X-DC24V<br \/>\n4F320E-10-TP-AC220V\/Z<br \/>\n4F410E-10-TP-DC24V\/Z<br \/>\n4F430E-10-GP-DC24V<br \/>\n4F510E-10-GP-DC24V<br \/>\n4F510E-15-GP-DC24V<br \/>\n4F510E-15-TP-AC220V\/Z<br \/>\n4F510E-15-TP-DC24V\/Z<br \/>\n4F610E-15-TP-X-AC220V\/Z<br \/>\n4F610E-20-TP-DC24V\/Z<br \/>\n4F530-COIL-AC220V\/Z<br \/>\n4F530E-15-TP-DC24V\/Z<br \/>\n4F620E-15-TP-AC220V\/Z<br \/>\n4F630-20-LS-DC24V\/Z<br \/>\n4F630E-15-GP-DC24V<br \/>\n4F630E-20-TP-DC24V\/Z<br \/>\n4F640E-20-TP-DC24V\/Z<br \/>\n4F710E-25-GP-DC24V<br \/>\n4F730E-25-GP-DC24V<br \/>\n4F021-06<br \/>\n4F111-08<br \/>\n4F121-08-P1<br \/>\n4F311-08-P1<br \/>\n4F411-08-P<br \/>\n4F321-10<br \/>\n4F421-08-P<br \/>\n4F431-10<br \/>\n4F541-10<br \/>\n4F410-08-AC220V\/Z<br \/>\n4F410-08-DC24V\/Z<br \/>\n4F410-10-AC110V\/Z<br \/>\n4F410-10-AC200V\/Z<br \/>\n4F410-10-AC220V\/Z<br \/>\n4F410-10-DC24V\/Z<br \/>\n4F410-K\/Z<br \/>\n4F419-00-AC110V\/Z<br \/>\n4F420-08-LP-DC24V\/Z<br \/>\n4F420-10-DC24V\/Z<br \/>\n4F430-08-AC200V\/Z<br \/>\n4F430-10-DC24V\/Z<br \/>\n4F440-08-LS-DC24V\/Z<br \/>\n4F510-10-AC100V\/Z<br \/>\n4F510-10-AC220V\/Z<br \/>\n4F510-10-B-DC24V<br \/>\n4F510-10-DC24V\/Z<br \/>\n4F510-15-AC110V\/Z<br \/>\n4F510-15-AC220V\/Z<br \/>\n4F510-15-B-AC200V\/Z<br \/>\n4F510-15-B-AC220V<br \/>\n4F510-15-B-DC24V\/Z<br \/>\n4F510-15-DC24V\/Z<br \/>\n4F510-15-L-DC24V\/Z<br \/>\n4F510-COIL-DC24V<br \/>\n4F519-00-LS-DC24V\/Z<br \/>\n4F520-15-AC110V\/Z<br \/>\n4F520-15-AC220V\/Z<br \/>\n4F520-15-DC24\/Z<br \/>\n4F520-15-DC24V\/Z<br \/>\n4F520-15-L-DC24V \/Z<br \/>\n4F520-15-LP-DC24V\/Z<br \/>\n4F520-15-M2-AC110V<br \/>\n4F529-00-DC24V\/Z<br \/>\n4F529-00-L-AC110V\/Z<br \/>\n4F530-10-AC220V\/Z<br \/>\n4F530-15-AC220V\/Z<br \/>\n4F530-15-DC24\/Z<br \/>\n4F530-15-F-DC24V<br \/>\n4F530-15-FK-AC220V<br \/>\n4F5-SUB-BASE-GASKET<br \/>\n4F610-15-AC110V\/Z<br \/>\n4F610-15-AC220V\/Z<br \/>\n4F610-15-B-DC24V\/Z<br \/>\n4F610-15-DC24V\/Z<br \/>\n4F610-15-S-DC24V<br \/>\n4F610-20-B-DC24V\/Z<br \/>\n4F610-20-DC24V\/Z<br \/>\n4F619-00-A220V\/Z<br \/>\n4F620-15-DC24V<br \/>\n4F620-15-DC24V\/Z<br \/>\n4F620-15-L-AC110V\/Z<br \/>\n4F620-15-P-DC24V<br \/>\n4F620-20-AC110V\/Z<br \/>\n4F620-20-AC220V\/Z<br \/>\n4F629-00-AC110V\/Z<br \/>\n4F629-00-AC220V\/Z<br \/>\n4F630-15-AC110V\/Z<br \/>\n4F630-15-AC220V\/Z<br \/>\n4F630-15-DC24V<br \/>\n4F630-15-DC24V\/Z<br \/>\n4F630-15-L-AC110V\/Z<br \/>\n4F630-20-AC200V\/Z<br \/>\n4F630-20-DC24V\/Z<br \/>\n4F630-20-F-DC24V<br \/>\n4F630-L-COIL-AC220V<br \/>\n4F640-15-AC110V\/Z<br \/>\n4F640-20-AC220V\/Z<br \/>\n4F640-20-LS-DC24V\/Z<br \/>\n4F710-25-AC220V\/Z<br \/>\n4F710-25-LS-DC24V\/Z<br \/>\n4F720-20-AC100V\/Z<br \/>\n4F720-20-AC220V\/Z<br \/>\n4F720-20-L-AC220V\/Z<br \/>\n4F720-25-AC110V\/Z<br \/>\n4F720-25-AC220V\/Z<br \/>\n4F720-25-L-AC100V\/Z<br \/>\n4F720-COIL-DC24V<br \/>\n4F729-00-AC100V\/Z<br \/>\n4F729-00-L-AC110\/Z<br \/>\n4F730-25-AC220V\/Z<br \/>\n4F730-25-DC24V\/Z<br \/>\n4F739-00-LK-DC24V<br \/>\n4GB110-06-3<br \/>\n4GB110-06-E2-3<br \/>\n4GB119-00-A2N-3<br \/>\n4GB119-00-E2-3<br \/>\n4GB119-00-E23-3<br \/>\n4GB120-06-E2H-4<br \/>\n4GB129-00-A2N-3<br \/>\n4GB129-A2N-3<br \/>\n4GB140-06-E2A-3<br \/>\n4GB149-00-A2N-3<br \/>\n4GB159-A2N-3<br \/>\n4GB210-08-3<br \/>\n4GB210-08-E0-3<br \/>\n4GB210-08-E0HK-3<br \/>\n4GB210-08-E0K-FL340902-3<br \/>\n4GB210-08-E2-3<br \/>\n4GB219-00-E2H-3<br \/>\n4GB220-08-E2A-3<br \/>\n4GB229-00-A2N-3<br \/>\n4GB229-00-E3H-3<br \/>\n4GB239-00-BA-3<br \/>\n4GB249-00-BHA-3<br \/>\n4GB310-10-E0-3<br \/>\n4GB310-10-E2-3<br \/>\n4GB319-00-B-3<br \/>\n4GB319-00-E2-3<br \/>\n4GB320-10-B-1<br \/>\n4GB320-10-E0-1<br \/>\n4GB320-10-E0-3<br \/>\n4GB329-00-A2NH-3<br \/>\n4GB330-10-E0-1<br \/>\n4GB330-10-E0-3<br \/>\n4GB330-10-E2-1<br \/>\n4GB339-00-B-3<br \/>\n4GB410-10-B-3<br \/>\n4GB410-10-E0-1<br \/>\n4GB440-10-B-3<br \/>\n4GB450-15-E2-3<br \/>\n4G-COIL-1<br \/>\n4G-COIL-3<br \/>\n4G-COIL-4<br \/>\n4G-E0-COIL-1<br \/>\n4G-E0-COIL-3<br \/>\n4G-E2-COIL-3<br \/>\n4G-E2N-COIL-4<br \/>\n4G-SOCKET-ASSY-E23-3\/K<br \/>\nSVB1W-40A-02CS-DC24V<br \/>\nSVB2W-50A-02CS-AC100V<br \/>\nSAB-15AX020-N-FL365064<br \/>\nSAB1A-25A-0<br \/>\nSAB1S-15A-C<br \/>\nSAB1S-15A-F<br \/>\nSAB1S-25A-C<br \/>\nSAB1S-40F-C<br \/>\nSAB1V-15A-B<br \/>\nSAB1V-15A-E<br \/>\nSAB1W-15A-0<br \/>\nSAB1W-20A-B<br \/>\nSAB1W-25A-E<br \/>\nSAB1W-40A-B<br \/>\nSAB1W-50A-B<br \/>\nSAB1W-8A-E<br \/>\nSAB2V-15A-B<br \/>\nSAB-32A-0-S-KIT<br \/>\nSAB3A-15A-0<br \/>\nSAB3A-20A-0<br \/>\nSAB3A-32A-0<br \/>\nSAB3A-40A-0<br \/>\nSAB3A-50A-0<br \/>\nSAB3A-65F-0<br \/>\nSAB3S-25A-C<br \/>\nSAB3V-20A-B<br \/>\nSAB3W-10A-O<br \/>\nPD3-20A-DIAPHRAGM<br \/>\nPD3-25A-DIAPHRAGM<br \/>\nPD3-40A-N-COVER-ASSY<br \/>\nPDV3-20A-2E-DC24V<br \/>\nPDV3-20A-2H-DC24V<br \/>\nPDV3-20A-3R-DC24V<br \/>\nPDV3-20A-N2E-DC24V\/Z<br \/>\nPDV3-25A-2C-A-KIT-AC220V<br \/>\nPV5-6-FHG-D-0-M-FL208763<br \/>\nPV5-6-FHG-D-3-N-M<br \/>\nPV5-6-FIG-D-0-M-FL208763<br \/>\nPV5-6-FIG-D-3-N-M<br \/>\nPV5-6-FJG-D-0-M-FL208763<br \/>\nPV5-6-FJG-D-3-N-M<br \/>\nPV5-6R-FG-D-TC<br \/>\nPV5-6R-FG-S-TC<br \/>\nPV5-6R-FHG-D-TC<br \/>\nPV5-8-FG-D-2-A04<br \/>\nPV5-8-FHG-D-3-N-M<br \/>\nPV5-8-FJG-D-2-A04<br \/>\nPV5-8-FJG-D-3-N-M<br \/>\nPV5-8R-FIG-D-TC<br \/>\nPV5-8R-FPG-D-TC<br \/>\nPV5G-6-FG-D-3-N<br \/>\nPV5G-6-FG-S-1<br \/>\nPV5G-6-FG-S-1-N<br \/>\nPV5G-6-FG-S-3-N<br \/>\nPV5G-6-FG-S-3-N-A03<br \/>\nPV5G-6-FG-S-5-A03<br \/>\nPV5G-6-FHG-D-3<br \/>\nPV5G-6-FHG-D-3-N<br \/>\nPV5G-6-FPG-D-3<br \/>\nPV5G-6-FPG-D-3-N<br \/>\nPV5G-8-FG-D-1<br \/>\nPV5G-8-FG-D-1-N<br \/>\nPV5G-8-FG-D-3-N<br \/>\nPV5G-8-FG-D-3-N-A04<br \/>\nPV5G-8-FG-S-1<br \/>\nPV5G-8-FG-S-1-A03<br \/>\nPV5G-8-FG-S-3<br \/>\nPV5G-8-FG-S-3-N<br \/>\nPV5G-8-FG-S-3-N-A03<br \/>\nPV5G-8-FG-S-3-N-A04<br \/>\nPV5G-8-FHG-D-3-N<br \/>\nPV5G-8-FJG-D-3-N-A06<br \/>\nCMF13-03T-04T-SB-FL218818<br \/>\nCMF15-02-04T<br \/>\nCM1-00<br \/>\nCM2-00<br \/>\nCMF1-EC<br \/>\nCMF1-P-03<br \/>\nCMF1-PC<br \/>\nCMF1-R-03<br \/>\nCMF1-SR-B-T05C<br \/>\nCMF1-SR-P-T05<br \/>\nCMF22-04T-06T<br \/>\nCMF22-04T-06T-SB<br \/>\nCMF23-04T-06T<br \/>\nCMF23-04T-06T-SB<br \/>\nCMF25-04T-04T-SB-FL215117<br \/>\nCMF25-04T-06T-SB-FL215117<br \/>\nCMF27-04T-06T<br \/>\nCMF27-04T-06T-SB<br \/>\nCMF28-04T-04T-SB-FL215117<br \/>\nCMF28-04T-06T<br \/>\nCMF28-04T-06T-SB-FL215117<br \/>\nCMF2-P-04<br \/>\nCMF2-PC<br \/>\nCMF2-R-04<br \/>\nCMF2-SR-B-T05C<br \/>\nCMF2-SR-P-T05<br \/>\nCMFB1-02T<br \/>\nFB1-04D-SB<br \/>\nFB1-04T<br \/>\nFB1-SET-03T-SB-FL200625<br \/>\nFB1-SET-04T-SB-FL200625<br \/>\nFB2-06D<br \/>\nFB2-06T<br \/>\nFB2-06U<br \/>\nFB2-SET-04T-SB-FL200626<br \/>\nFB2-SET-06T-SB-FL200626<br \/>\nMXB1-15-0-2<br \/>\nMXB1-15-C-2<br \/>\nMXB1-25-0T-1<br \/>\nMXBC-10-0-3<br \/>\nMXGC-25-0-3<br \/>\nNAB1S-20A-C<br \/>\nNAB-20AX1059-FL-257400<br \/>\nNAB2-8<br \/>\nNAB2A-10A-0<br \/>\nRSV-15A-210W-2G211-AC220V<br \/>\nNAB2V-10<br \/>\nNSB1A-25A-02C-AC200V<br \/>\nP5126-M6C1-DC24V<br \/>\nP5132-M0B-DC24V<br \/>\nP5132-M0BR-DC24V<br \/>\nP5132-M6D-DC24V<br \/>\nP5132-M6E-DC24V<br \/>\nP5136-M6EV-DC24V<br \/>\nP5142-M6B-DC24V<br \/>\nP5142-M6D2-AC100V<br \/>\nP5142-M6D-DC24V<br \/>\nP5142-M6E-DC24V<br \/>\nMS-00-B-FL229010<br \/>\nMS-00-ESP-B<br \/>\nMS-00-ESP-B-FL377116<br \/>\nMS-00-ESP-G<br \/>\nMS-00-ESP-G-FL200622<br \/>\nMS-00-ESP-R<br \/>\nMS-00-ESP-Y-FL200622<br \/>\nMS-00-PP<br \/>\nMS-00-RL<br \/>\nMS-00-SE1<br \/>\nMS-00-TG<br \/>\nMS-01-ESP-R<br \/>\nMS-01-PP<br \/>\nMS-01-SP<br \/>\nMS-40-SE2<br \/>\nMNRB500A-LLC86-8-N<br \/>\nMNRB500B-LLC4-6<br \/>\nNRJB500B-SSC6-L<br \/>\nMR10-2NC-DC12V<br \/>\nMR10-3-DC12V<\/p>\n<p>\u0110\u1ea1i l\u00fd CKD vietnam, CKD viet nam, CKD vietnam distributor, Ph\u00e2n ph\u1ed1i CKD t\u1ea1i vi\u1ec7t nam<\/p>\n<p>\u0110\u1ea1i l\u00fd CKD vietnam, CKD viet nam, CKD vietnam distributor, Ph\u00e2n ph\u1ed1i CKD t\u1ea1i vi\u1ec7t nam<\/p>\n<p>\u0110\u1ea1i l\u00fd CKD vietnam, CKD viet nam, CKD vietnam distributor, Ph\u00e2n ph\u1ed1i CKD t\u1ea1i vi\u1ec7t nam<\/p>\n<p>\u0110\u1ea1i l\u00fd CKD vietnam, CKD viet nam, CKD vietnam distributor, Ph\u00e2n ph\u1ed1i CKD t\u1ea1i vi\u1ec7t nam<\/p>\n<p>\u0110\u1ea1i l\u00fd CKD vietnam, CKD viet nam, CKD vietnam distributor, Ph\u00e2n ph\u1ed1i CKD t\u1ea1i vi\u1ec7t nam<\/dd>\n<dd><\/dd>\n<\/dl>\n<p>&nbsp;<\/p>\n","protected":false},"excerpt":{"rendered":"<p>CKD PV5G-8-FG-D-3-N-A06 CKD PV5G-8-FPG-D-3-N-A06 Pilot operated 5-port ISO valve Model No. PV5G\u30fbPV5\u30fbGMF ISO valves are pilot operated 5-port valves in compliance with the ISO standards which regulate international valve mounting dimensions. [Applicable cylinder: \u03c620 to \u03c6160] GAB312-3-2-H3A-DC12V GAB312-3-4-02E-DC24V\/Z GAB312-4-0-02H-DC24V\/Z GAB412-2-0-AC220V\/Z GAB412-2-0-C2E-AC220V\/Z GAB412-2-0-C2E-DC24V\/Z GAB412-3-0-02E-DC24V\/Z GAB412-5-0-02E-DC24V\/Z GAB412-5-0-D2G-AC110V GAB412-7-0-AC220V\/Z GAB412-7-4-02ES-DC24V GAB422-2-0-AC220V\/Z GAB422-5-0-03A-DC24V\/Z GAB452-1-0-02E-AC220V\/Z&hellip; <\/p>\n","protected":false},"featured_media":3125,"comment_status":"open","ping_status":"closed","template":"","meta":[],"product_cat":[367],"product_tag":[100,101,102],"class_list":{"0":"post-3124","1":"product","2":"type-product","3":"status-publish","4":"has-post-thumbnail","6":"product_cat-ckd","7":"product_tag-ckd-viet-nam","8":"product_tag-dai-ly-ckd-viet-nam","9":"product_tag-van-khi-nen","11":"first","12":"instock","13":"shipping-taxable","14":"product-type-simple"},"yoast_head":"<!-- This site is optimized with the Yoast SEO plugin v22.8 - https:\/\/yoast.com\/wordpress\/plugins\/seo\/ -->\n<title>CKD PV5G-8-FPG-D-3-N-A06 - OMANI VI\u1ec6T NAM<\/title>\n<meta name=\"description\" content=\"DIN Terminal Box Type Pilot 5-Port Valve, ISO Compliant PV5G-6 Series\" \/>\n<meta name=\"robots\" content=\"index, follow, max-snippet:-1, max-image-preview:large, max-video-preview:-1\" \/>\n<link rel=\"canonical\" href=\"https:\/\/omanivietnam.com\/index.php\/san-pham\/ckd-pv5g-8-fpg-d-3-n-a06\/\" \/>\n<meta property=\"og:locale\" content=\"vi_VN\" \/>\n<meta property=\"og:type\" content=\"article\" \/>\n<meta property=\"og:title\" content=\"CKD PV5G-8-FPG-D-3-N-A06 - OMANI VI\u1ec6T NAM\" \/>\n<meta property=\"og:description\" content=\"DIN Terminal Box Type Pilot 5-Port Valve, ISO Compliant PV5G-6 Series\" \/>\n<meta property=\"og:url\" content=\"https:\/\/omanivietnam.com\/index.php\/san-pham\/ckd-pv5g-8-fpg-d-3-n-a06\/\" \/>\n<meta property=\"og:site_name\" content=\"OMANI VI\u1ec6T NAM\" \/>\n<meta property=\"og:image\" content=\"https:\/\/omanivietnam.com\/wp-content\/uploads\/2025\/01\/PV5G-8-FPG-D-3-N-A06.png\" \/>\n\t<meta property=\"og:image:width\" content=\"668\" \/>\n\t<meta property=\"og:image:height\" content=\"435\" \/>\n\t<meta property=\"og:image:type\" content=\"image\/png\" \/>\n<meta name=\"twitter:card\" content=\"summary_large_image\" \/>\n<meta name=\"twitter:label1\" content=\"\u01af\u1edbc t\u00ednh th\u1eddi gian \u0111\u1ecdc\" \/>\n\t<meta name=\"twitter:data1\" content=\"3 ph\u00fat\" \/>\n<script type=\"application\/ld+json\" class=\"yoast-schema-graph\">{\"@context\":\"https:\/\/schema.org\",\"@graph\":[{\"@type\":\"WebPage\",\"@id\":\"https:\/\/omanivietnam.com\/index.php\/san-pham\/ckd-pv5g-8-fpg-d-3-n-a06\/\",\"url\":\"https:\/\/omanivietnam.com\/index.php\/san-pham\/ckd-pv5g-8-fpg-d-3-n-a06\/\",\"name\":\"CKD PV5G-8-FPG-D-3-N-A06 - OMANI VI\u1ec6T NAM\",\"isPartOf\":{\"@id\":\"https:\/\/omanivietnam.com\/#website\"},\"primaryImageOfPage\":{\"@id\":\"https:\/\/omanivietnam.com\/index.php\/san-pham\/ckd-pv5g-8-fpg-d-3-n-a06\/#primaryimage\"},\"image\":{\"@id\":\"https:\/\/omanivietnam.com\/index.php\/san-pham\/ckd-pv5g-8-fpg-d-3-n-a06\/#primaryimage\"},\"thumbnailUrl\":\"https:\/\/omanivietnam.com\/wp-content\/uploads\/2025\/01\/PV5G-8-FPG-D-3-N-A06.png\",\"datePublished\":\"2025-01-13T14:44:47+00:00\",\"dateModified\":\"2025-01-13T14:44:47+00:00\",\"description\":\"DIN Terminal Box Type Pilot 5-Port Valve, ISO Compliant PV5G-6 Series\",\"breadcrumb\":{\"@id\":\"https:\/\/omanivietnam.com\/index.php\/san-pham\/ckd-pv5g-8-fpg-d-3-n-a06\/#breadcrumb\"},\"inLanguage\":\"vi\",\"potentialAction\":[{\"@type\":\"ReadAction\",\"target\":[\"https:\/\/omanivietnam.com\/index.php\/san-pham\/ckd-pv5g-8-fpg-d-3-n-a06\/\"]}]},{\"@type\":\"ImageObject\",\"inLanguage\":\"vi\",\"@id\":\"https:\/\/omanivietnam.com\/index.php\/san-pham\/ckd-pv5g-8-fpg-d-3-n-a06\/#primaryimage\",\"url\":\"https:\/\/omanivietnam.com\/wp-content\/uploads\/2025\/01\/PV5G-8-FPG-D-3-N-A06.png\",\"contentUrl\":\"https:\/\/omanivietnam.com\/wp-content\/uploads\/2025\/01\/PV5G-8-FPG-D-3-N-A06.png\",\"width\":668,\"height\":435},{\"@type\":\"BreadcrumbList\",\"@id\":\"https:\/\/omanivietnam.com\/index.php\/san-pham\/ckd-pv5g-8-fpg-d-3-n-a06\/#breadcrumb\",\"itemListElement\":[{\"@type\":\"ListItem\",\"position\":1,\"name\":\"Home\",\"item\":\"https:\/\/omanivietnam.com\/\"},{\"@type\":\"ListItem\",\"position\":2,\"name\":\"S\u1ea2N PH\u1ea8M\",\"item\":\"https:\/\/omanivietnam.com\/index.php\/cua-hang\/\"},{\"@type\":\"ListItem\",\"position\":3,\"name\":\"CKD PV5G-8-FPG-D-3-N-A06\"}]},{\"@type\":\"WebSite\",\"@id\":\"https:\/\/omanivietnam.com\/#website\",\"url\":\"https:\/\/omanivietnam.com\/\",\"name\":\"OMANI VI\u1ec6T NAM\",\"description\":\"Nh\u00e0 ph\u00e2n ph\u1ed1i thi\u1ebft b\u1ecb kh\u00ed n\u00e9n v\u00e0 thi\u1ebft b\u1ecb t\u1ef1 \u0111\u1ed9ng h\u00f3a trong c\u00f4ng nghi\u1ec7p\",\"publisher\":{\"@id\":\"https:\/\/omanivietnam.com\/#\/schema\/person\/0ad398a980dc3fd696111c2c5c8fa897\"},\"potentialAction\":[{\"@type\":\"SearchAction\",\"target\":{\"@type\":\"EntryPoint\",\"urlTemplate\":\"https:\/\/omanivietnam.com\/?s={search_term_string}\"},\"query-input\":\"required name=search_term_string\"}],\"inLanguage\":\"vi\"},{\"@type\":[\"Person\",\"Organization\"],\"@id\":\"https:\/\/omanivietnam.com\/#\/schema\/person\/0ad398a980dc3fd696111c2c5c8fa897\",\"name\":\"Nguy\u1ec5n V\u0103n Kh\u00e1nh\",\"image\":{\"@type\":\"ImageObject\",\"inLanguage\":\"vi\",\"@id\":\"https:\/\/omanivietnam.com\/#\/schema\/person\/image\/\",\"url\":\"https:\/\/omanivietnam.com\/wp-content\/uploads\/2024\/06\/logo-1024x1024.png\",\"contentUrl\":\"https:\/\/omanivietnam.com\/wp-content\/uploads\/2024\/06\/logo-1024x1024.png\",\"width\":1024,\"height\":1024,\"caption\":\"Nguy\u1ec5n V\u0103n Kh\u00e1nh\"},\"logo\":{\"@id\":\"https:\/\/omanivietnam.com\/#\/schema\/person\/image\/\"},\"sameAs\":[\"https:\/\/omanivietnam.com\"]}]}<\/script>\n<!-- \/ Yoast SEO plugin. -->","yoast_head_json":{"title":"CKD PV5G-8-FPG-D-3-N-A06 - OMANI VI\u1ec6T NAM","description":"DIN Terminal Box Type Pilot 5-Port Valve, ISO Compliant PV5G-6 Series","robots":{"index":"index","follow":"follow","max-snippet":"max-snippet:-1","max-image-preview":"max-image-preview:large","max-video-preview":"max-video-preview:-1"},"canonical":"https:\/\/omanivietnam.com\/index.php\/san-pham\/ckd-pv5g-8-fpg-d-3-n-a06\/","og_locale":"vi_VN","og_type":"article","og_title":"CKD PV5G-8-FPG-D-3-N-A06 - OMANI VI\u1ec6T NAM","og_description":"DIN Terminal Box Type Pilot 5-Port Valve, ISO Compliant PV5G-6 Series","og_url":"https:\/\/omanivietnam.com\/index.php\/san-pham\/ckd-pv5g-8-fpg-d-3-n-a06\/","og_site_name":"OMANI VI\u1ec6T NAM","og_image":[{"width":668,"height":435,"url":"https:\/\/omanivietnam.com\/wp-content\/uploads\/2025\/01\/PV5G-8-FPG-D-3-N-A06.png","type":"image\/png"}],"twitter_card":"summary_large_image","twitter_misc":{"\u01af\u1edbc t\u00ednh th\u1eddi gian \u0111\u1ecdc":"3 ph\u00fat"},"schema":{"@context":"https:\/\/schema.org","@graph":[{"@type":"WebPage","@id":"https:\/\/omanivietnam.com\/index.php\/san-pham\/ckd-pv5g-8-fpg-d-3-n-a06\/","url":"https:\/\/omanivietnam.com\/index.php\/san-pham\/ckd-pv5g-8-fpg-d-3-n-a06\/","name":"CKD PV5G-8-FPG-D-3-N-A06 - OMANI VI\u1ec6T NAM","isPartOf":{"@id":"https:\/\/omanivietnam.com\/#website"},"primaryImageOfPage":{"@id":"https:\/\/omanivietnam.com\/index.php\/san-pham\/ckd-pv5g-8-fpg-d-3-n-a06\/#primaryimage"},"image":{"@id":"https:\/\/omanivietnam.com\/index.php\/san-pham\/ckd-pv5g-8-fpg-d-3-n-a06\/#primaryimage"},"thumbnailUrl":"https:\/\/omanivietnam.com\/wp-content\/uploads\/2025\/01\/PV5G-8-FPG-D-3-N-A06.png","datePublished":"2025-01-13T14:44:47+00:00","dateModified":"2025-01-13T14:44:47+00:00","description":"DIN Terminal Box Type Pilot 5-Port Valve, ISO Compliant PV5G-6 Series","breadcrumb":{"@id":"https:\/\/omanivietnam.com\/index.php\/san-pham\/ckd-pv5g-8-fpg-d-3-n-a06\/#breadcrumb"},"inLanguage":"vi","potentialAction":[{"@type":"ReadAction","target":["https:\/\/omanivietnam.com\/index.php\/san-pham\/ckd-pv5g-8-fpg-d-3-n-a06\/"]}]},{"@type":"ImageObject","inLanguage":"vi","@id":"https:\/\/omanivietnam.com\/index.php\/san-pham\/ckd-pv5g-8-fpg-d-3-n-a06\/#primaryimage","url":"https:\/\/omanivietnam.com\/wp-content\/uploads\/2025\/01\/PV5G-8-FPG-D-3-N-A06.png","contentUrl":"https:\/\/omanivietnam.com\/wp-content\/uploads\/2025\/01\/PV5G-8-FPG-D-3-N-A06.png","width":668,"height":435},{"@type":"BreadcrumbList","@id":"https:\/\/omanivietnam.com\/index.php\/san-pham\/ckd-pv5g-8-fpg-d-3-n-a06\/#breadcrumb","itemListElement":[{"@type":"ListItem","position":1,"name":"Home","item":"https:\/\/omanivietnam.com\/"},{"@type":"ListItem","position":2,"name":"S\u1ea2N PH\u1ea8M","item":"https:\/\/omanivietnam.com\/index.php\/cua-hang\/"},{"@type":"ListItem","position":3,"name":"CKD PV5G-8-FPG-D-3-N-A06"}]},{"@type":"WebSite","@id":"https:\/\/omanivietnam.com\/#website","url":"https:\/\/omanivietnam.com\/","name":"OMANI VI\u1ec6T NAM","description":"Nh\u00e0 ph\u00e2n ph\u1ed1i thi\u1ebft b\u1ecb kh\u00ed n\u00e9n v\u00e0 thi\u1ebft b\u1ecb t\u1ef1 \u0111\u1ed9ng h\u00f3a trong c\u00f4ng nghi\u1ec7p","publisher":{"@id":"https:\/\/omanivietnam.com\/#\/schema\/person\/0ad398a980dc3fd696111c2c5c8fa897"},"potentialAction":[{"@type":"SearchAction","target":{"@type":"EntryPoint","urlTemplate":"https:\/\/omanivietnam.com\/?s={search_term_string}"},"query-input":"required name=search_term_string"}],"inLanguage":"vi"},{"@type":["Person","Organization"],"@id":"https:\/\/omanivietnam.com\/#\/schema\/person\/0ad398a980dc3fd696111c2c5c8fa897","name":"Nguy\u1ec5n V\u0103n Kh\u00e1nh","image":{"@type":"ImageObject","inLanguage":"vi","@id":"https:\/\/omanivietnam.com\/#\/schema\/person\/image\/","url":"https:\/\/omanivietnam.com\/wp-content\/uploads\/2024\/06\/logo-1024x1024.png","contentUrl":"https:\/\/omanivietnam.com\/wp-content\/uploads\/2024\/06\/logo-1024x1024.png","width":1024,"height":1024,"caption":"Nguy\u1ec5n V\u0103n Kh\u00e1nh"},"logo":{"@id":"https:\/\/omanivietnam.com\/#\/schema\/person\/image\/"},"sameAs":["https:\/\/omanivietnam.com"]}]}},"_links":{"self":[{"href":"https:\/\/omanivietnam.com\/index.php\/wp-json\/wp\/v2\/product\/3124","targetHints":{"allow":["GET"]}}],"collection":[{"href":"https:\/\/omanivietnam.com\/index.php\/wp-json\/wp\/v2\/product"}],"about":[{"href":"https:\/\/omanivietnam.com\/index.php\/wp-json\/wp\/v2\/types\/product"}],"replies":[{"embeddable":true,"href":"https:\/\/omanivietnam.com\/index.php\/wp-json\/wp\/v2\/comments?post=3124"}],"wp:featuredmedia":[{"embeddable":true,"href":"https:\/\/omanivietnam.com\/index.php\/wp-json\/wp\/v2\/media\/3125"}],"wp:attachment":[{"href":"https:\/\/omanivietnam.com\/index.php\/wp-json\/wp\/v2\/media?parent=3124"}],"wp:term":[{"taxonomy":"product_cat","embeddable":true,"href":"https:\/\/omanivietnam.com\/index.php\/wp-json\/wp\/v2\/product_cat?post=3124"},{"taxonomy":"product_tag","embeddable":true,"href":"https:\/\/omanivietnam.com\/index.php\/wp-json\/wp\/v2\/product_tag?post=3124"}],"curies":[{"name":"wp","href":"https:\/\/api.w.org\/{rel}","templated":true}]}}