{"id":3128,"date":"2025-01-16T15:56:58","date_gmt":"2025-01-16T08:56:58","guid":{"rendered":"https:\/\/omanivietnam.com\/?post_type=product&#038;p=3128"},"modified":"2025-06-02T22:06:12","modified_gmt":"2025-06-02T15:06:12","slug":"royal-t230p54h","status":"publish","type":"product","link":"https:\/\/omanivietnam.com\/index.php\/san-pham\/royal-t230p54h\/","title":{"rendered":"ROYAL T230P54H"},"content":{"rendered":"<p class=\"product_title entry-title\">ROYAL T230P54H AC220V<\/p>\n<h2>Qu\u1ea1t t\u1ea3n nhi\u1ec7t Royal FanT230P54H AC220V<\/h2>\n<h3>1.Th\u00f4ng tin s\u1ea3n ph\u1ea9m (Royal FanT230P54H AC220V)<\/h3>\n<p>Qu\u1ea1t DC bi, Qu\u1ea1t l\u00e0m m\u00e1t DC, Qu\u1ea1t DC tu\u1ed5i th\u1ecd cao, Qu\u1ea1t h\u01b0\u1edbng tr\u1ee5c<\/p>\n<p>* V\u00f2ng bi: V\u00f2ng bi<\/p>\n<p>* Tu\u1ed5i th\u1ecd cao L\u00ean \u0111\u1ebfn 70.000 gi\u1edd.<\/p>\n<p>* C\u00e1nh qu\u1ea1t v\u00e0 Khung b\u1eb1ng th\u00e9p PBT UL94V-0 ch\u1ed1ng ch\u00e1y n\u1ed5 v\u00e0 th\u00e2n thi\u1ec7n v\u1edbi m\u00f4i tr\u01b0\u1eddng cao c\u1ea5p.<\/p>\n<p>* Ch\u1ee9ng nh\u1eadn \u0111\u1ea7y \u0111\u1ee7 bao g\u1ed3m CE\/UL\/TUV.<\/p>\n<p>* D\u00e2y v\u00e0 \u0111\u1ea7u n\u1ed1i c\u00f3 th\u1ec3 t\u00f9y ch\u1ec9nh<\/p>\n<p>* Ch\u1ee9c n\u0103ng t\u00f9y ch\u1ec9nh \u0111\u1ec3 b\u1ea3o v\u1ec7 \u0111\u1ed9ng c\u01a1 (RP\/SS\/LP\/CL), \u0110\u1ea7u ra t\u00edn hi\u1ec7u (FG\/RD\/RDB\/LD), Ch\u1ebf \u0111\u1ed9 \u0111i\u1ec1u khi\u1ec3n t\u1ed1c \u0111\u1ed9 (PWM\/TC\/VC\/CC\/CS).<\/p>\n<h3>2. C\u00e1c m\u00e3 t\u01b0\u01a1ng t\u1ef1 Royal FanT230P54H AC220V<\/h3>\n<p>KA2258HA2<\/p>\n<p>T230P54H<\/p>\n<p>T230P54H<\/p>\n<p>P59H-3-0<\/p>\n<p>T200P59H-29TP<\/p>\n<p>T200P59-20TP<\/p>\n<ul>\n<li>T230P54H Original Royal 220V 75W 0.55A Axial Fan for Injection Molding Machine<\/li>\n<li><\/li>\n<li>\n<table class=\"a-normal a-spacing-micro\">\n<tbody>\n<tr class=\"a-spacing-small po-brand\">\n<td class=\"a-span3\"><span class=\"a-size-base a-text-bold\">Brand<\/span><\/td>\n<td class=\"a-span9\"><span class=\"a-size-base\">ROYAL<\/span><\/td>\n<\/tr>\n<tr class=\"a-spacing-small po-voltage\">\n<td class=\"a-span3\"><span class=\"a-size-base a-text-bold\">Voltage<\/span><\/td>\n<td class=\"a-span9\"><span class=\"a-size-base\">220 Volts<\/span><\/td>\n<\/tr>\n<tr class=\"a-spacing-small po-wattage\">\n<td class=\"a-span3\"><span class=\"a-size-base a-text-bold\">Wattage<\/span><\/td>\n<td class=\"a-span9\"><span class=\"a-size-base\">80 watts<\/span><\/td>\n<\/tr>\n<tr class=\"a-spacing-small po-cooling_method\">\n<td class=\"a-span3\"><span class=\"a-size-base a-text-bold\">Cooling Method<\/span><\/td>\n<td class=\"a-span9\"><span class=\"a-size-base\">Air<\/span><\/td>\n<\/tr>\n<tr class=\"a-spacing-small po-material\">\n<td class=\"a-span3\"><span class=\"a-size-base a-text-bold\">Material<\/span><\/td>\n<td class=\"a-span9\"><span class=\"a-size-base\">Aluminum,Alloy,Metal<\/span><\/td>\n<\/tr>\n<tr class=\"a-spacing-small po-maximum_rotational_speed\">\n<td class=\"a-span3\"><span class=\"a-size-base a-text-bold\">Maximum Rotational Speed<\/span><\/td>\n<td class=\"a-span9\"><span class=\"a-size-base\">1650 RPM<\/span><\/td>\n<\/tr>\n<\/tbody>\n<\/table>\n<\/li>\n<\/ul>\n<ul class=\"a-unordered-list a-vertical a-spacing-mini\">\n<li><span class=\"a-list-item\">Condition: 100% new and good quality.<\/span><\/li>\n<li><span class=\"a-list-item\">Type: Axial fan;Blade diameter:230x90cm;<\/span><\/li>\n<li><span class=\"a-list-item\">Model number :T230P54H ; Bearings: high precision NMB double ball bearings;<\/span><\/li>\n<li><span class=\"a-list-item\">Type \uff1aT230P54H;<\/span><\/li>\n<li><span class=\"a-list-item\">Size\uff1a230x90cm;<\/span><\/li>\n<li><span class=\"a-list-item\">Nominal voltage\uff1aAC200V;Current : 0.25A;<\/span><\/li>\n<li><span class=\"a-list-item\">Maximum working wind volume:\uff1a105CFM;<\/span><\/li>\n<li><span class=\"a-list-item\">Flow: 360m3\/h;static pressure\uff1a151.9pa;Power\uff1a70\/80W;<\/span><\/li>\n<li><span class=\"a-list-item\">Speed:1650 min-1; <\/span><\/li>\n<li><span class=\"a-list-item\">Fan frame: black painted aluminum alloy \u2013 cast corrosion;<\/span><\/li>\n<li><span class=\"a-list-item\">Wind blade: all metal blade;Fan rotation: it runs counterclockwise from the direction of the blade;<\/span><\/li>\n<li><span class=\"a-list-item\">Motor: Hood motor; Temperature: -40 \u00b0 C to +75 \u00b0 C;<\/span><\/li>\n<li><span class=\"a-list-item\">Storage temperature: -50 c to +90 C;<\/span><\/li>\n<\/ul>\n<p>&nbsp;<\/p>\n","protected":false},"excerpt":{"rendered":"<p>ROYAL T230P54H AC220V Qu\u1ea1t t\u1ea3n nhi\u1ec7t Royal FanT230P54H AC220V 1.Th\u00f4ng tin s\u1ea3n ph\u1ea9m (Royal FanT230P54H AC220V) Qu\u1ea1t DC bi, Qu\u1ea1t l\u00e0m m\u00e1t DC, Qu\u1ea1t DC tu\u1ed5i th\u1ecd cao, Qu\u1ea1t h\u01b0\u1edbng tr\u1ee5c * V\u00f2ng bi: V\u00f2ng bi * Tu\u1ed5i th\u1ecd cao L\u00ean \u0111\u1ebfn 70.000 gi\u1edd. * C\u00e1nh qu\u1ea1t v\u00e0 Khung b\u1eb1ng&hellip; <\/p>\n","protected":false},"featured_media":3129,"comment_status":"open","ping_status":"closed","template":"","meta":[],"product_cat":[589],"product_tag":[591,246,590],"class_list":{"0":"post-3128","1":"product","2":"type-product","3":"status-publish","4":"has-post-thumbnail","6":"product_cat-royal","7":"product_tag-dai-ly-royal-viet-nam","8":"product_tag-quat","9":"product_tag-royal-viet-nam","11":"first","12":"instock","13":"shipping-taxable","14":"product-type-simple"},"yoast_head":"<!-- This site is optimized with the Yoast SEO plugin v22.8 - https:\/\/yoast.com\/wordpress\/plugins\/seo\/ -->\n<title>ROYAL T230P54H - OMANI VI\u1ec6T NAM<\/title>\n<meta name=\"description\" content=\"ROYAL T230P54H 220V Axial Fan.\" \/>\n<meta name=\"robots\" content=\"index, follow, max-snippet:-1, max-image-preview:large, max-video-preview:-1\" \/>\n<link rel=\"canonical\" href=\"https:\/\/omanivietnam.com\/index.php\/san-pham\/royal-t230p54h\/\" \/>\n<meta property=\"og:locale\" content=\"vi_VN\" \/>\n<meta property=\"og:type\" content=\"article\" \/>\n<meta property=\"og:title\" content=\"ROYAL T230P54H - OMANI VI\u1ec6T NAM\" \/>\n<meta property=\"og:description\" content=\"ROYAL T230P54H 220V Axial Fan.\" \/>\n<meta property=\"og:url\" content=\"https:\/\/omanivietnam.com\/index.php\/san-pham\/royal-t230p54h\/\" \/>\n<meta property=\"og:site_name\" content=\"OMANI VI\u1ec6T NAM\" \/>\n<meta property=\"article:modified_time\" content=\"2025-06-02T15:06:12+00:00\" \/>\n<meta property=\"og:image\" content=\"https:\/\/omanivietnam.com\/wp-content\/uploads\/2025\/01\/T230P54H-AC220V.png\" \/>\n\t<meta property=\"og:image:width\" content=\"522\" \/>\n\t<meta property=\"og:image:height\" content=\"439\" \/>\n\t<meta property=\"og:image:type\" content=\"image\/png\" \/>\n<meta name=\"twitter:card\" content=\"summary_large_image\" \/>\n<meta name=\"twitter:label1\" content=\"\u01af\u1edbc t\u00ednh th\u1eddi gian \u0111\u1ecdc\" \/>\n\t<meta name=\"twitter:data1\" content=\"2 ph\u00fat\" \/>\n<script type=\"application\/ld+json\" class=\"yoast-schema-graph\">{\"@context\":\"https:\/\/schema.org\",\"@graph\":[{\"@type\":\"WebPage\",\"@id\":\"https:\/\/omanivietnam.com\/index.php\/san-pham\/royal-t230p54h\/\",\"url\":\"https:\/\/omanivietnam.com\/index.php\/san-pham\/royal-t230p54h\/\",\"name\":\"ROYAL T230P54H - OMANI VI\u1ec6T NAM\",\"isPartOf\":{\"@id\":\"https:\/\/omanivietnam.com\/#website\"},\"primaryImageOfPage\":{\"@id\":\"https:\/\/omanivietnam.com\/index.php\/san-pham\/royal-t230p54h\/#primaryimage\"},\"image\":{\"@id\":\"https:\/\/omanivietnam.com\/index.php\/san-pham\/royal-t230p54h\/#primaryimage\"},\"thumbnailUrl\":\"https:\/\/omanivietnam.com\/wp-content\/uploads\/2025\/01\/T230P54H-AC220V.png\",\"datePublished\":\"2025-01-16T08:56:58+00:00\",\"dateModified\":\"2025-06-02T15:06:12+00:00\",\"description\":\"ROYAL T230P54H 220V Axial Fan.\",\"breadcrumb\":{\"@id\":\"https:\/\/omanivietnam.com\/index.php\/san-pham\/royal-t230p54h\/#breadcrumb\"},\"inLanguage\":\"vi\",\"potentialAction\":[{\"@type\":\"ReadAction\",\"target\":[\"https:\/\/omanivietnam.com\/index.php\/san-pham\/royal-t230p54h\/\"]}]},{\"@type\":\"ImageObject\",\"inLanguage\":\"vi\",\"@id\":\"https:\/\/omanivietnam.com\/index.php\/san-pham\/royal-t230p54h\/#primaryimage\",\"url\":\"https:\/\/omanivietnam.com\/wp-content\/uploads\/2025\/01\/T230P54H-AC220V.png\",\"contentUrl\":\"https:\/\/omanivietnam.com\/wp-content\/uploads\/2025\/01\/T230P54H-AC220V.png\",\"width\":522,\"height\":439},{\"@type\":\"BreadcrumbList\",\"@id\":\"https:\/\/omanivietnam.com\/index.php\/san-pham\/royal-t230p54h\/#breadcrumb\",\"itemListElement\":[{\"@type\":\"ListItem\",\"position\":1,\"name\":\"Home\",\"item\":\"https:\/\/omanivietnam.com\/\"},{\"@type\":\"ListItem\",\"position\":2,\"name\":\"S\u1ea2N PH\u1ea8M\",\"item\":\"https:\/\/omanivietnam.com\/index.php\/cua-hang\/\"},{\"@type\":\"ListItem\",\"position\":3,\"name\":\"ROYAL T230P54H\"}]},{\"@type\":\"WebSite\",\"@id\":\"https:\/\/omanivietnam.com\/#website\",\"url\":\"https:\/\/omanivietnam.com\/\",\"name\":\"OMANI VI\u1ec6T NAM\",\"description\":\"Nh\u00e0 ph\u00e2n ph\u1ed1i thi\u1ebft b\u1ecb kh\u00ed n\u00e9n v\u00e0 thi\u1ebft b\u1ecb t\u1ef1 \u0111\u1ed9ng h\u00f3a trong c\u00f4ng nghi\u1ec7p\",\"publisher\":{\"@id\":\"https:\/\/omanivietnam.com\/#\/schema\/person\/0ad398a980dc3fd696111c2c5c8fa897\"},\"potentialAction\":[{\"@type\":\"SearchAction\",\"target\":{\"@type\":\"EntryPoint\",\"urlTemplate\":\"https:\/\/omanivietnam.com\/?s={search_term_string}\"},\"query-input\":\"required name=search_term_string\"}],\"inLanguage\":\"vi\"},{\"@type\":[\"Person\",\"Organization\"],\"@id\":\"https:\/\/omanivietnam.com\/#\/schema\/person\/0ad398a980dc3fd696111c2c5c8fa897\",\"name\":\"Nguy\u1ec5n V\u0103n Kh\u00e1nh\",\"image\":{\"@type\":\"ImageObject\",\"inLanguage\":\"vi\",\"@id\":\"https:\/\/omanivietnam.com\/#\/schema\/person\/image\/\",\"url\":\"https:\/\/omanivietnam.com\/wp-content\/uploads\/2024\/06\/logo-1024x1024.png\",\"contentUrl\":\"https:\/\/omanivietnam.com\/wp-content\/uploads\/2024\/06\/logo-1024x1024.png\",\"width\":1024,\"height\":1024,\"caption\":\"Nguy\u1ec5n V\u0103n Kh\u00e1nh\"},\"logo\":{\"@id\":\"https:\/\/omanivietnam.com\/#\/schema\/person\/image\/\"},\"sameAs\":[\"https:\/\/omanivietnam.com\"]}]}<\/script>\n<!-- \/ Yoast SEO plugin. -->","yoast_head_json":{"title":"ROYAL T230P54H - OMANI VI\u1ec6T NAM","description":"ROYAL T230P54H 220V Axial Fan.","robots":{"index":"index","follow":"follow","max-snippet":"max-snippet:-1","max-image-preview":"max-image-preview:large","max-video-preview":"max-video-preview:-1"},"canonical":"https:\/\/omanivietnam.com\/index.php\/san-pham\/royal-t230p54h\/","og_locale":"vi_VN","og_type":"article","og_title":"ROYAL T230P54H - OMANI VI\u1ec6T NAM","og_description":"ROYAL T230P54H 220V Axial Fan.","og_url":"https:\/\/omanivietnam.com\/index.php\/san-pham\/royal-t230p54h\/","og_site_name":"OMANI VI\u1ec6T NAM","article_modified_time":"2025-06-02T15:06:12+00:00","og_image":[{"width":522,"height":439,"url":"https:\/\/omanivietnam.com\/wp-content\/uploads\/2025\/01\/T230P54H-AC220V.png","type":"image\/png"}],"twitter_card":"summary_large_image","twitter_misc":{"\u01af\u1edbc t\u00ednh th\u1eddi gian \u0111\u1ecdc":"2 ph\u00fat"},"schema":{"@context":"https:\/\/schema.org","@graph":[{"@type":"WebPage","@id":"https:\/\/omanivietnam.com\/index.php\/san-pham\/royal-t230p54h\/","url":"https:\/\/omanivietnam.com\/index.php\/san-pham\/royal-t230p54h\/","name":"ROYAL T230P54H - OMANI VI\u1ec6T NAM","isPartOf":{"@id":"https:\/\/omanivietnam.com\/#website"},"primaryImageOfPage":{"@id":"https:\/\/omanivietnam.com\/index.php\/san-pham\/royal-t230p54h\/#primaryimage"},"image":{"@id":"https:\/\/omanivietnam.com\/index.php\/san-pham\/royal-t230p54h\/#primaryimage"},"thumbnailUrl":"https:\/\/omanivietnam.com\/wp-content\/uploads\/2025\/01\/T230P54H-AC220V.png","datePublished":"2025-01-16T08:56:58+00:00","dateModified":"2025-06-02T15:06:12+00:00","description":"ROYAL T230P54H 220V Axial Fan.","breadcrumb":{"@id":"https:\/\/omanivietnam.com\/index.php\/san-pham\/royal-t230p54h\/#breadcrumb"},"inLanguage":"vi","potentialAction":[{"@type":"ReadAction","target":["https:\/\/omanivietnam.com\/index.php\/san-pham\/royal-t230p54h\/"]}]},{"@type":"ImageObject","inLanguage":"vi","@id":"https:\/\/omanivietnam.com\/index.php\/san-pham\/royal-t230p54h\/#primaryimage","url":"https:\/\/omanivietnam.com\/wp-content\/uploads\/2025\/01\/T230P54H-AC220V.png","contentUrl":"https:\/\/omanivietnam.com\/wp-content\/uploads\/2025\/01\/T230P54H-AC220V.png","width":522,"height":439},{"@type":"BreadcrumbList","@id":"https:\/\/omanivietnam.com\/index.php\/san-pham\/royal-t230p54h\/#breadcrumb","itemListElement":[{"@type":"ListItem","position":1,"name":"Home","item":"https:\/\/omanivietnam.com\/"},{"@type":"ListItem","position":2,"name":"S\u1ea2N PH\u1ea8M","item":"https:\/\/omanivietnam.com\/index.php\/cua-hang\/"},{"@type":"ListItem","position":3,"name":"ROYAL T230P54H"}]},{"@type":"WebSite","@id":"https:\/\/omanivietnam.com\/#website","url":"https:\/\/omanivietnam.com\/","name":"OMANI VI\u1ec6T NAM","description":"Nh\u00e0 ph\u00e2n ph\u1ed1i thi\u1ebft b\u1ecb kh\u00ed n\u00e9n v\u00e0 thi\u1ebft b\u1ecb t\u1ef1 \u0111\u1ed9ng h\u00f3a trong c\u00f4ng nghi\u1ec7p","publisher":{"@id":"https:\/\/omanivietnam.com\/#\/schema\/person\/0ad398a980dc3fd696111c2c5c8fa897"},"potentialAction":[{"@type":"SearchAction","target":{"@type":"EntryPoint","urlTemplate":"https:\/\/omanivietnam.com\/?s={search_term_string}"},"query-input":"required name=search_term_string"}],"inLanguage":"vi"},{"@type":["Person","Organization"],"@id":"https:\/\/omanivietnam.com\/#\/schema\/person\/0ad398a980dc3fd696111c2c5c8fa897","name":"Nguy\u1ec5n V\u0103n Kh\u00e1nh","image":{"@type":"ImageObject","inLanguage":"vi","@id":"https:\/\/omanivietnam.com\/#\/schema\/person\/image\/","url":"https:\/\/omanivietnam.com\/wp-content\/uploads\/2024\/06\/logo-1024x1024.png","contentUrl":"https:\/\/omanivietnam.com\/wp-content\/uploads\/2024\/06\/logo-1024x1024.png","width":1024,"height":1024,"caption":"Nguy\u1ec5n V\u0103n Kh\u00e1nh"},"logo":{"@id":"https:\/\/omanivietnam.com\/#\/schema\/person\/image\/"},"sameAs":["https:\/\/omanivietnam.com"]}]}},"_links":{"self":[{"href":"https:\/\/omanivietnam.com\/index.php\/wp-json\/wp\/v2\/product\/3128","targetHints":{"allow":["GET"]}}],"collection":[{"href":"https:\/\/omanivietnam.com\/index.php\/wp-json\/wp\/v2\/product"}],"about":[{"href":"https:\/\/omanivietnam.com\/index.php\/wp-json\/wp\/v2\/types\/product"}],"replies":[{"embeddable":true,"href":"https:\/\/omanivietnam.com\/index.php\/wp-json\/wp\/v2\/comments?post=3128"}],"wp:featuredmedia":[{"embeddable":true,"href":"https:\/\/omanivietnam.com\/index.php\/wp-json\/wp\/v2\/media\/3129"}],"wp:attachment":[{"href":"https:\/\/omanivietnam.com\/index.php\/wp-json\/wp\/v2\/media?parent=3128"}],"wp:term":[{"taxonomy":"product_cat","embeddable":true,"href":"https:\/\/omanivietnam.com\/index.php\/wp-json\/wp\/v2\/product_cat?post=3128"},{"taxonomy":"product_tag","embeddable":true,"href":"https:\/\/omanivietnam.com\/index.php\/wp-json\/wp\/v2\/product_tag?post=3128"}],"curies":[{"name":"wp","href":"https:\/\/api.w.org\/{rel}","templated":true}]}}