{"id":3130,"date":"2025-01-16T16:29:27","date_gmt":"2025-01-16T09:29:27","guid":{"rendered":"https:\/\/omanivietnam.com\/?post_type=product&#038;p=3130"},"modified":"2025-01-16T16:29:28","modified_gmt":"2025-01-16T09:29:28","slug":"ifm-ifs240","status":"publish","type":"product","link":"https:\/\/omanivietnam.com\/index.php\/san-pham\/ifm-ifs240\/","title":{"rendered":"IFM IFS240"},"content":{"rendered":"<p>IFM IFS240<\/p>\n<p>IFS240 Inductive sensor<\/p>\n<div class=\"item-additional\">\n<div class=\"item-header\">\n<div class=\"item-additional\">\n<div class=\"item-header\">\n<div class=\"item-additional\">\n<div class=\"item-header\">\n<div class=\"item-additional\">\n<div class=\"item-header\">\n<div class=\"item-additional\">\n<div class=\"item-header\">\n<div class=\"item-additional\">\n<div class=\"item-header\">\n<div class=\"item-additional\">\n<div class=\"item-header\">\n<div class=\"item-additional\">\n<div class=\"item-header\">\n<div class=\"item-additional\">\n<div class=\"item-header\">\n<div class=\"item-additional\">\n<div class=\"item-header\">\n<div class=\"item-additional\">\n<div class=\"item-header\">\n<div class=\"item-additional\">\n<div class=\"item-header\">\n<div class=\"item-additional\">\n<div class=\"item-header\">\n<div class=\"item-additional\">\n<div class=\"item-header\">\n<div class=\"item-additional\">\n<div class=\"item-header\">\n<div class=\"item-additional\">\n<div class=\"item-header\">\n<div class=\"item-additional\">\n<div class=\"item-header\">\n<div class=\"item-additional\">\n<div class=\"item-header\">\n<div class=\"item-additional\">\n<div class=\"item-header\">\n<div class=\"item-additional\">\n<div class=\"item-header\">\n<div class=\"item-additional\">\n<div class=\"item-header\">\n<div class=\"item-additional\">\n<div class=\"item-header\">\n<div class=\"item-additional\">\n<div class=\"item-header\">\n<div class=\"item-additional\">\n<div class=\"item-header\">\n<div class=\"item-additional\">\n<div class=\"item-header\">\n<div class=\"item-additional\">\n<div class=\"item-header\">\n<div class=\"item-additional\">\n<div class=\"item-header\">\n<div class=\"item-additional\">\n<div class=\"item-header\">\n<div class=\"item-additional\">\n<div class=\"item-header\">\n<div class=\"item-additional\">\n<div class=\"item-header\">\n<div class=\"item-additional\">\n<div class=\"item-header\">\n<div class=\"item-additional\">\n<div class=\"item-header\">\n<div class=\"item-additional\">\n<div class=\"item-header\">\n<div class=\"item-additional\">\n<div class=\"item-header\">\n<div class=\"item-additional\">\n<div class=\"item-header\">\n<div class=\"item-additional\">\n<div class=\"item-header\">\n<div class=\"item-additional\">\n<div class=\"item-header\">\n<div class=\"item-additional\">\n<div class=\"item-header\">\n<div class=\"item-additional\">\n<div class=\"item-header\">\n<div class=\"item-additional\">\n<div class=\"item-header\">\n<div class=\"item-additional\">\n<div class=\"item-header\">\n<div class=\"item-additional\">\n<div class=\"item-header\">\n<div class=\"item-additional\">\n<div class=\"item-header\">\n<div class=\"item-additional\">\n<div class=\"item-header\">\n<div class=\"item-additional\">\n<div class=\"item-header\">\n<div class=\"item-additional\">\n<div class=\"item-header\">\n<div class=\"item-additional\">\n<div class=\"item-header\">\n<div class=\"item-additional\">\n<div class=\"item-header\">\n<div class=\"item-additional\">\n<div class=\"item-header\">\n<div class=\"item-additional\">\n<div class=\"item-header\">\n<div class=\"item-additional\">\n<div class=\"item-header\">\n<div class=\"item-additional\">\n<div class=\"item-header\">\n<div class=\"item-additional\">\n<div class=\"item-header\">\n<div class=\"item-additional\">\n<div class=\"item-header\">\n<div class=\"item-additional\">\n<div class=\"item-header\">\n<div class=\"item-additional\">\n<div class=\"item-header\">\n<div class=\"item-additional\">\n<div class=\"item-header\">\n<div class=\"item-additional\">\n<div class=\"item-header\">\n<div class=\"item-additional\">\n<div class=\"item-header\">\n<div class=\"item-additional\">\n<div class=\"item-header\">\n<div class=\"item-additional\">\n<div class=\"item-header\">\n<div class=\"item-additional\">\n<p class=\"item-number\">IFK3004BBPKG\/US-104<\/p>\n<\/div>\n<\/div>\n<\/div>\n<\/div>\n<\/div>\n<\/div>\n<\/div>\n<\/div>\n<\/div>\n<\/div>\n<\/div>\n<\/div>\n<\/div>\n<\/div>\n<\/div>\n<\/div>\n<\/div>\n<\/div>\n<\/div>\n<\/div>\n<\/div>\n<\/div>\n<\/div>\n<\/div>\n<\/div>\n<\/div>\n<\/div>\n<\/div>\n<\/div>\n<\/div>\n<\/div>\n<\/div>\n<\/div>\n<\/div>\n<\/div>\n<\/div>\n<\/div>\n<\/div>\n<\/div>\n<\/div>\n<\/div>\n<\/div>\n<\/div>\n<\/div>\n<\/div>\n<\/div>\n<\/div>\n<\/div>\n<\/div>\n<\/div>\n<\/div>\n<\/div>\n<\/div>\n<\/div>\n<\/div>\n<\/div>\n<\/div>\n<\/div>\n<\/div>\n<\/div>\n<\/div>\n<\/div>\n<\/div>\n<\/div>\n<\/div>\n<\/div>\n<\/div>\n<\/div>\n<\/div>\n<\/div>\n<\/div>\n<\/div>\n<\/div>\n<\/div>\n<\/div>\n<\/div>\n<\/div>\n<\/div>\n<\/div>\n<\/div>\n<\/div>\n<\/div>\n<\/div>\n<\/div>\n<\/div>\n<\/div>\n<\/div>\n<\/div>\n<\/div>\n<\/div>\n<\/div>\n<\/div>\n<\/div>\n<\/div>\n<\/div>\n<\/div>\n<\/div>\n<\/div>\n<\/div>\n<\/div>\n<\/div>\n<\/div>\n<\/div>\n<\/div>\n<\/div>\n<\/div>\n<\/div>\n<\/div>\n<\/div>\n<\/div>\n<\/div>\n<\/div>\n<\/div>\n<\/div>\n<\/div>\n<\/div>\n<\/div>\n<\/div>\n<\/div>\n<\/div>\n<\/div>\n<\/div>\n<ul>\n<li>Suitable for industrial, mobile, cooling and lubricating applications<\/li>\n<li>High protection rating for the requirements of harsh industrial environments<\/li>\n<li>Flexible use thanks to large operating temperature range<\/li>\n<li>Safe detection due to large sensing range and low sensor tolerances<\/li>\n<li>Reduced storage due to wide range of applications<\/li>\n<\/ul>\n<h3><strong>Th\u00f4ng s\u1ed1 k\u0129 thu\u1eadt<\/strong><\/h3>\n<table class=\"pd-table table table-bordered mt-3\">\n<tbody>\n<tr>\n<th class=\"pd-table-h1\" colspan=\"2\">Product characteristics<\/th>\n<\/tr>\n<tr>\n<td>Electrical design<\/td>\n<td>PNP<\/td>\n<\/tr>\n<tr>\n<td>Output function<\/td>\n<td>normally open<\/td>\n<\/tr>\n<tr>\n<td>Sensing range [mm]<\/td>\n<td>4<\/td>\n<\/tr>\n<tr>\n<td>Housing<\/td>\n<td>threaded type<\/td>\n<\/tr>\n<tr>\n<td>Dimensions [mm]<\/td>\n<td>M12 x 1 \/ L = 60<\/td>\n<\/tr>\n<tr>\n<th class=\"pd-table-h1\" colspan=\"2\">Application<\/th>\n<\/tr>\n<tr>\n<td>Special feature<\/td>\n<td>Gold-plated contacts; Increased sensing range<\/td>\n<\/tr>\n<tr>\n<td>Application<\/td>\n<td>Industrial applications \/ factory automation<\/td>\n<\/tr>\n<tr>\n<th class=\"pd-table-h1\" colspan=\"2\">Electrical data<\/th>\n<\/tr>\n<tr>\n<td>Operating voltage [V]<\/td>\n<td>10\u202630 DC<\/td>\n<\/tr>\n<tr>\n<td>Current consumption [mA]<\/td>\n<td>&lt; 10<\/td>\n<\/tr>\n<tr>\n<td>Protection class<\/td>\n<td>III<\/td>\n<\/tr>\n<tr>\n<td>Reverse polarity protection<\/td>\n<td>yes<\/td>\n<\/tr>\n<tr>\n<th class=\"pd-table-h1\" colspan=\"2\">Outputs<\/th>\n<\/tr>\n<tr>\n<td>Electrical design<\/td>\n<td>PNP<\/td>\n<\/tr>\n<tr>\n<td>Output function<\/td>\n<td>normally open<\/td>\n<\/tr>\n<tr>\n<td>Max. voltage drop switching output DC [V]<\/td>\n<td>2.5<\/td>\n<\/tr>\n<tr>\n<td>Permanent current rating of switching output DC [mA]<\/td>\n<td>100<\/td>\n<\/tr>\n<tr>\n<td>Switching frequency DC [Hz]<\/td>\n<td>700<\/td>\n<\/tr>\n<tr>\n<td>Short-circuit protection<\/td>\n<td>yes<\/td>\n<\/tr>\n<tr>\n<td>Overload protection<\/td>\n<td>yes<\/td>\n<\/tr>\n<tr>\n<th class=\"pd-table-h1\" colspan=\"2\">Detection zone<\/th>\n<\/tr>\n<tr>\n<td>Sensing range [mm]<\/td>\n<td>4<\/td>\n<\/tr>\n<tr>\n<td>Real sensing range Sr [mm]<\/td>\n<td>4 \u00b1 10 %<\/td>\n<\/tr>\n<tr>\n<td>Operating distance [mm]<\/td>\n<td>0\u20263.24<\/td>\n<\/tr>\n<tr>\n<td>Increased sensing range<\/td>\n<td>yes<\/td>\n<\/tr>\n<tr>\n<th class=\"pd-table-h1\" colspan=\"2\">Accuracy \/ deviations<\/th>\n<\/tr>\n<tr>\n<td>Correction factor<\/td>\n<td>steel: 1 \/ stainless steel: 0.7 \/ brass: 0.5 \/ aluminium: 0.4 \/ copper: 0.3<\/td>\n<\/tr>\n<tr>\n<td>Hysteresis [% of Sr]<\/td>\n<td>3\u202615<\/td>\n<\/tr>\n<tr>\n<td>Switch point drift [% of Sr]<\/td>\n<td>-10\u202610<\/td>\n<\/tr>\n<tr>\n<th class=\"pd-table-h1\" colspan=\"2\">Operating conditions<\/th>\n<\/tr>\n<tr>\n<td>Ambient temperature [\u00b0C]<\/td>\n<td>-40\u202685<\/td>\n<\/tr>\n<tr>\n<td>Protection<\/td>\n<td>IP 65; IP 66; IP 67; IP 68; IP 69K<\/td>\n<\/tr>\n<\/tbody>\n<\/table>\n<\/div>\n<p>&nbsp;<\/p>\n<p>IFS211, IE5319, IEC211, IGC261<\/p>\n<p>IIT218, IGS244, GF711S, IGS287<\/p>\n<p>IFT203, IG5953, LR3000, ROP521<\/p>\n<p>&nbsp;<\/p>\n","protected":false},"excerpt":{"rendered":"<p>IFM IFS240 IFS240 Inductive sensor IFK3004BBPKG\/US-104 Suitable for industrial, mobile, cooling and lubricating applications High protection rating for the requirements of harsh industrial environments Flexible use thanks to large operating temperature range Safe detection due to large sensing range and low sensor tolerances Reduced storage due to wide range of&hellip; <\/p>\n","protected":false},"featured_media":3131,"comment_status":"open","ping_status":"closed","template":"","meta":[],"product_cat":[300],"product_tag":[88,166,165],"class_list":{"0":"post-3130","1":"product","2":"type-product","3":"status-publish","4":"has-post-thumbnail","6":"product_cat-ifm","7":"product_tag-cam-bien","8":"product_tag-dai-ly-ifm-viet-nam","9":"product_tag-ifm-viet-nam","11":"first","12":"instock","13":"shipping-taxable","14":"product-type-simple"},"yoast_head":"<!-- This site is optimized with the Yoast SEO plugin v22.8 - https:\/\/yoast.com\/wordpress\/plugins\/seo\/ -->\n<title>IFM IFS240 - OMANI VI\u1ec6T NAM<\/title>\n<meta name=\"description\" content=\"IFS240 Inductive sensor\" \/>\n<meta name=\"robots\" content=\"index, follow, max-snippet:-1, max-image-preview:large, max-video-preview:-1\" \/>\n<link rel=\"canonical\" href=\"https:\/\/omanivietnam.com\/index.php\/san-pham\/ifm-ifs240\/\" \/>\n<meta property=\"og:locale\" content=\"vi_VN\" \/>\n<meta property=\"og:type\" content=\"article\" \/>\n<meta property=\"og:title\" content=\"IFM IFS240 - OMANI VI\u1ec6T NAM\" \/>\n<meta property=\"og:description\" content=\"IFS240 Inductive sensor\" \/>\n<meta property=\"og:url\" content=\"https:\/\/omanivietnam.com\/index.php\/san-pham\/ifm-ifs240\/\" \/>\n<meta property=\"og:site_name\" content=\"OMANI VI\u1ec6T NAM\" \/>\n<meta property=\"article:modified_time\" content=\"2025-01-16T09:29:28+00:00\" \/>\n<meta property=\"og:image\" content=\"https:\/\/omanivietnam.com\/wp-content\/uploads\/2025\/01\/IFS240.png\" \/>\n\t<meta property=\"og:image:width\" content=\"525\" \/>\n\t<meta property=\"og:image:height\" content=\"561\" \/>\n\t<meta property=\"og:image:type\" content=\"image\/png\" \/>\n<meta name=\"twitter:card\" content=\"summary_large_image\" \/>\n<meta name=\"twitter:label1\" content=\"\u01af\u1edbc t\u00ednh th\u1eddi gian \u0111\u1ecdc\" \/>\n\t<meta name=\"twitter:data1\" content=\"2 ph\u00fat\" \/>\n<script type=\"application\/ld+json\" class=\"yoast-schema-graph\">{\"@context\":\"https:\/\/schema.org\",\"@graph\":[{\"@type\":\"WebPage\",\"@id\":\"https:\/\/omanivietnam.com\/index.php\/san-pham\/ifm-ifs240\/\",\"url\":\"https:\/\/omanivietnam.com\/index.php\/san-pham\/ifm-ifs240\/\",\"name\":\"IFM IFS240 - OMANI VI\u1ec6T NAM\",\"isPartOf\":{\"@id\":\"https:\/\/omanivietnam.com\/#website\"},\"primaryImageOfPage\":{\"@id\":\"https:\/\/omanivietnam.com\/index.php\/san-pham\/ifm-ifs240\/#primaryimage\"},\"image\":{\"@id\":\"https:\/\/omanivietnam.com\/index.php\/san-pham\/ifm-ifs240\/#primaryimage\"},\"thumbnailUrl\":\"https:\/\/omanivietnam.com\/wp-content\/uploads\/2025\/01\/IFS240.png\",\"datePublished\":\"2025-01-16T09:29:27+00:00\",\"dateModified\":\"2025-01-16T09:29:28+00:00\",\"description\":\"IFS240 Inductive sensor\",\"breadcrumb\":{\"@id\":\"https:\/\/omanivietnam.com\/index.php\/san-pham\/ifm-ifs240\/#breadcrumb\"},\"inLanguage\":\"vi\",\"potentialAction\":[{\"@type\":\"ReadAction\",\"target\":[\"https:\/\/omanivietnam.com\/index.php\/san-pham\/ifm-ifs240\/\"]}]},{\"@type\":\"ImageObject\",\"inLanguage\":\"vi\",\"@id\":\"https:\/\/omanivietnam.com\/index.php\/san-pham\/ifm-ifs240\/#primaryimage\",\"url\":\"https:\/\/omanivietnam.com\/wp-content\/uploads\/2025\/01\/IFS240.png\",\"contentUrl\":\"https:\/\/omanivietnam.com\/wp-content\/uploads\/2025\/01\/IFS240.png\",\"width\":525,\"height\":561},{\"@type\":\"BreadcrumbList\",\"@id\":\"https:\/\/omanivietnam.com\/index.php\/san-pham\/ifm-ifs240\/#breadcrumb\",\"itemListElement\":[{\"@type\":\"ListItem\",\"position\":1,\"name\":\"Home\",\"item\":\"https:\/\/omanivietnam.com\/\"},{\"@type\":\"ListItem\",\"position\":2,\"name\":\"S\u1ea2N PH\u1ea8M\",\"item\":\"https:\/\/omanivietnam.com\/index.php\/cua-hang\/\"},{\"@type\":\"ListItem\",\"position\":3,\"name\":\"IFM IFS240\"}]},{\"@type\":\"WebSite\",\"@id\":\"https:\/\/omanivietnam.com\/#website\",\"url\":\"https:\/\/omanivietnam.com\/\",\"name\":\"OMANI VI\u1ec6T NAM\",\"description\":\"Nh\u00e0 ph\u00e2n ph\u1ed1i thi\u1ebft b\u1ecb kh\u00ed n\u00e9n v\u00e0 thi\u1ebft b\u1ecb t\u1ef1 \u0111\u1ed9ng h\u00f3a trong c\u00f4ng nghi\u1ec7p\",\"publisher\":{\"@id\":\"https:\/\/omanivietnam.com\/#\/schema\/person\/0ad398a980dc3fd696111c2c5c8fa897\"},\"potentialAction\":[{\"@type\":\"SearchAction\",\"target\":{\"@type\":\"EntryPoint\",\"urlTemplate\":\"https:\/\/omanivietnam.com\/?s={search_term_string}\"},\"query-input\":\"required name=search_term_string\"}],\"inLanguage\":\"vi\"},{\"@type\":[\"Person\",\"Organization\"],\"@id\":\"https:\/\/omanivietnam.com\/#\/schema\/person\/0ad398a980dc3fd696111c2c5c8fa897\",\"name\":\"Nguy\u1ec5n V\u0103n Kh\u00e1nh\",\"image\":{\"@type\":\"ImageObject\",\"inLanguage\":\"vi\",\"@id\":\"https:\/\/omanivietnam.com\/#\/schema\/person\/image\/\",\"url\":\"https:\/\/omanivietnam.com\/wp-content\/uploads\/2024\/06\/logo-1024x1024.png\",\"contentUrl\":\"https:\/\/omanivietnam.com\/wp-content\/uploads\/2024\/06\/logo-1024x1024.png\",\"width\":1024,\"height\":1024,\"caption\":\"Nguy\u1ec5n V\u0103n Kh\u00e1nh\"},\"logo\":{\"@id\":\"https:\/\/omanivietnam.com\/#\/schema\/person\/image\/\"},\"sameAs\":[\"https:\/\/omanivietnam.com\"]}]}<\/script>\n<!-- \/ Yoast SEO plugin. -->","yoast_head_json":{"title":"IFM IFS240 - OMANI VI\u1ec6T NAM","description":"IFS240 Inductive sensor","robots":{"index":"index","follow":"follow","max-snippet":"max-snippet:-1","max-image-preview":"max-image-preview:large","max-video-preview":"max-video-preview:-1"},"canonical":"https:\/\/omanivietnam.com\/index.php\/san-pham\/ifm-ifs240\/","og_locale":"vi_VN","og_type":"article","og_title":"IFM IFS240 - OMANI VI\u1ec6T NAM","og_description":"IFS240 Inductive sensor","og_url":"https:\/\/omanivietnam.com\/index.php\/san-pham\/ifm-ifs240\/","og_site_name":"OMANI VI\u1ec6T NAM","article_modified_time":"2025-01-16T09:29:28+00:00","og_image":[{"width":525,"height":561,"url":"https:\/\/omanivietnam.com\/wp-content\/uploads\/2025\/01\/IFS240.png","type":"image\/png"}],"twitter_card":"summary_large_image","twitter_misc":{"\u01af\u1edbc t\u00ednh th\u1eddi gian \u0111\u1ecdc":"2 ph\u00fat"},"schema":{"@context":"https:\/\/schema.org","@graph":[{"@type":"WebPage","@id":"https:\/\/omanivietnam.com\/index.php\/san-pham\/ifm-ifs240\/","url":"https:\/\/omanivietnam.com\/index.php\/san-pham\/ifm-ifs240\/","name":"IFM IFS240 - OMANI VI\u1ec6T NAM","isPartOf":{"@id":"https:\/\/omanivietnam.com\/#website"},"primaryImageOfPage":{"@id":"https:\/\/omanivietnam.com\/index.php\/san-pham\/ifm-ifs240\/#primaryimage"},"image":{"@id":"https:\/\/omanivietnam.com\/index.php\/san-pham\/ifm-ifs240\/#primaryimage"},"thumbnailUrl":"https:\/\/omanivietnam.com\/wp-content\/uploads\/2025\/01\/IFS240.png","datePublished":"2025-01-16T09:29:27+00:00","dateModified":"2025-01-16T09:29:28+00:00","description":"IFS240 Inductive sensor","breadcrumb":{"@id":"https:\/\/omanivietnam.com\/index.php\/san-pham\/ifm-ifs240\/#breadcrumb"},"inLanguage":"vi","potentialAction":[{"@type":"ReadAction","target":["https:\/\/omanivietnam.com\/index.php\/san-pham\/ifm-ifs240\/"]}]},{"@type":"ImageObject","inLanguage":"vi","@id":"https:\/\/omanivietnam.com\/index.php\/san-pham\/ifm-ifs240\/#primaryimage","url":"https:\/\/omanivietnam.com\/wp-content\/uploads\/2025\/01\/IFS240.png","contentUrl":"https:\/\/omanivietnam.com\/wp-content\/uploads\/2025\/01\/IFS240.png","width":525,"height":561},{"@type":"BreadcrumbList","@id":"https:\/\/omanivietnam.com\/index.php\/san-pham\/ifm-ifs240\/#breadcrumb","itemListElement":[{"@type":"ListItem","position":1,"name":"Home","item":"https:\/\/omanivietnam.com\/"},{"@type":"ListItem","position":2,"name":"S\u1ea2N PH\u1ea8M","item":"https:\/\/omanivietnam.com\/index.php\/cua-hang\/"},{"@type":"ListItem","position":3,"name":"IFM IFS240"}]},{"@type":"WebSite","@id":"https:\/\/omanivietnam.com\/#website","url":"https:\/\/omanivietnam.com\/","name":"OMANI VI\u1ec6T NAM","description":"Nh\u00e0 ph\u00e2n ph\u1ed1i thi\u1ebft b\u1ecb kh\u00ed n\u00e9n v\u00e0 thi\u1ebft b\u1ecb t\u1ef1 \u0111\u1ed9ng h\u00f3a trong c\u00f4ng nghi\u1ec7p","publisher":{"@id":"https:\/\/omanivietnam.com\/#\/schema\/person\/0ad398a980dc3fd696111c2c5c8fa897"},"potentialAction":[{"@type":"SearchAction","target":{"@type":"EntryPoint","urlTemplate":"https:\/\/omanivietnam.com\/?s={search_term_string}"},"query-input":"required name=search_term_string"}],"inLanguage":"vi"},{"@type":["Person","Organization"],"@id":"https:\/\/omanivietnam.com\/#\/schema\/person\/0ad398a980dc3fd696111c2c5c8fa897","name":"Nguy\u1ec5n V\u0103n Kh\u00e1nh","image":{"@type":"ImageObject","inLanguage":"vi","@id":"https:\/\/omanivietnam.com\/#\/schema\/person\/image\/","url":"https:\/\/omanivietnam.com\/wp-content\/uploads\/2024\/06\/logo-1024x1024.png","contentUrl":"https:\/\/omanivietnam.com\/wp-content\/uploads\/2024\/06\/logo-1024x1024.png","width":1024,"height":1024,"caption":"Nguy\u1ec5n V\u0103n Kh\u00e1nh"},"logo":{"@id":"https:\/\/omanivietnam.com\/#\/schema\/person\/image\/"},"sameAs":["https:\/\/omanivietnam.com"]}]}},"_links":{"self":[{"href":"https:\/\/omanivietnam.com\/index.php\/wp-json\/wp\/v2\/product\/3130","targetHints":{"allow":["GET"]}}],"collection":[{"href":"https:\/\/omanivietnam.com\/index.php\/wp-json\/wp\/v2\/product"}],"about":[{"href":"https:\/\/omanivietnam.com\/index.php\/wp-json\/wp\/v2\/types\/product"}],"replies":[{"embeddable":true,"href":"https:\/\/omanivietnam.com\/index.php\/wp-json\/wp\/v2\/comments?post=3130"}],"wp:featuredmedia":[{"embeddable":true,"href":"https:\/\/omanivietnam.com\/index.php\/wp-json\/wp\/v2\/media\/3131"}],"wp:attachment":[{"href":"https:\/\/omanivietnam.com\/index.php\/wp-json\/wp\/v2\/media?parent=3130"}],"wp:term":[{"taxonomy":"product_cat","embeddable":true,"href":"https:\/\/omanivietnam.com\/index.php\/wp-json\/wp\/v2\/product_cat?post=3130"},{"taxonomy":"product_tag","embeddable":true,"href":"https:\/\/omanivietnam.com\/index.php\/wp-json\/wp\/v2\/product_tag?post=3130"}],"curies":[{"name":"wp","href":"https:\/\/api.w.org\/{rel}","templated":true}]}}