{"id":3143,"date":"2025-01-21T09:35:33","date_gmt":"2025-01-21T02:35:33","guid":{"rendered":"https:\/\/omanivietnam.com\/?post_type=product&#038;p=3143"},"modified":"2025-12-21T14:44:04","modified_gmt":"2025-12-21T07:44:04","slug":"panasonic-na2-n24","status":"publish","type":"product","link":"https:\/\/omanivietnam.com\/index.php\/san-pham\/panasonic-na2-n24\/","title":{"rendered":"PANASONIC NA2-N24"},"content":{"rendered":"<p>PANASONIC NA2-N24<\/p>\n<p>C\u1ea3m bi\u1ebfn an to\u00e0n NA2-N24 ( NA2-N24D, NA2-N24P ) lo\u1ea1i 24 tia<\/p>\n<h1><strong>C\u1ea3m bi\u1ebfn v\u00f9ng Panasonic 24 tia NA2-N24<\/strong><\/h1>\n<p>S\u00ea-ri NA2-N mang l\u1ea1i hi\u1ec7u su\u1ea5t c\u1ef1c k\u1ef3 cao trong c\u1ea3m bi\u1ebfn khu v\u1ef1c \u0111a n\u0103ng. Th\u00e2n m\u00e1y m\u1ecfng, ch\u1ec9 d\u00e0y 13 mm v\u00e0 r\u1ed9ng 30 mm, c\u00f3 th\u1ec3 \u0111\u01b0\u1ee3c l\u1eafp \u0111\u1eb7t \u1edf h\u1ea7u h\u1ebft m\u1ecdi n\u01a1i, gi\u00fap t\u0103ng \u0111\u00e1ng k\u1ec3 hi\u1ec7u qu\u1ea3 l\u1eadp k\u1ebf ho\u1ea1ch. V\u1edbi nhi\u1ec1u lo\u1ea1i c\u1ea3m bi\u1ebfn di\u1ec7n t\u00edch lo\u1ea1i v\u1ecf nh\u1ef1a m\u1ecfng, t\u1eeb chi\u1ec1u cao c\u1ea3m bi\u1ebfn 540mm (28 k\u00eanh ch\u00f9m tia) xu\u1ed1ng 140mm (8 k\u00eanh ch\u00f9m tia), b\u1ea1n c\u00f3 th\u1ec3 ch\u1ecdn k\u00edch th\u01b0\u1edbc ph\u00f9 h\u1ee3p nh\u1ea5t v\u1edbi m\u1ee5c \u0111\u00edch c\u1ee7a m\u00ecnh. \u0110\u1ec3 \u0111\u00e1p \u1ee9ng c\u00e1c ti\u00eau chu\u1ea9n th\u1ecb tr\u01b0\u1eddng to\u00e0n c\u1ea7u, c\u00e1c c\u1ea3m bi\u1ebfn n\u00e0y \u0111\u01b0\u1ee3c \u0111\u00e1nh d\u1ea5u CE, tu\u00e2n th\u1ee7 Ch\u1ec9 th\u1ecb EMC v\u00e0 hi\u1ec7n \u0111ang \u0111\u01b0\u1ee3c ch\u1ee9ng nh\u1eadn UL. Ngo\u00e0i ra, lo\u1ea1i \u0111\u1ea7u ra PNP c\u0169ng c\u00f3 s\u1eb5n. M\u1ee5c \u0111\u00edch chung &amp; c\u1ea3m bi\u1ebfn di\u1ec7n t\u00edch c\u01a1 th\u1ec3 m\u1ecfng n\u00e0y l\u00e0 c\u00e2u tr\u1ea3 l\u1eddi cho t\u1ea5t c\u1ea3 c\u00e1c nhu c\u1ea7u t\u1ea1i ch\u1ed7 c\u1ee7a b\u1ea1n. *Kh\u00f4ng th\u1ec3 s\u1eed d\u1ee5ng s\u00ea-ri NA2-N l\u00e0m c\u1ea3m bi\u1ebfn an to\u00e0n.<\/p>\n<h3><strong>\u0110\u1eb7c tr\u01b0ng:<\/strong><\/h3>\n<ul>\n<li>Chi\u1ec1u cao c\u1ea3m bi\u1ebfn, c\u00f3 s\u1eb5n 6 lo\u1ea1i (140 \u0111\u1ebfn 540mm)<\/li>\n<li>Ch\u1ed1ng nhi\u1ec5u khi l\u1eafp \u0111\u1eb7t song song<\/li>\n<li>M\u00f4 h\u00ecnh \u00e1nh s\u00e1ng c\u00f3 th\u1ec3 l\u1ef1a ch\u1ecdn<\/li>\n<li>T\u1ed1c \u0111\u1ed9 ph\u1ea3n h\u1ed3i t\u1ed1c \u0111\u1ed9 cao (10ms tr\u1edf xu\u1ed1ng)<\/li>\n<li>Lo\u1ea1i NPN v\u00e0 PNP c\u00f3 s\u1eb5n<\/li>\n<li>Th\u00e2n m\u00e1y m\u1ecfng (d\u00e0y 13mm v\u00e0 r\u1ed9ng 30mm)<\/li>\n<li>Ch\u1ec9 b\u00e1o c\u00f4ng vi\u1ec7c r\u1ed9ng c\u00f3 th\u1ec3 nh\u00ecn th\u1ea5y r\u00f5 r\u00e0ng<\/li>\n<\/ul>\n<h3><strong>Ph\u1ee5 ki\u1ec7n:<\/strong><\/h3>\n<ul>\n<li>Gi\u00e1 \u0111\u1ee1 b\u1ea3o v\u1ec7 c\u1ea3m bi\u1ebfn<\/li>\n<li>M\u1eb7t n\u1ea1 khe<\/li>\n<li>C\u00e1p n\u1ed1i 3m<\/li>\n<li>Gi\u00e1 \u0111\u1ee1 c\u1ea3m bi\u1ebfn<\/li>\n<\/ul>\n<h3><strong>\u1ee8ng d\u1ee5ng<\/strong><\/h3>\n<ul>\n<li>Ph\u00e1t hi\u1ec7n c\u00e1c v\u1eadt th\u1ec3 r\u01a1i c\u00f3 \u0111\u01b0\u1eddng \u0111i kh\u00f4ng ch\u1eafc ch\u1eafn<\/li>\n<li>Ph\u00e1t hi\u1ec7n \u0111\u1ed9 v\u00f5ng<\/li>\n<li>Ng\u0103n ch\u1eb7n ch\u1ecdn sai b\u1ed9 ph\u1eadn<\/li>\n<\/ul>\n<p>NA2-N8, NA2-N12, NA2-N16, NA2-N20, NA2-N24, NA2-N28<\/p>\n<h2 id=\"spec\">Spec Detail<\/h2>\n<div class=\"bl_parts_change_notion\">Specifications and design of the products are subject to change without notice for the product improvement.<\/div>\n<div class=\"bl_table_wrapper scroll-hint\">\n<table class=\"el_parts_table el_parts_table-column2\">\n<thead>\n<tr>\n<th>Item<\/th>\n<th>Specifications<\/th>\n<\/tr>\n<\/thead>\n<tbody>\n<tr>\n<th>Product Number<\/th>\n<td>NA2-N24<\/td>\n<\/tr>\n<tr>\n<th>Part Number<\/th>\n<td>NA2-N24<\/td>\n<\/tr>\n<tr>\n<th>Products Name<\/th>\n<td>General Purpose &amp; Slim Body Area Sensor<\/td>\n<\/tr>\n<tr>\n<th>Product details<\/th>\n<td>NPN output<\/td>\n<\/tr>\n<tr>\n<th>The price of the product<\/th>\n<td>Please contact our office<\/td>\n<\/tr>\n<tr>\n<th>Sensing height<\/th>\n<td>460 mm 18.110 in<\/td>\n<\/tr>\n<tr>\n<th>Sensing range<\/th>\n<td>5 m 16.404 ft<\/td>\n<\/tr>\n<tr>\n<th>Beam pitch<\/th>\n<td>20 mm 0.787 in<\/td>\n<\/tr>\n<tr>\n<th>Sensing object<\/th>\n<td>dia. 30 mm dia. 1.181 in or more opaque object (completely beam interrupted objects)<\/td>\n<\/tr>\n<tr>\n<th>Supply voltage<\/th>\n<td>12 to 24 V DC plus or minus 10 % Ripple P-P 10 % or less<\/td>\n<\/tr>\n<tr>\n<th>Power consumption:Emitter:Job indicator ON<\/th>\n<td>1.1 W or less<\/td>\n<\/tr>\n<tr>\n<th>Power consumption:Emitter:Job indicator OFF<\/th>\n<td>1.0 W or less<\/td>\n<\/tr>\n<tr>\n<th>Power consumption:Receiver:Job indicator ON<\/th>\n<td>1.1 W or less<\/td>\n<\/tr>\n<tr>\n<th>Power consumption:Receiver:Job indicator OFF<\/th>\n<td>1.0 W or less<\/td>\n<\/tr>\n<tr>\n<th>Output<\/th>\n<td>NPN open-collector transistor<br \/>\n&#8211; Maximum sink current: 100 mA<br \/>\n&#8211; Applied voltage: 30 V DC or less (between output and 0 V)<br \/>\n&#8211; Residual voltage: 2 V or less (at 100 mA sink current), 1 V or less (at 16 mA sink current)<\/td>\n<\/tr>\n<tr>\n<th>Output:Utilization category<\/th>\n<td>DC-12 or DC-13<\/td>\n<\/tr>\n<tr>\n<th>Output:Output operation<\/th>\n<td>ON when all beam channels are received (OFF when one or more beam channels are interrupted)<\/td>\n<\/tr>\n<tr>\n<th>Output:Short-circuit protection<\/th>\n<td>Incorporated<\/td>\n<\/tr>\n<tr>\n<th>Response time<\/th>\n<td>10 ms or less (12 ms or less when the interference prevention function is used)<\/td>\n<\/tr>\n<tr>\n<th>Indicators:Emitter<\/th>\n<td>Emitting indicator: Green LED x 2 (light up during emission; one LED lights up for Frequency A setting, both LEDs light up for Frequency B setting)<br \/>\nJob indicator: Red LED (lights up, blinks or lights off when the job indicator input is applied, selected by operation mode switch)<\/td>\n<\/tr>\n<tr>\n<th>Indicators:Receiver<\/th>\n<td>Operation indicator: Red LED (lights up when one or more beam channels are interrupted)<br \/>\nStable incident beam indicator: Green LED (lights up when all beam channels are stably received)<br \/>\nJob indicator: Red LED (lights up, blinks or lights off when the job indicator input is applied, selected by operation mode switch)<br \/>\n* When an excess current flows through the output, the stable incident beam indicator and the operation indicator on the receiver blink simultaneously due to operation of the short-circuit protection circuit.<\/td>\n<\/tr>\n<tr>\n<th>Interference prevention function<\/th>\n<td>Incorporated<\/td>\n<\/tr>\n<tr>\n<th>Test input (emission halt) function<\/th>\n<td>Incorporated<\/td>\n<\/tr>\n<tr>\n<th>Pollution degree<\/th>\n<td>3 (Industrial environment)<\/td>\n<\/tr>\n<tr>\n<th>Protection<\/th>\n<td>IP40(IEC)<\/td>\n<\/tr>\n<tr>\n<th>Ambient temperature<\/th>\n<td>-10 to +55 degrees +14 to +131 degrees Fahrenheit (No dew condensation or icing allowed), Storage: -10 to +60 degrees +14 to +140 degrees Fahrenheit<\/td>\n<\/tr>\n<tr>\n<th>Ambient humidity<\/th>\n<td>35 to 85 % RH, Storage: 35 to 85 % RH<\/td>\n<\/tr>\n<tr>\n<th>Ambient illuminance<\/th>\n<td>Incandescent light: 3,000 lx or less at the light-receiving face<\/td>\n<\/tr>\n<tr>\n<th>Voltage withstandability<\/th>\n<td>1,000 V AC for one min. between all supply terminals connected together and enclosure<\/td>\n<\/tr>\n<tr>\n<th>Insulation resistance<\/th>\n<td>20 MOhm , or more, with 250 V DC megger between all supply terminals connected together and enclosure<\/td>\n<\/tr>\n<tr>\n<th>Vibration resistance<\/th>\n<td>10 to 150 Hz frequency, 0.75 mm\u00a0<span class=\"inch\">0.030 in<\/span>\u00a0double amplitude in X, Y and Z directions for two hours each<\/td>\n<\/tr>\n<tr>\n<th>Shock resistance<\/th>\n<td>500 m\/s<sup>2<\/sup>\u00a0acceleration (50 G approx.) in X, Y and Z directions three times each<\/td>\n<\/tr>\n<tr>\n<th>Emitting element<\/th>\n<td>Infrared LED (Peak emission wavelength: 870 nm\u00a0<span class=\"inch\">0.034 mil<\/span>, modulated) (Note\uff1aPeak emission wavelength has been changed from production in March, 2017.)<\/td>\n<\/tr>\n<tr>\n<th>Material<\/th>\n<td>Enclosure: Heat-resistant ABS<br \/>\nLens cover: Polyester<br \/>\nIndicator cover: Acrylic<\/td>\n<\/tr>\n<tr>\n<th>Cable<\/th>\n<td>0.2 mm2 4-core cabtyre cable, 3 m 9.843 ft long<\/td>\n<\/tr>\n<tr>\n<th>Cable extension<\/th>\n<td>Extension up to total 25 m 82.021 ft is possible for both emitter and receiver, with 0.2 mm2, or more, cable.<\/td>\n<\/tr>\n<tr>\n<th>Weight(Total weight of emitter and receiver)<\/th>\n<td>Net weight: 570 g approx.<br \/>\nGross weight: 750 g approx.<\/td>\n<\/tr>\n<\/tbody>\n<\/table>\n<p>C\u00e1c s\u1ea3n ph\u1ea9m th\u00f4ng d\u1ee5ng c\u00f9ng lo\u1ea1i:<br \/>\nC\u1ea3m bi\u1ebfn an to\u00e0n NA1-5 ( NA1-5D, NA1-5P )<br \/>\nC\u1ea3m bi\u1ebfn an to\u00e0n NA1-PK5 ( NA1-PK5D, NA1-PK5P )<br \/>\nC\u1ea3m bi\u1ebfn an to\u00e0n NA1-11 ( NA1-11D, NA1-11P )<br \/>\nC\u1ea3m bi\u1ebfn an to\u00e0n NA2-N8 ( NA2-N8D, NA2-N8P )<br \/>\nC\u1ea3m bi\u1ebfn an to\u00e0n NA2-N12 ( NA2-N12D, NA2-N12P )<br \/>\nC\u1ea3m bi\u1ebfn an to\u00e0n NA2-N16 ( NA2-N16D, NA2-N16P )<br \/>\nC\u1ea3m bi\u1ebfn an to\u00e0n\u00a0NA2-N20 ( NA2-N20D, NA2-N20P )<\/p>\n<\/div>\n","protected":false},"excerpt":{"rendered":"<p>PANASONIC NA2-N24 C\u1ea3m bi\u1ebfn an to\u00e0n NA2-N24 ( NA2-N24D, NA2-N24P ) lo\u1ea1i 24 tia C\u1ea3m bi\u1ebfn v\u00f9ng Panasonic 24 tia NA2-N24 S\u00ea-ri NA2-N mang l\u1ea1i hi\u1ec7u su\u1ea5t c\u1ef1c k\u1ef3 cao trong c\u1ea3m bi\u1ebfn khu v\u1ef1c \u0111a n\u0103ng. Th\u00e2n m\u00e1y m\u1ecfng, ch\u1ec9 d\u00e0y 13 mm v\u00e0 r\u1ed9ng 30 mm, c\u00f3 th\u1ec3&hellip; <\/p>\n","protected":false},"featured_media":3144,"comment_status":"open","ping_status":"closed","template":"","meta":[],"product_cat":[298],"product_tag":[88,86,87],"class_list":{"0":"post-3143","1":"product","2":"type-product","3":"status-publish","4":"has-post-thumbnail","6":"product_cat-panasonic","7":"product_tag-cam-bien","8":"product_tag-dai-ly-panasonic-viet-nam","9":"product_tag-panasonic-viet-nam","11":"first","12":"instock","13":"shipping-taxable","14":"product-type-simple"},"yoast_head":"<!-- This site is optimized with the Yoast SEO plugin v22.8 - https:\/\/yoast.com\/wordpress\/plugins\/seo\/ -->\n<title>PANASONIC NA2-N24 - OMANI VI\u1ec6T NAM<\/title>\n<meta name=\"description\" content=\"PANASONIC NA2-N24 sensor\" \/>\n<meta name=\"robots\" content=\"index, follow, max-snippet:-1, max-image-preview:large, max-video-preview:-1\" \/>\n<link rel=\"canonical\" href=\"https:\/\/omanivietnam.com\/index.php\/san-pham\/panasonic-na2-n24\/\" \/>\n<meta property=\"og:locale\" content=\"vi_VN\" \/>\n<meta property=\"og:type\" content=\"article\" \/>\n<meta property=\"og:title\" content=\"PANASONIC NA2-N24 - OMANI VI\u1ec6T NAM\" \/>\n<meta property=\"og:description\" content=\"PANASONIC NA2-N24 sensor\" \/>\n<meta property=\"og:url\" content=\"https:\/\/omanivietnam.com\/index.php\/san-pham\/panasonic-na2-n24\/\" \/>\n<meta property=\"og:site_name\" content=\"OMANI VI\u1ec6T NAM\" \/>\n<meta property=\"article:modified_time\" content=\"2025-12-21T07:44:04+00:00\" \/>\n<meta property=\"og:image\" content=\"https:\/\/omanivietnam.com\/wp-content\/uploads\/2025\/01\/NA2-N24.png\" \/>\n\t<meta property=\"og:image:width\" content=\"671\" \/>\n\t<meta property=\"og:image:height\" content=\"461\" \/>\n\t<meta property=\"og:image:type\" content=\"image\/png\" \/>\n<meta name=\"twitter:card\" content=\"summary_large_image\" \/>\n<meta name=\"twitter:label1\" content=\"\u01af\u1edbc t\u00ednh th\u1eddi gian \u0111\u1ecdc\" \/>\n\t<meta name=\"twitter:data1\" content=\"6 ph\u00fat\" \/>\n<script type=\"application\/ld+json\" class=\"yoast-schema-graph\">{\"@context\":\"https:\/\/schema.org\",\"@graph\":[{\"@type\":\"WebPage\",\"@id\":\"https:\/\/omanivietnam.com\/index.php\/san-pham\/panasonic-na2-n24\/\",\"url\":\"https:\/\/omanivietnam.com\/index.php\/san-pham\/panasonic-na2-n24\/\",\"name\":\"PANASONIC NA2-N24 - OMANI VI\u1ec6T NAM\",\"isPartOf\":{\"@id\":\"https:\/\/omanivietnam.com\/#website\"},\"primaryImageOfPage\":{\"@id\":\"https:\/\/omanivietnam.com\/index.php\/san-pham\/panasonic-na2-n24\/#primaryimage\"},\"image\":{\"@id\":\"https:\/\/omanivietnam.com\/index.php\/san-pham\/panasonic-na2-n24\/#primaryimage\"},\"thumbnailUrl\":\"https:\/\/omanivietnam.com\/wp-content\/uploads\/2025\/01\/NA2-N24.png\",\"datePublished\":\"2025-01-21T02:35:33+00:00\",\"dateModified\":\"2025-12-21T07:44:04+00:00\",\"description\":\"PANASONIC NA2-N24 sensor\",\"breadcrumb\":{\"@id\":\"https:\/\/omanivietnam.com\/index.php\/san-pham\/panasonic-na2-n24\/#breadcrumb\"},\"inLanguage\":\"vi\",\"potentialAction\":[{\"@type\":\"ReadAction\",\"target\":[\"https:\/\/omanivietnam.com\/index.php\/san-pham\/panasonic-na2-n24\/\"]}]},{\"@type\":\"ImageObject\",\"inLanguage\":\"vi\",\"@id\":\"https:\/\/omanivietnam.com\/index.php\/san-pham\/panasonic-na2-n24\/#primaryimage\",\"url\":\"https:\/\/omanivietnam.com\/wp-content\/uploads\/2025\/01\/NA2-N24.png\",\"contentUrl\":\"https:\/\/omanivietnam.com\/wp-content\/uploads\/2025\/01\/NA2-N24.png\",\"width\":671,\"height\":461},{\"@type\":\"BreadcrumbList\",\"@id\":\"https:\/\/omanivietnam.com\/index.php\/san-pham\/panasonic-na2-n24\/#breadcrumb\",\"itemListElement\":[{\"@type\":\"ListItem\",\"position\":1,\"name\":\"Home\",\"item\":\"https:\/\/omanivietnam.com\/\"},{\"@type\":\"ListItem\",\"position\":2,\"name\":\"S\u1ea2N PH\u1ea8M\",\"item\":\"https:\/\/omanivietnam.com\/index.php\/cua-hang\/\"},{\"@type\":\"ListItem\",\"position\":3,\"name\":\"PANASONIC NA2-N24\"}]},{\"@type\":\"WebSite\",\"@id\":\"https:\/\/omanivietnam.com\/#website\",\"url\":\"https:\/\/omanivietnam.com\/\",\"name\":\"OMANI VI\u1ec6T NAM\",\"description\":\"Nh\u00e0 ph\u00e2n ph\u1ed1i thi\u1ebft b\u1ecb kh\u00ed n\u00e9n v\u00e0 thi\u1ebft b\u1ecb t\u1ef1 \u0111\u1ed9ng h\u00f3a trong c\u00f4ng nghi\u1ec7p\",\"publisher\":{\"@id\":\"https:\/\/omanivietnam.com\/#\/schema\/person\/0ad398a980dc3fd696111c2c5c8fa897\"},\"potentialAction\":[{\"@type\":\"SearchAction\",\"target\":{\"@type\":\"EntryPoint\",\"urlTemplate\":\"https:\/\/omanivietnam.com\/?s={search_term_string}\"},\"query-input\":\"required name=search_term_string\"}],\"inLanguage\":\"vi\"},{\"@type\":[\"Person\",\"Organization\"],\"@id\":\"https:\/\/omanivietnam.com\/#\/schema\/person\/0ad398a980dc3fd696111c2c5c8fa897\",\"name\":\"Nguy\u1ec5n V\u0103n Kh\u00e1nh\",\"image\":{\"@type\":\"ImageObject\",\"inLanguage\":\"vi\",\"@id\":\"https:\/\/omanivietnam.com\/#\/schema\/person\/image\/\",\"url\":\"https:\/\/omanivietnam.com\/wp-content\/uploads\/2024\/06\/logo-1024x1024.png\",\"contentUrl\":\"https:\/\/omanivietnam.com\/wp-content\/uploads\/2024\/06\/logo-1024x1024.png\",\"width\":1024,\"height\":1024,\"caption\":\"Nguy\u1ec5n V\u0103n Kh\u00e1nh\"},\"logo\":{\"@id\":\"https:\/\/omanivietnam.com\/#\/schema\/person\/image\/\"},\"sameAs\":[\"https:\/\/omanivietnam.com\"]}]}<\/script>\n<!-- \/ Yoast SEO plugin. -->","yoast_head_json":{"title":"PANASONIC NA2-N24 - OMANI VI\u1ec6T NAM","description":"PANASONIC NA2-N24 sensor","robots":{"index":"index","follow":"follow","max-snippet":"max-snippet:-1","max-image-preview":"max-image-preview:large","max-video-preview":"max-video-preview:-1"},"canonical":"https:\/\/omanivietnam.com\/index.php\/san-pham\/panasonic-na2-n24\/","og_locale":"vi_VN","og_type":"article","og_title":"PANASONIC NA2-N24 - OMANI VI\u1ec6T NAM","og_description":"PANASONIC NA2-N24 sensor","og_url":"https:\/\/omanivietnam.com\/index.php\/san-pham\/panasonic-na2-n24\/","og_site_name":"OMANI VI\u1ec6T NAM","article_modified_time":"2025-12-21T07:44:04+00:00","og_image":[{"width":671,"height":461,"url":"https:\/\/omanivietnam.com\/wp-content\/uploads\/2025\/01\/NA2-N24.png","type":"image\/png"}],"twitter_card":"summary_large_image","twitter_misc":{"\u01af\u1edbc t\u00ednh th\u1eddi gian \u0111\u1ecdc":"6 ph\u00fat"},"schema":{"@context":"https:\/\/schema.org","@graph":[{"@type":"WebPage","@id":"https:\/\/omanivietnam.com\/index.php\/san-pham\/panasonic-na2-n24\/","url":"https:\/\/omanivietnam.com\/index.php\/san-pham\/panasonic-na2-n24\/","name":"PANASONIC NA2-N24 - OMANI VI\u1ec6T NAM","isPartOf":{"@id":"https:\/\/omanivietnam.com\/#website"},"primaryImageOfPage":{"@id":"https:\/\/omanivietnam.com\/index.php\/san-pham\/panasonic-na2-n24\/#primaryimage"},"image":{"@id":"https:\/\/omanivietnam.com\/index.php\/san-pham\/panasonic-na2-n24\/#primaryimage"},"thumbnailUrl":"https:\/\/omanivietnam.com\/wp-content\/uploads\/2025\/01\/NA2-N24.png","datePublished":"2025-01-21T02:35:33+00:00","dateModified":"2025-12-21T07:44:04+00:00","description":"PANASONIC NA2-N24 sensor","breadcrumb":{"@id":"https:\/\/omanivietnam.com\/index.php\/san-pham\/panasonic-na2-n24\/#breadcrumb"},"inLanguage":"vi","potentialAction":[{"@type":"ReadAction","target":["https:\/\/omanivietnam.com\/index.php\/san-pham\/panasonic-na2-n24\/"]}]},{"@type":"ImageObject","inLanguage":"vi","@id":"https:\/\/omanivietnam.com\/index.php\/san-pham\/panasonic-na2-n24\/#primaryimage","url":"https:\/\/omanivietnam.com\/wp-content\/uploads\/2025\/01\/NA2-N24.png","contentUrl":"https:\/\/omanivietnam.com\/wp-content\/uploads\/2025\/01\/NA2-N24.png","width":671,"height":461},{"@type":"BreadcrumbList","@id":"https:\/\/omanivietnam.com\/index.php\/san-pham\/panasonic-na2-n24\/#breadcrumb","itemListElement":[{"@type":"ListItem","position":1,"name":"Home","item":"https:\/\/omanivietnam.com\/"},{"@type":"ListItem","position":2,"name":"S\u1ea2N PH\u1ea8M","item":"https:\/\/omanivietnam.com\/index.php\/cua-hang\/"},{"@type":"ListItem","position":3,"name":"PANASONIC NA2-N24"}]},{"@type":"WebSite","@id":"https:\/\/omanivietnam.com\/#website","url":"https:\/\/omanivietnam.com\/","name":"OMANI VI\u1ec6T NAM","description":"Nh\u00e0 ph\u00e2n ph\u1ed1i thi\u1ebft b\u1ecb kh\u00ed n\u00e9n v\u00e0 thi\u1ebft b\u1ecb t\u1ef1 \u0111\u1ed9ng h\u00f3a trong c\u00f4ng nghi\u1ec7p","publisher":{"@id":"https:\/\/omanivietnam.com\/#\/schema\/person\/0ad398a980dc3fd696111c2c5c8fa897"},"potentialAction":[{"@type":"SearchAction","target":{"@type":"EntryPoint","urlTemplate":"https:\/\/omanivietnam.com\/?s={search_term_string}"},"query-input":"required name=search_term_string"}],"inLanguage":"vi"},{"@type":["Person","Organization"],"@id":"https:\/\/omanivietnam.com\/#\/schema\/person\/0ad398a980dc3fd696111c2c5c8fa897","name":"Nguy\u1ec5n V\u0103n Kh\u00e1nh","image":{"@type":"ImageObject","inLanguage":"vi","@id":"https:\/\/omanivietnam.com\/#\/schema\/person\/image\/","url":"https:\/\/omanivietnam.com\/wp-content\/uploads\/2024\/06\/logo-1024x1024.png","contentUrl":"https:\/\/omanivietnam.com\/wp-content\/uploads\/2024\/06\/logo-1024x1024.png","width":1024,"height":1024,"caption":"Nguy\u1ec5n V\u0103n Kh\u00e1nh"},"logo":{"@id":"https:\/\/omanivietnam.com\/#\/schema\/person\/image\/"},"sameAs":["https:\/\/omanivietnam.com"]}]}},"_links":{"self":[{"href":"https:\/\/omanivietnam.com\/index.php\/wp-json\/wp\/v2\/product\/3143","targetHints":{"allow":["GET"]}}],"collection":[{"href":"https:\/\/omanivietnam.com\/index.php\/wp-json\/wp\/v2\/product"}],"about":[{"href":"https:\/\/omanivietnam.com\/index.php\/wp-json\/wp\/v2\/types\/product"}],"replies":[{"embeddable":true,"href":"https:\/\/omanivietnam.com\/index.php\/wp-json\/wp\/v2\/comments?post=3143"}],"wp:featuredmedia":[{"embeddable":true,"href":"https:\/\/omanivietnam.com\/index.php\/wp-json\/wp\/v2\/media\/3144"}],"wp:attachment":[{"href":"https:\/\/omanivietnam.com\/index.php\/wp-json\/wp\/v2\/media?parent=3143"}],"wp:term":[{"taxonomy":"product_cat","embeddable":true,"href":"https:\/\/omanivietnam.com\/index.php\/wp-json\/wp\/v2\/product_cat?post=3143"},{"taxonomy":"product_tag","embeddable":true,"href":"https:\/\/omanivietnam.com\/index.php\/wp-json\/wp\/v2\/product_tag?post=3143"}],"curies":[{"name":"wp","href":"https:\/\/api.w.org\/{rel}","templated":true}]}}